{"id":22381,"date":"2022-08-07T17:25:17","date_gmt":"2022-08-07T17:25:17","guid":{"rendered":"https:\/\/mythslegendes.com\/?page_id=22381"},"modified":"2022-08-07T17:29:56","modified_gmt":"2022-08-07T17:29:56","slug":"anansi-obtient-les-histoires-du-dieu-du-ciel","status":"publish","type":"page","link":"https:\/\/mythslegendes.com\/es\/mitologia-akan\/anansi-obtiene-las-historias-del-dios-del-cielo\/","title":{"rendered":"Anansi obtiene las Historias del Dios del Cielo"},"content":{"rendered":"<div data-elementor-type=\"wp-page\" data-elementor-id=\"22381\" class=\"elementor elementor-22381\">\n\t\t\t\t\t\t<section class=\"elementor-section elementor-top-section elementor-element elementor-element-e46d605 elementor-section-boxed elementor-section-height-default elementor-section-height-default\" data-id=\"e46d605\" data-element_type=\"section\" data-e-type=\"section\">\n\t\t\t\t\t\t<div class=\"elementor-container elementor-column-gap-default\">\n\t\t\t\t\t<div class=\"elementor-column elementor-col-50 elementor-top-column elementor-element elementor-element-f50eac0\" data-id=\"f50eac0\" data-element_type=\"column\" data-e-type=\"column\">\n\t\t\t<div class=\"elementor-widget-wrap elementor-element-populated\">\n\t\t\t\t\t\t<div class=\"elementor-element elementor-element-ee087ff elementor-align-justify elementor-widget elementor-widget-button\" data-id=\"ee087ff\" data-element_type=\"widget\" data-e-type=\"widget\" data-widget_type=\"button.default\">\n\t\t\t\t<div class=\"elementor-widget-container\">\n\t\t\t\t\t\t\t\t\t<div class=\"elementor-button-wrapper\">\n\t\t\t\t\t<a class=\"elementor-button elementor-button-link elementor-size-sm\" href=\"https:\/\/mythslegendes.com\/es\/mitologia-akan\/\">\n\t\t\t\t\t\t<span class=\"elementor-button-content-wrapper\">\n\t\t\t\t\t\t\t\t\t<span class=\"elementor-button-text\">Mitolog\u00eda Akan<\/span>\n\t\t\t\t\t<\/span>\n\t\t\t\t\t<\/a>\n\t\t\t\t<\/div>\n\t\t\t\t\t\t\t\t<\/div>\n\t\t\t\t<\/div>\n\t\t\t\t\t<\/div>\n\t\t<\/div>\n\t\t\t\t<div class=\"elementor-column elementor-col-50 elementor-top-column elementor-element elementor-element-c59cbda\" data-id=\"c59cbda\" data-element_type=\"column\" data-e-type=\"column\">\n\t\t\t<div class=\"elementor-widget-wrap elementor-element-populated\">\n\t\t\t\t\t\t<div class=\"elementor-element elementor-element-9b26e21 elementor-align-justify elementor-widget elementor-widget-button\" data-id=\"9b26e21\" data-element_type=\"widget\" data-e-type=\"widget\" data-widget_type=\"button.default\">\n\t\t\t\t<div class=\"elementor-widget-container\">\n\t\t\t\t\t\t\t\t\t<div class=\"elementor-button-wrapper\">\n\t\t\t\t\t<a class=\"elementor-button elementor-button-link elementor-size-sm\" href=\"https:\/\/wilderutopia.com\/traditions\/myth\/ashanti-of-ghana-how-spider-obtained-the-sky-gods-stories\/\" target=\"_blank\" rel=\"noopener\">\n\t\t\t\t\t\t<span class=\"elementor-button-content-wrapper\">\n\t\t\t\t\t\t\t\t\t<span class=\"elementor-button-text\">Wiki<\/span>\n\t\t\t\t\t<\/span>\n\t\t\t\t\t<\/a>\n\t\t\t\t<\/div>\n\t\t\t\t\t\t\t\t<\/div>\n\t\t\t\t<\/div>\n\t\t\t\t\t<\/div>\n\t\t<\/div>\n\t\t\t\t\t<\/div>\n\t\t<\/section>\n\t\t\t\t<section class=\"elementor-section elementor-top-section elementor-element elementor-element-aec231e elementor-section-boxed elementor-section-height-default elementor-section-height-default\" data-id=\"aec231e\" data-element_type=\"section\" data-e-type=\"section\">\n\t\t\t\t\t\t<div class=\"elementor-container elementor-column-gap-default\">\n\t\t\t\t\t<div class=\"elementor-column elementor-col-100 elementor-top-column elementor-element elementor-element-d490977\" data-id=\"d490977\" data-element_type=\"column\" data-e-type=\"column\">\n\t\t\t<div class=\"elementor-widget-wrap elementor-element-populated\">\n\t\t\t\t\t\t<div class=\"elementor-element elementor-element-6c2c862 elementor-widget elementor-widget-text-editor\" data-id=\"6c2c862\" data-element_type=\"widget\" data-e-type=\"widget\" data-widget_type=\"text-editor.default\">\n\t\t\t\t<div class=\"elementor-widget-container\">\n\t\t\t\t\t\t\t\t\t<p>Aqu\u00ed est\u00e1 la historia: Anansi obtiene las historias del dios del cielo.<\/p><p>Anansi, el embaucador de los cuentos populares Ashanti de \u00c1frica Occidental, toma la forma de una ara\u00f1a que acude al dios del cielo para comprar sus historias y compartirlas con el mundo. Las historias de Anansi se volver\u00edan populares en toda la di\u00e1spora africana en todo el Caribe y el sur de Estados Unidos. A continuaci\u00f3n se muestra una historia animada titulada &quot;Anansi y la historia del Dios del cielo&quot;.<\/p><p><img decoding=\"async\" class=\"alignnone wp-image-9347 size-full\" src=\"http:\/\/mythslegendes.com\/wp-content\/uploads\/2020\/09\/cropped-AlphaOmega-e1602613368367.png\" alt=\"Anansi obtiene las Historias del Dios del Cielo\" width=\"25\" height=\"25\" title=\"\"><\/p>\t\t\t\t\t\t\t\t<\/div>\n\t\t\t\t<\/div>\n\t\t\t\t\t<\/div>\n\t\t<\/div>\n\t\t\t\t\t<\/div>\n\t\t<\/section>\n\t\t\t\t<section class=\"elementor-section elementor-top-section elementor-element elementor-element-239c36f elementor-section-boxed elementor-section-height-default elementor-section-height-default\" data-id=\"239c36f\" data-element_type=\"section\" data-e-type=\"section\">\n\t\t\t\t\t\t<div class=\"elementor-container elementor-column-gap-default\">\n\t\t\t\t\t<div class=\"elementor-column elementor-col-100 elementor-top-column elementor-element elementor-element-dd86779\" data-id=\"dd86779\" data-element_type=\"column\" data-e-type=\"column\">\n\t\t\t<div class=\"elementor-widget-wrap elementor-element-populated\">\n\t\t\t\t\t\t<div class=\"elementor-element elementor-element-be79308 elementor-widget elementor-widget-heading\" data-id=\"be79308\" data-element_type=\"widget\" data-e-type=\"widget\" data-widget_type=\"heading.default\">\n\t\t\t\t<div class=\"elementor-widget-container\">\n\t\t\t\t\t<div id=\"ez-toc-container\" class=\"ez-toc-v2_0_82_2 counter-hierarchy ez-toc-counter ez-toc-grey ez-toc-container-direction\">\n<div class=\"ez-toc-title-container\">\n<p class=\"ez-toc-title\" style=\"cursor:inherit\">Contenido<\/p>\n<span class=\"ez-toc-title-toggle\"><a href=\"#\" class=\"ez-toc-pull-right ez-toc-btn ez-toc-btn-xs ez-toc-btn-default ez-toc-toggle\" aria-label=\"Alternar tabla de contenidos\"><span class=\"ez-toc-js-icon-con\"><span class=\"\"><span class=\"eztoc-hide\" style=\"display:none;\">Palanca<\/span><span class=\"ez-toc-icon-toggle-span\"><svg style=\"fill: #999;color:#999\" xmlns=\"http:\/\/www.w3.org\/2000\/svg\" class=\"list-377408\" width=\"20px\" height=\"20px\" viewbox=\"0 0 24 24\" fill=\"none\"><path d=\"M6 6H4v2h2V6zm14 0H8v2h12V6zM4 11h2v2H4v-2zm16 0H8v2h12v-2zM4 16h2v2H4v-2zm16 0H8v2h12v-2z\" fill=\"currentColor\"><\/path><\/svg><svg style=\"fill: #999;color:#999\" class=\"arrow-unsorted-368013\" xmlns=\"http:\/\/www.w3.org\/2000\/svg\" width=\"10px\" height=\"10px\" viewbox=\"0 0 24 24\" version=\"1.2\" baseprofile=\"tiny\"><path d=\"M18.2 9.3l-6.2-6.3-6.2 6.3c-.2.2-.3.4-.3.7s.1.5.3.7c.2.2.4.3.7.3h11c.3 0 .5-.1.7-.3.2-.2.3-.5.3-.7s-.1-.5-.3-.7zM5.8 14.7l6.2 6.3 6.2-6.3c.2-.2.3-.5.3-.7s-.1-.5-.3-.7c-.2-.2-.4-.3-.7-.3h-11c-.3 0-.5.1-.7.3-.2.2-.3.5-.3.7s.1.5.3.7z\"\/><\/svg><\/span><\/span><\/span><\/a><\/span><\/div>\n<nav><ul class='ez-toc-list ez-toc-list-level-1' ><li class='ez-toc-page-1 ez-toc-heading-level-2'><a class=\"ez-toc-link ez-toc-heading-1\" href=\"https:\/\/mythslegendes.com\/es\/mitologia-akan\/anansi-obtiene-las-historias-del-dios-del-cielo\/#Anansi-obtient-les-histoires-du-dieu-du-ciel\" >Anansi obtiene las Historias del Dios del Cielo<\/a><\/li><\/ul><\/nav><\/div>\n<h2 class=\"elementor-heading-title elementor-size-default\"><span class=\"ez-toc-section\" id=\"Anansi-obtient-les-histoires-du-dieu-du-ciel\"><\/span>Anansi obtiene las Historias del Dios del Cielo<span class=\"ez-toc-section-end\"><\/span><\/h2>\t\t\t\t<\/div>\n\t\t\t\t<\/div>\n\t\t\t\t\t<\/div>\n\t\t<\/div>\n\t\t\t\t\t<\/div>\n\t\t<\/section>\n\t\t\t\t<section class=\"elementor-section elementor-top-section elementor-element elementor-element-d5b4a29 elementor-section-boxed elementor-section-height-default elementor-section-height-default\" data-id=\"d5b4a29\" data-element_type=\"section\" data-e-type=\"section\">\n\t\t\t\t\t\t<div class=\"elementor-container elementor-column-gap-default\">\n\t\t\t\t\t<div class=\"elementor-column elementor-col-100 elementor-top-column elementor-element elementor-element-b5ee588\" data-id=\"b5ee588\" data-element_type=\"column\" data-e-type=\"column\">\n\t\t\t<div class=\"elementor-widget-wrap elementor-element-populated\">\n\t\t\t\t\t\t<div class=\"elementor-element elementor-element-e9db191 elementor-widget elementor-widget-text-editor\" data-id=\"e9db191\" data-element_type=\"widget\" data-e-type=\"widget\" data-widget_type=\"text-editor.default\">\n\t\t\t\t<div class=\"elementor-widget-container\">\n\t\t\t\t\t\t\t\t\t<p>En el pasado no hab\u00eda historias en el mundo. La ara\u00f1a Kwanku Anansi fue una vez a Nyan-Kopon, el dios del cielo, para comprarle las historias del dios del cielo. El dios del cielo dijo: \u201c\u00bfQu\u00e9 te hace pensar que puedes comprarlos? \u00bb La ara\u00f1a respondi\u00f3: \u201cS\u00e9 que puedo. \u00bb Entonces el dios del cielo dijo: \u201cGrandes y poderosas ciudades como Kokofu, Bekwai, Asumengya vinieron y no pudieron comprarlas, y sin embargo, t\u00fa que eres s\u00f3lo un hombre sin un amo, \u00bfdices que puedes? \u00bb<\/p><p>La ara\u00f1a dijo: \u201c\u00bfCu\u00e1l es el precio de los cuentos? \u00bb El dios del cielo dijo: \u201cSolo se pueden comprar para Onini la pit\u00f3n, Osebo el leopardo, Mmoatia el hada y Mmoboro el avisp\u00f3n. \u00bb La ara\u00f1a dijo: &quot;Traer\u00e9 un poco de esto&quot;. \u00bb<\/p><p>El dios del cielo dijo: &quot;\u00a1Ve y tr\u00e1elos entonces!&quot; \u00bb<\/p><p>Anansi se propuso capturarlos. Primero, fue a donde viv\u00eda Python y debati\u00f3 en voz alta si Python era realmente m\u00e1s largo que la rama de una palma o no, como dec\u00eda su esposa Aso. Python escuch\u00f3 y, cuando Anansi explic\u00f3 el debate, accedi\u00f3 a tumbarse sobre la rama de la palma. Debido a que no puede enderezarse completamente por s\u00ed solo, es dif\u00edcil obtener una impresi\u00f3n real de su longitud real, por lo que Python acept\u00f3 ser unido a la rama. Cuando estuvo completamente atado, Anansi lo llev\u00f3 ante el dios del cielo.<\/p><p>Para atrapar al leopardo, Anansi cav\u00f3 un hoyo profundo en el suelo. Cuando el leopardo cay\u00f3 en el agujero, Anansi se ofreci\u00f3 a ayudarlo con sus telara\u00f1as. Una vez que el leopardo sali\u00f3 del agujero, lo ataron en las redes de Anansi y se lo llevaron.<\/p><p>Para atrapar los avispones, Anansi llen\u00f3 una calabaza con agua y la verti\u00f3 sobre una hoja de pl\u00e1tano que sosten\u00eda sobre su cabeza y sobre el nido, gritando que estaba lloviendo. Sugiri\u00f3 que los avispones entraran en la calabaza vac\u00eda y, cuando estuvieron de acuerdo, r\u00e1pidamente sell\u00f3 la abertura.<\/p><p>Para atrapar al hada, hizo una mu\u00f1eca y la cubri\u00f3 con chicle. Coloc\u00f3 el mu\u00f1eco debajo del Odum (\u00c1rbol de la Vida) donde juegan las hadas y puso \u00f1ame en un cuenco al frente. Cuando el hada vino a comer el \u00f1ame, le agradeci\u00f3 a la mu\u00f1eca quien por supuesto no respondi\u00f3. Molesta por sus malos modales, ella lo golpe\u00f3, primero con una mano y luego con la otra. Las manos se juntaron y Anansi la captur\u00f3.<\/p><p>Anansi entreg\u00f3 a sus cautivos a Nyan, el dios del cielo. Este \u00faltimo dijo: \u201cKawku Anansi, desde hoy y siempre, te presento mis historias del dios del cielo, kose! kose! kose! \u00a1Mi bendici\u00f3n, mi bendici\u00f3n, mi bendici\u00f3n! \u00a1Ya no las llamaremos historias de los dioses del cielo, sino que las llamaremos historias de las ara\u00f1as!<\/p><p>Esta es mi historia que cont\u00e9. Si es dulce o no, ll\u00e9valo a otra parte y deja que vuelva a m\u00ed.<\/p><p>Anansi y el dios del cielo Historias de un cuento africano contadas por Gerald McDermott.<\/p>\t\t\t\t\t\t\t\t<\/div>\n\t\t\t\t<\/div>\n\t\t\t\t\t<\/div>\n\t\t<\/div>\n\t\t\t\t\t<\/div>\n\t\t<\/section>\n\t\t\t\t<\/div>","protected":false},"excerpt":{"rendered":"<p>Akan Mythology Wiki Aqu\u00ed est\u00e1 la historia: Anansi obtiene las historias del dios del cielo. Anansi, el sinverg\u00fcenza de los cuentos populares... <\/p>","protected":false},"author":1,"featured_media":0,"parent":4092,"menu_order":0,"comment_status":"closed","ping_status":"closed","template":"","meta":{"footnotes":""},"class_list":["post-22381","page","type-page","status-publish","hentry"],"amp_enabled":true,"_links":{"self":[{"href":"https:\/\/mythslegendes.com\/es\/wp-json\/wp\/v2\/pages\/22381","targetHints":{"allow":["GET"]}}],"collection":[{"href":"https:\/\/mythslegendes.com\/es\/wp-json\/wp\/v2\/pages"}],"about":[{"href":"https:\/\/mythslegendes.com\/es\/wp-json\/wp\/v2\/types\/page"}],"author":[{"embeddable":true,"href":"https:\/\/mythslegendes.com\/es\/wp-json\/wp\/v2\/users\/1"}],"replies":[{"embeddable":true,"href":"https:\/\/mythslegendes.com\/es\/wp-json\/wp\/v2\/comments?post=22381"}],"version-history":[{"count":3,"href":"https:\/\/mythslegendes.com\/es\/wp-json\/wp\/v2\/pages\/22381\/revisions"}],"predecessor-version":[{"id":22386,"href":"https:\/\/mythslegendes.com\/es\/wp-json\/wp\/v2\/pages\/22381\/revisions\/22386"}],"up":[{"embeddable":true,"href":"https:\/\/mythslegendes.com\/es\/wp-json\/wp\/v2\/pages\/4092"}],"wp:attachment":[{"href":"https:\/\/mythslegendes.com\/es\/wp-json\/wp\/v2\/media?parent=22381"}],"curies":[{"name":"wp","href":"https:\/\/api.w.org\/{rel}","templated":true}]}}