{"id":22392,"date":"2022-08-07T17:38:20","date_gmt":"2022-08-07T17:38:20","guid":{"rendered":"https:\/\/mythslegendes.com\/?page_id=22392"},"modified":"2022-08-07T17:41:51","modified_gmt":"2022-08-07T17:41:51","slug":"anansi-et-le-cameleon","status":"publish","type":"page","link":"https:\/\/mythslegendes.com\/es\/mitologia-akan\/anansi-et-le-cameleon\/","title":{"rendered":"Anansi y el camale\u00f3n"},"content":{"rendered":"<div data-elementor-type=\"wp-page\" data-elementor-id=\"22392\" class=\"elementor elementor-22392\">\n\t\t\t\t\t\t<section class=\"elementor-section elementor-top-section elementor-element elementor-element-d3d83c6 elementor-section-boxed elementor-section-height-default elementor-section-height-default\" data-id=\"d3d83c6\" data-element_type=\"section\" data-e-type=\"section\">\n\t\t\t\t\t\t<div class=\"elementor-container elementor-column-gap-default\">\n\t\t\t\t\t<div class=\"elementor-column elementor-col-50 elementor-top-column elementor-element elementor-element-964db72\" data-id=\"964db72\" data-element_type=\"column\" data-e-type=\"column\">\n\t\t\t<div class=\"elementor-widget-wrap elementor-element-populated\">\n\t\t\t\t\t\t<div class=\"elementor-element elementor-element-9f422cf elementor-align-justify elementor-widget elementor-widget-button\" data-id=\"9f422cf\" data-element_type=\"widget\" data-e-type=\"widget\" data-widget_type=\"button.default\">\n\t\t\t\t<div class=\"elementor-widget-container\">\n\t\t\t\t\t\t\t\t\t<div class=\"elementor-button-wrapper\">\n\t\t\t\t\t<a class=\"elementor-button elementor-button-link elementor-size-sm\" href=\"https:\/\/mythslegendes.com\/es\/mitologia-akan\/\">\n\t\t\t\t\t\t<span class=\"elementor-button-content-wrapper\">\n\t\t\t\t\t\t\t\t\t<span class=\"elementor-button-text\">Mitolog\u00eda Akan<\/span>\n\t\t\t\t\t<\/span>\n\t\t\t\t\t<\/a>\n\t\t\t\t<\/div>\n\t\t\t\t\t\t\t\t<\/div>\n\t\t\t\t<\/div>\n\t\t\t\t\t<\/div>\n\t\t<\/div>\n\t\t\t\t<div class=\"elementor-column elementor-col-50 elementor-top-column elementor-element elementor-element-d383392\" data-id=\"d383392\" data-element_type=\"column\" data-e-type=\"column\">\n\t\t\t<div class=\"elementor-widget-wrap elementor-element-populated\">\n\t\t\t\t\t\t<div class=\"elementor-element elementor-element-2042c0d elementor-align-justify elementor-widget elementor-widget-button\" data-id=\"2042c0d\" data-element_type=\"widget\" data-e-type=\"widget\" data-widget_type=\"button.default\">\n\t\t\t\t<div class=\"elementor-widget-container\">\n\t\t\t\t\t\t\t\t\t<div class=\"elementor-button-wrapper\">\n\t\t\t\t\t<a class=\"elementor-button elementor-button-link elementor-size-sm\" href=\"https:\/\/www.gateway-africa.com\/stories\/anansi-and-the-chameleon.html\" target=\"_blank\" rel=\"noopener\">\n\t\t\t\t\t\t<span class=\"elementor-button-content-wrapper\">\n\t\t\t\t\t\t\t\t\t<span class=\"elementor-button-text\">Wiki<\/span>\n\t\t\t\t\t<\/span>\n\t\t\t\t\t<\/a>\n\t\t\t\t<\/div>\n\t\t\t\t\t\t\t\t<\/div>\n\t\t\t\t<\/div>\n\t\t\t\t\t<\/div>\n\t\t<\/div>\n\t\t\t\t\t<\/div>\n\t\t<\/section>\n\t\t\t\t<section class=\"elementor-section elementor-top-section elementor-element elementor-element-838ddb4 elementor-section-boxed elementor-section-height-default elementor-section-height-default\" data-id=\"838ddb4\" data-element_type=\"section\" data-e-type=\"section\">\n\t\t\t\t\t\t<div class=\"elementor-container elementor-column-gap-default\">\n\t\t\t\t\t<div class=\"elementor-column elementor-col-100 elementor-top-column elementor-element elementor-element-23f3d34\" data-id=\"23f3d34\" data-element_type=\"column\" data-e-type=\"column\">\n\t\t\t<div class=\"elementor-widget-wrap elementor-element-populated\">\n\t\t\t\t\t\t<div class=\"elementor-element elementor-element-b7046c2 elementor-widget elementor-widget-text-editor\" data-id=\"b7046c2\" data-element_type=\"widget\" data-e-type=\"widget\" data-widget_type=\"text-editor.default\">\n\t\t\t\t<div class=\"elementor-widget-container\">\n\t\t\t\t\t\t\t\t\t<p>Voici le conte Anansi et le Cam\u00e9l\u00e9on.<\/p><p><img decoding=\"async\" class=\"alignnone wp-image-9347 size-full\" src=\"http:\/\/mythslegendes.com\/wp-content\/uploads\/2020\/09\/cropped-AlphaOmega-e1602613368367.png\" alt=\"Anansi y el camale\u00f3n\" width=\"25\" height=\"25\" title=\"\"><\/p>\t\t\t\t\t\t\t\t<\/div>\n\t\t\t\t<\/div>\n\t\t\t\t\t<\/div>\n\t\t<\/div>\n\t\t\t\t\t<\/div>\n\t\t<\/section>\n\t\t\t\t<section class=\"elementor-section elementor-top-section elementor-element elementor-element-5e56b07 elementor-section-boxed elementor-section-height-default elementor-section-height-default\" data-id=\"5e56b07\" data-element_type=\"section\" data-e-type=\"section\">\n\t\t\t\t\t\t<div class=\"elementor-container elementor-column-gap-default\">\n\t\t\t\t\t<div class=\"elementor-column elementor-col-100 elementor-top-column elementor-element elementor-element-0a8f6d0\" data-id=\"0a8f6d0\" data-element_type=\"column\" data-e-type=\"column\">\n\t\t\t<div class=\"elementor-widget-wrap elementor-element-populated\">\n\t\t\t\t\t\t<div class=\"elementor-element elementor-element-731e2a4 elementor-widget elementor-widget-heading\" data-id=\"731e2a4\" data-element_type=\"widget\" data-e-type=\"widget\" data-widget_type=\"heading.default\">\n\t\t\t\t<div class=\"elementor-widget-container\">\n\t\t\t\t\t<div id=\"ez-toc-container\" class=\"ez-toc-v2_0_82_2 counter-hierarchy ez-toc-counter ez-toc-grey ez-toc-container-direction\">\n<div class=\"ez-toc-title-container\">\n<p class=\"ez-toc-title\" style=\"cursor:inherit\">Contenido<\/p>\n<span class=\"ez-toc-title-toggle\"><a href=\"#\" class=\"ez-toc-pull-right ez-toc-btn ez-toc-btn-xs ez-toc-btn-default ez-toc-toggle\" aria-label=\"Alternar tabla de contenidos\"><span class=\"ez-toc-js-icon-con\"><span class=\"\"><span class=\"eztoc-hide\" style=\"display:none;\">Palanca<\/span><span class=\"ez-toc-icon-toggle-span\"><svg style=\"fill: #999;color:#999\" xmlns=\"http:\/\/www.w3.org\/2000\/svg\" class=\"list-377408\" width=\"20px\" height=\"20px\" viewbox=\"0 0 24 24\" fill=\"none\"><path d=\"M6 6H4v2h2V6zm14 0H8v2h12V6zM4 11h2v2H4v-2zm16 0H8v2h12v-2zM4 16h2v2H4v-2zm16 0H8v2h12v-2z\" fill=\"currentColor\"><\/path><\/svg><svg style=\"fill: #999;color:#999\" class=\"arrow-unsorted-368013\" xmlns=\"http:\/\/www.w3.org\/2000\/svg\" width=\"10px\" height=\"10px\" viewbox=\"0 0 24 24\" version=\"1.2\" baseprofile=\"tiny\"><path d=\"M18.2 9.3l-6.2-6.3-6.2 6.3c-.2.2-.3.4-.3.7s.1.5.3.7c.2.2.4.3.7.3h11c.3 0 .5-.1.7-.3.2-.2.3-.5.3-.7s-.1-.5-.3-.7zM5.8 14.7l6.2 6.3 6.2-6.3c.2-.2.3-.5.3-.7s-.1-.5-.3-.7c-.2-.2-.4-.3-.7-.3h-11c-.3 0-.5.1-.7.3-.2.2-.3.5-.3.7s.1.5.3.7z\"\/><\/svg><\/span><\/span><\/span><\/a><\/span><\/div>\n<nav><ul class='ez-toc-list ez-toc-list-level-1' ><li class='ez-toc-page-1 ez-toc-heading-level-2'><a class=\"ez-toc-link ez-toc-heading-1\" href=\"https:\/\/mythslegendes.com\/es\/mitologia-akan\/anansi-et-le-cameleon\/#Anansi-et-le-Cameleon\" >Anansi y el camale\u00f3n<\/a><\/li><\/ul><\/nav><\/div>\n<h2 class=\"elementor-heading-title elementor-size-default\"><span class=\"ez-toc-section\" id=\"Anansi-et-le-Cameleon\"><\/span>Anansi y el camale\u00f3n<span class=\"ez-toc-section-end\"><\/span><\/h2>\t\t\t\t<\/div>\n\t\t\t\t<\/div>\n\t\t\t\t\t<\/div>\n\t\t<\/div>\n\t\t\t\t\t<\/div>\n\t\t<\/section>\n\t\t\t\t<section class=\"elementor-section elementor-top-section elementor-element elementor-element-49b52b5 elementor-section-boxed elementor-section-height-default elementor-section-height-default\" data-id=\"49b52b5\" data-element_type=\"section\" data-e-type=\"section\">\n\t\t\t\t\t\t<div class=\"elementor-container elementor-column-gap-default\">\n\t\t\t\t\t<div class=\"elementor-column elementor-col-100 elementor-top-column elementor-element elementor-element-8d9382a\" data-id=\"8d9382a\" data-element_type=\"column\" data-e-type=\"column\">\n\t\t\t<div class=\"elementor-widget-wrap elementor-element-populated\">\n\t\t\t\t\t\t<div class=\"elementor-element elementor-element-6f8a3d5 elementor-widget elementor-widget-text-editor\" data-id=\"6f8a3d5\" data-element_type=\"widget\" data-e-type=\"widget\" data-widget_type=\"text-editor.default\">\n\t\t\t\t<div class=\"elementor-widget-container\">\n\t\t\t\t\t\t\t\t\t<p>Comme nous l&rsquo;avons d\u00e9j\u00e0 dit, Anansi \u00e9tait l&rsquo;un des favoris de Dieu. Mais Anansi est devenu de plus en plus vaniteux et arrogant de jour en jour.<\/p><p>En fait, Dieu est devenu tellement agac\u00e9 par la vantardise d&rsquo;Anansi qu&rsquo;il avait \u00ab\u00a0tromp\u00e9\u00a0\u00bb Dieu dans l&rsquo;\u00e9pisode du \u00ab\u00a0soleil et de la lune\u00a0\u00bb qu&rsquo;il envisageait s\u00e9rieusement de retirer son patronage d&rsquo;Anansi.<\/p><p>Anansi vivait dans le m\u00eame village africain que le cam\u00e9l\u00e9on.<\/p><p>Anansi \u00e9tait riche et poss\u00e9dait les plus beaux champs de la r\u00e9gion, tandis que le cam\u00e9l\u00e9on \u00e9tait pauvre et travaillait dur dans ses maigres champs pour joindre les deux bouts.<\/p><p>Cependant, une ann\u00e9e de pluie est tomb\u00e9e sur les champs de Cam\u00e9l\u00e9on, qui \u00e9taient maintenant abondants avec de belles r\u00e9coltes. Pour donner une le\u00e7on \u00e0 Anansi, Dieu n&rsquo;a laiss\u00e9 aucune pluie tomber sur la terre d&rsquo;Anansi et les r\u00e9coltes se sont taries et la poussi\u00e8re a souffl\u00e9 partout.<\/p><p>Anansi a alors d\u00e9cid\u00e9 de prendre les champs de Cam\u00e9l\u00e9on pour lui-m\u00eame. Anansi a d&rsquo;abord essay\u00e9 d&rsquo;acheter les champs, mais Chameleon a refus\u00e9 de vendre. Anansi a offert de plus en plus en \u00e9change, mais Chameleon a toujours conserv\u00e9 la terre. T\u00f4t un matin, Anansi a march\u00e9 hardiment sur la route des champs de Cam\u00e9l\u00e9on et a commenc\u00e9 \u00e0 r\u00e9colter les r\u00e9coltes.<\/p><p>Quand Chameleon a vu cela, il est devenu tr\u00e8s en col\u00e8re et a chass\u00e9 Anansi. Quand un cam\u00e9l\u00e9on marche, il ne laisse aucune trace ; il est pratiquement impossible de dire o\u00f9 un cam\u00e9l\u00e9on a \u00e9t\u00e9. Sachant cela, Anansi a emmen\u00e9 Chameleon devant le tribunal tribal pour intenter une action en justice pour possession des champs.<\/p><p>Le chef demanda \u00e0 Cam\u00e9l\u00e9on de prouver que les champs \u00e9taient \u00e0 lui ; Cam\u00e9l\u00e9on n&rsquo;avait aucune preuve \u00e0 offrir. Anansi, d&rsquo;autre part, a emmen\u00e9 le chef dans les champs de Cam\u00e9l\u00e9on, montrant les nombreuses empreintes de pas sur la route. C&rsquo;\u00e9taient les empreintes d&rsquo;Anansi, et le chef a attribu\u00e9 les champs \u00e0 Anansi sur-le-champ.<\/p><p>Bien que la d\u00e9cision du tribunal ait donn\u00e9 la terre \u00e0 Anansi, Dieu a une justice sup\u00e9rieure \u00e0 celle que les tribunaux ont prononc\u00e9e. Alors, Dieu donne \u00e0 Cam\u00e9l\u00e9on une id\u00e9e de plan astucieux.<\/p><p>Cam\u00e9l\u00e9on a creus\u00e9 un trou tr\u00e8s profond et y a mis un toit. De l&rsquo;ext\u00e9rieur, le trou paraissait minuscule. Mais, en fait, Cam\u00e9l\u00e9on avait creus\u00e9 une vaste caverne souterraine. Alors le cam\u00e9l\u00e9on prit des lianes et des mouches et en fit un manteau. Lorsque le soleil frappe les mouches, elles brillent d&rsquo;une vari\u00e9t\u00e9 de couleurs, mais ce sont toujours des mouches.<\/p><p>Cam\u00e9l\u00e9on est descendu la route portant ce manteau de mouches et de vignes quand il a rencontr\u00e9 Anansi.<\/p><p>Les premiers mots d&rsquo;Anansi \u00e0 Chameleon furent: \u00ab\u00a0Bonjour, mon ami. J&rsquo;esp\u00e8re qu&rsquo;il n&rsquo;y a pas de rancune entre nous.\u00a0\u00bb Anansi a vu ce qui semblait \u00eatre une belle cape et a propos\u00e9 de l&rsquo;acheter.<\/p><p>Cam\u00e9l\u00e9on a fait semblant d&rsquo;\u00eatre magnanime et a dit \u00e0 Anansi que le manteau serait le sien, si seulement Anansi remplissait le \u00ab\u00a0petit trou\u00a0\u00bb de Cam\u00e9l\u00e9on avec de la nourriture.<br \/>Anansi a facilement accept\u00e9, se vantant qu&rsquo;il le remplirait deux fois.<\/p><p>Anansi a ensuite apport\u00e9 le manteau au chef qui avait agi en tant que juge dans le proc\u00e8s, et a donn\u00e9 le manteau au chef en cadeau. Le chef admira le manteau et le remercia abondamment.<\/p><p>Anansi a travaill\u00e9 jour et nuit pour remplir le trou de Chameleon avec de la nourriture et le trou n&rsquo;\u00e9tait toujours pas plein. Il a travaill\u00e9 des semaines et le trou n&rsquo;\u00e9tait toujours pas plein. Au bout d&rsquo;un moment, Anansi s&rsquo;est rendu compte que Chameleon l&rsquo;avait tromp\u00e9.<\/p><p>Pendant ce temps, le chef descendait la route v\u00eatu d&rsquo;un manteau de mouches. Un jour, les vignes se sont cass\u00e9es et les mouches ont bourdonn\u00e9 dans toutes les directions, laissant le chef nu et livide de col\u00e8re contre Anansi.<\/p><p>Le chef devenait de plus en plus en col\u00e8re \u00e0 chaque pas qu&rsquo;il faisait, car il commen\u00e7ait \u00e0 voir la vanit\u00e9 et l&rsquo;arrogance d&rsquo;Anansi. Lorsque le chef trouva Anansi, il lui ordonna non seulement de restituer la propri\u00e9t\u00e9 de Cam\u00e9l\u00e9on, mais aussi de donner \u00e0 Cam\u00e9l\u00e9on le meilleur de ses propres champs.<\/p><p>D\u00e8s que Cam\u00e9l\u00e9on a pris possession du meilleur champ d&rsquo;Anansi, il a plu sur ce champ pour la premi\u00e8re fois depuis des mois, et maintenant Cam\u00e9l\u00e9on \u00e9tait le plus riche du village.<\/p><p>La morale de cette histoire africaine ? &#8211; La vanit\u00e9 et l&rsquo;arrogance, tout comme l&rsquo;humilit\u00e9 et le travail acharn\u00e9, ont des r\u00e9compenses, chacune \u00e0 sa mani\u00e8re.<\/p>\t\t\t\t\t\t\t\t<\/div>\n\t\t\t\t<\/div>\n\t\t\t\t\t<\/div>\n\t\t<\/div>\n\t\t\t\t\t<\/div>\n\t\t<\/section>\n\t\t\t\t<\/div>","protected":false},"excerpt":{"rendered":"<p>Akan Mythology Wiki Aqu\u00ed est\u00e1 el cuento Anansi y el Camale\u00f3n. Anansi y el Camale\u00f3n Como dec\u00edamos antes, Anansi... <\/p>","protected":false},"author":1,"featured_media":0,"parent":4092,"menu_order":0,"comment_status":"closed","ping_status":"closed","template":"","meta":{"footnotes":""},"class_list":["post-22392","page","type-page","status-publish","hentry"],"amp_enabled":true,"_links":{"self":[{"href":"https:\/\/mythslegendes.com\/es\/wp-json\/wp\/v2\/pages\/22392","targetHints":{"allow":["GET"]}}],"collection":[{"href":"https:\/\/mythslegendes.com\/es\/wp-json\/wp\/v2\/pages"}],"about":[{"href":"https:\/\/mythslegendes.com\/es\/wp-json\/wp\/v2\/types\/page"}],"author":[{"embeddable":true,"href":"https:\/\/mythslegendes.com\/es\/wp-json\/wp\/v2\/users\/1"}],"replies":[{"embeddable":true,"href":"https:\/\/mythslegendes.com\/es\/wp-json\/wp\/v2\/comments?post=22392"}],"version-history":[{"count":3,"href":"https:\/\/mythslegendes.com\/es\/wp-json\/wp\/v2\/pages\/22392\/revisions"}],"predecessor-version":[{"id":22397,"href":"https:\/\/mythslegendes.com\/es\/wp-json\/wp\/v2\/pages\/22392\/revisions\/22397"}],"up":[{"embeddable":true,"href":"https:\/\/mythslegendes.com\/es\/wp-json\/wp\/v2\/pages\/4092"}],"wp:attachment":[{"href":"https:\/\/mythslegendes.com\/es\/wp-json\/wp\/v2\/media?parent=22392"}],"curies":[{"name":"wp","href":"https:\/\/api.w.org\/{rel}","templated":true}]}}