{"id":22398,"date":"2022-08-07T17:42:24","date_gmt":"2022-08-07T17:42:24","guid":{"rendered":"https:\/\/mythslegendes.com\/?page_id=22398"},"modified":"2022-08-07T17:44:39","modified_gmt":"2022-08-07T17:44:39","slug":"anansi-et-lepi-de-mais","status":"publish","type":"page","link":"https:\/\/mythslegendes.com\/es\/mitologia-akan\/anansi-y-lepi-de-maiz\/","title":{"rendered":"Anansi y la mazorca de ma\u00edz"},"content":{"rendered":"<div data-elementor-type=\"wp-page\" data-elementor-id=\"22398\" class=\"elementor elementor-22398\">\n\t\t\t\t\t\t<section class=\"elementor-section elementor-top-section elementor-element elementor-element-7206cf8 elementor-section-boxed elementor-section-height-default elementor-section-height-default\" data-id=\"7206cf8\" data-element_type=\"section\" data-e-type=\"section\">\n\t\t\t\t\t\t<div class=\"elementor-container elementor-column-gap-default\">\n\t\t\t\t\t<div class=\"elementor-column elementor-col-50 elementor-top-column elementor-element elementor-element-8a131b4\" data-id=\"8a131b4\" data-element_type=\"column\" data-e-type=\"column\">\n\t\t\t<div class=\"elementor-widget-wrap elementor-element-populated\">\n\t\t\t\t\t\t<div class=\"elementor-element elementor-element-29e2935 elementor-align-justify elementor-widget elementor-widget-button\" data-id=\"29e2935\" data-element_type=\"widget\" data-e-type=\"widget\" data-widget_type=\"button.default\">\n\t\t\t\t<div class=\"elementor-widget-container\">\n\t\t\t\t\t\t\t\t\t<div class=\"elementor-button-wrapper\">\n\t\t\t\t\t<a class=\"elementor-button elementor-button-link elementor-size-sm\" href=\"https:\/\/mythslegendes.com\/es\/mitologia-akan\/\">\n\t\t\t\t\t\t<span class=\"elementor-button-content-wrapper\">\n\t\t\t\t\t\t\t\t\t<span class=\"elementor-button-text\">Mitolog\u00eda Akan<\/span>\n\t\t\t\t\t<\/span>\n\t\t\t\t\t<\/a>\n\t\t\t\t<\/div>\n\t\t\t\t\t\t\t\t<\/div>\n\t\t\t\t<\/div>\n\t\t\t\t\t<\/div>\n\t\t<\/div>\n\t\t\t\t<div class=\"elementor-column elementor-col-50 elementor-top-column elementor-element elementor-element-1bdff1c\" data-id=\"1bdff1c\" data-element_type=\"column\" data-e-type=\"column\">\n\t\t\t<div class=\"elementor-widget-wrap elementor-element-populated\">\n\t\t\t\t\t\t<div class=\"elementor-element elementor-element-65ef1e0 elementor-align-justify elementor-widget elementor-widget-button\" data-id=\"65ef1e0\" data-element_type=\"widget\" data-e-type=\"widget\" data-widget_type=\"button.default\">\n\t\t\t\t<div class=\"elementor-widget-container\">\n\t\t\t\t\t\t\t\t\t<div class=\"elementor-button-wrapper\">\n\t\t\t\t\t<a class=\"elementor-button elementor-button-link elementor-size-sm\" href=\"https:\/\/www.gateway-africa.com\/stories\/anansi-and-the-ear-of-corn.html\" target=\"_blank\" rel=\"noopener\">\n\t\t\t\t\t\t<span class=\"elementor-button-content-wrapper\">\n\t\t\t\t\t\t\t\t\t<span class=\"elementor-button-text\">Wiki<\/span>\n\t\t\t\t\t<\/span>\n\t\t\t\t\t<\/a>\n\t\t\t\t<\/div>\n\t\t\t\t\t\t\t\t<\/div>\n\t\t\t\t<\/div>\n\t\t\t\t\t<\/div>\n\t\t<\/div>\n\t\t\t\t\t<\/div>\n\t\t<\/section>\n\t\t\t\t<section class=\"elementor-section elementor-top-section elementor-element elementor-element-97e1bd5 elementor-section-boxed elementor-section-height-default elementor-section-height-default\" data-id=\"97e1bd5\" data-element_type=\"section\" data-e-type=\"section\">\n\t\t\t\t\t\t<div class=\"elementor-container elementor-column-gap-default\">\n\t\t\t\t\t<div class=\"elementor-column elementor-col-100 elementor-top-column elementor-element elementor-element-05a1279\" data-id=\"05a1279\" data-element_type=\"column\" data-e-type=\"column\">\n\t\t\t<div class=\"elementor-widget-wrap elementor-element-populated\">\n\t\t\t\t\t\t<div class=\"elementor-element elementor-element-7d86cfd elementor-widget elementor-widget-text-editor\" data-id=\"7d86cfd\" data-element_type=\"widget\" data-e-type=\"widget\" data-widget_type=\"text-editor.default\">\n\t\t\t\t<div class=\"elementor-widget-container\">\n\t\t\t\t\t\t\t\t\t<p>Esta es la historia de Anansi y la mazorca de ma\u00edz.<\/p><p><img decoding=\"async\" class=\"alignnone wp-image-9347 size-full\" src=\"http:\/\/mythslegendes.com\/wp-content\/uploads\/2020\/09\/cropped-AlphaOmega-e1602613368367.png\" alt=\"Anansi y la mazorca de ma\u00edz\" width=\"25\" height=\"25\" title=\"\"><\/p>\t\t\t\t\t\t\t\t<\/div>\n\t\t\t\t<\/div>\n\t\t\t\t\t<\/div>\n\t\t<\/div>\n\t\t\t\t\t<\/div>\n\t\t<\/section>\n\t\t\t\t<section class=\"elementor-section elementor-top-section elementor-element elementor-element-4c867ee elementor-section-boxed elementor-section-height-default elementor-section-height-default\" data-id=\"4c867ee\" data-element_type=\"section\" data-e-type=\"section\">\n\t\t\t\t\t\t<div class=\"elementor-container elementor-column-gap-default\">\n\t\t\t\t\t<div class=\"elementor-column elementor-col-100 elementor-top-column elementor-element elementor-element-1f05ca2\" data-id=\"1f05ca2\" data-element_type=\"column\" data-e-type=\"column\">\n\t\t\t<div class=\"elementor-widget-wrap elementor-element-populated\">\n\t\t\t\t\t\t<div class=\"elementor-element elementor-element-ab3179f elementor-widget elementor-widget-heading\" data-id=\"ab3179f\" data-element_type=\"widget\" data-e-type=\"widget\" data-widget_type=\"heading.default\">\n\t\t\t\t<div class=\"elementor-widget-container\">\n\t\t\t\t\t<div id=\"ez-toc-container\" class=\"ez-toc-v2_0_82_2 counter-hierarchy ez-toc-counter ez-toc-grey ez-toc-container-direction\">\n<div class=\"ez-toc-title-container\">\n<p class=\"ez-toc-title\" style=\"cursor:inherit\">Contenido<\/p>\n<span class=\"ez-toc-title-toggle\"><a href=\"#\" class=\"ez-toc-pull-right ez-toc-btn ez-toc-btn-xs ez-toc-btn-default ez-toc-toggle\" aria-label=\"Alternar tabla de contenidos\"><span class=\"ez-toc-js-icon-con\"><span class=\"\"><span class=\"eztoc-hide\" style=\"display:none;\">Palanca<\/span><span class=\"ez-toc-icon-toggle-span\"><svg style=\"fill: #999;color:#999\" xmlns=\"http:\/\/www.w3.org\/2000\/svg\" class=\"list-377408\" width=\"20px\" height=\"20px\" viewbox=\"0 0 24 24\" fill=\"none\"><path d=\"M6 6H4v2h2V6zm14 0H8v2h12V6zM4 11h2v2H4v-2zm16 0H8v2h12v-2zM4 16h2v2H4v-2zm16 0H8v2h12v-2z\" fill=\"currentColor\"><\/path><\/svg><svg style=\"fill: #999;color:#999\" class=\"arrow-unsorted-368013\" xmlns=\"http:\/\/www.w3.org\/2000\/svg\" width=\"10px\" height=\"10px\" viewbox=\"0 0 24 24\" version=\"1.2\" baseprofile=\"tiny\"><path d=\"M18.2 9.3l-6.2-6.3-6.2 6.3c-.2.2-.3.4-.3.7s.1.5.3.7c.2.2.4.3.7.3h11c.3 0 .5-.1.7-.3.2-.2.3-.5.3-.7s-.1-.5-.3-.7zM5.8 14.7l6.2 6.3 6.2-6.3c.2-.2.3-.5.3-.7s-.1-.5-.3-.7c-.2-.2-.4-.3-.7-.3h-11c-.3 0-.5.1-.7.3-.2.2-.3.5-.3.7s.1.5.3.7z\"\/><\/svg><\/span><\/span><\/span><\/a><\/span><\/div>\n<nav><ul class='ez-toc-list ez-toc-list-level-1' ><li class='ez-toc-page-1 ez-toc-heading-level-2'><a class=\"ez-toc-link ez-toc-heading-1\" href=\"https:\/\/mythslegendes.com\/es\/mitologia-akan\/anansi-y-lepi-de-maiz\/#Anansi-et-lepi-de-mais\" >Anansi y la mazorca de ma\u00edz<\/a><\/li><\/ul><\/nav><\/div>\n<h2 class=\"elementor-heading-title elementor-size-default\"><span class=\"ez-toc-section\" id=\"Anansi-et-lepi-de-mais\"><\/span>Anansi y la mazorca de ma\u00edz<span class=\"ez-toc-section-end\"><\/span><\/h2>\t\t\t\t<\/div>\n\t\t\t\t<\/div>\n\t\t\t\t\t<\/div>\n\t\t<\/div>\n\t\t\t\t\t<\/div>\n\t\t<\/section>\n\t\t\t\t<section class=\"elementor-section elementor-top-section elementor-element elementor-element-ad6ade1 elementor-section-boxed elementor-section-height-default elementor-section-height-default\" data-id=\"ad6ade1\" data-element_type=\"section\" data-e-type=\"section\">\n\t\t\t\t\t\t<div class=\"elementor-container elementor-column-gap-default\">\n\t\t\t\t\t<div class=\"elementor-column elementor-col-100 elementor-top-column elementor-element elementor-element-1824cb7\" data-id=\"1824cb7\" data-element_type=\"column\" data-e-type=\"column\">\n\t\t\t<div class=\"elementor-widget-wrap elementor-element-populated\">\n\t\t\t\t\t\t<div class=\"elementor-element elementor-element-c6f896e elementor-widget elementor-widget-text-editor\" data-id=\"c6f896e\" data-element_type=\"widget\" data-e-type=\"widget\" data-widget_type=\"text-editor.default\">\n\t\t\t\t<div class=\"elementor-widget-container\">\n\t\t\t\t\t\t\t\t\t<p>Anansi fue uno de los elegidos de Dios y vivi\u00f3 en forma humana antes de convertirse en ara\u00f1a.<\/p><p>Un d\u00eda le pidi\u00f3 a Dios una sola mazorca de ma\u00edz, prometiendo que le pagar\u00eda a Dios con cien siervos. Dios siempre se divirti\u00f3 con el jactancioso e ingenioso Anansi, y le dio la mazorca de ma\u00edz.<\/p><p>Anansi se fue con la oreja y vino a descansar a un pueblo africano. Le dijo al jefe de la aldea que ten\u00eda una mazorca de ma\u00edz sagrada de Dios y que necesitaba un lugar donde dormir y un lugar seguro para guardar el tesoro. El jefe trat\u00f3 a Anansi como a un invitado de honor y le dio una casa con techo de paja para que se quedara, mostr\u00e1ndole un escondite en el techo.<\/p><p>Durante la noche, mientras todo el pueblo dorm\u00eda profundamente, Anansi tom\u00f3 el ma\u00edz y se lo dio a las gallinas.<\/p><p>A la ma\u00f1ana siguiente, Anansi despert\u00f3 al pueblo con sus gritos. \u201c\u00bfQu\u00e9 pas\u00f3 con el ma\u00edz sagrado?\u201d \u00bfQui\u00e9n lo rob\u00f3? \u00a1Seguramente Dios traer\u00e1 un gran castigo a este pueblo! Hizo tal alboroto que los aldeanos le rogaron que tomara un fanega entera de ma\u00edz como disculpa. Luego camin\u00f3 por el camino con el bushel de ma\u00edz hasta que se volvi\u00f3 demasiado pesado para transportarlo. Luego conoci\u00f3 a un hombre en el camino que ten\u00eda un pollo y Anansi cambi\u00f3 el ma\u00edz por el pollo.<\/p><p>Cuando Anansi lleg\u00f3 a la siguiente aldea, pidi\u00f3 un lugar donde quedarse y un lugar seguro para guardar el pollo &quot;sagrado&quot;. En esta nueva aldea, Anansi fue nuevamente tratado como un hu\u00e9sped de honor, se organiz\u00f3 una gran fiesta en su honor, le mostraron una casa donde quedarse y le dieron un lugar seguro para las gallinas.\u00a0<\/p><p>Durante la noche, Anansi sacrific\u00f3 el pollo y unt\u00f3 con su sangre y plumas la puerta de la casa del jefe. Por la ma\u00f1ana despert\u00f3 a todos con sus gritos: \u201c\u00a1Han matado al pollo sagrado!\u201d \u00a1Dios seguramente destruir\u00e1 esta aldea por permitir que esto suceda! \u201d, grit\u00f3 Anansi.<\/p><p>Los asustados aldeanos le rogaron a Anansi que se llevara diez de sus mejores ovejas como muestra de su sincera disculpa.<\/p><p>Anansi condujo a las ovejas por el camino hasta que lleg\u00f3 a un grupo de hombres que llevaban un cad\u00e1ver.<\/p><p>Pregunt\u00f3 a los hombres cuyos cuerpos llevaban. Los hombres respondieron que un viajero hab\u00eda muerto en su aldea y que llevaban el cuerpo a casa para darle un entierro adecuado.<\/p><p>Anansi luego intercambi\u00f3 la oveja por el cad\u00e1ver y se puso en camino.<\/p><p>En la aldea cercana, Anansi le dijo a la gente que el cad\u00e1ver era un hijo de Dios dormido. Les dijo que guardaran mucho silencio para no despertar a este importante invitado. La gente de este pueblo tambi\u00e9n organiz\u00f3 una gran fiesta y trataron a Anansi como reyes.<\/p><p>Cuando lleg\u00f3 la ma\u00f1ana, Anansi les dijo a los aldeanos que estaba teniendo dificultades para despertar al &quot;hijo de Dios&quot; de su sue\u00f1o y les pidi\u00f3 ayuda. Comenzaron a tocar tambores y el visitante permaneci\u00f3 dormido. \u00bb Luego golpearon cacerolas y sartenes, pero \u00e9l todav\u00eda estaba \u201cdormido\u201d. Entonces los aldeanos golpearon el pecho del visitante, pero \u00e9l todav\u00eda no se mov\u00eda.<\/p><p>De repente, Anansi grit\u00f3: \u201c\u00a1T\u00fa lo mataste!\u201d \u00a1Has matado a un hijo de Dios! Oh no ! \u00a1Dios ciertamente destruir\u00e1 toda esta aldea, si no el mundo entero!<\/p><p>Los aterrorizados aldeanos le dijeron entonces a Anansi que podr\u00eda elegir a cien de sus mejores j\u00f3venes como esclavos, si tan s\u00f3lo apelara a Dios para que los salvara.<\/p><p>Entonces Anansi volvi\u00f3 a Dios, habiendo transformado una mazorca de ma\u00edz en cien esclavos.<\/p>\t\t\t\t\t\t\t\t<\/div>\n\t\t\t\t<\/div>\n\t\t\t\t\t<\/div>\n\t\t<\/div>\n\t\t\t\t\t<\/div>\n\t\t<\/section>\n\t\t\t\t<\/div>","protected":false},"excerpt":{"rendered":"<p>Wiki Mitolog\u00eda Akan Aqu\u00ed est\u00e1 el cuento Anansi y la mazorca de ma\u00edz. Anansi y la mazorca de ma\u00edz Anansi fue uno de \u2026 <\/p>","protected":false},"author":1,"featured_media":0,"parent":4092,"menu_order":0,"comment_status":"closed","ping_status":"closed","template":"","meta":{"footnotes":""},"class_list":["post-22398","page","type-page","status-publish","hentry"],"amp_enabled":true,"_links":{"self":[{"href":"https:\/\/mythslegendes.com\/es\/wp-json\/wp\/v2\/pages\/22398","targetHints":{"allow":["GET"]}}],"collection":[{"href":"https:\/\/mythslegendes.com\/es\/wp-json\/wp\/v2\/pages"}],"about":[{"href":"https:\/\/mythslegendes.com\/es\/wp-json\/wp\/v2\/types\/page"}],"author":[{"embeddable":true,"href":"https:\/\/mythslegendes.com\/es\/wp-json\/wp\/v2\/users\/1"}],"replies":[{"embeddable":true,"href":"https:\/\/mythslegendes.com\/es\/wp-json\/wp\/v2\/comments?post=22398"}],"version-history":[{"count":3,"href":"https:\/\/mythslegendes.com\/es\/wp-json\/wp\/v2\/pages\/22398\/revisions"}],"predecessor-version":[{"id":22402,"href":"https:\/\/mythslegendes.com\/es\/wp-json\/wp\/v2\/pages\/22398\/revisions\/22402"}],"up":[{"embeddable":true,"href":"https:\/\/mythslegendes.com\/es\/wp-json\/wp\/v2\/pages\/4092"}],"wp:attachment":[{"href":"https:\/\/mythslegendes.com\/es\/wp-json\/wp\/v2\/media?parent=22398"}],"curies":[{"name":"wp","href":"https:\/\/api.w.org\/{rel}","templated":true}]}}