{"id":22403,"date":"2022-08-07T17:45:10","date_gmt":"2022-08-07T17:45:10","guid":{"rendered":"https:\/\/mythslegendes.com\/?page_id=22403"},"modified":"2022-08-07T17:50:04","modified_gmt":"2022-08-07T17:50:04","slug":"comment-anansi-est-devenu-une-araignee","status":"publish","type":"page","link":"https:\/\/mythslegendes.com\/es\/mitologia-akan\/como-anansi-se-convirtio-en-una-arana\/","title":{"rendered":"C\u00f3mo Anansi se convirti\u00f3 en ara\u00f1a"},"content":{"rendered":"<div data-elementor-type=\"wp-page\" data-elementor-id=\"22403\" class=\"elementor elementor-22403\">\n\t\t\t\t\t\t<section class=\"elementor-section elementor-top-section elementor-element elementor-element-9b4a01f elementor-section-boxed elementor-section-height-default elementor-section-height-default\" data-id=\"9b4a01f\" data-element_type=\"section\" data-e-type=\"section\">\n\t\t\t\t\t\t<div class=\"elementor-container elementor-column-gap-default\">\n\t\t\t\t\t<div class=\"elementor-column elementor-col-50 elementor-top-column elementor-element elementor-element-e95327b\" data-id=\"e95327b\" data-element_type=\"column\" data-e-type=\"column\">\n\t\t\t<div class=\"elementor-widget-wrap elementor-element-populated\">\n\t\t\t\t\t\t<div class=\"elementor-element elementor-element-d31babd elementor-align-justify elementor-widget elementor-widget-button\" data-id=\"d31babd\" data-element_type=\"widget\" data-e-type=\"widget\" data-widget_type=\"button.default\">\n\t\t\t\t<div class=\"elementor-widget-container\">\n\t\t\t\t\t\t\t\t\t<div class=\"elementor-button-wrapper\">\n\t\t\t\t\t<a class=\"elementor-button elementor-button-link elementor-size-sm\" href=\"https:\/\/mythslegendes.com\/es\/mitologia-akan\/\">\n\t\t\t\t\t\t<span class=\"elementor-button-content-wrapper\">\n\t\t\t\t\t\t\t\t\t<span class=\"elementor-button-text\">Mitolog\u00eda Akan<\/span>\n\t\t\t\t\t<\/span>\n\t\t\t\t\t<\/a>\n\t\t\t\t<\/div>\n\t\t\t\t\t\t\t\t<\/div>\n\t\t\t\t<\/div>\n\t\t\t\t\t<\/div>\n\t\t<\/div>\n\t\t\t\t<div class=\"elementor-column elementor-col-50 elementor-top-column elementor-element elementor-element-a45139a\" data-id=\"a45139a\" data-element_type=\"column\" data-e-type=\"column\">\n\t\t\t<div class=\"elementor-widget-wrap elementor-element-populated\">\n\t\t\t\t\t\t<div class=\"elementor-element elementor-element-cba2d88 elementor-align-justify elementor-widget elementor-widget-button\" data-id=\"cba2d88\" data-element_type=\"widget\" data-e-type=\"widget\" data-widget_type=\"button.default\">\n\t\t\t\t<div class=\"elementor-widget-container\">\n\t\t\t\t\t\t\t\t\t<div class=\"elementor-button-wrapper\">\n\t\t\t\t\t<a class=\"elementor-button elementor-button-link elementor-size-sm\" href=\"https:\/\/www.gateway-africa.com\/stories\/how-anansi-became-a-spider.html\" target=\"_blank\" rel=\"noopener\">\n\t\t\t\t\t\t<span class=\"elementor-button-content-wrapper\">\n\t\t\t\t\t\t\t\t\t<span class=\"elementor-button-text\">Wiki<\/span>\n\t\t\t\t\t<\/span>\n\t\t\t\t\t<\/a>\n\t\t\t\t<\/div>\n\t\t\t\t\t\t\t\t<\/div>\n\t\t\t\t<\/div>\n\t\t\t\t\t<\/div>\n\t\t<\/div>\n\t\t\t\t\t<\/div>\n\t\t<\/section>\n\t\t\t\t<section class=\"elementor-section elementor-top-section elementor-element elementor-element-d9d87d5 elementor-section-boxed elementor-section-height-default elementor-section-height-default\" data-id=\"d9d87d5\" data-element_type=\"section\" data-e-type=\"section\">\n\t\t\t\t\t\t<div class=\"elementor-container elementor-column-gap-default\">\n\t\t\t\t\t<div class=\"elementor-column elementor-col-100 elementor-top-column elementor-element elementor-element-d904d37\" data-id=\"d904d37\" data-element_type=\"column\" data-e-type=\"column\">\n\t\t\t<div class=\"elementor-widget-wrap elementor-element-populated\">\n\t\t\t\t\t\t<div class=\"elementor-element elementor-element-c863a99 elementor-widget elementor-widget-text-editor\" data-id=\"c863a99\" data-element_type=\"widget\" data-e-type=\"widget\" data-widget_type=\"text-editor.default\">\n\t\t\t\t<div class=\"elementor-widget-container\">\n\t\t\t\t\t\t\t\t\t<p>Esta es la historia: c\u00f3mo Anansi se convirti\u00f3 en ara\u00f1a.<\/p><p><img decoding=\"async\" class=\"alignnone wp-image-9347 size-full\" src=\"http:\/\/mythslegendes.com\/wp-content\/uploads\/2020\/09\/cropped-AlphaOmega-e1602613368367.png\" alt=\"C\u00f3mo Anansi se convirti\u00f3 en ara\u00f1a\" width=\"25\" height=\"25\" title=\"\"><\/p>\t\t\t\t\t\t\t\t<\/div>\n\t\t\t\t<\/div>\n\t\t\t\t\t<\/div>\n\t\t<\/div>\n\t\t\t\t\t<\/div>\n\t\t<\/section>\n\t\t\t\t<section class=\"elementor-section elementor-top-section elementor-element elementor-element-d3ac7f1 elementor-section-boxed elementor-section-height-default elementor-section-height-default\" data-id=\"d3ac7f1\" data-element_type=\"section\" data-e-type=\"section\">\n\t\t\t\t\t\t<div class=\"elementor-container elementor-column-gap-default\">\n\t\t\t\t\t<div class=\"elementor-column elementor-col-100 elementor-top-column elementor-element elementor-element-0af3749\" data-id=\"0af3749\" data-element_type=\"column\" data-e-type=\"column\">\n\t\t\t<div class=\"elementor-widget-wrap elementor-element-populated\">\n\t\t\t\t\t\t<div class=\"elementor-element elementor-element-7c01134 elementor-widget elementor-widget-heading\" data-id=\"7c01134\" data-element_type=\"widget\" data-e-type=\"widget\" data-widget_type=\"heading.default\">\n\t\t\t\t<div class=\"elementor-widget-container\">\n\t\t\t\t\t<div id=\"ez-toc-container\" class=\"ez-toc-v2_0_82_2 counter-hierarchy ez-toc-counter ez-toc-grey ez-toc-container-direction\">\n<div class=\"ez-toc-title-container\">\n<p class=\"ez-toc-title\" style=\"cursor:inherit\">Contenido<\/p>\n<span class=\"ez-toc-title-toggle\"><a href=\"#\" class=\"ez-toc-pull-right ez-toc-btn ez-toc-btn-xs ez-toc-btn-default ez-toc-toggle\" aria-label=\"Alternar tabla de contenidos\"><span class=\"ez-toc-js-icon-con\"><span class=\"\"><span class=\"eztoc-hide\" style=\"display:none;\">Palanca<\/span><span class=\"ez-toc-icon-toggle-span\"><svg style=\"fill: #999;color:#999\" xmlns=\"http:\/\/www.w3.org\/2000\/svg\" class=\"list-377408\" width=\"20px\" height=\"20px\" viewbox=\"0 0 24 24\" fill=\"none\"><path d=\"M6 6H4v2h2V6zm14 0H8v2h12V6zM4 11h2v2H4v-2zm16 0H8v2h12v-2zM4 16h2v2H4v-2zm16 0H8v2h12v-2z\" fill=\"currentColor\"><\/path><\/svg><svg style=\"fill: #999;color:#999\" class=\"arrow-unsorted-368013\" xmlns=\"http:\/\/www.w3.org\/2000\/svg\" width=\"10px\" height=\"10px\" viewbox=\"0 0 24 24\" version=\"1.2\" baseprofile=\"tiny\"><path d=\"M18.2 9.3l-6.2-6.3-6.2 6.3c-.2.2-.3.4-.3.7s.1.5.3.7c.2.2.4.3.7.3h11c.3 0 .5-.1.7-.3.2-.2.3-.5.3-.7s-.1-.5-.3-.7zM5.8 14.7l6.2 6.3 6.2-6.3c.2-.2.3-.5.3-.7s-.1-.5-.3-.7c-.2-.2-.4-.3-.7-.3h-11c-.3 0-.5.1-.7.3-.2.2-.3.5-.3.7s.1.5.3.7z\"\/><\/svg><\/span><\/span><\/span><\/a><\/span><\/div>\n<nav><ul class='ez-toc-list ez-toc-list-level-1' ><li class='ez-toc-page-1 ez-toc-heading-level-2'><a class=\"ez-toc-link ez-toc-heading-1\" href=\"https:\/\/mythslegendes.com\/es\/mitologia-akan\/como-anansi-se-convirtio-en-una-arana\/#Comment-Anansi-est-devenu-une-araignee\" >C\u00f3mo Anansi se convirti\u00f3 en ara\u00f1a<\/a><\/li><\/ul><\/nav><\/div>\n<h2 class=\"elementor-heading-title elementor-size-default\"><span class=\"ez-toc-section\" id=\"Comment-Anansi-est-devenu-une-araignee\"><\/span>C\u00f3mo Anansi se convirti\u00f3 en ara\u00f1a<span class=\"ez-toc-section-end\"><\/span><\/h2>\t\t\t\t<\/div>\n\t\t\t\t<\/div>\n\t\t\t\t\t<\/div>\n\t\t<\/div>\n\t\t\t\t\t<\/div>\n\t\t<\/section>\n\t\t\t\t<section class=\"elementor-section elementor-top-section elementor-element elementor-element-f03ce5a elementor-section-boxed elementor-section-height-default elementor-section-height-default\" data-id=\"f03ce5a\" data-element_type=\"section\" data-e-type=\"section\">\n\t\t\t\t\t\t<div class=\"elementor-container elementor-column-gap-default\">\n\t\t\t\t\t<div class=\"elementor-column elementor-col-100 elementor-top-column elementor-element elementor-element-b4fa643\" data-id=\"b4fa643\" data-element_type=\"column\" data-e-type=\"column\">\n\t\t\t<div class=\"elementor-widget-wrap elementor-element-populated\">\n\t\t\t\t\t\t<div class=\"elementor-element elementor-element-bb4429f elementor-widget elementor-widget-text-editor\" data-id=\"bb4429f\" data-element_type=\"widget\" data-e-type=\"widget\" data-widget_type=\"text-editor.default\">\n\t\t\t\t<div class=\"elementor-widget-container\">\n\t\t\t\t\t\t\t\t\t<p>\u00c9rase una vez un rey africano que pose\u00eda el carnero m\u00e1s hermoso del mundo.<br \/>Un d\u00eda, cuando este carnero estaba pastando las cosechas de Anansi, Anansi le arroj\u00f3 una piedra, lo golpe\u00f3 entre los ojos y lo mat\u00f3.<\/p><p>Anansi sab\u00eda que el rey lo castigar\u00eda por lo que le hab\u00eda hecho al carnero premiado, e inmediatamente plane\u00f3 c\u00f3mo salir de la situaci\u00f3n. No hace falta decir que Anansi recurri\u00f3 al enga\u00f1o como siempre.<\/p><p>Anansi fue a sentarse debajo de un \u00e1rbol a pensar en un escape cuando de repente cay\u00f3 una nuez y lo golpe\u00f3 en la cabeza. Anansi inmediatamente tuvo una idea.<\/p><p>Primero, tom\u00f3 el carnero muerto y lo at\u00f3 al nogal. Luego fue a una ara\u00f1a y le habl\u00f3 de un maravilloso \u00e1rbol cargado de nueces.<\/p><p>La ara\u00f1a estaba encantada e inmediatamente se dirigi\u00f3 hacia el \u00e1rbol. Anansi luego fue donde el rey y le dijo que la ara\u00f1a evidentemente hab\u00eda matado al preciado carnero; el carnero estaba colgado de un \u00e1rbol donde la ara\u00f1a estaba tejiendo telas. El rey se enoj\u00f3 y exigi\u00f3 la pena de muerte para la ara\u00f1a.<\/p><p>El rey agradeci\u00f3 a Anansi y le ofreci\u00f3 una gran recompensa. Anansi volvi\u00f3 a la ara\u00f1a y le advirti\u00f3 de la ira del rey, gritando al mundo que la ara\u00f1a hab\u00eda matado al carnero. La ara\u00f1a estaba muy confundida.<\/p><p>Anansi le dijo a la ara\u00f1a que fuera al rey y pidiera misericordia, y tal vez la vida de la ara\u00f1a se salvar\u00eda. Mientras tanto, el rey se hab\u00eda ido a casa a almorzar y le cont\u00f3 a su esposa lo que hab\u00eda sucedido.<\/p><p>La mujer solo se ri\u00f3 y dijo: \u201c\u00bfHas perdido la cabeza? \u00bfC\u00f3mo diablos podr\u00eda una peque\u00f1a ara\u00f1a hacer un hilo lo suficientemente fuerte como para sostener un carnero? \u00bfC\u00f3mo diablos pudo esa peque\u00f1a ara\u00f1a levantar el carnero hasta all\u00ed? \u00a1Anansi obviamente mat\u00f3 a tu carnero! \u00a1Ya deber\u00edas saber que es un estafador! &quot;.<\/p><p>El rey estaba enojado porque hab\u00eda sido enga\u00f1ado y le dijo a su corte que buscara a Anansi de inmediato. Cuando los hombres del rey vinieron por \u00e9l, Anansi asumi\u00f3 que era para llevarlo al palacio a cambio de su recompensa por devolverle la ara\u00f1a. Entonces Anansi se fue por su propia voluntad.<\/p><p>Entr\u00f3 en el palacio como si fuera el due\u00f1o del lugar, luego le dijo al rey: &quot;Bueno, \u00bfcu\u00e1l es mi recompensa por el asesino de tu carnero?&quot; \u00bb<\/p><p>Esto enfureci\u00f3 tanto al rey que pate\u00f3 a Anansi muy, muy fuerte, parti\u00e9ndolo en dos pedazos; ya no era un hombre, sino una ara\u00f1a de largas patas.<\/p><p>As\u00ed es como Anansi se convirti\u00f3 en ara\u00f1a<\/p>\t\t\t\t\t\t\t\t<\/div>\n\t\t\t\t<\/div>\n\t\t\t\t\t<\/div>\n\t\t<\/div>\n\t\t\t\t\t<\/div>\n\t\t<\/section>\n\t\t\t\t<\/div>","protected":false},"excerpt":{"rendered":"<p>Akan Mythology Wiki Esta es la historia: C\u00f3mo Anansi se convirti\u00f3 en ara\u00f1a. C\u00f3mo Anansi se convirti\u00f3 en ara\u00f1a... <\/p>","protected":false},"author":1,"featured_media":0,"parent":4092,"menu_order":0,"comment_status":"closed","ping_status":"closed","template":"","meta":{"footnotes":""},"class_list":["post-22403","page","type-page","status-publish","hentry"],"amp_enabled":true,"_links":{"self":[{"href":"https:\/\/mythslegendes.com\/es\/wp-json\/wp\/v2\/pages\/22403","targetHints":{"allow":["GET"]}}],"collection":[{"href":"https:\/\/mythslegendes.com\/es\/wp-json\/wp\/v2\/pages"}],"about":[{"href":"https:\/\/mythslegendes.com\/es\/wp-json\/wp\/v2\/types\/page"}],"author":[{"embeddable":true,"href":"https:\/\/mythslegendes.com\/es\/wp-json\/wp\/v2\/users\/1"}],"replies":[{"embeddable":true,"href":"https:\/\/mythslegendes.com\/es\/wp-json\/wp\/v2\/comments?post=22403"}],"version-history":[{"count":3,"href":"https:\/\/mythslegendes.com\/es\/wp-json\/wp\/v2\/pages\/22403\/revisions"}],"predecessor-version":[{"id":22408,"href":"https:\/\/mythslegendes.com\/es\/wp-json\/wp\/v2\/pages\/22403\/revisions\/22408"}],"up":[{"embeddable":true,"href":"https:\/\/mythslegendes.com\/es\/wp-json\/wp\/v2\/pages\/4092"}],"wp:attachment":[{"href":"https:\/\/mythslegendes.com\/es\/wp-json\/wp\/v2\/media?parent=22403"}],"curies":[{"name":"wp","href":"https:\/\/api.w.org\/{rel}","templated":true}]}}