{"id":22412,"date":"2022-08-07T17:51:14","date_gmt":"2022-08-07T17:51:14","guid":{"rendered":"https:\/\/mythslegendes.com\/?page_id=22412"},"modified":"2022-08-07T17:53:44","modified_gmt":"2022-08-07T17:53:44","slug":"comment-anansi-a-trompe-dieu","status":"publish","type":"page","link":"https:\/\/mythslegendes.com\/es\/mitologia-akan\/como-anansi-engano-a-dios\/","title":{"rendered":"C\u00f3mo Anansi enga\u00f1\u00f3 a Dios"},"content":{"rendered":"<div data-elementor-type=\"wp-page\" data-elementor-id=\"22412\" class=\"elementor elementor-22412\">\n\t\t\t\t\t\t<section class=\"elementor-section elementor-top-section elementor-element elementor-element-d742820 elementor-section-boxed elementor-section-height-default elementor-section-height-default\" data-id=\"d742820\" data-element_type=\"section\" data-e-type=\"section\">\n\t\t\t\t\t\t<div class=\"elementor-container elementor-column-gap-default\">\n\t\t\t\t\t<div class=\"elementor-column elementor-col-50 elementor-top-column elementor-element elementor-element-f16de73\" data-id=\"f16de73\" data-element_type=\"column\" data-e-type=\"column\">\n\t\t\t<div class=\"elementor-widget-wrap elementor-element-populated\">\n\t\t\t\t\t\t<div class=\"elementor-element elementor-element-84be127 elementor-align-justify elementor-widget elementor-widget-button\" data-id=\"84be127\" data-element_type=\"widget\" data-e-type=\"widget\" data-widget_type=\"button.default\">\n\t\t\t\t<div class=\"elementor-widget-container\">\n\t\t\t\t\t\t\t\t\t<div class=\"elementor-button-wrapper\">\n\t\t\t\t\t<a class=\"elementor-button elementor-button-link elementor-size-sm\" href=\"https:\/\/mythslegendes.com\/es\/mitologia-akan\/\">\n\t\t\t\t\t\t<span class=\"elementor-button-content-wrapper\">\n\t\t\t\t\t\t\t\t\t<span class=\"elementor-button-text\">Mitolog\u00eda Akan<\/span>\n\t\t\t\t\t<\/span>\n\t\t\t\t\t<\/a>\n\t\t\t\t<\/div>\n\t\t\t\t\t\t\t\t<\/div>\n\t\t\t\t<\/div>\n\t\t\t\t\t<\/div>\n\t\t<\/div>\n\t\t\t\t<div class=\"elementor-column elementor-col-50 elementor-top-column elementor-element elementor-element-a825d31\" data-id=\"a825d31\" data-element_type=\"column\" data-e-type=\"column\">\n\t\t\t<div class=\"elementor-widget-wrap elementor-element-populated\">\n\t\t\t\t\t\t<div class=\"elementor-element elementor-element-69b4ae6 elementor-align-justify elementor-widget elementor-widget-button\" data-id=\"69b4ae6\" data-element_type=\"widget\" data-e-type=\"widget\" data-widget_type=\"button.default\">\n\t\t\t\t<div class=\"elementor-widget-container\">\n\t\t\t\t\t\t\t\t\t<div class=\"elementor-button-wrapper\">\n\t\t\t\t\t<a class=\"elementor-button elementor-button-link elementor-size-sm\" href=\"https:\/\/www.gateway-africa.com\/stories\/how-anansi-tricked-god.html\" target=\"_blank\" rel=\"noopener\">\n\t\t\t\t\t\t<span class=\"elementor-button-content-wrapper\">\n\t\t\t\t\t\t\t\t\t<span class=\"elementor-button-text\">Wiki<\/span>\n\t\t\t\t\t<\/span>\n\t\t\t\t\t<\/a>\n\t\t\t\t<\/div>\n\t\t\t\t\t\t\t\t<\/div>\n\t\t\t\t<\/div>\n\t\t\t\t\t<\/div>\n\t\t<\/div>\n\t\t\t\t\t<\/div>\n\t\t<\/section>\n\t\t\t\t<section class=\"elementor-section elementor-top-section elementor-element elementor-element-531f6a2 elementor-section-boxed elementor-section-height-default elementor-section-height-default\" data-id=\"531f6a2\" data-element_type=\"section\" data-e-type=\"section\">\n\t\t\t\t\t\t<div class=\"elementor-container elementor-column-gap-default\">\n\t\t\t\t\t<div class=\"elementor-column elementor-col-100 elementor-top-column elementor-element elementor-element-5752765\" data-id=\"5752765\" data-element_type=\"column\" data-e-type=\"column\">\n\t\t\t<div class=\"elementor-widget-wrap elementor-element-populated\">\n\t\t\t\t\t\t<div class=\"elementor-element elementor-element-2b83865 elementor-widget elementor-widget-text-editor\" data-id=\"2b83865\" data-element_type=\"widget\" data-e-type=\"widget\" data-widget_type=\"text-editor.default\">\n\t\t\t\t<div class=\"elementor-widget-container\">\n\t\t\t\t\t\t\t\t\t<p>Aqu\u00ed est\u00e1 la historia: C\u00f3mo Anansi enga\u00f1\u00f3 a Dios.<\/p><p><img decoding=\"async\" class=\"alignnone wp-image-9347 size-full\" src=\"http:\/\/mythslegendes.com\/wp-content\/uploads\/2020\/09\/cropped-AlphaOmega-e1602613368367.png\" alt=\"C\u00f3mo Anansi enga\u00f1\u00f3 a Dios\" width=\"25\" height=\"25\" title=\"\"><\/p>\t\t\t\t\t\t\t\t<\/div>\n\t\t\t\t<\/div>\n\t\t\t\t\t<\/div>\n\t\t<\/div>\n\t\t\t\t\t<\/div>\n\t\t<\/section>\n\t\t\t\t<section class=\"elementor-section elementor-top-section elementor-element elementor-element-67ee189 elementor-section-boxed elementor-section-height-default elementor-section-height-default\" data-id=\"67ee189\" data-element_type=\"section\" data-e-type=\"section\">\n\t\t\t\t\t\t<div class=\"elementor-container elementor-column-gap-default\">\n\t\t\t\t\t<div class=\"elementor-column elementor-col-100 elementor-top-column elementor-element elementor-element-e761170\" data-id=\"e761170\" data-element_type=\"column\" data-e-type=\"column\">\n\t\t\t<div class=\"elementor-widget-wrap elementor-element-populated\">\n\t\t\t\t\t\t<div class=\"elementor-element elementor-element-4c62239 elementor-widget elementor-widget-heading\" data-id=\"4c62239\" data-element_type=\"widget\" data-e-type=\"widget\" data-widget_type=\"heading.default\">\n\t\t\t\t<div class=\"elementor-widget-container\">\n\t\t\t\t\t<div id=\"ez-toc-container\" class=\"ez-toc-v2_0_82_2 counter-hierarchy ez-toc-counter ez-toc-grey ez-toc-container-direction\">\n<div class=\"ez-toc-title-container\">\n<p class=\"ez-toc-title\" style=\"cursor:inherit\">Contenido<\/p>\n<span class=\"ez-toc-title-toggle\"><a href=\"#\" class=\"ez-toc-pull-right ez-toc-btn ez-toc-btn-xs ez-toc-btn-default ez-toc-toggle\" aria-label=\"Alternar tabla de contenidos\"><span class=\"ez-toc-js-icon-con\"><span class=\"\"><span class=\"eztoc-hide\" style=\"display:none;\">Palanca<\/span><span class=\"ez-toc-icon-toggle-span\"><svg style=\"fill: #999;color:#999\" xmlns=\"http:\/\/www.w3.org\/2000\/svg\" class=\"list-377408\" width=\"20px\" height=\"20px\" viewbox=\"0 0 24 24\" fill=\"none\"><path d=\"M6 6H4v2h2V6zm14 0H8v2h12V6zM4 11h2v2H4v-2zm16 0H8v2h12v-2zM4 16h2v2H4v-2zm16 0H8v2h12v-2z\" fill=\"currentColor\"><\/path><\/svg><svg style=\"fill: #999;color:#999\" class=\"arrow-unsorted-368013\" xmlns=\"http:\/\/www.w3.org\/2000\/svg\" width=\"10px\" height=\"10px\" viewbox=\"0 0 24 24\" version=\"1.2\" baseprofile=\"tiny\"><path d=\"M18.2 9.3l-6.2-6.3-6.2 6.3c-.2.2-.3.4-.3.7s.1.5.3.7c.2.2.4.3.7.3h11c.3 0 .5-.1.7-.3.2-.2.3-.5.3-.7s-.1-.5-.3-.7zM5.8 14.7l6.2 6.3 6.2-6.3c.2-.2.3-.5.3-.7s-.1-.5-.3-.7c-.2-.2-.4-.3-.7-.3h-11c-.3 0-.5.1-.7.3-.2.2-.3.5-.3.7s.1.5.3.7z\"\/><\/svg><\/span><\/span><\/span><\/a><\/span><\/div>\n<nav><ul class='ez-toc-list ez-toc-list-level-1' ><li class='ez-toc-page-1 ez-toc-heading-level-2'><a class=\"ez-toc-link ez-toc-heading-1\" href=\"https:\/\/mythslegendes.com\/es\/mitologia-akan\/como-anansi-engano-a-dios\/#Comment-Anansi-a-trompe-Dieu\" >C\u00f3mo Anansi enga\u00f1\u00f3 a Dios<\/a><\/li><\/ul><\/nav><\/div>\n<h2 class=\"elementor-heading-title elementor-size-default\"><span class=\"ez-toc-section\" id=\"Comment-Anansi-a-trompe-Dieu\"><\/span>C\u00f3mo Anansi enga\u00f1\u00f3 a Dios<span class=\"ez-toc-section-end\"><\/span><\/h2>\t\t\t\t<\/div>\n\t\t\t\t<\/div>\n\t\t\t\t\t<\/div>\n\t\t<\/div>\n\t\t\t\t\t<\/div>\n\t\t<\/section>\n\t\t\t\t<section class=\"elementor-section elementor-top-section elementor-element elementor-element-eabc530 elementor-section-boxed elementor-section-height-default elementor-section-height-default\" data-id=\"eabc530\" data-element_type=\"section\" data-e-type=\"section\">\n\t\t\t\t\t\t<div class=\"elementor-container elementor-column-gap-default\">\n\t\t\t\t\t<div class=\"elementor-column elementor-col-100 elementor-top-column elementor-element elementor-element-e0a6f65\" data-id=\"e0a6f65\" data-element_type=\"column\" data-e-type=\"column\">\n\t\t\t<div class=\"elementor-widget-wrap elementor-element-populated\">\n\t\t\t\t\t\t<div class=\"elementor-element elementor-element-8d50e30 elementor-widget elementor-widget-text-editor\" data-id=\"8d50e30\" data-element_type=\"widget\" data-e-type=\"widget\" data-widget_type=\"text-editor.default\">\n\t\t\t\t<div class=\"elementor-widget-container\">\n\t\t\t\t\t\t\t\t\t<p>Anansi estaba terriblemente pretencioso despu\u00e9s de todo el asunto de la mazorca de ma\u00edz. Dios encontr\u00f3 a Anansi entretenido, pero su jactancia se estaba volviendo realmente aburrida.<\/p><p>Entonces Dios le dio a Anansi una bolsa vac\u00eda y le dijo: \u201cTengo algo en mente; encu\u00e9ntralo y tr\u00e1emelo en la bolsa. \u00bb<\/p><p>Anansi hizo preguntas, pero Dios no dio m\u00e1s pistas sobre qu\u00e9 podr\u00eda ser ese &quot;algo&quot;. Dios envi\u00f3 al mortal en su camino, diciendo que si era solo la mitad de inteligente de lo que dec\u00eda ser, entonces no deber\u00eda tener problemas para entender qu\u00e9 &quot;algo&quot; quer\u00eda Dios.<\/p><p>Anansi estaba perplejo. \u00bfC\u00f3mo pod\u00eda saber lo que Dios quer\u00eda en la bolsa? Dej\u00f3 el cielo y descendi\u00f3 a \u00c1frica, donde tuvo un encuentro con las aves, explicando su situaci\u00f3n. Los p\u00e1jaros eran amigables, pero no ten\u00edan pistas que ofrecer.<\/p><p>Sin embargo, cada uno acord\u00f3 darle a Anansi una pluma, lo que le permiti\u00f3 volar. Anansi transform\u00f3 estas plumas en un hermoso abrigo, luego vol\u00f3 hacia el cielo, donde se pos\u00f3 en un \u00e1rbol junto a la casa de Dios.<\/p><p>Algunas de las personas del cielo vieron este extra\u00f1o &quot;p\u00e1jaro&quot; y comenzaron a hablar de \u00e9l. Se preguntaron qu\u00e9 tipo de ave era. Incluso Dios mismo no pod\u00eda recordar haber creado ning\u00fan tipo de criatura que se pareciera a esto.<\/p><p>Uno de los presentes sugiri\u00f3 que si Anansi era inteligente, podr\u00eda saber qu\u00e9 tipo de ave era. Anansi, en el \u00e1rbol, escuch\u00f3 todo esto.<\/p><p>Los asistentes de Dios estaban hablando entre ellos cuando uno de ellos dijo, \u201cBuena suerte encontrando a Anansi \u2013 Dios lo envi\u00f3 a una misi\u00f3n imposible. \u00bfC\u00f3mo pod\u00eda saber Anansi que Dios quer\u00eda que le trajeran el sol y la luna en una bolsa?<\/p><p>Al escuchar esto, Anansi sali\u00f3 a buscar el sol y la luna.<\/p><p>Fue a la pit\u00f3n, la m\u00e1s sabia de todas las criaturas de la tierra, y le pregunt\u00f3 c\u00f3mo se pod\u00eda capturar el sol y la luna. La pit\u00f3n le aconsej\u00f3 que fuera al oeste, donde el sol descansa por la noche. La luna se pod\u00eda encontrar en el este m\u00e1s o menos al mismo tiempo.<\/p><p>Entonces Anansi reuni\u00f3 el sol y la luna, los puso en la bolsa y los llev\u00f3 a Dios.<\/p><p>Dios estaba tan complacido con el ingenio de Anansi que nombr\u00f3 a Anansi su capit\u00e1n en la tierra.<\/p><p>As\u00ed es como Anansi enga\u00f1\u00f3 a Dios.<\/p>\t\t\t\t\t\t\t\t<\/div>\n\t\t\t\t<\/div>\n\t\t\t\t\t<\/div>\n\t\t<\/div>\n\t\t\t\t\t<\/div>\n\t\t<\/section>\n\t\t\t\t<\/div>","protected":false},"excerpt":{"rendered":"<p>Akan Mythology Wiki Aqu\u00ed est\u00e1 la historia: C\u00f3mo Anansi enga\u00f1\u00f3 a Dios. C\u00f3mo Anansi enga\u00f1\u00f3 a Dios Anansi fue terriblemente... <\/p>","protected":false},"author":1,"featured_media":0,"parent":4092,"menu_order":0,"comment_status":"closed","ping_status":"closed","template":"","meta":{"footnotes":""},"class_list":["post-22412","page","type-page","status-publish","hentry"],"amp_enabled":true,"_links":{"self":[{"href":"https:\/\/mythslegendes.com\/es\/wp-json\/wp\/v2\/pages\/22412","targetHints":{"allow":["GET"]}}],"collection":[{"href":"https:\/\/mythslegendes.com\/es\/wp-json\/wp\/v2\/pages"}],"about":[{"href":"https:\/\/mythslegendes.com\/es\/wp-json\/wp\/v2\/types\/page"}],"author":[{"embeddable":true,"href":"https:\/\/mythslegendes.com\/es\/wp-json\/wp\/v2\/users\/1"}],"replies":[{"embeddable":true,"href":"https:\/\/mythslegendes.com\/es\/wp-json\/wp\/v2\/comments?post=22412"}],"version-history":[{"count":3,"href":"https:\/\/mythslegendes.com\/es\/wp-json\/wp\/v2\/pages\/22412\/revisions"}],"predecessor-version":[{"id":22419,"href":"https:\/\/mythslegendes.com\/es\/wp-json\/wp\/v2\/pages\/22412\/revisions\/22419"}],"up":[{"embeddable":true,"href":"https:\/\/mythslegendes.com\/es\/wp-json\/wp\/v2\/pages\/4092"}],"wp:attachment":[{"href":"https:\/\/mythslegendes.com\/es\/wp-json\/wp\/v2\/media?parent=22412"}],"curies":[{"name":"wp","href":"https:\/\/api.w.org\/{rel}","templated":true}]}}