{"id":22426,"date":"2022-08-07T20:22:38","date_gmt":"2022-08-07T20:22:38","guid":{"rendered":"https:\/\/mythslegendes.com\/?page_id=22426"},"modified":"2022-08-07T20:28:18","modified_gmt":"2022-08-07T20:28:18","slug":"bosquet-de-bouleaux-dansants","status":"publish","type":"page","link":"https:\/\/mythslegendes.com\/es\/kazaj-kirguiso-mitologia\/bosque-de-abedules-danzantes\/","title":{"rendered":"Arboleda de abedules danzantes"},"content":{"rendered":"<div data-elementor-type=\"wp-page\" data-elementor-id=\"22426\" class=\"elementor elementor-22426\">\n\t\t\t\t\t\t<section class=\"elementor-section elementor-top-section elementor-element elementor-element-f6e2109 elementor-section-boxed elementor-section-height-default elementor-section-height-default\" data-id=\"f6e2109\" data-element_type=\"section\" data-e-type=\"section\">\n\t\t\t\t\t\t<div class=\"elementor-container elementor-column-gap-default\">\n\t\t\t\t\t<div class=\"elementor-column elementor-col-50 elementor-top-column elementor-element elementor-element-ef12bff\" data-id=\"ef12bff\" data-element_type=\"column\" data-e-type=\"column\">\n\t\t\t<div class=\"elementor-widget-wrap elementor-element-populated\">\n\t\t\t\t\t\t<div class=\"elementor-element elementor-element-08feba2 elementor-align-justify elementor-widget elementor-widget-button\" data-id=\"08feba2\" data-element_type=\"widget\" data-e-type=\"widget\" data-widget_type=\"button.default\">\n\t\t\t\t<div class=\"elementor-widget-container\">\n\t\t\t\t\t\t\t\t\t<div class=\"elementor-button-wrapper\">\n\t\t\t\t\t<a class=\"elementor-button elementor-button-link elementor-size-sm\" href=\"https:\/\/mythslegendes.com\/es\/kazaj-kirguiso-mitologia\/\">\n\t\t\t\t\t\t<span class=\"elementor-button-content-wrapper\">\n\t\t\t\t\t\t\t\t\t<span class=\"elementor-button-text\">Mitolog\u00eda kazajo-kirguisa<\/span>\n\t\t\t\t\t<\/span>\n\t\t\t\t\t<\/a>\n\t\t\t\t<\/div>\n\t\t\t\t\t\t\t\t<\/div>\n\t\t\t\t<\/div>\n\t\t\t\t\t<\/div>\n\t\t<\/div>\n\t\t\t\t<div class=\"elementor-column elementor-col-50 elementor-top-column elementor-element elementor-element-6aa9fae\" data-id=\"6aa9fae\" data-element_type=\"column\" data-e-type=\"column\">\n\t\t\t<div class=\"elementor-widget-wrap elementor-element-populated\">\n\t\t\t\t\t\t<div class=\"elementor-element elementor-element-35ab80a elementor-align-justify elementor-widget elementor-widget-button\" data-id=\"35ab80a\" data-element_type=\"widget\" data-e-type=\"widget\" data-widget_type=\"button.default\">\n\t\t\t\t<div class=\"elementor-widget-container\">\n\t\t\t\t\t\t\t\t\t<div class=\"elementor-button-wrapper\">\n\t\t\t\t\t<a class=\"elementor-button elementor-button-link elementor-size-sm\" href=\"https:\/\/tourstokazakhstan.com\/en\/blog\/kazakh-legends\/legend-of-a-grove-of-dancing-birch-trees.html\" target=\"_blank\" rel=\"noopener\">\n\t\t\t\t\t\t<span class=\"elementor-button-content-wrapper\">\n\t\t\t\t\t\t\t\t\t<span class=\"elementor-button-text\">Wiki<\/span>\n\t\t\t\t\t<\/span>\n\t\t\t\t\t<\/a>\n\t\t\t\t<\/div>\n\t\t\t\t\t\t\t\t<\/div>\n\t\t\t\t<\/div>\n\t\t\t\t\t<\/div>\n\t\t<\/div>\n\t\t\t\t\t<\/div>\n\t\t<\/section>\n\t\t\t\t<section class=\"elementor-section elementor-top-section elementor-element elementor-element-67b9ba7 elementor-section-boxed elementor-section-height-default elementor-section-height-default\" data-id=\"67b9ba7\" data-element_type=\"section\" data-e-type=\"section\">\n\t\t\t\t\t\t<div class=\"elementor-container elementor-column-gap-default\">\n\t\t\t\t\t<div class=\"elementor-column elementor-col-100 elementor-top-column elementor-element elementor-element-4f5dc08\" data-id=\"4f5dc08\" data-element_type=\"column\" data-e-type=\"column\">\n\t\t\t<div class=\"elementor-widget-wrap elementor-element-populated\">\n\t\t\t\t\t\t<div class=\"elementor-element elementor-element-7c321aa elementor-widget elementor-widget-text-editor\" data-id=\"7c321aa\" data-element_type=\"widget\" data-e-type=\"widget\" data-widget_type=\"text-editor.default\">\n\t\t\t\t<div class=\"elementor-widget-container\">\n\t\t\t\t\t\t\t\t\t<p>El origen de las personas <a href=\"https:\/\/mythslegendes.com\/es\/kazaj-kirguiso-mitologia\/\">kazajo<\/a> es complejo. Tiene su origen en los pueblos <a href=\"https:\/\/mythslegendes.com\/es\/mythes-et-legendes-turques-1708\/\">turco<\/a> y tribus <a href=\"https:\/\/mythslegendes.com\/es\/mythes-et-legendes-mongoles-1736\/\">mongol<\/a> medieval. He aqu\u00ed su historia: Bosque de abedules danzantes.<\/p><p><img decoding=\"async\" class=\"alignnone wp-image-9347 size-full\" src=\"http:\/\/mythslegendes.com\/wp-content\/uploads\/2020\/09\/cropped-AlphaOmega-e1602613368367.png\" alt=\"Arboleda de abedules danzantes\" width=\"25\" height=\"25\" title=\"\"><\/p>\t\t\t\t\t\t\t\t<\/div>\n\t\t\t\t<\/div>\n\t\t\t\t\t<\/div>\n\t\t<\/div>\n\t\t\t\t\t<\/div>\n\t\t<\/section>\n\t\t\t\t<section class=\"elementor-section elementor-top-section elementor-element elementor-element-eff297a elementor-section-boxed elementor-section-height-default elementor-section-height-default\" data-id=\"eff297a\" data-element_type=\"section\" data-e-type=\"section\">\n\t\t\t\t\t\t<div class=\"elementor-container elementor-column-gap-default\">\n\t\t\t\t\t<div class=\"elementor-column elementor-col-100 elementor-top-column elementor-element elementor-element-a9a62a0\" data-id=\"a9a62a0\" data-element_type=\"column\" data-e-type=\"column\">\n\t\t\t<div class=\"elementor-widget-wrap elementor-element-populated\">\n\t\t\t\t\t\t<div class=\"elementor-element elementor-element-6201484 elementor-widget elementor-widget-heading\" data-id=\"6201484\" data-element_type=\"widget\" data-e-type=\"widget\" data-widget_type=\"heading.default\">\n\t\t\t\t<div class=\"elementor-widget-container\">\n\t\t\t\t\t<div id=\"ez-toc-container\" class=\"ez-toc-v2_0_82_2 counter-hierarchy ez-toc-counter ez-toc-grey ez-toc-container-direction\">\n<div class=\"ez-toc-title-container\">\n<p class=\"ez-toc-title\" style=\"cursor:inherit\">Contenido<\/p>\n<span class=\"ez-toc-title-toggle\"><a href=\"#\" class=\"ez-toc-pull-right ez-toc-btn ez-toc-btn-xs ez-toc-btn-default ez-toc-toggle\" aria-label=\"Alternar tabla de contenidos\"><span class=\"ez-toc-js-icon-con\"><span class=\"\"><span class=\"eztoc-hide\" style=\"display:none;\">Palanca<\/span><span class=\"ez-toc-icon-toggle-span\"><svg style=\"fill: #999;color:#999\" xmlns=\"http:\/\/www.w3.org\/2000\/svg\" class=\"list-377408\" width=\"20px\" height=\"20px\" viewbox=\"0 0 24 24\" fill=\"none\"><path d=\"M6 6H4v2h2V6zm14 0H8v2h12V6zM4 11h2v2H4v-2zm16 0H8v2h12v-2zM4 16h2v2H4v-2zm16 0H8v2h12v-2z\" fill=\"currentColor\"><\/path><\/svg><svg style=\"fill: #999;color:#999\" class=\"arrow-unsorted-368013\" xmlns=\"http:\/\/www.w3.org\/2000\/svg\" width=\"10px\" height=\"10px\" viewbox=\"0 0 24 24\" version=\"1.2\" baseprofile=\"tiny\"><path d=\"M18.2 9.3l-6.2-6.3-6.2 6.3c-.2.2-.3.4-.3.7s.1.5.3.7c.2.2.4.3.7.3h11c.3 0 .5-.1.7-.3.2-.2.3-.5.3-.7s-.1-.5-.3-.7zM5.8 14.7l6.2 6.3 6.2-6.3c.2-.2.3-.5.3-.7s-.1-.5-.3-.7c-.2-.2-.4-.3-.7-.3h-11c-.3 0-.5.1-.7.3-.2.2-.3.5-.3.7s.1.5.3.7z\"\/><\/svg><\/span><\/span><\/span><\/a><\/span><\/div>\n<nav><ul class='ez-toc-list ez-toc-list-level-1' ><li class='ez-toc-page-1 ez-toc-heading-level-2'><a class=\"ez-toc-link ez-toc-heading-1\" href=\"https:\/\/mythslegendes.com\/es\/kazaj-kirguiso-mitologia\/bosque-de-abedules-danzantes\/#Bosquet-de-bouleaux-dansants\" >Arboleda de abedules danzantes<\/a><\/li><\/ul><\/nav><\/div>\n<h2 class=\"elementor-heading-title elementor-size-default\"><span class=\"ez-toc-section\" id=\"Bosquet-de-bouleaux-dansants\"><\/span>Arboleda de abedules danzantes<span class=\"ez-toc-section-end\"><\/span><\/h2>\t\t\t\t<\/div>\n\t\t\t\t<\/div>\n\t\t\t\t\t<\/div>\n\t\t<\/div>\n\t\t\t\t\t<\/div>\n\t\t<\/section>\n\t\t\t\t<section class=\"elementor-section elementor-top-section elementor-element elementor-element-fe9c258 elementor-section-boxed elementor-section-height-default elementor-section-height-default\" data-id=\"fe9c258\" data-element_type=\"section\" data-e-type=\"section\">\n\t\t\t\t\t\t<div class=\"elementor-container elementor-column-gap-default\">\n\t\t\t\t\t<div class=\"elementor-column elementor-col-100 elementor-top-column elementor-element elementor-element-37e0e72\" data-id=\"37e0e72\" data-element_type=\"column\" data-e-type=\"column\">\n\t\t\t<div class=\"elementor-widget-wrap elementor-element-populated\">\n\t\t\t\t\t\t<div class=\"elementor-element elementor-element-3a3c9de elementor-widget elementor-widget-text-editor\" data-id=\"3a3c9de\" data-element_type=\"widget\" data-e-type=\"widget\" data-widget_type=\"text-editor.default\">\n\t\t\t\t<div class=\"elementor-widget-container\">\n\t\t\t\t\t\t\t\t\t<p>La naturaleza de Azajst\u00e1n es asombrosa no s\u00f3lo por su variedad sino tambi\u00e9n por sus inmaculadas creaciones. Ya sabes, casi cada visi\u00f3n de este pa\u00eds tiene su <a href=\"https:\/\/mythslegendes.com\/es\/\">leyenda<\/a>. Uno de estos lugares incre\u00edbles es el &quot;bosque de abedules danzantes&quot; en el Parque Nacional Borovoe.<\/p><p>Hay muchos <a href=\"https:\/\/mythslegendes.com\/es\/\">leyendas<\/a> sobre la apariencia de esta arboleda. Uno de ellos dice que en la antig\u00fcedad la gente viv\u00eda al pie de la monta\u00f1a Burabai y celebraban festivales con diversos concursos, acompa\u00f1ados de canciones y bailes. Khan tambi\u00e9n quer\u00eda mirar a estas personas, pero no pod\u00eda aparecer all\u00ed como l\u00edder porque sab\u00eda que si lo hubieran visto, se habr\u00edan confundido.\u00a0<\/p><p>As\u00ed que se fue de vacaciones solo con un guardia de seguridad, vestido con ropa normal. Cuando la fiesta estaba en su apogeo, las hermosas chicas aparec\u00edan en el claro del bosque. Khan se dej\u00f3 llevar tanto que corri\u00f3 y grit\u00f3 &quot;\u00a1Largos a\u00f1os para tu belleza!&quot; \u00bb Las ni\u00f1as estaban tan confundidas y asustadas que se congelaron en un lugar y se convirtieron en abedules blancos. Hasta el d\u00eda de hoy, la belleza de estas chicas en forma de elegantes abedules atrae tanto a locales como a turistas.<\/p>\t\t\t\t\t\t\t\t<\/div>\n\t\t\t\t<\/div>\n\t\t\t\t\t<\/div>\n\t\t<\/div>\n\t\t\t\t\t<\/div>\n\t\t<\/section>\n\t\t\t\t<\/div>","protected":false},"excerpt":{"rendered":"<p>Mitolog\u00eda kazaja-Wiki kirgu\u00eds El origen del pueblo kazajo es complejo. Tiene su origen en los pueblos turcos y las tribus mongolas medievales. \u2026 <\/p>","protected":false},"author":1,"featured_media":0,"parent":11456,"menu_order":0,"comment_status":"closed","ping_status":"closed","template":"","meta":{"footnotes":""},"class_list":["post-22426","page","type-page","status-publish","hentry"],"amp_enabled":true,"_links":{"self":[{"href":"https:\/\/mythslegendes.com\/es\/wp-json\/wp\/v2\/pages\/22426","targetHints":{"allow":["GET"]}}],"collection":[{"href":"https:\/\/mythslegendes.com\/es\/wp-json\/wp\/v2\/pages"}],"about":[{"href":"https:\/\/mythslegendes.com\/es\/wp-json\/wp\/v2\/types\/page"}],"author":[{"embeddable":true,"href":"https:\/\/mythslegendes.com\/es\/wp-json\/wp\/v2\/users\/1"}],"replies":[{"embeddable":true,"href":"https:\/\/mythslegendes.com\/es\/wp-json\/wp\/v2\/comments?post=22426"}],"version-history":[{"count":3,"href":"https:\/\/mythslegendes.com\/es\/wp-json\/wp\/v2\/pages\/22426\/revisions"}],"predecessor-version":[{"id":22432,"href":"https:\/\/mythslegendes.com\/es\/wp-json\/wp\/v2\/pages\/22426\/revisions\/22432"}],"up":[{"embeddable":true,"href":"https:\/\/mythslegendes.com\/es\/wp-json\/wp\/v2\/pages\/11456"}],"wp:attachment":[{"href":"https:\/\/mythslegendes.com\/es\/wp-json\/wp\/v2\/media?parent=22426"}],"curies":[{"name":"wp","href":"https:\/\/api.w.org\/{rel}","templated":true}]}}