{"id":22446,"date":"2022-08-07T20:37:56","date_gmt":"2022-08-07T20:37:56","guid":{"rendered":"https:\/\/mythslegendes.com\/?page_id=22446"},"modified":"2022-08-07T20:41:52","modified_gmt":"2022-08-07T20:41:52","slug":"aicha-bibi","status":"publish","type":"page","link":"https:\/\/mythslegendes.com\/es\/kazaj-kirguiso-mitologia\/bibi-aisha\/","title":{"rendered":"Aisha Bibi"},"content":{"rendered":"<div data-elementor-type=\"wp-page\" data-elementor-id=\"22446\" class=\"elementor elementor-22446\">\n\t\t\t\t\t\t<section class=\"elementor-section elementor-top-section elementor-element elementor-element-96cdc68 elementor-section-boxed elementor-section-height-default elementor-section-height-default\" data-id=\"96cdc68\" data-element_type=\"section\" data-e-type=\"section\">\n\t\t\t\t\t\t<div class=\"elementor-container elementor-column-gap-default\">\n\t\t\t\t\t<div class=\"elementor-column elementor-col-50 elementor-top-column elementor-element elementor-element-9a57a6e\" data-id=\"9a57a6e\" data-element_type=\"column\" data-e-type=\"column\">\n\t\t\t<div class=\"elementor-widget-wrap elementor-element-populated\">\n\t\t\t\t\t\t<div class=\"elementor-element elementor-element-9690919 elementor-align-justify elementor-widget elementor-widget-button\" data-id=\"9690919\" data-element_type=\"widget\" data-e-type=\"widget\" data-widget_type=\"button.default\">\n\t\t\t\t<div class=\"elementor-widget-container\">\n\t\t\t\t\t\t\t\t\t<div class=\"elementor-button-wrapper\">\n\t\t\t\t\t<a class=\"elementor-button elementor-button-link elementor-size-sm\" href=\"https:\/\/mythslegendes.com\/es\/kazaj-kirguiso-mitologia\/\">\n\t\t\t\t\t\t<span class=\"elementor-button-content-wrapper\">\n\t\t\t\t\t\t\t\t\t<span class=\"elementor-button-text\">Mitolog\u00eda kazajo-kirguisa<\/span>\n\t\t\t\t\t<\/span>\n\t\t\t\t\t<\/a>\n\t\t\t\t<\/div>\n\t\t\t\t\t\t\t\t<\/div>\n\t\t\t\t<\/div>\n\t\t\t\t\t<\/div>\n\t\t<\/div>\n\t\t\t\t<div class=\"elementor-column elementor-col-50 elementor-top-column elementor-element elementor-element-3db51c6\" data-id=\"3db51c6\" data-element_type=\"column\" data-e-type=\"column\">\n\t\t\t<div class=\"elementor-widget-wrap elementor-element-populated\">\n\t\t\t\t\t\t<div class=\"elementor-element elementor-element-593fd7d elementor-align-justify elementor-widget elementor-widget-button\" data-id=\"593fd7d\" data-element_type=\"widget\" data-e-type=\"widget\" data-widget_type=\"button.default\">\n\t\t\t\t<div class=\"elementor-widget-container\">\n\t\t\t\t\t\t\t\t\t<div class=\"elementor-button-wrapper\">\n\t\t\t\t\t<a class=\"elementor-button elementor-button-link elementor-size-sm\" href=\"https:\/\/tourstokazakhstan.com\/en\/blog\/kazakh-legends\/kazakh-legend-about-love-of-aisha-bibi.html\" target=\"_blank\" rel=\"noopener\">\n\t\t\t\t\t\t<span class=\"elementor-button-content-wrapper\">\n\t\t\t\t\t\t\t\t\t<span class=\"elementor-button-text\">Wiki<\/span>\n\t\t\t\t\t<\/span>\n\t\t\t\t\t<\/a>\n\t\t\t\t<\/div>\n\t\t\t\t\t\t\t\t<\/div>\n\t\t\t\t<\/div>\n\t\t\t\t\t<\/div>\n\t\t<\/div>\n\t\t\t\t\t<\/div>\n\t\t<\/section>\n\t\t\t\t<section class=\"elementor-section elementor-top-section elementor-element elementor-element-e8176c8 elementor-section-boxed elementor-section-height-default elementor-section-height-default\" data-id=\"e8176c8\" data-element_type=\"section\" data-e-type=\"section\">\n\t\t\t\t\t\t<div class=\"elementor-container elementor-column-gap-default\">\n\t\t\t\t\t<div class=\"elementor-column elementor-col-100 elementor-top-column elementor-element elementor-element-ef36f3e\" data-id=\"ef36f3e\" data-element_type=\"column\" data-e-type=\"column\">\n\t\t\t<div class=\"elementor-widget-wrap elementor-element-populated\">\n\t\t\t\t\t\t<div class=\"elementor-element elementor-element-ec284fd elementor-widget elementor-widget-text-editor\" data-id=\"ec284fd\" data-element_type=\"widget\" data-e-type=\"widget\" data-widget_type=\"text-editor.default\">\n\t\t\t\t<div class=\"elementor-widget-container\">\n\t\t\t\t\t\t\t\t\t<p>El origen de las personas <a href=\"https:\/\/mythslegendes.com\/es\/kazaj-kirguiso-mitologia\/\">kazajo<\/a> es complejo. Tiene su origen en los pueblos <a href=\"https:\/\/mythslegendes.com\/es\/mythes-et-legendes-turques-1708\/\">turco<\/a> y tribus <a href=\"https:\/\/mythslegendes.com\/es\/mythes-et-legendes-mongoles-1736\/\">mongol<\/a> medieval. aqu\u00ed est\u00e1 <a href=\"https:\/\/mythslegendes.com\/es\/\">leyenda<\/a> del amor de A\u00efcha Bibi.<\/p><p><img decoding=\"async\" class=\"alignnone wp-image-9347 size-full\" src=\"http:\/\/mythslegendes.com\/wp-content\/uploads\/2020\/09\/cropped-AlphaOmega-e1602613368367.png\" alt=\"Aisha Bibi\" width=\"25\" height=\"25\" title=\"\"><\/p>\t\t\t\t\t\t\t\t<\/div>\n\t\t\t\t<\/div>\n\t\t\t\t\t<\/div>\n\t\t<\/div>\n\t\t\t\t\t<\/div>\n\t\t<\/section>\n\t\t\t\t<section class=\"elementor-section elementor-top-section elementor-element elementor-element-c0b96e8 elementor-section-boxed elementor-section-height-default elementor-section-height-default\" data-id=\"c0b96e8\" data-element_type=\"section\" data-e-type=\"section\">\n\t\t\t\t\t\t<div class=\"elementor-container elementor-column-gap-default\">\n\t\t\t\t\t<div class=\"elementor-column elementor-col-100 elementor-top-column elementor-element elementor-element-adc35c0\" data-id=\"adc35c0\" data-element_type=\"column\" data-e-type=\"column\">\n\t\t\t<div class=\"elementor-widget-wrap elementor-element-populated\">\n\t\t\t\t\t\t<div class=\"elementor-element elementor-element-c80a6f4 elementor-widget elementor-widget-heading\" data-id=\"c80a6f4\" data-element_type=\"widget\" data-e-type=\"widget\" data-widget_type=\"heading.default\">\n\t\t\t\t<div class=\"elementor-widget-container\">\n\t\t\t\t\t<div id=\"ez-toc-container\" class=\"ez-toc-v2_0_82_2 counter-hierarchy ez-toc-counter ez-toc-grey ez-toc-container-direction\">\n<div class=\"ez-toc-title-container\">\n<p class=\"ez-toc-title\" style=\"cursor:inherit\">Contenido<\/p>\n<span class=\"ez-toc-title-toggle\"><a href=\"#\" class=\"ez-toc-pull-right ez-toc-btn ez-toc-btn-xs ez-toc-btn-default ez-toc-toggle\" aria-label=\"Alternar tabla de contenidos\"><span class=\"ez-toc-js-icon-con\"><span class=\"\"><span class=\"eztoc-hide\" style=\"display:none;\">Palanca<\/span><span class=\"ez-toc-icon-toggle-span\"><svg style=\"fill: #999;color:#999\" xmlns=\"http:\/\/www.w3.org\/2000\/svg\" class=\"list-377408\" width=\"20px\" height=\"20px\" viewbox=\"0 0 24 24\" fill=\"none\"><path d=\"M6 6H4v2h2V6zm14 0H8v2h12V6zM4 11h2v2H4v-2zm16 0H8v2h12v-2zM4 16h2v2H4v-2zm16 0H8v2h12v-2z\" fill=\"currentColor\"><\/path><\/svg><svg style=\"fill: #999;color:#999\" class=\"arrow-unsorted-368013\" xmlns=\"http:\/\/www.w3.org\/2000\/svg\" width=\"10px\" height=\"10px\" viewbox=\"0 0 24 24\" version=\"1.2\" baseprofile=\"tiny\"><path d=\"M18.2 9.3l-6.2-6.3-6.2 6.3c-.2.2-.3.4-.3.7s.1.5.3.7c.2.2.4.3.7.3h11c.3 0 .5-.1.7-.3.2-.2.3-.5.3-.7s-.1-.5-.3-.7zM5.8 14.7l6.2 6.3 6.2-6.3c.2-.2.3-.5.3-.7s-.1-.5-.3-.7c-.2-.2-.4-.3-.7-.3h-11c-.3 0-.5.1-.7.3-.2.2-.3.5-.3.7s.1.5.3.7z\"\/><\/svg><\/span><\/span><\/span><\/a><\/span><\/div>\n<nav><ul class='ez-toc-list ez-toc-list-level-1' ><li class='ez-toc-page-1 ez-toc-heading-level-2'><a class=\"ez-toc-link ez-toc-heading-1\" href=\"https:\/\/mythslegendes.com\/es\/kazaj-kirguiso-mitologia\/bibi-aisha\/#Legende-de-lamour-dAicha-Bibi\" >Leyenda del amor de A\u00efcha Bibi<\/a><\/li><\/ul><\/nav><\/div>\n<h2 class=\"elementor-heading-title elementor-size-default\"><span class=\"ez-toc-section\" id=\"Legende-de-lamour-dAicha-Bibi\"><\/span>Leyenda del amor de A\u00efcha Bibi<span class=\"ez-toc-section-end\"><\/span><\/h2>\t\t\t\t<\/div>\n\t\t\t\t<\/div>\n\t\t\t\t\t<\/div>\n\t\t<\/div>\n\t\t\t\t\t<\/div>\n\t\t<\/section>\n\t\t\t\t<section class=\"elementor-section elementor-top-section elementor-element elementor-element-763f830 elementor-section-boxed elementor-section-height-default elementor-section-height-default\" data-id=\"763f830\" data-element_type=\"section\" data-e-type=\"section\">\n\t\t\t\t\t\t<div class=\"elementor-container elementor-column-gap-default\">\n\t\t\t\t\t<div class=\"elementor-column elementor-col-100 elementor-top-column elementor-element elementor-element-c733bb1\" data-id=\"c733bb1\" data-element_type=\"column\" data-e-type=\"column\">\n\t\t\t<div class=\"elementor-widget-wrap elementor-element-populated\">\n\t\t\t\t\t\t<div class=\"elementor-element elementor-element-ce2336f elementor-widget elementor-widget-text-editor\" data-id=\"ce2336f\" data-element_type=\"widget\" data-e-type=\"widget\" data-widget_type=\"text-editor.default\">\n\t\t\t\t<div class=\"elementor-widget-container\">\n\t\t\t\t\t\t\t\t\t<p>En el pueblo de Aisha Bibi en la regi\u00f3n de Jamby, a 18 kil\u00f3metros de la ciudad de Taraz, se encuentra el mausoleo de Aisha Bibi.<\/p><p>No existen datos aut\u00e9nticos sobre la construcci\u00f3n del mausoleo. Sin embargo, existe una leyenda kazaja sobre el amor de Aisha Bibi por su marido.<\/p><p>La bella Aisha era hija del famoso hombre rico Khakim-Ata. Era conocido como Zengy baba, disc\u00edpulo de Akhmed Yassaui. Karakhan se enamor\u00f3 de Aisha, de 16 a\u00f1os, a primera vista. La maravillosa Aisha tambi\u00e9n se enamor\u00f3 de Karakhan.\u00a0<\/p><p>El padre de Aisha se neg\u00f3 a dar a su hija en matrimonio a Karakhan, que era khan, pero no tan famoso. El hombre triste se fue a su casa, ahora estas son las tierras de la moderna Taraz. Aisha advirti\u00f3 a su madre Anuar, pero no obtuvo la bendici\u00f3n de su padre y sali\u00f3 de la casa.<\/p><p>\u201cVadear\u00e1s seis r\u00edos, pero no cruzar\u00e1s el s\u00e9ptimo\u201d, llam\u00f3 el padre a Aisha. Aisha vade\u00f3 seis r\u00edos. Se detuvo ante el s\u00e9ptimo r\u00edo, recordando el hechizo de su padre.<\/p><p>La maldici\u00f3n del padre se hab\u00eda hecho realidad. La mordedura de la serpiente, que sali\u00f3 de la piedra, result\u00f3 fatal. Aqu\u00ed fue enterrada la bella muerta Aisha-Bibi. El guardi\u00e1n de la tumba se convirti\u00f3 en su inseparable enfermera y amiga: Babadja khatun.<\/p><p>La devoci\u00f3n por su amante no ten\u00eda l\u00edmites. Entonces, cuando Babadja muri\u00f3, fue enterrada cerca. Karakhan lleg\u00f3 demasiado tarde. Conmocionado y desconsolado, Karakhan orden\u00f3 que se erigiera un mausoleo sobre la tumba de su bella amada, inscribiendo as\u00ed el nombre de Aisha en la eternidad.<\/p><p>La gente dice que Karakhan vivi\u00f3 una larga vida. Tuvo varias esposas, pero se desconocen sus nombres. Cuando Karakhan estaba muriendo, orden\u00f3 enterrarlo en un lugar as\u00ed, desde donde se pudiera ver el mausoleo de Aisha.<\/p><p>Durante diez siglos, el mausoleo de Karakhan y Aisha Bibi fue el edificio m\u00e1s alto de Taraz.<\/p><p>El mausoleo en s\u00ed parece muy luminoso y elegante. Desde hace m\u00e1s de ocho siglos se mantiene, a pesar del viento y del mal tiempo, como testigo del amor verdadero.<\/p><p>Hoy en d\u00eda, las mujeres acuden al mausoleo y piden felicidad conyugal y maternidad. Todas las novias que han visitado este lugar dicen haber sentido la inusual influencia de esta aura, que se refleja en las paredes talladas del mausoleo. Seg\u00fan cuenta la leyenda, en la antig\u00fcedad los sonidos y las voces de este edificio resonaban a una distancia de entre 50 y 100 metros.<\/p><p>Se cree que quienes visiten el mausoleo de la \u201cNovia Eterna\u201d el d\u00eda de la boda vivir\u00e1n juntos durante mucho tiempo y ser\u00e1n felices.<\/p>\t\t\t\t\t\t\t\t<\/div>\n\t\t\t\t<\/div>\n\t\t\t\t\t<\/div>\n\t\t<\/div>\n\t\t\t\t\t<\/div>\n\t\t<\/section>\n\t\t\t\t<\/div>","protected":false},"excerpt":{"rendered":"<p>Mitolog\u00eda kazaja-Wiki kirgu\u00eds El origen del pueblo kazajo es complejo. Tiene su origen en los pueblos turcos y las tribus mongolas medievales. \u2026 <\/p>","protected":false},"author":1,"featured_media":0,"parent":11456,"menu_order":0,"comment_status":"closed","ping_status":"closed","template":"","meta":{"footnotes":""},"class_list":["post-22446","page","type-page","status-publish","hentry"],"amp_enabled":true,"_links":{"self":[{"href":"https:\/\/mythslegendes.com\/es\/wp-json\/wp\/v2\/pages\/22446","targetHints":{"allow":["GET"]}}],"collection":[{"href":"https:\/\/mythslegendes.com\/es\/wp-json\/wp\/v2\/pages"}],"about":[{"href":"https:\/\/mythslegendes.com\/es\/wp-json\/wp\/v2\/types\/page"}],"author":[{"embeddable":true,"href":"https:\/\/mythslegendes.com\/es\/wp-json\/wp\/v2\/users\/1"}],"replies":[{"embeddable":true,"href":"https:\/\/mythslegendes.com\/es\/wp-json\/wp\/v2\/comments?post=22446"}],"version-history":[{"count":3,"href":"https:\/\/mythslegendes.com\/es\/wp-json\/wp\/v2\/pages\/22446\/revisions"}],"predecessor-version":[{"id":22453,"href":"https:\/\/mythslegendes.com\/es\/wp-json\/wp\/v2\/pages\/22446\/revisions\/22453"}],"up":[{"embeddable":true,"href":"https:\/\/mythslegendes.com\/es\/wp-json\/wp\/v2\/pages\/11456"}],"wp:attachment":[{"href":"https:\/\/mythslegendes.com\/es\/wp-json\/wp\/v2\/media?parent=22446"}],"curies":[{"name":"wp","href":"https:\/\/api.w.org\/{rel}","templated":true}]}}