{"id":2247,"date":"2020-07-10T13:01:51","date_gmt":"2020-07-10T12:01:51","guid":{"rendered":"https:\/\/mythslegendes.com\/?page_id=2247"},"modified":"2022-12-03T22:07:06","modified_gmt":"2022-12-03T22:07:06","slug":"pantheon-lusitanien","status":"publish","type":"page","link":"https:\/\/mythslegendes.com\/es\/mitologia-iberica\/panteon-lusitano\/","title":{"rendered":"Pante\u00f3n lusitano"},"content":{"rendered":"<div data-elementor-type=\"wp-page\" data-elementor-id=\"2247\" class=\"elementor elementor-2247\">\n\t\t\t\t\t\t<section class=\"elementor-section elementor-top-section elementor-element elementor-element-6b32b92 elementor-section-boxed elementor-section-height-default elementor-section-height-default\" data-id=\"6b32b92\" data-element_type=\"section\" data-e-type=\"section\">\n\t\t\t\t\t\t<div class=\"elementor-container elementor-column-gap-default\">\n\t\t\t\t\t<div class=\"elementor-column elementor-col-50 elementor-top-column elementor-element elementor-element-58a0ff0\" data-id=\"58a0ff0\" data-element_type=\"column\" data-e-type=\"column\">\n\t\t\t<div class=\"elementor-widget-wrap elementor-element-populated\">\n\t\t\t\t\t\t<div class=\"elementor-element elementor-element-9a4eb74 elementor-align-justify elementor-widget elementor-widget-button\" data-id=\"9a4eb74\" data-element_type=\"widget\" data-e-type=\"widget\" data-widget_type=\"button.default\">\n\t\t\t\t<div class=\"elementor-widget-container\">\n\t\t\t\t\t\t\t\t\t<div class=\"elementor-button-wrapper\">\n\t\t\t\t\t<a class=\"elementor-button elementor-button-link elementor-size-sm\" href=\"https:\/\/mythslegendes.com\/es\/mitologia-iberica\/\">\n\t\t\t\t\t\t<span class=\"elementor-button-content-wrapper\">\n\t\t\t\t\t\t\t\t\t<span class=\"elementor-button-text\">Mitolog\u00eda ib\u00e9rica<\/span>\n\t\t\t\t\t<\/span>\n\t\t\t\t\t<\/a>\n\t\t\t\t<\/div>\n\t\t\t\t\t\t\t\t<\/div>\n\t\t\t\t<\/div>\n\t\t\t\t\t<\/div>\n\t\t<\/div>\n\t\t\t\t<div class=\"elementor-column elementor-col-50 elementor-top-column elementor-element elementor-element-31f14cb\" data-id=\"31f14cb\" data-element_type=\"column\" data-e-type=\"column\">\n\t\t\t<div class=\"elementor-widget-wrap elementor-element-populated\">\n\t\t\t\t\t\t<div class=\"elementor-element elementor-element-c5eb0e0 elementor-align-justify elementor-widget elementor-widget-button\" data-id=\"c5eb0e0\" data-element_type=\"widget\" data-e-type=\"widget\" data-widget_type=\"button.default\">\n\t\t\t\t<div class=\"elementor-widget-container\">\n\t\t\t\t\t\t\t\t\t<div class=\"elementor-button-wrapper\">\n\t\t\t\t\t<a class=\"elementor-button elementor-button-link elementor-size-sm\" href=\"https:\/\/en.wikipedia.org\/wiki\/Spanish_mythology\" target=\"_blank\" rel=\"noopener\">\n\t\t\t\t\t\t<span class=\"elementor-button-content-wrapper\">\n\t\t\t\t\t\t\t\t\t<span class=\"elementor-button-text\">Wiki<\/span>\n\t\t\t\t\t<\/span>\n\t\t\t\t\t<\/a>\n\t\t\t\t<\/div>\n\t\t\t\t\t\t\t\t<\/div>\n\t\t\t\t<\/div>\n\t\t\t\t\t<\/div>\n\t\t<\/div>\n\t\t\t\t\t<\/div>\n\t\t<\/section>\n\t\t\t\t<section class=\"elementor-section elementor-top-section elementor-element elementor-element-11ec5f8e elementor-section-boxed elementor-section-height-default elementor-section-height-default\" data-id=\"11ec5f8e\" data-element_type=\"section\" data-e-type=\"section\">\n\t\t\t\t\t\t<div class=\"elementor-container elementor-column-gap-default\">\n\t\t\t\t\t<div class=\"elementor-column elementor-col-100 elementor-top-column elementor-element elementor-element-4d850378\" data-id=\"4d850378\" data-element_type=\"column\" data-e-type=\"column\">\n\t\t\t<div class=\"elementor-widget-wrap elementor-element-populated\">\n\t\t\t\t\t\t<div class=\"elementor-element elementor-element-51170bfa elementor-widget elementor-widget-text-editor\" data-id=\"51170bfa\" data-element_type=\"widget\" data-e-type=\"widget\" data-widget_type=\"text-editor.default\">\n\t\t\t\t<div class=\"elementor-widget-container\">\n\t\t\t\t\t\t\t\t\t\n<p>Aqu\u00ed hay una lista no exhaustiva de los dioses y diosas del pante\u00f3n. <a href=\"https:\/\/mythslegendes.com\/es\/mitologia-iberica\/\">lusitano<\/a>.<\/p>\n<p><img decoding=\"async\" class=\"alignnone wp-image-5284 size-full\" src=\"https:\/\/mythslegendes.com\/wp-content\/uploads\/2020\/09\/AlphaOmega-e1602613368367.png\" alt=\"Pante\u00f3n lusitano\" width=\"25\" height=\"26\" title=\"\"><\/p>\n<div id=\"ez-toc-container\" class=\"ez-toc-v2_0_83 counter-hierarchy ez-toc-counter ez-toc-grey ez-toc-container-direction\">\n<div class=\"ez-toc-title-container\">\n<p class=\"ez-toc-title\" style=\"cursor:inherit\">Contenido<\/p>\n<span class=\"ez-toc-title-toggle\"><a href=\"#\" class=\"ez-toc-pull-right ez-toc-btn ez-toc-btn-xs ez-toc-btn-default ez-toc-toggle\" aria-label=\"Alternar tabla de contenidos\"><span class=\"ez-toc-js-icon-con\"><span class=\"\"><span class=\"eztoc-hide\" style=\"display:none;\">Palanca<\/span><span class=\"ez-toc-icon-toggle-span\"><svg style=\"fill: #999;color:#999\" xmlns=\"http:\/\/www.w3.org\/2000\/svg\" class=\"list-377408\" width=\"20px\" height=\"20px\" viewbox=\"0 0 24 24\" fill=\"none\"><path d=\"M6 6H4v2h2V6zm14 0H8v2h12V6zM4 11h2v2H4v-2zm16 0H8v2h12v-2zM4 16h2v2H4v-2zm16 0H8v2h12v-2z\" fill=\"currentColor\"><\/path><\/svg><svg style=\"fill: #999;color:#999\" class=\"arrow-unsorted-368013\" xmlns=\"http:\/\/www.w3.org\/2000\/svg\" width=\"10px\" height=\"10px\" viewbox=\"0 0 24 24\" version=\"1.2\" baseprofile=\"tiny\"><path d=\"M18.2 9.3l-6.2-6.3-6.2 6.3c-.2.2-.3.4-.3.7s.1.5.3.7c.2.2.4.3.7.3h11c.3 0 .5-.1.7-.3.2-.2.3-.5.3-.7s-.1-.5-.3-.7zM5.8 14.7l6.2 6.3 6.2-6.3c.2-.2.3-.5.3-.7s-.1-.5-.3-.7c-.2-.2-.4-.3-.7-.3h-11c-.3 0-.5.1-.7.3-.2.2-.3.5-.3.7s.1.5.3.7z\"\/><\/svg><\/span><\/span><\/span><\/a><\/span><\/div>\n<nav><ul class='ez-toc-list ez-toc-list-level-1' ><li class='ez-toc-page-1 ez-toc-heading-level-2'><a class=\"ez-toc-link ez-toc-heading-1\" href=\"https:\/\/mythslegendes.com\/es\/mitologia-iberica\/panteon-lusitano\/#Pantheon-lusitanien\" >Pante\u00f3n lusitano<\/a><\/li><\/ul><\/nav><\/div>\n<h2><span class=\"ez-toc-section\" id=\"Pantheon-lusitanien\"><\/span>Pante\u00f3n lusitano<span class=\"ez-toc-section-end\"><\/span><\/h2>\n<p>At\u00e9gina:<br \/>Triple Diosa: de la naturaleza, de la curaci\u00f3n y de la noche, lo que la convertir\u00eda en una deidad infernal. Identificada por los romanos en Prosepina, como la diosa de las estaciones y de la primavera. Le encontramos un santuario en Elvia. \u00a0<\/p>\n\n<p>Endovelico:<br \/>Dios de la salud y el bienestar. Su animal asociado es el jabal\u00ed. Un templo dedicado a \u00e9l se puede encontrar en S\u00e3o Miguel da Mota en el Alentejo.<\/p>\n\n<p>Ares Lusitania:<br \/>Dios de los caballos, identificado como el veh\u00edculo que permite transmitir una petici\u00f3n espiritual y acceder al cielo mediante su triunfo en el combate o su supremo sacrificio.\u00a0<\/p>\n\n<p>Bandonga<br \/>Diosa de <a href=\"https:\/\/mythslegendes.com\/es\/mythes-et-legendes-celtiques-20\/\">Celtas<\/a> lusitanos, cuyo nombre &quot;Banda&quot; significa en el idioma <a href=\"https:\/\/mythslegendes.com\/es\/mythes-et-legendes-celtiques-20\/\">c\u00e9ltico<\/a> &quot;ordenar&quot; o &quot;prohibir&quot;, pero tambi\u00e9n un prefijo femenino (todav\u00eda se usa hoy en <a href=\"https:\/\/mythslegendes.com\/es\/mitologia-irlandesa\/\">Irlanda<\/a>, por ejemplo en Banshee).<br \/><br \/>Bormanico:<br \/>Dios guardi\u00e1n de las aguas termales.<\/p>\n\n<p>Cari\u00f3ceco:<br \/>Dios de la guerra lusitano, equivalente a Marte (Ares).<\/p>\n\n<p>Epona:<br \/>Diosa de la fertilidad representada con su cuerno de la abundancia. Protector de caballos que permiti\u00f3 el acceso al m\u00e1s all\u00e1.<\/p>\n\n<p>Nabia:<br \/>Diosa de los r\u00edos y las aguas<br \/>\u00a0<br \/>Nantosvelta:<br \/>Diosa de la naturaleza y la caza.<br \/><br \/>Runesocesius:<br \/>Dios de la guerra, era misterioso y de naturaleza marcial. Form\u00f3 una trilog\u00eda con At\u00e9gina y Endov\u00e9lico.<br \/>\u00a0<br \/>Sucellus:<br \/>Dios de la agricultura, las flores y las bebidas alcoh\u00f3licas. A menudo se le representa con un barril de cerveza colgando de una estaca y el martillo de Dios. Su esposa es Nantosvelta.<\/p>\n\n<p>Tongoenabiago:<br \/>Dios de la fuente de los juramentos (su nombre significa Dios de la fuente jurada). En Braga, una fuente est\u00e1 dedicada a este Dios por las promesas que se le hicieron. Por tanto, se entiende que los juramentos fueron realizados por \u00e9l desde la fuente de su invocaci\u00f3n.<\/p>\n\n<p>Trebaruna:<br \/>Inicialmente una deidad dom\u00e9stica, m\u00e1s tarde adopt\u00f3 su papel m\u00e1s conocido como diosa del guerrero, la batalla y la muerte en la batalla. Muchas inscripciones se refieren a esta caracter\u00edstica de nuestra diosa. El nombre, explica d&#039;Arbois de Jubainville, eminente celta del cambio de siglo, de Trebo + runa, es decir &quot;secreto de la casa&quot;.<\/p>\n\t\t\t\t\t\t\t\t<\/div>\n\t\t\t\t<\/div>\n\t\t\t\t\t<\/div>\n\t\t<\/div>\n\t\t\t\t\t<\/div>\n\t\t<\/section>\n\t\t\t\t<\/div>","protected":false},"excerpt":{"rendered":"<p>Wiki Mitolog\u00eda Ib\u00e9rica Aqu\u00ed hay una lista no exhaustiva de los dioses y diosas del pante\u00f3n lusitano. Pante\u00f3n Lusitano Ategina: Triple Diosa: de \u2026 <\/p>","protected":false},"author":1,"featured_media":0,"parent":2187,"menu_order":0,"comment_status":"closed","ping_status":"closed","template":"","meta":{"footnotes":""},"class_list":["post-2247","page","type-page","status-publish","hentry"],"amp_enabled":true,"_links":{"self":[{"href":"https:\/\/mythslegendes.com\/es\/wp-json\/wp\/v2\/pages\/2247","targetHints":{"allow":["GET"]}}],"collection":[{"href":"https:\/\/mythslegendes.com\/es\/wp-json\/wp\/v2\/pages"}],"about":[{"href":"https:\/\/mythslegendes.com\/es\/wp-json\/wp\/v2\/types\/page"}],"author":[{"embeddable":true,"href":"https:\/\/mythslegendes.com\/es\/wp-json\/wp\/v2\/users\/1"}],"replies":[{"embeddable":true,"href":"https:\/\/mythslegendes.com\/es\/wp-json\/wp\/v2\/comments?post=2247"}],"version-history":[{"count":1,"href":"https:\/\/mythslegendes.com\/es\/wp-json\/wp\/v2\/pages\/2247\/revisions"}],"predecessor-version":[{"id":24749,"href":"https:\/\/mythslegendes.com\/es\/wp-json\/wp\/v2\/pages\/2247\/revisions\/24749"}],"up":[{"embeddable":true,"href":"https:\/\/mythslegendes.com\/es\/wp-json\/wp\/v2\/pages\/2187"}],"wp:attachment":[{"href":"https:\/\/mythslegendes.com\/es\/wp-json\/wp\/v2\/media?parent=2247"}],"curies":[{"name":"wp","href":"https:\/\/api.w.org\/{rel}","templated":true}]}}