{"id":22471,"date":"2022-08-08T10:03:43","date_gmt":"2022-08-08T10:03:43","guid":{"rendered":"https:\/\/mythslegendes.com\/?page_id=22471"},"modified":"2022-08-08T10:09:36","modified_gmt":"2022-08-08T10:09:36","slug":"sacrifice-humain-pour-une-nouvelle-maison","status":"publish","type":"page","link":"https:\/\/mythslegendes.com\/es\/mitologia-maori\/sacrificio-humano-por-un-nuevo-hogar\/","title":{"rendered":"Sacrificio humano por un nuevo hogar."},"content":{"rendered":"<div data-elementor-type=\"wp-page\" data-elementor-id=\"22471\" class=\"elementor elementor-22471\">\n\t\t\t\t\t\t<section class=\"elementor-section elementor-top-section elementor-element elementor-element-125d213 elementor-section-boxed elementor-section-height-default elementor-section-height-default\" data-id=\"125d213\" data-element_type=\"section\" data-e-type=\"section\">\n\t\t\t\t\t\t<div class=\"elementor-container elementor-column-gap-default\">\n\t\t\t\t\t<div class=\"elementor-column elementor-col-50 elementor-top-column elementor-element elementor-element-fb744ac\" data-id=\"fb744ac\" data-element_type=\"column\" data-e-type=\"column\">\n\t\t\t<div class=\"elementor-widget-wrap elementor-element-populated\">\n\t\t\t\t\t\t<div class=\"elementor-element elementor-element-df89208 elementor-align-justify elementor-widget elementor-widget-button\" data-id=\"df89208\" data-element_type=\"widget\" data-e-type=\"widget\" data-widget_type=\"button.default\">\n\t\t\t\t<div class=\"elementor-widget-container\">\n\t\t\t\t\t\t\t\t\t<div class=\"elementor-button-wrapper\">\n\t\t\t\t\t<a class=\"elementor-button elementor-button-link elementor-size-sm\" href=\"https:\/\/mythslegendes.com\/es\/mitologia-maori\/\">\n\t\t\t\t\t\t<span class=\"elementor-button-content-wrapper\">\n\t\t\t\t\t\t\t\t\t<span class=\"elementor-button-text\">Mitolog\u00eda maor\u00ed<\/span>\n\t\t\t\t\t<\/span>\n\t\t\t\t\t<\/a>\n\t\t\t\t<\/div>\n\t\t\t\t\t\t\t\t<\/div>\n\t\t\t\t<\/div>\n\t\t\t\t\t<\/div>\n\t\t<\/div>\n\t\t\t\t<div class=\"elementor-column elementor-col-50 elementor-top-column elementor-element elementor-element-577f017\" data-id=\"577f017\" data-element_type=\"column\" data-e-type=\"column\">\n\t\t\t<div class=\"elementor-widget-wrap elementor-element-populated\">\n\t\t\t\t\t\t<div class=\"elementor-element elementor-element-7c19522 elementor-align-justify elementor-widget elementor-widget-button\" data-id=\"7c19522\" data-element_type=\"widget\" data-e-type=\"widget\" data-widget_type=\"button.default\">\n\t\t\t\t<div class=\"elementor-widget-container\">\n\t\t\t\t\t\t\t\t\t<div class=\"elementor-button-wrapper\">\n\t\t\t\t\t<a class=\"elementor-button elementor-button-link elementor-size-sm\" href=\"https:\/\/nzetc.victoria.ac.nz\/tm\/scholarly\/tei-Bes01Reli.html\" target=\"_blank\" rel=\"noopener\">\n\t\t\t\t\t\t<span class=\"elementor-button-content-wrapper\">\n\t\t\t\t\t\t\t\t\t<span class=\"elementor-button-text\">Wiki<\/span>\n\t\t\t\t\t<\/span>\n\t\t\t\t\t<\/a>\n\t\t\t\t<\/div>\n\t\t\t\t\t\t\t\t<\/div>\n\t\t\t\t<\/div>\n\t\t\t\t\t<\/div>\n\t\t<\/div>\n\t\t\t\t\t<\/div>\n\t\t<\/section>\n\t\t\t\t<section class=\"elementor-section elementor-top-section elementor-element elementor-element-608e86a elementor-section-boxed elementor-section-height-default elementor-section-height-default\" data-id=\"608e86a\" data-element_type=\"section\" data-e-type=\"section\">\n\t\t\t\t\t\t<div class=\"elementor-container elementor-column-gap-default\">\n\t\t\t\t\t<div class=\"elementor-column elementor-col-100 elementor-top-column elementor-element elementor-element-d72bbdf\" data-id=\"d72bbdf\" data-element_type=\"column\" data-e-type=\"column\">\n\t\t\t<div class=\"elementor-widget-wrap elementor-element-populated\">\n\t\t\t\t\t\t<div class=\"elementor-element elementor-element-da569ad elementor-widget elementor-widget-text-editor\" data-id=\"da569ad\" data-element_type=\"widget\" data-e-type=\"widget\" data-widget_type=\"text-editor.default\">\n\t\t\t\t<div class=\"elementor-widget-container\">\n\t\t\t\t\t\t\t\t\t<p>Cuando se instalaron <a href=\"https:\/\/mythslegendes.com\/es\/mitologia-maori\/\">Nueva Zelanda<\/a>, los maor\u00edes trajeron de las distintas islas de donde proced\u00edan un cierto n\u00famero de historias que adaptaron a su nuevo entorno y desarrollaron. Esto es parte de su cultura: el sacrificio humano por un nuevo hogar.<\/p><p><img decoding=\"async\" class=\"alignnone wp-image-9347 size-full\" src=\"http:\/\/mythslegendes.com\/wp-content\/uploads\/2020\/09\/cropped-AlphaOmega-e1602613368367.png\" alt=\"sacrificio humano por un nuevo hogar\" width=\"25\" height=\"25\" title=\"\"><\/p>\t\t\t\t\t\t\t\t<\/div>\n\t\t\t\t<\/div>\n\t\t\t\t\t<\/div>\n\t\t<\/div>\n\t\t\t\t\t<\/div>\n\t\t<\/section>\n\t\t\t\t<section class=\"elementor-section elementor-top-section elementor-element elementor-element-722e1af elementor-section-boxed elementor-section-height-default elementor-section-height-default\" data-id=\"722e1af\" data-element_type=\"section\" data-e-type=\"section\">\n\t\t\t\t\t\t<div class=\"elementor-container elementor-column-gap-default\">\n\t\t\t\t\t<div class=\"elementor-column elementor-col-100 elementor-top-column elementor-element elementor-element-a39a3e0\" data-id=\"a39a3e0\" data-element_type=\"column\" data-e-type=\"column\">\n\t\t\t<div class=\"elementor-widget-wrap elementor-element-populated\">\n\t\t\t\t\t\t<div class=\"elementor-element elementor-element-7b1bfb5 elementor-widget elementor-widget-heading\" data-id=\"7b1bfb5\" data-element_type=\"widget\" data-e-type=\"widget\" data-widget_type=\"heading.default\">\n\t\t\t\t<div class=\"elementor-widget-container\">\n\t\t\t\t\t<div id=\"ez-toc-container\" class=\"ez-toc-v2_0_82_2 counter-hierarchy ez-toc-counter ez-toc-grey ez-toc-container-direction\">\n<div class=\"ez-toc-title-container\">\n<p class=\"ez-toc-title\" style=\"cursor:inherit\">Contenido<\/p>\n<span class=\"ez-toc-title-toggle\"><a href=\"#\" class=\"ez-toc-pull-right ez-toc-btn ez-toc-btn-xs ez-toc-btn-default ez-toc-toggle\" aria-label=\"Alternar tabla de contenidos\"><span class=\"ez-toc-js-icon-con\"><span class=\"\"><span class=\"eztoc-hide\" style=\"display:none;\">Palanca<\/span><span class=\"ez-toc-icon-toggle-span\"><svg style=\"fill: #999;color:#999\" xmlns=\"http:\/\/www.w3.org\/2000\/svg\" class=\"list-377408\" width=\"20px\" height=\"20px\" viewbox=\"0 0 24 24\" fill=\"none\"><path d=\"M6 6H4v2h2V6zm14 0H8v2h12V6zM4 11h2v2H4v-2zm16 0H8v2h12v-2zM4 16h2v2H4v-2zm16 0H8v2h12v-2z\" fill=\"currentColor\"><\/path><\/svg><svg style=\"fill: #999;color:#999\" class=\"arrow-unsorted-368013\" xmlns=\"http:\/\/www.w3.org\/2000\/svg\" width=\"10px\" height=\"10px\" viewbox=\"0 0 24 24\" version=\"1.2\" baseprofile=\"tiny\"><path d=\"M18.2 9.3l-6.2-6.3-6.2 6.3c-.2.2-.3.4-.3.7s.1.5.3.7c.2.2.4.3.7.3h11c.3 0 .5-.1.7-.3.2-.2.3-.5.3-.7s-.1-.5-.3-.7zM5.8 14.7l6.2 6.3 6.2-6.3c.2-.2.3-.5.3-.7s-.1-.5-.3-.7c-.2-.2-.4-.3-.7-.3h-11c-.3 0-.5.1-.7.3-.2.2-.3.5-.3.7s.1.5.3.7z\"\/><\/svg><\/span><\/span><\/span><\/a><\/span><\/div>\n<nav><ul class='ez-toc-list ez-toc-list-level-1' ><li class='ez-toc-page-1 ez-toc-heading-level-2'><a class=\"ez-toc-link ez-toc-heading-1\" href=\"https:\/\/mythslegendes.com\/es\/mitologia-maori\/sacrificio-humano-por-un-nuevo-hogar\/#Le-sacrifice-humain-pour-une-nouvelle-maison\" >Sacrificio humano por un nuevo hogar.<\/a><\/li><\/ul><\/nav><\/div>\n<h2 class=\"elementor-heading-title elementor-size-default\"><span class=\"ez-toc-section\" id=\"Le-sacrifice-humain-pour-une-nouvelle-maison\"><\/span>Sacrificio humano por un nuevo hogar.<span class=\"ez-toc-section-end\"><\/span><\/h2>\t\t\t\t<\/div>\n\t\t\t\t<\/div>\n\t\t\t\t\t<\/div>\n\t\t<\/div>\n\t\t\t\t\t<\/div>\n\t\t<\/section>\n\t\t\t\t<section class=\"elementor-section elementor-top-section elementor-element elementor-element-8054893 elementor-section-boxed elementor-section-height-default elementor-section-height-default\" data-id=\"8054893\" data-element_type=\"section\" data-e-type=\"section\">\n\t\t\t\t\t\t<div class=\"elementor-container elementor-column-gap-default\">\n\t\t\t\t\t<div class=\"elementor-column elementor-col-100 elementor-top-column elementor-element elementor-element-54429f6\" data-id=\"54429f6\" data-element_type=\"column\" data-e-type=\"column\">\n\t\t\t<div class=\"elementor-widget-wrap elementor-element-populated\">\n\t\t\t\t\t\t<div class=\"elementor-element elementor-element-c620a62 elementor-widget elementor-widget-text-editor\" data-id=\"c620a62\" data-element_type=\"widget\" data-e-type=\"widget\" data-widget_type=\"text-editor.default\">\n\t\t\t\t<div class=\"elementor-widget-container\">\n\t\t\t\t\t\t\t\t\t<p>Aqu\u00ed tenemos una costumbre b\u00e1rbara tan antigua como los d\u00edas de la superstici\u00f3n y la locura humanas. La costumbre de sacrificar un ser humano para la construcci\u00f3n de una nueva casa o fortaleza es muy antigua; Se puede acceder a mucha informaci\u00f3n sobre este tema en Primitive Culture de Tylor y en las obras de Andrew Lang y otros escritores. En todo el mundo se han colocado cimientos y vigas con sangre humana, y esta abominable costumbre s\u00f3lo se practicaba hace unos pocos siglos en Europa.\u00a0<\/p><p>Todav\u00eda sabemos de sus supervivencias, como cuando colocamos monedas u otros objetos debajo de una primera piedra. Como tales costumbres salvajes se volvieron desagradables, se utilizaron sustitutos del sacrificio humano, hasta quedar reducidos a las monedas mencionadas. Entre los Takitumu de la costa oriental de nuestra Isla Norte, la pr\u00e1ctica de matar seres humanos era quiz\u00e1s menos evidente que entre otras tribus.\u00a0<\/p><p>Seg\u00fan la conocida tradici\u00f3n de Taraia, se cuenta que hizo enterrar a su propio hijo al pie de un poste en su nueva casa; pero en una versi\u00f3n se nos informa que el ni\u00f1o condenado fue salvado y en su lugar se puso un sustituto en forma de hijo de una esclava.<\/p><p>La creencia general asociada con esta pr\u00e1ctica parece haber sido que tal sacrificio era necesario para asegurar la estabilidad y durabilidad del edificio, ya fuera una casa, un fuerte o un puente. La v\u00edctima fue enterrada bajo un poste principal o piedra fundamental para que pudiera sostenerlo.\u00a0<\/p><p>En algunos casos, fueron enterrados vivos o la persona viva fue encerrada en un muro de piedra; en otros, colocaban a una persona en un agujero o cimiento y la mataban coloc\u00e1ndole encima un poste enorme o piedras de cimiento. En verdad, la inhumanidad del hombre hacia el hombre ha estado marcada por una diablura ingeniosa.<\/p><p>Al parecer, los sacrificios humanos por un nuevo hogar no eran en modo alguno una costumbre com\u00fan en Nueva Zelanda. Ciertamente no era universal y estaba vinculado s\u00f3lo al tipo superior de casa, casas cuidadosamente enmarcadas con madera ornamentada, generalmente decoradas con tallas y dise\u00f1os decorativos pintados, como los que pertenec\u00edan s\u00f3lo a los jefes importantes. Ninguna funci\u00f3n de este tipo ha caracterizado nunca la construcci\u00f3n de viviendas ordinarias.\u00a0<\/p><p>Una vez m\u00e1s, a menudo es dif\u00edcil distinguir entre el sacrificio humano ceremonial, con respecto \u00fanicamente a las observancias rituales, como enterrar a la v\u00edctima al pie de una estaca, y el simple asesinato de un esclavo para agregar prestigio al evento o para servir como la parte m\u00e1s importante de una fiesta. En muchos casos simplemente se nos dice que una persona fue asesinada por la nueva casa de cierto jefe, el tatuaje de cierta joven o el bautismo de un hijo de una persona de rango.\u00a0<\/p><p>Esto podr\u00eda hacerse respecto del sacrificio formal de un ser humano para influir en los dioses, o el asesinato de una persona para dar brillo a un cargo, o el simple asesinato de un esclavo para servir, como plato principal, en un fiesta de inauguraci\u00f3n.<\/p><p>El t\u00e9rmino raukakai, aplicado a un sacrificio humano, se encuentra en historias antiguas. As\u00ed, en la p\u00e1g. 38 del vol. 7 del Journal of the Polynesian Society encontramos esta frase, He raukakai ka tukua hei tohi i te whare me ka oti; del cual se da una traducci\u00f3n: \u201cSe da un sacrificio vivo para dedicar un edificio de importancia hasta su finalizaci\u00f3n\u201d. \u00bb La importancia de la casa est\u00e1 impl\u00edcita pero no indicada en el original.<\/p><p>La ceremonia que se realiza en una casa nueva de este tipo generalmente se llama kawanga, mientras que la palabra tohi se usa para referirse a las ceremonias realizadas a las personas. Algunas notas adicionales sobre este tema se pueden encontrar en la p. 153 del vol. 5 de la Revista de la Sociedad Polinesia.<\/p><p>Tutakangahau, de la tribu Tuhoe, me inform\u00f3 que los miembros de su tribu sacrificaban ocasionalmente a un ser humano al construir una casa nueva importante. El cuerpo de la desafortunada v\u00edctima fue enterrado en la base del poste central que sostiene la cresta; no hay evidencia de que fue enterrado vivo. Una v\u00edctima eliminada de esta manera se llamaba whatu.\u00a0<\/p><p>Incluso si se enterraba as\u00ed una piedra en la base del poste, o un p\u00e1jaro, o un lagarto, se le llamaba whatu, palabra utilizada en este contexto aparentemente en su sentido de &quot;n\u00facleo&quot;; actuaba como una especie de talism\u00e1n que preservaba el bienestar de los propietarios de la casa. Este cuerpo humano, de lagarto, de p\u00e1jaro o de piedra representaba la vitalidad y el bienestar general de la casa, las tierras y las personas, preservados y custodiados por los dioses. Eran manea, o ika purapura, es decir mauri, y todos protegidos contra los formidables efectos de la magia negra.\u00a0<\/p><p>Entre algunas tribus, estos objetos talism\u00e1nicos eran enterrados en la base del poste trasero, en la pared trasera de la casa, como era el caso entre los Takitumu.<\/p><p>En el relato publicado de la visita de Sir G. Grey a Taupo en 1850, se nos dice que dos nativos Ngati-Awa hab\u00edan sido asesinados all\u00ed unos dos a\u00f1os antes durante la ceremonia de inauguraci\u00f3n de una nueva casa. En este caso, sin embargo, el asesinato parece haber estado motivado, al menos en parte, por un deseo de venganza.<\/p><p>Los sacrificios humanos tambi\u00e9n eran conocidos entre los familiares de los maor\u00edes que viv\u00edan en las islas de la Polinesia. TIENE <a href=\"https:\/\/mythslegendes.com\/es\/cocinera-mitologia\/\">Mangaia<\/a>, fueron hechos para Rongo y otros dioses, como nos cuenta el reverendo W. Gill. Estas ofrendas se hac\u00edan en relaci\u00f3n tanto con la guerra como con la paz. Algunas familias tuvieron que realizar los sacrificios humanos necesarios para el inter\u00e9s de la comunidad.<\/p><p>Un curioso incidente relacionado con la costumbre del sacrificio humano en la isla de Mangaia, grupo Cook, fue relatado al escritor por el coronel Gudgeon. Cuando se celebr\u00f3 un tribunal de tierras en esta isla hace unos a\u00f1os, cierto nativo se present\u00f3 y reclam\u00f3 derechos de propiedad sobre unas tierras. Esta denuncia fue recibida en un silencio sepulcral; nadie habl\u00f3, hasta que un anciano se adelant\u00f3 y le dijo al solicitante:\u00a0<\/p><p>&quot; Estas muerto. Ni usted ni sus hijos pueden reclamar tierras. Has estado muerto durante generaciones. Luego explic\u00f3 al tribunal que el abuelo del demandante hab\u00eda sido elegido hac\u00eda mucho tiempo como sacrificio humano a los dioses, pero se hab\u00eda negado a serlo, por lo que su hermano hab\u00eda ocupado voluntariamente su lugar. El primero intent\u00f3 buscar refugio en otra tribu, pero \u00e9stas se negaron a recibirlo, por lo que se retir\u00f3 a una parte remota o salvaje de la isla, y all\u00ed vivi\u00f3 el resto de sus d\u00edas.\u00a0<\/p><p>Fue desterrado y tambi\u00e9n considerado muerto. Ni \u00e9l ni sus descendientes pod\u00edan poseer tierras ni poseer ning\u00fan derecho, mientras que los descendientes del hermano pose\u00edan todos los derechos tribales.<\/p><p>EN <a href=\"https:\/\/mythslegendes.com\/es\/cocinera-mitologia\/\">Rarotonga<\/a>, un ser humano fue sacrificado en el nacimiento de un hijo del l\u00edder principal. El reverendo Gill nos dice que \u201cen el nacimiento del hijo primog\u00e9nito del rey reinante Makea, una v\u00edctima humana previamente fijada fue asesinada. El beb\u00e9 real fue colocado sobre el cad\u00e1ver en un intento de cortar la cadena del ombligo. , indicando as\u00ed el control absoluto que ejercer\u00eda sobre la vida de sus s\u00fabditos al suceder en el trono de su padre. \u00bb<\/p><p>Ellis afirma que <a href=\"https:\/\/mythslegendes.com\/es\/mitologia-tahitiana-del-viento\/\">Tahit\u00ed<\/a>, se realiz\u00f3 un sacrificio humano durante la construcci\u00f3n de un templo. Y a\u00f1ade: \u201cVarios habitantes de Maeva me han informado que los cimientos de algunos de los edificios destinados a la morada de sus dioses fueron en realidad puestos como sacrificios humanos; que al menos el pilar central que sostiene el techo de uno de los lugares sagrados de las casas de Maeva fue plantado sobre el cuerpo de un hombre...\u00a0<\/p><p>Los desafortunados seleccionados eran cautivos tomados en la guerra o individuos que se hab\u00edan hecho odiosos ante el jefe o los sacerdotes. Cuando eran buscados, el rey, a petici\u00f3n del sacerdote, enviaba una piedra al jefe del distrito del que se requer\u00edan las v\u00edctimas. Si se recib\u00eda la piedra, era un indicio de la intenci\u00f3n de cumplir con la requisa.<\/p><p>El mismo escritor nos cuenta que una ofrenda similar se hac\u00eda a los dioses en tiempos de guerra. Estas v\u00edctimas, consideradas ofrendas tapu, se llamaban amo&#039;a tapu, del mismo modo que en Nueva Zelanda se llamaba Amonga tapu a una ofrenda a los dioses. Tambi\u00e9n en ambos lugares se llamaba \u201cpez\u201d a los seres humanos dedicados a este fin.\u00a0<\/p><p>Cook escribi\u00f3 bastante sobre esta costumbre en Tahit\u00ed, pero el material proporcionado dif\u00edcilmente puede considerarse satisfactorio teniendo en cuenta que su conocimiento de la lengua nativa debe haber sido muy pobre.<\/p><p>Tambi\u00e9n se hac\u00edan sacrificios humanos a los dioses en las islas hawaianas y otros grupos e islas polinesias. En Fiji tenemos evidencia de seres humanos vivos enterrados al pie de postes de casas.\u00a0<\/p><p>As\u00ed, Sir E. Im Thurn declar\u00f3 que &quot;cuando un jefe de Fiji constru\u00eda una casa, algunos de sus dependientes, a quienes el gran hombre reprend\u00eda por este prop\u00f3sito, bajaban voluntariamente a los agujeros que hab\u00edan sido cavados para los postes de la casa, y permanecieron all\u00ed mientras la tierra se llenaba sobre ellos, y continuaron a partir de entonces como soportes permanentes de la casa. \u00bb<\/p><p>El Sr. Coleman Wall, escribiendo en 1916, coment\u00f3 sobre esta costumbre de los fiyianos: &quot;Enterraban a hombres de pie bajo los postes de los templos y las casas de los jefes. M\u00e1s tarde, parece que las v\u00edctimas fueron las primeras en ser apaleadas. \u00bb<\/p><p>En At Home in Fiji, de Gordon Cumming, encontramos el siguiente relato: &quot;Se cavaron una serie de grandes agujeros para dar cabida a los postes principales de la casa, y tan pronto como los levantaron, un grupo de desdichados fueron llevados al lugar, y uno Se vio obligado a bajar a cada hoyo y permanecer all\u00ed con los brazos cruzados a su alrededor.\u00a0<\/p><p>Luego se llen\u00f3 la tierra y las miserables v\u00edctimas fueron as\u00ed enterradas vivas, obteniendo todo el consuelo que pudieron de la creencia de que la tarea que se les asignaba era de gran honor, ya que aseguraba la estabilidad de la casa del jefe.<\/p><p>Ahora podemos ver que esta b\u00e1rbara costumbre era antigua en la regi\u00f3n del Pac\u00edfico. Es posible que haya sido introducido aqu\u00ed, en una forma modificada, desde Fiji, o puede que haya sido tra\u00eddo desde la Polinesia. Encontramos entre las costumbres, artes, etc. Maor\u00edes, curiosas semejanzas con otros similares de Melanesia, mientras que en ciertos casos no encontramos paralelos en la Polinesia donde naturalmente los buscar\u00edamos.<\/p><p>Una nota en el vol. 23 del Journal of the Polynesian Society afirma que en Sarawak, Borneo, &quot;la costumbre de atravesar el cuerpo de una esclava con el poste principal de un nuevo edificio estaba muy extendida entre los nativos de Sarawak hasta hace pocos a\u00f1os&quot;. En la obra de H. Ling Roth Los nativos de Sarawak se da cuenta de esta costumbre, mostrando que la ni\u00f1a era colocada en el agujero y el enorme palo ca\u00eda sobre su cuerpo.\u00a0<\/p><p>En el pasado, los sacrificios humanos se realizaban durante ceremonias relacionadas con los entierros y el establecimiento de la paz. As\u00ed, encontramos que esta antigua costumbre del sacrificio humano por una nueva casa se ha arraigado en muchos pa\u00edses.<\/p>\t\t\t\t\t\t\t\t<\/div>\n\t\t\t\t<\/div>\n\t\t\t\t\t<\/div>\n\t\t<\/div>\n\t\t\t\t\t<\/div>\n\t\t<\/section>\n\t\t\t\t<\/div>","protected":false},"excerpt":{"rendered":"<p>Mitolog\u00eda Wiki maor\u00ed Cuando se establecieron en Nueva Zelanda, los maor\u00edes trajeron de las diversas islas de las que eran originarios, un n\u00famero... <\/p>","protected":false},"author":1,"featured_media":0,"parent":2889,"menu_order":0,"comment_status":"closed","ping_status":"closed","template":"","meta":{"footnotes":""},"class_list":["post-22471","page","type-page","status-publish","hentry"],"amp_enabled":true,"_links":{"self":[{"href":"https:\/\/mythslegendes.com\/es\/wp-json\/wp\/v2\/pages\/22471","targetHints":{"allow":["GET"]}}],"collection":[{"href":"https:\/\/mythslegendes.com\/es\/wp-json\/wp\/v2\/pages"}],"about":[{"href":"https:\/\/mythslegendes.com\/es\/wp-json\/wp\/v2\/types\/page"}],"author":[{"embeddable":true,"href":"https:\/\/mythslegendes.com\/es\/wp-json\/wp\/v2\/users\/1"}],"replies":[{"embeddable":true,"href":"https:\/\/mythslegendes.com\/es\/wp-json\/wp\/v2\/comments?post=22471"}],"version-history":[{"count":3,"href":"https:\/\/mythslegendes.com\/es\/wp-json\/wp\/v2\/pages\/22471\/revisions"}],"predecessor-version":[{"id":22475,"href":"https:\/\/mythslegendes.com\/es\/wp-json\/wp\/v2\/pages\/22471\/revisions\/22475"}],"up":[{"embeddable":true,"href":"https:\/\/mythslegendes.com\/es\/wp-json\/wp\/v2\/pages\/2889"}],"wp:attachment":[{"href":"https:\/\/mythslegendes.com\/es\/wp-json\/wp\/v2\/media?parent=22471"}],"curies":[{"name":"wp","href":"https:\/\/api.w.org\/{rel}","templated":true}]}}