{"id":22476,"date":"2022-08-08T10:10:17","date_gmt":"2022-08-08T10:10:17","guid":{"rendered":"https:\/\/mythslegendes.com\/?page_id=22476"},"modified":"2022-08-08T10:14:03","modified_gmt":"2022-08-08T10:14:03","slug":"sacrifice-humain-pour-un-nouveau-canoe","status":"publish","type":"page","link":"https:\/\/mythslegendes.com\/es\/mitologia-maori\/sacrificio-humano-por-una-canoa-nueva\/","title":{"rendered":"Sacrificio humano por una canoa nueva"},"content":{"rendered":"<div data-elementor-type=\"wp-page\" data-elementor-id=\"22476\" class=\"elementor elementor-22476\">\n\t\t\t\t\t\t<section class=\"elementor-section elementor-top-section elementor-element elementor-element-2b5d02c elementor-section-boxed elementor-section-height-default elementor-section-height-default\" data-id=\"2b5d02c\" data-element_type=\"section\" data-e-type=\"section\">\n\t\t\t\t\t\t<div class=\"elementor-container elementor-column-gap-default\">\n\t\t\t\t\t<div class=\"elementor-column elementor-col-50 elementor-top-column elementor-element elementor-element-c4e28d8\" data-id=\"c4e28d8\" data-element_type=\"column\" data-e-type=\"column\">\n\t\t\t<div class=\"elementor-widget-wrap elementor-element-populated\">\n\t\t\t\t\t\t<div class=\"elementor-element elementor-element-25284d5 elementor-align-justify elementor-widget elementor-widget-button\" data-id=\"25284d5\" data-element_type=\"widget\" data-e-type=\"widget\" data-widget_type=\"button.default\">\n\t\t\t\t<div class=\"elementor-widget-container\">\n\t\t\t\t\t\t\t\t\t<div class=\"elementor-button-wrapper\">\n\t\t\t\t\t<a class=\"elementor-button elementor-button-link elementor-size-sm\" href=\"https:\/\/mythslegendes.com\/es\/mitologia-maori\/\">\n\t\t\t\t\t\t<span class=\"elementor-button-content-wrapper\">\n\t\t\t\t\t\t\t\t\t<span class=\"elementor-button-text\">Mitolog\u00eda maor\u00ed<\/span>\n\t\t\t\t\t<\/span>\n\t\t\t\t\t<\/a>\n\t\t\t\t<\/div>\n\t\t\t\t\t\t\t\t<\/div>\n\t\t\t\t<\/div>\n\t\t\t\t\t<\/div>\n\t\t<\/div>\n\t\t\t\t<div class=\"elementor-column elementor-col-50 elementor-top-column elementor-element elementor-element-bd6fb6a\" data-id=\"bd6fb6a\" data-element_type=\"column\" data-e-type=\"column\">\n\t\t\t<div class=\"elementor-widget-wrap elementor-element-populated\">\n\t\t\t\t\t\t<div class=\"elementor-element elementor-element-0600950 elementor-align-justify elementor-widget elementor-widget-button\" data-id=\"0600950\" data-element_type=\"widget\" data-e-type=\"widget\" data-widget_type=\"button.default\">\n\t\t\t\t<div class=\"elementor-widget-container\">\n\t\t\t\t\t\t\t\t\t<div class=\"elementor-button-wrapper\">\n\t\t\t\t\t<a class=\"elementor-button elementor-button-link elementor-size-sm\" href=\"https:\/\/nzetc.victoria.ac.nz\/tm\/scholarly\/tei-Bes01Reli.html\" target=\"_blank\" rel=\"noopener\">\n\t\t\t\t\t\t<span class=\"elementor-button-content-wrapper\">\n\t\t\t\t\t\t\t\t\t<span class=\"elementor-button-text\">Wiki<\/span>\n\t\t\t\t\t<\/span>\n\t\t\t\t\t<\/a>\n\t\t\t\t<\/div>\n\t\t\t\t\t\t\t\t<\/div>\n\t\t\t\t<\/div>\n\t\t\t\t\t<\/div>\n\t\t<\/div>\n\t\t\t\t\t<\/div>\n\t\t<\/section>\n\t\t\t\t<section class=\"elementor-section elementor-top-section elementor-element elementor-element-40ad319 elementor-section-boxed elementor-section-height-default elementor-section-height-default\" data-id=\"40ad319\" data-element_type=\"section\" data-e-type=\"section\">\n\t\t\t\t\t\t<div class=\"elementor-container elementor-column-gap-default\">\n\t\t\t\t\t<div class=\"elementor-column elementor-col-100 elementor-top-column elementor-element elementor-element-773e477\" data-id=\"773e477\" data-element_type=\"column\" data-e-type=\"column\">\n\t\t\t<div class=\"elementor-widget-wrap elementor-element-populated\">\n\t\t\t\t\t\t<div class=\"elementor-element elementor-element-952a994 elementor-widget elementor-widget-text-editor\" data-id=\"952a994\" data-element_type=\"widget\" data-e-type=\"widget\" data-widget_type=\"text-editor.default\">\n\t\t\t\t<div class=\"elementor-widget-container\">\n\t\t\t\t\t\t\t\t\t<p>Cuando se instalaron <a href=\"https:\/\/mythslegendes.com\/es\/mitologia-maori\/\">Nueva Zelanda<\/a>, los maor\u00edes trajeron de las distintas islas de donde proced\u00edan un cierto n\u00famero de historias que adaptaron a su nuevo entorno y desarrollaron. Esto es parte de su cultura: el sacrificio humano por una canoa nueva.<\/p><p><img decoding=\"async\" class=\"alignnone wp-image-9347 size-full\" src=\"http:\/\/mythslegendes.com\/wp-content\/uploads\/2020\/09\/cropped-AlphaOmega-e1602613368367.png\" alt=\"sacrificio humano por una canoa nueva\" width=\"25\" height=\"25\" title=\"\"><\/p>\t\t\t\t\t\t\t\t<\/div>\n\t\t\t\t<\/div>\n\t\t\t\t\t<\/div>\n\t\t<\/div>\n\t\t\t\t\t<\/div>\n\t\t<\/section>\n\t\t\t\t<section class=\"elementor-section elementor-top-section elementor-element elementor-element-d4812a4 elementor-section-boxed elementor-section-height-default elementor-section-height-default\" data-id=\"d4812a4\" data-element_type=\"section\" data-e-type=\"section\">\n\t\t\t\t\t\t<div class=\"elementor-container elementor-column-gap-default\">\n\t\t\t\t\t<div class=\"elementor-column elementor-col-100 elementor-top-column elementor-element elementor-element-539c71c\" data-id=\"539c71c\" data-element_type=\"column\" data-e-type=\"column\">\n\t\t\t<div class=\"elementor-widget-wrap elementor-element-populated\">\n\t\t\t\t\t\t<div class=\"elementor-element elementor-element-4c81db9 elementor-widget elementor-widget-heading\" data-id=\"4c81db9\" data-element_type=\"widget\" data-e-type=\"widget\" data-widget_type=\"heading.default\">\n\t\t\t\t<div class=\"elementor-widget-container\">\n\t\t\t\t\t<div id=\"ez-toc-container\" class=\"ez-toc-v2_0_82_2 counter-hierarchy ez-toc-counter ez-toc-grey ez-toc-container-direction\">\n<div class=\"ez-toc-title-container\">\n<p class=\"ez-toc-title\" style=\"cursor:inherit\">Contenido<\/p>\n<span class=\"ez-toc-title-toggle\"><a href=\"#\" class=\"ez-toc-pull-right ez-toc-btn ez-toc-btn-xs ez-toc-btn-default ez-toc-toggle\" aria-label=\"Alternar tabla de contenidos\"><span class=\"ez-toc-js-icon-con\"><span class=\"\"><span class=\"eztoc-hide\" style=\"display:none;\">Palanca<\/span><span class=\"ez-toc-icon-toggle-span\"><svg style=\"fill: #999;color:#999\" xmlns=\"http:\/\/www.w3.org\/2000\/svg\" class=\"list-377408\" width=\"20px\" height=\"20px\" viewbox=\"0 0 24 24\" fill=\"none\"><path d=\"M6 6H4v2h2V6zm14 0H8v2h12V6zM4 11h2v2H4v-2zm16 0H8v2h12v-2zM4 16h2v2H4v-2zm16 0H8v2h12v-2z\" fill=\"currentColor\"><\/path><\/svg><svg style=\"fill: #999;color:#999\" class=\"arrow-unsorted-368013\" xmlns=\"http:\/\/www.w3.org\/2000\/svg\" width=\"10px\" height=\"10px\" viewbox=\"0 0 24 24\" version=\"1.2\" baseprofile=\"tiny\"><path d=\"M18.2 9.3l-6.2-6.3-6.2 6.3c-.2.2-.3.4-.3.7s.1.5.3.7c.2.2.4.3.7.3h11c.3 0 .5-.1.7-.3.2-.2.3-.5.3-.7s-.1-.5-.3-.7zM5.8 14.7l6.2 6.3 6.2-6.3c.2-.2.3-.5.3-.7s-.1-.5-.3-.7c-.2-.2-.4-.3-.7-.3h-11c-.3 0-.5.1-.7.3-.2.2-.3.5-.3.7s.1.5.3.7z\"\/><\/svg><\/span><\/span><\/span><\/a><\/span><\/div>\n<nav><ul class='ez-toc-list ez-toc-list-level-1' ><li class='ez-toc-page-1 ez-toc-heading-level-2'><a class=\"ez-toc-link ez-toc-heading-1\" href=\"https:\/\/mythslegendes.com\/es\/mitologia-maori\/sacrificio-humano-por-una-canoa-nueva\/#Le-sacrifice-humain-pour-un-nouveau-canoe\" >El sacrificio humano por una canoa nueva<\/a><\/li><\/ul><\/nav><\/div>\n<h2 class=\"elementor-heading-title elementor-size-default\"><span class=\"ez-toc-section\" id=\"Le-sacrifice-humain-pour-un-nouveau-canoe\"><\/span>El sacrificio humano por una canoa nueva<span class=\"ez-toc-section-end\"><\/span><\/h2>\t\t\t\t<\/div>\n\t\t\t\t<\/div>\n\t\t\t\t\t<\/div>\n\t\t<\/div>\n\t\t\t\t\t<\/div>\n\t\t<\/section>\n\t\t\t\t<section class=\"elementor-section elementor-top-section elementor-element elementor-element-6415949 elementor-section-boxed elementor-section-height-default elementor-section-height-default\" data-id=\"6415949\" data-element_type=\"section\" data-e-type=\"section\">\n\t\t\t\t\t\t<div class=\"elementor-container elementor-column-gap-default\">\n\t\t\t\t\t<div class=\"elementor-column elementor-col-100 elementor-top-column elementor-element elementor-element-fdc093f\" data-id=\"fdc093f\" data-element_type=\"column\" data-e-type=\"column\">\n\t\t\t<div class=\"elementor-widget-wrap elementor-element-populated\">\n\t\t\t\t\t\t<div class=\"elementor-element elementor-element-8434e83 elementor-widget elementor-widget-text-editor\" data-id=\"8434e83\" data-element_type=\"widget\" data-e-type=\"widget\" data-widget_type=\"text-editor.default\">\n\t\t\t\t<div class=\"elementor-widget-container\">\n\t\t\t\t\t\t\t\t\t<p>La costumbre de sacrificar un ser humano al terminar una nueva canoa superior parece tener su origen en la misma creencia que en el caso de una casa nueva, es decir, que brindaba protecci\u00f3n de los dioses. Sin duda, el hecho de que el acto aumentara el man\u00e1 o el prestigio del individuo o del clan tampoco ser\u00eda despreciable.<\/p><p>en vuelo 8 de la Revista de la Sociedad Polinesia, p. 208, encontramos la siguiente observaci\u00f3n: \u201cAnteriormente, cuando se botaba por primera vez una canoa, los corredores eran los cuerpos vivos de los esclavos. Tengo que discrepar con esta afirmaci\u00f3n, ya que no hay evidencia de que tal costumbre existiera aqu\u00ed, aunque es com\u00fan en Fiji. El asesinato de una sola persona en tal ocasi\u00f3n es otro asunto.\u00a0<\/p><p>en vuelo 13 del Diario mencionado anteriormente, el Coronel Gudgeon habla de una peque\u00f1a tribu vasalla que tiene que proporcionar sacrificios humanos a la tribu Arawa en caso de necesidad. Una de esas ocasiones fue la botadura de una canoa de guerra, cuando uno de los desafortunados vasallos fue atado y, por lo tanto, utilizado como pat\u00edn para el barco, que fue arrastrado sobre su cuerpo en el proceso de botadura. Este es el \u00fanico caso mencionado en la tradici\u00f3n, que sepamos.<\/p><p>Aparentemente, el asesinato de una persona para marcar la finalizaci\u00f3n de una nueva canoa se practicaba solo en relaci\u00f3n con el tipo superior de barco, el waka taua, o canoa de guerra, y no era una costumbre com\u00fan; se practicaba s\u00f3lo ocasionalmente.<\/p><p>Ellis nos dice que <a href=\"https:\/\/mythslegendes.com\/es\/mitologia-tahitiana-del-viento\/\">Tahit\u00ed<\/a>, se dispararon canoas sobre los cuerpos de los cautivos capturados en la guerra, pero no se especifica si los cuerpos estaban vivos o muertos.<\/p><p>En Fiji, el sacrificio humano super\u00f3 con creces el de cualquier comunidad polinesia. Williams, en su Fiji and Fijians, escribe: \u201cSe sabe que un jefe mat\u00f3 a varios hombres por los rollos, para facilitar la botadura de sus canoas, los &#039;rollos&#039; luego se cocinaban y se com\u00edan. (Para &#039;rollos&#039;, l\u00e9ase &#039;patines&#039;). Tambi\u00e9n afirma que un jefe de Fiji matar\u00eda a un hombre, u hombres, dejando caer una quilla de una canoa nueva y tratando de agregar una por cada tabla nueva.\u00a0<\/p><p>Otros autores afirman que los fijianos utilizaron los cuerpos vivos de los hombres como plataformas de lanzamiento de canoas. En At Home in Fiji, de Gordon Cumming, leemos, despu\u00e9s de un relato de sacrificios humanos para un nuevo hogar, la siguiente declaraci\u00f3n: &quot;La misma idea prevaleci\u00f3 con respecto a la botadura de la canoa de un jefe, cuando los cuerpos de &#039;hombres vivos fueron reemplazados por cuerpos ordinarios&#039;. pergaminos Luego viene la descripci\u00f3n de una escena presenciada por un europeo.\u00a0<\/p><p>&quot;Esta gente dej\u00f3 sorprendidos a sus invitados en la noche, cuando fueron capturados cuarenta, y atados de pies y manos a los tallos de los \u00e1rboles de pl\u00e1tano, fueron colocados en rollos, boca arriba, a lo largo del camino por donde iban a ser las canoas. arrastrado por el istmo. Los gritos de las v\u00edctimas fueron ahogados por los cantos de arrastre de sus captores y, excepto uno, todos murieron aplastados. Un pobre desgraciado se demor\u00f3 un rato en la tortura hasta que los hornos estuvieron listos, en los que todo se coci\u00f3. \u00bb<\/p><p>Hemos le\u00eddo acerca de los antiguos vikingos n\u00f3rdicos que azotaban a las v\u00edctimas humanas en los rodillos sobre los que se botaba un barco, y este bautismo de sangre salvaje ahora se ha intensificado hasta ba\u00f1ar la proa de un barco nuevo con vino tinto en lugar de sangre roja.<\/p>\t\t\t\t\t\t\t\t<\/div>\n\t\t\t\t<\/div>\n\t\t\t\t\t<\/div>\n\t\t<\/div>\n\t\t\t\t\t<\/div>\n\t\t<\/section>\n\t\t\t\t<\/div>","protected":false},"excerpt":{"rendered":"<p>Mitolog\u00eda Wiki maor\u00ed Cuando se establecieron en Nueva Zelanda, los maor\u00edes trajeron de las diversas islas de las que eran originarios, un n\u00famero... <\/p>","protected":false},"author":1,"featured_media":0,"parent":2889,"menu_order":0,"comment_status":"closed","ping_status":"closed","template":"","meta":{"footnotes":""},"class_list":["post-22476","page","type-page","status-publish","hentry"],"amp_enabled":true,"_links":{"self":[{"href":"https:\/\/mythslegendes.com\/es\/wp-json\/wp\/v2\/pages\/22476","targetHints":{"allow":["GET"]}}],"collection":[{"href":"https:\/\/mythslegendes.com\/es\/wp-json\/wp\/v2\/pages"}],"about":[{"href":"https:\/\/mythslegendes.com\/es\/wp-json\/wp\/v2\/types\/page"}],"author":[{"embeddable":true,"href":"https:\/\/mythslegendes.com\/es\/wp-json\/wp\/v2\/users\/1"}],"replies":[{"embeddable":true,"href":"https:\/\/mythslegendes.com\/es\/wp-json\/wp\/v2\/comments?post=22476"}],"version-history":[{"count":3,"href":"https:\/\/mythslegendes.com\/es\/wp-json\/wp\/v2\/pages\/22476\/revisions"}],"predecessor-version":[{"id":22483,"href":"https:\/\/mythslegendes.com\/es\/wp-json\/wp\/v2\/pages\/22476\/revisions\/22483"}],"up":[{"embeddable":true,"href":"https:\/\/mythslegendes.com\/es\/wp-json\/wp\/v2\/pages\/2889"}],"wp:attachment":[{"href":"https:\/\/mythslegendes.com\/es\/wp-json\/wp\/v2\/media?parent=22476"}],"curies":[{"name":"wp","href":"https:\/\/api.w.org\/{rel}","templated":true}]}}