{"id":22484,"date":"2022-08-08T10:14:42","date_gmt":"2022-08-08T10:14:42","guid":{"rendered":"https:\/\/mythslegendes.com\/?page_id=22484"},"modified":"2022-08-08T10:19:19","modified_gmt":"2022-08-08T10:19:19","slug":"sacrifice-humain-pour-un-nouveau-pa","status":"publish","type":"page","link":"https:\/\/mythslegendes.com\/es\/mitologia-maori\/sacrificio-humano-por-un-nuevo-pa\/","title":{"rendered":"Sacrificio humano por un nuevo Pa"},"content":{"rendered":"<div data-elementor-type=\"wp-page\" data-elementor-id=\"22484\" class=\"elementor elementor-22484\">\n\t\t\t\t\t\t<section class=\"elementor-section elementor-top-section elementor-element elementor-element-1aee508 elementor-section-boxed elementor-section-height-default elementor-section-height-default\" data-id=\"1aee508\" data-element_type=\"section\" data-e-type=\"section\">\n\t\t\t\t\t\t<div class=\"elementor-container elementor-column-gap-default\">\n\t\t\t\t\t<div class=\"elementor-column elementor-col-50 elementor-top-column elementor-element elementor-element-46c8aa9\" data-id=\"46c8aa9\" data-element_type=\"column\" data-e-type=\"column\">\n\t\t\t<div class=\"elementor-widget-wrap elementor-element-populated\">\n\t\t\t\t\t\t<div class=\"elementor-element elementor-element-253dc77 elementor-align-justify elementor-widget elementor-widget-button\" data-id=\"253dc77\" data-element_type=\"widget\" data-e-type=\"widget\" data-widget_type=\"button.default\">\n\t\t\t\t<div class=\"elementor-widget-container\">\n\t\t\t\t\t\t\t\t\t<div class=\"elementor-button-wrapper\">\n\t\t\t\t\t<a class=\"elementor-button elementor-button-link elementor-size-sm\" href=\"https:\/\/mythslegendes.com\/es\/mitologia-maori\/\">\n\t\t\t\t\t\t<span class=\"elementor-button-content-wrapper\">\n\t\t\t\t\t\t\t\t\t<span class=\"elementor-button-text\">Mitolog\u00eda maor\u00ed<\/span>\n\t\t\t\t\t<\/span>\n\t\t\t\t\t<\/a>\n\t\t\t\t<\/div>\n\t\t\t\t\t\t\t\t<\/div>\n\t\t\t\t<\/div>\n\t\t\t\t\t<\/div>\n\t\t<\/div>\n\t\t\t\t<div class=\"elementor-column elementor-col-50 elementor-top-column elementor-element elementor-element-1afd248\" data-id=\"1afd248\" data-element_type=\"column\" data-e-type=\"column\">\n\t\t\t<div class=\"elementor-widget-wrap elementor-element-populated\">\n\t\t\t\t\t\t<div class=\"elementor-element elementor-element-428fca7 elementor-align-justify elementor-widget elementor-widget-button\" data-id=\"428fca7\" data-element_type=\"widget\" data-e-type=\"widget\" data-widget_type=\"button.default\">\n\t\t\t\t<div class=\"elementor-widget-container\">\n\t\t\t\t\t\t\t\t\t<div class=\"elementor-button-wrapper\">\n\t\t\t\t\t<a class=\"elementor-button elementor-button-link elementor-size-sm\" href=\"https:\/\/nzetc.victoria.ac.nz\/tm\/scholarly\/tei-Bes01Reli.html\" target=\"_blank\" rel=\"noopener\">\n\t\t\t\t\t\t<span class=\"elementor-button-content-wrapper\">\n\t\t\t\t\t\t\t\t\t<span class=\"elementor-button-text\">Wiki<\/span>\n\t\t\t\t\t<\/span>\n\t\t\t\t\t<\/a>\n\t\t\t\t<\/div>\n\t\t\t\t\t\t\t\t<\/div>\n\t\t\t\t<\/div>\n\t\t\t\t\t<\/div>\n\t\t<\/div>\n\t\t\t\t\t<\/div>\n\t\t<\/section>\n\t\t\t\t<section class=\"elementor-section elementor-top-section elementor-element elementor-element-b35b826 elementor-section-boxed elementor-section-height-default elementor-section-height-default\" data-id=\"b35b826\" data-element_type=\"section\" data-e-type=\"section\">\n\t\t\t\t\t\t<div class=\"elementor-container elementor-column-gap-default\">\n\t\t\t\t\t<div class=\"elementor-column elementor-col-100 elementor-top-column elementor-element elementor-element-85ce03e\" data-id=\"85ce03e\" data-element_type=\"column\" data-e-type=\"column\">\n\t\t\t<div class=\"elementor-widget-wrap elementor-element-populated\">\n\t\t\t\t\t\t<div class=\"elementor-element elementor-element-698d52b elementor-widget elementor-widget-text-editor\" data-id=\"698d52b\" data-element_type=\"widget\" data-e-type=\"widget\" data-widget_type=\"text-editor.default\">\n\t\t\t\t<div class=\"elementor-widget-container\">\n\t\t\t\t\t\t\t\t\t<p>Cuando se instalaron <a href=\"https:\/\/mythslegendes.com\/es\/mitologia-maori\/\">Nueva Zelanda<\/a>, los maor\u00edes trajeron de las diversas islas de las que eran originarios un cierto n\u00famero de historias que adaptaron a su nuevo entorno y desarrollaron. Esto es parte de su cultura: sacrificio humano por una nueva Pa.<\/p><p><img decoding=\"async\" class=\"alignnone wp-image-9347 size-full\" src=\"http:\/\/mythslegendes.com\/wp-content\/uploads\/2020\/09\/cropped-AlphaOmega-e1602613368367.png\" alt=\"Sacrificio humano por un nuevo Pa\" width=\"25\" height=\"25\" title=\"\"><\/p>\t\t\t\t\t\t\t\t<\/div>\n\t\t\t\t<\/div>\n\t\t\t\t\t<\/div>\n\t\t<\/div>\n\t\t\t\t\t<\/div>\n\t\t<\/section>\n\t\t\t\t<section class=\"elementor-section elementor-top-section elementor-element elementor-element-4dee397 elementor-section-boxed elementor-section-height-default elementor-section-height-default\" data-id=\"4dee397\" data-element_type=\"section\" data-e-type=\"section\">\n\t\t\t\t\t\t<div class=\"elementor-container elementor-column-gap-default\">\n\t\t\t\t\t<div class=\"elementor-column elementor-col-100 elementor-top-column elementor-element elementor-element-6661d36\" data-id=\"6661d36\" data-element_type=\"column\" data-e-type=\"column\">\n\t\t\t<div class=\"elementor-widget-wrap elementor-element-populated\">\n\t\t\t\t\t\t<div class=\"elementor-element elementor-element-2700661 elementor-widget elementor-widget-heading\" data-id=\"2700661\" data-element_type=\"widget\" data-e-type=\"widget\" data-widget_type=\"heading.default\">\n\t\t\t\t<div class=\"elementor-widget-container\">\n\t\t\t\t\t<div id=\"ez-toc-container\" class=\"ez-toc-v2_0_82_2 counter-hierarchy ez-toc-counter ez-toc-grey ez-toc-container-direction\">\n<div class=\"ez-toc-title-container\">\n<p class=\"ez-toc-title\" style=\"cursor:inherit\">Contenido<\/p>\n<span class=\"ez-toc-title-toggle\"><a href=\"#\" class=\"ez-toc-pull-right ez-toc-btn ez-toc-btn-xs ez-toc-btn-default ez-toc-toggle\" aria-label=\"Alternar tabla de contenidos\"><span class=\"ez-toc-js-icon-con\"><span class=\"\"><span class=\"eztoc-hide\" style=\"display:none;\">Palanca<\/span><span class=\"ez-toc-icon-toggle-span\"><svg style=\"fill: #999;color:#999\" xmlns=\"http:\/\/www.w3.org\/2000\/svg\" class=\"list-377408\" width=\"20px\" height=\"20px\" viewbox=\"0 0 24 24\" fill=\"none\"><path d=\"M6 6H4v2h2V6zm14 0H8v2h12V6zM4 11h2v2H4v-2zm16 0H8v2h12v-2zM4 16h2v2H4v-2zm16 0H8v2h12v-2z\" fill=\"currentColor\"><\/path><\/svg><svg style=\"fill: #999;color:#999\" class=\"arrow-unsorted-368013\" xmlns=\"http:\/\/www.w3.org\/2000\/svg\" width=\"10px\" height=\"10px\" viewbox=\"0 0 24 24\" version=\"1.2\" baseprofile=\"tiny\"><path d=\"M18.2 9.3l-6.2-6.3-6.2 6.3c-.2.2-.3.4-.3.7s.1.5.3.7c.2.2.4.3.7.3h11c.3 0 .5-.1.7-.3.2-.2.3-.5.3-.7s-.1-.5-.3-.7zM5.8 14.7l6.2 6.3 6.2-6.3c.2-.2.3-.5.3-.7s-.1-.5-.3-.7c-.2-.2-.4-.3-.7-.3h-11c-.3 0-.5.1-.7.3-.2.2-.3.5-.3.7s.1.5.3.7z\"\/><\/svg><\/span><\/span><\/span><\/a><\/span><\/div>\n<nav><ul class='ez-toc-list ez-toc-list-level-1' ><li class='ez-toc-page-1 ez-toc-heading-level-2'><a class=\"ez-toc-link ez-toc-heading-1\" href=\"https:\/\/mythslegendes.com\/es\/mitologia-maori\/sacrificio-humano-por-un-nuevo-pa\/#Le-sacrifice-humain-pour-un-nouveau-Pa-village-fortifie\" >Sacrificio humano por un nuevo Pa, un pueblo fortificado<\/a><\/li><\/ul><\/nav><\/div>\n<h2 class=\"elementor-heading-title elementor-size-default\"><span class=\"ez-toc-section\" id=\"Le-sacrifice-humain-pour-un-nouveau-Pa-village-fortifie\"><\/span>Sacrificio humano por un nuevo Pa, un pueblo fortificado<span class=\"ez-toc-section-end\"><\/span><\/h2>\t\t\t\t<\/div>\n\t\t\t\t<\/div>\n\t\t\t\t\t<\/div>\n\t\t<\/div>\n\t\t\t\t\t<\/div>\n\t\t<\/section>\n\t\t\t\t<section class=\"elementor-section elementor-top-section elementor-element elementor-element-2e4d4b9 elementor-section-boxed elementor-section-height-default elementor-section-height-default\" data-id=\"2e4d4b9\" data-element_type=\"section\" data-e-type=\"section\">\n\t\t\t\t\t\t<div class=\"elementor-container elementor-column-gap-default\">\n\t\t\t\t\t<div class=\"elementor-column elementor-col-100 elementor-top-column elementor-element elementor-element-7dd3f12\" data-id=\"7dd3f12\" data-element_type=\"column\" data-e-type=\"column\">\n\t\t\t<div class=\"elementor-widget-wrap elementor-element-populated\">\n\t\t\t\t\t\t<div class=\"elementor-element elementor-element-9605e78 elementor-widget elementor-widget-text-editor\" data-id=\"9605e78\" data-element_type=\"widget\" data-e-type=\"widget\" data-widget_type=\"text-editor.default\">\n\t\t\t\t<div class=\"elementor-widget-container\">\n\t\t\t\t\t\t\t\t\t<p>Aqu\u00ed tenemos otra pregunta que ha sido muy magnificada por los escritores sobre las costumbres maor\u00edes. Solo en un caso se encontraron huesos humanos en la base de los postes de empalizada de una aldea fortificada, y algunos autores han magnificado esto hasta convertirlo en una costumbre com\u00fan. El lugar al que se hace referencia es Tawhiti-nui pa en Opitiki, del cual se dice que es un lugar muy antiguo.\u00a0<\/p><p>La tradici\u00f3n ind\u00edgena nada nos dice de su origen, pero afirma que existi\u00f3 hace veinte generaciones. Indudablemente, la sepultura de un sacrificio humano en tal lugar se practicaba ocasionalmente, pero nada prueba que se practicara con frecuencia. Evidentemente, la idea que inspir\u00f3 semejante acto de barbarie fue similar a la relativa al entierro de una persona al pie de una casa de postes: la conservaci\u00f3n del edificio.<\/p><p>\u00a0<\/p><p>en vuelo En el n\u00famero 15 del Journal of the Polynesian Society, el coronel Gudgeon informa sobre el descubrimiento realizado en Tawhiti-nui: \u201cEl actual propietario de este lugar, mientras nivelaba las viejas zanjas del fuerte, consider\u00f3 oportuno desenterrar las puntas de algunos viejos postes de puriri. que en un tiempo hab\u00eda sostenido las empalizadas del Pa. Estos tocones, aunque de casi 2 pies de di\u00e1metro y de una madera que se considera casi indestructible, fueron, con la excepci\u00f3n de un peque\u00f1o n\u00facleo, encontrados\u00a0<\/p><p>Mais le nivellement a r\u00e9v\u00e9l\u00e9 le fait int\u00e9ressant que pas moins de treize squelettes ont \u00e9t\u00e9 trouv\u00e9s dans des positions telles qu&#039;ils permettent de croire qu&#039;ils avaient \u00e9t\u00e9 plac\u00e9s dans les trous en m\u00eame temps que les poteaux, et qu&#039;ils \u00e9taient probablement enterr\u00e9s vivientes\u2026. el pa original era de una fecha muy antigua se puede deducir del hecho de que los huesos que menciono se desmenuzaron en polvo despues de algunos dias de exposicion al aire; s\u00f3lo los dientes permanecieron intactos. En este caso, se debe suponer que las v\u00edctimas hab\u00edan sido enterradas en la base de los postes m\u00e1s pesados de la empalizada para &quot;sujetarlas&quot;.<\/p><p>Entre los Takitumu de la costa este, se enterr\u00f3 una piedra en la base de uno de los principales puestos de empalizada de un importante pueblo fortificado. Tal piedra se llamaba whatu, y serv\u00eda como mauri para el pueblo y sus habitantes, es decir, era un talism\u00e1n que se hac\u00eda efectivo como agente protector al ser una especie de santuario o lugar de residencia para el dios o los dioses. bajo cuya protecci\u00f3n se hab\u00eda puesto el pueblo. Fue por medio de ciertas representaciones ceremoniales de tapu que el mana o poder de los dioses fue implantado en tal piedra.<\/p><p>El coronel Gudgeon menciona un caso en el distrito de Bay of Plenty en el que un miembro de un clan vasallo fue utilizado como sacrificio humano para un nuevo pa: &quot;Cuando los Ngati-Whakaue reconstruyeron su gran pa en Pukeroa (Rotorua), todas las tribus de esta vecindad vivi\u00f3 alg\u00fan tiempo en estado de aprensi\u00f3n, porque sab\u00edan muy bien que ser\u00edan necesarias ciertas v\u00edctimas para santificar la obra, y no respiraron libremente hasta que el golpe cay\u00f3 sobre Ngati Tura.<\/p><p>La declaraci\u00f3n hecha, sin embargo, en una nota a pie de p\u00e1gina en la p. 209 del volumen 12 del Journal of the Polynesian Society carece de evidencia de apoyo; no sabemos que tal cosa sucediera a menudo.<\/p><p>Tylor nos da evidencia de tales sacrificios humanos para lugares fortificados en Europa, \u00c1frica, Asia, el <a href=\"https:\/\/mythslegendes.com\/es\/mythes-et-legendes-japonais-1758\/\">Jap\u00f3n<\/a>, en el archipi\u00e9lago asi\u00e1tico, etc., lo que demuestra lo extendida que estaba la costumbre. En Tenasserim tambi\u00e9n se practicaba el entierro de v\u00edctimas humanas en las bases de los puestos de obras de protecci\u00f3n.<\/p>\t\t\t\t\t\t\t\t<\/div>\n\t\t\t\t<\/div>\n\t\t\t\t\t<\/div>\n\t\t<\/div>\n\t\t\t\t\t<\/div>\n\t\t<\/section>\n\t\t\t\t<\/div>","protected":false},"excerpt":{"rendered":"<p>Mitolog\u00eda Wiki maor\u00ed Cuando se establecieron en Nueva Zelanda, los maor\u00edes trajeron de las diversas islas de las que eran originarios, un n\u00famero... <\/p>","protected":false},"author":1,"featured_media":0,"parent":2889,"menu_order":0,"comment_status":"closed","ping_status":"closed","template":"","meta":{"footnotes":""},"class_list":["post-22484","page","type-page","status-publish","hentry"],"amp_enabled":true,"_links":{"self":[{"href":"https:\/\/mythslegendes.com\/es\/wp-json\/wp\/v2\/pages\/22484","targetHints":{"allow":["GET"]}}],"collection":[{"href":"https:\/\/mythslegendes.com\/es\/wp-json\/wp\/v2\/pages"}],"about":[{"href":"https:\/\/mythslegendes.com\/es\/wp-json\/wp\/v2\/types\/page"}],"author":[{"embeddable":true,"href":"https:\/\/mythslegendes.com\/es\/wp-json\/wp\/v2\/users\/1"}],"replies":[{"embeddable":true,"href":"https:\/\/mythslegendes.com\/es\/wp-json\/wp\/v2\/comments?post=22484"}],"version-history":[{"count":3,"href":"https:\/\/mythslegendes.com\/es\/wp-json\/wp\/v2\/pages\/22484\/revisions"}],"predecessor-version":[{"id":22488,"href":"https:\/\/mythslegendes.com\/es\/wp-json\/wp\/v2\/pages\/22484\/revisions\/22488"}],"up":[{"embeddable":true,"href":"https:\/\/mythslegendes.com\/es\/wp-json\/wp\/v2\/pages\/2889"}],"wp:attachment":[{"href":"https:\/\/mythslegendes.com\/es\/wp-json\/wp\/v2\/media?parent=22484"}],"curies":[{"name":"wp","href":"https:\/\/api.w.org\/{rel}","templated":true}]}}