{"id":22489,"date":"2022-08-08T10:28:30","date_gmt":"2022-08-08T10:28:30","guid":{"rendered":"https:\/\/mythslegendes.com\/?page_id=22489"},"modified":"2022-08-08T10:32:17","modified_gmt":"2022-08-08T10:32:17","slug":"sacrifice-humain-a-la-mort-dun-chef","status":"publish","type":"page","link":"https:\/\/mythslegendes.com\/es\/mitologia-maori\/sacrificio-humano-a-la-muerte-de-un-jefe\/","title":{"rendered":"Sacrificio humano a la muerte de un l\u00edder"},"content":{"rendered":"<div data-elementor-type=\"wp-page\" data-elementor-id=\"22489\" class=\"elementor elementor-22489\">\n\t\t\t\t\t\t<section class=\"elementor-section elementor-top-section elementor-element elementor-element-efb5acb elementor-section-boxed elementor-section-height-default elementor-section-height-default\" data-id=\"efb5acb\" data-element_type=\"section\" data-e-type=\"section\">\n\t\t\t\t\t\t<div class=\"elementor-container elementor-column-gap-default\">\n\t\t\t\t\t<div class=\"elementor-column elementor-col-50 elementor-top-column elementor-element elementor-element-a84feb9\" data-id=\"a84feb9\" data-element_type=\"column\" data-e-type=\"column\">\n\t\t\t<div class=\"elementor-widget-wrap elementor-element-populated\">\n\t\t\t\t\t\t<div class=\"elementor-element elementor-element-b47cd75 elementor-align-justify elementor-widget elementor-widget-button\" data-id=\"b47cd75\" data-element_type=\"widget\" data-e-type=\"widget\" data-widget_type=\"button.default\">\n\t\t\t\t<div class=\"elementor-widget-container\">\n\t\t\t\t\t\t\t\t\t<div class=\"elementor-button-wrapper\">\n\t\t\t\t\t<a class=\"elementor-button elementor-button-link elementor-size-sm\" href=\"https:\/\/mythslegendes.com\/es\/mitologia-maori\/\">\n\t\t\t\t\t\t<span class=\"elementor-button-content-wrapper\">\n\t\t\t\t\t\t\t\t\t<span class=\"elementor-button-text\">Mitolog\u00eda maor\u00ed<\/span>\n\t\t\t\t\t<\/span>\n\t\t\t\t\t<\/a>\n\t\t\t\t<\/div>\n\t\t\t\t\t\t\t\t<\/div>\n\t\t\t\t<\/div>\n\t\t\t\t\t<\/div>\n\t\t<\/div>\n\t\t\t\t<div class=\"elementor-column elementor-col-50 elementor-top-column elementor-element elementor-element-a664ffc\" data-id=\"a664ffc\" data-element_type=\"column\" data-e-type=\"column\">\n\t\t\t<div class=\"elementor-widget-wrap elementor-element-populated\">\n\t\t\t\t\t\t<div class=\"elementor-element elementor-element-6574941 elementor-align-justify elementor-widget elementor-widget-button\" data-id=\"6574941\" data-element_type=\"widget\" data-e-type=\"widget\" data-widget_type=\"button.default\">\n\t\t\t\t<div class=\"elementor-widget-container\">\n\t\t\t\t\t\t\t\t\t<div class=\"elementor-button-wrapper\">\n\t\t\t\t\t<a class=\"elementor-button elementor-button-link elementor-size-sm\" href=\"https:\/\/nzetc.victoria.ac.nz\/tm\/scholarly\/tei-Bes01Reli.html\" target=\"_blank\" rel=\"noopener\">\n\t\t\t\t\t\t<span class=\"elementor-button-content-wrapper\">\n\t\t\t\t\t\t\t\t\t<span class=\"elementor-button-text\">Wiki<\/span>\n\t\t\t\t\t<\/span>\n\t\t\t\t\t<\/a>\n\t\t\t\t<\/div>\n\t\t\t\t\t\t\t\t<\/div>\n\t\t\t\t<\/div>\n\t\t\t\t\t<\/div>\n\t\t<\/div>\n\t\t\t\t\t<\/div>\n\t\t<\/section>\n\t\t\t\t<section class=\"elementor-section elementor-top-section elementor-element elementor-element-25f0235 elementor-section-boxed elementor-section-height-default elementor-section-height-default\" data-id=\"25f0235\" data-element_type=\"section\" data-e-type=\"section\">\n\t\t\t\t\t\t<div class=\"elementor-container elementor-column-gap-default\">\n\t\t\t\t\t<div class=\"elementor-column elementor-col-100 elementor-top-column elementor-element elementor-element-5f07312\" data-id=\"5f07312\" data-element_type=\"column\" data-e-type=\"column\">\n\t\t\t<div class=\"elementor-widget-wrap elementor-element-populated\">\n\t\t\t\t\t\t<div class=\"elementor-element elementor-element-52d38a5 elementor-widget elementor-widget-text-editor\" data-id=\"52d38a5\" data-element_type=\"widget\" data-e-type=\"widget\" data-widget_type=\"text-editor.default\">\n\t\t\t\t<div class=\"elementor-widget-container\">\n\t\t\t\t\t\t\t\t\t<p>Cuando se instalaron <a href=\"https:\/\/mythslegendes.com\/es\/mitologia-maori\/\">Nueva Zelanda<\/a>, los maor\u00edes trajeron de las distintas islas de donde proced\u00edan un cierto n\u00famero de historias que adaptaron a su nuevo entorno y desarrollaron. Esto es parte de su cultura: el sacrificio humano ante la muerte de un l\u00edder.<\/p><p><img decoding=\"async\" class=\"alignnone wp-image-9347 size-full\" src=\"http:\/\/mythslegendes.com\/wp-content\/uploads\/2020\/09\/cropped-AlphaOmega-e1602613368367.png\" alt=\"sacrificio humano por la muerte de un l\u00edder\" width=\"25\" height=\"25\" title=\"\"><\/p>\t\t\t\t\t\t\t\t<\/div>\n\t\t\t\t<\/div>\n\t\t\t\t\t<\/div>\n\t\t<\/div>\n\t\t\t\t\t<\/div>\n\t\t<\/section>\n\t\t\t\t<section class=\"elementor-section elementor-top-section elementor-element elementor-element-e1f70e3 elementor-section-boxed elementor-section-height-default elementor-section-height-default\" data-id=\"e1f70e3\" data-element_type=\"section\" data-e-type=\"section\">\n\t\t\t\t\t\t<div class=\"elementor-container elementor-column-gap-default\">\n\t\t\t\t\t<div class=\"elementor-column elementor-col-100 elementor-top-column elementor-element elementor-element-d2d9e13\" data-id=\"d2d9e13\" data-element_type=\"column\" data-e-type=\"column\">\n\t\t\t<div class=\"elementor-widget-wrap elementor-element-populated\">\n\t\t\t\t\t\t<div class=\"elementor-element elementor-element-7b6e909 elementor-widget elementor-widget-heading\" data-id=\"7b6e909\" data-element_type=\"widget\" data-e-type=\"widget\" data-widget_type=\"heading.default\">\n\t\t\t\t<div class=\"elementor-widget-container\">\n\t\t\t\t\t<div id=\"ez-toc-container\" class=\"ez-toc-v2_0_82_2 counter-hierarchy ez-toc-counter ez-toc-grey ez-toc-container-direction\">\n<div class=\"ez-toc-title-container\">\n<p class=\"ez-toc-title\" style=\"cursor:inherit\">Contenido<\/p>\n<span class=\"ez-toc-title-toggle\"><a href=\"#\" class=\"ez-toc-pull-right ez-toc-btn ez-toc-btn-xs ez-toc-btn-default ez-toc-toggle\" aria-label=\"Alternar tabla de contenidos\"><span class=\"ez-toc-js-icon-con\"><span class=\"\"><span class=\"eztoc-hide\" style=\"display:none;\">Palanca<\/span><span class=\"ez-toc-icon-toggle-span\"><svg style=\"fill: #999;color:#999\" xmlns=\"http:\/\/www.w3.org\/2000\/svg\" class=\"list-377408\" width=\"20px\" height=\"20px\" viewbox=\"0 0 24 24\" fill=\"none\"><path d=\"M6 6H4v2h2V6zm14 0H8v2h12V6zM4 11h2v2H4v-2zm16 0H8v2h12v-2zM4 16h2v2H4v-2zm16 0H8v2h12v-2z\" fill=\"currentColor\"><\/path><\/svg><svg style=\"fill: #999;color:#999\" class=\"arrow-unsorted-368013\" xmlns=\"http:\/\/www.w3.org\/2000\/svg\" width=\"10px\" height=\"10px\" viewbox=\"0 0 24 24\" version=\"1.2\" baseprofile=\"tiny\"><path d=\"M18.2 9.3l-6.2-6.3-6.2 6.3c-.2.2-.3.4-.3.7s.1.5.3.7c.2.2.4.3.7.3h11c.3 0 .5-.1.7-.3.2-.2.3-.5.3-.7s-.1-.5-.3-.7zM5.8 14.7l6.2 6.3 6.2-6.3c.2-.2.3-.5.3-.7s-.1-.5-.3-.7c-.2-.2-.4-.3-.7-.3h-11c-.3 0-.5.1-.7.3-.2.2-.3.5-.3.7s.1.5.3.7z\"\/><\/svg><\/span><\/span><\/span><\/a><\/span><\/div>\n<nav><ul class='ez-toc-list ez-toc-list-level-1' ><li class='ez-toc-page-1 ez-toc-heading-level-2'><a class=\"ez-toc-link ez-toc-heading-1\" href=\"https:\/\/mythslegendes.com\/es\/mitologia-maori\/sacrificio-humano-a-la-muerte-de-un-jefe\/#Le-sacrifice-humain-a-la-mort-dun-chef\" >Sacrificio humano por la muerte de un l\u00edder<\/a><\/li><\/ul><\/nav><\/div>\n<h2 class=\"elementor-heading-title elementor-size-default\"><span class=\"ez-toc-section\" id=\"Le-sacrifice-humain-a-la-mort-dun-chef\"><\/span>Sacrificio humano por la muerte de un l\u00edder<span class=\"ez-toc-section-end\"><\/span><\/h2>\t\t\t\t<\/div>\n\t\t\t\t<\/div>\n\t\t\t\t\t<\/div>\n\t\t<\/div>\n\t\t\t\t\t<\/div>\n\t\t<\/section>\n\t\t\t\t<section class=\"elementor-section elementor-top-section elementor-element elementor-element-459c2c0 elementor-section-boxed elementor-section-height-default elementor-section-height-default\" data-id=\"459c2c0\" data-element_type=\"section\" data-e-type=\"section\">\n\t\t\t\t\t\t<div class=\"elementor-container elementor-column-gap-default\">\n\t\t\t\t\t<div class=\"elementor-column elementor-col-100 elementor-top-column elementor-element elementor-element-f1e4431\" data-id=\"f1e4431\" data-element_type=\"column\" data-e-type=\"column\">\n\t\t\t<div class=\"elementor-widget-wrap elementor-element-populated\">\n\t\t\t\t\t\t<div class=\"elementor-element elementor-element-d0d5b4c elementor-widget elementor-widget-text-editor\" data-id=\"d0d5b4c\" data-element_type=\"widget\" data-e-type=\"widget\" data-widget_type=\"text-editor.default\">\n\t\t\t\t<div class=\"elementor-widget-container\">\n\t\t\t\t\t\t\t\t\t<p>Aqu\u00ed tenemos lo que quiz\u00e1s fue la causa m\u00e1s com\u00fan de sacrificio humano entre los maor\u00edes, aunque esta forma no se considera una ceremonia solemne, como el sacrificio de una persona para una nueva casa, fuerte o canoa. Ya sea que el objetivo fuera proporcionar compa\u00f1eros y asistentes a los muertos en el mundo de los esp\u00edritus, o simplemente agregar brillo a las funciones funerarias, para honrar al difunto, este asesinato aparentemente no se consider\u00f3 una actuaci\u00f3n solemne de una monja.<\/p><p>El sacrificio mortuorio era una pr\u00e1ctica reconocida entre los maor\u00edes, pero solo en relaci\u00f3n con personas importantes. La v\u00edctima fue asesinada como koangaumu, un t\u00e9rmino para el que carecemos de una definici\u00f3n satisfactoria, y se llam\u00f3 ika koangaumu. Mis notas de Tuhoe afirman que tal sacrificio era solo una ampliaci\u00f3n del jefe fallecido y que, en algunos casos, la v\u00edctima era miembro de la misma tribu, aunque de un clan diferente. En este caso, el cuerpo no se com\u00eda y aparentemente no se realizaban ritos en \u00e9l.<\/p><p>En su Life and Times of Patuone CO Davis escribe: &quot;Era costumbre de los maor\u00edes, con motivo de la muerte de un gran jefe, matar a un esclavo, cocer el cuerpo en un horno tapu y colocarlo en un escenario cerca de la tumba esculpida del difunto; pero cuando mor\u00eda un hombre inferior, s\u00f3lo se cocinaban kumara y taro (alimentos vegetales). Aqu\u00ed debe quedar claro para el lector que pocas funciones nativas se han realizado universalmente de la misma manera; diferencias obtenidas en los diferentes distritos.<\/p><p>Cruise nos cuenta que \u201cCuando muere un miembro de la familia del jefe, se sacrifica un n\u00famero de esclavos, proporcional al rango de la persona, para apaciguar el esp\u00edritu del difunto. Sin embargo, no tenemos ninguna prueba fehaciente de que este fuera el objeto del sacrificio. Cruise solo permaneci\u00f3 en Nueva Zelanda durante diez meses y no pudo haber adquirido el conocimiento del idioma nativo. Curiosamente, estas personas a menudo afirman decirnos el origen y el significado de las costumbres maor\u00edes, y tales afirmaciones han sido en gran parte conjeturas.\u00a0<\/p><p>Este autor nos hace un breve relato de un suceso ocurrido en Sydney, cuando un joven chef <a href=\"https:\/\/mythslegendes.com\/es\/mitologia-maori\/\">maor\u00ed<\/a> muri\u00f3 all\u00ed. Al mismo tiempo, en Sydney hab\u00eda otros maor\u00edes, incluidos algunos plebeyos. Los amigos del joven jefe quer\u00edan matarlo &quot;para apaciguar su esp\u00edritu difunto&quot;, y el reverendo Marsden tuvo algunas dificultades para suspender el procedimiento.<\/p><p>Thomson, en su historia de Nueva Zelanda, afirma que &quot;cuando los jefes mor\u00edan, se mataba a los esclavos para prestarles servicios serviles en el otro mundo&quot;. Brown, en Nueva Zelanda y sus <a href=\"https:\/\/mythslegendes.com\/es\/mythes-et-legendes-aborigenes-1844\/\">abor\u00edgenes<\/a>, escribe: &quot;En un tiempo era una pr\u00e1ctica muy com\u00fan sacrificar un n\u00famero de esclavos a la muerte de un jefe, para que pudiera contar con un s\u00e9quito respetable de sirvientes en el mundo de After. \u00bb En el New Zealand Journal de 1845 apareci\u00f3 lo siguiente: &quot;En octubre de 1843, a la muerte de Kupanga, esposa de un jefe nativo en la isla de Waiheke, cerca de Auckland, una esclava fue fusilada por acompa\u00f1ar a su ama al otro mundo. . \u00bb\u00a0<\/p><p>En un relato de una pelea nativa en Taranaki, en la que murieron trece jefes, Polack escribi\u00f3: &quot;En el entierro de cada jefe, diez esclavos fueron asesinados para servir a la wairua o esp\u00edritu del guerrero en el otro mundo. Tambi\u00e9n describe al yacente en el estado de un cacique muerto: \u201cAlrededor del cuerpo yac\u00edan sus armas de defensa, que deb\u00edan ser enterradas con \u00e9l. Junto a \u00e9l yac\u00eda el cuerpo de una interesante joven, esposa del jefe, que se hab\u00eda ahorcado el d\u00eda anterior\u2026. Algunos esclavos, tanto hombres como mujeres, hab\u00edan sido ejecutados para ayudar a sus superiores en el Reinga (mundo de los esp\u00edritus); fueron enterrados inmediatamente despu\u00e9s.\u00a0<\/p><p>De nuevo, dice: \u201cUn jefe llamado Parenui muri\u00f3 mientras viaj\u00e1bamos por la costa oeste de la Isla Norte, en la que se sacrificaron tres de sus esposas.\u00a0<\/p><p>Para ayudar a esta familia en su viaje eterno, varios esclavos fueron asesinados para ayudar a su amo en su futura existencia. Las esposas yac\u00edan junto al marido; los esclavos fueron enterrados inmediatamente, ya que tales sacrificios no pueden ser devorados. CO. Davis nos dice que &quot;la autoinmolaci\u00f3n de las esposas de un jefe fallecido fue obviamente una expresi\u00f3n deliberada de su extremo afecto por los muertos&quot;. Este autoasesinato de las viudas, al no ser m\u00e1s que un suicidio, no puede incluirse en el sacrificio humano.\u00a0<\/p><p>Tampoco me inclino a creer que el intenso afecto fuera la causa de tal suicidio por parte de las viudas; era solo una costumbre; se consideraba lo correcto para una viuda. La simulaci\u00f3n de duelo intenso era una pr\u00e1ctica muy popular entre nuestros maor\u00edes; en algunos casos casi se puede describir como recreaci\u00f3n.<\/p><p>En Fiji, esta matanza de personas tras la muerte de un jefe era una instituci\u00f3n apreciada, y los misioneros encontraron mucho m\u00e1s dif\u00edcil ponerle fin que en Nueva Zelanda. Sobre la pr\u00e1ctica en Fiji, Williams escribi\u00f3: \u201cEsta costumbre puede tener un origen religioso, pero en la actualidad las v\u00edctimas no son sacrificadas como ofrendas a los dioses, sino simplemente para conciliar y honrar los nombres de los difuntos. . Estas observaciones tambi\u00e9n se aplicar\u00edan a la pr\u00e1ctica de Nueva Zelanda.\u00a0<\/p><p>En Fiji, los amigos de un hombre sufr\u00edan mucho; su esposa o esposas, a veces tambi\u00e9n su madre o una amiga, fueron estranguladas y sus cuerpos depositados en el fondo de la tumba para que sirvieran como &quot;hierba&quot; sobre la cual colocar su cuerpo. Esta expresi\u00f3n se parece a la utilizada por los maor\u00edes, que se refieren a los esclavos sacrificados oa otras personas como un whariki, o alfombra, para la tumba del jefe, algo sobre lo que puede descansar. Los primeros escritores sobre Fiji, sin embargo, nos muestran que los nativos de este grupo superaron con creces a los maor\u00edes en esta costumbre salvaje.\u00a0<\/p><p>As\u00ed, Williams nos dice que cuando cierto jefe se perdi\u00f3 en el mar, diecisiete de sus esposas fueron destruidas. Nuevamente, cuando los nativos fueron asesinados en Viwa en 1839, ochenta mujeres fueron estranguladas para acompa\u00f1ar a los esp\u00edritus de sus maridos al m\u00e1s all\u00e1. MJ Matthews, escribiendo desde Kaitaia en 1837, nos habla de &quot;un anciano malvado&quot; que &quot;mat\u00f3, sin sentido, a una ni\u00f1a, para que su esp\u00edritu pudiera estar presente sobre el esp\u00edritu de su sobrina, que estaba a punto de morir. \u00bb<\/p>\t\t\t\t\t\t\t\t<\/div>\n\t\t\t\t<\/div>\n\t\t\t\t\t<\/div>\n\t\t<\/div>\n\t\t\t\t\t<\/div>\n\t\t<\/section>\n\t\t\t\t<\/div>","protected":false},"excerpt":{"rendered":"<p>Mitolog\u00eda Wiki maor\u00ed Cuando se establecieron en Nueva Zelanda, los maor\u00edes trajeron de las diversas islas de las que eran originarios, un n\u00famero... <\/p>","protected":false},"author":1,"featured_media":0,"parent":2889,"menu_order":0,"comment_status":"closed","ping_status":"closed","template":"","meta":{"footnotes":""},"class_list":["post-22489","page","type-page","status-publish","hentry"],"amp_enabled":true,"_links":{"self":[{"href":"https:\/\/mythslegendes.com\/es\/wp-json\/wp\/v2\/pages\/22489","targetHints":{"allow":["GET"]}}],"collection":[{"href":"https:\/\/mythslegendes.com\/es\/wp-json\/wp\/v2\/pages"}],"about":[{"href":"https:\/\/mythslegendes.com\/es\/wp-json\/wp\/v2\/types\/page"}],"author":[{"embeddable":true,"href":"https:\/\/mythslegendes.com\/es\/wp-json\/wp\/v2\/users\/1"}],"replies":[{"embeddable":true,"href":"https:\/\/mythslegendes.com\/es\/wp-json\/wp\/v2\/comments?post=22489"}],"version-history":[{"count":3,"href":"https:\/\/mythslegendes.com\/es\/wp-json\/wp\/v2\/pages\/22489\/revisions"}],"predecessor-version":[{"id":22493,"href":"https:\/\/mythslegendes.com\/es\/wp-json\/wp\/v2\/pages\/22489\/revisions\/22493"}],"up":[{"embeddable":true,"href":"https:\/\/mythslegendes.com\/es\/wp-json\/wp\/v2\/pages\/2889"}],"wp:attachment":[{"href":"https:\/\/mythslegendes.com\/es\/wp-json\/wp\/v2\/media?parent=22489"}],"curies":[{"name":"wp","href":"https:\/\/api.w.org\/{rel}","templated":true}]}}