{"id":22494,"date":"2022-08-08T10:34:23","date_gmt":"2022-08-08T10:34:23","guid":{"rendered":"https:\/\/mythslegendes.com\/?page_id=22494"},"modified":"2022-08-08T10:38:20","modified_gmt":"2022-08-08T10:38:20","slug":"sacrifice-humain-lie-a-la-guerre","status":"publish","type":"page","link":"https:\/\/mythslegendes.com\/es\/mitologia-maori\/sacrificio-humano-relacionado-con-la-guerra\/","title":{"rendered":"Sacrificios humanos relacionados con la guerra"},"content":{"rendered":"<div data-elementor-type=\"wp-page\" data-elementor-id=\"22494\" class=\"elementor elementor-22494\">\n\t\t\t\t\t\t<section class=\"elementor-section elementor-top-section elementor-element elementor-element-cb2d827 elementor-section-boxed elementor-section-height-default elementor-section-height-default\" data-id=\"cb2d827\" data-element_type=\"section\" data-e-type=\"section\">\n\t\t\t\t\t\t<div class=\"elementor-container elementor-column-gap-default\">\n\t\t\t\t\t<div class=\"elementor-column elementor-col-50 elementor-top-column elementor-element elementor-element-c3ecb5d\" data-id=\"c3ecb5d\" data-element_type=\"column\" data-e-type=\"column\">\n\t\t\t<div class=\"elementor-widget-wrap elementor-element-populated\">\n\t\t\t\t\t\t<div class=\"elementor-element elementor-element-785d4b2 elementor-align-justify elementor-widget elementor-widget-button\" data-id=\"785d4b2\" data-element_type=\"widget\" data-e-type=\"widget\" data-widget_type=\"button.default\">\n\t\t\t\t<div class=\"elementor-widget-container\">\n\t\t\t\t\t\t\t\t\t<div class=\"elementor-button-wrapper\">\n\t\t\t\t\t<a class=\"elementor-button elementor-button-link elementor-size-sm\" href=\"https:\/\/mythslegendes.com\/es\/mitologia-maori\/\">\n\t\t\t\t\t\t<span class=\"elementor-button-content-wrapper\">\n\t\t\t\t\t\t\t\t\t<span class=\"elementor-button-text\">Mitolog\u00eda maor\u00ed<\/span>\n\t\t\t\t\t<\/span>\n\t\t\t\t\t<\/a>\n\t\t\t\t<\/div>\n\t\t\t\t\t\t\t\t<\/div>\n\t\t\t\t<\/div>\n\t\t\t\t\t<\/div>\n\t\t<\/div>\n\t\t\t\t<div class=\"elementor-column elementor-col-50 elementor-top-column elementor-element elementor-element-e3eca1d\" data-id=\"e3eca1d\" data-element_type=\"column\" data-e-type=\"column\">\n\t\t\t<div class=\"elementor-widget-wrap elementor-element-populated\">\n\t\t\t\t\t\t<div class=\"elementor-element elementor-element-2d0d14b elementor-align-justify elementor-widget elementor-widget-button\" data-id=\"2d0d14b\" data-element_type=\"widget\" data-e-type=\"widget\" data-widget_type=\"button.default\">\n\t\t\t\t<div class=\"elementor-widget-container\">\n\t\t\t\t\t\t\t\t\t<div class=\"elementor-button-wrapper\">\n\t\t\t\t\t<a class=\"elementor-button elementor-button-link elementor-size-sm\" href=\"https:\/\/nzetc.victoria.ac.nz\/tm\/scholarly\/tei-Bes01Reli.html\" target=\"_blank\" rel=\"noopener\">\n\t\t\t\t\t\t<span class=\"elementor-button-content-wrapper\">\n\t\t\t\t\t\t\t\t\t<span class=\"elementor-button-text\">Wiki<\/span>\n\t\t\t\t\t<\/span>\n\t\t\t\t\t<\/a>\n\t\t\t\t<\/div>\n\t\t\t\t\t\t\t\t<\/div>\n\t\t\t\t<\/div>\n\t\t\t\t\t<\/div>\n\t\t<\/div>\n\t\t\t\t\t<\/div>\n\t\t<\/section>\n\t\t\t\t<section class=\"elementor-section elementor-top-section elementor-element elementor-element-41918b7 elementor-section-boxed elementor-section-height-default elementor-section-height-default\" data-id=\"41918b7\" data-element_type=\"section\" data-e-type=\"section\">\n\t\t\t\t\t\t<div class=\"elementor-container elementor-column-gap-default\">\n\t\t\t\t\t<div class=\"elementor-column elementor-col-100 elementor-top-column elementor-element elementor-element-e7eff6e\" data-id=\"e7eff6e\" data-element_type=\"column\" data-e-type=\"column\">\n\t\t\t<div class=\"elementor-widget-wrap elementor-element-populated\">\n\t\t\t\t\t\t<div class=\"elementor-element elementor-element-fe4aa0b elementor-widget elementor-widget-text-editor\" data-id=\"fe4aa0b\" data-element_type=\"widget\" data-e-type=\"widget\" data-widget_type=\"text-editor.default\">\n\t\t\t\t<div class=\"elementor-widget-container\">\n\t\t\t\t\t\t\t\t\t<p>Cuando se instalaron <a href=\"https:\/\/mythslegendes.com\/es\/mitologia-maori\/\">Nueva Zelanda<\/a>, los maor\u00edes trajeron de las diferentes islas de las que proced\u00edan un cierto n\u00famero de historias que adaptaron a su nuevo entorno y desarrollaron. Aqu\u00ed est\u00e1 parte de su cultura: el sacrificio humano vinculado a la guerra.<\/p><p><img decoding=\"async\" class=\"alignnone wp-image-9347 size-full\" src=\"http:\/\/mythslegendes.com\/wp-content\/uploads\/2020\/09\/cropped-AlphaOmega-e1602613368367.png\" alt=\"sacrificios humanos relacionados con la guerra\" width=\"25\" height=\"25\" title=\"\"><\/p>\t\t\t\t\t\t\t\t<\/div>\n\t\t\t\t<\/div>\n\t\t\t\t\t<\/div>\n\t\t<\/div>\n\t\t\t\t\t<\/div>\n\t\t<\/section>\n\t\t\t\t<section class=\"elementor-section elementor-top-section elementor-element elementor-element-9d58fe6 elementor-section-boxed elementor-section-height-default elementor-section-height-default\" data-id=\"9d58fe6\" data-element_type=\"section\" data-e-type=\"section\">\n\t\t\t\t\t\t<div class=\"elementor-container elementor-column-gap-default\">\n\t\t\t\t\t<div class=\"elementor-column elementor-col-100 elementor-top-column elementor-element elementor-element-fcb9306\" data-id=\"fcb9306\" data-element_type=\"column\" data-e-type=\"column\">\n\t\t\t<div class=\"elementor-widget-wrap elementor-element-populated\">\n\t\t\t\t\t\t<div class=\"elementor-element elementor-element-f696cb2 elementor-widget elementor-widget-heading\" data-id=\"f696cb2\" data-element_type=\"widget\" data-e-type=\"widget\" data-widget_type=\"heading.default\">\n\t\t\t\t<div class=\"elementor-widget-container\">\n\t\t\t\t\t<div id=\"ez-toc-container\" class=\"ez-toc-v2_0_82_2 counter-hierarchy ez-toc-counter ez-toc-grey ez-toc-container-direction\">\n<div class=\"ez-toc-title-container\">\n<p class=\"ez-toc-title\" style=\"cursor:inherit\">Contenido<\/p>\n<span class=\"ez-toc-title-toggle\"><a href=\"#\" class=\"ez-toc-pull-right ez-toc-btn ez-toc-btn-xs ez-toc-btn-default ez-toc-toggle\" aria-label=\"Alternar tabla de contenidos\"><span class=\"ez-toc-js-icon-con\"><span class=\"\"><span class=\"eztoc-hide\" style=\"display:none;\">Palanca<\/span><span class=\"ez-toc-icon-toggle-span\"><svg style=\"fill: #999;color:#999\" xmlns=\"http:\/\/www.w3.org\/2000\/svg\" class=\"list-377408\" width=\"20px\" height=\"20px\" viewbox=\"0 0 24 24\" fill=\"none\"><path d=\"M6 6H4v2h2V6zm14 0H8v2h12V6zM4 11h2v2H4v-2zm16 0H8v2h12v-2zM4 16h2v2H4v-2zm16 0H8v2h12v-2z\" fill=\"currentColor\"><\/path><\/svg><svg style=\"fill: #999;color:#999\" class=\"arrow-unsorted-368013\" xmlns=\"http:\/\/www.w3.org\/2000\/svg\" width=\"10px\" height=\"10px\" viewbox=\"0 0 24 24\" version=\"1.2\" baseprofile=\"tiny\"><path d=\"M18.2 9.3l-6.2-6.3-6.2 6.3c-.2.2-.3.4-.3.7s.1.5.3.7c.2.2.4.3.7.3h11c.3 0 .5-.1.7-.3.2-.2.3-.5.3-.7s-.1-.5-.3-.7zM5.8 14.7l6.2 6.3 6.2-6.3c.2-.2.3-.5.3-.7s-.1-.5-.3-.7c-.2-.2-.4-.3-.7-.3h-11c-.3 0-.5.1-.7.3-.2.2-.3.5-.3.7s.1.5.3.7z\"\/><\/svg><\/span><\/span><\/span><\/a><\/span><\/div>\n<nav><ul class='ez-toc-list ez-toc-list-level-1' ><li class='ez-toc-page-1 ez-toc-heading-level-2'><a class=\"ez-toc-link ez-toc-heading-1\" href=\"https:\/\/mythslegendes.com\/es\/mitologia-maori\/sacrificio-humano-relacionado-con-la-guerra\/#Le-sacrifice-humain-lie-a-la-guerre\" >El sacrificio humano asociado a la guerra<\/a><\/li><\/ul><\/nav><\/div>\n<h2 class=\"elementor-heading-title elementor-size-default\"><span class=\"ez-toc-section\" id=\"Le-sacrifice-humain-lie-a-la-guerre\"><\/span>El sacrificio humano asociado a la guerra<span class=\"ez-toc-section-end\"><\/span><\/h2>\t\t\t\t<\/div>\n\t\t\t\t<\/div>\n\t\t\t\t\t<\/div>\n\t\t<\/div>\n\t\t\t\t\t<\/div>\n\t\t<\/section>\n\t\t\t\t<section class=\"elementor-section elementor-top-section elementor-element elementor-element-a2d71b9 elementor-section-boxed elementor-section-height-default elementor-section-height-default\" data-id=\"a2d71b9\" data-element_type=\"section\" data-e-type=\"section\">\n\t\t\t\t\t\t<div class=\"elementor-container elementor-column-gap-default\">\n\t\t\t\t\t<div class=\"elementor-column elementor-col-100 elementor-top-column elementor-element elementor-element-f0c8739\" data-id=\"f0c8739\" data-element_type=\"column\" data-e-type=\"column\">\n\t\t\t<div class=\"elementor-widget-wrap elementor-element-populated\">\n\t\t\t\t\t\t<div class=\"elementor-element elementor-element-5a49121 elementor-widget elementor-widget-text-editor\" data-id=\"5a49121\" data-element_type=\"widget\" data-e-type=\"widget\" data-widget_type=\"text-editor.default\">\n\t\t\t\t<div class=\"elementor-widget-container\">\n\t\t\t\t\t\t\t\t\t<p>La pr\u00e1ctica del sacrificio humano en tiempos de guerra, tal como la practican los maor\u00edes, tiene dos aspectos a considerar. Uno est\u00e1 relacionado con el asesinato de una persona para un prop\u00f3sito especial relacionado con el combate, pero, por regla general, no en un campo de batalla o en un enfrentamiento real. La otra fase est\u00e1 ilustrada por el uso del cuerpo del primer enemigo muerto como ofrenda a los dioses, una ofrenda tranquilizadora para asegurar su ayuda.\u00a0<\/p><p>En su art\u00edculo sobre la religi\u00f3n maor\u00ed, el coronel Gudgeon nos dice que &quot;cuando el servicio al que estaba comprometida la partida de guerra presentaba un peligro inusual, se eleg\u00eda una v\u00edctima y se ofrec\u00eda a los dioses antes de que los guerreros abandonaran su aldea, para que el favor de estas deidades podr\u00edan asegurarse de manera m\u00e1s efectiva. En este caso, la ofrenda a Uenuku ser\u00eda un hombre, pero a Maru se le ofrecer\u00eda un perro. Este mismo autor menciona un caso notable ocurrido en el distrito de Bay of Plenty. La tribu Whakatohea hab\u00eda sido derrotada dos veces, con numerosas bajas, por el pueblo Ngai-Tai.\u00a0<\/p><p>Este hecho significaba, por supuesto, que los dioses estaban en su contra, o al menos no se hab\u00edan ejercitado a favor de Whakatohea. Su principal dios tribal, Tama-i-waho, debe ser apaciguado y reconciliado, tentado para ayudarlos a saldar cuentas. Se consult\u00f3 a su jefe tohunga (experto sacerdotal, vidente), y lleg\u00f3 a la conclusi\u00f3n de que lo mejor que pod\u00eda hacer dadas las circunstancias era matar a un n\u00famero de personas cercanas a Ngai-Tai, que viv\u00edan entre los Whakatohea. Estas personas realmente pertenec\u00edan a ambas tribus, como resultado del matrimonio mixto; ten\u00edan todo el derecho a vivir como miembros de Whakatohea y viv\u00edan en amistad con ellos.\u00a0<\/p><p>Pero los dioses hab\u00edan hablado, o su medio humano lo hab\u00eda hecho, y por lo tanto estos desafortunados estaban condenados. Fueron asesinados sin piedad como ofrenda, como sacrificio humano, a los atua tribales, mostrando as\u00ed la inseguridad de la vida entre un pueblo supersticioso. Esta acci\u00f3n, sin embargo, tuvo, como dice el autor, los resultados m\u00e1s felices, porque en la lucha que sigui\u00f3, los Ngai-Tai casi fueron aniquilados como tribu.<\/p><p>A veces se hac\u00eda un sacrificio humano en tiempos de guerra con el prop\u00f3sito de adivinaci\u00f3n; y en cualquier momento de estr\u00e9s, desconcierto o amenaza de peligro, se pod\u00eda hacer tal ofrenda, aunque, por lo que pudimos juzgar, no ocurr\u00eda con frecuencia. En estos casos, un miembro de la misma tribu, incluso un pariente cercano de los asesinos, podr\u00eda ser asesinado con este fin.\u00a0<\/p><p>Wilson menciona un caso as\u00ed en su Vida de Te Waharoa, cuando en ese momento un sacerdote exigi\u00f3 el sacrificio de un hombre de rango para salvar a la tribu del desastre. Se eligi\u00f3 a un pariente de un jefe importante, y el coraje con el que enfrent\u00f3 su muerte dio nuevos corazones a los miembros de la tribu, quienes derrotaron a sus enemigos en el siguiente enfrentamiento.<\/p><p>En un relato de los problemas en la misi\u00f3n de Rotorua publicado en el Church Missionary Record de 1838, el Sr. Knight da una v\u00edvida descripci\u00f3n de los horrores que presenci\u00f3: \u201cUn cuerpo, aparentemente asesinado en ese momento, fue arrastrado al campamento antes que yo; su cabeza desapareci\u00f3 casi antes de que pudiera mirar alrededor. No satisfizo a los desdichados; le abrieron el pecho y le arrancaron el coraz\u00f3n humeante de calor y se lo llevaron. Aqu\u00ed los corazones de los muertos se tomaban casi con seguridad como ofrenda a los dioses.<\/p><p>\u00a0De otro incidente que ocurri\u00f3 en el mismo distrito, este escritor dice: &quot;Seg\u00fan las costumbres salvajes de los neozelandeses, le arrancaron el coraz\u00f3n al primer hombre que recibi\u00f3 un disparo en el lado de Rotorua, y lo ofrecieron a Whiro, el esp\u00edritu maligno Su cad\u00e1ver mutilado, en estado de desnudez, fue exhibido m\u00e1s tarde en un tosco soporte de madera fuera del pa.<\/p><p>Shortland tambi\u00e9n hace algunos comentarios sobre este uso del coraz\u00f3n de la primera muerte del enemigo; \u201cEl cuerpo de la primera persona muerta era sagrado para el atua, o esp\u00edritu, que los hab\u00eda guiado al \u00e9xito. Se dedic\u00f3 al atua para mantenerlo de buen humor, o, en sus propias palabras, kia koa ai (que pudiera regocijarse). El coraz\u00f3n de la v\u00edctima fue fijado en una estaca. Tunui-a-rangi, de Wai-rarapa, afirma que el coraz\u00f3n del primer enemigo muerto en combate era entregado al sacerdote, quien lo ofrec\u00eda a los dioses. Tambi\u00e9n parece, en algunos casos, haber sido colocado contra los labios del primog\u00e9nito del jefe principal, para que se convirtiera en un guerrero victorioso.<\/p><p>El juez Wilson, hablando de la ofrenda a Whiro mencionada anteriormente, dice: &quot;Las ofrendas consist\u00edan en un trozo de coraz\u00f3n o h\u00edgado cocido, un mech\u00f3n de cabello y una patata cocida, cada uno colocado en un peque\u00f1o palo plantado en el suelo junto a un peque\u00f1o horno&quot;. , ya que Whiro ten\u00eda su propio horno separado, del tama\u00f1o de un plato.\u00a0<\/p><p>La carne y el cabello hab\u00edan sido extra\u00eddos del cuerpo del primer hombre muerto en batalla, cuyo cuerpo era un whakahere (ofrenda propiciatoria) que a veces se sosten\u00eda tapu, en dudoso conflicto, el sacerdote arranc\u00f3 apresuradamente el coraz\u00f3n del whakahere y, murmurando encantamientos. , lo agit\u00f3 hacia el atua para asegurar el \u00e9xito de su gente.<\/p><p>En sus notas desde Ngai-Tahu (Isla Sur), el Sr. John White nos dice que el cuerpo del primer enemigo muerto en combate fue tapu en Tumatauenga. Si ese cuerpo no estuviera disponible, entonces se matar\u00eda a un prisionero, o incluso a un partidario del campo, para llenar el vac\u00edo. En este \u00faltimo caso, no se coc\u00eda el cuerpo, sino que se hac\u00eda una ofrenda de su sangre a Tu. En algunos casos, cuando no se dispon\u00eda de una ofrenda humana, se sustitu\u00eda por un perro o un p\u00e1jaro.<\/p>\t\t\t\t\t\t\t\t<\/div>\n\t\t\t\t<\/div>\n\t\t\t\t\t<\/div>\n\t\t<\/div>\n\t\t\t\t\t<\/div>\n\t\t<\/section>\n\t\t\t\t<\/div>","protected":false},"excerpt":{"rendered":"<p>Mitolog\u00eda Wiki maor\u00ed Cuando se establecieron en Nueva Zelanda, los maor\u00edes trajeron de las diversas islas de las que eran originarios, un n\u00famero... <\/p>","protected":false},"author":1,"featured_media":0,"parent":2889,"menu_order":0,"comment_status":"closed","ping_status":"closed","template":"","meta":{"footnotes":""},"class_list":["post-22494","page","type-page","status-publish","hentry"],"amp_enabled":true,"_links":{"self":[{"href":"https:\/\/mythslegendes.com\/es\/wp-json\/wp\/v2\/pages\/22494","targetHints":{"allow":["GET"]}}],"collection":[{"href":"https:\/\/mythslegendes.com\/es\/wp-json\/wp\/v2\/pages"}],"about":[{"href":"https:\/\/mythslegendes.com\/es\/wp-json\/wp\/v2\/types\/page"}],"author":[{"embeddable":true,"href":"https:\/\/mythslegendes.com\/es\/wp-json\/wp\/v2\/users\/1"}],"replies":[{"embeddable":true,"href":"https:\/\/mythslegendes.com\/es\/wp-json\/wp\/v2\/comments?post=22494"}],"version-history":[{"count":3,"href":"https:\/\/mythslegendes.com\/es\/wp-json\/wp\/v2\/pages\/22494\/revisions"}],"predecessor-version":[{"id":22498,"href":"https:\/\/mythslegendes.com\/es\/wp-json\/wp\/v2\/pages\/22494\/revisions\/22498"}],"up":[{"embeddable":true,"href":"https:\/\/mythslegendes.com\/es\/wp-json\/wp\/v2\/pages\/2889"}],"wp:attachment":[{"href":"https:\/\/mythslegendes.com\/es\/wp-json\/wp\/v2\/media?parent=22494"}],"curies":[{"name":"wp","href":"https:\/\/api.w.org\/{rel}","templated":true}]}}