{"id":2253,"date":"2020-07-10T13:23:01","date_gmt":"2020-07-10T12:23:01","guid":{"rendered":"https:\/\/mythslegendes.com\/?page_id=2253"},"modified":"2022-12-03T22:07:07","modified_gmt":"2022-12-03T22:07:07","slug":"les-maures-enchantees","status":"publish","type":"page","link":"https:\/\/mythslegendes.com\/es\/mitologia-iberica\/los-paramos-encantados\/","title":{"rendered":"Los moros encantados"},"content":{"rendered":"<div data-elementor-type=\"wp-page\" data-elementor-id=\"2253\" class=\"elementor elementor-2253\">\n\t\t\t\t\t\t<section class=\"elementor-section elementor-top-section elementor-element elementor-element-6284a85 elementor-section-boxed elementor-section-height-default elementor-section-height-default\" data-id=\"6284a85\" data-element_type=\"section\" data-e-type=\"section\">\n\t\t\t\t\t\t<div class=\"elementor-container elementor-column-gap-default\">\n\t\t\t\t\t<div class=\"elementor-column elementor-col-50 elementor-top-column elementor-element elementor-element-0dcf673\" data-id=\"0dcf673\" data-element_type=\"column\" data-e-type=\"column\">\n\t\t\t<div class=\"elementor-widget-wrap elementor-element-populated\">\n\t\t\t\t\t\t<div class=\"elementor-element elementor-element-532c6ac elementor-align-justify elementor-widget elementor-widget-button\" data-id=\"532c6ac\" data-element_type=\"widget\" data-e-type=\"widget\" data-widget_type=\"button.default\">\n\t\t\t\t<div class=\"elementor-widget-container\">\n\t\t\t\t\t\t\t\t\t<div class=\"elementor-button-wrapper\">\n\t\t\t\t\t<a class=\"elementor-button elementor-button-link elementor-size-sm\" href=\"https:\/\/mythslegendes.com\/es\/mitologia-iberica\/\">\n\t\t\t\t\t\t<span class=\"elementor-button-content-wrapper\">\n\t\t\t\t\t\t\t\t\t<span class=\"elementor-button-text\">Mitolog\u00eda ib\u00e9rica<\/span>\n\t\t\t\t\t<\/span>\n\t\t\t\t\t<\/a>\n\t\t\t\t<\/div>\n\t\t\t\t\t\t\t\t<\/div>\n\t\t\t\t<\/div>\n\t\t\t\t\t<\/div>\n\t\t<\/div>\n\t\t\t\t<div class=\"elementor-column elementor-col-50 elementor-top-column elementor-element elementor-element-e2cfac5\" data-id=\"e2cfac5\" data-element_type=\"column\" data-e-type=\"column\">\n\t\t\t<div class=\"elementor-widget-wrap elementor-element-populated\">\n\t\t\t\t\t\t<div class=\"elementor-element elementor-element-6108456 elementor-align-justify elementor-widget elementor-widget-button\" data-id=\"6108456\" data-element_type=\"widget\" data-e-type=\"widget\" data-widget_type=\"button.default\">\n\t\t\t\t<div class=\"elementor-widget-container\">\n\t\t\t\t\t\t\t\t\t<div class=\"elementor-button-wrapper\">\n\t\t\t\t\t<a class=\"elementor-button elementor-button-link elementor-size-sm\" href=\"https:\/\/en.wikipedia.org\/wiki\/Spanish_mythology\" target=\"_blank\" rel=\"noopener\">\n\t\t\t\t\t\t<span class=\"elementor-button-content-wrapper\">\n\t\t\t\t\t\t\t\t\t<span class=\"elementor-button-text\">Wiki<\/span>\n\t\t\t\t\t<\/span>\n\t\t\t\t\t<\/a>\n\t\t\t\t<\/div>\n\t\t\t\t\t\t\t\t<\/div>\n\t\t\t\t<\/div>\n\t\t\t\t\t<\/div>\n\t\t<\/div>\n\t\t\t\t\t<\/div>\n\t\t<\/section>\n\t\t\t\t<section class=\"elementor-section elementor-top-section elementor-element elementor-element-4c08dfdb elementor-section-boxed elementor-section-height-default elementor-section-height-default\" data-id=\"4c08dfdb\" data-element_type=\"section\" data-e-type=\"section\">\n\t\t\t\t\t\t<div class=\"elementor-container elementor-column-gap-default\">\n\t\t\t\t\t<div class=\"elementor-column elementor-col-100 elementor-top-column elementor-element elementor-element-2e14c411\" data-id=\"2e14c411\" data-element_type=\"column\" data-e-type=\"column\">\n\t\t\t<div class=\"elementor-widget-wrap elementor-element-populated\">\n\t\t\t\t\t\t<div class=\"elementor-element elementor-element-23569625 elementor-widget elementor-widget-text-editor\" data-id=\"23569625\" data-element_type=\"widget\" data-e-type=\"widget\" data-widget_type=\"text-editor.default\">\n\t\t\t\t<div class=\"elementor-widget-container\">\n\t\t\t\t\t\t\t\t\t\n<p>los <a href=\"https:\/\/mythslegendes.com\/es\/\">leyendas<\/a> del Algarve sobre los moros encantados cuentan historias de doncellas de gran belleza o princesas con formidables poderes de seducci\u00f3n, que promet\u00edan tesoros a quien viniera a librarlas de su destino.<\/p>\n<p><img decoding=\"async\" class=\"alignnone wp-image-5284 size-full\" src=\"https:\/\/mythslegendes.com\/wp-content\/uploads\/2020\/09\/AlphaOmega-e1602613368367.png\" alt=\"moros encantados\" width=\"25\" height=\"26\" title=\"\"><\/p>\n<div id=\"ez-toc-container\" class=\"ez-toc-v2_0_82_2 counter-hierarchy ez-toc-counter ez-toc-grey ez-toc-container-direction\">\n<div class=\"ez-toc-title-container\">\n<p class=\"ez-toc-title\" style=\"cursor:inherit\">Contenido<\/p>\n<span class=\"ez-toc-title-toggle\"><a href=\"#\" class=\"ez-toc-pull-right ez-toc-btn ez-toc-btn-xs ez-toc-btn-default ez-toc-toggle\" aria-label=\"Alternar tabla de contenidos\"><span class=\"ez-toc-js-icon-con\"><span class=\"\"><span class=\"eztoc-hide\" style=\"display:none;\">Palanca<\/span><span class=\"ez-toc-icon-toggle-span\"><svg style=\"fill: #999;color:#999\" xmlns=\"http:\/\/www.w3.org\/2000\/svg\" class=\"list-377408\" width=\"20px\" height=\"20px\" viewbox=\"0 0 24 24\" fill=\"none\"><path d=\"M6 6H4v2h2V6zm14 0H8v2h12V6zM4 11h2v2H4v-2zm16 0H8v2h12v-2zM4 16h2v2H4v-2zm16 0H8v2h12v-2z\" fill=\"currentColor\"><\/path><\/svg><svg style=\"fill: #999;color:#999\" class=\"arrow-unsorted-368013\" xmlns=\"http:\/\/www.w3.org\/2000\/svg\" width=\"10px\" height=\"10px\" viewbox=\"0 0 24 24\" version=\"1.2\" baseprofile=\"tiny\"><path d=\"M18.2 9.3l-6.2-6.3-6.2 6.3c-.2.2-.3.4-.3.7s.1.5.3.7c.2.2.4.3.7.3h11c.3 0 .5-.1.7-.3.2-.2.3-.5.3-.7s-.1-.5-.3-.7zM5.8 14.7l6.2 6.3 6.2-6.3c.2-.2.3-.5.3-.7s-.1-.5-.3-.7c-.2-.2-.4-.3-.7-.3h-11c-.3 0-.5.1-.7.3-.2.2-.3.5-.3.7s.1.5.3.7z\"\/><\/svg><\/span><\/span><\/span><\/a><\/span><\/div>\n<nav><ul class='ez-toc-list ez-toc-list-level-1' ><li class='ez-toc-page-1 ez-toc-heading-level-2'><a class=\"ez-toc-link ez-toc-heading-1\" href=\"https:\/\/mythslegendes.com\/es\/mitologia-iberica\/los-paramos-encantados\/#Maures-enchantees\" >moros encantados<\/a><\/li><\/ul><\/nav><\/div>\n<h2><span class=\"ez-toc-section\" id=\"Maures-enchantees\"><\/span>moros encantados<span class=\"ez-toc-section-end\"><\/span><\/h2>\n\n<p>Durante varios siglos, los cuentos y la tradici\u00f3n oral han dado lugar a innumerables leyendas que representan a los moros como guardianes de tesoros escondidos en lugares encantados: manantiales, fuentes, cursos de agua, cuevas o castillos.<\/p>\n\n<p>los <a href=\"https:\/\/mythslegendes.com\/es\/\">leyenda<\/a> de Mareares, que tiene lugar en el castillo de Aljezur o la de los moros del castillo de Salir describen la conquista y reconquista de estos castillos.<\/p>\n\n<p>En papeles opuestos, la leyenda del moro de Nora, que transcurre en R\u00edo Seco de Faro, cuenta la historia de un apuesto caballero lusitano que pierde su amor por un moro, sin lograr romper el hechizo de su amada, impuesto por su padre tras la toma de la ciudad por los cristianos.<\/p>\n\n<p>La tierra de los pescadores y marineros es la tierra de los mitos como el de la bella Floripes, que surge a la luz de la luna, entre las olas, para exigir de los marineros de Olh\u00e3o actos de valent\u00eda que la liberten.<\/p>\n\n<p>La leyenda de Praia da Rocha cuenta la historia de una sirena que se enamor\u00f3 de un pescador, hijo de la tierra y de un agricultor, hijo de la tierra. Despu\u00e9s de muchas aventuras, la Tierra estall\u00f3 en su ira, haciendo rodar enormes rocas al Mar, tambi\u00e9n enojado, que se arrastr\u00f3, noche y d\u00eda, contra los acantilados. La sirena, al no poder elegir, se convirti\u00f3 en arena fina y dorada, ajust\u00e1ndose a las caracter\u00edsticas de los dos gigantes eternos que despertaron su pasi\u00f3n.<\/p>\n\n<p>El anuncio de la primavera lo hacen las flores de los almendros que cada a\u00f1o resuenan la historia de la princesa <a href=\"https:\/\/mythslegendes.com\/es\/mythes-et-legendes-fenniques-1697\/\">n\u00f3rdico<\/a> que a\u00f1oraba no ver nieve y para quien su marido mand\u00f3 plantar cientos de almendros, cuyas flores cubrir\u00edan los campos con un manto blanco.<\/p>\n\t\t\t\t\t\t\t\t<\/div>\n\t\t\t\t<\/div>\n\t\t\t\t\t<\/div>\n\t\t<\/div>\n\t\t\t\t\t<\/div>\n\t\t<\/section>\n\t\t\t\t<\/div>","protected":false},"excerpt":{"rendered":"<p>Mythologie Ib\u00e9rique Wiki Les l\u00e9gendes de l&rsquo;Algarve sur les Maures enchant\u00e9es narrent des histoires de donzelles d&rsquo;une grande beaut\u00e9 ou &hellip; <\/p>","protected":false},"author":1,"featured_media":0,"parent":2187,"menu_order":0,"comment_status":"closed","ping_status":"closed","template":"","meta":{"footnotes":""},"class_list":["post-2253","page","type-page","status-publish","hentry"],"amp_enabled":true,"_links":{"self":[{"href":"https:\/\/mythslegendes.com\/es\/wp-json\/wp\/v2\/pages\/2253","targetHints":{"allow":["GET"]}}],"collection":[{"href":"https:\/\/mythslegendes.com\/es\/wp-json\/wp\/v2\/pages"}],"about":[{"href":"https:\/\/mythslegendes.com\/es\/wp-json\/wp\/v2\/types\/page"}],"author":[{"embeddable":true,"href":"https:\/\/mythslegendes.com\/es\/wp-json\/wp\/v2\/users\/1"}],"replies":[{"embeddable":true,"href":"https:\/\/mythslegendes.com\/es\/wp-json\/wp\/v2\/comments?post=2253"}],"version-history":[{"count":1,"href":"https:\/\/mythslegendes.com\/es\/wp-json\/wp\/v2\/pages\/2253\/revisions"}],"predecessor-version":[{"id":24751,"href":"https:\/\/mythslegendes.com\/es\/wp-json\/wp\/v2\/pages\/2253\/revisions\/24751"}],"up":[{"embeddable":true,"href":"https:\/\/mythslegendes.com\/es\/wp-json\/wp\/v2\/pages\/2187"}],"wp:attachment":[{"href":"https:\/\/mythslegendes.com\/es\/wp-json\/wp\/v2\/media?parent=2253"}],"curies":[{"name":"wp","href":"https:\/\/api.w.org\/{rel}","templated":true}]}}