{"id":22542,"date":"2022-08-09T03:24:35","date_gmt":"2022-08-09T03:24:35","guid":{"rendered":"https:\/\/mythslegendes.com\/?page_id=22542"},"modified":"2022-08-09T03:29:30","modified_gmt":"2022-08-09T03:29:30","slug":"hau","status":"publish","type":"page","link":"https:\/\/mythslegendes.com\/es\/mitologia-maori\/arriba\/","title":{"rendered":"Alto"},"content":{"rendered":"<div data-elementor-type=\"wp-page\" data-elementor-id=\"22542\" class=\"elementor elementor-22542\">\n\t\t\t\t\t\t<section class=\"elementor-section elementor-top-section elementor-element elementor-element-cf36085 elementor-section-boxed elementor-section-height-default elementor-section-height-default\" data-id=\"cf36085\" data-element_type=\"section\" data-e-type=\"section\">\n\t\t\t\t\t\t<div class=\"elementor-container elementor-column-gap-default\">\n\t\t\t\t\t<div class=\"elementor-column elementor-col-50 elementor-top-column elementor-element elementor-element-add0bf4\" data-id=\"add0bf4\" data-element_type=\"column\" data-e-type=\"column\">\n\t\t\t<div class=\"elementor-widget-wrap elementor-element-populated\">\n\t\t\t\t\t\t<div class=\"elementor-element elementor-element-f36f8cb elementor-align-justify elementor-widget elementor-widget-button\" data-id=\"f36f8cb\" data-element_type=\"widget\" data-e-type=\"widget\" data-widget_type=\"button.default\">\n\t\t\t\t<div class=\"elementor-widget-container\">\n\t\t\t\t\t\t\t\t\t<div class=\"elementor-button-wrapper\">\n\t\t\t\t\t<a class=\"elementor-button elementor-button-link elementor-size-sm\" href=\"https:\/\/mythslegendes.com\/es\/mitologia-maori\/\">\n\t\t\t\t\t\t<span class=\"elementor-button-content-wrapper\">\n\t\t\t\t\t\t\t\t\t<span class=\"elementor-button-text\">Mitolog\u00eda maor\u00ed<\/span>\n\t\t\t\t\t<\/span>\n\t\t\t\t\t<\/a>\n\t\t\t\t<\/div>\n\t\t\t\t\t\t\t\t<\/div>\n\t\t\t\t<\/div>\n\t\t\t\t\t<\/div>\n\t\t<\/div>\n\t\t\t\t<div class=\"elementor-column elementor-col-50 elementor-top-column elementor-element elementor-element-399ec56\" data-id=\"399ec56\" data-element_type=\"column\" data-e-type=\"column\">\n\t\t\t<div class=\"elementor-widget-wrap elementor-element-populated\">\n\t\t\t\t\t\t<div class=\"elementor-element elementor-element-10a02af elementor-align-justify elementor-widget elementor-widget-button\" data-id=\"10a02af\" data-element_type=\"widget\" data-e-type=\"widget\" data-widget_type=\"button.default\">\n\t\t\t\t<div class=\"elementor-widget-container\">\n\t\t\t\t\t\t\t\t\t<div class=\"elementor-button-wrapper\">\n\t\t\t\t\t<a class=\"elementor-button elementor-button-link elementor-size-sm\" href=\"https:\/\/nzetc.victoria.ac.nz\/tm\/scholarly\/tei-Bes02Reli.html\" target=\"_blank\" rel=\"noopener\">\n\t\t\t\t\t\t<span class=\"elementor-button-content-wrapper\">\n\t\t\t\t\t\t\t\t\t<span class=\"elementor-button-text\">Wiki<\/span>\n\t\t\t\t\t<\/span>\n\t\t\t\t\t<\/a>\n\t\t\t\t<\/div>\n\t\t\t\t\t\t\t\t<\/div>\n\t\t\t\t<\/div>\n\t\t\t\t\t<\/div>\n\t\t<\/div>\n\t\t\t\t\t<\/div>\n\t\t<\/section>\n\t\t\t\t<section class=\"elementor-section elementor-top-section elementor-element elementor-element-96511b9 elementor-section-boxed elementor-section-height-default elementor-section-height-default\" data-id=\"96511b9\" data-element_type=\"section\" data-e-type=\"section\">\n\t\t\t\t\t\t<div class=\"elementor-container elementor-column-gap-default\">\n\t\t\t\t\t<div class=\"elementor-column elementor-col-100 elementor-top-column elementor-element elementor-element-5ce1550\" data-id=\"5ce1550\" data-element_type=\"column\" data-e-type=\"column\">\n\t\t\t<div class=\"elementor-widget-wrap elementor-element-populated\">\n\t\t\t\t\t\t<div class=\"elementor-element elementor-element-9c0cbc3 elementor-widget elementor-widget-text-editor\" data-id=\"9c0cbc3\" data-element_type=\"widget\" data-e-type=\"widget\" data-widget_type=\"text-editor.default\">\n\t\t\t\t<div class=\"elementor-widget-container\">\n\t\t\t\t\t\t\t\t\t<p>Cuando se instalaron <a href=\"https:\/\/mythslegendes.com\/es\/mitologia-maori\/\">Nueva Zelanda<\/a>, los maor\u00edes trajeron de las distintas islas de las que eran originarios una serie de relatos que adaptaron a su nuevo entorno y desarrollaron. Aqu\u00ed est\u00e1 el concepto <a href=\"https:\/\/mythslegendes.com\/es\/mitologia-maori\/\">maor\u00ed<\/a> du Haut.<\/p><p><img decoding=\"async\" class=\"alignnone wp-image-9347 size-full\" src=\"http:\/\/mythslegendes.com\/wp-content\/uploads\/2020\/09\/cropped-AlphaOmega-e1602613368367.png\" alt=\"Alto\" width=\"25\" height=\"25\" title=\"\"><\/p>\t\t\t\t\t\t\t\t<\/div>\n\t\t\t\t<\/div>\n\t\t\t\t\t<\/div>\n\t\t<\/div>\n\t\t\t\t\t<\/div>\n\t\t<\/section>\n\t\t\t\t<section class=\"elementor-section elementor-top-section elementor-element elementor-element-84e0a22 elementor-section-boxed elementor-section-height-default elementor-section-height-default\" data-id=\"84e0a22\" data-element_type=\"section\" data-e-type=\"section\">\n\t\t\t\t\t\t<div class=\"elementor-container elementor-column-gap-default\">\n\t\t\t\t\t<div class=\"elementor-column elementor-col-100 elementor-top-column elementor-element elementor-element-74f3ef7\" data-id=\"74f3ef7\" data-element_type=\"column\" data-e-type=\"column\">\n\t\t\t<div class=\"elementor-widget-wrap elementor-element-populated\">\n\t\t\t\t\t\t<div class=\"elementor-element elementor-element-b719579 elementor-widget elementor-widget-heading\" data-id=\"b719579\" data-element_type=\"widget\" data-e-type=\"widget\" data-widget_type=\"heading.default\">\n\t\t\t\t<div class=\"elementor-widget-container\">\n\t\t\t\t\t<div id=\"ez-toc-container\" class=\"ez-toc-v2_0_82_2 counter-hierarchy ez-toc-counter ez-toc-grey ez-toc-container-direction\">\n<div class=\"ez-toc-title-container\">\n<p class=\"ez-toc-title\" style=\"cursor:inherit\">Contenido<\/p>\n<span class=\"ez-toc-title-toggle\"><a href=\"#\" class=\"ez-toc-pull-right ez-toc-btn ez-toc-btn-xs ez-toc-btn-default ez-toc-toggle\" aria-label=\"Alternar tabla de contenidos\"><span class=\"ez-toc-js-icon-con\"><span class=\"\"><span class=\"eztoc-hide\" style=\"display:none;\">Palanca<\/span><span class=\"ez-toc-icon-toggle-span\"><svg style=\"fill: #999;color:#999\" xmlns=\"http:\/\/www.w3.org\/2000\/svg\" class=\"list-377408\" width=\"20px\" height=\"20px\" viewbox=\"0 0 24 24\" fill=\"none\"><path d=\"M6 6H4v2h2V6zm14 0H8v2h12V6zM4 11h2v2H4v-2zm16 0H8v2h12v-2zM4 16h2v2H4v-2zm16 0H8v2h12v-2z\" fill=\"currentColor\"><\/path><\/svg><svg style=\"fill: #999;color:#999\" class=\"arrow-unsorted-368013\" xmlns=\"http:\/\/www.w3.org\/2000\/svg\" width=\"10px\" height=\"10px\" viewbox=\"0 0 24 24\" version=\"1.2\" baseprofile=\"tiny\"><path d=\"M18.2 9.3l-6.2-6.3-6.2 6.3c-.2.2-.3.4-.3.7s.1.5.3.7c.2.2.4.3.7.3h11c.3 0 .5-.1.7-.3.2-.2.3-.5.3-.7s-.1-.5-.3-.7zM5.8 14.7l6.2 6.3 6.2-6.3c.2-.2.3-.5.3-.7s-.1-.5-.3-.7c-.2-.2-.4-.3-.7-.3h-11c-.3 0-.5.1-.7.3-.2.2-.3.5-.3.7s.1.5.3.7z\"\/><\/svg><\/span><\/span><\/span><\/a><\/span><\/div>\n<nav><ul class='ez-toc-list ez-toc-list-level-1' ><li class='ez-toc-page-1 ez-toc-heading-level-2'><a class=\"ez-toc-link ez-toc-heading-1\" href=\"https:\/\/mythslegendes.com\/es\/mitologia-maori\/arriba\/#Le-Hau-la-personnalite-dun-humain\" >El Hau, la personalidad de un humano<\/a><\/li><\/ul><\/nav><\/div>\n<h2 class=\"elementor-heading-title elementor-size-default\"><span class=\"ez-toc-section\" id=\"Le-Hau-la-personnalite-dun-humain\"><\/span>El Hau, la personalidad de un humano<span class=\"ez-toc-section-end\"><\/span><\/h2>\t\t\t\t<\/div>\n\t\t\t\t<\/div>\n\t\t\t\t\t<\/div>\n\t\t<\/div>\n\t\t\t\t\t<\/div>\n\t\t<\/section>\n\t\t\t\t<section class=\"elementor-section elementor-top-section elementor-element elementor-element-3e4f926 elementor-section-boxed elementor-section-height-default elementor-section-height-default\" data-id=\"3e4f926\" data-element_type=\"section\" data-e-type=\"section\">\n\t\t\t\t\t\t<div class=\"elementor-container elementor-column-gap-default\">\n\t\t\t\t\t<div class=\"elementor-column elementor-col-100 elementor-top-column elementor-element elementor-element-8bf3341\" data-id=\"8bf3341\" data-element_type=\"column\" data-e-type=\"column\">\n\t\t\t<div class=\"elementor-widget-wrap elementor-element-populated\">\n\t\t\t\t\t\t<div class=\"elementor-element elementor-element-3cd4125 elementor-widget elementor-widget-text-editor\" data-id=\"3cd4125\" data-element_type=\"widget\" data-e-type=\"widget\" data-widget_type=\"text-editor.default\">\n\t\t\t\t<div class=\"elementor-widget-container\">\n\t\t\t\t\t\t\t\t\t<p>Aqu\u00ed tenemos otro t\u00e9rmino interesante a tratar, y que, como mauri, tiene diferentes aspectos en cuanto a su significado. En primer lugar, con respecto al hau del hombre, podemos decir que es una cualidad que combina lo que definimos con los t\u00e9rminos personalidad y aura. Al mismo tiempo, el concepto incluye caracter\u00edsticas que no se encuentran en nuestras propias creencias. El hau del hombre es una cualidad que impregna todo su ser, pero, o parte de \u00e9l, es aparentemente separable; no se encuentra en ning\u00fan \u00f3rgano.<\/p><p>Los significados ordinarios de la palabra hau son &#039;viento&#039; y &#039;aire&#039;, y este hecho ha confundido a aquellos que han tratado de descubrir el significado del hau del hombre y expresiones como whangai hau. Existe una conexi\u00f3n mundial entre los t\u00e9rminos viento, aire, aliento y esp\u00edritu. Este concepto maor\u00ed de hau es interesante porque al usarlo como medio, se podr\u00eda destruir la vida de su base f\u00edsica.\u00a0<\/p><p>Por ejemplo, parte del hau de una persona se adhiere a cualquier lugar en el que se haya sentado o caminado. Otra persona podr\u00eda, al &quot;recoger&quot; el hau invisible de ese asiento, o huella, y realizar ciertas artes m\u00e1gicas en \u00e9l, matar a quienquiera que se sentara en \u00e9l o lo pisara. En algunos casos, si una persona sospechaba de sus vecinos, recog\u00eda el hau pegado de cualquier lugar en el que hab\u00eda estado sentado, antes de dejarlo, y as\u00ed se lo llevaba. El hau de la huella humana es llamado manea por la gente de Tuhoe, y un poco de tierra extra\u00edda de una huella sirve como un excelente medio de hechicer\u00eda.\u00a0<\/p><p>Se sabe que las personas evitan los caminos y caminan a trav\u00e9s del agua tanto como sea posible, para evitar dejar huellas de las que los enemigos puedan tomar su hau.<\/p><p>Un nativo a menudo explicar\u00e1 el hau de un hombre diciendo que es su ahua, es decir, su apariencia (&quot;forma, en oposici\u00f3n a sustancia&quot; es la definici\u00f3n de esta palabra en el Diccionario maor\u00ed de Williams, p. 4). Esta palabra ahua tambi\u00e9n se usa para designar al personaje. El t\u00e9rmino hau parece usarse a menudo en un sentido anag\u00f3gico y se usa en relaci\u00f3n con cosas inmateriales. As\u00ed he o\u00eddo a los nativos hablar del hau de un discurso o una observaci\u00f3n.\u00a0<\/p><p>Ser\u00eda un grave error describir al hau como un esp\u00edritu, porque dar\u00eda la impresi\u00f3n equivocada, y el lector lo confundir\u00eda con la wairua. Hau es una cualidad intangible y siempre invisible, incluso para los videntes dotados, una cualidad auditiva. La misma palabra se usa para designar celebridad. El hau del hombre representa de alg\u00fan modo su vitalidad o esencia vital, pero no su principio vital. La palabra hauora lleva los significados de salud, vigor, esp\u00edritu de vida, saludable.<\/p><p>J. G. Frazer describe una creencia entre algunos nativos de Nueva Guinea que tambi\u00e9n parece describir el hau de la creencia maor\u00ed. Esta cualidad, comenta, \u201c\u2026 penetra el cuerpo como la savia penetra el \u00e1rbol, y\u2026 se esparce como el calor corporal a todo aquello con lo que el cuerpo entra en contacto. Eso es lo que podr\u00eda haberse dicho de los hau maor\u00edes, y me inclino mucho a considerarlo como una creencia com\u00fan entre los pueblos b\u00e1rbaros.<\/p><p>Cuando un nativo deseaba usar el hau de una persona como un medio para sus artes m\u00e1gicas mediante las cuales pod\u00eda matarlo o afectarlo de otra manera, se esforzaba por obtener un objeto material que estaba como imbuido de su altura. Podr\u00eda ser suciedad en la que se haya impreso su huella, un mech\u00f3n de su cabello, un jir\u00f3n de su ropa, un poco de su saliva, cualquier cosa a la que se adhiera un poco de su hau.\u00a0<\/p><p>Este medio material a menudo se llama hau, pero su nombre espec\u00edfico es ohonga. Sobre este objeto se realizaron los temibles ritos del hechicero que afectaron al original, la base f\u00edsica del hau inmaterial.<\/p><p>El mismo t\u00e9rmino se aplica a varias formas de medios. Cuando se hab\u00eda ganado una victoria sobre un enemigo, uno de los primeros actos del partido victorioso era tomar el hau o ahua de esa victoria. Era un medio material, como un mech\u00f3n de cabello de la cabeza de un enemigo asesinado, y a menudo se le llama fauces. Esto fue llevado a la casa en el pueblo y al lugar sagrado de este pueblo, donde se realiz\u00f3 una ceremonia llamada whangai hau.\u00a0<\/p><p>Este rito parece haber sido en honor a los dioses, una ofrenda del hau de la victoria a estos dioses. El mech\u00f3n de cabello es el ahua de la victoria, as\u00ed como el ohonga descrito anteriormente es el ahua del hau humano.<\/p><p>En un relato antiguo se nos dice que en la antig\u00fcedad era costumbre entre los vagabundos del mar tomar todas las precauciones para proteger sus vidas y su bienestar cuando se dispon\u00edan a emprender un viaje, as\u00ed como para mantener sus barcos a salvo hasta el momento. como sea posible. como la previsi\u00f3n humana podr\u00eda efectuar.\u00a0<\/p><p>El procedimiento consist\u00eda en llevar el ahua o apariencia de un barco y su tripulaci\u00f3n a un lugar tapu y realizar all\u00ed un rito que pon\u00eda el barco y la tripulaci\u00f3n bajo el cuidado de los dioses. El ahua pod\u00eda ser representado por algo material, por peque\u00f1o que fuera. En uno de estos relatos se le aplica el t\u00e9rmino mauri, y el ahua ciertamente servir\u00eda como mauri. Esta actuaci\u00f3n fue una forma de seguro neol\u00edtico.<\/p><p>en una versi\u00f3n de <a href=\"https:\/\/mythslegendes.com\/es\/\">mito<\/a> de Maui ascendiendo a la tierra desde las profundidades del oc\u00e9ano, se nos dice que llev\u00f3 el mauri de su &quot;pez&quot; al lugar de los ritos donde los expertos sacerdotales podr\u00edan realizar una ceremonia muy necesaria sobre \u00e9l. No se acostumbra usar la palabra mauri en este sentido, sino el t\u00e9rmino ahua o mawe. Por lo general, es un objeto material que se usa como medio para representar el original, como los objetos medi\u00famnicos se usan en la magia negra.<\/p><p>Los materiales de Mauri, como la piedra talism\u00e1n que mantuvo un bosque productivo, a menudo se llaman hau. Estos mauri representan los poderes de los dioses que mantienen tal productividad y vigor saludable, es decir, que protegen el hau inmaterial del bosque. Se hac\u00edan ofrendas a los mauri de un bosque, estrictamente hablando a los dioses inherentes a los mauri. Se ofreci\u00f3 el primer p\u00e1jaro capturado de la temporada.\u00a0<\/p><p>Esto se llama una ofrenda al hau del bosque (he whangai i te hau o te ngahere). Ahora, hay algunos razonamientos entretejidos aqu\u00ed en las mentes de los maor\u00edes. El mauri es el responsable de la presencia de los p\u00e1jaros en el bosque, y los poderes de un sacerdote experto dot\u00f3 al mauri de sus poderes, de ah\u00ed que se diga que los p\u00e1jaros pertenecen a tales dioses. Algunas aves de la primera captura son cocinadas a fuego de tapu y comidas por los expertos sacerdotes para que el hau o esencia de vida o apariencia de las aves muertas pueda regresar al bosque y su mauri.\u00a0<\/p><p>En verdad, la persona desafortunada que trata de sondear el esp\u00edritu maor\u00ed y sondear sus formas y manifestaciones err\u00e1ticas est\u00e1 siguiendo un camino tortuoso.<\/p><p>El ohonga o m\u00e9dium material que representa el hau humano en los ritos m\u00e1gicos parece ser conocido como maunu en las islas hawaianas. Desafortunadamente, ning\u00fan coleccionista parece haber indagado profundamente en las ideas espirituales de los nativos de Polinesia; el material grabado es extremadamente delgado.<\/p><p>El hau del hombre y el bosque necesitaban protecci\u00f3n, ya que ambos pod\u00edan ser destruidos o da\u00f1ados por las artes m\u00e1gicas. Por lo tanto, esta cualidad inmaterial estaba protegida, a menudo por medio de mauri material, contra tales peligros. Todas estas medidas protectoras, mauri o encantamientos, extra\u00edan su virtud de los dioses.<\/p>\t\t\t\t\t\t\t\t<\/div>\n\t\t\t\t<\/div>\n\t\t\t\t\t<\/div>\n\t\t<\/div>\n\t\t\t\t\t<\/div>\n\t\t<\/section>\n\t\t\t\t<\/div>","protected":false},"excerpt":{"rendered":"<p>Mitolog\u00eda Wiki maor\u00ed Cuando se establecieron en Nueva Zelanda, los maor\u00edes trajeron de las diversas islas de las que eran originarios, un n\u00famero... <\/p>","protected":false},"author":1,"featured_media":0,"parent":2889,"menu_order":0,"comment_status":"closed","ping_status":"closed","template":"","meta":{"footnotes":""},"class_list":["post-22542","page","type-page","status-publish","hentry"],"amp_enabled":true,"_links":{"self":[{"href":"https:\/\/mythslegendes.com\/es\/wp-json\/wp\/v2\/pages\/22542","targetHints":{"allow":["GET"]}}],"collection":[{"href":"https:\/\/mythslegendes.com\/es\/wp-json\/wp\/v2\/pages"}],"about":[{"href":"https:\/\/mythslegendes.com\/es\/wp-json\/wp\/v2\/types\/page"}],"author":[{"embeddable":true,"href":"https:\/\/mythslegendes.com\/es\/wp-json\/wp\/v2\/users\/1"}],"replies":[{"embeddable":true,"href":"https:\/\/mythslegendes.com\/es\/wp-json\/wp\/v2\/comments?post=22542"}],"version-history":[{"count":3,"href":"https:\/\/mythslegendes.com\/es\/wp-json\/wp\/v2\/pages\/22542\/revisions"}],"predecessor-version":[{"id":22552,"href":"https:\/\/mythslegendes.com\/es\/wp-json\/wp\/v2\/pages\/22542\/revisions\/22552"}],"up":[{"embeddable":true,"href":"https:\/\/mythslegendes.com\/es\/wp-json\/wp\/v2\/pages\/2889"}],"wp:attachment":[{"href":"https:\/\/mythslegendes.com\/es\/wp-json\/wp\/v2\/media?parent=22542"}],"curies":[{"name":"wp","href":"https:\/\/api.w.org\/{rel}","templated":true}]}}