{"id":22553,"date":"2022-08-09T03:30:35","date_gmt":"2022-08-09T03:30:35","guid":{"rendered":"https:\/\/mythslegendes.com\/?page_id=22553"},"modified":"2022-08-09T03:35:26","modified_gmt":"2022-08-09T03:35:26","slug":"manawa-ora","status":"publish","type":"page","link":"https:\/\/mythslegendes.com\/es\/mitologia-maori\/manawa-ora\/","title":{"rendered":"Manawa Ora"},"content":{"rendered":"<div data-elementor-type=\"wp-page\" data-elementor-id=\"22553\" class=\"elementor elementor-22553\">\n\t\t\t\t\t\t<section class=\"elementor-section elementor-top-section elementor-element elementor-element-4f6281b elementor-section-boxed elementor-section-height-default elementor-section-height-default\" data-id=\"4f6281b\" data-element_type=\"section\" data-e-type=\"section\">\n\t\t\t\t\t\t<div class=\"elementor-container elementor-column-gap-default\">\n\t\t\t\t\t<div class=\"elementor-column elementor-col-50 elementor-top-column elementor-element elementor-element-de30407\" data-id=\"de30407\" data-element_type=\"column\" data-e-type=\"column\">\n\t\t\t<div class=\"elementor-widget-wrap elementor-element-populated\">\n\t\t\t\t\t\t<div class=\"elementor-element elementor-element-7fd343b elementor-align-justify elementor-widget elementor-widget-button\" data-id=\"7fd343b\" data-element_type=\"widget\" data-e-type=\"widget\" data-widget_type=\"button.default\">\n\t\t\t\t<div class=\"elementor-widget-container\">\n\t\t\t\t\t\t\t\t\t<div class=\"elementor-button-wrapper\">\n\t\t\t\t\t<a class=\"elementor-button elementor-button-link elementor-size-sm\" href=\"https:\/\/mythslegendes.com\/es\/mitologia-maori\/\">\n\t\t\t\t\t\t<span class=\"elementor-button-content-wrapper\">\n\t\t\t\t\t\t\t\t\t<span class=\"elementor-button-text\">Mitolog\u00eda maor\u00ed<\/span>\n\t\t\t\t\t<\/span>\n\t\t\t\t\t<\/a>\n\t\t\t\t<\/div>\n\t\t\t\t\t\t\t\t<\/div>\n\t\t\t\t<\/div>\n\t\t\t\t\t<\/div>\n\t\t<\/div>\n\t\t\t\t<div class=\"elementor-column elementor-col-50 elementor-top-column elementor-element elementor-element-19a9053\" data-id=\"19a9053\" data-element_type=\"column\" data-e-type=\"column\">\n\t\t\t<div class=\"elementor-widget-wrap elementor-element-populated\">\n\t\t\t\t\t\t<div class=\"elementor-element elementor-element-b1ae6d3 elementor-align-justify elementor-widget elementor-widget-button\" data-id=\"b1ae6d3\" data-element_type=\"widget\" data-e-type=\"widget\" data-widget_type=\"button.default\">\n\t\t\t\t<div class=\"elementor-widget-container\">\n\t\t\t\t\t\t\t\t\t<div class=\"elementor-button-wrapper\">\n\t\t\t\t\t<a class=\"elementor-button elementor-button-link elementor-size-sm\" href=\"https:\/\/nzetc.victoria.ac.nz\/tm\/scholarly\/tei-Bes02Reli.html\" target=\"_blank\" rel=\"noopener\">\n\t\t\t\t\t\t<span class=\"elementor-button-content-wrapper\">\n\t\t\t\t\t\t\t\t\t<span class=\"elementor-button-text\">Wiki<\/span>\n\t\t\t\t\t<\/span>\n\t\t\t\t\t<\/a>\n\t\t\t\t<\/div>\n\t\t\t\t\t\t\t\t<\/div>\n\t\t\t\t<\/div>\n\t\t\t\t\t<\/div>\n\t\t<\/div>\n\t\t\t\t\t<\/div>\n\t\t<\/section>\n\t\t\t\t<section class=\"elementor-section elementor-top-section elementor-element elementor-element-6f21020 elementor-section-boxed elementor-section-height-default elementor-section-height-default\" data-id=\"6f21020\" data-element_type=\"section\" data-e-type=\"section\">\n\t\t\t\t\t\t<div class=\"elementor-container elementor-column-gap-default\">\n\t\t\t\t\t<div class=\"elementor-column elementor-col-100 elementor-top-column elementor-element elementor-element-2744612\" data-id=\"2744612\" data-element_type=\"column\" data-e-type=\"column\">\n\t\t\t<div class=\"elementor-widget-wrap elementor-element-populated\">\n\t\t\t\t\t\t<div class=\"elementor-element elementor-element-7fd655c elementor-widget elementor-widget-text-editor\" data-id=\"7fd655c\" data-element_type=\"widget\" data-e-type=\"widget\" data-widget_type=\"text-editor.default\">\n\t\t\t\t<div class=\"elementor-widget-container\">\n\t\t\t\t\t\t\t\t\t<p>Cuando se instalaron <a href=\"https:\/\/mythslegendes.com\/es\/mitologia-maori\/\">Nueva Zelanda<\/a>, los maor\u00edes trajeron de las distintas islas de donde proced\u00edan un cierto n\u00famero de historias que adaptaron a su nuevo entorno y desarrollaron. Este es el concepto de Manawa ora, el aliento de vida.<\/p><p><img decoding=\"async\" class=\"alignnone wp-image-9347 size-full\" src=\"http:\/\/mythslegendes.com\/wp-content\/uploads\/2020\/09\/cropped-AlphaOmega-e1602613368367.png\" alt=\"manawa ora\" width=\"25\" height=\"25\" title=\"\"><\/p>\t\t\t\t\t\t\t\t<\/div>\n\t\t\t\t<\/div>\n\t\t\t\t\t<\/div>\n\t\t<\/div>\n\t\t\t\t\t<\/div>\n\t\t<\/section>\n\t\t\t\t<section class=\"elementor-section elementor-top-section elementor-element elementor-element-b675dc9 elementor-section-boxed elementor-section-height-default elementor-section-height-default\" data-id=\"b675dc9\" data-element_type=\"section\" data-e-type=\"section\">\n\t\t\t\t\t\t<div class=\"elementor-container elementor-column-gap-default\">\n\t\t\t\t\t<div class=\"elementor-column elementor-col-100 elementor-top-column elementor-element elementor-element-658d24a\" data-id=\"658d24a\" data-element_type=\"column\" data-e-type=\"column\">\n\t\t\t<div class=\"elementor-widget-wrap elementor-element-populated\">\n\t\t\t\t\t\t<div class=\"elementor-element elementor-element-4e56576 elementor-widget elementor-widget-heading\" data-id=\"4e56576\" data-element_type=\"widget\" data-e-type=\"widget\" data-widget_type=\"heading.default\">\n\t\t\t\t<div class=\"elementor-widget-container\">\n\t\t\t\t\t<div id=\"ez-toc-container\" class=\"ez-toc-v2_0_82_2 counter-hierarchy ez-toc-counter ez-toc-grey ez-toc-container-direction\">\n<div class=\"ez-toc-title-container\">\n<p class=\"ez-toc-title\" style=\"cursor:inherit\">Contenido<\/p>\n<span class=\"ez-toc-title-toggle\"><a href=\"#\" class=\"ez-toc-pull-right ez-toc-btn ez-toc-btn-xs ez-toc-btn-default ez-toc-toggle\" aria-label=\"Alternar tabla de contenidos\"><span class=\"ez-toc-js-icon-con\"><span class=\"\"><span class=\"eztoc-hide\" style=\"display:none;\">Palanca<\/span><span class=\"ez-toc-icon-toggle-span\"><svg style=\"fill: #999;color:#999\" xmlns=\"http:\/\/www.w3.org\/2000\/svg\" class=\"list-377408\" width=\"20px\" height=\"20px\" viewbox=\"0 0 24 24\" fill=\"none\"><path d=\"M6 6H4v2h2V6zm14 0H8v2h12V6zM4 11h2v2H4v-2zm16 0H8v2h12v-2zM4 16h2v2H4v-2zm16 0H8v2h12v-2z\" fill=\"currentColor\"><\/path><\/svg><svg style=\"fill: #999;color:#999\" class=\"arrow-unsorted-368013\" xmlns=\"http:\/\/www.w3.org\/2000\/svg\" width=\"10px\" height=\"10px\" viewbox=\"0 0 24 24\" version=\"1.2\" baseprofile=\"tiny\"><path d=\"M18.2 9.3l-6.2-6.3-6.2 6.3c-.2.2-.3.4-.3.7s.1.5.3.7c.2.2.4.3.7.3h11c.3 0 .5-.1.7-.3.2-.2.3-.5.3-.7s-.1-.5-.3-.7zM5.8 14.7l6.2 6.3 6.2-6.3c.2-.2.3-.5.3-.7s-.1-.5-.3-.7c-.2-.2-.4-.3-.7-.3h-11c-.3 0-.5.1-.7.3-.2.2-.3.5-.3.7s.1.5.3.7z\"\/><\/svg><\/span><\/span><\/span><\/a><\/span><\/div>\n<nav><ul class='ez-toc-list ez-toc-list-level-1' ><li class='ez-toc-page-1 ez-toc-heading-level-2'><a class=\"ez-toc-link ez-toc-heading-1\" href=\"https:\/\/mythslegendes.com\/es\/mitologia-maori\/manawa-ora\/#Manawa-ora-le-souffle-de-vie\" >Manawa ora, el aliento de vida<\/a><\/li><\/ul><\/nav><\/div>\n<h2 class=\"elementor-heading-title elementor-size-default\"><span class=\"ez-toc-section\" id=\"Manawa-ora-le-souffle-de-vie\"><\/span>Manawa ora, el aliento de vida<span class=\"ez-toc-section-end\"><\/span><\/h2>\t\t\t\t<\/div>\n\t\t\t\t<\/div>\n\t\t\t\t\t<\/div>\n\t\t<\/div>\n\t\t\t\t\t<\/div>\n\t\t<\/section>\n\t\t\t\t<section class=\"elementor-section elementor-top-section elementor-element elementor-element-587898c elementor-section-boxed elementor-section-height-default elementor-section-height-default\" data-id=\"587898c\" data-element_type=\"section\" data-e-type=\"section\">\n\t\t\t\t\t\t<div class=\"elementor-container elementor-column-gap-default\">\n\t\t\t\t\t<div class=\"elementor-column elementor-col-100 elementor-top-column elementor-element elementor-element-3b9e162\" data-id=\"3b9e162\" data-element_type=\"column\" data-e-type=\"column\">\n\t\t\t<div class=\"elementor-widget-wrap elementor-element-populated\">\n\t\t\t\t\t\t<div class=\"elementor-element elementor-element-38dd5ec elementor-widget elementor-widget-text-editor\" data-id=\"38dd5ec\" data-element_type=\"widget\" data-e-type=\"widget\" data-widget_type=\"text-editor.default\">\n\t\t\t\t<div class=\"elementor-widget-container\">\n\t\t\t\t\t\t\t\t\t<p>Aqu\u00ed tenemos una cualidad que pronto se explica y elimina. Manawa es un t\u00e9rmino para aliento y la expresi\u00f3n manawa ora significa aliento de vida.<\/p><p>Cuando Tane form\u00f3 la imagen terrenal que fue vivificada y as\u00ed se convirti\u00f3 en la primera de las mujeres mortales, la wairua y la manawa ora mediante las cuales le fue otorgada la vida fueron obtenidas del Ser Supremo. As\u00ed, esta \u00faltima expresi\u00f3n designa algo m\u00e1s que un soplo ordinario; a menudo se utiliza para implicar una cualidad m\u00e1s espiritual. Como en el caso de Hine-ahu-one, se relaciona con la vida espiritual supranormal, ira atua.<\/p><p>\u00a0Por otro lado, manawa ora tambi\u00e9n se utiliza para referirse a la respiraci\u00f3n ordinaria o al aire fresco. En Java encontramos que la palabra nawa significa aliento, vida y alma. En las islas hawaianas, manawa significa esp\u00edritu, entre otras cosas; tiene <a href=\"https:\/\/mythslegendes.com\/es\/cocinera-mitologia\/\">Mangaia<\/a>, designa la mente o el esp\u00edritu; en las Marquesas el soplo de vida; y para <a href=\"https:\/\/mythslegendes.com\/es\/mitologia-tahitiana-gambier\/\">Mangareva<\/a> el alma, la conciencia. En muchas islas tiene sus dos significados habituales: &quot;aliento&quot; y &quot;vientre&quot;.\u00a0<\/p><p>Esto tambi\u00e9n significa, en <a href=\"https:\/\/mythslegendes.com\/es\/mitologia-maori\/\">maor\u00ed<\/a>, el coraz\u00f3n, tanto el \u00f3rgano material como el coraz\u00f3n como sede de las emociones. La palabra aparece en varias formas compuestas como manawa-nui (animado); manawa-pa (parsimonioso);. manawa-rau (inc\u00f3modo); manawa-reka (gratificado), etc.<\/p><p>Muchas personas han utilizado las palabras que significan aliento, viento, aire y coraz\u00f3n para referirse al esp\u00edritu o al alma, a veces esp\u00edritu. Los maor\u00edes usaban tales palabras para definir ciertas cualidades relacionadas con el hombre, pero eligieron la palabra sombra para aplicarla al alma en aparici\u00f3n del hombre que finalmente abandona el cuerpo al morir.<\/p><p>La palabra ngakau significa las entra\u00f1as en maor\u00ed, tambi\u00e9n el asiento de los afectos, tambi\u00e9n el esp\u00edritu. En las islas hawaianas, na&#039;au, la misma palabra, tiene los mismos significados, pero tambi\u00e9n se usa para referirse al alma, sin\u00f3nimo de uhane. En ambos dialectos significa sede de los poderes morales. Obviamente, el significado original fue el primero que se dio arriba, y esto se nota en muchos dialectos polinesios.\u00a0<\/p><p>La palabra puku, que significa &quot;est\u00f3mago&quot;, se usa de manera similar, porque el est\u00f3mago se consideraba el asiento de las emociones y la memoria. Entonces tuvimos pukukata (diversi\u00f3n); pukutakaro (juguet\u00f3n) pukumahi (laborioso); pukumahara (cauteloso), etc.<\/p><p>El t\u00e9rmino hinengaro se refiere a la sede del pensamiento, la mente, y tambi\u00e9n se usa donde usamos la palabra \u201cconciencia\u201d.<\/p><p>El siguiente pasaje curioso est\u00e1 tomado de un relato del viaje a Vancouver: \u201cLos sacerdotes (de <a href=\"https:\/\/mythslegendes.com\/es\/mitologia-tahitiana-del-viento\/\">Tahit\u00ed<\/a>) ense\u00f1\u00f3 que los intestinos son el \u00f3rgano inmediato de sensaci\u00f3n, donde se reciben por primera vez todas las impresiones y por medio del cual se realizan todas las funciones del alma. y por eso sosten\u00edan, como primer principio de la filosof\u00eda de la mente, que los intestinos tienen la mayor afinidad con la parte inmortal del hombre.<\/p><p>. que todas las operaciones intelectuales ten\u00edan lugar en la cabeza, generalmente respond\u00edan con una sonrisa de incredulidad, observando que hab\u00edan visto curar a menudo a hombres cuyos cr\u00e1neos hab\u00edan sido fracturados... pero que en todos los casos en que los intestinos estaban heridos, el paciente mor\u00eda... .\u00a0<\/p><p>Tambi\u00e9n esgrimieron otros argumentos en apoyo de su creencia, en particular el efecto del miedo o de cualquier pasi\u00f3n violenta, que provocaba una gran agitaci\u00f3n en el coraz\u00f3n, e incluso en el est\u00f3mago... Estos puntos de vista compart\u00edan una creencia muy com\u00fan en las partes occidentales de Asia, y de la que encontramos algunos vestigios en las escrituras sagradas. \u00bb (Vancouver, Viaje de descubrimiento 1790-1795, vol. 1, p\u00e1gs. 121-2).<\/p><p>Lo anterior coincide exactamente con la creencia maor\u00ed en las funciones del ngakau. Es, sin embargo, algo curioso que el autor no mencione la creencia polinesia en el esp\u00edritu que abandona el cuerpo al morir y entra en el mundo de los esp\u00edritus.<\/p><p>Se proporcionan m\u00e1s datos sobre t\u00e9rminos relacionados con conceptos espirituales en la Monograf\u00eda 2 del Dominion Museum, Conceptos espirituales y mentales de los maor\u00edes.<\/p><p>Algunos de los t\u00e9rminos utilizados para designar el elemento inmortal del hombre en las islas de la Polinesia aparentemente son desconocidos para los maor\u00edes de Nueva Zelanda. Este es el caso del t\u00e9rmino <a href=\"https:\/\/mythslegendes.com\/es\/mitologia-hawaiana\/\">hawaiano<\/a> uhane y mahoi <a href=\"https:\/\/mythslegendes.com\/es\/mitologia-tahitiana-tuamotu\/\">Tuamotu<\/a>. Es muy posible que tengamos esta \u00faltima palabra en Tini o te mahoihoi, un nombre aplicado por las tribus de la Bah\u00eda de Plenty a ciertas criaturas del bosque, aparentemente m\u00edticas, del pasado lejano.\u00a0<\/p><p>Nuevamente tenemos la historia Arawa de Te Mahoi, o Te Mahoihoi, tambi\u00e9n conocido como Tama-o-hoi, cuyo \u00faltimo t\u00e9rmino no impresiona como una forma aut\u00e9ntica. Estos nombres hacen referencia a un ser extra\u00f1o que se dice que viv\u00eda bajo tierra en el distrito de Rotoiti, un ser que apareci\u00f3 en forma humana y que era un maestro de la magia negra. Algunos nativos afirman que adopt\u00f3 una vida clandestina despu\u00e9s de la llegada de inmigrantes polinesios, cuyas artes m\u00e1gicas le resultaban demasiado dif\u00edciles de enfrentar.\u00a0<\/p><p>Aparentemente se trataba de un esp\u00edritu maligno y la historia era uno de los muchos cuentos populares locales. En el dialecto tahitiano, se dice que mahoi designa la esencia o alma de un dios, y Te Mahoi de <a href=\"https:\/\/mythslegendes.com\/es\/\">mito<\/a> Maor\u00ed es uno m\u00e1s de la horda de seres m\u00edticos incluidos en el t\u00e9rmino atua.<\/p><p>En angaanga tenemos un t\u00e9rmino que hace referencia al esp\u00edritu o alma de la isla de Niue y del grupo samoano. En maor\u00ed, hasta donde sabemos, no tiene ning\u00fan significado relacionado. En el grupo Tuamotu iho significa esp\u00edritu, esp\u00edritus ancestrales llamados ihoiho; Estos t\u00e9rminos tambi\u00e9n parecen usarse en la Sociedad y <a href=\"https:\/\/mythslegendes.com\/es\/cocinera-mitologia\/\">Cocinando<\/a>, en forma de io en este \u00faltimo. En maor\u00ed, como en las islas que acabamos de mencionar, iho significa n\u00facleo, la parte m\u00e1s interna o n\u00facleo, pero tambi\u00e9n se utiliza para denotar una calidad o producto constituyente predominante.\u00a0<span style=\"color: var( --e-global-color-text ); font-family: var( --e-global-typography-text-font-family ), Sans-serif; font-weight: var( --e-global-typography-text-font-weight );\">He conocido algunas aves o peces presentados a un nativo como iho de tierras en las que ten\u00eda inter\u00e9s.\u00a0<\/span><\/p><p><span style=\"color: var( --e-global-color-text ); font-family: var( --e-global-typography-text-font-family ), Sans-serif; font-weight: var( --e-global-typography-text-font-weight );\">El material de azud mauri o pescado se considera el iho de este azud, simplemente porque es el objeto m\u00e1s importante e imprescindible del azud, aunque no forma parte del mismo. Iho tambi\u00e9n se refiere al cord\u00f3n umbilical. Pero nuestro pueblo maor\u00ed no utiliza este t\u00e9rmino como sin\u00f3nimo de wairua cuando se refiere a la parte espiritual del hombre. Ora, t\u00e9rmino para esp\u00edritu y fantasma en el dialecto Tikopia, es una palabra polinesia que significa vida y bienestar en muchas islas remotas.<\/span><\/p><p><span style=\"color: var( --e-global-color-text ); font-family: var( --e-global-typography-text-font-family ), Sans-serif; font-weight: var( --e-global-typography-text-font-weight );\">No parece usarse para referirse al esp\u00edritu en la Polinesia propiamente dicha o en Nueva Zelanda, pero los maor\u00edes usan un t\u00e9rmino aliado, toiora, para referirse a la vida espiritual y el bienestar. En el siguiente pasaje, tomado de una historia antigua, el t\u00e9rmino toiora se aplica obviamente al bienestar del esp\u00edritu que abandona el cuerpo al morir y va al mundo de los esp\u00edritus; no es que se designara ning\u00fan esp\u00edritu o esp\u00edritus en particular, sino que el bienestar espiritual de todos los descendientes de Hine iba a ser su cuidado futuro: &quot;Ka kapua i konei te toiora ki te wheuriuri e Hine-titama&quot;. \u00bb La primera Dawn Maid asumi\u00f3 la tarea de proteger los esp\u00edritus de los muertos en el inframundo.<\/span><\/p><p>El t\u00e9rmino koiwi ora se utiliza a veces para referirse al esp\u00edritu del hombre, como se muestra en el diccionario maor\u00ed de Williams. Esta palabra koiwi se utiliza de forma particular en algunos casos y parece que se le aplican varios significados. Se menciona cierta cosa en el relato de un mito, o de la vida y los acontecimientos en los cielos o en el mundo de los esp\u00edritus, y se nos dice que &quot;toua koiwi i tenei ao he...&quot; es decir, que ella est\u00e1 representada en este mundo por \u2026\u00a0<\/p><p>En un relato del entrenamiento de Tane de la primera mujer para que pudiera engendrar a un hombre mortal ocurre lo siguiente: &quot;No tona hikanga kia puta te koiwi ora ki te ao&quot;, etc. Aqu\u00ed koiwi ora aparentemente no significa esp\u00edritu, sino un miembro vivo de una nueva raza de seres a punto de nacer.<\/p><p>Disponemos de pocos datos sobre la Polinesia sobre temas que requieren una investigaci\u00f3n larga y cuidadosa, como por ejemplo los conceptos espirituales. <a href=\"https:\/\/mythslegendes.com\/es\/mitologia-hawaiana\/\">Hawai<\/a> y Nueva Zelanda han registrado la mayor cantidad de tradiciones ind\u00edgenas, pero en muchas islas se han pasado por alto las oportunidades.<\/p><p>Las dos expresiones, ira atua e ira tangata, que denotan vida sobrenatural o espiritual y vida mortal, han sido explicadas en el Bolet\u00edn 10, p\u00e1gs. 61 y 122, y siguientes.<\/p><p>Aunque estos atua pose\u00edan cuerpos compuestos de hueso, carne y m\u00fasculos, y ten\u00edan ojos, no ten\u00edan sangre ni ninguna forma de humedad que les perteneciera; es porque poseemos sangre y humedad que no nos parecemos al putiriao.\u00a0<\/p><p>Los ojos de estos seres difieren de los nuestros, por lo tanto todas las cosas y acciones son claramente vistas por ellos; por eso se le otorg\u00f3 sangre al ira tangata (hombre mortal), porque \u00e9l es de la tierra, por eso no podemos ver, no poseemos los poderes de la vista que posee atua.<\/p>\t\t\t\t\t\t\t\t<\/div>\n\t\t\t\t<\/div>\n\t\t\t\t\t<\/div>\n\t\t<\/div>\n\t\t\t\t\t<\/div>\n\t\t<\/section>\n\t\t\t\t<\/div>","protected":false},"excerpt":{"rendered":"<p>Mitolog\u00eda Wiki maor\u00ed Cuando se establecieron en Nueva Zelanda, los maor\u00edes trajeron de las diversas islas de las que eran originarios, un n\u00famero... <\/p>","protected":false},"author":1,"featured_media":0,"parent":2889,"menu_order":0,"comment_status":"closed","ping_status":"closed","template":"","meta":{"footnotes":""},"class_list":["post-22553","page","type-page","status-publish","hentry"],"amp_enabled":true,"_links":{"self":[{"href":"https:\/\/mythslegendes.com\/es\/wp-json\/wp\/v2\/pages\/22553","targetHints":{"allow":["GET"]}}],"collection":[{"href":"https:\/\/mythslegendes.com\/es\/wp-json\/wp\/v2\/pages"}],"about":[{"href":"https:\/\/mythslegendes.com\/es\/wp-json\/wp\/v2\/types\/page"}],"author":[{"embeddable":true,"href":"https:\/\/mythslegendes.com\/es\/wp-json\/wp\/v2\/users\/1"}],"replies":[{"embeddable":true,"href":"https:\/\/mythslegendes.com\/es\/wp-json\/wp\/v2\/comments?post=22553"}],"version-history":[{"count":3,"href":"https:\/\/mythslegendes.com\/es\/wp-json\/wp\/v2\/pages\/22553\/revisions"}],"predecessor-version":[{"id":22560,"href":"https:\/\/mythslegendes.com\/es\/wp-json\/wp\/v2\/pages\/22553\/revisions\/22560"}],"up":[{"embeddable":true,"href":"https:\/\/mythslegendes.com\/es\/wp-json\/wp\/v2\/pages\/2889"}],"wp:attachment":[{"href":"https:\/\/mythslegendes.com\/es\/wp-json\/wp\/v2\/media?parent=22553"}],"curies":[{"name":"wp","href":"https:\/\/api.w.org\/{rel}","templated":true}]}}