{"id":2259,"date":"2020-07-10T14:24:16","date_gmt":"2020-07-10T13:24:16","guid":{"rendered":"https:\/\/mythslegendes.com\/?page_id=2259"},"modified":"2022-12-03T22:07:07","modified_gmt":"2022-12-03T22:07:07","slug":"le-coq-de-barcelos","status":"publish","type":"page","link":"https:\/\/mythslegendes.com\/es\/mitologia-iberica\/el-gallo-de-barcelos\/","title":{"rendered":"El gallo de Barcelos"},"content":{"rendered":"<div data-elementor-type=\"wp-page\" data-elementor-id=\"2259\" class=\"elementor elementor-2259\">\n\t\t\t\t\t\t<section class=\"elementor-section elementor-top-section elementor-element elementor-element-3f4b8eb elementor-section-boxed elementor-section-height-default elementor-section-height-default\" data-id=\"3f4b8eb\" data-element_type=\"section\" data-e-type=\"section\">\n\t\t\t\t\t\t<div class=\"elementor-container elementor-column-gap-default\">\n\t\t\t\t\t<div class=\"elementor-column elementor-col-50 elementor-top-column elementor-element elementor-element-e957ecb\" data-id=\"e957ecb\" data-element_type=\"column\" data-e-type=\"column\">\n\t\t\t<div class=\"elementor-widget-wrap elementor-element-populated\">\n\t\t\t\t\t\t<div class=\"elementor-element elementor-element-31a2106 elementor-align-justify elementor-widget elementor-widget-button\" data-id=\"31a2106\" data-element_type=\"widget\" data-e-type=\"widget\" data-widget_type=\"button.default\">\n\t\t\t\t<div class=\"elementor-widget-container\">\n\t\t\t\t\t\t\t\t\t<div class=\"elementor-button-wrapper\">\n\t\t\t\t\t<a class=\"elementor-button elementor-button-link elementor-size-sm\" href=\"https:\/\/mythslegendes.com\/es\/mitologia-iberica\/\">\n\t\t\t\t\t\t<span class=\"elementor-button-content-wrapper\">\n\t\t\t\t\t\t\t\t\t<span class=\"elementor-button-text\">Mitolog\u00eda ib\u00e9rica<\/span>\n\t\t\t\t\t<\/span>\n\t\t\t\t\t<\/a>\n\t\t\t\t<\/div>\n\t\t\t\t\t\t\t\t<\/div>\n\t\t\t\t<\/div>\n\t\t\t\t\t<\/div>\n\t\t<\/div>\n\t\t\t\t<div class=\"elementor-column elementor-col-50 elementor-top-column elementor-element elementor-element-857f048\" data-id=\"857f048\" data-element_type=\"column\" data-e-type=\"column\">\n\t\t\t<div class=\"elementor-widget-wrap elementor-element-populated\">\n\t\t\t\t\t\t<div class=\"elementor-element elementor-element-aaee546 elementor-align-justify elementor-widget elementor-widget-button\" data-id=\"aaee546\" data-element_type=\"widget\" data-e-type=\"widget\" data-widget_type=\"button.default\">\n\t\t\t\t<div class=\"elementor-widget-container\">\n\t\t\t\t\t\t\t\t\t<div class=\"elementor-button-wrapper\">\n\t\t\t\t\t<a class=\"elementor-button elementor-button-link elementor-size-sm\" href=\"https:\/\/en.wikipedia.org\/wiki\/Spanish_mythology\" target=\"_blank\" rel=\"noopener\">\n\t\t\t\t\t\t<span class=\"elementor-button-content-wrapper\">\n\t\t\t\t\t\t\t\t\t<span class=\"elementor-button-text\">Wiki<\/span>\n\t\t\t\t\t<\/span>\n\t\t\t\t\t<\/a>\n\t\t\t\t<\/div>\n\t\t\t\t\t\t\t\t<\/div>\n\t\t\t\t<\/div>\n\t\t\t\t\t<\/div>\n\t\t<\/div>\n\t\t\t\t\t<\/div>\n\t\t<\/section>\n\t\t\t\t<section class=\"elementor-section elementor-top-section elementor-element elementor-element-5817f4a8 elementor-section-boxed elementor-section-height-default elementor-section-height-default\" data-id=\"5817f4a8\" data-element_type=\"section\" data-e-type=\"section\">\n\t\t\t\t\t\t<div class=\"elementor-container elementor-column-gap-default\">\n\t\t\t\t\t<div class=\"elementor-column elementor-col-100 elementor-top-column elementor-element elementor-element-376e5ef0\" data-id=\"376e5ef0\" data-element_type=\"column\" data-e-type=\"column\">\n\t\t\t<div class=\"elementor-widget-wrap elementor-element-populated\">\n\t\t\t\t\t\t<div class=\"elementor-element elementor-element-72b4c5d7 elementor-widget elementor-widget-text-editor\" data-id=\"72b4c5d7\" data-element_type=\"widget\" data-e-type=\"widget\" data-widget_type=\"text-editor.default\">\n\t\t\t\t<div class=\"elementor-widget-container\">\n\t\t\t\t\t\t\t\t\t\n<p>El Calvario del siglo XVI, conservado en el Museo de Arqueolog\u00eda de la ciudad de Barcelos, est\u00e1 asociado a la curiosa <a href=\"https:\/\/mythslegendes.com\/es\/\">leyenda<\/a> del gallo de Barcelos, s\u00edmbolo de esta ciudad.<\/p>\n<p><img decoding=\"async\" class=\"alignnone wp-image-5284 size-full\" src=\"https:\/\/mythslegendes.com\/wp-content\/uploads\/2020\/09\/AlphaOmega-e1602613368367.png\" alt=\"gallo de barcelos\" width=\"25\" height=\"26\" title=\"\"><\/p>\n<div id=\"ez-toc-container\" class=\"ez-toc-v2_0_82_2 counter-hierarchy ez-toc-counter ez-toc-grey ez-toc-container-direction\">\n<div class=\"ez-toc-title-container\">\n<p class=\"ez-toc-title\" style=\"cursor:inherit\">Contenido<\/p>\n<span class=\"ez-toc-title-toggle\"><a href=\"#\" class=\"ez-toc-pull-right ez-toc-btn ez-toc-btn-xs ez-toc-btn-default ez-toc-toggle\" aria-label=\"Alternar tabla de contenidos\"><span class=\"ez-toc-js-icon-con\"><span class=\"\"><span class=\"eztoc-hide\" style=\"display:none;\">Palanca<\/span><span class=\"ez-toc-icon-toggle-span\"><svg style=\"fill: #999;color:#999\" xmlns=\"http:\/\/www.w3.org\/2000\/svg\" class=\"list-377408\" width=\"20px\" height=\"20px\" viewbox=\"0 0 24 24\" fill=\"none\"><path d=\"M6 6H4v2h2V6zm14 0H8v2h12V6zM4 11h2v2H4v-2zm16 0H8v2h12v-2zM4 16h2v2H4v-2zm16 0H8v2h12v-2z\" fill=\"currentColor\"><\/path><\/svg><svg style=\"fill: #999;color:#999\" class=\"arrow-unsorted-368013\" xmlns=\"http:\/\/www.w3.org\/2000\/svg\" width=\"10px\" height=\"10px\" viewbox=\"0 0 24 24\" version=\"1.2\" baseprofile=\"tiny\"><path d=\"M18.2 9.3l-6.2-6.3-6.2 6.3c-.2.2-.3.4-.3.7s.1.5.3.7c.2.2.4.3.7.3h11c.3 0 .5-.1.7-.3.2-.2.3-.5.3-.7s-.1-.5-.3-.7zM5.8 14.7l6.2 6.3 6.2-6.3c.2-.2.3-.5.3-.7s-.1-.5-.3-.7c-.2-.2-.4-.3-.7-.3h-11c-.3 0-.5.1-.7.3-.2.2-.3.5-.3.7s.1.5.3.7z\"\/><\/svg><\/span><\/span><\/span><\/a><\/span><\/div>\n<nav><ul class='ez-toc-list ez-toc-list-level-1' ><li class='ez-toc-page-1 ez-toc-heading-level-2'><a class=\"ez-toc-link ez-toc-heading-1\" href=\"https:\/\/mythslegendes.com\/es\/mitologia-iberica\/el-gallo-de-barcelos\/#Coq-de-Barcelos\" >Gallo de Barcelos<\/a><\/li><\/ul><\/nav><\/div>\n<h2><span class=\"ez-toc-section\" id=\"Coq-de-Barcelos\"><\/span>Gallo de Barcelos<span class=\"ez-toc-section-end\"><\/span><\/h2>\n\n<p>Seg\u00fan esta leyenda, un d\u00eda se cometi\u00f3 un crimen en este pueblo. Sin embargo, el culpable no fue encontrado, y los habitantes de Barcelos estaban intrigados por esto. Esta historia los preocup\u00f3 y aterroriz\u00f3.<\/p>\n\n<p>Un d\u00eda apareci\u00f3 en la ciudad un hombre de Galicia, sobre quien, por alguna raz\u00f3n desconocida, cay\u00f3 de inmediato la sospecha. Las autoridades lo arrestaron sin pruebas. El hombre protest\u00f3 en vano y proclam\u00f3 su inocencia, nada ayud\u00f3.<\/p>\n\n<p>Nadie quiso creer que este hombre iba a Santiago de Compostela a cumplir un deseo, pues era un ferviente adorador del santo que se veneraba en Compostela, as\u00ed como de San Pablo y de la Virgen. \u00a1El hombre estaba condenado a ser ahorcado!<\/p>\n\n<p>Mientras lo llevaban a la horca, pidi\u00f3 que lo llevaran ante el juez que lo hab\u00eda condenado. Se concedi\u00f3 el permiso y se llev\u00f3 a la residencia del magistrado, que estaba celebrando un banquete con unos amigos.<\/p>\n\n<p>El acusado volvi\u00f3 a afirmar su inocencia y ante la incredulidad de los asistentes, mostr\u00f3 un gallo asado que estaba sobre la mesa y exclam\u00f3: &lt;&gt;.<\/p>\n\n<p>Esta declaraci\u00f3n solo provoc\u00f3 carcajadas en toda la audiencia; pero nadie toc\u00f3 el gallo asado, que qued\u00f3 entero en su plato. Luego, el hombre fue arrastrado a la horca.<\/p>\n\n<p>\u00a1Y sucedi\u00f3 lo que parec\u00eda imposible! Cuando el peregrino estaba a punto de ser ahorcado, el gallo asado se puso de pie sobre la mesa y cant\u00f3. El juez y sus invitados se quedaron estupefactos. Ya nadie dudaba de la inocencia del condenado. El juez corri\u00f3 a la horca y cu\u00e1l fue su asombro cuando vio al pobre hombre con la soga alrededor del cuello, \u00a1pero el nudo se negaba absolutamente a apretar!<\/p>\n\n<p>Fue liberado inmediatamente y enviado de regreso en paz. Unos a\u00f1os m\u00e1s tarde volvi\u00f3 a Barcelos, donde erigi\u00f3 un monumento en homenaje a la Virgen y Santiago.<\/p>\n\n<p>Portugal adopt\u00f3 como s\u00edmbolo el gallo de Barcelos, sin duda porque simbolizaba una historia moral, optimista y justa.<\/p>\n\t\t\t\t\t\t\t\t<\/div>\n\t\t\t\t<\/div>\n\t\t\t\t\t<\/div>\n\t\t<\/div>\n\t\t\t\t\t<\/div>\n\t\t<\/section>\n\t\t\t\t<\/div>","protected":false},"excerpt":{"rendered":"<p>Mythologie Ib\u00e9rique Wiki Le calvaire du XVIe si\u00e8cle, conserv\u00e9 au Mus\u00e9e d&rsquo;Arch\u00e9ologie de la ville de barcelos, est associ\u00e9 \u00e0 &hellip; <\/p>","protected":false},"author":1,"featured_media":0,"parent":2187,"menu_order":0,"comment_status":"closed","ping_status":"closed","template":"","meta":{"footnotes":""},"class_list":["post-2259","page","type-page","status-publish","hentry"],"amp_enabled":true,"_links":{"self":[{"href":"https:\/\/mythslegendes.com\/es\/wp-json\/wp\/v2\/pages\/2259","targetHints":{"allow":["GET"]}}],"collection":[{"href":"https:\/\/mythslegendes.com\/es\/wp-json\/wp\/v2\/pages"}],"about":[{"href":"https:\/\/mythslegendes.com\/es\/wp-json\/wp\/v2\/types\/page"}],"author":[{"embeddable":true,"href":"https:\/\/mythslegendes.com\/es\/wp-json\/wp\/v2\/users\/1"}],"replies":[{"embeddable":true,"href":"https:\/\/mythslegendes.com\/es\/wp-json\/wp\/v2\/comments?post=2259"}],"version-history":[{"count":1,"href":"https:\/\/mythslegendes.com\/es\/wp-json\/wp\/v2\/pages\/2259\/revisions"}],"predecessor-version":[{"id":24753,"href":"https:\/\/mythslegendes.com\/es\/wp-json\/wp\/v2\/pages\/2259\/revisions\/24753"}],"up":[{"embeddable":true,"href":"https:\/\/mythslegendes.com\/es\/wp-json\/wp\/v2\/pages\/2187"}],"wp:attachment":[{"href":"https:\/\/mythslegendes.com\/es\/wp-json\/wp\/v2\/media?parent=2259"}],"curies":[{"name":"wp","href":"https:\/\/api.w.org\/{rel}","templated":true}]}}