{"id":22623,"date":"2022-08-13T21:56:11","date_gmt":"2022-08-13T21:56:11","guid":{"rendered":"https:\/\/mythslegendes.com\/?page_id=22623"},"modified":"2022-08-13T22:04:00","modified_gmt":"2022-08-13T22:04:00","slug":"tafai-et-tahiti-nui","status":"publish","type":"page","link":"https:\/\/mythslegendes.com\/es\/mitologia-del-sur-de-tahiti\/tafai-et-tahiti-nui\/","title":{"rendered":"Tafa&#039;i y Tahiti Nui"},"content":{"rendered":"<div data-elementor-type=\"wp-page\" data-elementor-id=\"22623\" class=\"elementor elementor-22623\">\n\t\t\t\t\t\t<section class=\"elementor-section elementor-top-section elementor-element elementor-element-9195a67 elementor-section-boxed elementor-section-height-default elementor-section-height-default\" data-id=\"9195a67\" data-element_type=\"section\" data-e-type=\"section\">\n\t\t\t\t\t\t<div class=\"elementor-container elementor-column-gap-default\">\n\t\t\t\t\t<div class=\"elementor-column elementor-col-50 elementor-top-column elementor-element elementor-element-5092d8b\" data-id=\"5092d8b\" data-element_type=\"column\" data-e-type=\"column\">\n\t\t\t<div class=\"elementor-widget-wrap elementor-element-populated\">\n\t\t\t\t\t\t<div class=\"elementor-element elementor-element-d16c7ac elementor-align-justify elementor-widget elementor-widget-button\" data-id=\"d16c7ac\" data-element_type=\"widget\" data-e-type=\"widget\" data-widget_type=\"button.default\">\n\t\t\t\t<div class=\"elementor-widget-container\">\n\t\t\t\t\t\t\t\t\t<div class=\"elementor-button-wrapper\">\n\t\t\t\t\t<a class=\"elementor-button elementor-button-link elementor-size-sm\" href=\"https:\/\/mythslegendes.com\/es\/mitologia-del-sur-de-tahiti\/\">\n\t\t\t\t\t\t<span class=\"elementor-button-content-wrapper\">\n\t\t\t\t\t\t\t\t\t<span class=\"elementor-button-text\">Mitolog\u00eda tahitiana - Austral<\/span>\n\t\t\t\t\t<\/span>\n\t\t\t\t\t<\/a>\n\t\t\t\t<\/div>\n\t\t\t\t\t\t\t\t<\/div>\n\t\t\t\t<\/div>\n\t\t\t\t\t<\/div>\n\t\t<\/div>\n\t\t\t\t<div class=\"elementor-column elementor-col-50 elementor-top-column elementor-element elementor-element-3f90272\" data-id=\"3f90272\" data-element_type=\"column\" data-e-type=\"column\">\n\t\t\t<div class=\"elementor-widget-wrap elementor-element-populated\">\n\t\t\t\t\t\t<div class=\"elementor-element elementor-element-fd87074 elementor-align-justify elementor-widget elementor-widget-button\" data-id=\"fd87074\" data-element_type=\"widget\" data-e-type=\"widget\" data-widget_type=\"button.default\">\n\t\t\t\t<div class=\"elementor-widget-container\">\n\t\t\t\t\t\t\t\t\t<div class=\"elementor-button-wrapper\">\n\t\t\t\t\t<a class=\"elementor-button elementor-button-link elementor-size-sm\" href=\"https:\/\/www.tahitiheritage.pf\/legende-tafai-tendons-poisson-tahiti-nui\/\" target=\"_blank\" rel=\"noopener\">\n\t\t\t\t\t\t<span class=\"elementor-button-content-wrapper\">\n\t\t\t\t\t\t\t\t\t<span class=\"elementor-button-text\">Wiki<\/span>\n\t\t\t\t\t<\/span>\n\t\t\t\t\t<\/a>\n\t\t\t\t<\/div>\n\t\t\t\t\t\t\t\t<\/div>\n\t\t\t\t<\/div>\n\t\t\t\t\t<\/div>\n\t\t<\/div>\n\t\t\t\t\t<\/div>\n\t\t<\/section>\n\t\t\t\t<section class=\"elementor-section elementor-top-section elementor-element elementor-element-a186f58 elementor-section-boxed elementor-section-height-default elementor-section-height-default\" data-id=\"a186f58\" data-element_type=\"section\" data-e-type=\"section\">\n\t\t\t\t\t\t<div class=\"elementor-container elementor-column-gap-default\">\n\t\t\t\t\t<div class=\"elementor-column elementor-col-100 elementor-top-column elementor-element elementor-element-5c5f26c\" data-id=\"5c5f26c\" data-element_type=\"column\" data-e-type=\"column\">\n\t\t\t<div class=\"elementor-widget-wrap elementor-element-populated\">\n\t\t\t\t\t\t<div class=\"elementor-element elementor-element-bd3bccc elementor-widget elementor-widget-text-editor\" data-id=\"bd3bccc\" data-element_type=\"widget\" data-e-type=\"widget\" data-widget_type=\"text-editor.default\">\n\t\t\t\t<div class=\"elementor-widget-container\">\n\t\t\t\t\t\t\t\t\t<p>Probablemente sea solo en&nbsp;<abbr title=\"Siglo 11\">XI<sup>mi<\/sup><\/abbr>&nbsp;siglo o incluso&nbsp;<abbr title=\"siglo 14\">XIV<sup>mi<\/sup><\/abbr> siglo que las islas habr\u00edan acogido a sus primeros habitantes, seguramente desde <a href=\"https:\/\/mythslegendes.com\/es\/mitologia-tahitiana-del-viento\/\">Tahit\u00ed<\/a>, poblado mucho antes. aqu\u00ed est\u00e1 <a href=\"https:\/\/mythslegendes.com\/es\/\">leyenda<\/a> de <a href=\"https:\/\/mythslegendes.com\/es\/mitologia-tahitiana-del-viento\/\">Tafa&#039;i<\/a> y Tahit\u00ed Nui.<\/p>\n<p><img decoding=\"async\" class=\"alignnone wp-image-9347 size-full\" src=\"http:\/\/mythslegendes.com\/wp-content\/uploads\/2020\/09\/cropped-AlphaOmega-e1602613368367.png\" alt=\"Tafa&#039;i y Tahiti Nui\" width=\"25\" height=\"25\" title=\"\"><\/p>\t\t\t\t\t\t\t\t<\/div>\n\t\t\t\t<\/div>\n\t\t\t\t\t<\/div>\n\t\t<\/div>\n\t\t\t\t\t<\/div>\n\t\t<\/section>\n\t\t\t\t<section class=\"elementor-section elementor-top-section elementor-element elementor-element-2bd9ace elementor-section-boxed elementor-section-height-default elementor-section-height-default\" data-id=\"2bd9ace\" data-element_type=\"section\" data-e-type=\"section\">\n\t\t\t\t\t\t<div class=\"elementor-container elementor-column-gap-default\">\n\t\t\t\t\t<div class=\"elementor-column elementor-col-100 elementor-top-column elementor-element elementor-element-d610023\" data-id=\"d610023\" data-element_type=\"column\" data-e-type=\"column\">\n\t\t\t<div class=\"elementor-widget-wrap elementor-element-populated\">\n\t\t\t\t\t\t<div class=\"elementor-element elementor-element-f6492f8 elementor-widget elementor-widget-heading\" data-id=\"f6492f8\" data-element_type=\"widget\" data-e-type=\"widget\" data-widget_type=\"heading.default\">\n\t\t\t\t<div class=\"elementor-widget-container\">\n\t\t\t\t\t<div id=\"ez-toc-container\" class=\"ez-toc-v2_0_82_2 counter-hierarchy ez-toc-counter ez-toc-grey ez-toc-container-direction\">\n<div class=\"ez-toc-title-container\">\n<p class=\"ez-toc-title\" style=\"cursor:inherit\">Contenido<\/p>\n<span class=\"ez-toc-title-toggle\"><a href=\"#\" class=\"ez-toc-pull-right ez-toc-btn ez-toc-btn-xs ez-toc-btn-default ez-toc-toggle\" aria-label=\"Alternar tabla de contenidos\"><span class=\"ez-toc-js-icon-con\"><span class=\"\"><span class=\"eztoc-hide\" style=\"display:none;\">Palanca<\/span><span class=\"ez-toc-icon-toggle-span\"><svg style=\"fill: #999;color:#999\" xmlns=\"http:\/\/www.w3.org\/2000\/svg\" class=\"list-377408\" width=\"20px\" height=\"20px\" viewbox=\"0 0 24 24\" fill=\"none\"><path d=\"M6 6H4v2h2V6zm14 0H8v2h12V6zM4 11h2v2H4v-2zm16 0H8v2h12v-2zM4 16h2v2H4v-2zm16 0H8v2h12v-2z\" fill=\"currentColor\"><\/path><\/svg><svg style=\"fill: #999;color:#999\" class=\"arrow-unsorted-368013\" xmlns=\"http:\/\/www.w3.org\/2000\/svg\" width=\"10px\" height=\"10px\" viewbox=\"0 0 24 24\" version=\"1.2\" baseprofile=\"tiny\"><path d=\"M18.2 9.3l-6.2-6.3-6.2 6.3c-.2.2-.3.4-.3.7s.1.5.3.7c.2.2.4.3.7.3h11c.3 0 .5-.1.7-.3.2-.2.3-.5.3-.7s-.1-.5-.3-.7zM5.8 14.7l6.2 6.3 6.2-6.3c.2-.2.3-.5.3-.7s-.1-.5-.3-.7c-.2-.2-.4-.3-.7-.3h-11c-.3 0-.5.1-.7.3-.2.2-.3.5-.3.7s.1.5.3.7z\"\/><\/svg><\/span><\/span><\/span><\/a><\/span><\/div>\n<nav><ul class='ez-toc-list ez-toc-list-level-1' ><li class='ez-toc-page-1 ez-toc-heading-level-2'><a class=\"ez-toc-link ez-toc-heading-1\" href=\"https:\/\/mythslegendes.com\/es\/mitologia-del-sur-de-tahiti\/tafai-et-tahiti-nui\/#Tafai-et-Tahiti-Nui-Tafai-qui-immobilisa-le-grand-poisson-Tahiti-Nui\" >Tafa&#039;i y Tahiti Nui: Tafa&#039;i que inmoviliz\u00f3 al gran pez Tahiti Nui<\/a><\/li><\/ul><\/nav><\/div>\n<h2 class=\"elementor-heading-title elementor-size-default\"><span class=\"ez-toc-section\" id=\"Tafai-et-Tahiti-Nui-Tafai-qui-immobilisa-le-grand-poisson-Tahiti-Nui\"><\/span>Tafa&#039;i y Tahiti Nui: Tafa&#039;i que inmoviliz\u00f3 al gran pez Tahiti Nui<span class=\"ez-toc-section-end\"><\/span><\/h2>\t\t\t\t<\/div>\n\t\t\t\t<\/div>\n\t\t\t\t\t<\/div>\n\t\t<\/div>\n\t\t\t\t\t<\/div>\n\t\t<\/section>\n\t\t\t\t<section class=\"elementor-section elementor-top-section elementor-element elementor-element-8c75470 elementor-section-boxed elementor-section-height-default elementor-section-height-default\" data-id=\"8c75470\" data-element_type=\"section\" data-e-type=\"section\">\n\t\t\t\t\t\t<div class=\"elementor-container elementor-column-gap-default\">\n\t\t\t\t\t<div class=\"elementor-column elementor-col-100 elementor-top-column elementor-element elementor-element-0f48a0f\" data-id=\"0f48a0f\" data-element_type=\"column\" data-e-type=\"column\">\n\t\t\t<div class=\"elementor-widget-wrap elementor-element-populated\">\n\t\t\t\t\t\t<div class=\"elementor-element elementor-element-c610ff5 elementor-widget elementor-widget-text-editor\" data-id=\"c610ff5\" data-element_type=\"widget\" data-e-type=\"widget\" data-widget_type=\"text-editor.default\">\n\t\t\t\t<div class=\"elementor-widget-container\">\n\t\t\t\t\t\t\t\t\t<p>la anguila de <a href=\"https:\/\/mythslegendes.com\/es\/mitologia-tahitiana-sotavento\/\">Raiatea<\/a> se convirti\u00f3 en el gran pez Tahiti Nui que cre\u00f3 la isla de Tahit\u00ed (ver leyenda de Terehe). Pero cuando llegaron a su destino, los peces luchaban constantemente. El h\u00e9roe polinesio Tafa&#039;i con su hacha m\u00e1gica, logr\u00f3 inmovilizarlo cort\u00e1ndole los tendones y as\u00ed cre\u00f3 el istmo de Taravao.<\/p><p>En la antig\u00fcedad, los dioses ten\u00edan todos los poderes en la Tierra. El pez Tahiti Nui que se hab\u00eda convertido en la isla de Tahit\u00ed manten\u00eda bien su posici\u00f3n, pero luchaba constantemente, era necesario cortarle los tendones para inmovilizarlo. Tafa&#039;i-upo&#039;o-tu, el legendario h\u00e9roe polinesio dijo: &quot;\u00a1Los tendones del pez deben cortarse para que el viento pueda soplar f\u00e1cilmente alrededor de la cabeza del pez y el pez permanezca inm\u00f3vil!&quot; \u00bb<\/p><p>Llegaron varios guerreros para dominar el pez Tahiti Nui:<br \/>\u2013 Terarai us\u00f3 sus manos pero sin resultado;<br \/>\u2013 Taito&#039;a llam\u00f3 pero fue en vano;<br \/>\u2013 Tautai llam\u00f3 pero en vano;<br \/>\u2013 Tainuiatea intent\u00f3 pero en vano;<br \/>\u2013 Taitaata tampoco lo logra.<\/p><p>Los guerreros ven\u00edan de todas partes, intentaron pero ninguno logr\u00f3 cortar los tendones de los peces. Entonces Tafa&#039;i exclam\u00f3: &quot;\u00a1Ninguno de ustedes ha tenido \u00e9xito, debemos apelar a los dioses!&quot; Oh dioses que conozco, dioses del Cielo y dioses-hombres. \u00a1Ven en nuestra ayuda! Te dar\u00e9 mi fuerza, mis bienes. Le dar\u00e9 mi fuerza a la luna\u201d<\/p><p>Pero ning\u00fan dios respondi\u00f3 a la llamada de Tafa&#039;i. Entonces lleg\u00f3 Maruato&#039;a y le dijo a Tafa&#039;i: &quot;Toma fuerzas, prepara tu canoa, dale el nombre de Tepatea y parte para Tupuai (antiguo nombre de la isla de <a href=\"https:\/\/mythslegendes.com\/es\/mitologia-del-sur-de-tahiti\/\">Tubuai<\/a>, en las Australes)\u201d<\/p><p>Tafa&#039;i y Ohuna partieron hacia Tubuai, que designa simb\u00f3licamente la cabeza del pulpo Tumurai fenua (ver leyenda). Llegados a Tubuai, vinieron a postrarse ante el rey Marerenui Marua to&#039;a.<br \/>\u2013 \u00a1Oh Rey, es una misi\u00f3n muy importante la que llevamos a cabo! \u00a1El pez Tahit\u00ed no es lo suficientemente estable, sus tendones deben ser absolutamente cortados para poder inmovilizarlo!<br \/>\u2013 \u00bfQui\u00e9nes son los sacerdotes designados para esta obra? Entonces le pregunt\u00f3 al rey.<br \/>- No hay ! \u00a1Los guerreros lo intentaron sin \u00e9xito! Venimos a pedirte, oh Rey, que vengas y hagas esta obra. \u00bb<\/p><p>El rey pens\u00f3 y dijo: &quot;No puedo ir. Te voy a dar esta hacha Tepahurunuimatevaitau perteneciente a Tinorua, el dios de los oc\u00e9anos, para que puedas inmovilizar la tierra de Tahiti cortando los tendones del pez Tahiti Nui. \u00bb<\/p><p>Tafa&#039;i y Ohuna tomaron el hacha pesada y regresaron a Tahit\u00ed. Fueron al encuentro de los guerreros y les dijeron: \u201cAqu\u00ed est\u00e1 el hacha m\u00e1gica para cortar los tendones del pescado, su nombre es Tepahurunuimatevaitau. \u00bb<\/p><p>El hacha m\u00e1gica y sagrada era demasiado pesada para ser utilizada por los guerreros, por otro lado, en manos de Tafa&#039;i, se volvi\u00f3 liviana y muy m\u00f3vil. Tafa&#039;i levant\u00f3 el hacha y cort\u00f3 los tendones del pez.<\/p><p>La tierra y la gran cadena monta\u00f1osa, que dominaba Tahit\u00ed, se divid\u00eda en dos partes: Tevaitai (la pen\u00ednsula) y Tevaiuta. El lugar donde golpe\u00f3 Tafa&#039;i form\u00f3 un istmo que ahora se llama Taravao. La cabeza del pez Tevaitai tambi\u00e9n se llam\u00f3 Taiarapu porque el oc\u00e9ano se nubl\u00f3 durante la separaci\u00f3n.<\/p><p>As\u00ed se fund\u00f3 el territorio del Gran Tahit\u00ed: Tafa&#039;i y Tahiti Nui.<\/p>\t\t\t\t\t\t\t\t<\/div>\n\t\t\t\t<\/div>\n\t\t\t\t\t<\/div>\n\t\t<\/div>\n\t\t\t\t\t<\/div>\n\t\t<\/section>\n\t\t\t\t<\/div>","protected":false},"excerpt":{"rendered":"<p>Mitolog\u00eda tahitiana \u2013 Austral Wiki Es probable que sea solo en el siglo XI o incluso en el siglo XIV que las islas habr\u00edan dado la bienvenida a sus primeros habitantes, \u2026 <\/p>","protected":false},"author":1,"featured_media":0,"parent":10103,"menu_order":0,"comment_status":"closed","ping_status":"closed","template":"","meta":{"footnotes":""},"class_list":["post-22623","page","type-page","status-publish","hentry"],"amp_enabled":true,"_links":{"self":[{"href":"https:\/\/mythslegendes.com\/es\/wp-json\/wp\/v2\/pages\/22623","targetHints":{"allow":["GET"]}}],"collection":[{"href":"https:\/\/mythslegendes.com\/es\/wp-json\/wp\/v2\/pages"}],"about":[{"href":"https:\/\/mythslegendes.com\/es\/wp-json\/wp\/v2\/types\/page"}],"author":[{"embeddable":true,"href":"https:\/\/mythslegendes.com\/es\/wp-json\/wp\/v2\/users\/1"}],"replies":[{"embeddable":true,"href":"https:\/\/mythslegendes.com\/es\/wp-json\/wp\/v2\/comments?post=22623"}],"version-history":[{"count":3,"href":"https:\/\/mythslegendes.com\/es\/wp-json\/wp\/v2\/pages\/22623\/revisions"}],"predecessor-version":[{"id":22632,"href":"https:\/\/mythslegendes.com\/es\/wp-json\/wp\/v2\/pages\/22623\/revisions\/22632"}],"up":[{"embeddable":true,"href":"https:\/\/mythslegendes.com\/es\/wp-json\/wp\/v2\/pages\/10103"}],"wp:attachment":[{"href":"https:\/\/mythslegendes.com\/es\/wp-json\/wp\/v2\/media?parent=22623"}],"curies":[{"name":"wp","href":"https:\/\/api.w.org\/{rel}","templated":true}]}}