{"id":22643,"date":"2022-08-13T22:18:37","date_gmt":"2022-08-13T22:18:37","guid":{"rendered":"https:\/\/mythslegendes.com\/?page_id=22643"},"modified":"2022-08-13T22:21:02","modified_gmt":"2022-08-13T22:21:02","slug":"la-sorciere-de-tubuai","status":"publish","type":"page","link":"https:\/\/mythslegendes.com\/es\/mitologia-del-sur-de-tahiti\/la-bruja-de-tubuai\/","title":{"rendered":"La bruja de Tubuai"},"content":{"rendered":"<div data-elementor-type=\"wp-page\" data-elementor-id=\"22643\" class=\"elementor elementor-22643\">\n\t\t\t\t\t\t<section class=\"elementor-section elementor-top-section elementor-element elementor-element-ccf9e4f elementor-section-boxed elementor-section-height-default elementor-section-height-default\" data-id=\"ccf9e4f\" data-element_type=\"section\" data-e-type=\"section\">\n\t\t\t\t\t\t<div class=\"elementor-container elementor-column-gap-default\">\n\t\t\t\t\t<div class=\"elementor-column elementor-col-50 elementor-top-column elementor-element elementor-element-62d9625\" data-id=\"62d9625\" data-element_type=\"column\" data-e-type=\"column\">\n\t\t\t<div class=\"elementor-widget-wrap elementor-element-populated\">\n\t\t\t\t\t\t<div class=\"elementor-element elementor-element-edf497b elementor-align-justify elementor-widget elementor-widget-button\" data-id=\"edf497b\" data-element_type=\"widget\" data-e-type=\"widget\" data-widget_type=\"button.default\">\n\t\t\t\t<div class=\"elementor-widget-container\">\n\t\t\t\t\t\t\t\t\t<div class=\"elementor-button-wrapper\">\n\t\t\t\t\t<a class=\"elementor-button elementor-button-link elementor-size-sm\" href=\"https:\/\/mythslegendes.com\/es\/mitologia-del-sur-de-tahiti\/\">\n\t\t\t\t\t\t<span class=\"elementor-button-content-wrapper\">\n\t\t\t\t\t\t\t\t\t<span class=\"elementor-button-text\">Mitolog\u00eda tahitiana - Austral<\/span>\n\t\t\t\t\t<\/span>\n\t\t\t\t\t<\/a>\n\t\t\t\t<\/div>\n\t\t\t\t\t\t\t\t<\/div>\n\t\t\t\t<\/div>\n\t\t\t\t\t<\/div>\n\t\t<\/div>\n\t\t\t\t<div class=\"elementor-column elementor-col-50 elementor-top-column elementor-element elementor-element-f285b98\" data-id=\"f285b98\" data-element_type=\"column\" data-e-type=\"column\">\n\t\t\t<div class=\"elementor-widget-wrap elementor-element-populated\">\n\t\t\t\t\t\t<div class=\"elementor-element elementor-element-0e330e3 elementor-align-justify elementor-widget elementor-widget-button\" data-id=\"0e330e3\" data-element_type=\"widget\" data-e-type=\"widget\" data-widget_type=\"button.default\">\n\t\t\t\t<div class=\"elementor-widget-container\">\n\t\t\t\t\t\t\t\t\t<div class=\"elementor-button-wrapper\">\n\t\t\t\t\t<a class=\"elementor-button elementor-button-link elementor-size-sm\" href=\"https:\/\/www.tahitiheritage.pf\/sorciere-motu-tubuai\/\" target=\"_blank\" rel=\"noopener\">\n\t\t\t\t\t\t<span class=\"elementor-button-content-wrapper\">\n\t\t\t\t\t\t\t\t\t<span class=\"elementor-button-text\">Wiki<\/span>\n\t\t\t\t\t<\/span>\n\t\t\t\t\t<\/a>\n\t\t\t\t<\/div>\n\t\t\t\t\t\t\t\t<\/div>\n\t\t\t\t<\/div>\n\t\t\t\t\t<\/div>\n\t\t<\/div>\n\t\t\t\t\t<\/div>\n\t\t<\/section>\n\t\t\t\t<section class=\"elementor-section elementor-top-section elementor-element elementor-element-501ec28 elementor-section-boxed elementor-section-height-default elementor-section-height-default\" data-id=\"501ec28\" data-element_type=\"section\" data-e-type=\"section\">\n\t\t\t\t\t\t<div class=\"elementor-container elementor-column-gap-default\">\n\t\t\t\t\t<div class=\"elementor-column elementor-col-100 elementor-top-column elementor-element elementor-element-5892902\" data-id=\"5892902\" data-element_type=\"column\" data-e-type=\"column\">\n\t\t\t<div class=\"elementor-widget-wrap elementor-element-populated\">\n\t\t\t\t\t\t<div class=\"elementor-element elementor-element-764f439 elementor-widget elementor-widget-text-editor\" data-id=\"764f439\" data-element_type=\"widget\" data-e-type=\"widget\" data-widget_type=\"text-editor.default\">\n\t\t\t\t<div class=\"elementor-widget-container\">\n\t\t\t\t\t\t\t\t\t<p>Probablemente sea solo en\u00a0<abbr title=\"Siglo 11\">XI<sup>mi<\/sup><\/abbr>\u00a0siglo o incluso\u00a0<abbr title=\"siglo 14\">XIV<sup>mi<\/sup><\/abbr> siglo que las islas habr\u00edan acogido a sus primeros habitantes, seguramente desde <a href=\"https:\/\/mythslegendes.com\/es\/mitologia-tahitiana-del-viento\/\">Tahit\u00ed<\/a>, poblado mucho antes. aqu\u00ed est\u00e1 <a href=\"https:\/\/mythslegendes.com\/es\/\">leyenda<\/a> de la bruja de <a href=\"https:\/\/mythslegendes.com\/es\/mitologia-del-sur-de-tahiti\/\">Tubuai<\/a>.<\/p><p><img decoding=\"async\" class=\"alignnone wp-image-9347 size-full\" src=\"http:\/\/mythslegendes.com\/wp-content\/uploads\/2020\/09\/cropped-AlphaOmega-e1602613368367.png\" alt=\"bruja tubuai\" width=\"25\" height=\"25\" title=\"\"><\/p>\t\t\t\t\t\t\t\t<\/div>\n\t\t\t\t<\/div>\n\t\t\t\t\t<\/div>\n\t\t<\/div>\n\t\t\t\t\t<\/div>\n\t\t<\/section>\n\t\t\t\t<section class=\"elementor-section elementor-top-section elementor-element elementor-element-124381e elementor-section-boxed elementor-section-height-default elementor-section-height-default\" data-id=\"124381e\" data-element_type=\"section\" data-e-type=\"section\">\n\t\t\t\t\t\t<div class=\"elementor-container elementor-column-gap-default\">\n\t\t\t\t\t<div class=\"elementor-column elementor-col-100 elementor-top-column elementor-element elementor-element-b0ad006\" data-id=\"b0ad006\" data-element_type=\"column\" data-e-type=\"column\">\n\t\t\t<div class=\"elementor-widget-wrap elementor-element-populated\">\n\t\t\t\t\t\t<div class=\"elementor-element elementor-element-218980c elementor-widget elementor-widget-heading\" data-id=\"218980c\" data-element_type=\"widget\" data-e-type=\"widget\" data-widget_type=\"heading.default\">\n\t\t\t\t<div class=\"elementor-widget-container\">\n\t\t\t\t\t<div id=\"ez-toc-container\" class=\"ez-toc-v2_0_82_2 counter-hierarchy ez-toc-counter ez-toc-grey ez-toc-container-direction\">\n<div class=\"ez-toc-title-container\">\n<p class=\"ez-toc-title\" style=\"cursor:inherit\">Contenido<\/p>\n<span class=\"ez-toc-title-toggle\"><a href=\"#\" class=\"ez-toc-pull-right ez-toc-btn ez-toc-btn-xs ez-toc-btn-default ez-toc-toggle\" aria-label=\"Alternar tabla de contenidos\"><span class=\"ez-toc-js-icon-con\"><span class=\"\"><span class=\"eztoc-hide\" style=\"display:none;\">Palanca<\/span><span class=\"ez-toc-icon-toggle-span\"><svg style=\"fill: #999;color:#999\" xmlns=\"http:\/\/www.w3.org\/2000\/svg\" class=\"list-377408\" width=\"20px\" height=\"20px\" viewbox=\"0 0 24 24\" fill=\"none\"><path d=\"M6 6H4v2h2V6zm14 0H8v2h12V6zM4 11h2v2H4v-2zm16 0H8v2h12v-2zM4 16h2v2H4v-2zm16 0H8v2h12v-2z\" fill=\"currentColor\"><\/path><\/svg><svg style=\"fill: #999;color:#999\" class=\"arrow-unsorted-368013\" xmlns=\"http:\/\/www.w3.org\/2000\/svg\" width=\"10px\" height=\"10px\" viewbox=\"0 0 24 24\" version=\"1.2\" baseprofile=\"tiny\"><path d=\"M18.2 9.3l-6.2-6.3-6.2 6.3c-.2.2-.3.4-.3.7s.1.5.3.7c.2.2.4.3.7.3h11c.3 0 .5-.1.7-.3.2-.2.3-.5.3-.7s-.1-.5-.3-.7zM5.8 14.7l6.2 6.3 6.2-6.3c.2-.2.3-.5.3-.7s-.1-.5-.3-.7c-.2-.2-.4-.3-.7-.3h-11c-.3 0-.5.1-.7.3-.2.2-.3.5-.3.7s.1.5.3.7z\"\/><\/svg><\/span><\/span><\/span><\/a><\/span><\/div>\n<nav><ul class='ez-toc-list ez-toc-list-level-1' ><li class='ez-toc-page-1 ez-toc-heading-level-2'><a class=\"ez-toc-link ez-toc-heading-1\" href=\"https:\/\/mythslegendes.com\/es\/mitologia-del-sur-de-tahiti\/la-bruja-de-tubuai\/#La-legende-de-la-sorciere-de-Tubuai\" >La leyenda de la bruja de Tubuai<\/a><\/li><\/ul><\/nav><\/div>\n<h2 class=\"elementor-heading-title elementor-size-default\"><span class=\"ez-toc-section\" id=\"La-legende-de-la-sorciere-de-Tubuai\"><\/span>La leyenda de la bruja de Tubuai<span class=\"ez-toc-section-end\"><\/span><\/h2>\t\t\t\t<\/div>\n\t\t\t\t<\/div>\n\t\t\t\t\t<\/div>\n\t\t<\/div>\n\t\t\t\t\t<\/div>\n\t\t<\/section>\n\t\t\t\t<section class=\"elementor-section elementor-top-section elementor-element elementor-element-9229bc0 elementor-section-boxed elementor-section-height-default elementor-section-height-default\" data-id=\"9229bc0\" data-element_type=\"section\" data-e-type=\"section\">\n\t\t\t\t\t\t<div class=\"elementor-container elementor-column-gap-default\">\n\t\t\t\t\t<div class=\"elementor-column elementor-col-100 elementor-top-column elementor-element elementor-element-8cc2475\" data-id=\"8cc2475\" data-element_type=\"column\" data-e-type=\"column\">\n\t\t\t<div class=\"elementor-widget-wrap elementor-element-populated\">\n\t\t\t\t\t\t<div class=\"elementor-element elementor-element-43be2c1 elementor-widget elementor-widget-text-editor\" data-id=\"43be2c1\" data-element_type=\"widget\" data-e-type=\"widget\" data-widget_type=\"text-editor.default\">\n\t\t\t\t<div class=\"elementor-widget-container\">\n\t\t\t\t\t\t\t\t\t<p>En la antig\u00fcedad, una bruja de <a href=\"https:\/\/mythslegendes.com\/es\/mitologia-del-sur-de-tahiti\/\">Raivavae<\/a> venait r\u00e9guli\u00e8rement au bord de la plage du motu Miti a tipi hara qui se trouve au Nord-Est de l&rsquo;\u00eele de Tubuai (Australes) pour appeler les p\u00eacheurs. Ceux, trop curieux, qui s&rsquo;approchaient \u00e9taient mang\u00e9s, si bien qu&rsquo;avec le temps les p\u00eacheurs \u00e9vitaient soigneusement d&rsquo;approcher ce motu.<\/p><p>Hambrienta, la bruja se vio obligada a salir y se encontr\u00f3 con dos pescadores.<\/p><p>- Tengo hambre ! Quiero comer ! ella dice.<\/p><p>Los pescadores lo invitaron a comer pahua (almejas). Habiendo vaciado todos los grandes hapee (canastas) y a\u00fan sin estar satisfecha, decidi\u00f3 ir a pescar. Nuestros dos amigos le aconsejaron entonces que esperara a que las dos v\u00e1lvulas del animal se abrieran por completo para agarrar su silla con m\u00e1s facilidad. Se zambull\u00f3 y atrap\u00f3 un pahua. Los dos pescadores imploraron a su dios, para que las dos v\u00e1lvulas de la pila se cerraran inmediatamente en las manos de la bruja.<\/p><p>Los pescadores aprovecharon esto para noquearlo definitivamente. Ahora descansa en la laguna de Tubuai.<\/p>\t\t\t\t\t\t\t\t<\/div>\n\t\t\t\t<\/div>\n\t\t\t\t\t<\/div>\n\t\t<\/div>\n\t\t\t\t\t<\/div>\n\t\t<\/section>\n\t\t\t\t<\/div>","protected":false},"excerpt":{"rendered":"<p>Mitolog\u00eda tahitiana \u2013 Austral Wiki Es probable que sea solo en el siglo XI o incluso en el siglo XIV que las islas habr\u00edan dado la bienvenida a sus primeros habitantes, \u2026 <\/p>","protected":false},"author":1,"featured_media":0,"parent":10103,"menu_order":0,"comment_status":"closed","ping_status":"closed","template":"","meta":{"footnotes":""},"class_list":["post-22643","page","type-page","status-publish","hentry"],"amp_enabled":true,"_links":{"self":[{"href":"https:\/\/mythslegendes.com\/es\/wp-json\/wp\/v2\/pages\/22643","targetHints":{"allow":["GET"]}}],"collection":[{"href":"https:\/\/mythslegendes.com\/es\/wp-json\/wp\/v2\/pages"}],"about":[{"href":"https:\/\/mythslegendes.com\/es\/wp-json\/wp\/v2\/types\/page"}],"author":[{"embeddable":true,"href":"https:\/\/mythslegendes.com\/es\/wp-json\/wp\/v2\/users\/1"}],"replies":[{"embeddable":true,"href":"https:\/\/mythslegendes.com\/es\/wp-json\/wp\/v2\/comments?post=22643"}],"version-history":[{"count":3,"href":"https:\/\/mythslegendes.com\/es\/wp-json\/wp\/v2\/pages\/22643\/revisions"}],"predecessor-version":[{"id":22650,"href":"https:\/\/mythslegendes.com\/es\/wp-json\/wp\/v2\/pages\/22643\/revisions\/22650"}],"up":[{"embeddable":true,"href":"https:\/\/mythslegendes.com\/es\/wp-json\/wp\/v2\/pages\/10103"}],"wp:attachment":[{"href":"https:\/\/mythslegendes.com\/es\/wp-json\/wp\/v2\/media?parent=22643"}],"curies":[{"name":"wp","href":"https:\/\/api.w.org\/{rel}","templated":true}]}}