{"id":22651,"date":"2022-08-13T22:26:34","date_gmt":"2022-08-13T22:26:34","guid":{"rendered":"https:\/\/mythslegendes.com\/?page_id=22651"},"modified":"2024-04-09T11:23:21","modified_gmt":"2024-04-09T11:23:21","slug":"mythologie-carienne","status":"publish","type":"page","link":"https:\/\/mythslegendes.com\/es\/mitologia-cariana\/","title":{"rendered":"mitolog\u00eda cariana"},"content":{"rendered":"<div data-elementor-type=\"wp-page\" data-elementor-id=\"22651\" class=\"elementor elementor-22651\">\n\t\t\t\t\t\t<section class=\"elementor-section elementor-top-section elementor-element elementor-element-14a2f00 elementor-section-boxed elementor-section-height-default elementor-section-height-default\" data-id=\"14a2f00\" data-element_type=\"section\" data-e-type=\"section\">\n\t\t\t\t\t\t<div class=\"elementor-container elementor-column-gap-default\">\n\t\t\t\t\t<div class=\"elementor-column elementor-col-33 elementor-top-column elementor-element elementor-element-66948b4\" data-id=\"66948b4\" data-element_type=\"column\" data-e-type=\"column\">\n\t\t\t<div class=\"elementor-widget-wrap elementor-element-populated\">\n\t\t\t\t\t\t<div class=\"elementor-element elementor-element-06c3b9d elementor-align-justify elementor-widget elementor-widget-button\" data-id=\"06c3b9d\" data-element_type=\"widget\" data-e-type=\"widget\" data-widget_type=\"button.default\">\n\t\t\t\t<div class=\"elementor-widget-container\">\n\t\t\t\t\t\t\t\t\t<div class=\"elementor-button-wrapper\">\n\t\t\t\t\t<a class=\"elementor-button elementor-button-link elementor-size-sm\" href=\"https:\/\/mythslegendes.com\/es\/mythes-et-legendes-anatoliens-1666\/\">\n\t\t\t\t\t\t<span class=\"elementor-button-content-wrapper\">\n\t\t\t\t\t\t\t\t\t<span class=\"elementor-button-text\">volver al grupo cultural<\/span>\n\t\t\t\t\t<\/span>\n\t\t\t\t\t<\/a>\n\t\t\t\t<\/div>\n\t\t\t\t\t\t\t\t<\/div>\n\t\t\t\t<\/div>\n\t\t\t\t\t<\/div>\n\t\t<\/div>\n\t\t\t\t<div class=\"elementor-column elementor-col-33 elementor-top-column elementor-element elementor-element-b0e63dd\" data-id=\"b0e63dd\" data-element_type=\"column\" data-e-type=\"column\">\n\t\t\t<div class=\"elementor-widget-wrap elementor-element-populated\">\n\t\t\t\t\t\t<div class=\"elementor-element elementor-element-4d889a9 elementor-align-justify elementor-widget elementor-widget-button\" data-id=\"4d889a9\" data-element_type=\"widget\" data-e-type=\"widget\" data-widget_type=\"button.default\">\n\t\t\t\t<div class=\"elementor-widget-container\">\n\t\t\t\t\t\t\t\t\t<div class=\"elementor-button-wrapper\">\n\t\t\t\t\t<a class=\"elementor-button elementor-button-link elementor-size-sm\" href=\"https:\/\/mythslegendes.com\/es\/bibliotecas-de-libros\/\">\n\t\t\t\t\t\t<span class=\"elementor-button-content-wrapper\">\n\t\t\t\t\t\t\t\t\t<span class=\"elementor-button-text\">Biblioteca<\/span>\n\t\t\t\t\t<\/span>\n\t\t\t\t\t<\/a>\n\t\t\t\t<\/div>\n\t\t\t\t\t\t\t\t<\/div>\n\t\t\t\t<\/div>\n\t\t\t\t\t<\/div>\n\t\t<\/div>\n\t\t\t\t<div class=\"elementor-column elementor-col-33 elementor-top-column elementor-element elementor-element-72821d6\" data-id=\"72821d6\" data-element_type=\"column\" data-e-type=\"column\">\n\t\t\t<div class=\"elementor-widget-wrap elementor-element-populated\">\n\t\t\t\t\t\t<div class=\"elementor-element elementor-element-652437c elementor-align-justify elementor-widget elementor-widget-button\" data-id=\"652437c\" data-element_type=\"widget\" data-e-type=\"widget\" data-widget_type=\"button.default\">\n\t\t\t\t<div class=\"elementor-widget-container\">\n\t\t\t\t\t\t\t\t\t<div class=\"elementor-button-wrapper\">\n\t\t\t\t\t<a class=\"elementor-button elementor-button-link elementor-size-sm\" href=\"https:\/\/fr.wikipedia.org\/wiki\/Carie_(Antiquit%C3%A9)\" target=\"_blank\" rel=\"noopener\">\n\t\t\t\t\t\t<span class=\"elementor-button-content-wrapper\">\n\t\t\t\t\t\t\t\t\t<span class=\"elementor-button-text\">Wiki<\/span>\n\t\t\t\t\t<\/span>\n\t\t\t\t\t<\/a>\n\t\t\t\t<\/div>\n\t\t\t\t\t\t\t\t<\/div>\n\t\t\t\t<\/div>\n\t\t\t\t\t<\/div>\n\t\t<\/div>\n\t\t\t\t\t<\/div>\n\t\t<\/section>\n\t\t\t\t<section class=\"elementor-section elementor-top-section elementor-element elementor-element-537b548 elementor-section-boxed elementor-section-height-default elementor-section-height-default\" data-id=\"537b548\" data-element_type=\"section\" data-e-type=\"section\">\n\t\t\t\t\t\t<div class=\"elementor-container elementor-column-gap-default\">\n\t\t\t\t\t<div class=\"elementor-column elementor-col-100 elementor-top-column elementor-element elementor-element-23757e0\" data-id=\"23757e0\" data-element_type=\"column\" data-e-type=\"column\">\n\t\t\t<div class=\"elementor-widget-wrap elementor-element-populated\">\n\t\t\t\t\t\t<div class=\"elementor-element elementor-element-44d3895 elementor-widget elementor-widget-heading\" data-id=\"44d3895\" data-element_type=\"widget\" data-e-type=\"widget\" data-widget_type=\"heading.default\">\n\t\t\t\t<div class=\"elementor-widget-container\">\n\t\t\t\t\t<div id=\"ez-toc-container\" class=\"ez-toc-v2_0_82_2 counter-hierarchy ez-toc-counter ez-toc-grey ez-toc-container-direction\">\n<div class=\"ez-toc-title-container\">\n<p class=\"ez-toc-title\" style=\"cursor:inherit\">Contenido<\/p>\n<span class=\"ez-toc-title-toggle\"><a href=\"#\" class=\"ez-toc-pull-right ez-toc-btn ez-toc-btn-xs ez-toc-btn-default ez-toc-toggle\" aria-label=\"Alternar tabla de contenidos\"><span class=\"ez-toc-js-icon-con\"><span class=\"\"><span class=\"eztoc-hide\" style=\"display:none;\">Palanca<\/span><span class=\"ez-toc-icon-toggle-span\"><svg style=\"fill: #999;color:#999\" xmlns=\"http:\/\/www.w3.org\/2000\/svg\" class=\"list-377408\" width=\"20px\" height=\"20px\" viewbox=\"0 0 24 24\" fill=\"none\"><path d=\"M6 6H4v2h2V6zm14 0H8v2h12V6zM4 11h2v2H4v-2zm16 0H8v2h12v-2zM4 16h2v2H4v-2zm16 0H8v2h12v-2z\" fill=\"currentColor\"><\/path><\/svg><svg style=\"fill: #999;color:#999\" class=\"arrow-unsorted-368013\" xmlns=\"http:\/\/www.w3.org\/2000\/svg\" width=\"10px\" height=\"10px\" viewbox=\"0 0 24 24\" version=\"1.2\" baseprofile=\"tiny\"><path d=\"M18.2 9.3l-6.2-6.3-6.2 6.3c-.2.2-.3.4-.3.7s.1.5.3.7c.2.2.4.3.7.3h11c.3 0 .5-.1.7-.3.2-.2.3-.5.3-.7s-.1-.5-.3-.7zM5.8 14.7l6.2 6.3 6.2-6.3c.2-.2.3-.5.3-.7s-.1-.5-.3-.7c-.2-.2-.4-.3-.7-.3h-11c-.3 0-.5.1-.7.3-.2.2-.3.5-.3.7s.1.5.3.7z\"\/><\/svg><\/span><\/span><\/span><\/a><\/span><\/div>\n<nav><ul class='ez-toc-list ez-toc-list-level-1' ><li class='ez-toc-page-1 ez-toc-heading-level-2'><a class=\"ez-toc-link ez-toc-heading-1\" href=\"https:\/\/mythslegendes.com\/es\/mitologia-cariana\/#Mythologie-Carienne-Lycienne\" >Cario - Mitolog\u00eda licia<\/a><\/li><li class='ez-toc-page-1 ez-toc-heading-level-2'><a class=\"ez-toc-link ez-toc-heading-2\" href=\"https:\/\/mythslegendes.com\/es\/mitologia-cariana\/#Mythologie-Carienne-Lycienne-textes\" >Carian - Mitolog\u00eda licia (textos)<\/a><\/li><li class='ez-toc-page-1 ez-toc-heading-level-2'><a class=\"ez-toc-link ez-toc-heading-3\" href=\"https:\/\/mythslegendes.com\/es\/mitologia-cariana\/#Livres-sur-la-mythologie-Anatolie\" >Libros sobre la mitolog\u00eda de Anatolia<\/a><\/li><\/ul><\/nav><\/div>\n<h2 class=\"elementor-heading-title elementor-size-default\"><span class=\"ez-toc-section\" id=\"Mythologie-Carienne-Lycienne\"><\/span>Cario - Mitolog\u00eda licia<span class=\"ez-toc-section-end\"><\/span><\/h2>\t\t\t\t<\/div>\n\t\t\t\t<\/div>\n\t\t\t\t\t<\/div>\n\t\t<\/div>\n\t\t\t\t\t<\/div>\n\t\t<\/section>\n\t\t\t\t<section class=\"elementor-section elementor-top-section elementor-element elementor-element-b5d8d31 elementor-section-boxed elementor-section-height-default elementor-section-height-default\" data-id=\"b5d8d31\" data-element_type=\"section\" data-e-type=\"section\">\n\t\t\t\t\t\t<div class=\"elementor-container elementor-column-gap-default\">\n\t\t\t\t\t<div class=\"elementor-column elementor-col-100 elementor-top-column elementor-element elementor-element-4686b91\" data-id=\"4686b91\" data-element_type=\"column\" data-e-type=\"column\">\n\t\t\t<div class=\"elementor-widget-wrap elementor-element-populated\">\n\t\t\t\t\t\t<div class=\"elementor-element elementor-element-94af68a elementor-widget elementor-widget-text-editor\" data-id=\"94af68a\" data-element_type=\"widget\" data-e-type=\"widget\" data-widget_type=\"text-editor.default\">\n\t\t\t\t<div class=\"elementor-widget-container\">\n\t\t\t\t\t\t\t\t\t<p>los <a href=\"https:\/\/mythslegendes.com\/es\/\">mitolog\u00eda<\/a> carian - lycian describe los mitos, <a href=\"https:\/\/mythslegendes.com\/es\/\">leyendas<\/a>, historias de la regi\u00f3n de Caria y Lycia en Anatolia.<\/p><p><img decoding=\"async\" class=\"alignnone wp-image-9347 size-full\" src=\"http:\/\/mythslegendes.com\/wp-content\/uploads\/2020\/09\/cropped-AlphaOmega-e1602613368367.png\" alt=\"mitolog\u00eda cariana\" width=\"25\" height=\"25\" title=\"\"><\/p><p>caria (en <a href=\"https:\/\/mythslegendes.com\/es\/mythes-et-legendes-grecques-1664\/\">Griego<\/a> la antigua \u039a\u03b1\u03c1\u03af\u03b1 \/ Kar\u00eda) es una regi\u00f3n hist\u00f3rica en el suroeste de Asia Menor, ubicada entre Lycia al este, Pisidia al noreste, Lydia al norte y el Mar Egeo al suroeste. Corresponde a la actual regi\u00f3n de Bodrum en el suroeste de Turqu\u00eda.<\/p><p>los <a href=\"https:\/\/mythslegendes.com\/es\/mythes-et-legendes-grecques-1664\/\">griegos<\/a> Los jonios y los dorios colonizaron el oeste y se unieron a la poblaci\u00f3n caria para formar all\u00ed estados dominados por los griegos. Herodoto describi\u00f3 a los carios como pertenecientes a <a href=\"https:\/\/mythslegendes.com\/es\/mitologia-minoica\/\">minoico<\/a>, mientras informa que los propios carios sosten\u00edan que eran continentales <a href=\"https:\/\/mythslegendes.com\/es\/mythes-et-legendes-anatoliens-1666\/\">anatolios<\/a> intensamente dedicados a la navegaci\u00f3n y eran similares a <a href=\"https:\/\/mythslegendes.com\/es\/mitologia-lidia\/\">misios<\/a> y para <a href=\"https:\/\/mythslegendes.com\/es\/mitologia-lidia\/\">lidios<\/a>.<\/p><p>Los carios hablaban cario, una lengua nativa de Anatolia estrechamente relacionada con el luviano. Los Leleges, que puede ser un nombre anterior para los carios, tambi\u00e9n estaban estrechamente asociados con los carios.<\/p><p>Los primeros habitantes conocidos de la regi\u00f3n de Licia fueron los Solymoi (o Solymi), tambi\u00e9n conocidos como los Solymians, que posiblemente hablaban una lengua sem\u00edtica. Posteriormente en la prehistoria, otro pueblo, conocido como los Milyae (o Milyans) emigr\u00f3 a la misma regi\u00f3n; hablaban un idioma de Anatolia (indoeuropeo) conocido como Milyan y la regi\u00f3n se conoc\u00eda como Milyas.<\/p><p>El t\u00e9rmino tierra de <a href=\"https:\/\/mythslegendes.com\/es\/mitologia-louvite\/\">Lukka<\/a> (a veces tierras de Luqqa), en textos en el idioma <a href=\"https:\/\/mythslegendes.com\/es\/mitologia-hitita-798\/\">hitita<\/a> del segundo milenio antes de Cristo. AD, es un t\u00e9rmino colectivo para los estados formados por el pueblo Lukka en el suroeste de Anatolia (actual Turqu\u00eda). Los Lukka nunca fueron subyugados a largo plazo por los <a href=\"https:\/\/mythslegendes.com\/es\/mitologia-hitita-798\/\">hititas<\/a>, quienes generalmente los ve\u00edan como hostiles. Se cree com\u00fanmente que el top\u00f3nimo Lukka de la Edad del Bronce est\u00e1 relacionado con Licia de la antig\u00fcedad cl\u00e1sica (siglo VIII a. C. al siglo V d. C.).<\/p>\t\t\t\t\t\t\t\t<\/div>\n\t\t\t\t<\/div>\n\t\t\t\t\t<\/div>\n\t\t<\/div>\n\t\t\t\t\t<\/div>\n\t\t<\/section>\n\t\t\t\t<section class=\"elementor-section elementor-top-section elementor-element elementor-element-330173e elementor-section-boxed elementor-section-height-default elementor-section-height-default\" data-id=\"330173e\" data-element_type=\"section\" data-e-type=\"section\">\n\t\t\t\t\t\t<div class=\"elementor-container elementor-column-gap-default\">\n\t\t\t\t\t<div class=\"elementor-column elementor-col-100 elementor-top-column elementor-element elementor-element-e79a570\" data-id=\"e79a570\" data-element_type=\"column\" data-e-type=\"column\">\n\t\t\t<div class=\"elementor-widget-wrap elementor-element-populated\">\n\t\t\t\t\t\t<div class=\"elementor-element elementor-element-b769979 elementor-widget elementor-widget-heading\" data-id=\"b769979\" data-element_type=\"widget\" data-e-type=\"widget\" data-widget_type=\"heading.default\">\n\t\t\t\t<div class=\"elementor-widget-container\">\n\t\t\t\t\t<h2 class=\"elementor-heading-title elementor-size-default\"><span class=\"ez-toc-section\" id=\"Mythologie-Carienne-Lycienne-textes\"><\/span>Carian - Mitolog\u00eda licia (textos)<span class=\"ez-toc-section-end\"><\/span><\/h2>\t\t\t\t<\/div>\n\t\t\t\t<\/div>\n\t\t\t\t\t<\/div>\n\t\t<\/div>\n\t\t\t\t\t<\/div>\n\t\t<\/section>\n\t\t\t\t<section class=\"elementor-section elementor-top-section elementor-element elementor-element-099a438 elementor-section-boxed elementor-section-height-default elementor-section-height-default\" data-id=\"099a438\" data-element_type=\"section\" data-e-type=\"section\">\n\t\t\t\t\t\t<div class=\"elementor-container elementor-column-gap-default\">\n\t\t\t\t\t<div class=\"elementor-column elementor-col-100 elementor-top-column elementor-element elementor-element-0e7774f\" data-id=\"0e7774f\" data-element_type=\"column\" data-e-type=\"column\">\n\t\t\t<div class=\"elementor-widget-wrap elementor-element-populated\">\n\t\t\t\t\t\t<div class=\"elementor-element elementor-element-4a8bcb5 elementor-widget elementor-widget-toggle\" data-id=\"4a8bcb5\" data-element_type=\"widget\" data-e-type=\"widget\" data-widget_type=\"toggle.default\">\n\t\t\t\t<div class=\"elementor-widget-container\">\n\t\t\t\t\t\t\t<div class=\"elementor-toggle\">\n\t\t\t\t\t\t\t<div class=\"elementor-toggle-item\">\n\t\t\t\t\t<div id=\"elementor-tab-title-7811\" class=\"elementor-tab-title\" data-tab=\"1\" role=\"button\" aria-controls=\"elementor-tab-content-7811\" aria-expanded=\"false\">\n\t\t\t\t\t\t\t\t\t\t\t\t<span class=\"elementor-toggle-icon elementor-toggle-icon-left\" aria-hidden=\"true\">\n\t\t\t\t\t\t\t\t\t\t\t\t\t\t\t<span class=\"elementor-toggle-icon-closed\"><i class=\"fas fa-caret-right\"><\/i><\/span>\n\t\t\t\t\t\t\t\t<span class=\"elementor-toggle-icon-opened\"><i class=\"elementor-toggle-icon-opened fas fa-caret-up\"><\/i><\/span>\n\t\t\t\t\t\t\t\t\t\t\t\t\t<\/span>\n\t\t\t\t\t\t\t\t\t\t\t\t<a class=\"elementor-toggle-title\" tabindex=\"0\">Cultura e historia de Caria<\/a>\n\t\t\t\t\t<\/div>\n\n\t\t\t\t\t<div id=\"elementor-tab-content-7811\" class=\"elementor-tab-content elementor-clearfix\" data-tab=\"1\" role=\"region\" aria-labelledby=\"elementor-tab-title-7811\"><ul><li><a href=\"https:\/\/www.iranicaonline.org\/articles\/caria\" target=\"_blank\" rel=\"noopener\"><strong>Historia de Caria<\/strong><\/a><\/li><li><a href=\"http:\/\/antikforever.com\/Asie_Mineure\/ionie_carie\/carie_eolide.htm\" target=\"_blank\" rel=\"noopener\"><strong>Historia de la decadencia vol2<\/strong><\/a><\/li><\/ul><\/div>\n\t\t\t\t<\/div>\n\t\t\t\t\t\t\t<div class=\"elementor-toggle-item\">\n\t\t\t\t\t<div id=\"elementor-tab-title-7812\" class=\"elementor-tab-title\" data-tab=\"2\" role=\"button\" aria-controls=\"elementor-tab-content-7812\" aria-expanded=\"false\">\n\t\t\t\t\t\t\t\t\t\t\t\t<span class=\"elementor-toggle-icon elementor-toggle-icon-left\" aria-hidden=\"true\">\n\t\t\t\t\t\t\t\t\t\t\t\t\t\t\t<span class=\"elementor-toggle-icon-closed\"><i class=\"fas fa-caret-right\"><\/i><\/span>\n\t\t\t\t\t\t\t\t<span class=\"elementor-toggle-icon-opened\"><i class=\"elementor-toggle-icon-opened fas fa-caret-up\"><\/i><\/span>\n\t\t\t\t\t\t\t\t\t\t\t\t\t<\/span>\n\t\t\t\t\t\t\t\t\t\t\t\t<a class=\"elementor-toggle-title\" tabindex=\"0\">Cultura e historia de Licia<\/a>\n\t\t\t\t\t<\/div>\n\n\t\t\t\t\t<div id=\"elementor-tab-content-7812\" class=\"elementor-tab-content elementor-clearfix\" data-tab=\"2\" role=\"region\" aria-labelledby=\"elementor-tab-title-7812\"><ul><li><a href=\"https:\/\/en.wikipedia.org\/wiki\/Lycia\" target=\"_blank\" rel=\"noopener\"><strong>Historia de Licia<\/strong><\/a><\/li><\/ul><\/div>\n\t\t\t\t<\/div>\n\t\t\t\t\t\t\t<div class=\"elementor-toggle-item\">\n\t\t\t\t\t<div id=\"elementor-tab-title-7813\" class=\"elementor-tab-title\" data-tab=\"3\" role=\"button\" aria-controls=\"elementor-tab-content-7813\" aria-expanded=\"false\">\n\t\t\t\t\t\t\t\t\t\t\t\t<span class=\"elementor-toggle-icon elementor-toggle-icon-left\" aria-hidden=\"true\">\n\t\t\t\t\t\t\t\t\t\t\t\t\t\t\t<span class=\"elementor-toggle-icon-closed\"><i class=\"fas fa-caret-right\"><\/i><\/span>\n\t\t\t\t\t\t\t\t<span class=\"elementor-toggle-icon-opened\"><i class=\"elementor-toggle-icon-opened fas fa-caret-up\"><\/i><\/span>\n\t\t\t\t\t\t\t\t\t\t\t\t\t<\/span>\n\t\t\t\t\t\t\t\t\t\t\t\t<a class=\"elementor-toggle-title\" tabindex=\"0\">influencia griega<\/a>\n\t\t\t\t\t<\/div>\n\n\t\t\t\t\t<div id=\"elementor-tab-content-7813\" class=\"elementor-tab-content elementor-clearfix\" data-tab=\"3\" role=\"region\" aria-labelledby=\"elementor-tab-title-7813\"><ul><li><strong><a href=\"https:\/\/journals.openedition.org\/kernos\/pdf\/772\" target=\"_blank\" rel=\"noopener\">El culto de Afrodita<\/a><\/strong><\/li><li><strong><a href=\"https:\/\/viagallica.com\/anatolie\/site_heraclee.htm\" target=\"_blank\" rel=\"noopener\">Latmos y Endymion<\/a><\/strong><\/li><li><strong><a href=\"https:\/\/viagallica.com\/anatolie\/site_milet.htm\" target=\"_blank\" rel=\"noopener\">El sitio de Mileto<\/a><\/strong><\/li><li><a href=\"https:\/\/viagallica.com\/anatolie\/site_didymes.htm\" target=\"_blank\" rel=\"noopener\"><strong>Sitio web de Didymes<\/strong><\/a><\/li><li><strong><a href=\"https:\/\/viagallica.com\/anatolie\/ville_bodrum.htm\" target=\"_blank\" rel=\"noopener\">Sitio web de Bodrum<\/a><\/strong><\/li><li><strong><a href=\"http:\/\/www.lycianturkey.com\/cults_of_lycia_deities.htm\" target=\"_blank\" rel=\"noopener\">El culto de Apolo y Artemisa<\/a><\/strong><\/li><li><strong><a href=\"http:\/\/www.lycianturkey.com\/legendary_heroes.htm\" target=\"_blank\" rel=\"noopener\">H\u00e9roes de Licia<\/a><\/strong><\/li><li><strong><a href=\"http:\/\/www.lycianturkey.com\/cults_of_lycia_deities.htm\" target=\"_blank\" rel=\"noopener\">Pante\u00f3n de Licia<\/a><\/strong><\/li><\/ul><\/div>\n\t\t\t\t<\/div>\n\t\t\t\t\t\t\t\t<\/div>\n\t\t\t\t\t\t<\/div>\n\t\t\t\t<\/div>\n\t\t\t\t\t<\/div>\n\t\t<\/div>\n\t\t\t\t\t<\/div>\n\t\t<\/section>\n\t\t\t\t<section class=\"elementor-section elementor-top-section elementor-element elementor-element-5f836be elementor-section-boxed elementor-section-height-default elementor-section-height-default\" data-id=\"5f836be\" data-element_type=\"section\" data-e-type=\"section\">\n\t\t\t\t\t\t<div class=\"elementor-container elementor-column-gap-default\">\n\t\t\t\t\t<div class=\"elementor-column elementor-col-100 elementor-top-column elementor-element elementor-element-33455a2\" data-id=\"33455a2\" data-element_type=\"column\" data-e-type=\"column\">\n\t\t\t<div class=\"elementor-widget-wrap elementor-element-populated\">\n\t\t\t\t\t\t<div class=\"elementor-element elementor-element-111e788 elementor-widget elementor-widget-text-editor\" data-id=\"111e788\" data-element_type=\"widget\" data-e-type=\"widget\" data-widget_type=\"text-editor.default\">\n\t\t\t\t<div class=\"elementor-widget-container\">\n\t\t\t\t\t\t\t\t\t<section class=\"elementor-section elementor-top-section elementor-element elementor-element-867e9dd elementor-section-boxed elementor-section-height-default elementor-section-height-default\" data-id=\"867e9dd\" data-element_type=\"section\"><div class=\"elementor-container elementor-column-gap-default\"><div class=\"elementor-row\"><div class=\"elementor-column elementor-col-100 elementor-top-column elementor-element elementor-element-7296315\" data-id=\"7296315\" data-element_type=\"column\"><div class=\"elementor-column-wrap elementor-element-populated\"><div class=\"elementor-widget-wrap\"><div class=\"elementor-element elementor-element-523c369 elementor-widget elementor-widget-heading\" data-id=\"523c369\" data-element_type=\"widget\" data-widget_type=\"heading.default\"><div class=\"elementor-widget-container\"><h2 class=\"elementor-heading-title elementor-size-default\"><span class=\"ez-toc-section\" id=\"Livres-sur-la-mythologie-Anatolie\"><\/span>Libros sobre la mitolog\u00eda de Anatolia<span class=\"ez-toc-section-end\"><\/span><\/h2><\/div><\/div><\/div><\/div><\/div><\/div><\/div><\/section><section class=\"elementor-section elementor-top-section elementor-element elementor-element-594fe5b elementor-section-boxed elementor-section-height-default elementor-section-height-default\" data-id=\"594fe5b\" data-element_type=\"section\"><div class=\"elementor-container elementor-column-gap-default\"><div class=\"elementor-row\"><div class=\"elementor-column elementor-col-100 elementor-top-column elementor-element elementor-element-f6d980f\" data-id=\"f6d980f\" data-element_type=\"column\"><div class=\"elementor-column-wrap elementor-element-populated\"><div class=\"elementor-widget-wrap\"><div class=\"elementor-element elementor-element-d2600f9 elementor-widget elementor-widget-text-editor\" data-id=\"d2600f9\" data-element_type=\"widget\" data-widget_type=\"text-editor.default\"><div class=\"elementor-widget-container\"><div class=\"elementor-text-editor elementor-clearfix\"><p>C\u00f3mics \/ Ilustrados:<\/p><p>En franc\u00e9s :<\/p><ul><li><a href=\"https:\/\/www.amazon.fr\/Contes-dAsie-mineure-Anonyme\/dp\/2742731598?&amp;linkCode=ll1&amp;tag=mythscience-21&amp;linkId=583c0173811388389266a1e78c486c23&amp;language=fr_FR&amp;ref_=as_li_ss_tl\" target=\"_blank\" rel=\"noopener\">Cuentos de Asia Menor<\/a><\/li><li><a href=\"https:\/\/www.amazon.fr\/Hittites-2e-%C3%A9d-Klock-Fontanille-Isabelle\/dp\/2130565336?&amp;linkCode=sl1&amp;tag=mythscience-21&amp;linkId=934a55f59a45cca20c5c3be87a574f73&amp;language=fr_FR&amp;ref_=as_li_ss_tl\" target=\"_blank\" rel=\"noopener\">los hititas<\/a><\/li><li><a href=\"https:\/\/www.amazon.fr\/Nos-anc%C3%AAtres-Thraces-Tchavdar-Marinov\/dp\/2343081514?&amp;linkCode=sl1&amp;tag=mythscience-21&amp;linkId=6b6235fdade2c883b58615c5fa025b3b&amp;language=fr_FR&amp;ref_=as_li_ss_tl\" target=\"_blank\" rel=\"noopener\">Nuestros antepasados los tracios: usos ideol\u00f3gicos de la antig\u00fcedad en el sureste de Europa<\/a><\/li><\/ul><p>Solo en ingles:<\/p><ul><li><a href=\"https:\/\/www.amazon.fr\/Phrygia-History-Ancient-Phrygian-Anatolia\/dp\/1547168773?&amp;linkCode=sl1&amp;tag=mythscience-21&amp;linkId=f70f7ff6ab655edf55c884a379a3dc84&amp;language=fr_FR&amp;ref_=as_li_ss_tl\" target=\"_blank\" rel=\"noopener\">Frigia: la historia y el legado de los antiguos frigios<\/a><\/li><li><a href=\"https:\/\/www.amazon.fr\/Ancient-Middle-East-Captivating-Civilizations\/dp\/1647489679?&amp;linkCode=sl1&amp;tag=mythscience-21&amp;linkId=643a9e2851e44be5508a8ce75ad78156&amp;language=fr_FR&amp;ref_=as_li_ss_tl\" target=\"_blank\" rel=\"noopener\">antiguo medio oriente<\/a><\/li><li><a href=\"https:\/\/www.amazon.fr\/Warriors-Anatolia-Concise-History-Hittites\/dp\/1350140783?&amp;linkCode=sl1&amp;tag=mythscience-21&amp;linkId=6be98ad900bdc4d8eaf01ee7e1b35563&amp;language=fr_FR&amp;ref_=as_li_ss_tl\" target=\"_blank\" rel=\"noopener\">Guerreros de Anatolia<\/a><\/li><li><a href=\"https:\/\/www.amazon.fr\/Ancient-Anatolia-Captivating-Civilizations-Neo-Assyrian\/dp\/1647484359?&amp;linkCode=sl1&amp;tag=mythscience-21&amp;linkId=9f3d90da0067f3edfc99d98494873bcd&amp;language=fr_FR&amp;ref_=as_li_ss_tl\" target=\"_blank\" rel=\"noopener\">Anatolia antigua<\/a><\/li><li><a href=\"https:\/\/www.amazon.fr\/Hittite-Homer-Mary-R-Bachvarova\/dp\/1108994105?&amp;linkCode=sl1&amp;tag=mythscience-21&amp;linkId=02b70ea5c9d95911e4b69426fc9617b8&amp;language=fr_FR&amp;ref_=as_li_ss_tl\" target=\"_blank\" rel=\"noopener\">De los hititas a Homero<\/a><\/li><\/ul><\/div><\/div><\/div><\/div><\/div><\/div><\/div><\/div><\/section>\t\t\t\t\t\t\t\t<\/div>\n\t\t\t\t<\/div>\n\t\t\t\t\t<\/div>\n\t\t<\/div>\n\t\t\t\t\t<\/div>\n\t\t<\/section>\n\t\t\t\t<\/div>","protected":false},"excerpt":{"rendered":"<p>Volver al grupo cultural Biblioteca Wiki Mitolog\u00eda cario-licia La mitolog\u00eda cario-licia describe los mitos, leyendas, historias... <\/p>","protected":false},"author":1,"featured_media":0,"parent":0,"menu_order":0,"comment_status":"closed","ping_status":"closed","template":"","meta":{"footnotes":""},"class_list":["post-22651","page","type-page","status-publish","hentry"],"amp_enabled":true,"_links":{"self":[{"href":"https:\/\/mythslegendes.com\/es\/wp-json\/wp\/v2\/pages\/22651","targetHints":{"allow":["GET"]}}],"collection":[{"href":"https:\/\/mythslegendes.com\/es\/wp-json\/wp\/v2\/pages"}],"about":[{"href":"https:\/\/mythslegendes.com\/es\/wp-json\/wp\/v2\/types\/page"}],"author":[{"embeddable":true,"href":"https:\/\/mythslegendes.com\/es\/wp-json\/wp\/v2\/users\/1"}],"replies":[{"embeddable":true,"href":"https:\/\/mythslegendes.com\/es\/wp-json\/wp\/v2\/comments?post=22651"}],"version-history":[{"count":11,"href":"https:\/\/mythslegendes.com\/es\/wp-json\/wp\/v2\/pages\/22651\/revisions"}],"predecessor-version":[{"id":30106,"href":"https:\/\/mythslegendes.com\/es\/wp-json\/wp\/v2\/pages\/22651\/revisions\/30106"}],"wp:attachment":[{"href":"https:\/\/mythslegendes.com\/es\/wp-json\/wp\/v2\/media?parent=22651"}],"curies":[{"name":"wp","href":"https:\/\/api.w.org\/{rel}","templated":true}]}}