{"id":2267,"date":"2020-07-10T14:28:22","date_gmt":"2020-07-10T13:28:22","guid":{"rendered":"https:\/\/mythslegendes.com\/?page_id=2267"},"modified":"2022-12-03T22:07:07","modified_gmt":"2022-12-03T22:07:07","slug":"ines-de-castro-et-le-roi-pedro","status":"publish","type":"page","link":"https:\/\/mythslegendes.com\/es\/mitologia-iberica\/ines-de-castro-y-el-rey-pedro\/","title":{"rendered":"In\u00eas de Castro y el rey Pedro"},"content":{"rendered":"<div data-elementor-type=\"wp-page\" data-elementor-id=\"2267\" class=\"elementor elementor-2267\">\n\t\t\t\t\t\t<section class=\"elementor-section elementor-top-section elementor-element elementor-element-83bb6cb elementor-section-boxed elementor-section-height-default elementor-section-height-default\" data-id=\"83bb6cb\" data-element_type=\"section\" data-e-type=\"section\">\n\t\t\t\t\t\t<div class=\"elementor-container elementor-column-gap-default\">\n\t\t\t\t\t<div class=\"elementor-column elementor-col-50 elementor-top-column elementor-element elementor-element-bae8abb\" data-id=\"bae8abb\" data-element_type=\"column\" data-e-type=\"column\">\n\t\t\t<div class=\"elementor-widget-wrap elementor-element-populated\">\n\t\t\t\t\t\t<div class=\"elementor-element elementor-element-c34c0eb elementor-align-justify elementor-widget elementor-widget-button\" data-id=\"c34c0eb\" data-element_type=\"widget\" data-e-type=\"widget\" data-widget_type=\"button.default\">\n\t\t\t\t<div class=\"elementor-widget-container\">\n\t\t\t\t\t\t\t\t\t<div class=\"elementor-button-wrapper\">\n\t\t\t\t\t<a class=\"elementor-button elementor-button-link elementor-size-sm\" href=\"https:\/\/mythslegendes.com\/es\/mitologia-iberica\/\">\n\t\t\t\t\t\t<span class=\"elementor-button-content-wrapper\">\n\t\t\t\t\t\t\t\t\t<span class=\"elementor-button-text\">Mitolog\u00eda ib\u00e9rica<\/span>\n\t\t\t\t\t<\/span>\n\t\t\t\t\t<\/a>\n\t\t\t\t<\/div>\n\t\t\t\t\t\t\t\t<\/div>\n\t\t\t\t<\/div>\n\t\t\t\t\t<\/div>\n\t\t<\/div>\n\t\t\t\t<div class=\"elementor-column elementor-col-50 elementor-top-column elementor-element elementor-element-ddbc533\" data-id=\"ddbc533\" data-element_type=\"column\" data-e-type=\"column\">\n\t\t\t<div class=\"elementor-widget-wrap elementor-element-populated\">\n\t\t\t\t\t\t<div class=\"elementor-element elementor-element-29d2fa5 elementor-align-justify elementor-widget elementor-widget-button\" data-id=\"29d2fa5\" data-element_type=\"widget\" data-e-type=\"widget\" data-widget_type=\"button.default\">\n\t\t\t\t<div class=\"elementor-widget-container\">\n\t\t\t\t\t\t\t\t\t<div class=\"elementor-button-wrapper\">\n\t\t\t\t\t<a class=\"elementor-button elementor-button-link elementor-size-sm\" href=\"https:\/\/en.wikipedia.org\/wiki\/Spanish_mythology\" target=\"_blank\" rel=\"noopener\">\n\t\t\t\t\t\t<span class=\"elementor-button-content-wrapper\">\n\t\t\t\t\t\t\t\t\t<span class=\"elementor-button-text\">Wiki<\/span>\n\t\t\t\t\t<\/span>\n\t\t\t\t\t<\/a>\n\t\t\t\t<\/div>\n\t\t\t\t\t\t\t\t<\/div>\n\t\t\t\t<\/div>\n\t\t\t\t\t<\/div>\n\t\t<\/div>\n\t\t\t\t\t<\/div>\n\t\t<\/section>\n\t\t\t\t<section class=\"elementor-section elementor-top-section elementor-element elementor-element-4bf4dc65 elementor-section-boxed elementor-section-height-default elementor-section-height-default\" data-id=\"4bf4dc65\" data-element_type=\"section\" data-e-type=\"section\">\n\t\t\t\t\t\t<div class=\"elementor-container elementor-column-gap-default\">\n\t\t\t\t\t<div class=\"elementor-column elementor-col-100 elementor-top-column elementor-element elementor-element-200e916c\" data-id=\"200e916c\" data-element_type=\"column\" data-e-type=\"column\">\n\t\t\t<div class=\"elementor-widget-wrap elementor-element-populated\">\n\t\t\t\t\t\t<div class=\"elementor-element elementor-element-507df52b elementor-widget elementor-widget-text-editor\" data-id=\"507df52b\" data-element_type=\"widget\" data-e-type=\"widget\" data-widget_type=\"text-editor.default\">\n\t\t\t\t<div class=\"elementor-widget-container\">\n\t\t\t\t\t\t\t\t\t\n<p>Pocas historias de amor han marcado a Portugal como la de In\u00eas de Castro y el rey Pedro, heredero de la corona portuguesa. Una historia de amor legendaria. \u00a0<\/p>\n<p><img decoding=\"async\" class=\"alignnone wp-image-5284 size-full\" src=\"https:\/\/mythslegendes.com\/wp-content\/uploads\/2020\/09\/AlphaOmega-e1602613368367.png\" alt=\"In\u00eas de Castro y el rey Pedro\" width=\"25\" height=\"26\" title=\"\"><\/p>\n<div id=\"ez-toc-container\" class=\"ez-toc-v2_0_82_2 counter-hierarchy ez-toc-counter ez-toc-grey ez-toc-container-direction\">\n<div class=\"ez-toc-title-container\">\n<p class=\"ez-toc-title\" style=\"cursor:inherit\">Contenido<\/p>\n<span class=\"ez-toc-title-toggle\"><a href=\"#\" class=\"ez-toc-pull-right ez-toc-btn ez-toc-btn-xs ez-toc-btn-default ez-toc-toggle\" aria-label=\"Alternar tabla de contenidos\"><span class=\"ez-toc-js-icon-con\"><span class=\"\"><span class=\"eztoc-hide\" style=\"display:none;\">Palanca<\/span><span class=\"ez-toc-icon-toggle-span\"><svg style=\"fill: #999;color:#999\" xmlns=\"http:\/\/www.w3.org\/2000\/svg\" class=\"list-377408\" width=\"20px\" height=\"20px\" viewbox=\"0 0 24 24\" fill=\"none\"><path d=\"M6 6H4v2h2V6zm14 0H8v2h12V6zM4 11h2v2H4v-2zm16 0H8v2h12v-2zM4 16h2v2H4v-2zm16 0H8v2h12v-2z\" fill=\"currentColor\"><\/path><\/svg><svg style=\"fill: #999;color:#999\" class=\"arrow-unsorted-368013\" xmlns=\"http:\/\/www.w3.org\/2000\/svg\" width=\"10px\" height=\"10px\" viewbox=\"0 0 24 24\" version=\"1.2\" baseprofile=\"tiny\"><path d=\"M18.2 9.3l-6.2-6.3-6.2 6.3c-.2.2-.3.4-.3.7s.1.5.3.7c.2.2.4.3.7.3h11c.3 0 .5-.1.7-.3.2-.2.3-.5.3-.7s-.1-.5-.3-.7zM5.8 14.7l6.2 6.3 6.2-6.3c.2-.2.3-.5.3-.7s-.1-.5-.3-.7c-.2-.2-.4-.3-.7-.3h-11c-.3 0-.5.1-.7.3-.2.2-.3.5-.3.7s.1.5.3.7z\"\/><\/svg><\/span><\/span><\/span><\/a><\/span><\/div>\n<nav><ul class='ez-toc-list ez-toc-list-level-1' ><li class='ez-toc-page-1 ez-toc-heading-level-2'><a class=\"ez-toc-link ez-toc-heading-1\" href=\"https:\/\/mythslegendes.com\/es\/mitologia-iberica\/ines-de-castro-y-el-rey-pedro\/#Ines-de-Castro-et-le-roi-Pedro\" >In\u00eas de Castro y el rey Pedro<\/a><\/li><\/ul><\/nav><\/div>\n<h2><span class=\"ez-toc-section\" id=\"Ines-de-Castro-et-le-roi-Pedro\"><\/span>In\u00eas de Castro y el rey Pedro<span class=\"ez-toc-section-end\"><\/span><\/h2>\n\n<p>Esta historia comienza en el siglo XIV, en la corte de Portugal. Estamos en 1339 e In\u00eas de Castro acaba de dejarla. <a href=\"https:\/\/mythslegendes.com\/es\/mitologia-iberica\/\">Espa\u00f1a<\/a> nativa para unirse a la corte portuguesa y convertirse en dama de honor de Constanza de Castilla.<\/p>\n\n<p>El matrimonio entre Constanza de Castilla y el rey Pedro, concertado por motivos pol\u00edticos, no es feliz y Dom Pedro r\u00e1pidamente se enamora de In\u00eas de Castro.<\/p>\n\n<p>El rey D. Alfonso IV no apreci\u00f3 la influencia de In\u00e9s sobre su hijo y decidi\u00f3 exiliarla en 1344. Sin embargo, los dos amantes continuaron manteniendo una relaci\u00f3n oculta.<\/p>\n\n<p>Un a\u00f1o despu\u00e9s, Constancio de Castilla muri\u00f3 al dar a luz a su tercer hijo. Luego, Dom Pedro trae a In\u00eas de regreso de su exilio para establecerse juntos. De esta uni\u00f3n nacieron cuatro hijos, nunca formalizados en matrimonio p\u00fablico.<\/p>\n\n<p>El rey D. Alfonso IV tem\u00eda la influencia del clan Castro sobre el pr\u00edncipe heredero, que llevar\u00eda a Portugal hacia una guerra civil en Castilla, por lo que decidi\u00f3 asesinar a In\u00e9s en 1355.<\/p>\n\n<p>Enloquecido por el dolor, Dom Pedro se rebela contra su padre, lo que desencadena una breve guerra civil. Cuando \u00e9ste muri\u00f3 dos a\u00f1os m\u00e1s tarde, siendo a su vez rey, encontr\u00f3 a los asesinos de In\u00e9s y les arranc\u00f3 el coraz\u00f3n.<\/p>\n\n<p>los <a href=\"https:\/\/mythslegendes.com\/es\/\">leyenda<\/a> Quiere que Pedro exhume el cuerpo de In\u00e9s, antes de coronarla p\u00f3stumamente reina de Portugal. Entonces decidi\u00f3 construir dos espl\u00e9ndidas tumbas, visibles en el Monasterio de Alcoba\u00e7a. Dom Pedro se unir\u00e1 a In\u00eas de Castro en 1367.\u00a0<\/p>\n\t\t\t\t\t\t\t\t<\/div>\n\t\t\t\t<\/div>\n\t\t\t\t\t<\/div>\n\t\t<\/div>\n\t\t\t\t\t<\/div>\n\t\t<\/section>\n\t\t\t\t<\/div>","protected":false},"excerpt":{"rendered":"<p>Mythologie Ib\u00e9rique Wiki Peu d\u2019histoires d\u2019amour ont marqu\u00e9 le Portugal comme celle d\u2019In\u00eas de Castro et le roi Pedro, prince &hellip; <\/p>","protected":false},"author":1,"featured_media":0,"parent":2187,"menu_order":0,"comment_status":"closed","ping_status":"closed","template":"","meta":{"footnotes":""},"class_list":["post-2267","page","type-page","status-publish","hentry"],"amp_enabled":true,"_links":{"self":[{"href":"https:\/\/mythslegendes.com\/es\/wp-json\/wp\/v2\/pages\/2267","targetHints":{"allow":["GET"]}}],"collection":[{"href":"https:\/\/mythslegendes.com\/es\/wp-json\/wp\/v2\/pages"}],"about":[{"href":"https:\/\/mythslegendes.com\/es\/wp-json\/wp\/v2\/types\/page"}],"author":[{"embeddable":true,"href":"https:\/\/mythslegendes.com\/es\/wp-json\/wp\/v2\/users\/1"}],"replies":[{"embeddable":true,"href":"https:\/\/mythslegendes.com\/es\/wp-json\/wp\/v2\/comments?post=2267"}],"version-history":[{"count":1,"href":"https:\/\/mythslegendes.com\/es\/wp-json\/wp\/v2\/pages\/2267\/revisions"}],"predecessor-version":[{"id":24755,"href":"https:\/\/mythslegendes.com\/es\/wp-json\/wp\/v2\/pages\/2267\/revisions\/24755"}],"up":[{"embeddable":true,"href":"https:\/\/mythslegendes.com\/es\/wp-json\/wp\/v2\/pages\/2187"}],"wp:attachment":[{"href":"https:\/\/mythslegendes.com\/es\/wp-json\/wp\/v2\/media?parent=2267"}],"curies":[{"name":"wp","href":"https:\/\/api.w.org\/{rel}","templated":true}]}}