{"id":22720,"date":"2022-08-14T18:46:19","date_gmt":"2022-08-14T18:46:19","guid":{"rendered":"https:\/\/mythslegendes.com\/?page_id=22720"},"modified":"2022-12-28T22:47:23","modified_gmt":"2022-12-28T22:47:23","slug":"mythologie-lydienne","status":"publish","type":"page","link":"https:\/\/mythslegendes.com\/es\/mitologia-lidia\/","title":{"rendered":"mitolog\u00eda lidia"},"content":{"rendered":"<div data-elementor-type=\"wp-page\" data-elementor-id=\"22720\" class=\"elementor elementor-22720\">\n\t\t\t\t\t\t<section class=\"elementor-section elementor-top-section elementor-element elementor-element-cbbef14 elementor-section-boxed elementor-section-height-default elementor-section-height-default\" data-id=\"cbbef14\" data-element_type=\"section\" data-e-type=\"section\">\n\t\t\t\t\t\t<div class=\"elementor-container elementor-column-gap-default\">\n\t\t\t\t\t<div class=\"elementor-column elementor-col-33 elementor-top-column elementor-element elementor-element-0100805\" data-id=\"0100805\" data-element_type=\"column\" data-e-type=\"column\">\n\t\t\t<div class=\"elementor-widget-wrap elementor-element-populated\">\n\t\t\t\t\t\t<div class=\"elementor-element elementor-element-9a9e7b7 elementor-align-justify elementor-widget elementor-widget-button\" data-id=\"9a9e7b7\" data-element_type=\"widget\" data-e-type=\"widget\" data-widget_type=\"button.default\">\n\t\t\t\t<div class=\"elementor-widget-container\">\n\t\t\t\t\t\t\t\t\t<div class=\"elementor-button-wrapper\">\n\t\t\t\t\t<a class=\"elementor-button elementor-button-link elementor-size-sm\" href=\"https:\/\/mythslegendes.com\/es\/mythes-et-legendes-anatoliens-1666\/\">\n\t\t\t\t\t\t<span class=\"elementor-button-content-wrapper\">\n\t\t\t\t\t\t\t\t\t<span class=\"elementor-button-text\">volver al grupo cultural<\/span>\n\t\t\t\t\t<\/span>\n\t\t\t\t\t<\/a>\n\t\t\t\t<\/div>\n\t\t\t\t\t\t\t\t<\/div>\n\t\t\t\t<\/div>\n\t\t\t\t\t<\/div>\n\t\t<\/div>\n\t\t\t\t<div class=\"elementor-column elementor-col-33 elementor-top-column elementor-element elementor-element-42a4d49\" data-id=\"42a4d49\" data-element_type=\"column\" data-e-type=\"column\">\n\t\t\t<div class=\"elementor-widget-wrap elementor-element-populated\">\n\t\t\t\t\t\t<div class=\"elementor-element elementor-element-eefadb6 elementor-align-justify elementor-widget elementor-widget-button\" data-id=\"eefadb6\" data-element_type=\"widget\" data-e-type=\"widget\" data-widget_type=\"button.default\">\n\t\t\t\t<div class=\"elementor-widget-container\">\n\t\t\t\t\t\t\t\t\t<div class=\"elementor-button-wrapper\">\n\t\t\t\t\t<a class=\"elementor-button elementor-button-link elementor-size-sm\" href=\"https:\/\/mythslegendes.com\/es\/bibliotecas-de-libros\/\">\n\t\t\t\t\t\t<span class=\"elementor-button-content-wrapper\">\n\t\t\t\t\t\t\t\t\t<span class=\"elementor-button-text\">Biblioteca<\/span>\n\t\t\t\t\t<\/span>\n\t\t\t\t\t<\/a>\n\t\t\t\t<\/div>\n\t\t\t\t\t\t\t\t<\/div>\n\t\t\t\t<\/div>\n\t\t\t\t\t<\/div>\n\t\t<\/div>\n\t\t\t\t<div class=\"elementor-column elementor-col-33 elementor-top-column elementor-element elementor-element-1f7b7d6\" data-id=\"1f7b7d6\" data-element_type=\"column\" data-e-type=\"column\">\n\t\t\t<div class=\"elementor-widget-wrap elementor-element-populated\">\n\t\t\t\t\t\t<div class=\"elementor-element elementor-element-b80c9fd elementor-align-justify elementor-widget elementor-widget-button\" data-id=\"b80c9fd\" data-element_type=\"widget\" data-e-type=\"widget\" data-widget_type=\"button.default\">\n\t\t\t\t<div class=\"elementor-widget-container\">\n\t\t\t\t\t\t\t\t\t<div class=\"elementor-button-wrapper\">\n\t\t\t\t\t<a class=\"elementor-button elementor-button-link elementor-size-sm\" href=\"https:\/\/en.wikipedia.org\/wiki\/Lydians\" target=\"_blank\" rel=\"noopener\">\n\t\t\t\t\t\t<span class=\"elementor-button-content-wrapper\">\n\t\t\t\t\t\t\t\t\t<span class=\"elementor-button-text\">Wiki<\/span>\n\t\t\t\t\t<\/span>\n\t\t\t\t\t<\/a>\n\t\t\t\t<\/div>\n\t\t\t\t\t\t\t\t<\/div>\n\t\t\t\t<\/div>\n\t\t\t\t\t<\/div>\n\t\t<\/div>\n\t\t\t\t\t<\/div>\n\t\t<\/section>\n\t\t\t\t<section class=\"elementor-section elementor-top-section elementor-element elementor-element-418c6ed elementor-section-boxed elementor-section-height-default elementor-section-height-default\" data-id=\"418c6ed\" data-element_type=\"section\" data-e-type=\"section\">\n\t\t\t\t\t\t<div class=\"elementor-container elementor-column-gap-default\">\n\t\t\t\t\t<div class=\"elementor-column elementor-col-100 elementor-top-column elementor-element elementor-element-11c7f1c\" data-id=\"11c7f1c\" data-element_type=\"column\" data-e-type=\"column\">\n\t\t\t<div class=\"elementor-widget-wrap elementor-element-populated\">\n\t\t\t\t\t\t<div class=\"elementor-element elementor-element-7538ebe elementor-widget elementor-widget-heading\" data-id=\"7538ebe\" data-element_type=\"widget\" data-e-type=\"widget\" data-widget_type=\"heading.default\">\n\t\t\t\t<div class=\"elementor-widget-container\">\n\t\t\t\t\t<div id=\"ez-toc-container\" class=\"ez-toc-v2_0_82_2 counter-hierarchy ez-toc-counter ez-toc-grey ez-toc-container-direction\">\n<div class=\"ez-toc-title-container\">\n<p class=\"ez-toc-title\" style=\"cursor:inherit\">Contenido<\/p>\n<span class=\"ez-toc-title-toggle\"><a href=\"#\" class=\"ez-toc-pull-right ez-toc-btn ez-toc-btn-xs ez-toc-btn-default ez-toc-toggle\" aria-label=\"Alternar tabla de contenidos\"><span class=\"ez-toc-js-icon-con\"><span class=\"\"><span class=\"eztoc-hide\" style=\"display:none;\">Palanca<\/span><span class=\"ez-toc-icon-toggle-span\"><svg style=\"fill: #999;color:#999\" xmlns=\"http:\/\/www.w3.org\/2000\/svg\" class=\"list-377408\" width=\"20px\" height=\"20px\" viewbox=\"0 0 24 24\" fill=\"none\"><path d=\"M6 6H4v2h2V6zm14 0H8v2h12V6zM4 11h2v2H4v-2zm16 0H8v2h12v-2zM4 16h2v2H4v-2zm16 0H8v2h12v-2z\" fill=\"currentColor\"><\/path><\/svg><svg style=\"fill: #999;color:#999\" class=\"arrow-unsorted-368013\" xmlns=\"http:\/\/www.w3.org\/2000\/svg\" width=\"10px\" height=\"10px\" viewbox=\"0 0 24 24\" version=\"1.2\" baseprofile=\"tiny\"><path d=\"M18.2 9.3l-6.2-6.3-6.2 6.3c-.2.2-.3.4-.3.7s.1.5.3.7c.2.2.4.3.7.3h11c.3 0 .5-.1.7-.3.2-.2.3-.5.3-.7s-.1-.5-.3-.7zM5.8 14.7l6.2 6.3 6.2-6.3c.2-.2.3-.5.3-.7s-.1-.5-.3-.7c-.2-.2-.4-.3-.7-.3h-11c-.3 0-.5.1-.7.3-.2.2-.3.5-.3.7s.1.5.3.7z\"\/><\/svg><\/span><\/span><\/span><\/a><\/span><\/div>\n<nav><ul class='ez-toc-list ez-toc-list-level-1' ><li class='ez-toc-page-1 ez-toc-heading-level-2'><a class=\"ez-toc-link ez-toc-heading-1\" href=\"https:\/\/mythslegendes.com\/es\/mitologia-lidia\/#Mythologie-Lydienne-Mysienne\" >Mitolog\u00eda lidia - Mysian<\/a><\/li><li class='ez-toc-page-1 ez-toc-heading-level-2'><a class=\"ez-toc-link ez-toc-heading-2\" href=\"https:\/\/mythslegendes.com\/es\/mitologia-lidia\/#Mythologie-Lydienne-Mysienne-textes\" >Lydian - Mitolog\u00eda misia (textos)<\/a><\/li><li class='ez-toc-page-1 ez-toc-heading-level-2'><a class=\"ez-toc-link ez-toc-heading-3\" href=\"https:\/\/mythslegendes.com\/es\/mitologia-lidia\/#Livres-sur-la-mythologie-Anatolie\" >Libros sobre la mitolog\u00eda de Anatolia<\/a><\/li><\/ul><\/nav><\/div>\n<h2 class=\"elementor-heading-title elementor-size-default\"><span class=\"ez-toc-section\" id=\"Mythologie-Lydienne-Mysienne\"><\/span>Mitolog\u00eda lidia - Mysian<span class=\"ez-toc-section-end\"><\/span><\/h2>\t\t\t\t<\/div>\n\t\t\t\t<\/div>\n\t\t\t\t\t<\/div>\n\t\t<\/div>\n\t\t\t\t\t<\/div>\n\t\t<\/section>\n\t\t\t\t<section class=\"elementor-section elementor-top-section elementor-element elementor-element-0b2a5c1 elementor-section-boxed elementor-section-height-default elementor-section-height-default\" data-id=\"0b2a5c1\" data-element_type=\"section\" data-e-type=\"section\">\n\t\t\t\t\t\t<div class=\"elementor-container elementor-column-gap-default\">\n\t\t\t\t\t<div class=\"elementor-column elementor-col-100 elementor-top-column elementor-element elementor-element-168d834\" data-id=\"168d834\" data-element_type=\"column\" data-e-type=\"column\">\n\t\t\t<div class=\"elementor-widget-wrap elementor-element-populated\">\n\t\t\t\t\t\t<div class=\"elementor-element elementor-element-9b6b0b3 elementor-widget elementor-widget-text-editor\" data-id=\"9b6b0b3\" data-element_type=\"widget\" data-e-type=\"widget\" data-widget_type=\"text-editor.default\">\n\t\t\t\t<div class=\"elementor-widget-container\">\n\t\t\t\t\t\t\t\t\t<p>los <a href=\"https:\/\/mythslegendes.com\/es\/\">mitolog\u00eda<\/a> Lydian describe los mitos y <a href=\"https:\/\/mythslegendes.com\/es\/\">leyendas<\/a> lidios, originarios de Lydia en <a href=\"https:\/\/mythslegendes.com\/es\/mythes-et-legendes-anatoliens-1666\/\">Anatolia<\/a>.<\/p><p><img decoding=\"async\" class=\"alignnone wp-image-9347 size-full\" src=\"http:\/\/mythslegendes.com\/wp-content\/uploads\/2020\/09\/cropped-AlphaOmega-e1602613368367.png\" alt=\"mitolog\u00eda lidia\" width=\"25\" height=\"25\" title=\"\"><\/p><p>Los testimonios m\u00e1s antiguos sobre Lidia y los pa\u00edses vecinos son los de los egipcios que hablan de las luchas que sostuvieron, en la \u00e9poca de la dinast\u00eda XIX (El Nuevo Imperio), contra los invasores que ven\u00edan por mar, dardanos, licios, misios, <a href=\"https:\/\/mythslegendes.com\/es\/mitologia-cariana\/\">carios<\/a>, pedasianos, ilianos (o jonios o meonianos); en varias ocasiones reaparecen los Shardana, cuyo nombre parece haberse conservado en el de la ciudad de <a href=\"https:\/\/mythslegendes.com\/es\/mitologia-sarda\/\">sardos<\/a>, y los Toursha (Tursenes o Tyrrhenians).<\/p><p>El pueblo lidio era bastante amistoso con las ciudades. <a href=\"https:\/\/mythslegendes.com\/es\/mythes-et-legendes-grecques-1664\/\">griego<\/a> a lo largo de la costa de Asia Menor. Esta amistad comenz\u00f3 en la \u00e9poca de Giges y continu\u00f3. \u00c9l <a href=\"https:\/\/mythslegendes.com\/es\/mythes-et-legendes-grecques-1664\/\">griegos<\/a> ocup\u00f3 sus costas del mar Egeo ya en el siglo XIII a. Lydia prosper\u00f3 con sus recursos naturales. Su posici\u00f3n en las rutas comerciales entre Asia y el Mediterr\u00e1neo tambi\u00e9n ayud\u00f3.<\/p><p>Los misios eran los habitantes de Misia, una regi\u00f3n en el noroeste de Asia Menor.<\/p><p>Her\u00f3doto en sus Historias escribi\u00f3 que los misios eran hermanos de los carios y lidios, originalmente colonos lidios en su pa\u00eds, y como tales ten\u00edan derecho a adorar junto a sus naciones relativas en el santuario dedicado a Carian Zeus en Mylasa.<\/p>\t\t\t\t\t\t\t\t<\/div>\n\t\t\t\t<\/div>\n\t\t\t\t\t<\/div>\n\t\t<\/div>\n\t\t\t\t\t<\/div>\n\t\t<\/section>\n\t\t\t\t<section class=\"elementor-section elementor-top-section elementor-element elementor-element-75d3c97 elementor-section-boxed elementor-section-height-default elementor-section-height-default\" data-id=\"75d3c97\" data-element_type=\"section\" data-e-type=\"section\">\n\t\t\t\t\t\t<div class=\"elementor-container elementor-column-gap-default\">\n\t\t\t\t\t<div class=\"elementor-column elementor-col-100 elementor-top-column elementor-element elementor-element-b9122b7\" data-id=\"b9122b7\" data-element_type=\"column\" data-e-type=\"column\">\n\t\t\t<div class=\"elementor-widget-wrap elementor-element-populated\">\n\t\t\t\t\t\t<div class=\"elementor-element elementor-element-2518f3c elementor-widget elementor-widget-heading\" data-id=\"2518f3c\" data-element_type=\"widget\" data-e-type=\"widget\" data-widget_type=\"heading.default\">\n\t\t\t\t<div class=\"elementor-widget-container\">\n\t\t\t\t\t<h2 class=\"elementor-heading-title elementor-size-default\"><span class=\"ez-toc-section\" id=\"Mythologie-Lydienne-Mysienne-textes\"><\/span>Lydian - Mitolog\u00eda misia (textos)<span class=\"ez-toc-section-end\"><\/span><\/h2>\t\t\t\t<\/div>\n\t\t\t\t<\/div>\n\t\t\t\t\t<\/div>\n\t\t<\/div>\n\t\t\t\t\t<\/div>\n\t\t<\/section>\n\t\t\t\t<section class=\"elementor-section elementor-top-section elementor-element elementor-element-2305002 elementor-section-boxed elementor-section-height-default elementor-section-height-default\" data-id=\"2305002\" data-element_type=\"section\" data-e-type=\"section\">\n\t\t\t\t\t\t<div class=\"elementor-container elementor-column-gap-default\">\n\t\t\t\t\t<div class=\"elementor-column elementor-col-100 elementor-top-column elementor-element elementor-element-5c61e35\" data-id=\"5c61e35\" data-element_type=\"column\" data-e-type=\"column\">\n\t\t\t<div class=\"elementor-widget-wrap elementor-element-populated\">\n\t\t\t\t\t\t<div class=\"elementor-element elementor-element-2c9403d elementor-widget elementor-widget-toggle\" data-id=\"2c9403d\" data-element_type=\"widget\" data-e-type=\"widget\" data-widget_type=\"toggle.default\">\n\t\t\t\t<div class=\"elementor-widget-container\">\n\t\t\t\t\t\t\t<div class=\"elementor-toggle\">\n\t\t\t\t\t\t\t<div class=\"elementor-toggle-item\">\n\t\t\t\t\t<div id=\"elementor-tab-title-4671\" class=\"elementor-tab-title\" data-tab=\"1\" role=\"button\" aria-controls=\"elementor-tab-content-4671\" aria-expanded=\"false\">\n\t\t\t\t\t\t\t\t\t\t\t\t<span class=\"elementor-toggle-icon elementor-toggle-icon-left\" aria-hidden=\"true\">\n\t\t\t\t\t\t\t\t\t\t\t\t\t\t\t<span class=\"elementor-toggle-icon-closed\"><i class=\"fas fa-caret-right\"><\/i><\/span>\n\t\t\t\t\t\t\t\t<span class=\"elementor-toggle-icon-opened\"><i class=\"elementor-toggle-icon-opened fas fa-caret-up\"><\/i><\/span>\n\t\t\t\t\t\t\t\t\t\t\t\t\t<\/span>\n\t\t\t\t\t\t\t\t\t\t\t\t<a class=\"elementor-toggle-title\" tabindex=\"0\">Historia y cultura de Lidia<\/a>\n\t\t\t\t\t<\/div>\n\n\t\t\t\t\t<div id=\"elementor-tab-content-4671\" class=\"elementor-tab-content elementor-clearfix\" data-tab=\"1\" role=\"region\" aria-labelledby=\"elementor-tab-title-4671\"><ul><li><strong><a href=\"https:\/\/www.cosmovisions.com\/ChronoLydie.htm\" target=\"_blank\" rel=\"noopener\">Historia de Lidia<\/a><\/strong><\/li><li><strong><a href=\"http:\/\/antikforever.com\/Asie_Mineure\/Lydie\/lydie_civilisation.htm#administration\" target=\"_blank\" rel=\"noopener\">Estructura social de Lidia<\/a><\/strong><\/li><\/ul><\/div>\n\t\t\t\t<\/div>\n\t\t\t\t\t\t\t<div class=\"elementor-toggle-item\">\n\t\t\t\t\t<div id=\"elementor-tab-title-4672\" class=\"elementor-tab-title\" data-tab=\"2\" role=\"button\" aria-controls=\"elementor-tab-content-4672\" aria-expanded=\"false\">\n\t\t\t\t\t\t\t\t\t\t\t\t<span class=\"elementor-toggle-icon elementor-toggle-icon-left\" aria-hidden=\"true\">\n\t\t\t\t\t\t\t\t\t\t\t\t\t\t\t<span class=\"elementor-toggle-icon-closed\"><i class=\"fas fa-caret-right\"><\/i><\/span>\n\t\t\t\t\t\t\t\t<span class=\"elementor-toggle-icon-opened\"><i class=\"elementor-toggle-icon-opened fas fa-caret-up\"><\/i><\/span>\n\t\t\t\t\t\t\t\t\t\t\t\t\t<\/span>\n\t\t\t\t\t\t\t\t\t\t\t\t<a class=\"elementor-toggle-title\" tabindex=\"0\">Historia y cultura de Misia (Teutrea)<\/a>\n\t\t\t\t\t<\/div>\n\n\t\t\t\t\t<div id=\"elementor-tab-content-4672\" class=\"elementor-tab-content elementor-clearfix\" data-tab=\"2\" role=\"region\" aria-labelledby=\"elementor-tab-title-4672\"><ul><li><strong><a href=\"https:\/\/books.openedition.org\/ausonius\/7002?lang=fr\" target=\"_blank\" rel=\"noopener\">la historia de mysie<\/a><\/strong><\/li><\/ul><\/div>\n\t\t\t\t<\/div>\n\t\t\t\t\t\t\t<div class=\"elementor-toggle-item\">\n\t\t\t\t\t<div id=\"elementor-tab-title-4673\" class=\"elementor-tab-title\" data-tab=\"3\" role=\"button\" aria-controls=\"elementor-tab-content-4673\" aria-expanded=\"false\">\n\t\t\t\t\t\t\t\t\t\t\t\t<span class=\"elementor-toggle-icon elementor-toggle-icon-left\" aria-hidden=\"true\">\n\t\t\t\t\t\t\t\t\t\t\t\t\t\t\t<span class=\"elementor-toggle-icon-closed\"><i class=\"fas fa-caret-right\"><\/i><\/span>\n\t\t\t\t\t\t\t\t<span class=\"elementor-toggle-icon-opened\"><i class=\"elementor-toggle-icon-opened fas fa-caret-up\"><\/i><\/span>\n\t\t\t\t\t\t\t\t\t\t\t\t\t<\/span>\n\t\t\t\t\t\t\t\t\t\t\t\t<a class=\"elementor-toggle-title\" tabindex=\"0\">Leyendas y religi\u00f3n lidia y misia<\/a>\n\t\t\t\t\t<\/div>\n\n\t\t\t\t\t<div id=\"elementor-tab-content-4673\" class=\"elementor-tab-content elementor-clearfix\" data-tab=\"3\" role=\"region\" aria-labelledby=\"elementor-tab-title-4673\"><ul><li><a href=\"https:\/\/www.timelessmyths.com\/culture-people\/lydians\/\" target=\"_blank\" rel=\"noopener\"><strong>Creso y Midas<\/strong><\/a><\/li><li><strong><a href=\"https:\/\/femmesetdeesses.wordpress.com\/2016\/04\/27\/quand-les-dieux-tissent-leur-toile\/\" target=\"_blank\" rel=\"noopener\">Aracne<\/a><\/strong><\/li><li><a href=\"https:\/\/sardisexpedition.org\/en\/essays\/latw-greenewalt-gods-of-lydia\" target=\"_blank\" rel=\"noopener\"><strong>Pante\u00f3n lidio<\/strong><\/a><\/li><li><strong><a href=\"https:\/\/sardisexpedition.org\/en\/essays\/latw-greenewalt-gods-of-lydia\" target=\"_blank\" rel=\"noopener\">rituales lidios<\/a><\/strong><\/li><li><strong><a href=\"https:\/\/fr.wikipedia.org\/wiki\/Teuthras\" target=\"_blank\" rel=\"noopener\">Teutr\u00e1s<\/a><\/strong><\/li><li><strong><a href=\"https:\/\/www.greekmythology.com\/Myths\/Mortals\/Telephus\/telephus.html\" target=\"_blank\" rel=\"noopener\">T\u00e9lefo<\/a><\/strong><\/li><li><a href=\"https:\/\/www.greekmythology.com\/Myths\/The_Myths\/Trojan_War\/trojan_war.html\" target=\"_blank\" rel=\"noopener\"><strong>Troya y sus aliados<\/strong><\/a><\/li><li><a href=\"https:\/\/mythologica.fr\/grec\/hylas.htm\" target=\"_blank\" rel=\"noopener\"><strong>Hilas<\/strong><\/a><\/li><li><strong><a href=\"https:\/\/antiquitebnf.hypotheses.org\/14227\" target=\"_blank\" rel=\"noopener\">hola<\/a><\/strong><\/li><li><strong><a href=\"https:\/\/www.histoire-amour.com\/mythologie\/hero-leandre.html\" target=\"_blank\" rel=\"noopener\">H\u00e9roe y Leander<\/a><\/strong><\/li><\/ul><\/div>\n\t\t\t\t<\/div>\n\t\t\t\t\t\t\t\t<\/div>\n\t\t\t\t\t\t<\/div>\n\t\t\t\t<\/div>\n\t\t\t\t\t<\/div>\n\t\t<\/div>\n\t\t\t\t\t<\/div>\n\t\t<\/section>\n\t\t\t\t<section class=\"elementor-section elementor-top-section elementor-element elementor-element-fbd5dec elementor-section-boxed elementor-section-height-default elementor-section-height-default\" data-id=\"fbd5dec\" data-element_type=\"section\" data-e-type=\"section\">\n\t\t\t\t\t\t<div class=\"elementor-container elementor-column-gap-default\">\n\t\t\t\t\t<div class=\"elementor-column elementor-col-100 elementor-top-column elementor-element elementor-element-210be0d\" data-id=\"210be0d\" data-element_type=\"column\" data-e-type=\"column\">\n\t\t\t<div class=\"elementor-widget-wrap elementor-element-populated\">\n\t\t\t\t\t\t<div class=\"elementor-element elementor-element-d615885 elementor-widget elementor-widget-text-editor\" data-id=\"d615885\" data-element_type=\"widget\" data-e-type=\"widget\" data-widget_type=\"text-editor.default\">\n\t\t\t\t<div class=\"elementor-widget-container\">\n\t\t\t\t\t\t\t\t\t<section class=\"elementor-section elementor-top-section elementor-element elementor-element-867e9dd elementor-section-boxed elementor-section-height-default elementor-section-height-default\" data-id=\"867e9dd\" data-element_type=\"section\"><div class=\"elementor-container elementor-column-gap-default\"><div class=\"elementor-row\"><div class=\"elementor-column elementor-col-100 elementor-top-column elementor-element elementor-element-7296315\" data-id=\"7296315\" data-element_type=\"column\"><div class=\"elementor-column-wrap elementor-element-populated\"><div class=\"elementor-widget-wrap\"><div class=\"elementor-element elementor-element-523c369 elementor-widget elementor-widget-heading\" data-id=\"523c369\" data-element_type=\"widget\" data-widget_type=\"heading.default\"><div class=\"elementor-widget-container\"><h2 class=\"elementor-heading-title elementor-size-default\"><span class=\"ez-toc-section\" id=\"Livres-sur-la-mythologie-Anatolie\"><\/span>Libros sobre la mitolog\u00eda de Anatolia<span class=\"ez-toc-section-end\"><\/span><\/h2><\/div><\/div><\/div><\/div><\/div><\/div><\/div><\/section><section class=\"elementor-section elementor-top-section elementor-element elementor-element-594fe5b elementor-section-boxed elementor-section-height-default elementor-section-height-default\" data-id=\"594fe5b\" data-element_type=\"section\"><div class=\"elementor-container elementor-column-gap-default\"><div class=\"elementor-row\"><div class=\"elementor-column elementor-col-100 elementor-top-column elementor-element elementor-element-f6d980f\" data-id=\"f6d980f\" data-element_type=\"column\"><div class=\"elementor-column-wrap elementor-element-populated\"><div class=\"elementor-widget-wrap\"><div class=\"elementor-element elementor-element-d2600f9 elementor-widget elementor-widget-text-editor\" data-id=\"d2600f9\" data-element_type=\"widget\" data-widget_type=\"text-editor.default\"><div class=\"elementor-widget-container\"><div class=\"elementor-text-editor elementor-clearfix\"><p>C\u00f3mics \/ Ilustrados:<\/p><p>En franc\u00e9s :<\/p><ul><li><a href=\"https:\/\/www.amazon.fr\/Contes-dAsie-mineure-Anonyme\/dp\/2742731598?&amp;linkCode=ll1&amp;tag=mythscience-21&amp;linkId=583c0173811388389266a1e78c486c23&amp;language=fr_FR&amp;ref_=as_li_ss_tl\" target=\"_blank\" rel=\"noopener\">Cuentos de Asia Menor<\/a><\/li><li><a href=\"https:\/\/www.amazon.fr\/Hittites-2e-%C3%A9d-Klock-Fontanille-Isabelle\/dp\/2130565336?&amp;linkCode=sl1&amp;tag=mythscience-21&amp;linkId=934a55f59a45cca20c5c3be87a574f73&amp;language=fr_FR&amp;ref_=as_li_ss_tl\" target=\"_blank\" rel=\"noopener\">los hititas<\/a><\/li><li><a href=\"https:\/\/www.amazon.fr\/Nos-anc%C3%AAtres-Thraces-Tchavdar-Marinov\/dp\/2343081514?&amp;linkCode=sl1&amp;tag=mythscience-21&amp;linkId=6b6235fdade2c883b58615c5fa025b3b&amp;language=fr_FR&amp;ref_=as_li_ss_tl\" target=\"_blank\" rel=\"noopener\">Nuestros antepasados los tracios: usos ideol\u00f3gicos de la antig\u00fcedad en el sureste de Europa<\/a><\/li><\/ul><p>Solo en ingles:<\/p><ul><li><a href=\"https:\/\/www.amazon.fr\/Phrygia-History-Ancient-Phrygian-Anatolia\/dp\/1547168773?&amp;linkCode=sl1&amp;tag=mythscience-21&amp;linkId=f70f7ff6ab655edf55c884a379a3dc84&amp;language=fr_FR&amp;ref_=as_li_ss_tl\" target=\"_blank\" rel=\"noopener\">Frigia: la historia y el legado de los antiguos frigios<\/a><\/li><li><a href=\"https:\/\/www.amazon.fr\/Ancient-Middle-East-Captivating-Civilizations\/dp\/1647489679?&amp;linkCode=sl1&amp;tag=mythscience-21&amp;linkId=643a9e2851e44be5508a8ce75ad78156&amp;language=fr_FR&amp;ref_=as_li_ss_tl\" target=\"_blank\" rel=\"noopener\">antiguo medio oriente<\/a><\/li><li><a href=\"https:\/\/www.amazon.fr\/Warriors-Anatolia-Concise-History-Hittites\/dp\/1350140783?&amp;linkCode=sl1&amp;tag=mythscience-21&amp;linkId=6be98ad900bdc4d8eaf01ee7e1b35563&amp;language=fr_FR&amp;ref_=as_li_ss_tl\" target=\"_blank\" rel=\"noopener\">Guerreros de Anatolia<\/a><\/li><li><a href=\"https:\/\/www.amazon.fr\/Ancient-Anatolia-Captivating-Civilizations-Neo-Assyrian\/dp\/1647484359?&amp;linkCode=sl1&amp;tag=mythscience-21&amp;linkId=9f3d90da0067f3edfc99d98494873bcd&amp;language=fr_FR&amp;ref_=as_li_ss_tl\" target=\"_blank\" rel=\"noopener\">Anatolia antigua<\/a><\/li><li><a href=\"https:\/\/www.amazon.fr\/Hittite-Homer-Mary-R-Bachvarova\/dp\/1108994105?&amp;linkCode=sl1&amp;tag=mythscience-21&amp;linkId=02b70ea5c9d95911e4b69426fc9617b8&amp;language=fr_FR&amp;ref_=as_li_ss_tl\" target=\"_blank\" rel=\"noopener\">De los hititas a Homero<\/a><\/li><\/ul><\/div><\/div><\/div><\/div><\/div><\/div><\/div><\/div><\/section>\t\t\t\t\t\t\t\t<\/div>\n\t\t\t\t<\/div>\n\t\t\t\t\t<\/div>\n\t\t<\/div>\n\t\t\t\t\t<\/div>\n\t\t<\/section>\n\t\t\t\t<\/div>","protected":false},"excerpt":{"rendered":"<p>Volver al grupo cultural Biblioteca Lydian Mythology Wiki - Mysian Lydian mitolog\u00eda describe los mitos y leyendas de los lidios, ... <\/p>","protected":false},"author":1,"featured_media":0,"parent":0,"menu_order":0,"comment_status":"closed","ping_status":"closed","template":"","meta":{"footnotes":""},"class_list":["post-22720","page","type-page","status-publish","hentry"],"amp_enabled":true,"_links":{"self":[{"href":"https:\/\/mythslegendes.com\/es\/wp-json\/wp\/v2\/pages\/22720","targetHints":{"allow":["GET"]}}],"collection":[{"href":"https:\/\/mythslegendes.com\/es\/wp-json\/wp\/v2\/pages"}],"about":[{"href":"https:\/\/mythslegendes.com\/es\/wp-json\/wp\/v2\/types\/page"}],"author":[{"embeddable":true,"href":"https:\/\/mythslegendes.com\/es\/wp-json\/wp\/v2\/users\/1"}],"replies":[{"embeddable":true,"href":"https:\/\/mythslegendes.com\/es\/wp-json\/wp\/v2\/comments?post=22720"}],"version-history":[{"count":7,"href":"https:\/\/mythslegendes.com\/es\/wp-json\/wp\/v2\/pages\/22720\/revisions"}],"predecessor-version":[{"id":26636,"href":"https:\/\/mythslegendes.com\/es\/wp-json\/wp\/v2\/pages\/22720\/revisions\/26636"}],"wp:attachment":[{"href":"https:\/\/mythslegendes.com\/es\/wp-json\/wp\/v2\/media?parent=22720"}],"curies":[{"name":"wp","href":"https:\/\/api.w.org\/{rel}","templated":true}]}}