{"id":22729,"date":"2022-08-14T19:23:33","date_gmt":"2022-08-14T19:23:33","guid":{"rendered":"https:\/\/mythslegendes.com\/?page_id=22729"},"modified":"2022-12-28T22:48:04","modified_gmt":"2022-12-28T22:48:04","slug":"mythologie-palaite","status":"publish","type":"page","link":"https:\/\/mythslegendes.com\/es\/palacio-mitologia\/","title":{"rendered":"mitolog\u00eda palaitana"},"content":{"rendered":"<div data-elementor-type=\"wp-page\" data-elementor-id=\"22729\" class=\"elementor elementor-22729\">\n\t\t\t\t\t\t<section class=\"elementor-section elementor-top-section elementor-element elementor-element-74e1cdf elementor-section-boxed elementor-section-height-default elementor-section-height-default\" data-id=\"74e1cdf\" data-element_type=\"section\" data-e-type=\"section\">\n\t\t\t\t\t\t<div class=\"elementor-container elementor-column-gap-default\">\n\t\t\t\t\t<div class=\"elementor-column elementor-col-33 elementor-top-column elementor-element elementor-element-60721b8\" data-id=\"60721b8\" data-element_type=\"column\" data-e-type=\"column\">\n\t\t\t<div class=\"elementor-widget-wrap elementor-element-populated\">\n\t\t\t\t\t\t<div class=\"elementor-element elementor-element-7d197eb elementor-align-justify elementor-widget elementor-widget-button\" data-id=\"7d197eb\" data-element_type=\"widget\" data-e-type=\"widget\" data-widget_type=\"button.default\">\n\t\t\t\t<div class=\"elementor-widget-container\">\n\t\t\t\t\t\t\t\t\t<div class=\"elementor-button-wrapper\">\n\t\t\t\t\t<a class=\"elementor-button elementor-button-link elementor-size-sm\" href=\"https:\/\/mythslegendes.com\/es\/mythes-et-legendes-anatoliens-1666\/\">\n\t\t\t\t\t\t<span class=\"elementor-button-content-wrapper\">\n\t\t\t\t\t\t\t\t\t<span class=\"elementor-button-text\">volver al grupo cultural<\/span>\n\t\t\t\t\t<\/span>\n\t\t\t\t\t<\/a>\n\t\t\t\t<\/div>\n\t\t\t\t\t\t\t\t<\/div>\n\t\t\t\t<\/div>\n\t\t\t\t\t<\/div>\n\t\t<\/div>\n\t\t\t\t<div class=\"elementor-column elementor-col-33 elementor-top-column elementor-element elementor-element-9b45a72\" data-id=\"9b45a72\" data-element_type=\"column\" data-e-type=\"column\">\n\t\t\t<div class=\"elementor-widget-wrap elementor-element-populated\">\n\t\t\t\t\t\t<div class=\"elementor-element elementor-element-141a386 elementor-align-justify elementor-widget elementor-widget-button\" data-id=\"141a386\" data-element_type=\"widget\" data-e-type=\"widget\" data-widget_type=\"button.default\">\n\t\t\t\t<div class=\"elementor-widget-container\">\n\t\t\t\t\t\t\t\t\t<div class=\"elementor-button-wrapper\">\n\t\t\t\t\t<a class=\"elementor-button elementor-button-link elementor-size-sm\" href=\"https:\/\/mythslegendes.com\/es\/bibliotecas-de-libros\/\">\n\t\t\t\t\t\t<span class=\"elementor-button-content-wrapper\">\n\t\t\t\t\t\t\t\t\t<span class=\"elementor-button-text\">Biblioteca<\/span>\n\t\t\t\t\t<\/span>\n\t\t\t\t\t<\/a>\n\t\t\t\t<\/div>\n\t\t\t\t\t\t\t\t<\/div>\n\t\t\t\t<\/div>\n\t\t\t\t\t<\/div>\n\t\t<\/div>\n\t\t\t\t<div class=\"elementor-column elementor-col-33 elementor-top-column elementor-element elementor-element-b65a3b8\" data-id=\"b65a3b8\" data-element_type=\"column\" data-e-type=\"column\">\n\t\t\t<div class=\"elementor-widget-wrap elementor-element-populated\">\n\t\t\t\t\t\t<div class=\"elementor-element elementor-element-b3af9cc elementor-align-justify elementor-widget elementor-widget-button\" data-id=\"b3af9cc\" data-element_type=\"widget\" data-e-type=\"widget\" data-widget_type=\"button.default\">\n\t\t\t\t<div class=\"elementor-widget-container\">\n\t\t\t\t\t\t\t\t\t<div class=\"elementor-button-wrapper\">\n\t\t\t\t\t<a class=\"elementor-button elementor-button-link elementor-size-sm\" href=\"https:\/\/en.wikipedia.org\/wiki\/Pala_(Anatolia)\" target=\"_blank\" rel=\"noopener\">\n\t\t\t\t\t\t<span class=\"elementor-button-content-wrapper\">\n\t\t\t\t\t\t\t\t\t<span class=\"elementor-button-text\">Wiki<\/span>\n\t\t\t\t\t<\/span>\n\t\t\t\t\t<\/a>\n\t\t\t\t<\/div>\n\t\t\t\t\t\t\t\t<\/div>\n\t\t\t\t<\/div>\n\t\t\t\t\t<\/div>\n\t\t<\/div>\n\t\t\t\t\t<\/div>\n\t\t<\/section>\n\t\t\t\t<section class=\"elementor-section elementor-top-section elementor-element elementor-element-e67ba8c elementor-section-boxed elementor-section-height-default elementor-section-height-default\" data-id=\"e67ba8c\" data-element_type=\"section\" data-e-type=\"section\">\n\t\t\t\t\t\t<div class=\"elementor-container elementor-column-gap-default\">\n\t\t\t\t\t<div class=\"elementor-column elementor-col-100 elementor-top-column elementor-element elementor-element-af7510f\" data-id=\"af7510f\" data-element_type=\"column\" data-e-type=\"column\">\n\t\t\t<div class=\"elementor-widget-wrap elementor-element-populated\">\n\t\t\t\t\t\t<div class=\"elementor-element elementor-element-9946a9d elementor-widget elementor-widget-heading\" data-id=\"9946a9d\" data-element_type=\"widget\" data-e-type=\"widget\" data-widget_type=\"heading.default\">\n\t\t\t\t<div class=\"elementor-widget-container\">\n\t\t\t\t\t<div id=\"ez-toc-container\" class=\"ez-toc-v2_0_82_2 counter-hierarchy ez-toc-counter ez-toc-grey ez-toc-container-direction\">\n<div class=\"ez-toc-title-container\">\n<p class=\"ez-toc-title\" style=\"cursor:inherit\">Contenido<\/p>\n<span class=\"ez-toc-title-toggle\"><a href=\"#\" class=\"ez-toc-pull-right ez-toc-btn ez-toc-btn-xs ez-toc-btn-default ez-toc-toggle\" aria-label=\"Alternar tabla de contenidos\"><span class=\"ez-toc-js-icon-con\"><span class=\"\"><span class=\"eztoc-hide\" style=\"display:none;\">Palanca<\/span><span class=\"ez-toc-icon-toggle-span\"><svg style=\"fill: #999;color:#999\" xmlns=\"http:\/\/www.w3.org\/2000\/svg\" class=\"list-377408\" width=\"20px\" height=\"20px\" viewbox=\"0 0 24 24\" fill=\"none\"><path d=\"M6 6H4v2h2V6zm14 0H8v2h12V6zM4 11h2v2H4v-2zm16 0H8v2h12v-2zM4 16h2v2H4v-2zm16 0H8v2h12v-2z\" fill=\"currentColor\"><\/path><\/svg><svg style=\"fill: #999;color:#999\" class=\"arrow-unsorted-368013\" xmlns=\"http:\/\/www.w3.org\/2000\/svg\" width=\"10px\" height=\"10px\" viewbox=\"0 0 24 24\" version=\"1.2\" baseprofile=\"tiny\"><path d=\"M18.2 9.3l-6.2-6.3-6.2 6.3c-.2.2-.3.4-.3.7s.1.5.3.7c.2.2.4.3.7.3h11c.3 0 .5-.1.7-.3.2-.2.3-.5.3-.7s-.1-.5-.3-.7zM5.8 14.7l6.2 6.3 6.2-6.3c.2-.2.3-.5.3-.7s-.1-.5-.3-.7c-.2-.2-.4-.3-.7-.3h-11c-.3 0-.5.1-.7.3-.2.2-.3.5-.3.7s.1.5.3.7z\"\/><\/svg><\/span><\/span><\/span><\/a><\/span><\/div>\n<nav><ul class='ez-toc-list ez-toc-list-level-1' ><li class='ez-toc-page-1 ez-toc-heading-level-2'><a class=\"ez-toc-link ez-toc-heading-1\" href=\"https:\/\/mythslegendes.com\/es\/palacio-mitologia\/#Mythologie-Palaite\" >mitolog\u00eda palaitana<\/a><\/li><li class='ez-toc-page-1 ez-toc-heading-level-2'><a class=\"ez-toc-link ez-toc-heading-2\" href=\"https:\/\/mythslegendes.com\/es\/palacio-mitologia\/#Mythologie-Palaite-textes\" >Mitolog\u00eda palaitana (textos)<\/a><\/li><li class='ez-toc-page-1 ez-toc-heading-level-2'><a class=\"ez-toc-link ez-toc-heading-3\" href=\"https:\/\/mythslegendes.com\/es\/palacio-mitologia\/#Livres-sur-la-mythologie-Anatolie\" >Libros sobre la mitolog\u00eda de Anatolia<\/a><\/li><\/ul><\/nav><\/div>\n<h2 class=\"elementor-heading-title elementor-size-default\"><span class=\"ez-toc-section\" id=\"Mythologie-Palaite\"><\/span>mitolog\u00eda palaitana<span class=\"ez-toc-section-end\"><\/span><\/h2>\t\t\t\t<\/div>\n\t\t\t\t<\/div>\n\t\t\t\t\t<\/div>\n\t\t<\/div>\n\t\t\t\t\t<\/div>\n\t\t<\/section>\n\t\t\t\t<section class=\"elementor-section elementor-top-section elementor-element elementor-element-1abbcee elementor-section-boxed elementor-section-height-default elementor-section-height-default\" data-id=\"1abbcee\" data-element_type=\"section\" data-e-type=\"section\">\n\t\t\t\t\t\t<div class=\"elementor-container elementor-column-gap-default\">\n\t\t\t\t\t<div class=\"elementor-column elementor-col-100 elementor-top-column elementor-element elementor-element-9043a6f\" data-id=\"9043a6f\" data-element_type=\"column\" data-e-type=\"column\">\n\t\t\t<div class=\"elementor-widget-wrap elementor-element-populated\">\n\t\t\t\t\t\t<div class=\"elementor-element elementor-element-98c3acf elementor-widget elementor-widget-text-editor\" data-id=\"98c3acf\" data-element_type=\"widget\" data-e-type=\"widget\" data-widget_type=\"text-editor.default\">\n\t\t\t\t<div class=\"elementor-widget-container\">\n\t\t\t\t\t\t\t\t\t<p>los <a href=\"https:\/\/mythslegendes.com\/es\/\">mitolog\u00eda<\/a> Palaita describe los mitos, <a href=\"https:\/\/mythslegendes.com\/es\/\">leyendas<\/a> y religi\u00f3n del pueblo Palaite (Pala en ingl\u00e9s).<\/p><p><img decoding=\"async\" class=\"alignnone wp-image-9347 size-full\" src=\"http:\/\/mythslegendes.com\/wp-content\/uploads\/2020\/09\/cropped-AlphaOmega-e1602613368367.png\" alt=\"mitolog\u00eda palaitana\" width=\"25\" height=\"25\" title=\"\"><\/p><p>Pala era un pa\u00eds de la Edad del Bronce en el norte de Anatolia. Nada m\u00e1s se sabe de Pala que su lengua materna, que es la lengua palaica (palaumnili), y su religi\u00f3n de origen. La \u00fanica persona conocida de ascendencia palaica es una sacerdotisa ritual Anna.<\/p><p>El pa\u00eds de Pala se puede ubicar en la regi\u00f3n del Mar Negro. Hay dos posibilidades donde Pala podr\u00eda haber estado en esta regi\u00f3n. La primera posibilidad es el pa\u00eds conocido como Paflagonia en la antig\u00fcedad cl\u00e1sica. La segunda posibilidad es el territorio llamado Blaene en la antig\u00fcedad (ubicado en Paflagonia).<\/p>\t\t\t\t\t\t\t\t<\/div>\n\t\t\t\t<\/div>\n\t\t\t\t\t<\/div>\n\t\t<\/div>\n\t\t\t\t\t<\/div>\n\t\t<\/section>\n\t\t\t\t<section class=\"elementor-section elementor-top-section elementor-element elementor-element-dff1129 elementor-section-boxed elementor-section-height-default elementor-section-height-default\" data-id=\"dff1129\" data-element_type=\"section\" data-e-type=\"section\">\n\t\t\t\t\t\t<div class=\"elementor-container elementor-column-gap-default\">\n\t\t\t\t\t<div class=\"elementor-column elementor-col-100 elementor-top-column elementor-element elementor-element-59bfab1\" data-id=\"59bfab1\" data-element_type=\"column\" data-e-type=\"column\">\n\t\t\t<div class=\"elementor-widget-wrap elementor-element-populated\">\n\t\t\t\t\t\t<div class=\"elementor-element elementor-element-b5137fb elementor-widget elementor-widget-heading\" data-id=\"b5137fb\" data-element_type=\"widget\" data-e-type=\"widget\" data-widget_type=\"heading.default\">\n\t\t\t\t<div class=\"elementor-widget-container\">\n\t\t\t\t\t<h2 class=\"elementor-heading-title elementor-size-default\"><span class=\"ez-toc-section\" id=\"Mythologie-Palaite-textes\"><\/span>Mitolog\u00eda palaitana (textos)<span class=\"ez-toc-section-end\"><\/span><\/h2>\t\t\t\t<\/div>\n\t\t\t\t<\/div>\n\t\t\t\t\t<\/div>\n\t\t<\/div>\n\t\t\t\t\t<\/div>\n\t\t<\/section>\n\t\t\t\t<section class=\"elementor-section elementor-top-section elementor-element elementor-element-eae6543 elementor-section-boxed elementor-section-height-default elementor-section-height-default\" data-id=\"eae6543\" data-element_type=\"section\" data-e-type=\"section\">\n\t\t\t\t\t\t<div class=\"elementor-container elementor-column-gap-default\">\n\t\t\t\t\t<div class=\"elementor-column elementor-col-100 elementor-top-column elementor-element elementor-element-e5942d7\" data-id=\"e5942d7\" data-element_type=\"column\" data-e-type=\"column\">\n\t\t\t<div class=\"elementor-widget-wrap elementor-element-populated\">\n\t\t\t\t\t\t<div class=\"elementor-element elementor-element-622a595 elementor-widget elementor-widget-text-editor\" data-id=\"622a595\" data-element_type=\"widget\" data-e-type=\"widget\" data-widget_type=\"text-editor.default\">\n\t\t\t\t<div class=\"elementor-widget-container\">\n\t\t\t\t\t\t\t\t\t<p>En el antiguo periodo <a href=\"https:\/\/mythslegendes.com\/es\/mitologia-hitita-798\/\">hitita<\/a>, Pala fue mencionado como un \u00e1rea administrativa bajo jurisdicci\u00f3n hitita en las leyes <a href=\"https:\/\/mythslegendes.com\/es\/mitologia-hitita-798\/\">hititas<\/a>. Al final del antiguo per\u00edodo hitita, el contacto entre los hititas y Pala ces\u00f3 debido a la captura de la regi\u00f3n del Mar Negro por parte del pueblo kaskiano. Es probable que los pueblos palaicos desaparecieran con la invasi\u00f3n de Kaskan.<\/p><p>La mitolog\u00eda palaica se conoce a partir de textos rituales cuneiformes del templo del dios de la tormenta palaico en la capital hitita, \u1e2aattu\u0161a, donde la adoraci\u00f3n de las deidades palaicas continu\u00f3 incluso cuando el contacto entre los hititas y Pala se hab\u00eda extinguido. Se conocen las siguientes deidades:<\/p><table class=\"wikitable\"><tbody><tr><th>apellido<\/th><th>G\u00e9nero<\/th><th>Identificaci\u00f3n<\/th><th>Otros nombres<\/th><\/tr><tr><td>ziparwa<\/td><td>dios<\/td><td>Dios mayor, dios del rayo<\/td><td>Zaparwa, nombre Hatti<\/td><\/tr><tr><td>Kata\u1e2bzipuri<\/td><td>diosa<\/td><td>esposa de Zaparwa<\/td><td>Kata\u1e2bziwuri, nombre Hatti<\/td><\/tr><tr><td>Tiyaz<\/td><td>dios<\/td><td>Dios del sol<\/td><td>Tiad<\/td><\/tr><tr><td>Gulzannikes<\/td><td>diosa<\/td><td>diosa del destino<\/td><td>Gulzikannikes<\/td><\/tr><tr><td>\u1e2aa\u0161amili<\/td><td>dios<\/td><td>\u1e2aa\u0161ammili, nombre Hatti &gt;<\/td><\/tr><tr><td>inar<\/td><td>diosa<\/td><td>\u00a0<\/td><td>\u00a0<\/td><\/tr><tr><td>Kamama<\/td><td>dios<\/td><td>\u00a0<\/td><td>Kammamma<\/td><\/tr><tr><td>Hogar<\/td><td>divinidad<\/td><td>deidad del hogar<\/td><td>\u00a0<\/td><\/tr><tr><td>\u0160au\u0161\u1e2balla<\/td><td>divinidad<\/td><td>\u00a0<\/td><td>\u0160au\u0161\u1e2billa<\/td><\/tr><tr><td>hilanzipa<\/td><td>divinidad<\/td><td>\u00a0<\/td><td>\u1e2aila\u0161\u0161i<\/td><\/tr><tr><td>\u1e2aa\u0161auwanza<\/td><td>divinidad<\/td><td>\u00a0<\/td><td>\u00a0<\/td><\/tr><tr><td>Assanuwant<\/td><td>divinidad<\/td><td>\u00a0<\/td><td>\u00a0<\/td><\/tr><tr><td>Ilaliyantike\u0161<\/td><td>deidades<\/td><td>\u00a0<\/td><td>Ilaliyant<\/td><\/tr><tr><td>kuwanses<\/td><td>deidades<\/td><td>\u00a0<\/td><td>\u00a0<\/td><\/tr><tr><td>Uliliyantikes<\/td><td>deidades<\/td><td>\u00a0<\/td><td>\u00a0<\/td><\/tr><\/tbody><\/table>\t\t\t\t\t\t\t\t<\/div>\n\t\t\t\t<\/div>\n\t\t\t\t\t<\/div>\n\t\t<\/div>\n\t\t\t\t\t<\/div>\n\t\t<\/section>\n\t\t\t\t<section class=\"elementor-section elementor-top-section elementor-element elementor-element-044728f elementor-section-boxed elementor-section-height-default elementor-section-height-default\" data-id=\"044728f\" data-element_type=\"section\" data-e-type=\"section\">\n\t\t\t\t\t\t<div class=\"elementor-container elementor-column-gap-default\">\n\t\t\t\t\t<div class=\"elementor-column elementor-col-100 elementor-top-column elementor-element elementor-element-402a079\" data-id=\"402a079\" data-element_type=\"column\" data-e-type=\"column\">\n\t\t\t<div class=\"elementor-widget-wrap elementor-element-populated\">\n\t\t\t\t\t\t<div class=\"elementor-element elementor-element-ee7b7b9 elementor-widget elementor-widget-text-editor\" data-id=\"ee7b7b9\" data-element_type=\"widget\" data-e-type=\"widget\" data-widget_type=\"text-editor.default\">\n\t\t\t\t<div class=\"elementor-widget-container\">\n\t\t\t\t\t\t\t\t\t<section class=\"elementor-section elementor-top-section elementor-element elementor-element-867e9dd elementor-section-boxed elementor-section-height-default elementor-section-height-default\" data-id=\"867e9dd\" data-element_type=\"section\"><div class=\"elementor-container elementor-column-gap-default\"><div class=\"elementor-row\"><div class=\"elementor-column elementor-col-100 elementor-top-column elementor-element elementor-element-7296315\" data-id=\"7296315\" data-element_type=\"column\"><div class=\"elementor-column-wrap elementor-element-populated\"><div class=\"elementor-widget-wrap\"><div class=\"elementor-element elementor-element-523c369 elementor-widget elementor-widget-heading\" data-id=\"523c369\" data-element_type=\"widget\" data-widget_type=\"heading.default\"><div class=\"elementor-widget-container\"><h2 class=\"elementor-heading-title elementor-size-default\"><span class=\"ez-toc-section\" id=\"Livres-sur-la-mythologie-Anatolie\"><\/span>Libros sobre la mitolog\u00eda de Anatolia<span class=\"ez-toc-section-end\"><\/span><\/h2><\/div><\/div><\/div><\/div><\/div><\/div><\/div><\/section><section class=\"elementor-section elementor-top-section elementor-element elementor-element-594fe5b elementor-section-boxed elementor-section-height-default elementor-section-height-default\" data-id=\"594fe5b\" data-element_type=\"section\"><div class=\"elementor-container elementor-column-gap-default\"><div class=\"elementor-row\"><div class=\"elementor-column elementor-col-100 elementor-top-column elementor-element elementor-element-f6d980f\" data-id=\"f6d980f\" data-element_type=\"column\"><div class=\"elementor-column-wrap elementor-element-populated\"><div class=\"elementor-widget-wrap\"><div class=\"elementor-element elementor-element-d2600f9 elementor-widget elementor-widget-text-editor\" data-id=\"d2600f9\" data-element_type=\"widget\" data-widget_type=\"text-editor.default\"><div class=\"elementor-widget-container\"><div class=\"elementor-text-editor elementor-clearfix\"><p>C\u00f3mics \/ Ilustrados:<\/p><p>En franc\u00e9s :<\/p><ul><li><a href=\"https:\/\/www.amazon.fr\/Contes-dAsie-mineure-Anonyme\/dp\/2742731598?&amp;linkCode=ll1&amp;tag=mythscience-21&amp;linkId=583c0173811388389266a1e78c486c23&amp;language=fr_FR&amp;ref_=as_li_ss_tl\" target=\"_blank\" rel=\"noopener\">Cuentos de Asia Menor<\/a><\/li><li><a href=\"https:\/\/www.amazon.fr\/Hittites-2e-%C3%A9d-Klock-Fontanille-Isabelle\/dp\/2130565336?&amp;linkCode=sl1&amp;tag=mythscience-21&amp;linkId=934a55f59a45cca20c5c3be87a574f73&amp;language=fr_FR&amp;ref_=as_li_ss_tl\" target=\"_blank\" rel=\"noopener\">los hititas<\/a><\/li><li><a href=\"https:\/\/www.amazon.fr\/Nos-anc%C3%AAtres-Thraces-Tchavdar-Marinov\/dp\/2343081514?&amp;linkCode=sl1&amp;tag=mythscience-21&amp;linkId=6b6235fdade2c883b58615c5fa025b3b&amp;language=fr_FR&amp;ref_=as_li_ss_tl\" target=\"_blank\" rel=\"noopener\">Nuestros antepasados los tracios: usos ideol\u00f3gicos de la antig\u00fcedad en el sureste de Europa<\/a><\/li><\/ul><p>Solo en ingles:<\/p><ul><li><a href=\"https:\/\/www.amazon.fr\/Phrygia-History-Ancient-Phrygian-Anatolia\/dp\/1547168773?&amp;linkCode=sl1&amp;tag=mythscience-21&amp;linkId=f70f7ff6ab655edf55c884a379a3dc84&amp;language=fr_FR&amp;ref_=as_li_ss_tl\" target=\"_blank\" rel=\"noopener\">Frigia: la historia y el legado de los antiguos frigios<\/a><\/li><li><a href=\"https:\/\/www.amazon.fr\/Ancient-Middle-East-Captivating-Civilizations\/dp\/1647489679?&amp;linkCode=sl1&amp;tag=mythscience-21&amp;linkId=643a9e2851e44be5508a8ce75ad78156&amp;language=fr_FR&amp;ref_=as_li_ss_tl\" target=\"_blank\" rel=\"noopener\">antiguo medio oriente<\/a><\/li><li><a href=\"https:\/\/www.amazon.fr\/Warriors-Anatolia-Concise-History-Hittites\/dp\/1350140783?&amp;linkCode=sl1&amp;tag=mythscience-21&amp;linkId=6be98ad900bdc4d8eaf01ee7e1b35563&amp;language=fr_FR&amp;ref_=as_li_ss_tl\" target=\"_blank\" rel=\"noopener\">Guerreros de Anatolia<\/a><\/li><li><a href=\"https:\/\/www.amazon.fr\/Ancient-Anatolia-Captivating-Civilizations-Neo-Assyrian\/dp\/1647484359?&amp;linkCode=sl1&amp;tag=mythscience-21&amp;linkId=9f3d90da0067f3edfc99d98494873bcd&amp;language=fr_FR&amp;ref_=as_li_ss_tl\" target=\"_blank\" rel=\"noopener\">Anatolia antigua<\/a><\/li><li><a href=\"https:\/\/www.amazon.fr\/Hittite-Homer-Mary-R-Bachvarova\/dp\/1108994105?&amp;linkCode=sl1&amp;tag=mythscience-21&amp;linkId=02b70ea5c9d95911e4b69426fc9617b8&amp;language=fr_FR&amp;ref_=as_li_ss_tl\" target=\"_blank\" rel=\"noopener\">De los hititas a Homero<\/a><\/li><\/ul><\/div><\/div><\/div><\/div><\/div><\/div><\/div><\/div><\/section>\t\t\t\t\t\t\t\t<\/div>\n\t\t\t\t<\/div>\n\t\t\t\t\t<\/div>\n\t\t<\/div>\n\t\t\t\t\t<\/div>\n\t\t<\/section>\n\t\t\t\t<\/div>","protected":false},"excerpt":{"rendered":"<p>Volver a la biblioteca del grupo cultural Palaite Mythology Wiki La mitolog\u00eda palaite describe los mitos, las leyendas y la religi\u00f3n del pueblo palaite... <\/p>","protected":false},"author":1,"featured_media":0,"parent":0,"menu_order":0,"comment_status":"closed","ping_status":"closed","template":"","meta":{"footnotes":""},"class_list":["post-22729","page","type-page","status-publish","hentry"],"amp_enabled":true,"_links":{"self":[{"href":"https:\/\/mythslegendes.com\/es\/wp-json\/wp\/v2\/pages\/22729","targetHints":{"allow":["GET"]}}],"collection":[{"href":"https:\/\/mythslegendes.com\/es\/wp-json\/wp\/v2\/pages"}],"about":[{"href":"https:\/\/mythslegendes.com\/es\/wp-json\/wp\/v2\/types\/page"}],"author":[{"embeddable":true,"href":"https:\/\/mythslegendes.com\/es\/wp-json\/wp\/v2\/users\/1"}],"replies":[{"embeddable":true,"href":"https:\/\/mythslegendes.com\/es\/wp-json\/wp\/v2\/comments?post=22729"}],"version-history":[{"count":7,"href":"https:\/\/mythslegendes.com\/es\/wp-json\/wp\/v2\/pages\/22729\/revisions"}],"predecessor-version":[{"id":26639,"href":"https:\/\/mythslegendes.com\/es\/wp-json\/wp\/v2\/pages\/22729\/revisions\/26639"}],"wp:attachment":[{"href":"https:\/\/mythslegendes.com\/es\/wp-json\/wp\/v2\/media?parent=22729"}],"curies":[{"name":"wp","href":"https:\/\/api.w.org\/{rel}","templated":true}]}}