{"id":2273,"date":"2020-07-10T14:35:29","date_gmt":"2020-07-10T13:35:29","guid":{"rendered":"https:\/\/mythslegendes.com\/?page_id=2273"},"modified":"2022-12-03T22:07:07","modified_gmt":"2022-12-03T22:07:07","slug":"le-miracle-de-santarem","status":"publish","type":"page","link":"https:\/\/mythslegendes.com\/es\/mitologia-iberica\/el-milagro-de-santarem\/","title":{"rendered":"El milagro de Santarem"},"content":{"rendered":"<div data-elementor-type=\"wp-page\" data-elementor-id=\"2273\" class=\"elementor elementor-2273\">\n\t\t\t\t\t\t<section class=\"elementor-section elementor-top-section elementor-element elementor-element-3b5537e elementor-section-boxed elementor-section-height-default elementor-section-height-default\" data-id=\"3b5537e\" data-element_type=\"section\" data-e-type=\"section\">\n\t\t\t\t\t\t<div class=\"elementor-container elementor-column-gap-default\">\n\t\t\t\t\t<div class=\"elementor-column elementor-col-50 elementor-top-column elementor-element elementor-element-1cb180c\" data-id=\"1cb180c\" data-element_type=\"column\" data-e-type=\"column\">\n\t\t\t<div class=\"elementor-widget-wrap elementor-element-populated\">\n\t\t\t\t\t\t<div class=\"elementor-element elementor-element-bbda654 elementor-align-justify elementor-widget elementor-widget-button\" data-id=\"bbda654\" data-element_type=\"widget\" data-e-type=\"widget\" data-widget_type=\"button.default\">\n\t\t\t\t<div class=\"elementor-widget-container\">\n\t\t\t\t\t\t\t\t\t<div class=\"elementor-button-wrapper\">\n\t\t\t\t\t<a class=\"elementor-button elementor-button-link elementor-size-sm\" href=\"https:\/\/mythslegendes.com\/es\/mitologia-iberica\/\">\n\t\t\t\t\t\t<span class=\"elementor-button-content-wrapper\">\n\t\t\t\t\t\t\t\t\t<span class=\"elementor-button-text\">Mitolog\u00eda ib\u00e9rica<\/span>\n\t\t\t\t\t<\/span>\n\t\t\t\t\t<\/a>\n\t\t\t\t<\/div>\n\t\t\t\t\t\t\t\t<\/div>\n\t\t\t\t<\/div>\n\t\t\t\t\t<\/div>\n\t\t<\/div>\n\t\t\t\t<div class=\"elementor-column elementor-col-50 elementor-top-column elementor-element elementor-element-6b12cff\" data-id=\"6b12cff\" data-element_type=\"column\" data-e-type=\"column\">\n\t\t\t<div class=\"elementor-widget-wrap elementor-element-populated\">\n\t\t\t\t\t\t<div class=\"elementor-element elementor-element-bd523d9 elementor-align-justify elementor-widget elementor-widget-button\" data-id=\"bd523d9\" data-element_type=\"widget\" data-e-type=\"widget\" data-widget_type=\"button.default\">\n\t\t\t\t<div class=\"elementor-widget-container\">\n\t\t\t\t\t\t\t\t\t<div class=\"elementor-button-wrapper\">\n\t\t\t\t\t<a class=\"elementor-button elementor-button-link elementor-size-sm\" href=\"https:\/\/en.wikipedia.org\/wiki\/Spanish_mythology\" target=\"_blank\" rel=\"noopener\">\n\t\t\t\t\t\t<span class=\"elementor-button-content-wrapper\">\n\t\t\t\t\t\t\t\t\t<span class=\"elementor-button-text\">Wiki<\/span>\n\t\t\t\t\t<\/span>\n\t\t\t\t\t<\/a>\n\t\t\t\t<\/div>\n\t\t\t\t\t\t\t\t<\/div>\n\t\t\t\t<\/div>\n\t\t\t\t\t<\/div>\n\t\t<\/div>\n\t\t\t\t\t<\/div>\n\t\t<\/section>\n\t\t\t\t<section class=\"elementor-section elementor-top-section elementor-element elementor-element-48fa7676 elementor-section-boxed elementor-section-height-default elementor-section-height-default\" data-id=\"48fa7676\" data-element_type=\"section\" data-e-type=\"section\">\n\t\t\t\t\t\t<div class=\"elementor-container elementor-column-gap-default\">\n\t\t\t\t\t<div class=\"elementor-column elementor-col-100 elementor-top-column elementor-element elementor-element-789d9de8\" data-id=\"789d9de8\" data-element_type=\"column\" data-e-type=\"column\">\n\t\t\t<div class=\"elementor-widget-wrap elementor-element-populated\">\n\t\t\t\t\t\t<div class=\"elementor-element elementor-element-34d602a7 elementor-widget elementor-widget-text-editor\" data-id=\"34d602a7\" data-element_type=\"widget\" data-e-type=\"widget\" data-widget_type=\"text-editor.default\">\n\t\t\t\t<div class=\"elementor-widget-container\">\n\t\t\t\t\t\t\t\t\t\n<p>Santarem, la principal ciudad de la regi\u00f3n de Ribatejo, es conocida como la capital g\u00f3tica de Portugal, con sus iglesias y conventos que constituyen verdaderas maravillas art\u00edsticas.<\/p>\n<p><img decoding=\"async\" class=\"alignnone wp-image-5284 size-full\" src=\"https:\/\/mythslegendes.com\/wp-content\/uploads\/2020\/09\/AlphaOmega-e1602613368367.png\" alt=\"Milagro de Santar\u00e9m\" width=\"25\" height=\"26\" title=\"\"><\/p>\n<div id=\"ez-toc-container\" class=\"ez-toc-v2_0_82_2 counter-hierarchy ez-toc-counter ez-toc-grey ez-toc-container-direction\">\n<div class=\"ez-toc-title-container\">\n<p class=\"ez-toc-title\" style=\"cursor:inherit\">Contenido<\/p>\n<span class=\"ez-toc-title-toggle\"><a href=\"#\" class=\"ez-toc-pull-right ez-toc-btn ez-toc-btn-xs ez-toc-btn-default ez-toc-toggle\" aria-label=\"Alternar tabla de contenidos\"><span class=\"ez-toc-js-icon-con\"><span class=\"\"><span class=\"eztoc-hide\" style=\"display:none;\">Palanca<\/span><span class=\"ez-toc-icon-toggle-span\"><svg style=\"fill: #999;color:#999\" xmlns=\"http:\/\/www.w3.org\/2000\/svg\" class=\"list-377408\" width=\"20px\" height=\"20px\" viewbox=\"0 0 24 24\" fill=\"none\"><path d=\"M6 6H4v2h2V6zm14 0H8v2h12V6zM4 11h2v2H4v-2zm16 0H8v2h12v-2zM4 16h2v2H4v-2zm16 0H8v2h12v-2z\" fill=\"currentColor\"><\/path><\/svg><svg style=\"fill: #999;color:#999\" class=\"arrow-unsorted-368013\" xmlns=\"http:\/\/www.w3.org\/2000\/svg\" width=\"10px\" height=\"10px\" viewbox=\"0 0 24 24\" version=\"1.2\" baseprofile=\"tiny\"><path d=\"M18.2 9.3l-6.2-6.3-6.2 6.3c-.2.2-.3.4-.3.7s.1.5.3.7c.2.2.4.3.7.3h11c.3 0 .5-.1.7-.3.2-.2.3-.5.3-.7s-.1-.5-.3-.7zM5.8 14.7l6.2 6.3 6.2-6.3c.2-.2.3-.5.3-.7s-.1-.5-.3-.7c-.2-.2-.4-.3-.7-.3h-11c-.3 0-.5.1-.7.3-.2.2-.3.5-.3.7s.1.5.3.7z\"\/><\/svg><\/span><\/span><\/span><\/a><\/span><\/div>\n<nav><ul class='ez-toc-list ez-toc-list-level-1' ><li class='ez-toc-page-1 ez-toc-heading-level-2'><a class=\"ez-toc-link ez-toc-heading-1\" href=\"https:\/\/mythslegendes.com\/es\/mitologia-iberica\/el-milagro-de-santarem\/#Miracle-de-Santarem\" >Milagro de Santar\u00e9m<\/a><\/li><\/ul><\/nav><\/div>\n<h2><span class=\"ez-toc-section\" id=\"Miracle-de-Santarem\"><\/span>Milagro de Santar\u00e9m<span class=\"ez-toc-section-end\"><\/span><\/h2>\n\n<p>Una de sus iglesias, la de Saint Etienne, tambi\u00e9n es conocida como la iglesia del milagro, porque alberga la reliquia de un prodigio eucar\u00edstico ocurrido en 1247.<\/p>\n\n<p>Este acontecimiento, que algunos sit\u00faan en 1266, es similar en muchos aspectos al de Alatri.<\/p>\n\n<p>Una pobre mujer, exasperada al verse continuamente enga\u00f1ada por su marido, llam\u00f3 a una bruja para reconquistarlo.<\/p>\n\n<p>La bruja respondi\u00f3 que se necesitaba un hechizo poderoso. Pero la mujer dijo que estaba dispuesta a todo.<\/p>\n\n<p>La bruja a\u00f1adi\u00f3 que para preparar un hechizo eficaz necesitaba una hostia consagrada.<\/p>\n\n<p>La mujer qued\u00f3 perpleja, pero estaba tan desdichada que en cierto momento se resign\u00f3 a realizar este gesto sacr\u00edlego.<\/p>\n\n<p>Fue a comulgar a la iglesia de Saint Etienne, luego escondi\u00f3 la hostia en un velo y se la llev\u00f3 a la bruja.<\/p>\n\n<p>Ahora, en el camino, empezaron a caer gotas de sangre del velo que conten\u00eda la hostia consagrada.<\/p>\n\n<p>La mujer no se dio cuenta, pero otras personas la detuvieron, preocupadas de que estuviera perdiendo sangre.<\/p>\n\n<p>La mujer entonces se dio cuenta de que proced\u00eda del velo que envolv\u00eda la hostia.<\/p>\n\n<p>Ella estaba asustada y, por temor a que descubrieran su fechor\u00eda, corri\u00f3 a su casa en lugar de ir a la casa de la bruja.<\/p>\n\n<p>Su marido estaba en el trabajo y la mujer escondi\u00f3 el velo con la hostia en una caja de madera.<\/p>\n\n<p>Por la noche lleg\u00f3 su marido a casa y, como siempre, estaba nervioso y malhumorado.<\/p>\n\n<p>Durante la noche, la pareja fue despierta por ruidos misteriosos y una extra\u00f1a luz proveniente de la caja de madera donde la mujer hab\u00eda escondido la hostia.<\/p>\n\n<p>La luz era tan intensa que ilumin\u00f3 toda la habitaci\u00f3n.<\/p>\n\n<p>Entonces la mujer, molesta, confes\u00f3 lo que hab\u00eda hecho.<\/p>\n\n<p>El hombre se levant\u00f3, fue a abrir la caja y not\u00f3 que esa luz efectivamente proven\u00eda de la hostia envuelta en el velo.<\/p>\n\n<p>\u00c9l se conmovi\u00f3 y, con su esposa, se arrodill\u00f3 ante el prodigio, permaneciendo en adoraci\u00f3n durante mucho tiempo.<\/p>\n\n<p>Temprano en la ma\u00f1ana fue a avisar al sacerdote, quien tambi\u00e9n vino a ver esta luz maravillosa.<\/p>\n\n<p>Los vecinos tambi\u00e9n acudieron corriendo y presenciaron el milagro.<\/p>\n\n<p>El sacerdote llev\u00f3 la hostia luminosa al interior de la iglesia.<\/p>\n\n<p>Este regreso se produjo en gran procesi\u00f3n y solemnidad, y con la ayuda de una gran multitud, porque el acontecimiento hab\u00eda conmovido y asombrado a todos.<\/p>\n\n<p>La hostia fue colocada en una caja de cera y colocada en el tabern\u00e1culo.<\/p>\n\n<p>Pero al d\u00eda siguiente, cuando el sacerdote fue a comprobar, encontr\u00f3 la caja reducida a pedazos, mientras que la hostia estaba dentro de una ampolla de vidrio con un pico tan estrecho que no podr\u00eda haber sido contenida de ninguna manera entera.<\/p>\n\n<p>Y, sin embargo, all\u00ed estaba, perfectamente intacta.<\/p>\n\n<p>Como se ha podido comprobar, este fin\u00edsimo envase de vidrio, soplado, fue creado para el anfitri\u00f3n.<\/p>\n\t\t\t\t\t\t\t\t<\/div>\n\t\t\t\t<\/div>\n\t\t\t\t\t<\/div>\n\t\t<\/div>\n\t\t\t\t\t<\/div>\n\t\t<\/section>\n\t\t\t\t<\/div>","protected":false},"excerpt":{"rendered":"<p>Mythologie Ib\u00e9rique Wiki Santarem, principale ville de la r\u00e9gion de Ribatejo, est connue pour \u00eatre la capitale gothique du Portugal, &hellip; <\/p>","protected":false},"author":1,"featured_media":0,"parent":2187,"menu_order":0,"comment_status":"closed","ping_status":"closed","template":"","meta":{"footnotes":""},"class_list":["post-2273","page","type-page","status-publish","hentry"],"amp_enabled":true,"_links":{"self":[{"href":"https:\/\/mythslegendes.com\/es\/wp-json\/wp\/v2\/pages\/2273","targetHints":{"allow":["GET"]}}],"collection":[{"href":"https:\/\/mythslegendes.com\/es\/wp-json\/wp\/v2\/pages"}],"about":[{"href":"https:\/\/mythslegendes.com\/es\/wp-json\/wp\/v2\/types\/page"}],"author":[{"embeddable":true,"href":"https:\/\/mythslegendes.com\/es\/wp-json\/wp\/v2\/users\/1"}],"replies":[{"embeddable":true,"href":"https:\/\/mythslegendes.com\/es\/wp-json\/wp\/v2\/comments?post=2273"}],"version-history":[{"count":1,"href":"https:\/\/mythslegendes.com\/es\/wp-json\/wp\/v2\/pages\/2273\/revisions"}],"predecessor-version":[{"id":24757,"href":"https:\/\/mythslegendes.com\/es\/wp-json\/wp\/v2\/pages\/2273\/revisions\/24757"}],"up":[{"embeddable":true,"href":"https:\/\/mythslegendes.com\/es\/wp-json\/wp\/v2\/pages\/2187"}],"wp:attachment":[{"href":"https:\/\/mythslegendes.com\/es\/wp-json\/wp\/v2\/media?parent=2273"}],"curies":[{"name":"wp","href":"https:\/\/api.w.org\/{rel}","templated":true}]}}