{"id":2276,"date":"2020-07-10T14:46:36","date_gmt":"2020-07-10T13:46:36","guid":{"rendered":"https:\/\/mythslegendes.com\/?page_id=2276"},"modified":"2022-12-03T22:07:07","modified_gmt":"2022-12-03T22:07:07","slug":"la-magie-dalmourol","status":"publish","type":"page","link":"https:\/\/mythslegendes.com\/es\/mitologia-iberica\/el-dalmourol-magico\/","title":{"rendered":"La magia de Almourol"},"content":{"rendered":"<div data-elementor-type=\"wp-page\" data-elementor-id=\"2276\" class=\"elementor elementor-2276\">\n\t\t\t\t\t\t<section class=\"elementor-section elementor-top-section elementor-element elementor-element-cb4ebf7 elementor-section-boxed elementor-section-height-default elementor-section-height-default\" data-id=\"cb4ebf7\" data-element_type=\"section\" data-e-type=\"section\">\n\t\t\t\t\t\t<div class=\"elementor-container elementor-column-gap-default\">\n\t\t\t\t\t<div class=\"elementor-column elementor-col-50 elementor-top-column elementor-element elementor-element-1849256\" data-id=\"1849256\" data-element_type=\"column\" data-e-type=\"column\">\n\t\t\t<div class=\"elementor-widget-wrap elementor-element-populated\">\n\t\t\t\t\t\t<div class=\"elementor-element elementor-element-ee0dc71 elementor-align-justify elementor-widget elementor-widget-button\" data-id=\"ee0dc71\" data-element_type=\"widget\" data-e-type=\"widget\" data-widget_type=\"button.default\">\n\t\t\t\t<div class=\"elementor-widget-container\">\n\t\t\t\t\t\t\t\t\t<div class=\"elementor-button-wrapper\">\n\t\t\t\t\t<a class=\"elementor-button elementor-button-link elementor-size-sm\" href=\"https:\/\/mythslegendes.com\/es\/mitologia-iberica\/\">\n\t\t\t\t\t\t<span class=\"elementor-button-content-wrapper\">\n\t\t\t\t\t\t\t\t\t<span class=\"elementor-button-text\">Mitolog\u00eda ib\u00e9rica<\/span>\n\t\t\t\t\t<\/span>\n\t\t\t\t\t<\/a>\n\t\t\t\t<\/div>\n\t\t\t\t\t\t\t\t<\/div>\n\t\t\t\t<\/div>\n\t\t\t\t\t<\/div>\n\t\t<\/div>\n\t\t\t\t<div class=\"elementor-column elementor-col-50 elementor-top-column elementor-element elementor-element-a22eb32\" data-id=\"a22eb32\" data-element_type=\"column\" data-e-type=\"column\">\n\t\t\t<div class=\"elementor-widget-wrap elementor-element-populated\">\n\t\t\t\t\t\t<div class=\"elementor-element elementor-element-3c2995a elementor-align-justify elementor-widget elementor-widget-button\" data-id=\"3c2995a\" data-element_type=\"widget\" data-e-type=\"widget\" data-widget_type=\"button.default\">\n\t\t\t\t<div class=\"elementor-widget-container\">\n\t\t\t\t\t\t\t\t\t<div class=\"elementor-button-wrapper\">\n\t\t\t\t\t<a class=\"elementor-button elementor-button-link elementor-size-sm\" href=\"https:\/\/en.wikipedia.org\/wiki\/Spanish_mythology\" target=\"_blank\" rel=\"noopener\">\n\t\t\t\t\t\t<span class=\"elementor-button-content-wrapper\">\n\t\t\t\t\t\t\t\t\t<span class=\"elementor-button-text\">Wiki<\/span>\n\t\t\t\t\t<\/span>\n\t\t\t\t\t<\/a>\n\t\t\t\t<\/div>\n\t\t\t\t\t\t\t\t<\/div>\n\t\t\t\t<\/div>\n\t\t\t\t\t<\/div>\n\t\t<\/div>\n\t\t\t\t\t<\/div>\n\t\t<\/section>\n\t\t\t\t<section class=\"elementor-section elementor-top-section elementor-element elementor-element-345195d6 elementor-section-boxed elementor-section-height-default elementor-section-height-default\" data-id=\"345195d6\" data-element_type=\"section\" data-e-type=\"section\">\n\t\t\t\t\t\t<div class=\"elementor-container elementor-column-gap-default\">\n\t\t\t\t\t<div class=\"elementor-column elementor-col-100 elementor-top-column elementor-element elementor-element-36a5949a\" data-id=\"36a5949a\" data-element_type=\"column\" data-e-type=\"column\">\n\t\t\t<div class=\"elementor-widget-wrap elementor-element-populated\">\n\t\t\t\t\t\t<div class=\"elementor-element elementor-element-2065d532 elementor-widget elementor-widget-text-editor\" data-id=\"2065d532\" data-element_type=\"widget\" data-e-type=\"widget\" data-widget_type=\"text-editor.default\">\n\t\t\t\t<div class=\"elementor-widget-container\">\n\t\t\t\t\t\t\t\t\t<p><\/p>\n<p>Una joven que viv\u00eda en un pueblo ubicado en los alrededores del castillo de Almourol admir\u00f3 el peque\u00f1o castillo de Almourol, y vio en esta peque\u00f1a joya perdida en medio del Tajo, algo inexplicable favoreciendo la suerte.<\/p>\n<p><img decoding=\"async\" class=\"alignnone wp-image-5284 size-full\" src=\"https:\/\/mythslegendes.com\/wp-content\/uploads\/2020\/09\/AlphaOmega-e1602613368367.png\" alt=\"La magia de Almourol\" width=\"25\" height=\"26\" title=\"\"><\/p>\n<div id=\"ez-toc-container\" class=\"ez-toc-v2_0_82_2 counter-hierarchy ez-toc-counter ez-toc-grey ez-toc-container-direction\">\n<div class=\"ez-toc-title-container\">\n<p class=\"ez-toc-title\" style=\"cursor:inherit\">Contenido<\/p>\n<span class=\"ez-toc-title-toggle\"><a href=\"#\" class=\"ez-toc-pull-right ez-toc-btn ez-toc-btn-xs ez-toc-btn-default ez-toc-toggle\" aria-label=\"Alternar tabla de contenidos\"><span class=\"ez-toc-js-icon-con\"><span class=\"\"><span class=\"eztoc-hide\" style=\"display:none;\">Palanca<\/span><span class=\"ez-toc-icon-toggle-span\"><svg style=\"fill: #999;color:#999\" xmlns=\"http:\/\/www.w3.org\/2000\/svg\" class=\"list-377408\" width=\"20px\" height=\"20px\" viewbox=\"0 0 24 24\" fill=\"none\"><path d=\"M6 6H4v2h2V6zm14 0H8v2h12V6zM4 11h2v2H4v-2zm16 0H8v2h12v-2zM4 16h2v2H4v-2zm16 0H8v2h12v-2z\" fill=\"currentColor\"><\/path><\/svg><svg style=\"fill: #999;color:#999\" class=\"arrow-unsorted-368013\" xmlns=\"http:\/\/www.w3.org\/2000\/svg\" width=\"10px\" height=\"10px\" viewbox=\"0 0 24 24\" version=\"1.2\" baseprofile=\"tiny\"><path d=\"M18.2 9.3l-6.2-6.3-6.2 6.3c-.2.2-.3.4-.3.7s.1.5.3.7c.2.2.4.3.7.3h11c.3 0 .5-.1.7-.3.2-.2.3-.5.3-.7s-.1-.5-.3-.7zM5.8 14.7l6.2 6.3 6.2-6.3c.2-.2.3-.5.3-.7s-.1-.5-.3-.7c-.2-.2-.4-.3-.7-.3h-11c-.3 0-.5.1-.7.3-.2.2-.3.5-.3.7s.1.5.3.7z\"\/><\/svg><\/span><\/span><\/span><\/a><\/span><\/div>\n<nav><ul class='ez-toc-list ez-toc-list-level-1' ><li class='ez-toc-page-1 ez-toc-heading-level-2'><a class=\"ez-toc-link ez-toc-heading-1\" href=\"https:\/\/mythslegendes.com\/es\/mitologia-iberica\/el-dalmourol-magico\/#La-magie-dAlmourol\" >La magia de Almourol<\/a><\/li><\/ul><\/nav><\/div>\n<h2><span class=\"ez-toc-section\" id=\"La-magie-dAlmourol\"><\/span>La magia de Almourol<span class=\"ez-toc-section-end\"><\/span><\/h2>\n<p><\/p>\n<p>En muchas ocasiones, de hecho, hab\u00eda notado que al dirigirse primero a las orillas del Tajo para contemplar el castillo durante unos minutos mientras pensaba en un deseo, sus deseos luego parec\u00edan favorecidos y en su mayor parte se hac\u00edan realidad en un forma positiva.<\/p>\n<p><\/p>\n<p>Ciertamente no hab\u00eda sido exigente en sus deseos y nunca pidi\u00f3 nada realmente imposible, pero estas peque\u00f1as cosas de la vida cotidiana que quer\u00eda ver evolucionar de manera positiva, salieron bastante bien cuando por primera vez vali\u00f3 la pena ir a contemplar el castillo durante diez a\u00f1os. minutos. Nos aferramos a lo que podemos.<\/p>\n<p><\/p>\n<p>El castillo la fascin\u00f3 hasta el punto de que se dirigi\u00f3 tan pronto como pudo a las orillas del Tajo, y pas\u00f3 largos momentos contemplando la peque\u00f1a joya de piedras que contiene parte de la historia de Portugal.<\/p>\n<p><\/p>\n<hr class=\"wp-block-separator\" \/>\n<p><\/p>\n<p>Una tarde, mientras permanec\u00eda tranquila en una de las orillas del Tajo contemplando a Almourol durante diez minutos, una anciana que parec\u00eda venir de la nada se le acerc\u00f3. Y sin que la joven hubiera podido pronunciar la m\u00e1s m\u00ednima palabra, el reci\u00e9n llegado lanz\u00f3 de repente una frase: &quot;\u00bfPor qu\u00e9 lo quieres con ojos verdes?&quot;<\/p>\n<p><\/p>\n<p>Desconcertada, la joven comprendi\u00f3 de inmediato que la anciana estaba leyendo sus pensamientos, ya que precisamente, mientras miraba en direcci\u00f3n al castillo, estaba imaginando los contornos de su futuro amante, y lo imaginaba con ojos verdes. \u00bfMilagro? \u00bfClarividente?<\/p>\n<p><\/p>\n<p>No, respondi\u00f3 la anciana, cuyos rasgos reflejaban una enorme sabidur\u00eda y eran reconfortantes. No, no soy vista, mi peque\u00f1a. Simplemente hered\u00e9 &quot;la magia de Almourol&quot;. Usted tambi\u00e9n lo heredar\u00e1 alg\u00fan d\u00eda si contin\u00faa vi\u00e9ndolo tanto y con tanta frecuencia. No es malo, pero la magia de Almourol permite ver el futuro, y esto no es necesariamente deseable, porque la magia del conocimiento reduce el sabor de la vida. Es mejor confiar en el azar y el curso normal de las cosas que en la certeza percibida de antemano.<\/p>\n<p><\/p>\n<p>La joven parec\u00eda haber entendido solo la mitad de las palabras de su interlocutor, pero sin embargo hab\u00eda entendido que Almourol pod\u00eda traerle la visi\u00f3n del futuro. Sin embargo, a su edad, \u00bfse lo iba a &quot;tragar&quot;? Sin embargo, se dijo a s\u00ed misma.<\/p>\n<p><\/p>\n<ul class=\"wp-block-list\">\n<li>Si hered\u00e9 la magia de Almourol, \u00bfpodr\u00eda conocer mi futuro? le pregunt\u00f3 a la anciana.<\/li>\n<li>Por supuesto, mi peque\u00f1a. Pero no crea que es una buena idea saberlo todo de antemano.<\/li>\n<li>Sin embargo, lo so\u00f1ar\u00eda, respondi\u00f3 la joven, quien b\u00e1sicamente solo pidi\u00f3 un d\u00eda poseer el poder que le permitiera ver el futuro con tanta claridad como ve el castillo de Almourol en este preciso momento. Qu\u00e9 bendici\u00f3n ser\u00eda ...<\/li>\n<li>Lo dudo. Dijo la anciana, obviamente leyendo mentes. Todos los humanos so\u00f1ar\u00edan con eso. Pero cr\u00e9eme, no busques poseer la magia de Almourol, y prefieres dejar que la vida se lleve a cabo.<\/li>\n<\/ul>\n<p><\/p>\n<p>Bien, agrega de inmediato. Me doy cuenta de que todo lo que te diga buscar\u00e1s adquirir su magia y lo har\u00e1s como mejor te parezca. Veo que tu mayor deseo ahora es saber si alg\u00fan d\u00eda tendr\u00e1s un amante, uno de verdad, y \u00bfc\u00f3mo ser\u00e1? Est\u00e1 bien ? Ella finalmente pregunta.<\/p>\n<p><\/p>\n<ul class=\"wp-block-list\">\n<li>S\u00ed, eso es exactamente lo que responde la joven. B\u00e1sicamente, no me importa el futuro. Pero lo que me gustar\u00eda es solo saber de antemano c\u00f3mo ser\u00e1 mi amante, el hombre que realmente me amar\u00e1 y con quien podr\u00e9 compartir mi vida.<\/li>\n<li>De cualquier manera, respondi\u00f3 la dama ojo por ojo. Y si te permitiera conocer este aspecto de tu futuro, \u00bfprometes rendirte definitivamente para adquirir la magia de Almourol?<\/li>\n<li>\u00a1Prometido de antemano! Dijo la joven, con aire de confianza. La vida es larga y creo que tienes raz\u00f3n en que es mejor no conocer la ruta de antemano. Pero en cuanto a mi futuro amor, eso s\u00ed, realmente so\u00f1ar\u00eda con saberlo.<\/li>\n<li>Muy bien. En este caso, te explicar\u00e9 c\u00f3mo hacerlo y te har\u00e9 saber lo que quieres saber, y eso. Pero dite a ti mismo que por tu propio bien, nunca tendr\u00e1s que traicionar la promesa que me acabas de hacer. A partir de ahora, solo volver\u00e1s a ver el castillo por placer, o para que te traiga suerte, pero nunca para intentar adquirir su magia. \u00bfEst\u00e1 bien prometido?<\/li>\n<li>\u00a1Prometido y prometido de nuevo! La joven responde con aire serio. Nunca he roto una promesa y tengo la intenci\u00f3n de mantener esta l\u00ednea de conducta durante toda mi vida. Y de todos modos puedo confesar que ni siquiera sab\u00eda que Almourol pod\u00eda transmitir la magia permitiendo ver el futuro. Solo lo contemplaba de vez en cuando porque not\u00e9 que tra\u00eda buena suerte cuando vienes a mirarlo.<\/li>\n<li>Perfecto. Responde la anciana. Sepa que es solo por su propio bien que le pido esto. Almourol trae buena suerte cuando lo contemplas, es cierto y probablemente soy el \u00fanico que sabe por qu\u00e9. Pero s\u00e9 por experiencia, sin embargo, que adquirir la propia magia y, por lo tanto, conocer el futuro de antemano, en realidad no aporta nada y no te hace m\u00e1s feliz. Entonces, ya que est\u00e1s de acuerdo, esc\u00fachame con atenci\u00f3n ...<\/li>\n<\/ul>\n<p><\/p>\n<p>Preferiblemente, elija una noche en la que haga buen tiempo, cruce el Tajo y dir\u00edjase a los terrenos del castillo justo antes de que se ponga el sol. Luego entre por la puerta principal, pensando mucho en lo que quiere saber.<\/p>\n<p><\/p>\n<p>Luego sube lentamente hasta la cima de la mazmorra y espera el momento exacto en que se pone el sol. Abre bien los ojos y la verdad saldr\u00e1 a la luz. No me preguntes m\u00e1s porque lo entender\u00e1s por ti mismo.<\/p>\n<p><\/p>\n<hr class=\"wp-block-separator\" \/>\n<p><\/p>\n<p>La joven sigui\u00f3 el consejo de la anciana y se dirigi\u00f3 al castillo unos d\u00edas despu\u00e9s. Ella estaba jubilosa mientras estaba intrigada por lo que podr\u00eda suceder. \u00bfQu\u00e9 ver\u00e1 ella? \u00bfQu\u00e9 le deparar\u00e1 el futuro cercano? Cerca o lejos, por cierto? Como saber ? \u00bfQu\u00e9 aprender\u00eda ella? \u00bfHabr\u00eda una t\u00e9cnica especial para &quot;vislumbrar&quot; lo que est\u00e1 buscando?<\/p>\n<p><\/p>\n<p>Todas estas preguntas le permitieron subir a la cima de la mazmorra sin siquiera darse cuenta. Una vez arriba, comenz\u00f3 a mirar a su alrededor, abriendo mucho los ojos. Pronto caer\u00eda el sol y no se pod\u00eda perder &quot;la verdad&quot;, su verdad, o en todo caso la respuesta que esperaba sobre su futuro amoroso.<\/p>\n<p><\/p>\n<p>El sol se estaba poniendo sobre la inmensidad del Tajo, trayendo al cielo una extravagancia rojiza de impresionante belleza. Parec\u00eda que los Pr\u00edncipes del Infinito se hab\u00edan dado la palabra para construir un escenario irreal esa misma noche. El contexto y el paisaje circundante parec\u00edan imbuidos de magia. Los colores bailaron alrededor de este verde valle del Tajo.<\/p>\n<p><\/p>\n<p>La joven estaba cada vez m\u00e1s febril y esperaba el momento exacto en que el sol se dignar\u00eda a ponerse el pijama. Sus magn\u00edficos ojos hab\u00edan igualado el tono de las nubes, ahora pintadas por los intr\u00e9pidos pinceles de los rayos del sol poniente.<\/p>\n<p><\/p>\n<hr class=\"wp-block-separator\" \/>\n<p><\/p>\n<p>De repente, se siente curiosamente debilitada. Parece que sus piernas ya no pueden sostenerla erguida. Se aferra a las paredes que la rodean para mantenerse erguida. El sol se est\u00e1 desvaneciendo mientras ella parpadea inexplicablemente.<\/p>\n<p><\/p>\n<p>\u00bfQu\u00e9 le est\u00e1 pasando? Este momento de gran debilidad est\u00e1 muy mal elegido, piensa gracias a los recursos de su cerebro que ahora se han vuelto muy fr\u00e1giles. Ella no entiende lo que le est\u00e1 pasando, pero todav\u00eda es consciente de que se est\u00e1 perdiendo el momento crucial, el momento fabuloso en el que la verdad saldr\u00e1 a la luz de qui\u00e9n sabe d\u00f3nde ...<\/p>\n<p><\/p>\n<p>Ahora lucha por mantener los ojos abiertos, pero sus piernas ya no la sostienen. Ella pone una rodilla en el suelo y la segunda no tarda en hacer lo mismo. Su visi\u00f3n se oscurece con los segundos. Ella capitula y se derrumba al suelo, inerte.<\/p>\n<p><\/p>\n<ul class=\"wp-block-list\">\n<li>C\u00f3mo se llama usted ? Qu\u00e9 te ha pasado ?<\/li>\n<\/ul>\n<p><\/p>\n<p>La joven tendida en el suelo abre los ojos lentamente cuando escucha la voz de este hombre susurr\u00e1ndole estas preguntas.<\/p>\n<p><\/p>\n<p>\u00bfQu\u00e9 me est\u00e1 pasando? Ella pregunt\u00f3. Donde estoy ? Quien es usted ?<\/p>\n<p><\/p>\n<ul class=\"wp-block-list\">\n<li>Te encontr\u00e9 all\u00ed, inerte. responde el joven emocionado por el contexto, pero tranquilizado por la condici\u00f3n de la joven, que poco a poco recupera todos los sentidos, hasta el punto que decide levantarse de repente, pero le hace mal. la fuerza a\u00fan no est\u00e1 intacta, se encuentra en los brazos del joven que afortunadamente apenas recibi\u00f3 ayuda.<\/li>\n<\/ul>\n<p><\/p>\n<p>Una carcajada com\u00fan desgarr\u00f3 el cielo y este magn\u00edfico valle verde del Tajo, ahora sumergido casi en la penumbra, ya que el sol se ha ofrecido el lujo de descender.<\/p>\n<p><\/p>\n<p>El joven le explica el motivo de su presencia en Almourol, &quot;finalmente&quot;, dice, &quot;muy \u00fatil dadas las circunstancias&quot;.<\/p>\n<p><\/p>\n<hr class=\"wp-block-separator\" \/>\n<p><\/p>\n<p>Constanza! exclama la joven. Constanza es una palabra que resuena como una sonrisa en mi cabeza. Amo el pueblo de Constance (Constancia). Es un pueblo propicio para el amor. Parece haber plenitud y serenidad. Yo soy de alli. Y a\u00f1ade con una sonrisa, \u201cparece que estoy hablando de un lugar lejano cuando Constancia est\u00e1 a pocos kil\u00f3metros de distancia. Ya no vivo all\u00ed pero nac\u00ed all\u00ed \u201d, dijo la joven.<\/p>\n<p><\/p>\n<p>Es curioso porque yo tambi\u00e9n soy de Constancia. Pero mis padres se fueron cuando yo ten\u00eda diez a\u00f1os, dijo el joven.<\/p>\n<p><\/p>\n<p>Diez a\u00f1os ? \u00bfDejaste Constancia a los diez a\u00f1os? Cuestiona la joven que curiosamente comienza a hablar con su interlocutor.<\/p>\n<p><\/p>\n<p>S\u00ed, diez a\u00f1os. Adem\u00e1s, el d\u00eda exacto de mi d\u00e9cimo cumplea\u00f1os. Responde el joven.<\/p>\n<p><\/p>\n<p>\u00a1Joao! Grita la joven como si acabara de encontrar la respuesta a un acertijo de capital importancia. Eres Joao Alves, termin\u00f3 de decir con certeza en sus ojos, sin sufrir la contradicci\u00f3n.<\/p>\n<p><\/p>\n<p>Han pasado doce a\u00f1os desde que dejaste Constancia, \u00bfno? le pregunta al joven que ahora siente que su rostro se pone gradualmente p\u00e1lido. El color verde brillante de sus ojos contrasta con la repentina palidez de su rostro. Desconcertado, hace una pausa y responde ...<\/p>\n<p><\/p>\n<p>S\u00ed, es eso. Doce a\u00f1os desde que fui a otra ciudad de Portugal, lejos de aqu\u00ed, y\u2026 - despu\u00e9s de tres segundos de silencio contin\u00faa -\u2026 \u00a1Doce a\u00f1os que pienso en ti d\u00eda y noche, Anabela! termin\u00f3 de arrojar, pr\u00e1cticamente l\u00e1grimas en los ojos.<\/p>\n<p><\/p>\n<hr class=\"wp-block-separator\" \/>\n<p><\/p>\n<p>El silencio se ha convertido ahora en el \u00fanico amo a bordo de Almourol, este castillo de repente se vuelve mucho m\u00e1s magn\u00edfico de lo habitual, m\u00e1s precioso que cualquier cosa en el mundo, m\u00e1s m\u00e1gico que la infinidad de la nada y la incertidumbre de la existencia.<\/p>\n<p><\/p>\n<p>La grandiosa lucha contra lo maravilloso en este lugar se transforma en una suntuosa guarida de esplendor. Una sutil fragancia de ternura invade el torre\u00f3n de Almourol y probablemente impregne profundamente la historia enterrada en estas piedras que han logrado resistir el paso del tiempo y preservar los misterios de este castillo decididamente fabuloso.<\/p>\n<p><\/p>\n<p>Almourol se ha vuelto m\u00e1s bella que un poema infantil, esa especie de poema que una ni\u00f1a de nueve a\u00f1os escribe durante una noche entera en la tinta de sus l\u00e1grimas, para ofrec\u00e9rsela a su peque\u00f1o amado el d\u00eda de sus diez a\u00f1os. , el mismo d\u00eda en que se separar\u00e1 de ella probablemente para siempre, siendo obligado a seguir a sus padres a otro lugar que los mantendr\u00e1 alejados para siempre.<\/p>\n<p><\/p>\n<p>Ciertamente, un ni\u00f1o de diez a\u00f1os es un hombre, uno de verdad, uno grande. Sabe, pues, no llorar en este desgarrador momento de despedida, cuando sin tener opci\u00f3n se ve obligado a dejar a su peque\u00f1a prometida, su c\u00f3mplice en los juegos, su confidente desde siempre, con quien juntos le hab\u00edan prometido no. nunca separarse ...<\/p>\n<p><\/p>\n<p>La imprudencia infantil y las utop\u00edas de la inocencia frustradas por injustas restricciones a la vida.<\/p>\n<p><\/p>\n<p>Pero en la c\u00faspide de sus diez a\u00f1os, este gran hombre que logr\u00f3 hacer de adultos el momento de su partida, una vez parti\u00f3 hacia el destino que le dictaba la vida, hab\u00eda dejado de vivir, manteniendo enterrado en \u00e9l este gran amor eterno pero imposible porque de la distancia que los separaba. Cu\u00e1ntas noches y almohadas fueron inundadas silenciosamente por la tristeza que brotaba de los ojos de su hijo ...<\/p>\n<p>Qu\u00e9 sufrimiento en secreto, qu\u00e9 injusticia sent\u00eda ... ser as\u00ed por la fuerza de las cosas separada de esta princesita por la que sent\u00eda sentimientos de una fuerza incre\u00edble - m\u00e1s fuerte que el amor de los grandes, se agradaban - se dec\u00edan unos a otros. otro en ese momento ... \u00e9l y esta peque\u00f1a ni\u00f1a que amaba tanto ...<\/p>\n<p><\/p>\n<p>Esta ni\u00f1a, que por su parte hab\u00eda dejado de vivir el d\u00eda de la partida de su principito, la que pensaba en \u00e9l todos los d\u00edas que Dios hac\u00eda, la que hab\u00eda perdido todo rastro de su c\u00f3mplice de toda la vida, y en la que quedaba una especie de esperanza secreta destinada a perseguirla hasta el final de sus d\u00edas.<\/p>\n<p><\/p>\n<hr class=\"wp-block-separator\" \/>\n<p><\/p>\n<p>Est\u00e1n ah\u00ed, tanto cara a cara como arrodillados en el suelo de esta m\u00e1gica mazmorra de Almourol, cogidos de la mano, los cuerpos temblando, y sin comprender realmente la realidad de este momento que ya no hubieran cre\u00eddo posible ni en sus confusos sue\u00f1os. . Sus miradas brillan con una intensidad m\u00e1s fuerte que la m\u00e1s hermosa de los fuegos artificiales. Una tierna sonrisa los une en una complicidad redescubierta que, evidentemente, el tiempo no ha logrado destruir, y que saben que ser\u00e1 a partir de ahora m\u00e1s intensa que nunca y m\u00e1s bella que lo absoluto.<\/p>\n<p><\/p>\n<p>Las palabras son in\u00fatiles en este momento porque las im\u00e1genes desfilan por todos lados en la cabeza de estos dos pichones desconcertados por el incre\u00edble contexto en el que se ba\u00f1an con deleite. Ahora solo piden a la vida que nunca m\u00e1s los separe.<\/p>\n<p><\/p>\n<p>Una benevolente tranquilidad se cierne sobre Almourol mientras sus labios pronto se encontrar\u00e1n ... Se acercan, se rozan, suavemente ... lentamente ... una degustaci\u00f3n intensa y sutil de un momento que vale mucho m\u00e1s que el oro ...<\/p>\n<p><\/p>\n<p>La magia del castillo no ha faltado a su cita. Almourol es en efecto un amuleto de la suerte, sin duda incluso el s\u00edmbolo de la suerte absoluta. En cualquier caso, nunca nadie podr\u00e1 convencer de lo contrario a los dos j\u00f3venes amantes, que ahora abandonan el islote de Almourol y regresan a la orilla en la peque\u00f1a barca que la joven hab\u00eda tomado para llegar al castillo.<\/p>\n<p><\/p>\n<p>El peque\u00f1o bote se desliza sobre los reflejos a\u00fan visibles del Tajo a pesar del crep\u00fasculo.<\/p>\n<p><\/p>\n<p>A lo lejos, en la orilla opuesta, una sombra parece hacerles una se\u00f1al amistosa, a lo que los dos tortolitos responden en el coraz\u00f3n con un &quot;Gracias&quot; de la boca, qui\u00e9n sabe por qu\u00e9, exactamente al mismo tiempo. . Esta asombrosa reacci\u00f3n, y adem\u00e1s simult\u00e1nea, no parece sorprenderlos. Se produce una carcajada com\u00fan y divertida, que marca el comienzo de un nuevo comienzo, el verdadero, y de una gran y radiante historia de Amor, que, sin duda, ya huele a eternidad.<\/p>\n<p><\/p>\n<p>\u201cSolo podemos creer que tanto la magia de Almourol como esta historia tienen olor a eternidad.<\/p>\n<p><\/p>\n<p>Llevamos quince a\u00f1os viviendo una extraordinaria historia de amor. Y nuestros sentimientos y nuestro v\u00ednculo no solo permanecen intactos, sino que ambos sentimos que aumenta con el tiempo. Es magico.<\/p>\n<p><\/p>\n<p>Vivimos ... \u00bfAdivina d\u00f3nde? En Constancia, a pocos kil\u00f3metros del castillo de Almourol. Tenemos dos hijos, que uno se pregunta por qu\u00e9, han llegado a amar el castillo y adem\u00e1s lo han convertido en su mascota sin ni siquiera conocer nuestra historia, que sin duda les revelaremos alg\u00fan d\u00eda ...<\/p>\n<p><\/p>\n<p>\u2026 Para que sepan que Almourol es m\u00e1gico, pero tambi\u00e9n y sobre todo para que asimilen la idea de que en la vida nada es definitivamente imposible \u201d.<\/p>\n<p><\/p>\t\t\t\t\t\t\t\t<\/div>\n\t\t\t\t<\/div>\n\t\t\t\t\t<\/div>\n\t\t<\/div>\n\t\t\t\t\t<\/div>\n\t\t<\/section>\n\t\t\t\t<\/div>","protected":false},"excerpt":{"rendered":"<p>Mythologie Ib\u00e9rique Wiki Une jeune fille habitant un village situ\u00e9 aux alentours du ch\u00e2teau d&rsquo;Almourol \u00e9tait admirative du petit ch\u00e2teau &hellip; <\/p>","protected":false},"author":1,"featured_media":0,"parent":2187,"menu_order":0,"comment_status":"closed","ping_status":"closed","template":"","meta":{"footnotes":""},"class_list":["post-2276","page","type-page","status-publish","hentry"],"amp_enabled":true,"_links":{"self":[{"href":"https:\/\/mythslegendes.com\/es\/wp-json\/wp\/v2\/pages\/2276","targetHints":{"allow":["GET"]}}],"collection":[{"href":"https:\/\/mythslegendes.com\/es\/wp-json\/wp\/v2\/pages"}],"about":[{"href":"https:\/\/mythslegendes.com\/es\/wp-json\/wp\/v2\/types\/page"}],"author":[{"embeddable":true,"href":"https:\/\/mythslegendes.com\/es\/wp-json\/wp\/v2\/users\/1"}],"replies":[{"embeddable":true,"href":"https:\/\/mythslegendes.com\/es\/wp-json\/wp\/v2\/comments?post=2276"}],"version-history":[{"count":1,"href":"https:\/\/mythslegendes.com\/es\/wp-json\/wp\/v2\/pages\/2276\/revisions"}],"predecessor-version":[{"id":24758,"href":"https:\/\/mythslegendes.com\/es\/wp-json\/wp\/v2\/pages\/2276\/revisions\/24758"}],"up":[{"embeddable":true,"href":"https:\/\/mythslegendes.com\/es\/wp-json\/wp\/v2\/pages\/2187"}],"wp:attachment":[{"href":"https:\/\/mythslegendes.com\/es\/wp-json\/wp\/v2\/media?parent=2276"}],"curies":[{"name":"wp","href":"https:\/\/api.w.org\/{rel}","templated":true}]}}