{"id":2283,"date":"2020-07-10T14:50:15","date_gmt":"2020-07-10T13:50:15","guid":{"rendered":"https:\/\/mythslegendes.com\/?page_id=2283"},"modified":"2022-12-03T22:07:07","modified_gmt":"2022-12-03T22:07:07","slug":"la-soupe-au-caillou","status":"publish","type":"page","link":"https:\/\/mythslegendes.com\/es\/mitologia-iberica\/sopa-de-piedra\/","title":{"rendered":"Sopa de guijarros"},"content":{"rendered":"<div data-elementor-type=\"wp-page\" data-elementor-id=\"2283\" class=\"elementor elementor-2283\">\n\t\t\t\t\t\t<section class=\"elementor-section elementor-top-section elementor-element elementor-element-beddc0c elementor-section-boxed elementor-section-height-default elementor-section-height-default\" data-id=\"beddc0c\" data-element_type=\"section\" data-e-type=\"section\">\n\t\t\t\t\t\t<div class=\"elementor-container elementor-column-gap-default\">\n\t\t\t\t\t<div class=\"elementor-column elementor-col-50 elementor-top-column elementor-element elementor-element-2ddd632\" data-id=\"2ddd632\" data-element_type=\"column\" data-e-type=\"column\">\n\t\t\t<div class=\"elementor-widget-wrap elementor-element-populated\">\n\t\t\t\t\t\t<div class=\"elementor-element elementor-element-bde6578 elementor-align-justify elementor-widget elementor-widget-button\" data-id=\"bde6578\" data-element_type=\"widget\" data-e-type=\"widget\" data-widget_type=\"button.default\">\n\t\t\t\t<div class=\"elementor-widget-container\">\n\t\t\t\t\t\t\t\t\t<div class=\"elementor-button-wrapper\">\n\t\t\t\t\t<a class=\"elementor-button elementor-button-link elementor-size-sm\" href=\"https:\/\/mythslegendes.com\/es\/mitologia-iberica\/\">\n\t\t\t\t\t\t<span class=\"elementor-button-content-wrapper\">\n\t\t\t\t\t\t\t\t\t<span class=\"elementor-button-text\">Mitolog\u00eda ib\u00e9rica<\/span>\n\t\t\t\t\t<\/span>\n\t\t\t\t\t<\/a>\n\t\t\t\t<\/div>\n\t\t\t\t\t\t\t\t<\/div>\n\t\t\t\t<\/div>\n\t\t\t\t\t<\/div>\n\t\t<\/div>\n\t\t\t\t<div class=\"elementor-column elementor-col-50 elementor-top-column elementor-element elementor-element-a76164c\" data-id=\"a76164c\" data-element_type=\"column\" data-e-type=\"column\">\n\t\t\t<div class=\"elementor-widget-wrap elementor-element-populated\">\n\t\t\t\t\t\t<div class=\"elementor-element elementor-element-f96c470 elementor-align-justify elementor-widget elementor-widget-button\" data-id=\"f96c470\" data-element_type=\"widget\" data-e-type=\"widget\" data-widget_type=\"button.default\">\n\t\t\t\t<div class=\"elementor-widget-container\">\n\t\t\t\t\t\t\t\t\t<div class=\"elementor-button-wrapper\">\n\t\t\t\t\t<a class=\"elementor-button elementor-button-link elementor-size-sm\" href=\"https:\/\/en.wikipedia.org\/wiki\/Spanish_mythology\" target=\"_blank\" rel=\"noopener\">\n\t\t\t\t\t\t<span class=\"elementor-button-content-wrapper\">\n\t\t\t\t\t\t\t\t\t<span class=\"elementor-button-text\">Wiki<\/span>\n\t\t\t\t\t<\/span>\n\t\t\t\t\t<\/a>\n\t\t\t\t<\/div>\n\t\t\t\t\t\t\t\t<\/div>\n\t\t\t\t<\/div>\n\t\t\t\t\t<\/div>\n\t\t<\/div>\n\t\t\t\t\t<\/div>\n\t\t<\/section>\n\t\t\t\t<section class=\"elementor-section elementor-top-section elementor-element elementor-element-69421a30 elementor-section-boxed elementor-section-height-default elementor-section-height-default\" data-id=\"69421a30\" data-element_type=\"section\" data-e-type=\"section\">\n\t\t\t\t\t\t<div class=\"elementor-container elementor-column-gap-default\">\n\t\t\t\t\t<div class=\"elementor-column elementor-col-100 elementor-top-column elementor-element elementor-element-650542b9\" data-id=\"650542b9\" data-element_type=\"column\" data-e-type=\"column\">\n\t\t\t<div class=\"elementor-widget-wrap elementor-element-populated\">\n\t\t\t\t\t\t<div class=\"elementor-element elementor-element-4729acc0 elementor-widget elementor-widget-text-editor\" data-id=\"4729acc0\" data-element_type=\"widget\" data-e-type=\"widget\" data-widget_type=\"text-editor.default\">\n\t\t\t\t<div class=\"elementor-widget-container\">\n\t\t\t\t\t\t\t\t\t\n<p>Aqu\u00ed est\u00e1 la famosa historia de la sopa de piedra. Hab\u00eda una vez un monje que ped\u00eda limosna. Lleg\u00f3 a unos campesinos, pero no le dieron nada.<\/p>\n<p><img decoding=\"async\" class=\"alignnone wp-image-5284 size-full\" src=\"https:\/\/mythslegendes.com\/wp-content\/uploads\/2020\/09\/AlphaOmega-e1602613368367.png\" alt=\"sopa de piedra\" width=\"25\" height=\"26\" title=\"\"><\/p>\n<div id=\"ez-toc-container\" class=\"ez-toc-v2_0_82_2 counter-hierarchy ez-toc-counter ez-toc-grey ez-toc-container-direction\">\n<div class=\"ez-toc-title-container\">\n<p class=\"ez-toc-title\" style=\"cursor:inherit\">Contenido<\/p>\n<span class=\"ez-toc-title-toggle\"><a href=\"#\" class=\"ez-toc-pull-right ez-toc-btn ez-toc-btn-xs ez-toc-btn-default ez-toc-toggle\" aria-label=\"Alternar tabla de contenidos\"><span class=\"ez-toc-js-icon-con\"><span class=\"\"><span class=\"eztoc-hide\" style=\"display:none;\">Palanca<\/span><span class=\"ez-toc-icon-toggle-span\"><svg style=\"fill: #999;color:#999\" xmlns=\"http:\/\/www.w3.org\/2000\/svg\" class=\"list-377408\" width=\"20px\" height=\"20px\" viewbox=\"0 0 24 24\" fill=\"none\"><path d=\"M6 6H4v2h2V6zm14 0H8v2h12V6zM4 11h2v2H4v-2zm16 0H8v2h12v-2zM4 16h2v2H4v-2zm16 0H8v2h12v-2z\" fill=\"currentColor\"><\/path><\/svg><svg style=\"fill: #999;color:#999\" class=\"arrow-unsorted-368013\" xmlns=\"http:\/\/www.w3.org\/2000\/svg\" width=\"10px\" height=\"10px\" viewbox=\"0 0 24 24\" version=\"1.2\" baseprofile=\"tiny\"><path d=\"M18.2 9.3l-6.2-6.3-6.2 6.3c-.2.2-.3.4-.3.7s.1.5.3.7c.2.2.4.3.7.3h11c.3 0 .5-.1.7-.3.2-.2.3-.5.3-.7s-.1-.5-.3-.7zM5.8 14.7l6.2 6.3 6.2-6.3c.2-.2.3-.5.3-.7s-.1-.5-.3-.7c-.2-.2-.4-.3-.7-.3h-11c-.3 0-.5.1-.7.3-.2.2-.3.5-.3.7s.1.5.3.7z\"\/><\/svg><\/span><\/span><\/span><\/a><\/span><\/div>\n<nav><ul class='ez-toc-list ez-toc-list-level-1' ><li class='ez-toc-page-1 ez-toc-heading-level-2'><a class=\"ez-toc-link ez-toc-heading-1\" href=\"https:\/\/mythslegendes.com\/es\/mitologia-iberica\/sopa-de-piedra\/#La-soupe-au-caillou\" >Sopa de guijarros<\/a><\/li><\/ul><\/nav><\/div>\n<h2><span class=\"ez-toc-section\" id=\"La-soupe-au-caillou\"><\/span>Sopa de guijarros<span class=\"ez-toc-section-end\"><\/span><\/h2>\n<p>El monje que hab\u00eda muerto de hambre les dijo:<\/p>\n\n<p>&quot;Bien, ver\u00e9 si puedo hacer un caldo de piedra&quot;. \u00bb<\/p>\n\n<p>\u00a0Recogi\u00f3 un guijarro del suelo, sacudi\u00f3 la tierra y comenz\u00f3 a mirar el guijarro para ver si era adecuado para hacer la sopa. Los campesinos se re\u00edan y se burlaban de \u00e9l. El monje les dijo:<\/p>\n\n<p>&quot;\u00bfAs\u00ed que nunca has comido un caldo de piedra?&quot; &quot;.<\/p>\n\n<p>\u00a0Ellos le respondieron:<\/p>\n\n<p>\u201cNos gustar\u00eda ver eso. \u00bb<\/p>\n\n<p>\u00a0Eso era lo que el monje quer\u00eda o\u00edr. Lav\u00f3 la piedra y dijo:<\/p>\n\n<p>\u201c\u00bfSi pudieras prestarme una olla? \u00bb<\/p>\n\n<p>\u00a0Le dieron la olla. Lo llen\u00f3 de agua y puso la piedrita en el fondo.<\/p>\n\n<p>\u201cAhora si me dejas poner la olla en el fuego. \u00bb<\/p>\n\n<p>\u00a0Cuando el agua empez\u00f3 a hervir, dijo:<\/p>\n\n<p>\u201cCon un poco de tocino, la sopa ser\u00eda mejor. \u00bb<\/p>\n\n<p>\u00a0Los campesinos fueron a buscar un trozo de tocino. Los campesinos asombrados observaron la sopa hirviendo. El monje prob\u00f3 la sopa y dijo:<\/p>\n\n<p>&quot;Ella es un poco blanda. Le falta un poco de sal. \u00bb<\/p>\n\n<p>Le dieron sal. Sal\u00f3, prob\u00f3 y dijo:<\/p>\n\n<p>\u201cAhora, si a\u00f1adimos un coraz\u00f3n de repollo, hasta los \u00e1ngeles se lo comer\u00edan. \u00bb<\/p>\n\n<p>\u00a0La due\u00f1a de la casa fue al jard\u00edn y trajo dos coles. El monje las lav\u00f3 y las puso en la olla. Cuando las coles estaban hirviendo, dijo:<\/p>\n\n<p>\u201cCon un trocito de chorizo ahumado quedar\u00eda perfecto\u2026\u201d<\/p>\n\n<p>\u00a0Le dieron un chorizo, que puso en la olla y mientras se cocinaba la sopa, fue a buscar un trozo de pan en su bolsa y se dispuso a sentarse a comer. La sopa ol\u00eda tan bien que era una delicia. Se comi\u00f3 toda la sopa y se humedeci\u00f3 los labios. La olla estaba vac\u00eda y solo quedaba el guijarro. Los campesinos, que no le quitaban los ojos de encima, le preguntaron:<\/p>\n\n<p>&quot;Monsieur l&#039;Abb\u00e9, \u00bfqu\u00e9 pasa con este guijarro?&quot; \u00bb<\/p>\n\n<p>\u00a0El monje respondi\u00f3:<\/p>\n\n<p>&quot;El guijarro, lo voy a lavar y lo llevar\u00e9 para otro momento. \u00bb<\/p>\n\n<p>Y de esta manera, el monje com\u00eda, dondequiera que la gente no le diera nada.<\/p>\n\t\t\t\t\t\t\t\t<\/div>\n\t\t\t\t<\/div>\n\t\t\t\t\t<\/div>\n\t\t<\/div>\n\t\t\t\t\t<\/div>\n\t\t<\/section>\n\t\t\t\t<\/div>","protected":false},"excerpt":{"rendered":"<p>Mythologie Ib\u00e9rique Wiki Voici la fameuse histoire de la soupe au caillou. Il \u00e9tait une fois un moine qui demandait &hellip; <\/p>","protected":false},"author":1,"featured_media":0,"parent":2187,"menu_order":0,"comment_status":"closed","ping_status":"closed","template":"","meta":{"footnotes":""},"class_list":["post-2283","page","type-page","status-publish","hentry"],"amp_enabled":true,"_links":{"self":[{"href":"https:\/\/mythslegendes.com\/es\/wp-json\/wp\/v2\/pages\/2283","targetHints":{"allow":["GET"]}}],"collection":[{"href":"https:\/\/mythslegendes.com\/es\/wp-json\/wp\/v2\/pages"}],"about":[{"href":"https:\/\/mythslegendes.com\/es\/wp-json\/wp\/v2\/types\/page"}],"author":[{"embeddable":true,"href":"https:\/\/mythslegendes.com\/es\/wp-json\/wp\/v2\/users\/1"}],"replies":[{"embeddable":true,"href":"https:\/\/mythslegendes.com\/es\/wp-json\/wp\/v2\/comments?post=2283"}],"version-history":[{"count":1,"href":"https:\/\/mythslegendes.com\/es\/wp-json\/wp\/v2\/pages\/2283\/revisions"}],"predecessor-version":[{"id":24760,"href":"https:\/\/mythslegendes.com\/es\/wp-json\/wp\/v2\/pages\/2283\/revisions\/24760"}],"up":[{"embeddable":true,"href":"https:\/\/mythslegendes.com\/es\/wp-json\/wp\/v2\/pages\/2187"}],"wp:attachment":[{"href":"https:\/\/mythslegendes.com\/es\/wp-json\/wp\/v2\/media?parent=2283"}],"curies":[{"name":"wp","href":"https:\/\/api.w.org\/{rel}","templated":true}]}}