{"id":22902,"date":"2022-09-02T08:31:20","date_gmt":"2022-09-02T08:31:20","guid":{"rendered":"https:\/\/mythslegendes.com\/?page_id=22902"},"modified":"2022-09-02T08:39:50","modified_gmt":"2022-09-02T08:39:50","slug":"tafai-tataa-rotui","status":"publish","type":"page","link":"https:\/\/mythslegendes.com\/es\/mitologia-tahitiana-del-viento\/tafai-tataa-rotui\/","title":{"rendered":"Tafa&#039;i a Tataa y Rotui"},"content":{"rendered":"<div data-elementor-type=\"wp-page\" data-elementor-id=\"22902\" class=\"elementor elementor-22902\">\n\t\t\t\t\t\t<section class=\"elementor-section elementor-top-section elementor-element elementor-element-f5ea36a elementor-section-boxed elementor-section-height-default elementor-section-height-default\" data-id=\"f5ea36a\" data-element_type=\"section\" data-e-type=\"section\">\n\t\t\t\t\t\t<div class=\"elementor-container elementor-column-gap-default\">\n\t\t\t\t\t<div class=\"elementor-column elementor-col-50 elementor-top-column elementor-element elementor-element-2e8b5ab\" data-id=\"2e8b5ab\" data-element_type=\"column\" data-e-type=\"column\">\n\t\t\t<div class=\"elementor-widget-wrap elementor-element-populated\">\n\t\t\t\t\t\t<div class=\"elementor-element elementor-element-d4ac462 elementor-align-justify elementor-widget elementor-widget-button\" data-id=\"d4ac462\" data-element_type=\"widget\" data-e-type=\"widget\" data-widget_type=\"button.default\">\n\t\t\t\t<div class=\"elementor-widget-container\">\n\t\t\t\t\t\t\t\t\t<div class=\"elementor-button-wrapper\">\n\t\t\t\t\t<a class=\"elementor-button elementor-button-link elementor-size-sm\" href=\"https:\/\/mythslegendes.com\/es\/mitologia-tahitiana-del-viento\/\">\n\t\t\t\t\t\t<span class=\"elementor-button-content-wrapper\">\n\t\t\t\t\t\t\t\t\t<span class=\"elementor-button-text\">Mitolog\u00eda del viento tahitiano<\/span>\n\t\t\t\t\t<\/span>\n\t\t\t\t\t<\/a>\n\t\t\t\t<\/div>\n\t\t\t\t\t\t\t\t<\/div>\n\t\t\t\t<\/div>\n\t\t\t\t\t<\/div>\n\t\t<\/div>\n\t\t\t\t<div class=\"elementor-column elementor-col-50 elementor-top-column elementor-element elementor-element-f08bd95\" data-id=\"f08bd95\" data-element_type=\"column\" data-e-type=\"column\">\n\t\t\t<div class=\"elementor-widget-wrap elementor-element-populated\">\n\t\t\t\t\t\t<div class=\"elementor-element elementor-element-63c5480 elementor-align-justify elementor-widget elementor-widget-button\" data-id=\"63c5480\" data-element_type=\"widget\" data-e-type=\"widget\" data-widget_type=\"button.default\">\n\t\t\t\t<div class=\"elementor-widget-container\">\n\t\t\t\t\t\t\t\t\t<div class=\"elementor-button-wrapper\">\n\t\t\t\t\t<a class=\"elementor-button elementor-button-link elementor-size-sm\" href=\"https:\/\/www.tahitiheritage.pf\/tafai-poursuit-ame-femme-decedee\/\" target=\"_blank\" rel=\"noopener\">\n\t\t\t\t\t\t<span class=\"elementor-button-content-wrapper\">\n\t\t\t\t\t\t\t\t\t<span class=\"elementor-button-text\">Wiki<\/span>\n\t\t\t\t\t<\/span>\n\t\t\t\t\t<\/a>\n\t\t\t\t<\/div>\n\t\t\t\t\t\t\t\t<\/div>\n\t\t\t\t<\/div>\n\t\t\t\t\t<\/div>\n\t\t<\/div>\n\t\t\t\t\t<\/div>\n\t\t<\/section>\n\t\t\t\t<section class=\"elementor-section elementor-top-section elementor-element elementor-element-98841a5 elementor-section-boxed elementor-section-height-default elementor-section-height-default\" data-id=\"98841a5\" data-element_type=\"section\" data-e-type=\"section\">\n\t\t\t\t\t\t<div class=\"elementor-container elementor-column-gap-default\">\n\t\t\t\t\t<div class=\"elementor-column elementor-col-100 elementor-top-column elementor-element elementor-element-da19492\" data-id=\"da19492\" data-element_type=\"column\" data-e-type=\"column\">\n\t\t\t<div class=\"elementor-widget-wrap elementor-element-populated\">\n\t\t\t\t\t\t<div class=\"elementor-element elementor-element-37044c0 elementor-widget elementor-widget-text-editor\" data-id=\"37044c0\" data-element_type=\"widget\" data-e-type=\"widget\" data-widget_type=\"text-editor.default\">\n\t\t\t\t<div class=\"elementor-widget-container\">\n\t\t\t\t\t\t\t\t\t<p>Tras sus m\u00faltiples haza\u00f1as, como su descenso al reino de las tinieblas, el Po, o su lucha contra el cerdo Moiri en Hawai, <a href=\"https:\/\/mythslegendes.com\/es\/mitologia-tahitiana-del-viento\/\">Tafa&#039;i<\/a>, el legendario h\u00e9roe polinesio busca en Tataa y el Monte Rotui el alma de su esposa Hina que acaba de fallecer. \u00c9l la agarra por poco del cabello en el borde del mundo de los esp\u00edritus.<\/p><p><img decoding=\"async\" class=\"alignnone wp-image-9347 size-full\" src=\"http:\/\/mythslegendes.com\/wp-content\/uploads\/2020\/09\/cropped-AlphaOmega-e1602613368367.png\" alt=\"t\u00eda rotui\" width=\"25\" height=\"25\" title=\"\"><\/p>\t\t\t\t\t\t\t\t<\/div>\n\t\t\t\t<\/div>\n\t\t\t\t\t<\/div>\n\t\t<\/div>\n\t\t\t\t\t<\/div>\n\t\t<\/section>\n\t\t\t\t<section class=\"elementor-section elementor-top-section elementor-element elementor-element-043700c elementor-section-boxed elementor-section-height-default elementor-section-height-default\" data-id=\"043700c\" data-element_type=\"section\" data-e-type=\"section\">\n\t\t\t\t\t\t<div class=\"elementor-container elementor-column-gap-default\">\n\t\t\t\t\t<div class=\"elementor-column elementor-col-100 elementor-top-column elementor-element elementor-element-57e21e0\" data-id=\"57e21e0\" data-element_type=\"column\" data-e-type=\"column\">\n\t\t\t<div class=\"elementor-widget-wrap elementor-element-populated\">\n\t\t\t\t\t\t<div class=\"elementor-element elementor-element-79c6ca2 elementor-widget elementor-widget-heading\" data-id=\"79c6ca2\" data-element_type=\"widget\" data-e-type=\"widget\" data-widget_type=\"heading.default\">\n\t\t\t\t<div class=\"elementor-widget-container\">\n\t\t\t\t\t<div id=\"ez-toc-container\" class=\"ez-toc-v2_0_82_2 counter-hierarchy ez-toc-counter ez-toc-grey ez-toc-container-direction\">\n<div class=\"ez-toc-title-container\">\n<p class=\"ez-toc-title\" style=\"cursor:inherit\">Contenido<\/p>\n<span class=\"ez-toc-title-toggle\"><a href=\"#\" class=\"ez-toc-pull-right ez-toc-btn ez-toc-btn-xs ez-toc-btn-default ez-toc-toggle\" aria-label=\"Alternar tabla de contenidos\"><span class=\"ez-toc-js-icon-con\"><span class=\"\"><span class=\"eztoc-hide\" style=\"display:none;\">Palanca<\/span><span class=\"ez-toc-icon-toggle-span\"><svg style=\"fill: #999;color:#999\" xmlns=\"http:\/\/www.w3.org\/2000\/svg\" class=\"list-377408\" width=\"20px\" height=\"20px\" viewbox=\"0 0 24 24\" fill=\"none\"><path d=\"M6 6H4v2h2V6zm14 0H8v2h12V6zM4 11h2v2H4v-2zm16 0H8v2h12v-2zM4 16h2v2H4v-2zm16 0H8v2h12v-2z\" fill=\"currentColor\"><\/path><\/svg><svg style=\"fill: #999;color:#999\" class=\"arrow-unsorted-368013\" xmlns=\"http:\/\/www.w3.org\/2000\/svg\" width=\"10px\" height=\"10px\" viewbox=\"0 0 24 24\" version=\"1.2\" baseprofile=\"tiny\"><path d=\"M18.2 9.3l-6.2-6.3-6.2 6.3c-.2.2-.3.4-.3.7s.1.5.3.7c.2.2.4.3.7.3h11c.3 0 .5-.1.7-.3.2-.2.3-.5.3-.7s-.1-.5-.3-.7zM5.8 14.7l6.2 6.3 6.2-6.3c.2-.2.3-.5.3-.7s-.1-.5-.3-.7c-.2-.2-.4-.3-.7-.3h-11c-.3 0-.5.1-.7.3-.2.2-.3.5-.3.7s.1.5.3.7z\"\/><\/svg><\/span><\/span><\/span><\/a><\/span><\/div>\n<nav><ul class='ez-toc-list ez-toc-list-level-1' ><li class='ez-toc-page-1 ez-toc-heading-level-2'><a class=\"ez-toc-link ez-toc-heading-1\" href=\"https:\/\/mythslegendes.com\/es\/mitologia-tahitiana-del-viento\/tafai-tataa-rotui\/#Tafai-cherche-sa-femme-a-Tataa-et-Rotui\" >Tafa&#039;i busca a su esposa en Tataa y Rotui<\/a><\/li><\/ul><\/nav><\/div>\n<h2 class=\"elementor-heading-title elementor-size-default\"><span class=\"ez-toc-section\" id=\"Tafai-cherche-sa-femme-a-Tataa-et-Rotui\"><\/span>Tafa&#039;i busca a su esposa en Tataa y Rotui<span class=\"ez-toc-section-end\"><\/span><\/h2>\t\t\t\t<\/div>\n\t\t\t\t<\/div>\n\t\t\t\t\t<\/div>\n\t\t<\/div>\n\t\t\t\t\t<\/div>\n\t\t<\/section>\n\t\t\t\t<section class=\"elementor-section elementor-top-section elementor-element elementor-element-ee24d57 elementor-section-boxed elementor-section-height-default elementor-section-height-default\" data-id=\"ee24d57\" data-element_type=\"section\" data-e-type=\"section\">\n\t\t\t\t\t\t<div class=\"elementor-container elementor-column-gap-default\">\n\t\t\t\t\t<div class=\"elementor-column elementor-col-100 elementor-top-column elementor-element elementor-element-cc96521\" data-id=\"cc96521\" data-element_type=\"column\" data-e-type=\"column\">\n\t\t\t<div class=\"elementor-widget-wrap elementor-element-populated\">\n\t\t\t\t\t\t<div class=\"elementor-element elementor-element-ef0ce38 elementor-widget elementor-widget-text-editor\" data-id=\"ef0ce38\" data-element_type=\"widget\" data-e-type=\"widget\" data-widget_type=\"text-editor.default\">\n\t\t\t\t<div class=\"elementor-widget-container\">\n\t\t\t\t\t\t\t\t\t<p>Un d\u00eda, cuando regresaba de un largo viaje, tuvo la pena de encontrar muerta a su esposa. Acababa de morir y su cuerpo, a\u00fan tibio, yac\u00eda en un altar en el marae ancestral custodiado por los tahua (sacerdotes) y la familia. \u00a1Pronto, en su angustia, Tafa&#039;i decidi\u00f3 disputarlo con los Dioses!<\/p><p>Habiendo preguntado a la tahua a qu\u00e9 lado hab\u00eda huido el alma de su mujer. \u00c9ste le dice que ella sali\u00f3 de los lugares sagrados y estuvo por el momento con otras almas en Tata&#039;a, en el Noroeste de <a href=\"https:\/\/mythslegendes.com\/es\/mitologia-tahitiana-del-viento\/\">Tahit\u00ed<\/a>. El promontorio de Tataa es en efecto el punto de despegue de las almas (rereraa varua) de Tahit\u00ed antes de partir hacia el Para\u00edso o la Oscuridad de <a href=\"https:\/\/mythslegendes.com\/es\/mitologia-tahitiana-sotavento\/\">Raiatea<\/a>.<\/p><p>Tafa&#039;i, sin perder tiempo, agarr\u00f3 su gran remo y puso su canoa Niu en el mar, luego se lanz\u00f3 a las tranquilas aguas de la laguna y lleg\u00f3 a Punaauia al anochecer justo a tiempo para ver partir a las almas.<\/p><p>Se enter\u00f3 de que el alma de su esposa hab\u00eda partido recientemente hacia el monte Rotui en Moorea, donde las almas toman vuelo hacia el monte Temehani en Raiatea, que era el \u00faltimo lugar desde el que pod\u00edan regresar a este mundo.<\/p><p>Corri\u00f3 al monte Rotui y en poco tiempo se encontr\u00f3 en la cima. Pero all\u00ed nuevamente encontr\u00f3 que el alma de Hina ya se hab\u00eda ido por alg\u00fan tiempo.<\/p><p>Sin inmutarse, Tafa&#039;i recogi\u00f3 su canoa y la llev\u00f3 a Ra&#039;iatea y sin detenerse subi\u00f3 al monte Temehani hasta cierto lugar en la monta\u00f1a desde donde part\u00edan dos caminos, uno hacia el acantilado a la derecha llamado &quot;Piedra de la vida&quot; (Te \u00f2fa\u00ec ora) desde donde los esp\u00edritus ascend\u00edan al R\u00f4hutu no&#039;ano&#039;a (para\u00edso). El otro camino descend\u00eda al cr\u00e1ter abierto de Temehani y desde all\u00ed se dirig\u00eda al Po auahi (infierno).<\/p><p>La luna se estaba poniendo y el lucero de la ma\u00f1ana anunciaba el d\u00eda en que Tafa&#039;i lleg\u00f3 a este lugar, encontr\u00f3 all\u00ed al dios T\u00fb-ta-horoa que custodiaba el acceso a los caminos. Tafa&#039;i le pregunt\u00f3 si Hina su esposa ya hab\u00eda cruzado este lugar y, para su gran alivio, el dios le respondi\u00f3 que ella a\u00fan no hab\u00eda llegado. Agreg\u00f3 que Tafa&#039;i necesitaba esconderse en los arbustos y reunir fuerzas para poder capturarla en vuelo, ya que este era el \u00faltimo lugar desde el cual las almas pod\u00edan ser devueltas a este mundo.<\/p><p>Sin aliento, Tafa&#039;i se escondi\u00f3 y apenas hab\u00eda recuperado las fuerzas cuando escuch\u00f3 el sonido de las hojas movi\u00e9ndose; era el dios dici\u00e9ndole que estuviera listo.<\/p><p>Pronto Tafa&#039;i vio la alta estatura de su esposa que le era tan familiar que avanz\u00f3 sobre el borde de la roca y luego se alej\u00f3 abruptamente al sentir la presencia de un ser humano. En ese momento, y antes de que pudiera volar hacia la Piedra de la Vida donde se le habr\u00eda escapado, Tafa&#039;i dio un salto prodigioso en el aire y la agarr\u00f3 por los cabellos. Hina luch\u00f3 vigorosamente mientras esperaba ir al mundo de los esp\u00edritus, pero su esposo se mantuvo firme y, despu\u00e9s de escuchar a Tu-ta-horoa decirle que a\u00fan no hab\u00eda llegado el momento de dejar este mundo, decidi\u00f3 regresar con ella. marido.<\/p><p>Una vez de regreso en &#039;Uporu (Mahina), Hina reintegr\u00f3 su cuerpo que todav\u00eda estaba en un estado y todos se regocijaron por el feliz regreso de Tafa&#039;i y su esposa de los confines del mundo de los esp\u00edritus.<\/p>\t\t\t\t\t\t\t\t<\/div>\n\t\t\t\t<\/div>\n\t\t\t\t\t<\/div>\n\t\t<\/div>\n\t\t\t\t\t<\/div>\n\t\t<\/section>\n\t\t\t\t<\/div>","protected":false},"excerpt":{"rendered":"<p>Tahitian Mythology of the Wind Wiki Despu\u00e9s de sus muchas haza\u00f1as, como su descenso al reino de las tinieblas, el Po, o su... <\/p>","protected":false},"author":1,"featured_media":0,"parent":9989,"menu_order":0,"comment_status":"closed","ping_status":"closed","template":"","meta":{"footnotes":""},"class_list":["post-22902","page","type-page","status-publish","hentry"],"amp_enabled":true,"_links":{"self":[{"href":"https:\/\/mythslegendes.com\/es\/wp-json\/wp\/v2\/pages\/22902","targetHints":{"allow":["GET"]}}],"collection":[{"href":"https:\/\/mythslegendes.com\/es\/wp-json\/wp\/v2\/pages"}],"about":[{"href":"https:\/\/mythslegendes.com\/es\/wp-json\/wp\/v2\/types\/page"}],"author":[{"embeddable":true,"href":"https:\/\/mythslegendes.com\/es\/wp-json\/wp\/v2\/users\/1"}],"replies":[{"embeddable":true,"href":"https:\/\/mythslegendes.com\/es\/wp-json\/wp\/v2\/comments?post=22902"}],"version-history":[{"count":3,"href":"https:\/\/mythslegendes.com\/es\/wp-json\/wp\/v2\/pages\/22902\/revisions"}],"predecessor-version":[{"id":22914,"href":"https:\/\/mythslegendes.com\/es\/wp-json\/wp\/v2\/pages\/22902\/revisions\/22914"}],"up":[{"embeddable":true,"href":"https:\/\/mythslegendes.com\/es\/wp-json\/wp\/v2\/pages\/9989"}],"wp:attachment":[{"href":"https:\/\/mythslegendes.com\/es\/wp-json\/wp\/v2\/media?parent=22902"}],"curies":[{"name":"wp","href":"https:\/\/api.w.org\/{rel}","templated":true}]}}