{"id":22915,"date":"2022-09-02T08:41:02","date_gmt":"2022-09-02T08:41:02","guid":{"rendered":"https:\/\/mythslegendes.com\/?page_id=22915"},"modified":"2022-09-02T08:44:53","modified_gmt":"2022-09-02T08:44:53","slug":"amour-de-hina-et-de-monoihere","status":"publish","type":"page","link":"https:\/\/mythslegendes.com\/es\/mitologia-tahitiana-del-viento\/amor-de-hina-y-monoihere\/","title":{"rendered":"Amor de Hina y Monoihere"},"content":{"rendered":"<div data-elementor-type=\"wp-page\" data-elementor-id=\"22915\" class=\"elementor elementor-22915\">\n\t\t\t\t\t\t<section class=\"elementor-section elementor-top-section elementor-element elementor-element-21a25d0 elementor-section-boxed elementor-section-height-default elementor-section-height-default\" data-id=\"21a25d0\" data-element_type=\"section\" data-e-type=\"section\">\n\t\t\t\t\t\t<div class=\"elementor-container elementor-column-gap-default\">\n\t\t\t\t\t<div class=\"elementor-column elementor-col-50 elementor-top-column elementor-element elementor-element-9b1ee1e\" data-id=\"9b1ee1e\" data-element_type=\"column\" data-e-type=\"column\">\n\t\t\t<div class=\"elementor-widget-wrap elementor-element-populated\">\n\t\t\t\t\t\t<div class=\"elementor-element elementor-element-f551187 elementor-align-justify elementor-widget elementor-widget-button\" data-id=\"f551187\" data-element_type=\"widget\" data-e-type=\"widget\" data-widget_type=\"button.default\">\n\t\t\t\t<div class=\"elementor-widget-container\">\n\t\t\t\t\t\t\t\t\t<div class=\"elementor-button-wrapper\">\n\t\t\t\t\t<a class=\"elementor-button elementor-button-link elementor-size-sm\" href=\"https:\/\/mythslegendes.com\/es\/mitologia-tahitiana-del-viento\/\">\n\t\t\t\t\t\t<span class=\"elementor-button-content-wrapper\">\n\t\t\t\t\t\t\t\t\t<span class=\"elementor-button-text\">Mitolog\u00eda del viento tahitiano<\/span>\n\t\t\t\t\t<\/span>\n\t\t\t\t\t<\/a>\n\t\t\t\t<\/div>\n\t\t\t\t\t\t\t\t<\/div>\n\t\t\t\t<\/div>\n\t\t\t\t\t<\/div>\n\t\t<\/div>\n\t\t\t\t<div class=\"elementor-column elementor-col-50 elementor-top-column elementor-element elementor-element-ebb2eb0\" data-id=\"ebb2eb0\" data-element_type=\"column\" data-e-type=\"column\">\n\t\t\t<div class=\"elementor-widget-wrap elementor-element-populated\">\n\t\t\t\t\t\t<div class=\"elementor-element elementor-element-1e68560 elementor-align-justify elementor-widget elementor-widget-button\" data-id=\"1e68560\" data-element_type=\"widget\" data-e-type=\"widget\" data-widget_type=\"button.default\">\n\t\t\t\t<div class=\"elementor-widget-container\">\n\t\t\t\t\t\t\t\t\t<div class=\"elementor-button-wrapper\">\n\t\t\t\t\t<a class=\"elementor-button elementor-button-link elementor-size-sm\" href=\"https:\/\/www.tahitiheritage.pf\/hina-monoihere-tafai\/\" target=\"_blank\" rel=\"noopener\">\n\t\t\t\t\t\t<span class=\"elementor-button-content-wrapper\">\n\t\t\t\t\t\t\t\t\t<span class=\"elementor-button-text\">Wiki<\/span>\n\t\t\t\t\t<\/span>\n\t\t\t\t\t<\/a>\n\t\t\t\t<\/div>\n\t\t\t\t\t\t\t\t<\/div>\n\t\t\t\t<\/div>\n\t\t\t\t\t<\/div>\n\t\t<\/div>\n\t\t\t\t\t<\/div>\n\t\t<\/section>\n\t\t\t\t<section class=\"elementor-section elementor-top-section elementor-element elementor-element-73a834b elementor-section-boxed elementor-section-height-default elementor-section-height-default\" data-id=\"73a834b\" data-element_type=\"section\" data-e-type=\"section\">\n\t\t\t\t\t\t<div class=\"elementor-container elementor-column-gap-default\">\n\t\t\t\t\t<div class=\"elementor-column elementor-col-100 elementor-top-column elementor-element elementor-element-6770944\" data-id=\"6770944\" data-element_type=\"column\" data-e-type=\"column\">\n\t\t\t<div class=\"elementor-widget-wrap elementor-element-populated\">\n\t\t\t\t\t\t<div class=\"elementor-element elementor-element-868b5eb elementor-widget elementor-widget-text-editor\" data-id=\"868b5eb\" data-element_type=\"widget\" data-e-type=\"widget\" data-widget_type=\"text-editor.default\">\n\t\t\t\t<div class=\"elementor-widget-container\">\n\t\t\t\t\t\t\t\t\t<p>La primera parte de gran <a href=\"https:\/\/mythslegendes.com\/es\/\">leyenda<\/a> <a href=\"https:\/\/mythslegendes.com\/es\/mitologia-tahitiana-del-viento\/\">tahitiano<\/a> de Tafa&#039;i, uno de los h\u00e9roes m\u00edticos de la cultura polinesia, narra el primer amor de la dulce Hina, la nieta de la can\u00edbal Nona, con el apuesto Monoihere.<\/p><p><img decoding=\"async\" class=\"alignnone wp-image-9347 size-full\" src=\"http:\/\/mythslegendes.com\/wp-content\/uploads\/2020\/09\/cropped-AlphaOmega-e1602613368367.png\" alt=\"Hina Monohere\" width=\"25\" height=\"25\" title=\"\"><\/p>\t\t\t\t\t\t\t\t<\/div>\n\t\t\t\t<\/div>\n\t\t\t\t\t<\/div>\n\t\t<\/div>\n\t\t\t\t\t<\/div>\n\t\t<\/section>\n\t\t\t\t<section class=\"elementor-section elementor-top-section elementor-element elementor-element-ba490a4 elementor-section-boxed elementor-section-height-default elementor-section-height-default\" data-id=\"ba490a4\" data-element_type=\"section\" data-e-type=\"section\">\n\t\t\t\t\t\t<div class=\"elementor-container elementor-column-gap-default\">\n\t\t\t\t\t<div class=\"elementor-column elementor-col-100 elementor-top-column elementor-element elementor-element-415529c\" data-id=\"415529c\" data-element_type=\"column\" data-e-type=\"column\">\n\t\t\t<div class=\"elementor-widget-wrap elementor-element-populated\">\n\t\t\t\t\t\t<div class=\"elementor-element elementor-element-22fae55 elementor-widget elementor-widget-heading\" data-id=\"22fae55\" data-element_type=\"widget\" data-e-type=\"widget\" data-widget_type=\"heading.default\">\n\t\t\t\t<div class=\"elementor-widget-container\">\n\t\t\t\t\t<div id=\"ez-toc-container\" class=\"ez-toc-v2_0_82_2 counter-hierarchy ez-toc-counter ez-toc-grey ez-toc-container-direction\">\n<div class=\"ez-toc-title-container\">\n<p class=\"ez-toc-title\" style=\"cursor:inherit\">Contenido<\/p>\n<span class=\"ez-toc-title-toggle\"><a href=\"#\" class=\"ez-toc-pull-right ez-toc-btn ez-toc-btn-xs ez-toc-btn-default ez-toc-toggle\" aria-label=\"Alternar tabla de contenidos\"><span class=\"ez-toc-js-icon-con\"><span class=\"\"><span class=\"eztoc-hide\" style=\"display:none;\">Palanca<\/span><span class=\"ez-toc-icon-toggle-span\"><svg style=\"fill: #999;color:#999\" xmlns=\"http:\/\/www.w3.org\/2000\/svg\" class=\"list-377408\" width=\"20px\" height=\"20px\" viewbox=\"0 0 24 24\" fill=\"none\"><path d=\"M6 6H4v2h2V6zm14 0H8v2h12V6zM4 11h2v2H4v-2zm16 0H8v2h12v-2zM4 16h2v2H4v-2zm16 0H8v2h12v-2z\" fill=\"currentColor\"><\/path><\/svg><svg style=\"fill: #999;color:#999\" class=\"arrow-unsorted-368013\" xmlns=\"http:\/\/www.w3.org\/2000\/svg\" width=\"10px\" height=\"10px\" viewbox=\"0 0 24 24\" version=\"1.2\" baseprofile=\"tiny\"><path d=\"M18.2 9.3l-6.2-6.3-6.2 6.3c-.2.2-.3.4-.3.7s.1.5.3.7c.2.2.4.3.7.3h11c.3 0 .5-.1.7-.3.2-.2.3-.5.3-.7s-.1-.5-.3-.7zM5.8 14.7l6.2 6.3 6.2-6.3c.2-.2.3-.5.3-.7s-.1-.5-.3-.7c-.2-.2-.4-.3-.7-.3h-11c-.3 0-.5.1-.7.3-.2.2-.3.5-.3.7s.1.5.3.7z\"\/><\/svg><\/span><\/span><\/span><\/a><\/span><\/div>\n<nav><ul class='ez-toc-list ez-toc-list-level-1' ><li class='ez-toc-page-1 ez-toc-heading-level-2'><a class=\"ez-toc-link ez-toc-heading-1\" href=\"https:\/\/mythslegendes.com\/es\/mitologia-tahitiana-del-viento\/amor-de-hina-y-monoihere\/#Le-tragique-amour-de-Hina-et-de-Monoihere\" >El tr\u00e1gico amor de Hina y Monoihere<\/a><\/li><\/ul><\/nav><\/div>\n<h2 class=\"elementor-heading-title elementor-size-default\"><span class=\"ez-toc-section\" id=\"Le-tragique-amour-de-Hina-et-de-Monoihere\"><\/span>El tr\u00e1gico amor de Hina y Monoihere<span class=\"ez-toc-section-end\"><\/span><\/h2>\t\t\t\t<\/div>\n\t\t\t\t<\/div>\n\t\t\t\t\t<\/div>\n\t\t<\/div>\n\t\t\t\t\t<\/div>\n\t\t<\/section>\n\t\t\t\t<section class=\"elementor-section elementor-top-section elementor-element elementor-element-0aa3187 elementor-section-boxed elementor-section-height-default elementor-section-height-default\" data-id=\"0aa3187\" data-element_type=\"section\" data-e-type=\"section\">\n\t\t\t\t\t\t<div class=\"elementor-container elementor-column-gap-default\">\n\t\t\t\t\t<div class=\"elementor-column elementor-col-100 elementor-top-column elementor-element elementor-element-9ce4030\" data-id=\"9ce4030\" data-element_type=\"column\" data-e-type=\"column\">\n\t\t\t<div class=\"elementor-widget-wrap elementor-element-populated\">\n\t\t\t\t\t\t<div class=\"elementor-element elementor-element-887f5b4 elementor-widget elementor-widget-text-editor\" data-id=\"887f5b4\" data-element_type=\"widget\" data-e-type=\"widget\" data-widget_type=\"text-editor.default\">\n\t\t\t\t<div class=\"elementor-widget-container\">\n\t\t\t\t\t\t\t\t\t<p>Poco despu\u00e9s de la separaci\u00f3n de <a href=\"https:\/\/mythslegendes.com\/es\/mitologia-tahitiana-del-viento\/\">Tahit\u00ed<\/a> y de Ra&#039;iatea, viv\u00eda en el distrito de Mahina, en Tahiti To&#039;erau (Norte de Tahit\u00ed) una hermosa mujer de alto rango llamada Nona. Ten\u00eda largos dientes carn\u00edvoros y hab\u00eda desarrollado una terrible pasi\u00f3n por el canibalismo, lo que le hab\u00eda dado el apodo de Vahine-&#039;ai-ta&#039;ata (mujer devoradora de hombres).<\/p><p>Su marido, alto jefe de la casa de Tahit\u00ed, To&#039;erau, la hab\u00eda repudiado y ella viv\u00eda sola en su propiedad familiar. Fue all\u00ed donde dio a luz a una hermosa ni\u00f1a a la que llam\u00f3 Hina. Ella lo cri\u00f3 con ternura de acuerdo con su rango, teniendo cuidado de ocultarle la presa humana que procuraba.<\/p><p>Al pie del gran acantilado de Tahara&#039;a, notable por su arcilla roja, hay un t\u00fanel que la gente puede usar durante la marea baja y que les salva de dar la vuelta a la colina, este t\u00fanel se conoce hasta el d\u00eda de hoy con el nombre de alijo de Nona; fue all\u00ed donde atac\u00f3 a los transe\u00fantes y los mat\u00f3, a veces para cocinarlos ya veces para com\u00e9rselos crudos.<\/p><p>En la \u00e9poca de Nona, la regi\u00f3n estaba muy escasamente habitada y las casas estaban misteriosamente abandonadas. Pero un apuesto joven llamado Monoihere (Mono&#039;i-aqu\u00ed) que hab\u00eda escapado de esta astuta mujer, hab\u00eda concebido un gran amor por su hija Hina.<\/p><p>Se reunieron en secreto en un lugar apartado llamado Oro-fara (Far Fern) donde hay un manantial llamado Rati (Splash) que llena un estanque donde se ba\u00f1aba Hina y que todav\u00eda hoy se llama Te-hopura. ba\u00f1o de Hina). Cerca hab\u00eda una cueva que se abr\u00eda y cerraba cuando se pronunciaban ciertas palabras.<\/p><p>La bah\u00eda de Matavai est\u00e1 cerrada en algunos lugares por un arrecife llamado To&#039;a-tea (Light Rocks), que es donde Nona, una pescadora experta, consigui\u00f3 pescado para su hija y para ella.<\/p><p>Cerca hab\u00eda una cueva que se abr\u00eda y cerraba cuando se pronunciaban ciertas palabras. Hina sol\u00eda llevar una canasta de comida a su amado cuando estaba escondido en la cueva y cuando ella se acerc\u00f3, intercambiaron las siguientes palabras:<br \/>Hina: &quot;Mono&#039;i-aqu\u00ed est\u00e1 el hombre y Hina es la mujer!&quot; \u00bb<br \/>Monoihere: \u201c\u00bfD\u00f3nde est\u00e1 tu madre de dientes largos, Nona? \u00bb<br \/>Hina: \u201cElla est\u00e1 en el arrecife largo, en el arrecife corto, pescando para nosotros, mi amante. \u00a1Oh fundamento de roca, \u00e1brete! \u00bb<\/p><p>Inmediatamente la roca se parti\u00f3 para dejar pasar al amante y los dos j\u00f3venes permanecieron juntos hasta la hora del regreso de Nona. En este momento Monoihere regresaba a su cueva o volv\u00eda a casa seg\u00fan las circunstancias, pero en todo caso evitaba encontrarse con la madre.<\/p><p>Lleg\u00f3 un d\u00eda en que la madre not\u00f3 la desaparici\u00f3n de parte de la comida y decidi\u00f3 resolver este misterio. Ese d\u00eda, despu\u00e9s de preparar la comida, fingi\u00f3 no sentirse bien y se acost\u00f3 fingiendo estar profundamente dormida. Luego vio a su hija acercarse con cautela a la comida, poner algunos bocados selectos en una canasta y luego irse sin hacer ruido. Cuando Nona entendi\u00f3 el camino que tomaba su hija, tom\u00f3 un atajo y, llegando antes que ella al lugar de encuentro, se subi\u00f3 a una pua (Fagraea berteroana) para poder o\u00edr y ver sin ser vista.<\/p><p>Nona, que desconoc\u00eda la existencia de la cueva, qued\u00f3 muy sorprendida por lo que vio. Se repiti\u00f3 a s\u00ed misma las palabras m\u00e1gicas para recordarlas y permaneci\u00f3 inm\u00f3vil hasta que los amantes se separaron, luego descendiendo r\u00e1pidamente del \u00e1rbol volvi\u00f3 a casa y volvi\u00f3 a acostarse ante el regreso de la joven.<\/p><p>Al d\u00eda siguiente, despu\u00e9s de comer y apartar la comida, Nona se despidi\u00f3 de su hija dici\u00e9ndole que iba a hacer antorchas para pescar de noche. De hecho, fue al escondite del joven y, par\u00e1ndose frente a la cueva, comenz\u00f3 a hablar, imitando la voz de Hina lo mejor que pudo. Pero Mono&#039;i aqu\u00ed no se equivoc\u00f3 y respondi\u00f3: &quot;E&#039;ere oe o Hina, o te vahin\u00e9 nihoniho roroa ra &#039;oe, o Nona!&quot; (\u00a1No eres Hina, eres Nona con dientes largos!).<\/p><p>Lamentablemente hab\u00eda aprendido las palabras m\u00e1gicas y exclam\u00f3 \u201cTe tumu o te papa e, vahia! (\u00a1Oh fundamento de roca, \u00e1brete!).<\/p><p>Habi\u00e9ndose abierto la roca, Nona se abalanz\u00f3 sobre el joven, lo mat\u00f3 y lo devor\u00f3, luego busc\u00f3 su coraz\u00f3n pero no lo encontr\u00f3 y, dejando los huesos y las v\u00edsceras en un mont\u00f3n, sali\u00f3 de la cueva que se cerr\u00f3 tras ella. y volvi\u00f3 a preparar sus antorchas como hab\u00eda previsto.<\/p><p>Mientras tanto Hina se dirig\u00eda hacia la cueva con su canasta, y como nadie respond\u00eda a su llamada entr\u00f3 y al ver los restos de su amado, comprendi\u00f3 la horrible tragedia que hab\u00eda ocurrido. Busc\u00f3 el coraz\u00f3n del joven y al encontrarlo comprob\u00f3 que a\u00fan lat\u00eda. Se lo puso en el coraz\u00f3n y, guiada por \u00e9l, volvi\u00f3 a casa para actuar. Aprovechando la ausencia de su madre, tom\u00f3 un tronco de pl\u00e1tano y lo coloc\u00f3 en su cama para imitar su cuerpo y coloc\u00f3 un &#039;a&#039;ano (calabaza hecha de c\u00e1scara de coco) sobre la almohada para imitar su cabeza. . Lo cubri\u00f3 todo con tapa y huy\u00f3 al distrito vecino de Uporu (Ha&#039;apape o Mahina).<\/p><p>All\u00ed, guiada a\u00fan por el coraz\u00f3n palpitante de su amado, se dirigi\u00f3 a la morada de un joven cacique llamado No&#039;a (Dulce Olor), muy conocido en la regi\u00f3n por ser extremadamente peludo, aunque guapo, fue bien recibida por los toda la casa.<\/p><p>Cuando Nona regres\u00f3 a casa, prepar\u00f3 la cena y llam\u00f3 a su hija pensando que estaba descansando, pero no recibi\u00f3 respuesta. Despu\u00e9s de llamar varias veces, se enfureci\u00f3 violentamente y amenaz\u00f3 a su hija con devorarla. A\u00fan sin recibir respuesta, exclam\u00f3 en el colmo de la furia: \u201cTera mai au, e Hina, ua pau oe ia &#039;u! (\u00a1Ya voy, oh Hina, te devorar\u00e9!) y, corriendo hacia la cama, mordi\u00f3 el tronco a trav\u00e9s de la tapa, para su sorpresa descubri\u00f3 que su hija hab\u00eda sido m\u00e1s astuta que ella y grit\u00f3: ua ora&#039;oe! (\u00a1Ah te escapaste!).<\/p><p>Temprano al d\u00eda siguiente, Nona parti\u00f3 en busca de su hija y logr\u00f3 encontrar el camino de regreso a la casa del jefe. Al ver a Hina, se abalanz\u00f3 sobre ella pero el jefe intervino y, tras una violenta lucha, logr\u00f3 estrangular a Nona y as\u00ed termin\u00f3 su existencia.<\/p>\t\t\t\t\t\t\t\t<\/div>\n\t\t\t\t<\/div>\n\t\t\t\t\t<\/div>\n\t\t<\/div>\n\t\t\t\t\t<\/div>\n\t\t<\/section>\n\t\t\t\t<\/div>","protected":false},"excerpt":{"rendered":"<p>Tahitian Wind Mythology Wiki La primera parte de la gran leyenda tahitiana de Tafa&#039;i, uno de los h\u00e9roes m\u00edticos de la \u2026 <\/p>","protected":false},"author":1,"featured_media":0,"parent":9989,"menu_order":0,"comment_status":"closed","ping_status":"closed","template":"","meta":{"footnotes":""},"class_list":["post-22915","page","type-page","status-publish","hentry"],"amp_enabled":true,"_links":{"self":[{"href":"https:\/\/mythslegendes.com\/es\/wp-json\/wp\/v2\/pages\/22915","targetHints":{"allow":["GET"]}}],"collection":[{"href":"https:\/\/mythslegendes.com\/es\/wp-json\/wp\/v2\/pages"}],"about":[{"href":"https:\/\/mythslegendes.com\/es\/wp-json\/wp\/v2\/types\/page"}],"author":[{"embeddable":true,"href":"https:\/\/mythslegendes.com\/es\/wp-json\/wp\/v2\/users\/1"}],"replies":[{"embeddable":true,"href":"https:\/\/mythslegendes.com\/es\/wp-json\/wp\/v2\/comments?post=22915"}],"version-history":[{"count":3,"href":"https:\/\/mythslegendes.com\/es\/wp-json\/wp\/v2\/pages\/22915\/revisions"}],"predecessor-version":[{"id":22920,"href":"https:\/\/mythslegendes.com\/es\/wp-json\/wp\/v2\/pages\/22915\/revisions\/22920"}],"up":[{"embeddable":true,"href":"https:\/\/mythslegendes.com\/es\/wp-json\/wp\/v2\/pages\/9989"}],"wp:attachment":[{"href":"https:\/\/mythslegendes.com\/es\/wp-json\/wp\/v2\/media?parent=22915"}],"curies":[{"name":"wp","href":"https:\/\/api.w.org\/{rel}","templated":true}]}}