{"id":2292,"date":"2020-07-10T15:03:14","date_gmt":"2020-07-10T14:03:14","guid":{"rendered":"https:\/\/mythslegendes.com\/?page_id=2292"},"modified":"2022-12-03T22:07:07","modified_gmt":"2022-12-03T22:07:07","slug":"le-sebastianisme","status":"publish","type":"page","link":"https:\/\/mythslegendes.com\/es\/mitologia-iberica\/el-sebastianismo\/","title":{"rendered":"Sebastianismo"},"content":{"rendered":"<div data-elementor-type=\"wp-page\" data-elementor-id=\"2292\" class=\"elementor elementor-2292\">\n\t\t\t\t\t\t<section class=\"elementor-section elementor-top-section elementor-element elementor-element-7d569a1 elementor-section-boxed elementor-section-height-default elementor-section-height-default\" data-id=\"7d569a1\" data-element_type=\"section\" data-e-type=\"section\">\n\t\t\t\t\t\t<div class=\"elementor-container elementor-column-gap-default\">\n\t\t\t\t\t<div class=\"elementor-column elementor-col-50 elementor-top-column elementor-element elementor-element-5910729\" data-id=\"5910729\" data-element_type=\"column\" data-e-type=\"column\">\n\t\t\t<div class=\"elementor-widget-wrap elementor-element-populated\">\n\t\t\t\t\t\t<div class=\"elementor-element elementor-element-c1a8817 elementor-align-justify elementor-widget elementor-widget-button\" data-id=\"c1a8817\" data-element_type=\"widget\" data-e-type=\"widget\" data-widget_type=\"button.default\">\n\t\t\t\t<div class=\"elementor-widget-container\">\n\t\t\t\t\t\t\t\t\t<div class=\"elementor-button-wrapper\">\n\t\t\t\t\t<a class=\"elementor-button elementor-button-link elementor-size-sm\" href=\"https:\/\/mythslegendes.com\/es\/mitologia-iberica\/\">\n\t\t\t\t\t\t<span class=\"elementor-button-content-wrapper\">\n\t\t\t\t\t\t\t\t\t<span class=\"elementor-button-text\">Mitolog\u00eda ib\u00e9rica<\/span>\n\t\t\t\t\t<\/span>\n\t\t\t\t\t<\/a>\n\t\t\t\t<\/div>\n\t\t\t\t\t\t\t\t<\/div>\n\t\t\t\t<\/div>\n\t\t\t\t\t<\/div>\n\t\t<\/div>\n\t\t\t\t<div class=\"elementor-column elementor-col-50 elementor-top-column elementor-element elementor-element-9e8f60b\" data-id=\"9e8f60b\" data-element_type=\"column\" data-e-type=\"column\">\n\t\t\t<div class=\"elementor-widget-wrap elementor-element-populated\">\n\t\t\t\t\t\t<div class=\"elementor-element elementor-element-d7fce77 elementor-align-justify elementor-widget elementor-widget-button\" data-id=\"d7fce77\" data-element_type=\"widget\" data-e-type=\"widget\" data-widget_type=\"button.default\">\n\t\t\t\t<div class=\"elementor-widget-container\">\n\t\t\t\t\t\t\t\t\t<div class=\"elementor-button-wrapper\">\n\t\t\t\t\t<a class=\"elementor-button elementor-button-link elementor-size-sm\" href=\"https:\/\/en.wikipedia.org\/wiki\/Spanish_mythology\" target=\"_blank\" rel=\"noopener\">\n\t\t\t\t\t\t<span class=\"elementor-button-content-wrapper\">\n\t\t\t\t\t\t\t\t\t<span class=\"elementor-button-text\">Wiki<\/span>\n\t\t\t\t\t<\/span>\n\t\t\t\t\t<\/a>\n\t\t\t\t<\/div>\n\t\t\t\t\t\t\t\t<\/div>\n\t\t\t\t<\/div>\n\t\t\t\t\t<\/div>\n\t\t<\/div>\n\t\t\t\t\t<\/div>\n\t\t<\/section>\n\t\t\t\t<section class=\"elementor-section elementor-top-section elementor-element elementor-element-545ee46c elementor-section-boxed elementor-section-height-default elementor-section-height-default\" data-id=\"545ee46c\" data-element_type=\"section\" data-e-type=\"section\">\n\t\t\t\t\t\t<div class=\"elementor-container elementor-column-gap-default\">\n\t\t\t\t\t<div class=\"elementor-column elementor-col-100 elementor-top-column elementor-element elementor-element-7442171\" data-id=\"7442171\" data-element_type=\"column\" data-e-type=\"column\">\n\t\t\t<div class=\"elementor-widget-wrap elementor-element-populated\">\n\t\t\t\t\t\t<div class=\"elementor-element elementor-element-1ce8e03b elementor-widget elementor-widget-text-editor\" data-id=\"1ce8e03b\" data-element_type=\"widget\" data-e-type=\"widget\" data-widget_type=\"text-editor.default\">\n\t\t\t\t<div class=\"elementor-widget-container\">\n\t\t\t\t\t\t\t\t\t<p><\/p>\n<p>a <a href=\"https:\/\/mythslegendes.com\/es\/\">mito<\/a> bien arraigado en la cultura portuguesa est\u00e1 el del Quinto Imperio, el sebastianismo, seg\u00fan el cual \u201cPortugal tendr\u00eda, por razones casi m\u00edsticas, una misi\u00f3n particular que cumplir en t\u00e9rminos de civilizaci\u00f3n... Es cierto que, en lo profundo del alma portuguesa, la idea existe que ser\u00edamos como un puente tendido entre el Atl\u00e1ntico y el Mediterr\u00e1neo. \u00bfNo somos el sur del Norte y el norte del Sur?\u201d<\/p>\n<p><img decoding=\"async\" class=\"alignnone wp-image-5284 size-full\" src=\"https:\/\/mythslegendes.com\/wp-content\/uploads\/2020\/09\/AlphaOmega-e1602613368367.png\" alt=\"Sebastianismo\" width=\"25\" height=\"26\" title=\"\"><\/p>\n<div id=\"ez-toc-container\" class=\"ez-toc-v2_0_82_2 counter-hierarchy ez-toc-counter ez-toc-grey ez-toc-container-direction\">\n<div class=\"ez-toc-title-container\">\n<p class=\"ez-toc-title\" style=\"cursor:inherit\">Contenido<\/p>\n<span class=\"ez-toc-title-toggle\"><a href=\"#\" class=\"ez-toc-pull-right ez-toc-btn ez-toc-btn-xs ez-toc-btn-default ez-toc-toggle\" aria-label=\"Alternar tabla de contenidos\"><span class=\"ez-toc-js-icon-con\"><span class=\"\"><span class=\"eztoc-hide\" style=\"display:none;\">Palanca<\/span><span class=\"ez-toc-icon-toggle-span\"><svg style=\"fill: #999;color:#999\" xmlns=\"http:\/\/www.w3.org\/2000\/svg\" class=\"list-377408\" width=\"20px\" height=\"20px\" viewbox=\"0 0 24 24\" fill=\"none\"><path d=\"M6 6H4v2h2V6zm14 0H8v2h12V6zM4 11h2v2H4v-2zm16 0H8v2h12v-2zM4 16h2v2H4v-2zm16 0H8v2h12v-2z\" fill=\"currentColor\"><\/path><\/svg><svg style=\"fill: #999;color:#999\" class=\"arrow-unsorted-368013\" xmlns=\"http:\/\/www.w3.org\/2000\/svg\" width=\"10px\" height=\"10px\" viewbox=\"0 0 24 24\" version=\"1.2\" baseprofile=\"tiny\"><path d=\"M18.2 9.3l-6.2-6.3-6.2 6.3c-.2.2-.3.4-.3.7s.1.5.3.7c.2.2.4.3.7.3h11c.3 0 .5-.1.7-.3.2-.2.3-.5.3-.7s-.1-.5-.3-.7zM5.8 14.7l6.2 6.3 6.2-6.3c.2-.2.3-.5.3-.7s-.1-.5-.3-.7c-.2-.2-.4-.3-.7-.3h-11c-.3 0-.5.1-.7.3-.2.2-.3.5-.3.7s.1.5.3.7z\"\/><\/svg><\/span><\/span><\/span><\/a><\/span><\/div>\n<nav><ul class='ez-toc-list ez-toc-list-level-1' ><li class='ez-toc-page-1 ez-toc-heading-level-2'><a class=\"ez-toc-link ez-toc-heading-1\" href=\"https:\/\/mythslegendes.com\/es\/mitologia-iberica\/el-sebastianismo\/#Sebastianisme\" >Sebastianismo<\/a><\/li><\/ul><\/nav><\/div>\n<h2><span class=\"ez-toc-section\" id=\"Sebastianisme\"><\/span>Sebastianismo<span class=\"ez-toc-section-end\"><\/span><\/h2>\n<p><\/p>\n<p>Esta cita de Dur\u00e3o Barroso, presidente de la Comisi\u00f3n Europea y ex primer ministro portugu\u00e9s, resume a la perfecci\u00f3n el mito del Quinto Imperio.<\/p>\n<p><\/p>\n<p>Gon\u00e7alo Yannes Bandarra, coordinador y poeta del Renacimiento de habla portuguesa, es el autor de estas profec\u00edas. \u00c9l tambi\u00e9n est\u00e1 en el origen del &quot;S\u00e9bastianism&quot;, el mito del gran regreso de S\u00e9bastien, el desaparecido rey portugu\u00e9s, que volver\u00eda en un d\u00eda brumoso en un majestuoso caballo blanco para liberar a su pueblo del yugo de la impotencia que ha afligido a los Portugu\u00e9s desde siglos.<\/p>\n<p><\/p>\n<p>Bandarra predijo el cumplimiento de su profec\u00eda tras la desaparici\u00f3n de las cuatro monarqu\u00edas de los caldeos (Babilonia), <a href=\"https:\/\/mythslegendes.com\/es\/mythes-et-legendes-de-perse-1542\/\">persas<\/a>, desde <a href=\"https:\/\/mythslegendes.com\/es\/mythes-et-legendes-grecques-1664\/\">griegos<\/a> y los romanos. Para \u00e9l, este imperio es el de la unificaci\u00f3n del cristianismo por un mes\u00edas portugu\u00e9s.<\/p>\n<p><\/p>\n<p>El padre Ant\u00f4nio Vieira, en el siglo XVII, en un contexto hist\u00f3rico de ocupaci\u00f3n espa\u00f1ola, imbuido de fe y fervor religioso, incluso de fanatismo, lleg\u00f3 incluso a proponer la alianza ib\u00e9rica al rey Juan IV, entonces en guerra con Espa\u00f1a.<\/p>\n<p>Vio en esta alianza la promesa del cumplimiento de su concepci\u00f3n del Quinto Imperio: el Portugal pr\u00f3spero y resplandeciente de anta\u00f1o. Su amor por su tierra natal y sus deseos de grandeza lo condenaron al aislamiento. Nos leg\u00f3 la idea del sue\u00f1o imposible, la fatalidad portuguesa.<\/p>\n<p>Fernando Pessoa continu\u00f3 la construcci\u00f3n del mito del Quinto Imperio. En su colecci\u00f3n El Mensaje, obra maestra de la literatura portuguesa del siglo XX, retoma el tema del destino portugu\u00e9s en un tono nost\u00e1lgico y melanc\u00f3lico, lleno de la tristeza del pasado, de la Saudade.<\/p>\n<p><\/p>\n<p>Para liberar al gran alma portuguesa de su pasado quim\u00e9rico, propone una concepci\u00f3n m\u00e1s universalista de las profec\u00edas de Vieira expresando su deseo de ver florecer un imperio de cultura y espiritualidad, en particular a trav\u00e9s del idioma portugu\u00e9s, base de la patria y las relaciones sociales. , de la tradici\u00f3n acumulada.<\/p>\n<p><\/p>\n<p>Elogia un imperio m\u00e1s universalista que el de Vieira, desprovisto de estructuras pol\u00edticas y religiosas, imbuido de individualismo, una especie de estado de \u00e1nimo. Pessoa afirm\u00f3 que \u00e9l mismo no exist\u00eda. Asimismo, el imperio que describe se arraiga en el alma portuguesa y se despliega en el resto del universo, que luego se convierte en escenario de la emancipaci\u00f3n de la cultura de los Saudade.<\/p>\n<p><\/p>\t\t\t\t\t\t\t\t<\/div>\n\t\t\t\t<\/div>\n\t\t\t\t\t<\/div>\n\t\t<\/div>\n\t\t\t\t\t<\/div>\n\t\t<\/section>\n\t\t\t\t<\/div>","protected":false},"excerpt":{"rendered":"<p>Wiki Mitolog\u00eda Ib\u00e9rica Un mito bien arraigado en la cultura portuguesa es el del Quinto Imperio, el Sebastianismo, seg\u00fan el cual\u2026 <\/p>","protected":false},"author":1,"featured_media":0,"parent":2187,"menu_order":0,"comment_status":"closed","ping_status":"closed","template":"","meta":{"footnotes":""},"class_list":["post-2292","page","type-page","status-publish","hentry"],"amp_enabled":true,"_links":{"self":[{"href":"https:\/\/mythslegendes.com\/es\/wp-json\/wp\/v2\/pages\/2292","targetHints":{"allow":["GET"]}}],"collection":[{"href":"https:\/\/mythslegendes.com\/es\/wp-json\/wp\/v2\/pages"}],"about":[{"href":"https:\/\/mythslegendes.com\/es\/wp-json\/wp\/v2\/types\/page"}],"author":[{"embeddable":true,"href":"https:\/\/mythslegendes.com\/es\/wp-json\/wp\/v2\/users\/1"}],"replies":[{"embeddable":true,"href":"https:\/\/mythslegendes.com\/es\/wp-json\/wp\/v2\/comments?post=2292"}],"version-history":[{"count":1,"href":"https:\/\/mythslegendes.com\/es\/wp-json\/wp\/v2\/pages\/2292\/revisions"}],"predecessor-version":[{"id":24763,"href":"https:\/\/mythslegendes.com\/es\/wp-json\/wp\/v2\/pages\/2292\/revisions\/24763"}],"up":[{"embeddable":true,"href":"https:\/\/mythslegendes.com\/es\/wp-json\/wp\/v2\/pages\/2187"}],"wp:attachment":[{"href":"https:\/\/mythslegendes.com\/es\/wp-json\/wp\/v2\/media?parent=2292"}],"curies":[{"name":"wp","href":"https:\/\/api.w.org\/{rel}","templated":true}]}}