{"id":22921,"date":"2022-09-02T08:45:48","date_gmt":"2022-09-02T08:45:48","guid":{"rendered":"https:\/\/mythslegendes.com\/?page_id=22921"},"modified":"2022-09-02T08:49:24","modified_gmt":"2022-09-02T08:49:24","slug":"hema-et-le-jeune-tafai","status":"publish","type":"page","link":"https:\/\/mythslegendes.com\/es\/mitologia-tahitiana-del-viento\/hema-y-joven-tafai\/","title":{"rendered":"Hema y el joven Tafa&#039;i"},"content":{"rendered":"<div data-elementor-type=\"wp-page\" data-elementor-id=\"22921\" class=\"elementor elementor-22921\">\n\t\t\t\t\t\t<section class=\"elementor-section elementor-top-section elementor-element elementor-element-d885845 elementor-section-boxed elementor-section-height-default elementor-section-height-default\" data-id=\"d885845\" data-element_type=\"section\" data-e-type=\"section\">\n\t\t\t\t\t\t<div class=\"elementor-container elementor-column-gap-default\">\n\t\t\t\t\t<div class=\"elementor-column elementor-col-50 elementor-top-column elementor-element elementor-element-aaebf7e\" data-id=\"aaebf7e\" data-element_type=\"column\" data-e-type=\"column\">\n\t\t\t<div class=\"elementor-widget-wrap elementor-element-populated\">\n\t\t\t\t\t\t<div class=\"elementor-element elementor-element-df3ade5 elementor-align-justify elementor-widget elementor-widget-button\" data-id=\"df3ade5\" data-element_type=\"widget\" data-e-type=\"widget\" data-widget_type=\"button.default\">\n\t\t\t\t<div class=\"elementor-widget-container\">\n\t\t\t\t\t\t\t\t\t<div class=\"elementor-button-wrapper\">\n\t\t\t\t\t<a class=\"elementor-button elementor-button-link elementor-size-sm\" href=\"https:\/\/mythslegendes.com\/es\/mitologia-tahitiana-del-viento\/\">\n\t\t\t\t\t\t<span class=\"elementor-button-content-wrapper\">\n\t\t\t\t\t\t\t\t\t<span class=\"elementor-button-text\">Mitolog\u00eda del viento tahitiano<\/span>\n\t\t\t\t\t<\/span>\n\t\t\t\t\t<\/a>\n\t\t\t\t<\/div>\n\t\t\t\t\t\t\t\t<\/div>\n\t\t\t\t<\/div>\n\t\t\t\t\t<\/div>\n\t\t<\/div>\n\t\t\t\t<div class=\"elementor-column elementor-col-50 elementor-top-column elementor-element elementor-element-55d82f5\" data-id=\"55d82f5\" data-element_type=\"column\" data-e-type=\"column\">\n\t\t\t<div class=\"elementor-widget-wrap elementor-element-populated\">\n\t\t\t\t\t\t<div class=\"elementor-element elementor-element-0fa5088 elementor-align-justify elementor-widget elementor-widget-button\" data-id=\"0fa5088\" data-element_type=\"widget\" data-e-type=\"widget\" data-widget_type=\"button.default\">\n\t\t\t\t<div class=\"elementor-widget-container\">\n\t\t\t\t\t\t\t\t\t<div class=\"elementor-button-wrapper\">\n\t\t\t\t\t<a class=\"elementor-button elementor-button-link elementor-size-sm\" href=\"https:\/\/www.tahitiheritage.pf\/legende-tafai-2-hema-jeunesse-tafai\/\" target=\"_blank\" rel=\"noopener\">\n\t\t\t\t\t\t<span class=\"elementor-button-content-wrapper\">\n\t\t\t\t\t\t\t\t\t<span class=\"elementor-button-text\">Wiki<\/span>\n\t\t\t\t\t<\/span>\n\t\t\t\t\t<\/a>\n\t\t\t\t<\/div>\n\t\t\t\t\t\t\t\t<\/div>\n\t\t\t\t<\/div>\n\t\t\t\t\t<\/div>\n\t\t<\/div>\n\t\t\t\t\t<\/div>\n\t\t<\/section>\n\t\t\t\t<section class=\"elementor-section elementor-top-section elementor-element elementor-element-968e184 elementor-section-boxed elementor-section-height-default elementor-section-height-default\" data-id=\"968e184\" data-element_type=\"section\" data-e-type=\"section\">\n\t\t\t\t\t\t<div class=\"elementor-container elementor-column-gap-default\">\n\t\t\t\t\t<div class=\"elementor-column elementor-col-100 elementor-top-column elementor-element elementor-element-df3127e\" data-id=\"df3127e\" data-element_type=\"column\" data-e-type=\"column\">\n\t\t\t<div class=\"elementor-widget-wrap elementor-element-populated\">\n\t\t\t\t\t\t<div class=\"elementor-element elementor-element-73b3c9d elementor-widget elementor-widget-text-editor\" data-id=\"73b3c9d\" data-element_type=\"widget\" data-e-type=\"widget\" data-widget_type=\"text-editor.default\">\n\t\t\t\t<div class=\"elementor-widget-container\">\n\t\t\t\t\t\t\t\t\t<p>La segunda parte del gran <a href=\"https:\/\/mythslegendes.com\/es\/\">leyenda<\/a> <a href=\"https:\/\/mythslegendes.com\/es\/mitologia-tahitiana-del-viento\/\">tahitiano<\/a> de Tafa&#039;i, uno de los h\u00e9roes m\u00edticos de la cultura polinesia, narra el matrimonio de Hina y las aventuras de su hijo Hema y su nieto Tafa&#039;i. La primera parte de esta leyenda hablaba del tr\u00e1gico amor de Hina y Monoihere.<\/p><p><img decoding=\"async\" class=\"alignnone wp-image-9347 size-full\" src=\"http:\/\/mythslegendes.com\/wp-content\/uploads\/2020\/09\/cropped-AlphaOmega-e1602613368367.png\" alt=\"hema tafa&#039;i\" width=\"25\" height=\"25\" title=\"\"><\/p>\t\t\t\t\t\t\t\t<\/div>\n\t\t\t\t<\/div>\n\t\t\t\t\t<\/div>\n\t\t<\/div>\n\t\t\t\t\t<\/div>\n\t\t<\/section>\n\t\t\t\t<section class=\"elementor-section elementor-top-section elementor-element elementor-element-4c9af3b elementor-section-boxed elementor-section-height-default elementor-section-height-default\" data-id=\"4c9af3b\" data-element_type=\"section\" data-e-type=\"section\">\n\t\t\t\t\t\t<div class=\"elementor-container elementor-column-gap-default\">\n\t\t\t\t\t<div class=\"elementor-column elementor-col-100 elementor-top-column elementor-element elementor-element-bccb262\" data-id=\"bccb262\" data-element_type=\"column\" data-e-type=\"column\">\n\t\t\t<div class=\"elementor-widget-wrap elementor-element-populated\">\n\t\t\t\t\t\t<div class=\"elementor-element elementor-element-376d4fa elementor-widget elementor-widget-heading\" data-id=\"376d4fa\" data-element_type=\"widget\" data-e-type=\"widget\" data-widget_type=\"heading.default\">\n\t\t\t\t<div class=\"elementor-widget-container\">\n\t\t\t\t\t<div id=\"ez-toc-container\" class=\"ez-toc-v2_0_82_2 counter-hierarchy ez-toc-counter ez-toc-grey ez-toc-container-direction\">\n<div class=\"ez-toc-title-container\">\n<p class=\"ez-toc-title\" style=\"cursor:inherit\">Contenido<\/p>\n<span class=\"ez-toc-title-toggle\"><a href=\"#\" class=\"ez-toc-pull-right ez-toc-btn ez-toc-btn-xs ez-toc-btn-default ez-toc-toggle\" aria-label=\"Alternar tabla de contenidos\"><span class=\"ez-toc-js-icon-con\"><span class=\"\"><span class=\"eztoc-hide\" style=\"display:none;\">Palanca<\/span><span class=\"ez-toc-icon-toggle-span\"><svg style=\"fill: #999;color:#999\" xmlns=\"http:\/\/www.w3.org\/2000\/svg\" class=\"list-377408\" width=\"20px\" height=\"20px\" viewbox=\"0 0 24 24\" fill=\"none\"><path d=\"M6 6H4v2h2V6zm14 0H8v2h12V6zM4 11h2v2H4v-2zm16 0H8v2h12v-2zM4 16h2v2H4v-2zm16 0H8v2h12v-2z\" fill=\"currentColor\"><\/path><\/svg><svg style=\"fill: #999;color:#999\" class=\"arrow-unsorted-368013\" xmlns=\"http:\/\/www.w3.org\/2000\/svg\" width=\"10px\" height=\"10px\" viewbox=\"0 0 24 24\" version=\"1.2\" baseprofile=\"tiny\"><path d=\"M18.2 9.3l-6.2-6.3-6.2 6.3c-.2.2-.3.4-.3.7s.1.5.3.7c.2.2.4.3.7.3h11c.3 0 .5-.1.7-.3.2-.2.3-.5.3-.7s-.1-.5-.3-.7zM5.8 14.7l6.2 6.3 6.2-6.3c.2-.2.3-.5.3-.7s-.1-.5-.3-.7c-.2-.2-.4-.3-.7-.3h-11c-.3 0-.5.1-.7.3-.2.2-.3.5-.3.7s.1.5.3.7z\"\/><\/svg><\/span><\/span><\/span><\/a><\/span><\/div>\n<nav><ul class='ez-toc-list ez-toc-list-level-1' ><li class='ez-toc-page-1 ez-toc-heading-level-2'><a class=\"ez-toc-link ez-toc-heading-1\" href=\"https:\/\/mythslegendes.com\/es\/mitologia-tahitiana-del-viento\/hema-y-joven-tafai\/#Lhistoire-de-Hema-et-de-la-jeunesse-de-Tafai\" >La historia de la juventud de Hema y Tafa&#039;i.<\/a><\/li><\/ul><\/nav><\/div>\n<h2 class=\"elementor-heading-title elementor-size-default\"><span class=\"ez-toc-section\" id=\"Lhistoire-de-Hema-et-de-la-jeunesse-de-Tafai\"><\/span>La historia de la juventud de Hema y Tafa&#039;i.<span class=\"ez-toc-section-end\"><\/span><\/h2>\t\t\t\t<\/div>\n\t\t\t\t<\/div>\n\t\t\t\t\t<\/div>\n\t\t<\/div>\n\t\t\t\t\t<\/div>\n\t\t<\/section>\n\t\t\t\t<section class=\"elementor-section elementor-top-section elementor-element elementor-element-9e6e9b1 elementor-section-boxed elementor-section-height-default elementor-section-height-default\" data-id=\"9e6e9b1\" data-element_type=\"section\" data-e-type=\"section\">\n\t\t\t\t\t\t<div class=\"elementor-container elementor-column-gap-default\">\n\t\t\t\t\t<div class=\"elementor-column elementor-col-100 elementor-top-column elementor-element elementor-element-edeafaa\" data-id=\"edeafaa\" data-element_type=\"column\" data-e-type=\"column\">\n\t\t\t<div class=\"elementor-widget-wrap elementor-element-populated\">\n\t\t\t\t\t\t<div class=\"elementor-element elementor-element-f7bbf57 elementor-widget elementor-widget-text-editor\" data-id=\"f7bbf57\" data-element_type=\"widget\" data-e-type=\"widget\" data-widget_type=\"text-editor.default\">\n\t\t\t\t<div class=\"elementor-widget-container\">\n\t\t\t\t\t\t\t\t\t<p>Alg\u00fan tiempo despu\u00e9s de sus aventuras con su madre Nona, Hina se cas\u00f3 con el joven jefe No&#039;a que la hab\u00eda protegido y liberado, dio a luz a dos ni\u00f1os, el primero llamado P\u00fba&#039;ari&#039;i-tahi (Racimo de primeras ra\u00edces peque\u00f1as) y el segundo, Hema.<\/p><p>Ambos chicos se convirtieron en adolescentes guapos y eran surfistas expertos. Un d\u00eda mientras se dispon\u00edan a salir a practicar su deporte favorito, Hina le pidi\u00f3 a su hijo mayor Pu-a&#039;a-ri&#039;i-ahi que le peinara y cuando \u00e9l se neg\u00f3 ella le dijo \u201c\u00a1Ah! Tu esposa no ser\u00e1 una mujer de alto rango.<\/p><p>Luego le pregunt\u00f3 lo mismo a Hema y \u00e9l acept\u00f3 con entusiasmo. Mientras peinaba y trenzaba sus largas trenzas, vio un piojo que mostr\u00f3 a su madre, quien le dijo: &quot;Tu esposa ser\u00e1 una mujer extraordinaria&quot;.<\/p><p>Un poco m\u00e1s tarde, Pua&#039;a ri&#039;i tahi tom\u00f3 a Te&#039;ura como esposa. Ella le dio cinco hijos llamados Arihi nui apua, Ta oe a pua, Orooro-i-pua, Te mata tui&#039;au ia ro&#039;o y Te mata a&#039;a ra&#039;i.<\/p><p>Un d\u00eda su madre le dijo: \u201cLev\u00e1ntate temprano en la ma\u00f1ana y ve a cavar un hoyo en la margen derecha del r\u00edo Vaipoopoo en la punta de Haapape (Mahina). Esc\u00f3ndete en esta excavaci\u00f3n y pronto ver\u00e1s a una mujer muy hermosa de las regiones subterr\u00e1neas venir a ba\u00f1arse. Por detr\u00e1s, ag\u00e1rrala del pelo, porque es muy fuerte, ll\u00e9vala lejos y no dejes que toque el suelo hasta que hayas pasado cuatro casas en tu camino.<\/p><p>As\u00ed lo hizo Hema: cuando aparecieron los primeros rayos del sol, termin\u00f3 su agujero y se escondi\u00f3 all\u00ed con cuidado. Pronto vio aparecer a la diosa que silenciosamente entraba al agua, se zambull\u00eda, nadaba, jugaba en el agua como un pez. Terminado su ba\u00f1o, se desat\u00f3 el largo cabello que cubr\u00eda sus admirables formas y se sent\u00f3 en la orilla de espaldas a Hema.<\/p><p>\u00c9ste se acerc\u00f3 silenciosamente, agarr\u00f3 un mech\u00f3n de cabello que r\u00e1pidamente envolvi\u00f3 alrededor de su mu\u00f1eca y, a pesar de su resistencia, llev\u00f3 en sus brazos a la diosa que luchaba. \u00c9l hu\u00eda hacia su casa, pero cuando hab\u00eda pasado dos casas, ella le rog\u00f3 que la bajara un poco. \u00c9l accedi\u00f3 a su deseo pensando que ella caminar\u00eda tranquilamente a su lado.<\/p><p>\u00a0Pero tan pronto como toc\u00f3 el suelo huy\u00f3 y desapareci\u00f3 en una grieta que se cerr\u00f3 detr\u00e1s de ella. Hema regres\u00f3 a casa desesperado y le cont\u00f3 a su madre lo que le hab\u00eda sucedido. Ella le aconsej\u00f3 que regresara a la ma\u00f1ana siguiente al mismo lugar, recomend\u00e1ndole que no abandonara a la diosa antes de haber pasado cuatro casas.<\/p><p>Hema no pudo comer en todo el d\u00eda y al d\u00eda siguiente, al amanecer, se encontraba en su escondite junto al r\u00edo. La diosa lleg\u00f3 m\u00e1s temprano que el d\u00eda anterior, pensando as\u00ed escapar de su perseguidor; se ba\u00f1\u00f3 apresuradamente y, al no ver a nadie, volvi\u00f3 a sentarse en la orilla, muy cerca de Hema. La agarr\u00f3 como el d\u00eda anterior y, a pesar de sus esfuerzos por escapar y de sus s\u00faplicas, la llev\u00f3 a su casa.<\/p><p>Luego, al ver que los habitantes del mundo superior la hab\u00edan visto en brazos de Hema y la consideraban su esposa, habi\u00e9ndose encari\u00f1ado con el joven, accedi\u00f3 a quedarse con \u00e9l. Y ella, una diosa, se cas\u00f3 con un mortal seg\u00fan los ritos religiosos de aquella \u00e9poca.<\/p><p>Le pusieron el nombre de Hina Tahutahu (la maga) por su misterioso origen y su poder sobrenatural, porque curaba a los enfermos, pod\u00eda leer la mente y predecir el futuro.<\/p><p>Hina Tahutahu le dio a su marido Hema dos hijos: Arihi-nui-apua y un gigante rubio peludo como su abuelo y al que le pusieron el nombre de Tafa&#039;i-iri&#039;ura (Tafa&#039;i tiene la piel roja) que se conoce m\u00e1s simplemente. como Tafa&#039;i.<\/p><p>Desde muy joven, Tafa&#039;i demostr\u00f3 que hab\u00eda heredado los poderes sobrenaturales de su madre y que ten\u00eda conexiones con los dioses. Su hermano mayor nunca fue m\u00e1s que un simple l\u00edder mortal eclipsado por la gloria de su hermano menor. La primera infancia de estos dos ni\u00f1os la pas\u00f3 agradablemente jugando con sus primos y otros ni\u00f1os; sus juegos eran trompos, peque\u00f1os veleros, juegos de pelota, ba\u00f1os y nataci\u00f3n.<\/p><p>Pero lleg\u00f3 el d\u00eda en que quer\u00edan nuevos juegos. Los primos de Tafa&#039;i hac\u00edan bolas de arcilla que hac\u00edan rodar por el suelo y aquel cuya bola se romp\u00eda mientras rodaba era el perdedor.<\/p><p>Tafa&#039;i luego pregunt\u00f3 a su madre c\u00f3mo se pod\u00edan hacer bolas muy s\u00f3lidas y ella le aconsej\u00f3 que tomara arena fina de la playa, la mezclara con arcilla y las secara bien antes de usarlas. Hecho esto, se fue a jugar con sus primos quienes le gritaban: \u201c\u00a1Ah! querido Tafa&#039;i, ven y enrolla el tuyo&quot;<br \/>Pero Tafa&#039;i respondi\u00f3: &quot;No, los primeros deben ser los primeros y los \u00faltimos los \u00faltimos&quot;.<\/p><p>Empezaron a rodar sus bolas una tras otra y todas se rompieron excepto la de Tafa&#039;i, que sali\u00f3 victorioso del juego.<\/p><p>Luego, Tafa&#039;i y sus primos jugaron a la Titiraina, una canoa de juguete que se empuja con un palo y que se estabiliza mediante una nervadura de hoja de coco que act\u00faa como equilibrador.<\/p><p>El juguete se coloc\u00f3 en la superficie de las olas, un poco hacia el mar, desde donde flot\u00f3 hasta la orilla. A la orilla del mar se realizaban carreras entre estos juguetes y ganaba aquel cuya Titiraina llegaba primero a tierra. Tafa&#039;i, siguiendo instrucciones de su madre, fabric\u00f3 su canoa con un tallo de liana Pohue cuya ligereza le hac\u00eda ganar cada vez.<\/p><p>Sus primos, furiosos y celosos de verlo ganar siempre, se abalanzaron sobre \u00e9l y lo golpearon con tanta violencia que, crey\u00e9ndolo muerto, lo enterraron en la arena. Pero su madre, enter\u00e1ndose en el mismo momento de lo que estaba pasando, fue al lugar donde estaba el cuerpo y lo resucit\u00f3. Pero cuando ella lo interrog\u00f3 para saber qui\u00e9nes eran los responsables, \u00e9l intent\u00f3 exonerarlos.<\/p><p>C&#039;est ainsi que Tafa&#039;i excellait dans tout ce qu&#039;il entreprenait et bien souvent ses cousins par jalousie et d\u00e9pit le frappaient avec violence, le laissant pour mort, mais sa m\u00e8re qui le ramenait aussit\u00f4t \u00e0 la vie ne l&#039;entendait jamais quejarse. Al final Hema, su padre, arrepentido del trato que sus sobrinos le infligieron a su hijo, abandon\u00f3 este mundo y baj\u00f3 a Po (Oscuridad) para vivir all\u00ed.<\/p><p>Cuando Tafa&#039;i era a\u00fan un adolescente, su madre le transmiti\u00f3 todo su poder m\u00e1gico el cual \u00e9l penetr\u00f3 abriendo su boca sobre la cabeza de su madre, inmediatamente despu\u00e9s sinti\u00f3 la necesidad de viajar y realizar grandes haza\u00f1as.<\/p>\t\t\t\t\t\t\t\t<\/div>\n\t\t\t\t<\/div>\n\t\t\t\t\t<\/div>\n\t\t<\/div>\n\t\t\t\t\t<\/div>\n\t\t<\/section>\n\t\t\t\t<\/div>","protected":false},"excerpt":{"rendered":"<p>Tahitian Wind Mythology Wiki La segunda parte de la gran leyenda tahitiana de Tafa&#039;i, uno de los h\u00e9roes m\u00edticos de la \u2026 <\/p>","protected":false},"author":1,"featured_media":0,"parent":9989,"menu_order":0,"comment_status":"closed","ping_status":"closed","template":"","meta":{"footnotes":""},"class_list":["post-22921","page","type-page","status-publish","hentry"],"amp_enabled":true,"_links":{"self":[{"href":"https:\/\/mythslegendes.com\/es\/wp-json\/wp\/v2\/pages\/22921","targetHints":{"allow":["GET"]}}],"collection":[{"href":"https:\/\/mythslegendes.com\/es\/wp-json\/wp\/v2\/pages"}],"about":[{"href":"https:\/\/mythslegendes.com\/es\/wp-json\/wp\/v2\/types\/page"}],"author":[{"embeddable":true,"href":"https:\/\/mythslegendes.com\/es\/wp-json\/wp\/v2\/users\/1"}],"replies":[{"embeddable":true,"href":"https:\/\/mythslegendes.com\/es\/wp-json\/wp\/v2\/comments?post=22921"}],"version-history":[{"count":3,"href":"https:\/\/mythslegendes.com\/es\/wp-json\/wp\/v2\/pages\/22921\/revisions"}],"predecessor-version":[{"id":22925,"href":"https:\/\/mythslegendes.com\/es\/wp-json\/wp\/v2\/pages\/22921\/revisions\/22925"}],"up":[{"embeddable":true,"href":"https:\/\/mythslegendes.com\/es\/wp-json\/wp\/v2\/pages\/9989"}],"wp:attachment":[{"href":"https:\/\/mythslegendes.com\/es\/wp-json\/wp\/v2\/media?parent=22921"}],"curies":[{"name":"wp","href":"https:\/\/api.w.org\/{rel}","templated":true}]}}