{"id":22940,"date":"2022-09-02T09:03:45","date_gmt":"2022-09-02T09:03:45","guid":{"rendered":"https:\/\/mythslegendes.com\/?page_id=22940"},"modified":"2022-09-02T09:25:00","modified_gmt":"2022-09-02T09:25:00","slug":"legende-de-terehe","status":"publish","type":"page","link":"https:\/\/mythslegendes.com\/es\/mitologia-tahitiana-del-viento\/leyenda-de-terehe\/","title":{"rendered":"Leyenda de Terehe"},"content":{"rendered":"<div data-elementor-type=\"wp-page\" data-elementor-id=\"22940\" class=\"elementor elementor-22940\">\n\t\t\t\t\t\t<section class=\"elementor-section elementor-top-section elementor-element elementor-element-b976e5f elementor-section-boxed elementor-section-height-default elementor-section-height-default\" data-id=\"b976e5f\" data-element_type=\"section\" data-e-type=\"section\">\n\t\t\t\t\t\t<div class=\"elementor-container elementor-column-gap-default\">\n\t\t\t\t\t<div class=\"elementor-column elementor-col-50 elementor-top-column elementor-element elementor-element-ebf40eb\" data-id=\"ebf40eb\" data-element_type=\"column\" data-e-type=\"column\">\n\t\t\t<div class=\"elementor-widget-wrap elementor-element-populated\">\n\t\t\t\t\t\t<div class=\"elementor-element elementor-element-4d4df5c elementor-align-justify elementor-widget elementor-widget-button\" data-id=\"4d4df5c\" data-element_type=\"widget\" data-e-type=\"widget\" data-widget_type=\"button.default\">\n\t\t\t\t<div class=\"elementor-widget-container\">\n\t\t\t\t\t\t\t\t\t<div class=\"elementor-button-wrapper\">\n\t\t\t\t\t<a class=\"elementor-button elementor-button-link elementor-size-sm\" href=\"https:\/\/mythslegendes.com\/es\/mitologia-tahitiana-del-viento\/\">\n\t\t\t\t\t\t<span class=\"elementor-button-content-wrapper\">\n\t\t\t\t\t\t\t\t\t<span class=\"elementor-button-text\">Mitolog\u00eda del viento tahitiano<\/span>\n\t\t\t\t\t<\/span>\n\t\t\t\t\t<\/a>\n\t\t\t\t<\/div>\n\t\t\t\t\t\t\t\t<\/div>\n\t\t\t\t<\/div>\n\t\t\t\t\t<\/div>\n\t\t<\/div>\n\t\t\t\t<div class=\"elementor-column elementor-col-50 elementor-top-column elementor-element elementor-element-a270eac\" data-id=\"a270eac\" data-element_type=\"column\" data-e-type=\"column\">\n\t\t\t<div class=\"elementor-widget-wrap elementor-element-populated\">\n\t\t\t\t\t\t<div class=\"elementor-element elementor-element-343cbca elementor-align-justify elementor-widget elementor-widget-button\" data-id=\"343cbca\" data-element_type=\"widget\" data-e-type=\"widget\" data-widget_type=\"button.default\">\n\t\t\t\t<div class=\"elementor-widget-container\">\n\t\t\t\t\t\t\t\t\t<div class=\"elementor-button-wrapper\">\n\t\t\t\t\t<a class=\"elementor-button elementor-button-link elementor-size-sm\" href=\"https:\/\/www.tahitiheritage.pf\/legende-terehe-poisson-tahiti\/\" target=\"_blank\" rel=\"noopener\">\n\t\t\t\t\t\t<span class=\"elementor-button-content-wrapper\">\n\t\t\t\t\t\t\t\t\t<span class=\"elementor-button-text\">Wiki<\/span>\n\t\t\t\t\t<\/span>\n\t\t\t\t\t<\/a>\n\t\t\t\t<\/div>\n\t\t\t\t\t\t\t\t<\/div>\n\t\t\t\t<\/div>\n\t\t\t\t\t<\/div>\n\t\t<\/div>\n\t\t\t\t\t<\/div>\n\t\t<\/section>\n\t\t\t\t<section class=\"elementor-section elementor-top-section elementor-element elementor-element-8115565 elementor-section-boxed elementor-section-height-default elementor-section-height-default\" data-id=\"8115565\" data-element_type=\"section\" data-e-type=\"section\">\n\t\t\t\t\t\t<div class=\"elementor-container elementor-column-gap-default\">\n\t\t\t\t\t<div class=\"elementor-column elementor-col-100 elementor-top-column elementor-element elementor-element-82e45f3\" data-id=\"82e45f3\" data-element_type=\"column\" data-e-type=\"column\">\n\t\t\t<div class=\"elementor-widget-wrap elementor-element-populated\">\n\t\t\t\t\t\t<div class=\"elementor-element elementor-element-34707c5 elementor-widget elementor-widget-text-editor\" data-id=\"34707c5\" data-element_type=\"widget\" data-e-type=\"widget\" data-widget_type=\"text-editor.default\">\n\t\t\t\t<div class=\"elementor-widget-container\">\n\t\t\t\t\t\t\t\t\t<p>La existencia de <a href=\"https:\/\/mythslegendes.com\/es\/mitologia-tahitiana-del-viento\/\">Tahit\u00ed<\/a> vendr\u00eda de un enorme pez que viene de <a href=\"https:\/\/mythslegendes.com\/es\/mitologia-tahitiana-sotavento\/\">Raiatea<\/a> y cruzando el oc\u00e9ano hacia el este, como la hermosa <a href=\"https:\/\/mythslegendes.com\/es\/\">leyenda<\/a> de Terehe, tambi\u00e9n llamada la leyenda de Tahiti Nui.<\/p><p><img decoding=\"async\" class=\"alignnone wp-image-9347 size-full\" src=\"http:\/\/mythslegendes.com\/wp-content\/uploads\/2020\/09\/cropped-AlphaOmega-e1602613368367.png\" alt=\"leyenda de terehe\" width=\"25\" height=\"25\" title=\"\"><\/p>\t\t\t\t\t\t\t\t<\/div>\n\t\t\t\t<\/div>\n\t\t\t\t\t<\/div>\n\t\t<\/div>\n\t\t\t\t\t<\/div>\n\t\t<\/section>\n\t\t\t\t<section class=\"elementor-section elementor-top-section elementor-element elementor-element-d4beec3 elementor-section-boxed elementor-section-height-default elementor-section-height-default\" data-id=\"d4beec3\" data-element_type=\"section\" data-e-type=\"section\">\n\t\t\t\t\t\t<div class=\"elementor-container elementor-column-gap-default\">\n\t\t\t\t\t<div class=\"elementor-column elementor-col-100 elementor-top-column elementor-element elementor-element-6204fe9\" data-id=\"6204fe9\" data-element_type=\"column\" data-e-type=\"column\">\n\t\t\t<div class=\"elementor-widget-wrap elementor-element-populated\">\n\t\t\t\t\t\t<div class=\"elementor-element elementor-element-e2e6daa elementor-widget elementor-widget-heading\" data-id=\"e2e6daa\" data-element_type=\"widget\" data-e-type=\"widget\" data-widget_type=\"heading.default\">\n\t\t\t\t<div class=\"elementor-widget-container\">\n\t\t\t\t\t<div id=\"ez-toc-container\" class=\"ez-toc-v2_0_82_2 counter-hierarchy ez-toc-counter ez-toc-grey ez-toc-container-direction\">\n<div class=\"ez-toc-title-container\">\n<p class=\"ez-toc-title\" style=\"cursor:inherit\">Contenido<\/p>\n<span class=\"ez-toc-title-toggle\"><a href=\"#\" class=\"ez-toc-pull-right ez-toc-btn ez-toc-btn-xs ez-toc-btn-default ez-toc-toggle\" aria-label=\"Alternar tabla de contenidos\"><span class=\"ez-toc-js-icon-con\"><span class=\"\"><span class=\"eztoc-hide\" style=\"display:none;\">Palanca<\/span><span class=\"ez-toc-icon-toggle-span\"><svg style=\"fill: #999;color:#999\" xmlns=\"http:\/\/www.w3.org\/2000\/svg\" class=\"list-377408\" width=\"20px\" height=\"20px\" viewbox=\"0 0 24 24\" fill=\"none\"><path d=\"M6 6H4v2h2V6zm14 0H8v2h12V6zM4 11h2v2H4v-2zm16 0H8v2h12v-2zM4 16h2v2H4v-2zm16 0H8v2h12v-2z\" fill=\"currentColor\"><\/path><\/svg><svg style=\"fill: #999;color:#999\" class=\"arrow-unsorted-368013\" xmlns=\"http:\/\/www.w3.org\/2000\/svg\" width=\"10px\" height=\"10px\" viewbox=\"0 0 24 24\" version=\"1.2\" baseprofile=\"tiny\"><path d=\"M18.2 9.3l-6.2-6.3-6.2 6.3c-.2.2-.3.4-.3.7s.1.5.3.7c.2.2.4.3.7.3h11c.3 0 .5-.1.7-.3.2-.2.3-.5.3-.7s-.1-.5-.3-.7zM5.8 14.7l6.2 6.3 6.2-6.3c.2-.2.3-.5.3-.7s-.1-.5-.3-.7c-.2-.2-.4-.3-.7-.3h-11c-.3 0-.5.1-.7.3-.2.2-.3.5-.3.7s.1.5.3.7z\"\/><\/svg><\/span><\/span><\/span><\/a><\/span><\/div>\n<nav><ul class='ez-toc-list ez-toc-list-level-1' ><li class='ez-toc-page-1 ez-toc-heading-level-2'><a class=\"ez-toc-link ez-toc-heading-1\" href=\"https:\/\/mythslegendes.com\/es\/mitologia-tahitiana-del-viento\/leyenda-de-terehe\/#Legende-de-Terehe-dite-de-Tahiti-Nui\" >Leyenda de Terehe dicho de Tahiti Nui<\/a><\/li><\/ul><\/nav><\/div>\n<h2 class=\"elementor-heading-title elementor-size-default\"><span class=\"ez-toc-section\" id=\"Legende-de-Terehe-dite-de-Tahiti-Nui\"><\/span>Leyenda de Terehe dicho de Tahiti Nui<span class=\"ez-toc-section-end\"><\/span><\/h2>\t\t\t\t<\/div>\n\t\t\t\t<\/div>\n\t\t\t\t\t<\/div>\n\t\t<\/div>\n\t\t\t\t\t<\/div>\n\t\t<\/section>\n\t\t\t\t<section class=\"elementor-section elementor-top-section elementor-element elementor-element-58ab88a elementor-section-boxed elementor-section-height-default elementor-section-height-default\" data-id=\"58ab88a\" data-element_type=\"section\" data-e-type=\"section\">\n\t\t\t\t\t\t<div class=\"elementor-container elementor-column-gap-default\">\n\t\t\t\t\t<div class=\"elementor-column elementor-col-100 elementor-top-column elementor-element elementor-element-615d75a\" data-id=\"615d75a\" data-element_type=\"column\" data-e-type=\"column\">\n\t\t\t<div class=\"elementor-widget-wrap elementor-element-populated\">\n\t\t\t\t\t\t<div class=\"elementor-element elementor-element-4a89b46 elementor-widget elementor-widget-text-editor\" data-id=\"4a89b46\" data-element_type=\"widget\" data-e-type=\"widget\" data-widget_type=\"text-editor.default\">\n\t\t\t\t<div class=\"elementor-widget-container\">\n\t\t\t\t\t\t\t\t\t<p>Al ba\u00f1arse en un r\u00edo en la isla de Grand Havai&#039;i, la joven Terehe desafi\u00f3 una prohibici\u00f3n. Los dioses enojados sacaron una anguila de las profundidades. Agitado, devor\u00f3 entonces un pedazo de tierra, provocando la separaci\u00f3n del gran Havai&#039;i y el nacimiento de Raiatea y Taha&#039;a. La anguila, que se ha convertido en el pez Tahiti Nui, es llevada luego a otro destino y se convierte en una isla.<\/p><p>En tiempos muy antiguos, Raiatea y Taha&#039;a formaron una gran isla llamada la gran Havai&#039;i. Un d\u00eda en esta isla, los sacerdotes emprenden la construcci\u00f3n de un nuevo marae y proclaman un tapu (una prohibici\u00f3n). No se debe hacer ruido para no perturbar el ambiente sagrado. Ning\u00fan gallo debe cantar. Ning\u00fan perro debe ladrar. Nadie debe moverse.<\/p><p>Pero una joven de la familia real de Raiatea, Terehe, de rara belleza, rompe la ley sagrada y se ba\u00f1a en el r\u00edo. Los dioses irritados sacan de un agujero a un tunapu, una anguila de las profundidades, que se traga a Terehe de un solo golpe.<\/p><p>Pero el alma de Terehe perturba el esp\u00edritu de la anguila que desciende a las profundidades. Al perder el equilibrio, la anguila nada en todas direcciones, salta y derriba \u00e1rboles y rocas. Ella devora el centro de la isla. Nace as\u00ed un estrecho que separa la gran Havai&#039;i en dos islas distintas: Raiatea y Taha&#039;a. La anguila se hace m\u00e1s y m\u00e1s grande y, a su vez, se convierte en un enorme pez. El dios Taaroa luego env\u00eda al sumo sacerdote Turahunui para guiar al pez a su destino.<\/p><p>El pez toma el nombre de Tahiti Nui (la gran Tahit\u00ed). Llegado al destino, en el momento de estabilizar el pez, ning\u00fan guerrero es capaz de liberarlo con su hacha a pesar de su coraje y valor. Entonces se apela a Tafa&#039;i-upo&#039;o-tu, el h\u00e9roe digno de coraz\u00f3n que propone ir a <a href=\"https:\/\/mythslegendes.com\/es\/mitologia-del-sur-de-tahiti\/\">Tubuai<\/a> busca el Hacha Sagrada del Alto Jefe Marere Nui.\u00a0<\/p><p>Tafa&#039;i regresa con el hacha de poder sobrenatural pero es tan pesada que no puede levantarla. Tafa&#039;i convoca a Tinorua, el amo del oc\u00e9ano. Entonces, el hacha se vuelve ligera y puede romper f\u00e1cilmente las ataduras del pez gigante, que se ha convertido en una isla.<\/p><p>Este pez grande y hermoso se ha convertido en la hermosa isla de Tahit\u00ed. &#039;Orohena, la monta\u00f1a m\u00e1s alta, es como su nombre indica, la primera aleta dorsal. Tahit\u00ed iti (la peque\u00f1a Tahit\u00ed, la pen\u00ednsula) y Moorea formaban la segunda aleta dorsal. Las islas de Me&#039;etia (<a href=\"https:\/\/mythslegendes.com\/es\/mitologia-tahitiana-del-viento\/\">Mehetia<\/a>) y Teti&#039;aroa son excrementos del pez cuando se detuvo en Hitia&#039;a.<\/p>\t\t\t\t\t\t\t\t<\/div>\n\t\t\t\t<\/div>\n\t\t\t\t\t<\/div>\n\t\t<\/div>\n\t\t\t\t\t<\/div>\n\t\t<\/section>\n\t\t\t\t<\/div>","protected":false},"excerpt":{"rendered":"<p>Wiki Mitolog\u00eda Tahitiana del Viento La existencia de Tahit\u00ed vendr\u00eda de un enorme pez procedente de Raiatea y cruzando el oc\u00e9ano hacia el Este, \u2026 <\/p>","protected":false},"author":1,"featured_media":0,"parent":9989,"menu_order":0,"comment_status":"closed","ping_status":"closed","template":"","meta":{"footnotes":""},"class_list":["post-22940","page","type-page","status-publish","hentry"],"amp_enabled":true,"_links":{"self":[{"href":"https:\/\/mythslegendes.com\/es\/wp-json\/wp\/v2\/pages\/22940","targetHints":{"allow":["GET"]}}],"collection":[{"href":"https:\/\/mythslegendes.com\/es\/wp-json\/wp\/v2\/pages"}],"about":[{"href":"https:\/\/mythslegendes.com\/es\/wp-json\/wp\/v2\/types\/page"}],"author":[{"embeddable":true,"href":"https:\/\/mythslegendes.com\/es\/wp-json\/wp\/v2\/users\/1"}],"replies":[{"embeddable":true,"href":"https:\/\/mythslegendes.com\/es\/wp-json\/wp\/v2\/comments?post=22940"}],"version-history":[{"count":3,"href":"https:\/\/mythslegendes.com\/es\/wp-json\/wp\/v2\/pages\/22940\/revisions"}],"predecessor-version":[{"id":22954,"href":"https:\/\/mythslegendes.com\/es\/wp-json\/wp\/v2\/pages\/22940\/revisions\/22954"}],"up":[{"embeddable":true,"href":"https:\/\/mythslegendes.com\/es\/wp-json\/wp\/v2\/pages\/9989"}],"wp:attachment":[{"href":"https:\/\/mythslegendes.com\/es\/wp-json\/wp\/v2\/media?parent=22940"}],"curies":[{"name":"wp","href":"https:\/\/api.w.org\/{rel}","templated":true}]}}