{"id":2296,"date":"2020-07-10T15:07:55","date_gmt":"2020-07-10T14:07:55","guid":{"rendered":"https:\/\/mythslegendes.com\/?page_id=2296"},"modified":"2022-12-03T22:07:07","modified_gmt":"2022-12-03T22:07:07","slug":"la-chapelle-des-os","status":"publish","type":"page","link":"https:\/\/mythslegendes.com\/es\/mitologia-iberica\/la-capilla-de-los-huesos\/","title":{"rendered":"La Capilla de los Huesos"},"content":{"rendered":"<div data-elementor-type=\"wp-page\" data-elementor-id=\"2296\" class=\"elementor elementor-2296\">\n\t\t\t\t\t\t<section class=\"elementor-section elementor-top-section elementor-element elementor-element-a8f8543 elementor-section-boxed elementor-section-height-default elementor-section-height-default\" data-id=\"a8f8543\" data-element_type=\"section\" data-e-type=\"section\">\n\t\t\t\t\t\t<div class=\"elementor-container elementor-column-gap-default\">\n\t\t\t\t\t<div class=\"elementor-column elementor-col-50 elementor-top-column elementor-element elementor-element-a93215c\" data-id=\"a93215c\" data-element_type=\"column\" data-e-type=\"column\">\n\t\t\t<div class=\"elementor-widget-wrap elementor-element-populated\">\n\t\t\t\t\t\t<div class=\"elementor-element elementor-element-efe9715 elementor-align-justify elementor-widget elementor-widget-button\" data-id=\"efe9715\" data-element_type=\"widget\" data-e-type=\"widget\" data-widget_type=\"button.default\">\n\t\t\t\t<div class=\"elementor-widget-container\">\n\t\t\t\t\t\t\t\t\t<div class=\"elementor-button-wrapper\">\n\t\t\t\t\t<a class=\"elementor-button elementor-button-link elementor-size-sm\" href=\"https:\/\/mythslegendes.com\/es\/mitologia-iberica\/\">\n\t\t\t\t\t\t<span class=\"elementor-button-content-wrapper\">\n\t\t\t\t\t\t\t\t\t<span class=\"elementor-button-text\">Mitolog\u00eda ib\u00e9rica<\/span>\n\t\t\t\t\t<\/span>\n\t\t\t\t\t<\/a>\n\t\t\t\t<\/div>\n\t\t\t\t\t\t\t\t<\/div>\n\t\t\t\t<\/div>\n\t\t\t\t\t<\/div>\n\t\t<\/div>\n\t\t\t\t<div class=\"elementor-column elementor-col-50 elementor-top-column elementor-element elementor-element-7498314\" data-id=\"7498314\" data-element_type=\"column\" data-e-type=\"column\">\n\t\t\t<div class=\"elementor-widget-wrap elementor-element-populated\">\n\t\t\t\t\t\t<div class=\"elementor-element elementor-element-673a570 elementor-align-justify elementor-widget elementor-widget-button\" data-id=\"673a570\" data-element_type=\"widget\" data-e-type=\"widget\" data-widget_type=\"button.default\">\n\t\t\t\t<div class=\"elementor-widget-container\">\n\t\t\t\t\t\t\t\t\t<div class=\"elementor-button-wrapper\">\n\t\t\t\t\t<a class=\"elementor-button elementor-button-link elementor-size-sm\" href=\"https:\/\/en.wikipedia.org\/wiki\/Spanish_mythology\" target=\"_blank\" rel=\"noopener\">\n\t\t\t\t\t\t<span class=\"elementor-button-content-wrapper\">\n\t\t\t\t\t\t\t\t\t<span class=\"elementor-button-text\">Wiki<\/span>\n\t\t\t\t\t<\/span>\n\t\t\t\t\t<\/a>\n\t\t\t\t<\/div>\n\t\t\t\t\t\t\t\t<\/div>\n\t\t\t\t<\/div>\n\t\t\t\t\t<\/div>\n\t\t<\/div>\n\t\t\t\t\t<\/div>\n\t\t<\/section>\n\t\t\t\t<section class=\"elementor-section elementor-top-section elementor-element elementor-element-52dd5d77 elementor-section-boxed elementor-section-height-default elementor-section-height-default\" data-id=\"52dd5d77\" data-element_type=\"section\" data-e-type=\"section\">\n\t\t\t\t\t\t<div class=\"elementor-container elementor-column-gap-default\">\n\t\t\t\t\t<div class=\"elementor-column elementor-col-100 elementor-top-column elementor-element elementor-element-467d8668\" data-id=\"467d8668\" data-element_type=\"column\" data-e-type=\"column\">\n\t\t\t<div class=\"elementor-widget-wrap elementor-element-populated\">\n\t\t\t\t\t\t<div class=\"elementor-element elementor-element-431fc64a elementor-widget elementor-widget-text-editor\" data-id=\"431fc64a\" data-element_type=\"widget\" data-e-type=\"widget\" data-widget_type=\"text-editor.default\">\n\t\t\t\t<div class=\"elementor-widget-container\">\n\t\t\t\t\t\t\t\t\t<p><\/p>\n<p>Esta es la historia de la famosa Capilla de los Huesos.<\/p>\n<p><img decoding=\"async\" class=\"alignnone wp-image-5284 size-full\" src=\"https:\/\/mythslegendes.com\/wp-content\/uploads\/2020\/09\/AlphaOmega-e1602613368367.png\" alt=\"Capilla de los Huesos\" width=\"25\" height=\"26\" title=\"\"><\/p>\n<div id=\"ez-toc-container\" class=\"ez-toc-v2_0_82_2 counter-hierarchy ez-toc-counter ez-toc-grey ez-toc-container-direction\">\n<div class=\"ez-toc-title-container\">\n<p class=\"ez-toc-title\" style=\"cursor:inherit\">Contenido<\/p>\n<span class=\"ez-toc-title-toggle\"><a href=\"#\" class=\"ez-toc-pull-right ez-toc-btn ez-toc-btn-xs ez-toc-btn-default ez-toc-toggle\" aria-label=\"Alternar tabla de contenidos\"><span class=\"ez-toc-js-icon-con\"><span class=\"\"><span class=\"eztoc-hide\" style=\"display:none;\">Palanca<\/span><span class=\"ez-toc-icon-toggle-span\"><svg style=\"fill: #999;color:#999\" xmlns=\"http:\/\/www.w3.org\/2000\/svg\" class=\"list-377408\" width=\"20px\" height=\"20px\" viewbox=\"0 0 24 24\" fill=\"none\"><path d=\"M6 6H4v2h2V6zm14 0H8v2h12V6zM4 11h2v2H4v-2zm16 0H8v2h12v-2zM4 16h2v2H4v-2zm16 0H8v2h12v-2z\" fill=\"currentColor\"><\/path><\/svg><svg style=\"fill: #999;color:#999\" class=\"arrow-unsorted-368013\" xmlns=\"http:\/\/www.w3.org\/2000\/svg\" width=\"10px\" height=\"10px\" viewbox=\"0 0 24 24\" version=\"1.2\" baseprofile=\"tiny\"><path d=\"M18.2 9.3l-6.2-6.3-6.2 6.3c-.2.2-.3.4-.3.7s.1.5.3.7c.2.2.4.3.7.3h11c.3 0 .5-.1.7-.3.2-.2.3-.5.3-.7s-.1-.5-.3-.7zM5.8 14.7l6.2 6.3 6.2-6.3c.2-.2.3-.5.3-.7s-.1-.5-.3-.7c-.2-.2-.4-.3-.7-.3h-11c-.3 0-.5.1-.7.3-.2.2-.3.5-.3.7s.1.5.3.7z\"\/><\/svg><\/span><\/span><\/span><\/a><\/span><\/div>\n<nav><ul class='ez-toc-list ez-toc-list-level-1' ><li class='ez-toc-page-1 ez-toc-heading-level-2'><a class=\"ez-toc-link ez-toc-heading-1\" href=\"https:\/\/mythslegendes.com\/es\/mitologia-iberica\/la-capilla-de-los-huesos\/#La-chapelle-des-Os\" >La Capilla de los Huesos<\/a><\/li><\/ul><\/nav><\/div>\n<h2><span class=\"ez-toc-section\" id=\"La-chapelle-des-Os\"><\/span>La Capilla de los Huesos<span class=\"ez-toc-section-end\"><\/span><\/h2>\n<p>\u00c9vora es la capital de la provincia de Alentejo, en el centro-este de Portugal. Floreciente durante la \u00e9poca romana, experiment\u00f3 diferentes fortunas bajo los visigodos y durante la ocupaci\u00f3n \u00e1rabe. Despu\u00e9s de su liberaci\u00f3n, \u00c9vora se convirti\u00f3 a finales del siglo XII en la capital elegida por los soberanos portugueses.<\/p>\n<p>Experiment\u00f3 un auge cultural durante los siglos XV y XVI, lo que le proporcion\u00f3 un patrimonio arquitect\u00f3nico excepcional, donde el arte renacentista compite con el estilo manuelino y el arte decorativo musulm\u00e1n (arte luso-morisco).<\/p>\n<p><\/p>\n<p><\/p>\n<p>Despu\u00e9s del desastre de El Ksar el-K\u00e9bir, Portugal fue anexado a Espa\u00f1a, \u00c9vora no recuperar\u00eda su antigua gloria ni siquiera despu\u00e9s de la restauraci\u00f3n de la independencia portuguesa.<\/p>\n<p><\/p>\n<p><\/p>\n<p>Por estos motivos la ciudad tiene una arquitectura muy homog\u00e9nea, no parece haber cambiado desde el siglo XVI. Tambi\u00e9n est\u00e1 clasificado como Patrimonio de la Humanidad.<\/p>\n<p>Un paseo por sus calles, a veces de car\u00e1cter morisco, permite descubrir interesantes monumentos y obras, como la Catedral y su virgen embarazada, o incluso inesperados como el templo de Diana que data del siglo II o la Iglesia de Notre Dame de la Grace y sus atlantes \u201ccansados\u201d que han dejado su \u201ccarga\u201d.<\/p>\n<p><\/p>\n<p><\/p>\n<p>A\u00fan m\u00e1s sorprendente es la capilla de Os de la iglesia de Saint Fran\u00e7ois.<\/p>\n<p><\/p>\n<p><\/p>\n<p><em>Cuenta la historia que un monje franciscano lamentaba la falta de fe de sus hermanos, m\u00e1s atra\u00eddos por la vida secular del siglo XVI que por la meditaci\u00f3n y la oraci\u00f3n. Rez\u00f3 a Dios para que los devolviera al camino correcto y prometi\u00f3 construir una capilla y donar su esqueleto para la \u201cdecoraci\u00f3n\u201d de la capilla. <br \/><\/em><\/p>\n<p><em>Quiz\u00e1s Dios concedi\u00f3 su oraci\u00f3n, porque los monjes tocaron<\/em> <em>por este deseo tambi\u00e9n entreg\u00f3 su esqueleto, imitado por muchos habitantes de la ciudad. As\u00ed decoran las paredes y columnas de la capilla los huesos de 5.000 esqueletos.<\/em><\/p>\n<p><\/p>\t\t\t\t\t\t\t\t<\/div>\n\t\t\t\t<\/div>\n\t\t\t\t\t<\/div>\n\t\t<\/div>\n\t\t\t\t\t<\/div>\n\t\t<\/section>\n\t\t\t\t<\/div>","protected":false},"excerpt":{"rendered":"<p>Mythologie Ib\u00e9rique Wiki Voici l&rsquo;histoire de la c\u00e9l\u00e8bre chapelle des Os. La chapelle des Os Evora est la capitale de &hellip; <\/p>","protected":false},"author":1,"featured_media":0,"parent":2187,"menu_order":0,"comment_status":"closed","ping_status":"closed","template":"","meta":{"footnotes":""},"class_list":["post-2296","page","type-page","status-publish","hentry"],"amp_enabled":true,"_links":{"self":[{"href":"https:\/\/mythslegendes.com\/es\/wp-json\/wp\/v2\/pages\/2296","targetHints":{"allow":["GET"]}}],"collection":[{"href":"https:\/\/mythslegendes.com\/es\/wp-json\/wp\/v2\/pages"}],"about":[{"href":"https:\/\/mythslegendes.com\/es\/wp-json\/wp\/v2\/types\/page"}],"author":[{"embeddable":true,"href":"https:\/\/mythslegendes.com\/es\/wp-json\/wp\/v2\/users\/1"}],"replies":[{"embeddable":true,"href":"https:\/\/mythslegendes.com\/es\/wp-json\/wp\/v2\/comments?post=2296"}],"version-history":[{"count":1,"href":"https:\/\/mythslegendes.com\/es\/wp-json\/wp\/v2\/pages\/2296\/revisions"}],"predecessor-version":[{"id":24764,"href":"https:\/\/mythslegendes.com\/es\/wp-json\/wp\/v2\/pages\/2296\/revisions\/24764"}],"up":[{"embeddable":true,"href":"https:\/\/mythslegendes.com\/es\/wp-json\/wp\/v2\/pages\/2187"}],"wp:attachment":[{"href":"https:\/\/mythslegendes.com\/es\/wp-json\/wp\/v2\/media?parent=2296"}],"curies":[{"name":"wp","href":"https:\/\/api.w.org\/{rel}","templated":true}]}}