{"id":2299,"date":"2020-07-10T15:57:55","date_gmt":"2020-07-10T14:57:55","guid":{"rendered":"https:\/\/mythslegendes.com\/?page_id=2299"},"modified":"2022-12-03T22:07:07","modified_gmt":"2022-12-03T22:07:07","slug":"don-pelayo-premier-roi-des-asturies","status":"publish","type":"page","link":"https:\/\/mythslegendes.com\/es\/mitologia-iberica\/don-pelayo-primer-rey-de-asturias\/","title":{"rendered":"Don Pelayo primer rey de Asturias"},"content":{"rendered":"<div data-elementor-type=\"wp-page\" data-elementor-id=\"2299\" class=\"elementor elementor-2299\">\n\t\t\t\t\t\t<section class=\"elementor-section elementor-top-section elementor-element elementor-element-c1f9cb8 elementor-section-boxed elementor-section-height-default elementor-section-height-default\" data-id=\"c1f9cb8\" data-element_type=\"section\" data-e-type=\"section\">\n\t\t\t\t\t\t<div class=\"elementor-container elementor-column-gap-default\">\n\t\t\t\t\t<div class=\"elementor-column elementor-col-50 elementor-top-column elementor-element elementor-element-8be7b1e\" data-id=\"8be7b1e\" data-element_type=\"column\" data-e-type=\"column\">\n\t\t\t<div class=\"elementor-widget-wrap elementor-element-populated\">\n\t\t\t\t\t\t<div class=\"elementor-element elementor-element-8622f86 elementor-align-justify elementor-widget elementor-widget-button\" data-id=\"8622f86\" data-element_type=\"widget\" data-e-type=\"widget\" data-widget_type=\"button.default\">\n\t\t\t\t<div class=\"elementor-widget-container\">\n\t\t\t\t\t\t\t\t\t<div class=\"elementor-button-wrapper\">\n\t\t\t\t\t<a class=\"elementor-button elementor-button-link elementor-size-sm\" href=\"https:\/\/mythslegendes.com\/es\/mitologia-iberica\/\">\n\t\t\t\t\t\t<span class=\"elementor-button-content-wrapper\">\n\t\t\t\t\t\t\t\t\t<span class=\"elementor-button-text\">Mitolog\u00eda ib\u00e9rica<\/span>\n\t\t\t\t\t<\/span>\n\t\t\t\t\t<\/a>\n\t\t\t\t<\/div>\n\t\t\t\t\t\t\t\t<\/div>\n\t\t\t\t<\/div>\n\t\t\t\t\t<\/div>\n\t\t<\/div>\n\t\t\t\t<div class=\"elementor-column elementor-col-50 elementor-top-column elementor-element elementor-element-94a7e91\" data-id=\"94a7e91\" data-element_type=\"column\" data-e-type=\"column\">\n\t\t\t<div class=\"elementor-widget-wrap elementor-element-populated\">\n\t\t\t\t\t\t<div class=\"elementor-element elementor-element-0a1bf3b elementor-align-justify elementor-widget elementor-widget-button\" data-id=\"0a1bf3b\" data-element_type=\"widget\" data-e-type=\"widget\" data-widget_type=\"button.default\">\n\t\t\t\t<div class=\"elementor-widget-container\">\n\t\t\t\t\t\t\t\t\t<div class=\"elementor-button-wrapper\">\n\t\t\t\t\t<a class=\"elementor-button elementor-button-link elementor-size-sm\" href=\"https:\/\/en.wikipedia.org\/wiki\/Spanish_mythology\" target=\"_blank\" rel=\"noopener\">\n\t\t\t\t\t\t<span class=\"elementor-button-content-wrapper\">\n\t\t\t\t\t\t\t\t\t<span class=\"elementor-button-text\">Wiki<\/span>\n\t\t\t\t\t<\/span>\n\t\t\t\t\t<\/a>\n\t\t\t\t<\/div>\n\t\t\t\t\t\t\t\t<\/div>\n\t\t\t\t<\/div>\n\t\t\t\t\t<\/div>\n\t\t<\/div>\n\t\t\t\t\t<\/div>\n\t\t<\/section>\n\t\t\t\t<section class=\"elementor-section elementor-top-section elementor-element elementor-element-5e2d26bb elementor-section-boxed elementor-section-height-default elementor-section-height-default\" data-id=\"5e2d26bb\" data-element_type=\"section\" data-e-type=\"section\">\n\t\t\t\t\t\t<div class=\"elementor-container elementor-column-gap-default\">\n\t\t\t\t\t<div class=\"elementor-column elementor-col-100 elementor-top-column elementor-element elementor-element-18c62ca4\" data-id=\"18c62ca4\" data-element_type=\"column\" data-e-type=\"column\">\n\t\t\t<div class=\"elementor-widget-wrap elementor-element-populated\">\n\t\t\t\t\t\t<div class=\"elementor-element elementor-element-5666e063 elementor-widget elementor-widget-text-editor\" data-id=\"5666e063\" data-element_type=\"widget\" data-e-type=\"widget\" data-widget_type=\"text-editor.default\">\n\t\t\t\t<div class=\"elementor-widget-container\">\n\t\t\t\t\t\t\t\t\t<p><\/p>\n<p>Esta es la historia de Don Pelayo, primer rey de Asturias. La falta de documentaci\u00f3n sobre la figura de Pelayo ha hecho posible la aparici\u00f3n de ciertos <a href=\"https:\/\/mythslegendes.com\/es\/\">leyendas<\/a> alrededor de \u00e9l. Sin embargo, hay motivos suficientes para afirmar la historicidad del personaje. En un manuscrito del siglo IX se le considera hijo del duque F\u00e1vila y miembro de la corte del rey visigodo Witiza. (700-710).<\/p>\n<p><img decoding=\"async\" class=\"alignnone wp-image-5284 size-full\" src=\"https:\/\/mythslegendes.com\/wp-content\/uploads\/2020\/09\/AlphaOmega-e1602613368367.png\" alt=\"don pelayo\" width=\"25\" height=\"26\" title=\"\"><\/p>\n<div id=\"ez-toc-container\" class=\"ez-toc-v2_0_82_2 counter-hierarchy ez-toc-counter ez-toc-grey ez-toc-container-direction\">\n<div class=\"ez-toc-title-container\">\n<p class=\"ez-toc-title\" style=\"cursor:inherit\">Contenido<\/p>\n<span class=\"ez-toc-title-toggle\"><a href=\"#\" class=\"ez-toc-pull-right ez-toc-btn ez-toc-btn-xs ez-toc-btn-default ez-toc-toggle\" aria-label=\"Alternar tabla de contenidos\"><span class=\"ez-toc-js-icon-con\"><span class=\"\"><span class=\"eztoc-hide\" style=\"display:none;\">Palanca<\/span><span class=\"ez-toc-icon-toggle-span\"><svg style=\"fill: #999;color:#999\" xmlns=\"http:\/\/www.w3.org\/2000\/svg\" class=\"list-377408\" width=\"20px\" height=\"20px\" viewbox=\"0 0 24 24\" fill=\"none\"><path d=\"M6 6H4v2h2V6zm14 0H8v2h12V6zM4 11h2v2H4v-2zm16 0H8v2h12v-2zM4 16h2v2H4v-2zm16 0H8v2h12v-2z\" fill=\"currentColor\"><\/path><\/svg><svg style=\"fill: #999;color:#999\" class=\"arrow-unsorted-368013\" xmlns=\"http:\/\/www.w3.org\/2000\/svg\" width=\"10px\" height=\"10px\" viewbox=\"0 0 24 24\" version=\"1.2\" baseprofile=\"tiny\"><path d=\"M18.2 9.3l-6.2-6.3-6.2 6.3c-.2.2-.3.4-.3.7s.1.5.3.7c.2.2.4.3.7.3h11c.3 0 .5-.1.7-.3.2-.2.3-.5.3-.7s-.1-.5-.3-.7zM5.8 14.7l6.2 6.3 6.2-6.3c.2-.2.3-.5.3-.7s-.1-.5-.3-.7c-.2-.2-.4-.3-.7-.3h-11c-.3 0-.5.1-.7.3-.2.2-.3.5-.3.7s.1.5.3.7z\"\/><\/svg><\/span><\/span><\/span><\/a><\/span><\/div>\n<nav><ul class='ez-toc-list ez-toc-list-level-1' ><li class='ez-toc-page-1 ez-toc-heading-level-2'><a class=\"ez-toc-link ez-toc-heading-1\" href=\"https:\/\/mythslegendes.com\/es\/mitologia-iberica\/don-pelayo-primer-rey-de-asturias\/#Don-Pelayo\" >don pelayo<\/a><\/li><\/ul><\/nav><\/div>\n<h2><span class=\"ez-toc-section\" id=\"Don-Pelayo\"><\/span>don pelayo<span class=\"ez-toc-section-end\"><\/span><\/h2>\n<p><\/p>\n<p>M\u00e1s all\u00e1 de la ubicaci\u00f3n estrat\u00e9gica, se dice que Covadonga era un lugar m\u00e1gico. \u00c9l <a href=\"https:\/\/mythslegendes.com\/es\/\">leyenda<\/a> cuenta que un ermita\u00f1o le hab\u00eda revelado a Don Pelayo los secretos de la cueva y la salida secreta por la cueva de Orandi.<\/p>\n<p><\/p>\n<p>Le 28 mai 722 eut lieu la c\u00e9l\u00e8bre bataille qui marqua le d\u00e9but de l&rsquo;expulsion des musulmans du pays des Wisigoths. Il y a des historiens qui ont remis en question l&rsquo;existence r\u00e9elle de cette bataille. Ce qui semble vrai, c&rsquo;est qu&rsquo;il y a eu une exag\u00e9ration des faits, ce qui est justifi\u00e9 par l&rsquo;importance de ce combat comme l&#8217;embryon de la nation espagnole. De plus, la lutte d&rsquo;une petite arm\u00e9e contre une arm\u00e9e beaucoup plus grande est monnaie courante dans les l\u00e9gendes populaires et les actes h\u00e9ro\u00efques des h\u00e9ros, comme c&rsquo;est le cas avec le personnage de William Wallace en Angleterre.<\/p>\n<p><\/p>\n<p>La cr\u00f3nica alfonsina indica que el ej\u00e9rcito musulm\u00e1n contaba con 187.000 soldados, cifra dif\u00edcil de creer. Aunque se comprende la exageraci\u00f3n de los cronistas, como ya se ha dicho. Antes de la batalla, Oppas fue enviado a negociar con los asturianos, que no quer\u00edan escucharlo. Pelayo le reprocha su falta de fe y su traici\u00f3n al cristianismo.<\/p>\n<p><\/p>\n<p>Ante esto, los musulmanes lanzaron una lluvia de flechas contra la poca resistencia del pueblo. <a href=\"https:\/\/mythslegendes.com\/es\/mitologia-iberica\/\">asturiano<\/a>, que se protegi\u00f3 en la cueva. Adem\u00e1s, los asturianos conoc\u00edan el territorio y se hab\u00edan expandido a los picos cercanos. Tan pronto como los musulmanes entraron por el desfiladero, cayeron sobre ellos. El espacio limitado y la cantidad de hombres les imped\u00eda maniobrar. Seg\u00fan el Chronicle, murieron 124.000 musulmanes, incluido Alqama.<\/p>\n<p>El resto de la tropa huy\u00f3 a Li\u00e1bana de forma desorganizada. Pero su escape fue interrumpido por una avalancha que, seg\u00fan la leyenda, fue el resultado de la intervenci\u00f3n divina. Tambi\u00e9n se dice que Pelayo vio aparecer una Santa Cruz, s\u00edmbolo actual de Asturias, que hizo huir a los musulmanes y que la misma Virgen ayud\u00f3 en la victoria.<\/p>\n<p><\/p>\n<p>Cuando el gobernador Munuza vio que los hombres hu\u00edan de Covadonga, tambi\u00e9n trat\u00f3 de huir por temor a un levantamiento de la nobleza local. Sin embargo, los asturianos lo persiguieron hasta Olal\u00edes y lo mataron.<\/p>\n<p><\/p>\n<p>Aparte de la exageraci\u00f3n del n\u00famero de ej\u00e9rcitos y elementos m\u00e1gicos, la victoria en la batalla de Covadonga de los astures se debe a una falta de juicio por parte de C\u00f3rdoba, que no consider\u00f3 la necesidad de prestar atenci\u00f3n a las revueltas, y La falta de estrategia del general Alqama. Podemos decir, sin embargo, que esta peque\u00f1a revuelta fue el comienzo del Reino de Asturias. \u201cCuando la leyenda se hace realidad, la leyenda debe ser recordada. \u00bb<\/p>\n<p><\/p>\n<p>La Batalla de Covadonga tuvo lugar el 28 de mayo de 722 en Covadonga (<a href=\"https:\/\/mythslegendes.com\/es\/mitologia-iberica\/\">Espa\u00f1a<\/a>), cerca de Cangas de On\u00eds (Asturias), entre el ej\u00e9rcito cristiano de Don Pelayo y las tropas musulmanas. Las tropas de Don Pelayo, un peque\u00f1o grupo de unos 300 guerreros asturianos, <a href=\"https:\/\/mythslegendes.com\/es\/mitologia-vasca\/\">vasco<\/a> y gallego, derrot\u00f3 a un ej\u00e9rcito regular musulm\u00e1n dirigido por Alqama.<\/p>\n<p><\/p>\n<p>Cette affrontement ou bataille est consid\u00e9r\u00e9e par les historiens comme le d\u00e9but d&rsquo;un long projet appel\u00e9 Reconqu\u00eate, qui prit fin le 2 janvier 1492, lorsque Boabdil remit les cl\u00e9s de Grenade aux monarques catholiques.<\/p>\n<p>Era la historia de Don Pelayo, primer rey de Asturias.<\/p>\n<p><\/p>\t\t\t\t\t\t\t\t<\/div>\n\t\t\t\t<\/div>\n\t\t\t\t\t<\/div>\n\t\t<\/div>\n\t\t\t\t\t<\/div>\n\t\t<\/section>\n\t\t\t\t<\/div>","protected":false},"excerpt":{"rendered":"<p>Mythologie Ib\u00e9rique Wiki Voici l&rsquo;histoire de Don Pelayo, premier roi des Asturies. Le manque de documentation concernant la figure de &hellip; <\/p>","protected":false},"author":1,"featured_media":0,"parent":2187,"menu_order":0,"comment_status":"closed","ping_status":"closed","template":"","meta":{"footnotes":""},"class_list":["post-2299","page","type-page","status-publish","hentry"],"amp_enabled":true,"_links":{"self":[{"href":"https:\/\/mythslegendes.com\/es\/wp-json\/wp\/v2\/pages\/2299","targetHints":{"allow":["GET"]}}],"collection":[{"href":"https:\/\/mythslegendes.com\/es\/wp-json\/wp\/v2\/pages"}],"about":[{"href":"https:\/\/mythslegendes.com\/es\/wp-json\/wp\/v2\/types\/page"}],"author":[{"embeddable":true,"href":"https:\/\/mythslegendes.com\/es\/wp-json\/wp\/v2\/users\/1"}],"replies":[{"embeddable":true,"href":"https:\/\/mythslegendes.com\/es\/wp-json\/wp\/v2\/comments?post=2299"}],"version-history":[{"count":1,"href":"https:\/\/mythslegendes.com\/es\/wp-json\/wp\/v2\/pages\/2299\/revisions"}],"predecessor-version":[{"id":24765,"href":"https:\/\/mythslegendes.com\/es\/wp-json\/wp\/v2\/pages\/2299\/revisions\/24765"}],"up":[{"embeddable":true,"href":"https:\/\/mythslegendes.com\/es\/wp-json\/wp\/v2\/pages\/2187"}],"wp:attachment":[{"href":"https:\/\/mythslegendes.com\/es\/wp-json\/wp\/v2\/media?parent=2299"}],"curies":[{"name":"wp","href":"https:\/\/api.w.org\/{rel}","templated":true}]}}