{"id":2302,"date":"2020-07-10T16:11:55","date_gmt":"2020-07-10T15:11:55","guid":{"rendered":"https:\/\/mythslegendes.com\/?page_id=2302"},"modified":"2022-12-03T22:07:07","modified_gmt":"2022-12-03T22:07:07","slug":"croyances-des-cantabres","status":"publish","type":"page","link":"https:\/\/mythslegendes.com\/es\/mitologia-iberica\/creencias-de-los-cantabres\/","title":{"rendered":"Creencias c\u00e1ntabras"},"content":{"rendered":"<div data-elementor-type=\"wp-page\" data-elementor-id=\"2302\" class=\"elementor elementor-2302\">\n\t\t\t\t\t\t<section class=\"elementor-section elementor-top-section elementor-element elementor-element-d3060f9 elementor-section-boxed elementor-section-height-default elementor-section-height-default\" data-id=\"d3060f9\" data-element_type=\"section\" data-e-type=\"section\">\n\t\t\t\t\t\t<div class=\"elementor-container elementor-column-gap-default\">\n\t\t\t\t\t<div class=\"elementor-column elementor-col-50 elementor-top-column elementor-element elementor-element-90ebb53\" data-id=\"90ebb53\" data-element_type=\"column\" data-e-type=\"column\">\n\t\t\t<div class=\"elementor-widget-wrap elementor-element-populated\">\n\t\t\t\t\t\t<div class=\"elementor-element elementor-element-73467f1 elementor-align-justify elementor-widget elementor-widget-button\" data-id=\"73467f1\" data-element_type=\"widget\" data-e-type=\"widget\" data-widget_type=\"button.default\">\n\t\t\t\t<div class=\"elementor-widget-container\">\n\t\t\t\t\t\t\t\t\t<div class=\"elementor-button-wrapper\">\n\t\t\t\t\t<a class=\"elementor-button elementor-button-link elementor-size-sm\" href=\"https:\/\/mythslegendes.com\/es\/mitologia-iberica\/\">\n\t\t\t\t\t\t<span class=\"elementor-button-content-wrapper\">\n\t\t\t\t\t\t\t\t\t<span class=\"elementor-button-text\">Mitolog\u00eda ib\u00e9rica<\/span>\n\t\t\t\t\t<\/span>\n\t\t\t\t\t<\/a>\n\t\t\t\t<\/div>\n\t\t\t\t\t\t\t\t<\/div>\n\t\t\t\t<\/div>\n\t\t\t\t\t<\/div>\n\t\t<\/div>\n\t\t\t\t<div class=\"elementor-column elementor-col-50 elementor-top-column elementor-element elementor-element-0f57d25\" data-id=\"0f57d25\" data-element_type=\"column\" data-e-type=\"column\">\n\t\t\t<div class=\"elementor-widget-wrap elementor-element-populated\">\n\t\t\t\t\t\t<div class=\"elementor-element elementor-element-867a2cc elementor-align-justify elementor-widget elementor-widget-button\" data-id=\"867a2cc\" data-element_type=\"widget\" data-e-type=\"widget\" data-widget_type=\"button.default\">\n\t\t\t\t<div class=\"elementor-widget-container\">\n\t\t\t\t\t\t\t\t\t<div class=\"elementor-button-wrapper\">\n\t\t\t\t\t<a class=\"elementor-button elementor-button-link elementor-size-sm\" href=\"https:\/\/en.wikipedia.org\/wiki\/Spanish_mythology\" target=\"_blank\" rel=\"noopener\">\n\t\t\t\t\t\t<span class=\"elementor-button-content-wrapper\">\n\t\t\t\t\t\t\t\t\t<span class=\"elementor-button-text\">Wiki<\/span>\n\t\t\t\t\t<\/span>\n\t\t\t\t\t<\/a>\n\t\t\t\t<\/div>\n\t\t\t\t\t\t\t\t<\/div>\n\t\t\t\t<\/div>\n\t\t\t\t\t<\/div>\n\t\t<\/div>\n\t\t\t\t\t<\/div>\n\t\t<\/section>\n\t\t\t\t<section class=\"elementor-section elementor-top-section elementor-element elementor-element-6ba97179 elementor-section-boxed elementor-section-height-default elementor-section-height-default\" data-id=\"6ba97179\" data-element_type=\"section\" data-e-type=\"section\">\n\t\t\t\t\t\t<div class=\"elementor-container elementor-column-gap-default\">\n\t\t\t\t\t<div class=\"elementor-column elementor-col-100 elementor-top-column elementor-element elementor-element-288fdbb9\" data-id=\"288fdbb9\" data-element_type=\"column\" data-e-type=\"column\">\n\t\t\t<div class=\"elementor-widget-wrap elementor-element-populated\">\n\t\t\t\t\t\t<div class=\"elementor-element elementor-element-3ed878af elementor-widget elementor-widget-text-editor\" data-id=\"3ed878af\" data-element_type=\"widget\" data-e-type=\"widget\" data-widget_type=\"text-editor.default\">\n\t\t\t\t<div class=\"elementor-widget-container\">\n\t\t\t\t\t\t\t\t\t\n<p>Entre las creencias de los c\u00e1ntabros, encontramos la del culto a las grandes divinidades protectoras, como el culto al sol como lo demuestran varias estelas c\u00e1ntabras, as\u00ed como el culto al fuego. Asimismo, se rinde culto a un dios padre supremo llamado Candamo, que se asoci\u00f3 con J\u00fapiter (J\u00fapiter Candamo) y el culto solar en la \u00e9poca romana, y m\u00e1s tarde con el Dios cristiano.<\/p>\n<p><img decoding=\"async\" class=\"alignnone wp-image-5284 size-full\" src=\"https:\/\/mythslegendes.com\/wp-content\/uploads\/2020\/09\/AlphaOmega-e1602613368367.png\" alt=\"las creencias de los c\u00e1ntabros\" width=\"25\" height=\"26\" title=\"\"><\/p>\n<div id=\"ez-toc-container\" class=\"ez-toc-v2_0_82_2 counter-hierarchy ez-toc-counter ez-toc-grey ez-toc-container-direction\">\n<div class=\"ez-toc-title-container\">\n<p class=\"ez-toc-title\" style=\"cursor:inherit\">Contenido<\/p>\n<span class=\"ez-toc-title-toggle\"><a href=\"#\" class=\"ez-toc-pull-right ez-toc-btn ez-toc-btn-xs ez-toc-btn-default ez-toc-toggle\" aria-label=\"Alternar tabla de contenidos\"><span class=\"ez-toc-js-icon-con\"><span class=\"\"><span class=\"eztoc-hide\" style=\"display:none;\">Palanca<\/span><span class=\"ez-toc-icon-toggle-span\"><svg style=\"fill: #999;color:#999\" xmlns=\"http:\/\/www.w3.org\/2000\/svg\" class=\"list-377408\" width=\"20px\" height=\"20px\" viewbox=\"0 0 24 24\" fill=\"none\"><path d=\"M6 6H4v2h2V6zm14 0H8v2h12V6zM4 11h2v2H4v-2zm16 0H8v2h12v-2zM4 16h2v2H4v-2zm16 0H8v2h12v-2z\" fill=\"currentColor\"><\/path><\/svg><svg style=\"fill: #999;color:#999\" class=\"arrow-unsorted-368013\" xmlns=\"http:\/\/www.w3.org\/2000\/svg\" width=\"10px\" height=\"10px\" viewbox=\"0 0 24 24\" version=\"1.2\" baseprofile=\"tiny\"><path d=\"M18.2 9.3l-6.2-6.3-6.2 6.3c-.2.2-.3.4-.3.7s.1.5.3.7c.2.2.4.3.7.3h11c.3 0 .5-.1.7-.3.2-.2.3-.5.3-.7s-.1-.5-.3-.7zM5.8 14.7l6.2 6.3 6.2-6.3c.2-.2.3-.5.3-.7s-.1-.5-.3-.7c-.2-.2-.4-.3-.7-.3h-11c-.3 0-.5.1-.7.3-.2.2-.3.5-.3.7s.1.5.3.7z\"\/><\/svg><\/span><\/span><\/span><\/a><\/span><\/div>\n<nav><ul class='ez-toc-list ez-toc-list-level-1' ><li class='ez-toc-page-1 ez-toc-heading-level-2'><a class=\"ez-toc-link ez-toc-heading-1\" href=\"https:\/\/mythslegendes.com\/es\/mitologia-iberica\/creencias-de-los-cantabres\/#Les-croyances-des-Cantabres\" >Las creencias de los c\u00e1ntabros<\/a><\/li><\/ul><\/nav><\/div>\n<h2><span class=\"ez-toc-section\" id=\"Les-croyances-des-Cantabres\"><\/span>Las creencias de los c\u00e1ntabros<span class=\"ez-toc-section-end\"><\/span><\/h2>\n\n<p>Debido a la disposici\u00f3n guerrera de los habitantes de Cantabria, se dedica un culto a un dios de la guerra, entonces identificado como la Marcha de los Romanos, a quien se ofrec\u00edan sacrificios de cabras, caballos y muchos prisioneros, como el relato Estrab\u00f3n, Horacio y Silio It\u00e1lico. Durante estas hecatombe, los participantes bebieron la sangre a\u00fan tibia de los caballos para que la comuni\u00f3n fuera verdadera, como menciona Horacio sobre la gente del pueblo. <em>Concanos<\/em>.<\/p>\n\n<p>Para los antiguos habitantes de Cantabria estas pr\u00e1cticas ten\u00edan un origen m\u00edstico ya que los animales involucrados eran considerados sagrados. Estos ritos a veces se han relacionado con una variante de un dios solar, Marte. <a href=\"https:\/\/mythslegendes.com\/es\/mythes-et-legendes-celtiques-20\/\">c\u00e9ltico<\/a> de los cuales los animales habr\u00edan sido la reencarnaci\u00f3n.<\/p>\n\n<p>Mart\u00edn de Braga tambi\u00e9n menciona los sacrificios humanos entre los pueblos del norte: estos sacrificios eran una manifestaci\u00f3n de arrepentimiento y serv\u00edan para predecir el futuro, como entre los dem\u00e1s pueblos del norte. <a href=\"https:\/\/mythslegendes.com\/es\/mythes-et-legendes-celtiques-20\/\">Celtas<\/a> <a href=\"https:\/\/mythslegendes.com\/es\/mitologia-gala\/\">g\u00e1lico<\/a> donde eran comunes. As\u00ed, Estrab\u00f3n relata que quienes examinaban las entra\u00f1as de los sacrificios las cubr\u00edan con finas t\u00fanicas y luego les cortaban la mano derecha, que luego consagraban a los dioses. La predicci\u00f3n del futuro se le\u00eda seg\u00fan la ca\u00edda realizada por la persona sacrificada.<\/p>\n\n<p>La diosa madre fertilizante se asoci\u00f3 con la Luna y ejerci\u00f3 su influencia sobre los tiempos de la siembra y cosecha de cultivos; esta creencia perdur\u00f3 en el campo durante mucho tiempo. El arque\u00f3logo Joaqu\u00edn Gonz\u00e1lez Echegaray explica que una inscripci\u00f3n que menciona a una diosa madre fue encontrada en un altar votivo en el pueblo de Topusko, Croacia; pone a esta diosa en relaci\u00f3n con la diosa madre de Cantabria. Este epigrama habr\u00eda sido grabado por uno o m\u00e1s soldados pertenecientes a las legiones romanas.<\/p>\n\n<p>Tambi\u00e9n en \u00e9poca romana, el culto a un dios del mar se asimilaba al del dios Neptuno: se descubri\u00f3 una estatuilla de este dios con caracter\u00edsticas propias del dios de los Cantabres en Castro-Urdiales, en el lejano oriente de Cantabria. .<\/p>\n\n<p>Los antiguos Cantabres cre\u00edan en la inmortalidad del esp\u00edritu. As\u00ed, la cremaci\u00f3n fue el rito funerario m\u00e1s frecuente; solo los cuerpos de los que murieron en la batalla deb\u00edan permanecer en el campo de batalla antes de que los buitres los destriparan, permitiendo que el alma abandonara el cuerpo y lo llevara a la otra vida, donde luego se puede sentar. antepasados. Una inscripci\u00f3n grabada en la estela de Zurita da testimonio de esta pr\u00e1ctica.<\/p>\n\n<p>El sacrificio juega un papel importante y dual en la compleja sociedad c\u00e1ntabra: responde a la necesidad de ajustarse a las exigencias divinas, as\u00ed como al predominio de la comunidad sobre el individuo. As\u00ed, en una sociedad guerrera como la de los Cantabres, la inmolaci\u00f3n permiti\u00f3 probar la fuerte determinaci\u00f3n que habitaba al que iba a ser sacrificado, obteniendo por este aspecto una mayor importancia el acto. los <em>devotio<\/em>, practicado por los c\u00e1ntabros, era uno de esos singulares y enteros sacrificios en los que la comunidad un\u00eda su destino al de su l\u00edder.<\/p>\n\t\t\t\t\t\t\t\t<\/div>\n\t\t\t\t<\/div>\n\t\t\t\t\t<\/div>\n\t\t<\/div>\n\t\t\t\t\t<\/div>\n\t\t<\/section>\n\t\t\t\t<\/div>","protected":false},"excerpt":{"rendered":"<p>Mythologie Ib\u00e9rique Wiki Parmi les croyances des Cantabres, on rencontre celui du culte des grandes divinit\u00e9s protectrices, telle l&rsquo;adoration du &hellip; <\/p>","protected":false},"author":1,"featured_media":0,"parent":2187,"menu_order":0,"comment_status":"closed","ping_status":"closed","template":"","meta":{"footnotes":""},"class_list":["post-2302","page","type-page","status-publish","hentry"],"amp_enabled":true,"_links":{"self":[{"href":"https:\/\/mythslegendes.com\/es\/wp-json\/wp\/v2\/pages\/2302","targetHints":{"allow":["GET"]}}],"collection":[{"href":"https:\/\/mythslegendes.com\/es\/wp-json\/wp\/v2\/pages"}],"about":[{"href":"https:\/\/mythslegendes.com\/es\/wp-json\/wp\/v2\/types\/page"}],"author":[{"embeddable":true,"href":"https:\/\/mythslegendes.com\/es\/wp-json\/wp\/v2\/users\/1"}],"replies":[{"embeddable":true,"href":"https:\/\/mythslegendes.com\/es\/wp-json\/wp\/v2\/comments?post=2302"}],"version-history":[{"count":1,"href":"https:\/\/mythslegendes.com\/es\/wp-json\/wp\/v2\/pages\/2302\/revisions"}],"predecessor-version":[{"id":24766,"href":"https:\/\/mythslegendes.com\/es\/wp-json\/wp\/v2\/pages\/2302\/revisions\/24766"}],"up":[{"embeddable":true,"href":"https:\/\/mythslegendes.com\/es\/wp-json\/wp\/v2\/pages\/2187"}],"wp:attachment":[{"href":"https:\/\/mythslegendes.com\/es\/wp-json\/wp\/v2\/media?parent=2302"}],"curies":[{"name":"wp","href":"https:\/\/api.w.org\/{rel}","templated":true}]}}