{"id":23049,"date":"2022-10-07T12:42:20","date_gmt":"2022-10-07T12:42:20","guid":{"rendered":"https:\/\/mythslegendes.com\/?page_id=23049"},"modified":"2022-10-07T13:16:33","modified_gmt":"2022-10-07T13:16:33","slug":"kupala","status":"publish","type":"page","link":"https:\/\/mythslegendes.com\/es\/kupala\/","title":{"rendered":"Kupala"},"content":{"rendered":"\t\t<div data-elementor-type=\"wp-page\" data-elementor-id=\"23049\" class=\"elementor elementor-23049\">\n\t\t\t\t\t\t<section class=\"elementor-section elementor-top-section elementor-element elementor-element-dfcec99 elementor-section-boxed elementor-section-height-default elementor-section-height-default\" data-id=\"dfcec99\" data-element_type=\"section\" data-e-type=\"section\">\n\t\t\t\t\t\t<div class=\"elementor-container elementor-column-gap-default\">\n\t\t\t\t\t<div class=\"elementor-column elementor-col-50 elementor-top-column elementor-element elementor-element-3b3cb63\" data-id=\"3b3cb63\" data-element_type=\"column\" data-e-type=\"column\">\n\t\t\t<div class=\"elementor-widget-wrap elementor-element-populated\">\n\t\t\t\t\t\t<div class=\"elementor-element elementor-element-14697d7 elementor-align-justify elementor-widget elementor-widget-button\" data-id=\"14697d7\" data-element_type=\"widget\" data-e-type=\"widget\" data-widget_type=\"button.default\">\n\t\t\t\t<div class=\"elementor-widget-container\">\n\t\t\t\t\t\t\t\t\t<div class=\"elementor-button-wrapper\">\n\t\t\t\t\t<a class=\"elementor-button elementor-button-link elementor-size-sm\" href=\"https:\/\/mythslegendes.com\/calendrier-juillet-754\/\">\n\t\t\t\t\t\t<span class=\"elementor-button-content-wrapper\">\n\t\t\t\t\t\t\t\t\t<span class=\"elementor-button-text\">F\u00eates de Juillet<\/span>\n\t\t\t\t\t<\/span>\n\t\t\t\t\t<\/a>\n\t\t\t\t<\/div>\n\t\t\t\t\t\t\t\t<\/div>\n\t\t\t\t<\/div>\n\t\t\t\t\t<\/div>\n\t\t<\/div>\n\t\t\t\t<div class=\"elementor-column elementor-col-50 elementor-top-column elementor-element elementor-element-2bb7482\" data-id=\"2bb7482\" data-element_type=\"column\" data-e-type=\"column\">\n\t\t\t<div class=\"elementor-widget-wrap elementor-element-populated\">\n\t\t\t\t\t\t<div class=\"elementor-element elementor-element-42c3c33 elementor-align-justify elementor-widget elementor-widget-button\" data-id=\"42c3c33\" data-element_type=\"widget\" data-e-type=\"widget\" data-widget_type=\"button.default\">\n\t\t\t\t<div class=\"elementor-widget-container\">\n\t\t\t\t\t\t\t\t\t<div class=\"elementor-button-wrapper\">\n\t\t\t\t\t<a class=\"elementor-button elementor-button-link elementor-size-sm\" href=\"https:\/\/www.timeanddate.com\/holidays\/\" target=\"_blank\" rel=\"noopener\">\n\t\t\t\t\t\t<span class=\"elementor-button-content-wrapper\">\n\t\t\t\t\t\t\t\t\t<span class=\"elementor-button-text\">F\u00eates du jour<\/span>\n\t\t\t\t\t<\/span>\n\t\t\t\t\t<\/a>\n\t\t\t\t<\/div>\n\t\t\t\t\t\t\t\t<\/div>\n\t\t\t\t<\/div>\n\t\t\t\t\t<\/div>\n\t\t<\/div>\n\t\t\t\t\t<\/div>\n\t\t<\/section>\n\t\t\t\t<section class=\"elementor-section elementor-top-section elementor-element elementor-element-25e9976 elementor-section-boxed elementor-section-height-default elementor-section-height-default\" data-id=\"25e9976\" data-element_type=\"section\" data-e-type=\"section\">\n\t\t\t\t\t\t<div class=\"elementor-container elementor-column-gap-default\">\n\t\t\t\t\t<div class=\"elementor-column elementor-col-100 elementor-top-column elementor-element elementor-element-0b9acbf\" data-id=\"0b9acbf\" data-element_type=\"column\" data-e-type=\"column\">\n\t\t\t<div class=\"elementor-widget-wrap elementor-element-populated\">\n\t\t\t\t\t\t<div class=\"elementor-element elementor-element-b47a86e elementor-widget elementor-widget-text-editor\" data-id=\"b47a86e\" data-element_type=\"widget\" data-e-type=\"widget\" data-widget_type=\"text-editor.default\">\n\t\t\t\t<div class=\"elementor-widget-container\">\n\t\t\t\t\t\t\t\t\t<p>La nuit de Kupala (bi\u00e9lorusse : \u041a\u0443\u043f\u0430\u043b\u043b\u0435, polonais : Noc Kupa\u0142y, russe : \u0418\u0432\u0430\u043d-\u041a\u0443\u043f\u0430\u043b\u0430, ukrainien : \u0406\u0432\u0430\u043d\u0430 \u041a\u0443\u043f\u0430\u043b\u0430, \u041a\u0443\u043f\u0430\u0439\u043b\u0430), \u00e9galement appel\u00e9e Ivana-Kupala, est une f\u00eate traditionnelle <a href=\"https:\/\/mythslegendes.com\/es\/mythes-et-legendes-slaves-1648\/\">slave<\/a> qui \u00e9tait \u00e0 l&rsquo;origine c\u00e9l\u00e9br\u00e9e la nuit la plus courte de l&rsquo;ann\u00e9e, qui est les 21-22 ou 23-24 juin (R\u00e9publique tch\u00e8que, Pologne et Slovaquie) et dans les pays <a href=\"https:\/\/mythslegendes.com\/es\/mythes-et-legendes-slaves-1648\/\">slaves<\/a> orientaux selon le calendrier julien traditionnel dans la nuit du 6 au 7 juillet (Bi\u00e9lorussie, Russie et Ukraine).<\/p><p><img decoding=\"async\" class=\"alignnone wp-image-9347 size-full\" src=\"http:\/\/mythslegendes.com\/wp-content\/uploads\/2020\/09\/cropped-AlphaOmega-e1602613368367.png\" alt=\"Kupala\" width=\"25\" height=\"25\" title=\"\"><\/p>\t\t\t\t\t\t\t\t<\/div>\n\t\t\t\t<\/div>\n\t\t\t\t\t<\/div>\n\t\t<\/div>\n\t\t\t\t\t<\/div>\n\t\t<\/section>\n\t\t\t\t<section class=\"elementor-section elementor-top-section elementor-element elementor-element-2220112 elementor-section-boxed elementor-section-height-default elementor-section-height-default\" data-id=\"2220112\" data-element_type=\"section\" data-e-type=\"section\">\n\t\t\t\t\t\t<div class=\"elementor-container elementor-column-gap-default\">\n\t\t\t\t\t<div class=\"elementor-column elementor-col-100 elementor-top-column elementor-element elementor-element-88b5cf5\" data-id=\"88b5cf5\" data-element_type=\"column\" data-e-type=\"column\">\n\t\t\t<div class=\"elementor-widget-wrap elementor-element-populated\">\n\t\t\t\t\t\t<div class=\"elementor-element elementor-element-73a3689 elementor-widget elementor-widget-heading\" data-id=\"73a3689\" data-element_type=\"widget\" data-e-type=\"widget\" data-widget_type=\"heading.default\">\n\t\t\t\t<div class=\"elementor-widget-container\">\n\t\t\t\t\t<div id=\"ez-toc-container\" class=\"ez-toc-v2_0_82_2 counter-hierarchy ez-toc-counter ez-toc-grey ez-toc-container-direction\">\n<div class=\"ez-toc-title-container\">\n<p class=\"ez-toc-title\" style=\"cursor:inherit\">Contenus<\/p>\n<span class=\"ez-toc-title-toggle\"><a href=\"#\" class=\"ez-toc-pull-right ez-toc-btn ez-toc-btn-xs ez-toc-btn-default ez-toc-toggle\" aria-label=\"Alternar tabla de contenidos\"><span class=\"ez-toc-js-icon-con\"><span class=\"\"><span class=\"eztoc-hide\" style=\"display:none;\">Toggle<\/span><span class=\"ez-toc-icon-toggle-span\"><svg style=\"fill: #999;color:#999\" xmlns=\"http:\/\/www.w3.org\/2000\/svg\" class=\"list-377408\" width=\"20px\" height=\"20px\" viewBox=\"0 0 24 24\" fill=\"none\"><path d=\"M6 6H4v2h2V6zm14 0H8v2h12V6zM4 11h2v2H4v-2zm16 0H8v2h12v-2zM4 16h2v2H4v-2zm16 0H8v2h12v-2z\" fill=\"currentColor\"><\/path><\/svg><svg style=\"fill: #999;color:#999\" class=\"arrow-unsorted-368013\" xmlns=\"http:\/\/www.w3.org\/2000\/svg\" width=\"10px\" height=\"10px\" viewBox=\"0 0 24 24\" version=\"1.2\" baseProfile=\"tiny\"><path d=\"M18.2 9.3l-6.2-6.3-6.2 6.3c-.2.2-.3.4-.3.7s.1.5.3.7c.2.2.4.3.7.3h11c.3 0 .5-.1.7-.3.2-.2.3-.5.3-.7s-.1-.5-.3-.7zM5.8 14.7l6.2 6.3 6.2-6.3c.2-.2.3-.5.3-.7s-.1-.5-.3-.7c-.2-.2-.4-.3-.7-.3h-11c-.3 0-.5.1-.7.3-.2.2-.3.5-.3.7s.1.5.3.7z\"\/><\/svg><\/span><\/span><\/span><\/a><\/span><\/div>\n<nav><ul class='ez-toc-list ez-toc-list-level-1 ' ><li class='ez-toc-page-1 ez-toc-heading-level-2'><a class=\"ez-toc-link ez-toc-heading-1\" href=\"https:\/\/mythslegendes.com\/es\/kupala\/#Kupala-la-nuit-la-plus-courte\" >Kupala, la nuit la plus courte<\/a><\/li><\/ul><\/nav><\/div>\n<h2 class=\"elementor-heading-title elementor-size-default\"><span class=\"ez-toc-section\" id=\"Kupala-la-nuit-la-plus-courte\"><\/span>Kupala, la nuit la plus courte<span class=\"ez-toc-section-end\"><\/span><\/h2>\t\t\t\t<\/div>\n\t\t\t\t<\/div>\n\t\t\t\t\t<\/div>\n\t\t<\/div>\n\t\t\t\t\t<\/div>\n\t\t<\/section>\n\t\t\t\t<section class=\"elementor-section elementor-top-section elementor-element elementor-element-a951f91 elementor-section-boxed elementor-section-height-default elementor-section-height-default\" data-id=\"a951f91\" data-element_type=\"section\" data-e-type=\"section\">\n\t\t\t\t\t\t<div class=\"elementor-container elementor-column-gap-default\">\n\t\t\t\t\t<div class=\"elementor-column elementor-col-100 elementor-top-column elementor-element elementor-element-25e4bdb\" data-id=\"25e4bdb\" data-element_type=\"column\" data-e-type=\"column\">\n\t\t\t<div class=\"elementor-widget-wrap elementor-element-populated\">\n\t\t\t\t\t\t<div class=\"elementor-element elementor-element-72e72f4 elementor-widget elementor-widget-text-editor\" data-id=\"72e72f4\" data-element_type=\"widget\" data-e-type=\"widget\" data-widget_type=\"text-editor.default\">\n\t\t\t\t<div class=\"elementor-widget-container\">\n\t\t\t\t\t\t\t\t\t<p>Le nom de la f\u00eate \u00e9tait \u00e0 l&rsquo;origine Kupala ; un rite de fertilit\u00e9 pa\u00efen adapt\u00e9 plus tard au calendrier chr\u00e9tien orthodoxe en le reliant \u00e0 la Saint-Jean qui est c\u00e9l\u00e9br\u00e9e le 24 juin. Le christianisme oriental utilise le calendrier julien traditionnel qui est mal align\u00e9 avec le solstice r\u00e9el ; Le 24 juin dans le calendrier julien tombe le 7 juillet dans le calendrier gr\u00e9gorien plus moderne.<\/p><p>Cette f\u00eate symbolise la naissance du soleil d&rsquo;\u00e9t\u00e9 &#8211; Kupalo. Au 4\u00e8me si\u00e8cle apr\u00e8s JC, ce jour a \u00e9t\u00e9 proclam\u00e9 la f\u00eate de la naissance de Jean-Baptiste &#8211; le pr\u00e9curseur de J\u00e9sus-Christ. \u00c0 la suite de la christianisation de la f\u00eate pa\u00efenne, le nom \u00ab\u00a0Kupala\u00a0\u00bb s&rsquo;est associ\u00e9 au chr\u00e9tien \u00ab\u00a0Ivan\u00a0\u00bb.<\/p><p>Le nom ukrainien et bi\u00e9lorusse de cette f\u00eate combine \u00ab\u00a0Ivan\u00a0\u00bb (Joan\/Johan\/John, dans ce cas Jean-Baptiste) et Kupala, que l&rsquo;on pensait \u00eatre d\u00e9riv\u00e9 du mot slave pour se baigner, qui est apparent\u00e9. Cependant, cela provient probablement du kump proto-slave, un rassemblement.<\/p><p>Les deux f\u00eates pourraient \u00eatre reli\u00e9es en r\u00e9interpr\u00e9tant le bapt\u00eame des gens de Jean par une immersion totale dans l&rsquo;eau. Cependant, la tradition de Kupala est ant\u00e9rieure au christianisme. La c\u00e9l\u00e9bration pa\u00efenne a \u00e9t\u00e9 adapt\u00e9e et r\u00e9tablie comme l&rsquo;une des traditions chr\u00e9tiennes indig\u00e8nes entrelac\u00e9es avec le folklore local.<\/p><p>De nombreux rites li\u00e9s \u00e0 cette f\u00eate sont li\u00e9s au r\u00f4le de l&rsquo;eau dans la fertilit\u00e9 et la purification rituelle. Cela est d\u00fb aux anciens rites Kupala. Le jour de Kupala, les jeunes sautent par-dessus les flammes des feux de joie dans une \u00e9preuve rituelle de bravoure et de foi. L&rsquo;\u00e9chec d&rsquo;un couple amoureux \u00e0 terminer le saut, tout en se tenant la main, est un signe de leur s\u00e9paration destin\u00e9e.<\/p><p>Les filles peuvent faire flotter des couronnes de fleurs (souvent allum\u00e9es avec des bougies) sur les rivi\u00e8res et tenter de pr\u00e9dire la fortune de leur relation amoureuse \u00e0 partir des mod\u00e8les d&rsquo;\u00e9coulement des fleurs sur la rivi\u00e8re. Les hommes peuvent tenter de capturer les couronnes, dans l&rsquo;espoir de capter l&rsquo;int\u00e9r\u00eat de la femme qui les a fait flotter.<\/p><p>Il existe une ancienne croyance Kupala selon laquelle la veille d&rsquo;Ivan Kupala est le seul moment de l&rsquo;ann\u00e9e o\u00f9 les foug\u00e8res fleurissent. La prosp\u00e9rit\u00e9, la chance, le discernement et le pouvoir s&rsquo;abattent sur quiconque trouve une fleur de foug\u00e8re. Par cons\u00e9quent, cette nuit-l\u00e0, les villageois parcourent les for\u00eats \u00e0 la recherche d&rsquo;herbes magiques, et en particulier de la fleur de foug\u00e8re insaisissable.<\/p><p>Traditionnellement, les femmes c\u00e9libataires, signifi\u00e9es par les guirlandes dans leurs cheveux, sont les premi\u00e8res \u00e0 entrer dans la for\u00eat. Ils sont suivis de jeunes hommes. Par cons\u00e9quent, la qu\u00eate pour trouver des herbes et la fleur de foug\u00e8re peut conduire \u00e0 l&rsquo;\u00e9panouissement des relations entre les couples au sein de la for\u00eat.<\/p><p>Dans l&rsquo;histoire de Gogol La veille d&rsquo;Ivan Kupala (\u00e9galement appel\u00e9e veille de Saint Jean), un jeune homme trouve la foug\u00e8re fantastique, mais en est maudit. Le conte de Gogol a \u00e9t\u00e9 adapt\u00e9 par Yuri Ilyenko dans un film du m\u00eame nom et a peut-\u00eatre incit\u00e9 Modest Moussorgski \u00e0 composer son po\u00e8me symphonique Night on Bald Mountain .<\/p>\t\t\t\t\t\t\t\t<\/div>\n\t\t\t\t<\/div>\n\t\t\t\t\t<\/div>\n\t\t<\/div>\n\t\t\t\t\t<\/div>\n\t\t<\/section>\n\t\t\t\t<section class=\"elementor-section elementor-top-section elementor-element elementor-element-19a00c0 elementor-section-boxed elementor-section-height-default elementor-section-height-default\" data-id=\"19a00c0\" data-element_type=\"section\" data-e-type=\"section\">\n\t\t\t\t\t\t<div class=\"elementor-container elementor-column-gap-default\">\n\t\t\t\t\t<div class=\"elementor-column elementor-col-100 elementor-top-column elementor-element elementor-element-beb6fd9\" data-id=\"beb6fd9\" data-element_type=\"column\" data-e-type=\"column\">\n\t\t\t<div class=\"elementor-widget-wrap elementor-element-populated\">\n\t\t\t\t\t\t<div class=\"elementor-element elementor-element-6c79011 elementor-widget elementor-widget-text-editor\" data-id=\"6c79011\" data-element_type=\"widget\" data-e-type=\"widget\" data-widget_type=\"text-editor.default\">\n\t\t\t\t<div class=\"elementor-widget-container\">\n\t\t\t\t\t\t\t\t\t<p>Voici le texte de nos r\u00e9seaux sociaux :<\/p><p>Aujourd&rsquo;hui, les slaves font la nuit de Kupala. Cette f\u00eate ancestrale est aujourd&rsquo;hui remplac\u00e9 par la Saint Jean. Cette f\u00eate c\u00e9l\u00e8bre le feu, l&rsquo;eau, le Soleil et la Lune, la r\u00e9colte, la fertilit\u00e9, la joie et l&rsquo;amour. Son origine est li\u00e9e au culte de Kupala. <a class=\"x1i10hfl xjbqb8w x6umtig x1b1mbwd xaqea5y xav7gou x9f619 x1ypdohk xt0psk2 xe8uvvx xdj266r x11i5rnm xat24cr x1mh8g0r xexx8yu x4uap5 x18d9i69 xkhd6sd x16tdsg8 x1hl2dhg xggy1nq x1a2a7pz xt0b8zv x1fey0fg\" tabindex=\"0\" role=\"link\" href=\"https:\/\/www.facebook.com\/hashtag\/mythologie?__cft__[0]=AZWfGXgbD3Y-mEYmeiG8SxjMljVWJElEYnzyfyvKMoCTiAKKHP2mWcVzoVREklU46IXO7fuJB4TupYrMrMhr93ZB5--xm-RC47FTFonY8ZWKfKiIQmq7_aUprNyc7UN-jKE&amp;__tn__=*NK-R\" target=\"_blank\" rel=\"noopener\">#mythologie<\/a> <a class=\"x1i10hfl xjbqb8w x6umtig x1b1mbwd xaqea5y xav7gou x9f619 x1ypdohk xt0psk2 xe8uvvx xdj266r x11i5rnm xat24cr x1mh8g0r xexx8yu x4uap5 x18d9i69 xkhd6sd x16tdsg8 x1hl2dhg xggy1nq x1a2a7pz xt0b8zv x1fey0fg\" tabindex=\"0\" role=\"link\" href=\"https:\/\/www.facebook.com\/hashtag\/mythe?__cft__[0]=AZWfGXgbD3Y-mEYmeiG8SxjMljVWJElEYnzyfyvKMoCTiAKKHP2mWcVzoVREklU46IXO7fuJB4TupYrMrMhr93ZB5--xm-RC47FTFonY8ZWKfKiIQmq7_aUprNyc7UN-jKE&amp;__tn__=*NK-R\" target=\"_blank\" rel=\"noopener\">#mythe<\/a> <a class=\"x1i10hfl xjbqb8w x6umtig x1b1mbwd xaqea5y xav7gou x9f619 x1ypdohk xt0psk2 xe8uvvx xdj266r x11i5rnm xat24cr x1mh8g0r xexx8yu x4uap5 x18d9i69 xkhd6sd x16tdsg8 x1hl2dhg xggy1nq x1a2a7pz xt0b8zv x1fey0fg\" tabindex=\"0\" role=\"link\" href=\"https:\/\/www.facebook.com\/hashtag\/l%C3%A9gende?__cft__[0]=AZWfGXgbD3Y-mEYmeiG8SxjMljVWJElEYnzyfyvKMoCTiAKKHP2mWcVzoVREklU46IXO7fuJB4TupYrMrMhr93ZB5--xm-RC47FTFonY8ZWKfKiIQmq7_aUprNyc7UN-jKE&amp;__tn__=*NK-R\" target=\"_blank\" rel=\"noopener\">#l\u00e9gende<\/a> <a class=\"x1i10hfl xjbqb8w x6umtig x1b1mbwd xaqea5y xav7gou x9f619 x1ypdohk xt0psk2 xe8uvvx xdj266r x11i5rnm xat24cr x1mh8g0r xexx8yu x4uap5 x18d9i69 xkhd6sd x16tdsg8 x1hl2dhg xggy1nq x1a2a7pz xt0b8zv x1fey0fg\" tabindex=\"0\" role=\"link\" href=\"https:\/\/www.facebook.com\/hashtag\/calendrier?__cft__[0]=AZWfGXgbD3Y-mEYmeiG8SxjMljVWJElEYnzyfyvKMoCTiAKKHP2mWcVzoVREklU46IXO7fuJB4TupYrMrMhr93ZB5--xm-RC47FTFonY8ZWKfKiIQmq7_aUprNyc7UN-jKE&amp;__tn__=*NK-R\" target=\"_blank\" rel=\"noopener\">#calendrier<\/a> <a class=\"x1i10hfl xjbqb8w x6umtig x1b1mbwd xaqea5y xav7gou x9f619 x1ypdohk xt0psk2 xe8uvvx xdj266r x11i5rnm xat24cr x1mh8g0r xexx8yu x4uap5 x18d9i69 xkhd6sd x16tdsg8 x1hl2dhg xggy1nq x1a2a7pz xt0b8zv x1fey0fg\" tabindex=\"0\" role=\"link\" href=\"https:\/\/www.facebook.com\/hashtag\/23juin?__cft__[0]=AZWfGXgbD3Y-mEYmeiG8SxjMljVWJElEYnzyfyvKMoCTiAKKHP2mWcVzoVREklU46IXO7fuJB4TupYrMrMhr93ZB5--xm-RC47FTFonY8ZWKfKiIQmq7_aUprNyc7UN-jKE&amp;__tn__=*NK-R\" target=\"_blank\" rel=\"noopener\">#23juin<\/a> <a class=\"x1i10hfl xjbqb8w x6umtig x1b1mbwd xaqea5y xav7gou x9f619 x1ypdohk xt0psk2 xe8uvvx xdj266r x11i5rnm xat24cr x1mh8g0r xexx8yu x4uap5 x18d9i69 xkhd6sd x16tdsg8 x1hl2dhg xggy1nq x1a2a7pz xt0b8zv x1fey0fg\" tabindex=\"0\" role=\"link\" href=\"https:\/\/www.facebook.com\/hashtag\/6juillet?__cft__[0]=AZWfGXgbD3Y-mEYmeiG8SxjMljVWJElEYnzyfyvKMoCTiAKKHP2mWcVzoVREklU46IXO7fuJB4TupYrMrMhr93ZB5--xm-RC47FTFonY8ZWKfKiIQmq7_aUprNyc7UN-jKE&amp;__tn__=*NK-R\" target=\"_blank\" rel=\"noopener\">#6juillet<\/a> <a class=\"x1i10hfl xjbqb8w x6umtig x1b1mbwd xaqea5y xav7gou x9f619 x1ypdohk xt0psk2 xe8uvvx xdj266r x11i5rnm xat24cr x1mh8g0r xexx8yu x4uap5 x18d9i69 xkhd6sd x16tdsg8 x1hl2dhg xggy1nq x1a2a7pz xt0b8zv x1fey0fg\" tabindex=\"0\" role=\"link\" href=\"https:\/\/www.facebook.com\/hashtag\/kupala?__cft__[0]=AZWfGXgbD3Y-mEYmeiG8SxjMljVWJElEYnzyfyvKMoCTiAKKHP2mWcVzoVREklU46IXO7fuJB4TupYrMrMhr93ZB5--xm-RC47FTFonY8ZWKfKiIQmq7_aUprNyc7UN-jKE&amp;__tn__=*NK-R\" target=\"_blank\" rel=\"noopener\">#kupala<\/a><\/p>\t\t\t\t\t\t\t\t<\/div>\n\t\t\t\t<\/div>\n\t\t\t\t\t<\/div>\n\t\t<\/div>\n\t\t\t\t\t<\/div>\n\t\t<\/section>\n\t\t\t\t<section class=\"elementor-section elementor-top-section elementor-element elementor-element-e2237da elementor-section-boxed elementor-section-height-default elementor-section-height-default\" data-id=\"e2237da\" data-element_type=\"section\" data-e-type=\"section\">\n\t\t\t\t\t\t<div class=\"elementor-container elementor-column-gap-default\">\n\t\t\t\t\t<div class=\"elementor-column elementor-col-100 elementor-top-column elementor-element elementor-element-68261ba\" data-id=\"68261ba\" data-element_type=\"column\" data-e-type=\"column\">\n\t\t\t<div class=\"elementor-widget-wrap elementor-element-populated\">\n\t\t\t\t\t\t<div class=\"elementor-element elementor-element-bf0d516 elementor-widget elementor-widget-image\" data-id=\"bf0d516\" data-element_type=\"widget\" data-e-type=\"widget\" data-widget_type=\"image.default\">\n\t\t\t\t<div class=\"elementor-widget-container\">\n\t\t\t\t\t\t\t\t\t\t\t\t\t\t\t<img fetchpriority=\"high\" decoding=\"async\" width=\"640\" height=\"388\" src=\"https:\/\/mythslegendes.com\/wp-content\/uploads\/2022\/10\/ivana-kupala-2018-istoriya-i-tradicii-prazdnika2-768x465.jpg\" class=\"attachment-medium_large size-medium_large wp-image-23051\" alt=\"\" srcset=\"https:\/\/mythslegendes.com\/wp-content\/uploads\/2022\/10\/ivana-kupala-2018-istoriya-i-tradicii-prazdnika2-768x465.jpg 768w, https:\/\/mythslegendes.com\/wp-content\/uploads\/2022\/10\/ivana-kupala-2018-istoriya-i-tradicii-prazdnika2-300x182.jpg 300w, https:\/\/mythslegendes.com\/wp-content\/uploads\/2022\/10\/ivana-kupala-2018-istoriya-i-tradicii-prazdnika2-18x12.jpg 18w, https:\/\/mythslegendes.com\/wp-content\/uploads\/2022\/10\/ivana-kupala-2018-istoriya-i-tradicii-prazdnika2-600x363.jpg 600w, https:\/\/mythslegendes.com\/wp-content\/uploads\/2022\/10\/ivana-kupala-2018-istoriya-i-tradicii-prazdnika2.jpg 900w\" sizes=\"(max-width: 640px) 100vw, 640px\" title=\"\">\t\t\t\t\t\t\t\t\t\t\t\t\t\t\t<\/div>\n\t\t\t\t<\/div>\n\t\t\t\t\t<\/div>\n\t\t<\/div>\n\t\t\t\t\t<\/div>\n\t\t<\/section>\n\t\t\t\t<\/div>\n\t\t","protected":false},"excerpt":{"rendered":"<p>Julio Festivales D\u00eda Festivales Kupala Noche (bielorruso: \u041a\u0443\u043f\u0430\u043b\u043b\u0435, polaco: Noc Kupa\u0142y, ruso: \u0418\u0432\u0430\u043d-\u041a\u0443\u043f\u0430\u043b\u0430, \u2026 <\/p>","protected":false},"author":1,"featured_media":0,"parent":0,"menu_order":0,"comment_status":"closed","ping_status":"closed","template":"","meta":{"footnotes":""},"class_list":["post-23049","page","type-page","status-publish","hentry"],"amp_enabled":true,"_links":{"self":[{"href":"https:\/\/mythslegendes.com\/es\/wp-json\/wp\/v2\/pages\/23049","targetHints":{"allow":["GET"]}}],"collection":[{"href":"https:\/\/mythslegendes.com\/es\/wp-json\/wp\/v2\/pages"}],"about":[{"href":"https:\/\/mythslegendes.com\/es\/wp-json\/wp\/v2\/types\/page"}],"author":[{"embeddable":true,"href":"https:\/\/mythslegendes.com\/es\/wp-json\/wp\/v2\/users\/1"}],"replies":[{"embeddable":true,"href":"https:\/\/mythslegendes.com\/es\/wp-json\/wp\/v2\/comments?post=23049"}],"version-history":[{"count":3,"href":"https:\/\/mythslegendes.com\/es\/wp-json\/wp\/v2\/pages\/23049\/revisions"}],"predecessor-version":[{"id":23057,"href":"https:\/\/mythslegendes.com\/es\/wp-json\/wp\/v2\/pages\/23049\/revisions\/23057"}],"wp:attachment":[{"href":"https:\/\/mythslegendes.com\/es\/wp-json\/wp\/v2\/media?parent=23049"}],"curies":[{"name":"wp","href":"https:\/\/api.w.org\/{rel}","templated":true}]}}