{"id":2311,"date":"2020-07-10T16:53:42","date_gmt":"2020-07-10T15:53:42","guid":{"rendered":"https:\/\/mythslegendes.com\/?page_id=2311"},"modified":"2022-12-03T22:07:07","modified_gmt":"2022-12-03T22:07:07","slug":"legendes-de-montserrat","status":"publish","type":"page","link":"https:\/\/mythslegendes.com\/es\/mitologia-iberica\/leyendas-de-montserrat\/","title":{"rendered":"Leyendas de Montserrat"},"content":{"rendered":"<div data-elementor-type=\"wp-page\" data-elementor-id=\"2311\" class=\"elementor elementor-2311\">\n\t\t\t\t\t\t<section class=\"elementor-section elementor-top-section elementor-element elementor-element-5047420 elementor-section-boxed elementor-section-height-default elementor-section-height-default\" data-id=\"5047420\" data-element_type=\"section\" data-e-type=\"section\">\n\t\t\t\t\t\t<div class=\"elementor-container elementor-column-gap-default\">\n\t\t\t\t\t<div class=\"elementor-column elementor-col-50 elementor-top-column elementor-element elementor-element-6d0a554\" data-id=\"6d0a554\" data-element_type=\"column\" data-e-type=\"column\">\n\t\t\t<div class=\"elementor-widget-wrap elementor-element-populated\">\n\t\t\t\t\t\t<div class=\"elementor-element elementor-element-ee4f10e elementor-align-justify elementor-widget elementor-widget-button\" data-id=\"ee4f10e\" data-element_type=\"widget\" data-e-type=\"widget\" data-widget_type=\"button.default\">\n\t\t\t\t<div class=\"elementor-widget-container\">\n\t\t\t\t\t\t\t\t\t<div class=\"elementor-button-wrapper\">\n\t\t\t\t\t<a class=\"elementor-button elementor-button-link elementor-size-sm\" href=\"https:\/\/mythslegendes.com\/es\/mitologia-iberica\/\">\n\t\t\t\t\t\t<span class=\"elementor-button-content-wrapper\">\n\t\t\t\t\t\t\t\t\t<span class=\"elementor-button-text\">Mitolog\u00eda ib\u00e9rica<\/span>\n\t\t\t\t\t<\/span>\n\t\t\t\t\t<\/a>\n\t\t\t\t<\/div>\n\t\t\t\t\t\t\t\t<\/div>\n\t\t\t\t<\/div>\n\t\t\t\t\t<\/div>\n\t\t<\/div>\n\t\t\t\t<div class=\"elementor-column elementor-col-50 elementor-top-column elementor-element elementor-element-c519dc6\" data-id=\"c519dc6\" data-element_type=\"column\" data-e-type=\"column\">\n\t\t\t<div class=\"elementor-widget-wrap elementor-element-populated\">\n\t\t\t\t\t\t<div class=\"elementor-element elementor-element-3a627b0 elementor-align-justify elementor-widget elementor-widget-button\" data-id=\"3a627b0\" data-element_type=\"widget\" data-e-type=\"widget\" data-widget_type=\"button.default\">\n\t\t\t\t<div class=\"elementor-widget-container\">\n\t\t\t\t\t\t\t\t\t<div class=\"elementor-button-wrapper\">\n\t\t\t\t\t<a class=\"elementor-button elementor-button-link elementor-size-sm\" href=\"https:\/\/en.wikipedia.org\/wiki\/Spanish_mythology\" target=\"_blank\" rel=\"noopener\">\n\t\t\t\t\t\t<span class=\"elementor-button-content-wrapper\">\n\t\t\t\t\t\t\t\t\t<span class=\"elementor-button-text\">Wiki<\/span>\n\t\t\t\t\t<\/span>\n\t\t\t\t\t<\/a>\n\t\t\t\t<\/div>\n\t\t\t\t\t\t\t\t<\/div>\n\t\t\t\t<\/div>\n\t\t\t\t\t<\/div>\n\t\t<\/div>\n\t\t\t\t\t<\/div>\n\t\t<\/section>\n\t\t\t\t<section class=\"elementor-section elementor-top-section elementor-element elementor-element-235fa456 elementor-section-boxed elementor-section-height-default elementor-section-height-default\" data-id=\"235fa456\" data-element_type=\"section\" data-e-type=\"section\">\n\t\t\t\t\t\t<div class=\"elementor-container elementor-column-gap-default\">\n\t\t\t\t\t<div class=\"elementor-column elementor-col-100 elementor-top-column elementor-element elementor-element-a505938\" data-id=\"a505938\" data-element_type=\"column\" data-e-type=\"column\">\n\t\t\t<div class=\"elementor-widget-wrap elementor-element-populated\">\n\t\t\t\t\t\t<div class=\"elementor-element elementor-element-c1d332e elementor-widget elementor-widget-text-editor\" data-id=\"c1d332e\" data-element_type=\"widget\" data-e-type=\"widget\" data-widget_type=\"text-editor.default\">\n\t\t\t\t<div class=\"elementor-widget-container\">\n\t\t\t\t\t\t\t\t\t<p><\/p>\n<div id=\"ez-toc-container\" class=\"ez-toc-v2_0_82_2 counter-hierarchy ez-toc-counter ez-toc-grey ez-toc-container-direction\">\n<div class=\"ez-toc-title-container\">\n<p class=\"ez-toc-title\" style=\"cursor:inherit\">Contenido<\/p>\n<span class=\"ez-toc-title-toggle\"><a href=\"#\" class=\"ez-toc-pull-right ez-toc-btn ez-toc-btn-xs ez-toc-btn-default ez-toc-toggle\" aria-label=\"Alternar tabla de contenidos\"><span class=\"ez-toc-js-icon-con\"><span class=\"\"><span class=\"eztoc-hide\" style=\"display:none;\">Palanca<\/span><span class=\"ez-toc-icon-toggle-span\"><svg style=\"fill: #999;color:#999\" xmlns=\"http:\/\/www.w3.org\/2000\/svg\" class=\"list-377408\" width=\"20px\" height=\"20px\" viewbox=\"0 0 24 24\" fill=\"none\"><path d=\"M6 6H4v2h2V6zm14 0H8v2h12V6zM4 11h2v2H4v-2zm16 0H8v2h12v-2zM4 16h2v2H4v-2zm16 0H8v2h12v-2z\" fill=\"currentColor\"><\/path><\/svg><svg style=\"fill: #999;color:#999\" class=\"arrow-unsorted-368013\" xmlns=\"http:\/\/www.w3.org\/2000\/svg\" width=\"10px\" height=\"10px\" viewbox=\"0 0 24 24\" version=\"1.2\" baseprofile=\"tiny\"><path d=\"M18.2 9.3l-6.2-6.3-6.2 6.3c-.2.2-.3.4-.3.7s.1.5.3.7c.2.2.4.3.7.3h11c.3 0 .5-.1.7-.3.2-.2.3-.5.3-.7s-.1-.5-.3-.7zM5.8 14.7l6.2 6.3 6.2-6.3c.2-.2.3-.5.3-.7s-.1-.5-.3-.7c-.2-.2-.4-.3-.7-.3h-11c-.3 0-.5.1-.7.3-.2.2-.3.5-.3.7s.1.5.3.7z\"\/><\/svg><\/span><\/span><\/span><\/a><\/span><\/div>\n<nav><ul class='ez-toc-list ez-toc-list-level-1' ><li class='ez-toc-page-1 ez-toc-heading-level-2'><a class=\"ez-toc-link ez-toc-heading-1\" href=\"https:\/\/mythslegendes.com\/es\/mitologia-iberica\/leyendas-de-montserrat\/#Montserrat\" >Montserrat<\/a><\/li><li class='ez-toc-page-1 ez-toc-heading-level-2'><a class=\"ez-toc-link ez-toc-heading-2\" href=\"https:\/\/mythslegendes.com\/es\/mitologia-iberica\/leyendas-de-montserrat\/#La-Moreneta-vierge-noire-de-Montserrat\" >La Moreneta, virgen negra de Montserrat<\/a><\/li><li class='ez-toc-page-1 ez-toc-heading-level-2'><a class=\"ez-toc-link ez-toc-heading-3\" href=\"https:\/\/mythslegendes.com\/es\/mitologia-iberica\/leyendas-de-montserrat\/#La-Pierre-%C2%AB-Cavall-Bernat-%C2%BB\" >La Piedra \u201cCavall Bernat\u201d<\/a><\/li><\/ul><\/nav><\/div>\n<h2 class=\"wp-block-heading\"><span class=\"ez-toc-section\" id=\"Montserrat\"><\/span>Montserrat<span class=\"ez-toc-section-end\"><\/span><\/h2>\n<p>He aqu\u00ed los <a href=\"https:\/\/mythslegendes.com\/es\/\">leyendas<\/a> de Montserrat: la Moreneta negra virgen de Montserrat, la piedra Cavall Bernat<\/p>\n<p><img decoding=\"async\" class=\"alignnone wp-image-5284 size-full\" src=\"https:\/\/mythslegendes.com\/wp-content\/uploads\/2020\/09\/AlphaOmega-e1602613368367.png\" alt=\"Montserrat\" width=\"25\" height=\"26\" title=\"\"><\/p>\n<h2><span class=\"ez-toc-section\" id=\"La-Moreneta-vierge-noire-de-Montserrat\"><\/span>La Moreneta, virgen negra de Montserrat<span class=\"ez-toc-section-end\"><\/span><\/h2>\n<p><\/p>\n<p>Seg\u00fan la <a href=\"https:\/\/mythslegendes.com\/es\/\">leyenda<\/a>, en el a\u00f1o 880, un s\u00e1bado por la tarde, varios ni\u00f1os de Montserrat vieron descender del cielo una luz muy intensa, acompa\u00f1ada de una dulce melod\u00eda. Dice la leyenda que este espect\u00e1culo se observ\u00f3 en la monta\u00f1a espa\u00f1ola un total de 6 veces, con una semana de diferencia en cada nueva aparici\u00f3n. La noticia lleg\u00f3 finalmente a o\u00eddos del obispo de Manresa, que organiz\u00f3 una expedici\u00f3n. All\u00ed descubri\u00f3 una cueva en la que hab\u00eda una estatua negra de la Virgen Mar\u00eda.<\/p>\n<p>El obispo intent\u00f3 entonces transportar la estatua para llevarla a Manresa pero su peso se lo impidi\u00f3. El monje interpret\u00f3 esto como la voluntad divina de dejar la estatua en la cueva y orden\u00f3 la construcci\u00f3n de una capilla, que se convirti\u00f3 en un lugar de peregrinaci\u00f3n. Desde entonces, la Virgen es conocida como la \u201cMoreneta\u201d (la morena) por su color muy oscuro. Ahora se guarda en el Monasterio de Santa Mar\u00eda de Montserrat.<\/p>\n<p><\/p>\n<h2 class=\"wp-block-heading\"><span class=\"ez-toc-section\" id=\"La-Pierre-%C2%AB-Cavall-Bernat-%C2%BB\"><\/span>La Piedra \u201cCavall Bernat\u201d<span class=\"ez-toc-section-end\"><\/span><\/h2>\n<p><\/p>\n<p>Podr\u00eda decirse que el pico de la monta\u00f1a m\u00e1s emblem\u00e1tico de Montserrat es el &quot;Cavall Bernat&quot;. Seg\u00fan la leyenda, un le\u00f1ador que transportaba fardos de le\u00f1a hacia el Llobregat, un pueblo cercano, se encontr\u00f3 en su camino con el diablo, quien para ayudarlo en su tarea, le ofreci\u00f3 prestarle un caballo llamado Bernat, veloz como el rel\u00e1mpago. A cambio, el diablo pidi\u00f3 que en 10 a\u00f1os, el le\u00f1ador le ofreciera un caballo tan veloz.<\/p>\n<p><\/p>\n<p>Seg\u00fan la leyenda, el le\u00f1ador se hizo rico gracias al caballo y 10 a\u00f1os despu\u00e9s, cuando hab\u00eda olvidado su pacto con el diablo, fue amenazado por \u00e9l. La mujer del le\u00f1ador fue entonces a rezar a la Virgen, quien le concedi\u00f3 sus deseos, y despu\u00e9s de que una luz gigantesca ilumin\u00f3 el cielo, el diablo y el caballo hab\u00edan desaparecido y en su lugar se erigi\u00f3 una enorme piedra que apuntaba al cielo.<\/p>\n<p><\/p>\t\t\t\t\t\t\t\t<\/div>\n\t\t\t\t<\/div>\n\t\t\t\t\t<\/div>\n\t\t<\/div>\n\t\t\t\t\t<\/div>\n\t\t<\/section>\n\t\t\t\t<\/div>","protected":false},"excerpt":{"rendered":"<p>Mythologie Ib\u00e9rique Wiki Montserrat Voici les l\u00e9gendes de Montserrat : la Moreneta vierge noire de Montserrat, la pierre Cavall Bernat &hellip; <\/p>","protected":false},"author":1,"featured_media":0,"parent":2187,"menu_order":0,"comment_status":"closed","ping_status":"closed","template":"","meta":{"footnotes":""},"class_list":["post-2311","page","type-page","status-publish","hentry"],"amp_enabled":true,"_links":{"self":[{"href":"https:\/\/mythslegendes.com\/es\/wp-json\/wp\/v2\/pages\/2311","targetHints":{"allow":["GET"]}}],"collection":[{"href":"https:\/\/mythslegendes.com\/es\/wp-json\/wp\/v2\/pages"}],"about":[{"href":"https:\/\/mythslegendes.com\/es\/wp-json\/wp\/v2\/types\/page"}],"author":[{"embeddable":true,"href":"https:\/\/mythslegendes.com\/es\/wp-json\/wp\/v2\/users\/1"}],"replies":[{"embeddable":true,"href":"https:\/\/mythslegendes.com\/es\/wp-json\/wp\/v2\/comments?post=2311"}],"version-history":[{"count":1,"href":"https:\/\/mythslegendes.com\/es\/wp-json\/wp\/v2\/pages\/2311\/revisions"}],"predecessor-version":[{"id":24769,"href":"https:\/\/mythslegendes.com\/es\/wp-json\/wp\/v2\/pages\/2311\/revisions\/24769"}],"up":[{"embeddable":true,"href":"https:\/\/mythslegendes.com\/es\/wp-json\/wp\/v2\/pages\/2187"}],"wp:attachment":[{"href":"https:\/\/mythslegendes.com\/es\/wp-json\/wp\/v2\/media?parent=2311"}],"curies":[{"name":"wp","href":"https:\/\/api.w.org\/{rel}","templated":true}]}}