{"id":2314,"date":"2020-07-10T16:56:31","date_gmt":"2020-07-10T15:56:31","guid":{"rendered":"https:\/\/mythslegendes.com\/?page_id=2314"},"modified":"2022-12-03T22:07:07","modified_gmt":"2022-12-03T22:07:07","slug":"lemir-et-la-grenade","status":"publish","type":"page","link":"https:\/\/mythslegendes.com\/es\/mitologia-iberica\/lemir-y-granada\/","title":{"rendered":"El emir y la granada"},"content":{"rendered":"<div data-elementor-type=\"wp-page\" data-elementor-id=\"2314\" class=\"elementor elementor-2314\">\n\t\t\t\t\t\t<section class=\"elementor-section elementor-top-section elementor-element elementor-element-66e5c7f elementor-section-boxed elementor-section-height-default elementor-section-height-default\" data-id=\"66e5c7f\" data-element_type=\"section\" data-e-type=\"section\">\n\t\t\t\t\t\t<div class=\"elementor-container elementor-column-gap-default\">\n\t\t\t\t\t<div class=\"elementor-column elementor-col-50 elementor-top-column elementor-element elementor-element-43ccc5f\" data-id=\"43ccc5f\" data-element_type=\"column\" data-e-type=\"column\">\n\t\t\t<div class=\"elementor-widget-wrap elementor-element-populated\">\n\t\t\t\t\t\t<div class=\"elementor-element elementor-element-c391e65 elementor-align-justify elementor-widget elementor-widget-button\" data-id=\"c391e65\" data-element_type=\"widget\" data-e-type=\"widget\" data-widget_type=\"button.default\">\n\t\t\t\t<div class=\"elementor-widget-container\">\n\t\t\t\t\t\t\t\t\t<div class=\"elementor-button-wrapper\">\n\t\t\t\t\t<a class=\"elementor-button elementor-button-link elementor-size-sm\" href=\"https:\/\/mythslegendes.com\/es\/mitologia-iberica\/\">\n\t\t\t\t\t\t<span class=\"elementor-button-content-wrapper\">\n\t\t\t\t\t\t\t\t\t<span class=\"elementor-button-text\">Mitolog\u00eda ib\u00e9rica<\/span>\n\t\t\t\t\t<\/span>\n\t\t\t\t\t<\/a>\n\t\t\t\t<\/div>\n\t\t\t\t\t\t\t\t<\/div>\n\t\t\t\t<\/div>\n\t\t\t\t\t<\/div>\n\t\t<\/div>\n\t\t\t\t<div class=\"elementor-column elementor-col-50 elementor-top-column elementor-element elementor-element-a9ede59\" data-id=\"a9ede59\" data-element_type=\"column\" data-e-type=\"column\">\n\t\t\t<div class=\"elementor-widget-wrap elementor-element-populated\">\n\t\t\t\t\t\t<div class=\"elementor-element elementor-element-7bbe3fc elementor-align-justify elementor-widget elementor-widget-button\" data-id=\"7bbe3fc\" data-element_type=\"widget\" data-e-type=\"widget\" data-widget_type=\"button.default\">\n\t\t\t\t<div class=\"elementor-widget-container\">\n\t\t\t\t\t\t\t\t\t<div class=\"elementor-button-wrapper\">\n\t\t\t\t\t<a class=\"elementor-button elementor-button-link elementor-size-sm\" href=\"https:\/\/en.wikipedia.org\/wiki\/Spanish_mythology\" target=\"_blank\" rel=\"noopener\">\n\t\t\t\t\t\t<span class=\"elementor-button-content-wrapper\">\n\t\t\t\t\t\t\t\t\t<span class=\"elementor-button-text\">Wiki<\/span>\n\t\t\t\t\t<\/span>\n\t\t\t\t\t<\/a>\n\t\t\t\t<\/div>\n\t\t\t\t\t\t\t\t<\/div>\n\t\t\t\t<\/div>\n\t\t\t\t\t<\/div>\n\t\t<\/div>\n\t\t\t\t\t<\/div>\n\t\t<\/section>\n\t\t\t\t<section class=\"elementor-section elementor-top-section elementor-element elementor-element-45924107 elementor-section-boxed elementor-section-height-default elementor-section-height-default\" data-id=\"45924107\" data-element_type=\"section\" data-e-type=\"section\">\n\t\t\t\t\t\t<div class=\"elementor-container elementor-column-gap-default\">\n\t\t\t\t\t<div class=\"elementor-column elementor-col-100 elementor-top-column elementor-element elementor-element-6696edfb\" data-id=\"6696edfb\" data-element_type=\"column\" data-e-type=\"column\">\n\t\t\t<div class=\"elementor-widget-wrap elementor-element-populated\">\n\t\t\t\t\t\t<div class=\"elementor-element elementor-element-5bedf401 elementor-widget elementor-widget-text-editor\" data-id=\"5bedf401\" data-element_type=\"widget\" data-e-type=\"widget\" data-widget_type=\"text-editor.default\">\n\t\t\t\t<div class=\"elementor-widget-container\">\n\t\t\t\t\t\t\t\t\t<p><\/p>\n<p>Hace mucho tiempo, en tiempos de Al-Andalus, exist\u00eda un poderoso emir en el sur. Despu\u00e9s de una larga vida librando la guerra y gobernando sus dominios con justicia y equidad. El emir, que ya ten\u00eda una edad avanzada, se sinti\u00f3 envejeciendo y perdiendo las fuerzas. Consciente de la necesidad de legar su corona y de tener una sola hija por descendencia. El poderoso emir se persuadi\u00f3 a s\u00ed mismo de buscarle un marido, que al mismo tiempo se convertir\u00eda en su heredero.<\/p>\n<p><img decoding=\"async\" class=\"alignnone wp-image-5284 size-full\" src=\"https:\/\/mythslegendes.com\/wp-content\/uploads\/2020\/09\/AlphaOmega-e1602613368367.png\" alt=\"Emir y la granada\" width=\"25\" height=\"26\" title=\"\"><\/p>\n<div id=\"ez-toc-container\" class=\"ez-toc-v2_0_82_2 counter-hierarchy ez-toc-counter ez-toc-grey ez-toc-container-direction\">\n<div class=\"ez-toc-title-container\">\n<p class=\"ez-toc-title\" style=\"cursor:inherit\">Contenido<\/p>\n<span class=\"ez-toc-title-toggle\"><a href=\"#\" class=\"ez-toc-pull-right ez-toc-btn ez-toc-btn-xs ez-toc-btn-default ez-toc-toggle\" aria-label=\"Alternar tabla de contenidos\"><span class=\"ez-toc-js-icon-con\"><span class=\"\"><span class=\"eztoc-hide\" style=\"display:none;\">Palanca<\/span><span class=\"ez-toc-icon-toggle-span\"><svg style=\"fill: #999;color:#999\" xmlns=\"http:\/\/www.w3.org\/2000\/svg\" class=\"list-377408\" width=\"20px\" height=\"20px\" viewbox=\"0 0 24 24\" fill=\"none\"><path d=\"M6 6H4v2h2V6zm14 0H8v2h12V6zM4 11h2v2H4v-2zm16 0H8v2h12v-2zM4 16h2v2H4v-2zm16 0H8v2h12v-2z\" fill=\"currentColor\"><\/path><\/svg><svg style=\"fill: #999;color:#999\" class=\"arrow-unsorted-368013\" xmlns=\"http:\/\/www.w3.org\/2000\/svg\" width=\"10px\" height=\"10px\" viewbox=\"0 0 24 24\" version=\"1.2\" baseprofile=\"tiny\"><path d=\"M18.2 9.3l-6.2-6.3-6.2 6.3c-.2.2-.3.4-.3.7s.1.5.3.7c.2.2.4.3.7.3h11c.3 0 .5-.1.7-.3.2-.2.3-.5.3-.7s-.1-.5-.3-.7zM5.8 14.7l6.2 6.3 6.2-6.3c.2-.2.3-.5.3-.7s-.1-.5-.3-.7c-.2-.2-.4-.3-.7-.3h-11c-.3 0-.5.1-.7.3-.2.2-.3.5-.3.7s.1.5.3.7z\"\/><\/svg><\/span><\/span><\/span><\/a><\/span><\/div>\n<nav><ul class='ez-toc-list ez-toc-list-level-1' ><li class='ez-toc-page-1 ez-toc-heading-level-2'><a class=\"ez-toc-link ez-toc-heading-1\" href=\"https:\/\/mythslegendes.com\/es\/mitologia-iberica\/lemir-y-granada\/#Emir-et-la-grenade\" >Emir y la granada<\/a><\/li><\/ul><\/nav><\/div>\n<h2><span class=\"ez-toc-section\" id=\"Emir-et-la-grenade\"><\/span>Emir y la granada<span class=\"ez-toc-section-end\"><\/span><\/h2>\n<p><\/p>\n<p>En cuesti\u00f3n de d\u00edas, muchos jinetes llevaron el mensaje a todo el pa\u00eds y m\u00e1s all\u00e1.<\/p>\n<p><\/p>\n<p>\u201dEl Emir de Granada, busca pretendiente para su dulce hija No\u00fbr. \u00bfQui\u00e9n heredar\u00e1 el reino? \u201d.<\/p>\n<p><\/p>\n<p>Posteriormente, tres pretendientes tuvieron la osad\u00eda de comparecer ante el poderoso soberano. La decisi\u00f3n fue dif\u00edcil de tomar. Entonces el emir decidi\u00f3 lanzar un desaf\u00edo para decidir entre ellos.<\/p>\n<p><\/p>\n<p>\u201cMesseigneurs, ustedes, que codician a mi adorable hija, as\u00ed como a mi emirato, los desaf\u00edo. En tres d\u00edas, tr\u00e1eme lo m\u00e1s preciado que pueda existir en nuestra tierra. As\u00ed que tomar\u00e9 una decisi\u00f3n &quot;.<\/p>\n<p><\/p>\n<p>El primer pretendiente, que era el pr\u00edncipe de un poderoso reino fronterizo. Elija su caballo m\u00e1s r\u00e1pido. Recorri\u00f3 los caminos de Al-Andalus a la velocidad del viento para encontrar un objeto precioso. El segundo fue el sult\u00e1n de un reino lejano. Tom\u00f3 su barco m\u00e1s ligero y naveg\u00f3 por el mar en busca de suntuosos tesoros.<\/p>\n<p>Finalmente, el \u00faltimo pretendiente fue un joven gobernador del emirato, poco conocido y con poca fortuna. Este \u00faltimo, sin barco ni caballo r\u00e1pido, fue a buscar su presente a pie.<\/p>\n<p><\/p>\n<p>Pasaron los tres d\u00edas y lleg\u00f3 la hora del veredicto. Toda la corte, visires y todas las personas influyentes del reino hab\u00edan venido al palacio para presenciar el evento. El emir entr\u00f3, se sent\u00f3 y pidi\u00f3 a los pretendientes sus respuestas al desaf\u00edo.<\/p>\n<p><\/p>\n<p>El pr\u00edncipe habl\u00f3 se dice:<br \/>\u201cOh gran emir, recorr\u00ed los caminos de Al-Andalus hasta Taifa en Valencia. Esta es la cosa m\u00e1s preciosa que puede existir en nuestra tierra. Aqu\u00ed est\u00e1 la corona de una princesa antigua, de oro y engastada con piedras preciosas y marfil &quot;.<\/p>\n<p><\/p>\n<p>Entonces el sult\u00e1n se adelant\u00f3 y habl\u00f3:<br \/>\u201cOh poderoso gobernante, he viajado por los mares hasta el Magreb al-Aqsa. De su vientre sali\u00f3 el objeto m\u00e1s preciado de nuestra tierra. Aqu\u00ed est\u00e1 este rub\u00ed cuyo valor supera al de mi reino \u201d.<\/p>\n<p><\/p>\n<p>Finalmente, fue el turno del joven gobernador:<br \/>\u201cOh gran gobernante de Granada. No me alej\u00e9 mucho de tu palacio y, humilde como soy, te ofrezco este regalo \u201d. El joven mientras una granada.<\/p>\n<p><\/p>\n<p>El dudoso emir, agarr\u00f3 el fruto de estas manos y pregunt\u00f3:<br \/>\u201c\u00a1Una simple fruta! \u00bfQui\u00e9n es tan precioso? &quot;<\/p>\n<p><\/p>\n<p>El gobernador respondi\u00f3:<br \/>\u201cEmir, no te estoy ofreciendo una fruta, sino tiempo. Lo m\u00e1s preciado de nuestra tierra. Lo que todo el mundo pierde y no puede comprar, sean ricos o pobres. Mi soberano, recog\u00ed esta fruta madura y jugosa hace tres d\u00edas y ahora se est\u00e1 ablandando. Por eso les ofrezco el paso del tiempo y cada una de sus semillas representan las elecciones que hacemos o no \u201d.<\/p>\n<p><\/p>\n<p>El viejo emir, m\u00e1s consciente que ning\u00fan otro de la importancia del tiempo. Decidi\u00f3 casar a su hija No\u00fbr con el joven gobernador y la boda tuvo lugar el mismo d\u00eda.<\/p>\n<p><\/p>\t\t\t\t\t\t\t\t<\/div>\n\t\t\t\t<\/div>\n\t\t\t\t\t<\/div>\n\t\t<\/div>\n\t\t\t\t\t<\/div>\n\t\t<\/section>\n\t\t\t\t<\/div>","protected":false},"excerpt":{"rendered":"<p>Wiki Mitolog\u00eda Ib\u00e9rica Hace mucho tiempo, en tiempos de Al-Andalus, viv\u00eda en el sur un poderoso emir. Luego de una \u2026 <\/p>","protected":false},"author":1,"featured_media":0,"parent":2187,"menu_order":0,"comment_status":"closed","ping_status":"closed","template":"","meta":{"footnotes":""},"class_list":["post-2314","page","type-page","status-publish","hentry"],"amp_enabled":true,"_links":{"self":[{"href":"https:\/\/mythslegendes.com\/es\/wp-json\/wp\/v2\/pages\/2314","targetHints":{"allow":["GET"]}}],"collection":[{"href":"https:\/\/mythslegendes.com\/es\/wp-json\/wp\/v2\/pages"}],"about":[{"href":"https:\/\/mythslegendes.com\/es\/wp-json\/wp\/v2\/types\/page"}],"author":[{"embeddable":true,"href":"https:\/\/mythslegendes.com\/es\/wp-json\/wp\/v2\/users\/1"}],"replies":[{"embeddable":true,"href":"https:\/\/mythslegendes.com\/es\/wp-json\/wp\/v2\/comments?post=2314"}],"version-history":[{"count":1,"href":"https:\/\/mythslegendes.com\/es\/wp-json\/wp\/v2\/pages\/2314\/revisions"}],"predecessor-version":[{"id":24770,"href":"https:\/\/mythslegendes.com\/es\/wp-json\/wp\/v2\/pages\/2314\/revisions\/24770"}],"up":[{"embeddable":true,"href":"https:\/\/mythslegendes.com\/es\/wp-json\/wp\/v2\/pages\/2187"}],"wp:attachment":[{"href":"https:\/\/mythslegendes.com\/es\/wp-json\/wp\/v2\/media?parent=2314"}],"curies":[{"name":"wp","href":"https:\/\/api.w.org\/{rel}","templated":true}]}}