{"id":2317,"date":"2020-07-10T17:01:11","date_gmt":"2020-07-10T16:01:11","guid":{"rendered":"https:\/\/mythslegendes.com\/?page_id=2317"},"modified":"2022-12-03T22:07:07","modified_gmt":"2022-12-03T22:07:07","slug":"sant-jordi-et-la-rose","status":"publish","type":"page","link":"https:\/\/mythslegendes.com\/es\/mitologia-iberica\/sant-jordi-y-la-rosa\/","title":{"rendered":"Sant Jordi y la rosa"},"content":{"rendered":"<div data-elementor-type=\"wp-page\" data-elementor-id=\"2317\" class=\"elementor elementor-2317\">\n\t\t\t\t\t\t<section class=\"elementor-section elementor-top-section elementor-element elementor-element-46d51dc elementor-section-boxed elementor-section-height-default elementor-section-height-default\" data-id=\"46d51dc\" data-element_type=\"section\" data-e-type=\"section\">\n\t\t\t\t\t\t<div class=\"elementor-container elementor-column-gap-default\">\n\t\t\t\t\t<div class=\"elementor-column elementor-col-50 elementor-top-column elementor-element elementor-element-bcc19cc\" data-id=\"bcc19cc\" data-element_type=\"column\" data-e-type=\"column\">\n\t\t\t<div class=\"elementor-widget-wrap elementor-element-populated\">\n\t\t\t\t\t\t<div class=\"elementor-element elementor-element-0553e44 elementor-align-justify elementor-widget elementor-widget-button\" data-id=\"0553e44\" data-element_type=\"widget\" data-e-type=\"widget\" data-widget_type=\"button.default\">\n\t\t\t\t<div class=\"elementor-widget-container\">\n\t\t\t\t\t\t\t\t\t<div class=\"elementor-button-wrapper\">\n\t\t\t\t\t<a class=\"elementor-button elementor-button-link elementor-size-sm\" href=\"https:\/\/mythslegendes.com\/es\/mitologia-iberica\/\">\n\t\t\t\t\t\t<span class=\"elementor-button-content-wrapper\">\n\t\t\t\t\t\t\t\t\t<span class=\"elementor-button-text\">Mitolog\u00eda ib\u00e9rica<\/span>\n\t\t\t\t\t<\/span>\n\t\t\t\t\t<\/a>\n\t\t\t\t<\/div>\n\t\t\t\t\t\t\t\t<\/div>\n\t\t\t\t<\/div>\n\t\t\t\t\t<\/div>\n\t\t<\/div>\n\t\t\t\t<div class=\"elementor-column elementor-col-50 elementor-top-column elementor-element elementor-element-1ccae54\" data-id=\"1ccae54\" data-element_type=\"column\" data-e-type=\"column\">\n\t\t\t<div class=\"elementor-widget-wrap elementor-element-populated\">\n\t\t\t\t\t\t<div class=\"elementor-element elementor-element-e92ba04 elementor-align-justify elementor-widget elementor-widget-button\" data-id=\"e92ba04\" data-element_type=\"widget\" data-e-type=\"widget\" data-widget_type=\"button.default\">\n\t\t\t\t<div class=\"elementor-widget-container\">\n\t\t\t\t\t\t\t\t\t<div class=\"elementor-button-wrapper\">\n\t\t\t\t\t<a class=\"elementor-button elementor-button-link elementor-size-sm\" href=\"https:\/\/en.wikipedia.org\/wiki\/Spanish_mythology\" target=\"_blank\" rel=\"noopener\">\n\t\t\t\t\t\t<span class=\"elementor-button-content-wrapper\">\n\t\t\t\t\t\t\t\t\t<span class=\"elementor-button-text\">Wiki<\/span>\n\t\t\t\t\t<\/span>\n\t\t\t\t\t<\/a>\n\t\t\t\t<\/div>\n\t\t\t\t\t\t\t\t<\/div>\n\t\t\t\t<\/div>\n\t\t\t\t\t<\/div>\n\t\t<\/div>\n\t\t\t\t\t<\/div>\n\t\t<\/section>\n\t\t\t\t<section class=\"elementor-section elementor-top-section elementor-element elementor-element-4dc2e433 elementor-section-boxed elementor-section-height-default elementor-section-height-default\" data-id=\"4dc2e433\" data-element_type=\"section\" data-e-type=\"section\">\n\t\t\t\t\t\t<div class=\"elementor-container elementor-column-gap-default\">\n\t\t\t\t\t<div class=\"elementor-column elementor-col-100 elementor-top-column elementor-element elementor-element-663066b\" data-id=\"663066b\" data-element_type=\"column\" data-e-type=\"column\">\n\t\t\t<div class=\"elementor-widget-wrap elementor-element-populated\">\n\t\t\t\t\t\t<div class=\"elementor-element elementor-element-2b69c445 elementor-widget elementor-widget-text-editor\" data-id=\"2b69c445\" data-element_type=\"widget\" data-e-type=\"widget\" data-widget_type=\"text-editor.default\">\n\t\t\t\t<div class=\"elementor-widget-container\">\n\t\t\t\t\t\t\t\t\t<p><\/p>\n<p>los <a href=\"https:\/\/mythslegendes.com\/es\/\">leyenda<\/a> de Sant Jordi y la rosa cuenta que una vez, en Montblanc (Tarragona), un feroz drag\u00f3n capaz de envenenar el aire y matar con su aliento asust\u00f3 a los habitantes del pueblo. Los habitantes, asustados y cansados de sus estragos y fechor\u00edas, decidieron entregarle cada d\u00eda una persona al azar para aplacar su ira. Unos d\u00edas despu\u00e9s, la mala suerte toc\u00f3 a la princesa.<\/p>\n<p><img decoding=\"async\" class=\"alignnone wp-image-5284 size-full\" src=\"https:\/\/mythslegendes.com\/wp-content\/uploads\/2020\/09\/AlphaOmega-e1602613368367.png\" alt=\"Sant Jordi y la rosa\" width=\"25\" height=\"26\" title=\"\"><\/p>\n<div id=\"ez-toc-container\" class=\"ez-toc-v2_0_82_2 counter-hierarchy ez-toc-counter ez-toc-grey ez-toc-container-direction\">\n<div class=\"ez-toc-title-container\">\n<p class=\"ez-toc-title\" style=\"cursor:inherit\">Contenido<\/p>\n<span class=\"ez-toc-title-toggle\"><a href=\"#\" class=\"ez-toc-pull-right ez-toc-btn ez-toc-btn-xs ez-toc-btn-default ez-toc-toggle\" aria-label=\"Alternar tabla de contenidos\"><span class=\"ez-toc-js-icon-con\"><span class=\"\"><span class=\"eztoc-hide\" style=\"display:none;\">Palanca<\/span><span class=\"ez-toc-icon-toggle-span\"><svg style=\"fill: #999;color:#999\" xmlns=\"http:\/\/www.w3.org\/2000\/svg\" class=\"list-377408\" width=\"20px\" height=\"20px\" viewbox=\"0 0 24 24\" fill=\"none\"><path d=\"M6 6H4v2h2V6zm14 0H8v2h12V6zM4 11h2v2H4v-2zm16 0H8v2h12v-2zM4 16h2v2H4v-2zm16 0H8v2h12v-2z\" fill=\"currentColor\"><\/path><\/svg><svg style=\"fill: #999;color:#999\" class=\"arrow-unsorted-368013\" xmlns=\"http:\/\/www.w3.org\/2000\/svg\" width=\"10px\" height=\"10px\" viewbox=\"0 0 24 24\" version=\"1.2\" baseprofile=\"tiny\"><path d=\"M18.2 9.3l-6.2-6.3-6.2 6.3c-.2.2-.3.4-.3.7s.1.5.3.7c.2.2.4.3.7.3h11c.3 0 .5-.1.7-.3.2-.2.3-.5.3-.7s-.1-.5-.3-.7zM5.8 14.7l6.2 6.3 6.2-6.3c.2-.2.3-.5.3-.7s-.1-.5-.3-.7c-.2-.2-.4-.3-.7-.3h-11c-.3 0-.5.1-.7.3-.2.2-.3.5-.3.7s.1.5.3.7z\"\/><\/svg><\/span><\/span><\/span><\/a><\/span><\/div>\n<nav><ul class='ez-toc-list ez-toc-list-level-1' ><li class='ez-toc-page-1 ez-toc-heading-level-2'><a class=\"ez-toc-link ez-toc-heading-1\" href=\"https:\/\/mythslegendes.com\/es\/mitologia-iberica\/sant-jordi-y-la-rosa\/#Sant-Jordi-et-la-rose\" >Sant Jordi y la rosa<\/a><\/li><\/ul><\/nav><\/div>\n<h2><span class=\"ez-toc-section\" id=\"Sant-Jordi-et-la-rose\"><\/span>Sant Jordi y la rosa<span class=\"ez-toc-section-end\"><\/span><\/h2>\n<p><\/p>\n<p>Cuando la princesa sali\u00f3 de su casa para unirse al drag\u00f3n, un caballero llamado Sant Jordi, con una brillante armadura, apareci\u00f3 de repente sobre su caballo blanco para rescatarla. Sant Jordi levant\u00f3 su espada y apu\u00f1al\u00f3 al drag\u00f3n, liberando finalmente a la princesa y a la gente del pueblo.<\/p>\n<p><\/p>\n<p>Un rosal surgi\u00f3 de la sangre del drag\u00f3n, cuyas rosas eran de un rojo como nunca nadie hab\u00eda visto. Sant Jordi, triunfante, cogi\u00f3 una rosa y se la ofreci\u00f3 a la princesa.<\/p>\n<p><\/p>\n<p>***<\/p>\n<p><\/p>\n<p>Sant Jordi fue un soldado romano cristiano. Por no haber renunciado a sus creencias, fue martirizado en tiempos del emperador romano Diocleciano, hacia el a\u00f1o 303. Uno de los <a href=\"https:\/\/mythslegendes.com\/es\/\">leyendas<\/a> atribuida a Sant Jordi, que r\u00e1pidamente se convirti\u00f3 en la m\u00e1s popular, explica que un drag\u00f3n aterrorizaba a los habitantes de un pueblo. Para calmarlo, tuvieron que darle un cordero y una ni\u00f1a, elegidos al azar.<\/p>\n<p>Un d\u00eda la mala suerte cay\u00f3 sobre la hija del rey, que fue llevada ante el drag\u00f3n. Sant Jordi la liber\u00f3 de forma milagrosa, mat\u00f3 al drag\u00f3n y de la sangre de este brotaron rosas rojas. La joven, el rey y todo el pueblo se convirtieron al cristianismo.<\/p>\n<p><\/p>\n<p>Los reyes catalanes a menudo mostraban su devoci\u00f3n por Sant Jordi y ped\u00edan ayuda para luchar contra los infieles. En ese momento, pa\u00edses tan diferentes como <a href=\"https:\/\/mythslegendes.com\/es\/mitologia-georgiana\/\">Georgia<\/a>, Inglaterra, la <a href=\"https:\/\/mythslegendes.com\/es\/mythes-et-legendes-grecques-1664\/\">Grecia<\/a> y la <a href=\"https:\/\/mythslegendes.com\/es\/mitologia-iberica\/\">Catalu\u00f1a<\/a> Hizo de San Jorge su patrono.<\/p>\n<p><\/p>\n<p>En 1926 se a\u00f1adi\u00f3 el D\u00eda conocido como el <a href=\"https:\/\/mythslegendes.com\/es\/bibliotecas-de-libros\/\">libro<\/a>, que originalmente era una conmemoraci\u00f3n de la muerte de Cervantes.<\/p>\n<p><\/p>\t\t\t\t\t\t\t\t<\/div>\n\t\t\t\t<\/div>\n\t\t\t\t\t<\/div>\n\t\t<\/div>\n\t\t\t\t\t<\/div>\n\t\t<\/section>\n\t\t\t\t<\/div>","protected":false},"excerpt":{"rendered":"<p>Wiki Mitolog\u00eda Ib\u00e9rica La leyenda de Sant Jordi y la rosa dice que una vez, en Montblanc (Tarragona), un feroz drag\u00f3n capaz... <\/p>","protected":false},"author":1,"featured_media":0,"parent":2187,"menu_order":0,"comment_status":"closed","ping_status":"closed","template":"","meta":{"footnotes":""},"class_list":["post-2317","page","type-page","status-publish","hentry"],"amp_enabled":true,"_links":{"self":[{"href":"https:\/\/mythslegendes.com\/es\/wp-json\/wp\/v2\/pages\/2317","targetHints":{"allow":["GET"]}}],"collection":[{"href":"https:\/\/mythslegendes.com\/es\/wp-json\/wp\/v2\/pages"}],"about":[{"href":"https:\/\/mythslegendes.com\/es\/wp-json\/wp\/v2\/types\/page"}],"author":[{"embeddable":true,"href":"https:\/\/mythslegendes.com\/es\/wp-json\/wp\/v2\/users\/1"}],"replies":[{"embeddable":true,"href":"https:\/\/mythslegendes.com\/es\/wp-json\/wp\/v2\/comments?post=2317"}],"version-history":[{"count":1,"href":"https:\/\/mythslegendes.com\/es\/wp-json\/wp\/v2\/pages\/2317\/revisions"}],"predecessor-version":[{"id":24771,"href":"https:\/\/mythslegendes.com\/es\/wp-json\/wp\/v2\/pages\/2317\/revisions\/24771"}],"up":[{"embeddable":true,"href":"https:\/\/mythslegendes.com\/es\/wp-json\/wp\/v2\/pages\/2187"}],"wp:attachment":[{"href":"https:\/\/mythslegendes.com\/es\/wp-json\/wp\/v2\/media?parent=2317"}],"curies":[{"name":"wp","href":"https:\/\/api.w.org\/{rel}","templated":true}]}}