{"id":2320,"date":"2020-07-10T17:04:38","date_gmt":"2020-07-10T16:04:38","guid":{"rendered":"https:\/\/mythslegendes.com\/?page_id=2320"},"modified":"2022-12-03T22:07:08","modified_gmt":"2022-12-03T22:07:08","slug":"otger-catalo","status":"publish","type":"page","link":"https:\/\/mythslegendes.com\/es\/mitologia-iberica\/otger-catalo\/","title":{"rendered":"Otger catal\u00f2"},"content":{"rendered":"<div data-elementor-type=\"wp-page\" data-elementor-id=\"2320\" class=\"elementor elementor-2320\">\n\t\t\t\t\t\t<section class=\"elementor-section elementor-top-section elementor-element elementor-element-ed9a203 elementor-section-boxed elementor-section-height-default elementor-section-height-default\" data-id=\"ed9a203\" data-element_type=\"section\" data-e-type=\"section\">\n\t\t\t\t\t\t<div class=\"elementor-container elementor-column-gap-default\">\n\t\t\t\t\t<div class=\"elementor-column elementor-col-50 elementor-top-column elementor-element elementor-element-622bb4e\" data-id=\"622bb4e\" data-element_type=\"column\" data-e-type=\"column\">\n\t\t\t<div class=\"elementor-widget-wrap elementor-element-populated\">\n\t\t\t\t\t\t<div class=\"elementor-element elementor-element-1fc272e elementor-align-justify elementor-widget elementor-widget-button\" data-id=\"1fc272e\" data-element_type=\"widget\" data-e-type=\"widget\" data-widget_type=\"button.default\">\n\t\t\t\t<div class=\"elementor-widget-container\">\n\t\t\t\t\t\t\t\t\t<div class=\"elementor-button-wrapper\">\n\t\t\t\t\t<a class=\"elementor-button elementor-button-link elementor-size-sm\" href=\"https:\/\/mythslegendes.com\/es\/mitologia-iberica\/\">\n\t\t\t\t\t\t<span class=\"elementor-button-content-wrapper\">\n\t\t\t\t\t\t\t\t\t<span class=\"elementor-button-text\">Mitolog\u00eda ib\u00e9rica<\/span>\n\t\t\t\t\t<\/span>\n\t\t\t\t\t<\/a>\n\t\t\t\t<\/div>\n\t\t\t\t\t\t\t\t<\/div>\n\t\t\t\t<\/div>\n\t\t\t\t\t<\/div>\n\t\t<\/div>\n\t\t\t\t<div class=\"elementor-column elementor-col-50 elementor-top-column elementor-element elementor-element-6dd19a9\" data-id=\"6dd19a9\" data-element_type=\"column\" data-e-type=\"column\">\n\t\t\t<div class=\"elementor-widget-wrap elementor-element-populated\">\n\t\t\t\t\t\t<div class=\"elementor-element elementor-element-89d557e elementor-align-justify elementor-widget elementor-widget-button\" data-id=\"89d557e\" data-element_type=\"widget\" data-e-type=\"widget\" data-widget_type=\"button.default\">\n\t\t\t\t<div class=\"elementor-widget-container\">\n\t\t\t\t\t\t\t\t\t<div class=\"elementor-button-wrapper\">\n\t\t\t\t\t<a class=\"elementor-button elementor-button-link elementor-size-sm\" href=\"https:\/\/en.wikipedia.org\/wiki\/Spanish_mythology\" target=\"_blank\" rel=\"noopener\">\n\t\t\t\t\t\t<span class=\"elementor-button-content-wrapper\">\n\t\t\t\t\t\t\t\t\t<span class=\"elementor-button-text\">Wiki<\/span>\n\t\t\t\t\t<\/span>\n\t\t\t\t\t<\/a>\n\t\t\t\t<\/div>\n\t\t\t\t\t\t\t\t<\/div>\n\t\t\t\t<\/div>\n\t\t\t\t\t<\/div>\n\t\t<\/div>\n\t\t\t\t\t<\/div>\n\t\t<\/section>\n\t\t\t\t<section class=\"elementor-section elementor-top-section elementor-element elementor-element-4c1d6980 elementor-section-boxed elementor-section-height-default elementor-section-height-default\" data-id=\"4c1d6980\" data-element_type=\"section\" data-e-type=\"section\">\n\t\t\t\t\t\t<div class=\"elementor-container elementor-column-gap-default\">\n\t\t\t\t\t<div class=\"elementor-column elementor-col-100 elementor-top-column elementor-element elementor-element-66bc2a69\" data-id=\"66bc2a69\" data-element_type=\"column\" data-e-type=\"column\">\n\t\t\t<div class=\"elementor-widget-wrap elementor-element-populated\">\n\t\t\t\t\t\t<div class=\"elementor-element elementor-element-4d62f00a elementor-widget elementor-widget-text-editor\" data-id=\"4d62f00a\" data-element_type=\"widget\" data-e-type=\"widget\" data-widget_type=\"text-editor.default\">\n\t\t\t\t<div class=\"elementor-widget-container\">\n\t\t\t\t\t\t\t\t\t<p><\/p>\n<p><\/p>\n<p><\/p>\n<p>los <a href=\"https:\/\/mythslegendes.com\/es\/\">leyenda<\/a> raconte qu\u2019Otger Catalo ou Golant pour les Catalans aurait \u00e9t\u00e9 le seul survivant d\u2019une attaque des Maures vers 756. Gri\u00e8vement bless\u00e9, il fut tra\u00een\u00e9 jusqu\u2019\u00e0 une grotte par son chien qui le gu\u00e9rit (on retrouve un chien au collier d\u2019or dans les armoiries d\u2019Otger Catalo). Une fois les forces r\u00e9cup\u00e9r\u00e9es, il convoqua neuf chevaliers catalans afin de combattre \u00e0 ses c\u00f4t\u00e9s les Maures.<\/p>\n<p><img decoding=\"async\" class=\"alignnone wp-image-5284 size-full\" src=\"https:\/\/mythslegendes.com\/wp-content\/uploads\/2020\/09\/AlphaOmega-e1602613368367.png\" alt=\"Otger Catalo\" width=\"25\" height=\"26\" title=\"\"><\/p>\n<div id=\"ez-toc-container\" class=\"ez-toc-v2_0_82_2 counter-hierarchy ez-toc-counter ez-toc-grey ez-toc-container-direction\">\n<div class=\"ez-toc-title-container\">\n<p class=\"ez-toc-title\" style=\"cursor:inherit\">Contenido<\/p>\n<span class=\"ez-toc-title-toggle\"><a href=\"#\" class=\"ez-toc-pull-right ez-toc-btn ez-toc-btn-xs ez-toc-btn-default ez-toc-toggle\" aria-label=\"Alternar tabla de contenidos\"><span class=\"ez-toc-js-icon-con\"><span class=\"\"><span class=\"eztoc-hide\" style=\"display:none;\">Palanca<\/span><span class=\"ez-toc-icon-toggle-span\"><svg style=\"fill: #999;color:#999\" xmlns=\"http:\/\/www.w3.org\/2000\/svg\" class=\"list-377408\" width=\"20px\" height=\"20px\" viewbox=\"0 0 24 24\" fill=\"none\"><path d=\"M6 6H4v2h2V6zm14 0H8v2h12V6zM4 11h2v2H4v-2zm16 0H8v2h12v-2zM4 16h2v2H4v-2zm16 0H8v2h12v-2z\" fill=\"currentColor\"><\/path><\/svg><svg style=\"fill: #999;color:#999\" class=\"arrow-unsorted-368013\" xmlns=\"http:\/\/www.w3.org\/2000\/svg\" width=\"10px\" height=\"10px\" viewbox=\"0 0 24 24\" version=\"1.2\" baseprofile=\"tiny\"><path d=\"M18.2 9.3l-6.2-6.3-6.2 6.3c-.2.2-.3.4-.3.7s.1.5.3.7c.2.2.4.3.7.3h11c.3 0 .5-.1.7-.3.2-.2.3-.5.3-.7s-.1-.5-.3-.7zM5.8 14.7l6.2 6.3 6.2-6.3c.2-.2.3-.5.3-.7s-.1-.5-.3-.7c-.2-.2-.4-.3-.7-.3h-11c-.3 0-.5.1-.7.3-.2.2-.3.5-.3.7s.1.5.3.7z\"\/><\/svg><\/span><\/span><\/span><\/a><\/span><\/div>\n<nav><ul class='ez-toc-list ez-toc-list-level-1' ><li class='ez-toc-page-1 ez-toc-heading-level-2'><a class=\"ez-toc-link ez-toc-heading-1\" href=\"https:\/\/mythslegendes.com\/es\/mitologia-iberica\/otger-catalo\/#Otger-Catalo\" >Otger Catalo<\/a><\/li><\/ul><\/nav><\/div>\n<h2><span class=\"ez-toc-section\" id=\"Otger-Catalo\"><\/span>Otger Catalo<span class=\"ez-toc-section-end\"><\/span><\/h2>\n<p>La l\u00e9gende intervient ici. Car, il est mentionn\u00e9 dans l\u2019histoire que les neufs chevaliers qui d\u00e9pos\u00e8rent leurs \u00e9p\u00e9es devant l\u2019autel de la Vierge noire et jur\u00e8rent de d\u00e9barrasser la terre sainte et la rendre aux chr\u00e9tiens, soit les barons de la Farma se trouvent des seigneurs\u2009; Cervell\u00f3, Erill, Ribelles, Montcada, Cervera, Pin\u00f3s, Anglesola, Alemany et Mataplana et avec Otger Catal\u00f2 qui ont v\u00e9cu \u00e0 des \u00e9poques diff\u00e9rentes parfois m\u00eame avec un d\u00e9calage de deux si\u00e8cles.<\/p>\n<p>Ces chevaliers du nombre de neufs, et de dix avec Otger Catalo. Ce chiffre de neuf va se retrouver au c\u0153ur m\u00eame dans la construction de la <a href=\"https:\/\/mythslegendes.com\/es\/mitologia-iberica\/\">Catalu\u00f1a<\/a>, divis\u00e9e en neuf compt\u00e9s puis en neuf communaut\u00e9s religieuses.<\/p>\n<p><\/p>\n<p><\/p>\n<p>Ces barons \u00e9taient les plus audacieuses de la terre catalane, souvent repr\u00e9sent\u00e9s autour d\u2019un cercle avec Otger au milieu et les \u00e9p\u00e9es brandies, jurant d\u00e9vouement \u00e0 la Vierge noire,Notre-Dame de Montgrony.<\/p>\n<p><\/p>\n<p><\/p>\n<p>\u00c0 sa mort Otger aurait remis son \u00e9p\u00e9e qu\u2019il tenait lui aussi du cavalier Saint-Jordi\u00a0au grand-p\u00e8re de Guillem qui aura la charge de la transmettre \u00e0 un chevalier capable de d\u00e9fendre la patrie si elle se trouve menac\u00e9e de nouveau par les Maures. Devenu moine Saint-Guillem garda l\u2019\u00e9p\u00e9e et un jour que les Maures attaqu\u00e8rent de nouveau le pays, la cloche de l\u2019ermitage de Saint-Guillem-de Combret sonna si fort toute seule qu\u2019on l\u2019entendit dans toutes les Pyr\u00e9n\u00e9es.<\/p>\n<p><\/p>\n<p><\/p>\n<p>Otger Catal\u00f2 aurait eu une lign\u00e9e dont les membres vivants porteraient les noms de famille\u00a0: Catalan (en <a href=\"https:\/\/mythslegendes.com\/es\/mythes-et-legendes-germaniques-60\/\">Alemania<\/a> y en <a href=\"https:\/\/mythslegendes.com\/es\/mitologia-iberica\/\">Espa\u00f1a<\/a>), Catal\u00f2 (en Espagne et au Portugal) et Cathala (en France).<\/p>\n<p><\/p>\t\t\t\t\t\t\t\t<\/div>\n\t\t\t\t<\/div>\n\t\t\t\t\t<\/div>\n\t\t<\/div>\n\t\t\t\t\t<\/div>\n\t\t<\/section>\n\t\t\t\t<\/div>","protected":false},"excerpt":{"rendered":"<p>Wiki Mitolog\u00eda Ib\u00e9rica Cuenta la leyenda que Otger Catalo o Golant para los catalanes fue el \u00fanico superviviente de un ataque... <\/p>","protected":false},"author":1,"featured_media":0,"parent":2187,"menu_order":0,"comment_status":"closed","ping_status":"closed","template":"","meta":{"footnotes":""},"class_list":["post-2320","page","type-page","status-publish","hentry"],"amp_enabled":true,"_links":{"self":[{"href":"https:\/\/mythslegendes.com\/es\/wp-json\/wp\/v2\/pages\/2320","targetHints":{"allow":["GET"]}}],"collection":[{"href":"https:\/\/mythslegendes.com\/es\/wp-json\/wp\/v2\/pages"}],"about":[{"href":"https:\/\/mythslegendes.com\/es\/wp-json\/wp\/v2\/types\/page"}],"author":[{"embeddable":true,"href":"https:\/\/mythslegendes.com\/es\/wp-json\/wp\/v2\/users\/1"}],"replies":[{"embeddable":true,"href":"https:\/\/mythslegendes.com\/es\/wp-json\/wp\/v2\/comments?post=2320"}],"version-history":[{"count":1,"href":"https:\/\/mythslegendes.com\/es\/wp-json\/wp\/v2\/pages\/2320\/revisions"}],"predecessor-version":[{"id":24772,"href":"https:\/\/mythslegendes.com\/es\/wp-json\/wp\/v2\/pages\/2320\/revisions\/24772"}],"up":[{"embeddable":true,"href":"https:\/\/mythslegendes.com\/es\/wp-json\/wp\/v2\/pages\/2187"}],"wp:attachment":[{"href":"https:\/\/mythslegendes.com\/es\/wp-json\/wp\/v2\/media?parent=2320"}],"curies":[{"name":"wp","href":"https:\/\/api.w.org\/{rel}","templated":true}]}}