{"id":2323,"date":"2020-07-10T17:06:53","date_gmt":"2020-07-10T16:06:53","guid":{"rendered":"https:\/\/mythslegendes.com\/?page_id=2323"},"modified":"2022-12-03T22:07:08","modified_gmt":"2022-12-03T22:07:08","slug":"le-cid-campeador","status":"publish","type":"page","link":"https:\/\/mythslegendes.com\/es\/mitologia-iberica\/el-cid-campeador\/","title":{"rendered":"Le Cid Campeador"},"content":{"rendered":"<div data-elementor-type=\"wp-page\" data-elementor-id=\"2323\" class=\"elementor elementor-2323\">\n\t\t\t\t\t\t<section class=\"elementor-section elementor-top-section elementor-element elementor-element-37bd859 elementor-section-boxed elementor-section-height-default elementor-section-height-default\" data-id=\"37bd859\" data-element_type=\"section\" data-e-type=\"section\">\n\t\t\t\t\t\t<div class=\"elementor-container elementor-column-gap-default\">\n\t\t\t\t\t<div class=\"elementor-column elementor-col-50 elementor-top-column elementor-element elementor-element-d6fe4ac\" data-id=\"d6fe4ac\" data-element_type=\"column\" data-e-type=\"column\">\n\t\t\t<div class=\"elementor-widget-wrap elementor-element-populated\">\n\t\t\t\t\t\t<div class=\"elementor-element elementor-element-b7ce518 elementor-align-justify elementor-widget elementor-widget-button\" data-id=\"b7ce518\" data-element_type=\"widget\" data-e-type=\"widget\" data-widget_type=\"button.default\">\n\t\t\t\t<div class=\"elementor-widget-container\">\n\t\t\t\t\t\t\t\t\t<div class=\"elementor-button-wrapper\">\n\t\t\t\t\t<a class=\"elementor-button elementor-button-link elementor-size-sm\" href=\"https:\/\/mythslegendes.com\/es\/mitologia-iberica\/\">\n\t\t\t\t\t\t<span class=\"elementor-button-content-wrapper\">\n\t\t\t\t\t\t\t\t\t<span class=\"elementor-button-text\">Mitolog\u00eda ib\u00e9rica<\/span>\n\t\t\t\t\t<\/span>\n\t\t\t\t\t<\/a>\n\t\t\t\t<\/div>\n\t\t\t\t\t\t\t\t<\/div>\n\t\t\t\t<\/div>\n\t\t\t\t\t<\/div>\n\t\t<\/div>\n\t\t\t\t<div class=\"elementor-column elementor-col-50 elementor-top-column elementor-element elementor-element-5c6d6c8\" data-id=\"5c6d6c8\" data-element_type=\"column\" data-e-type=\"column\">\n\t\t\t<div class=\"elementor-widget-wrap elementor-element-populated\">\n\t\t\t\t\t\t<div class=\"elementor-element elementor-element-8096ba1 elementor-align-justify elementor-widget elementor-widget-button\" data-id=\"8096ba1\" data-element_type=\"widget\" data-e-type=\"widget\" data-widget_type=\"button.default\">\n\t\t\t\t<div class=\"elementor-widget-container\">\n\t\t\t\t\t\t\t\t\t<div class=\"elementor-button-wrapper\">\n\t\t\t\t\t<a class=\"elementor-button elementor-button-link elementor-size-sm\" href=\"https:\/\/en.wikipedia.org\/wiki\/Spanish_mythology\" target=\"_blank\" rel=\"noopener\">\n\t\t\t\t\t\t<span class=\"elementor-button-content-wrapper\">\n\t\t\t\t\t\t\t\t\t<span class=\"elementor-button-text\">Wiki<\/span>\n\t\t\t\t\t<\/span>\n\t\t\t\t\t<\/a>\n\t\t\t\t<\/div>\n\t\t\t\t\t\t\t\t<\/div>\n\t\t\t\t<\/div>\n\t\t\t\t\t<\/div>\n\t\t<\/div>\n\t\t\t\t\t<\/div>\n\t\t<\/section>\n\t\t\t\t<section class=\"elementor-section elementor-top-section elementor-element elementor-element-50a93f8c elementor-section-boxed elementor-section-height-default elementor-section-height-default\" data-id=\"50a93f8c\" data-element_type=\"section\" data-e-type=\"section\">\n\t\t\t\t\t\t<div class=\"elementor-container elementor-column-gap-default\">\n\t\t\t\t\t<div class=\"elementor-column elementor-col-100 elementor-top-column elementor-element elementor-element-4a16687\" data-id=\"4a16687\" data-element_type=\"column\" data-e-type=\"column\">\n\t\t\t<div class=\"elementor-widget-wrap elementor-element-populated\">\n\t\t\t\t\t\t<div class=\"elementor-element elementor-element-498ce6ba elementor-widget elementor-widget-text-editor\" data-id=\"498ce6ba\" data-element_type=\"widget\" data-e-type=\"widget\" data-widget_type=\"text-editor.default\">\n\t\t\t\t<div class=\"elementor-widget-container\">\n\t\t\t\t\t\t\t\t\t\n<p>Puede que el nombre de Rodrigo D\u00edaz de Vivar no signifique nada para ti. Esto <a href=\"https:\/\/mythslegendes.com\/es\/mitologia-iberica\/\">espa\u00f1ol<\/a> es m\u00e1s conocido por su apodo: el<em> \u00a1Cid Campeador!<\/em><\/p>\n<p><img decoding=\"async\" class=\"alignnone wp-image-5284 size-full\" src=\"https:\/\/mythslegendes.com\/wp-content\/uploads\/2020\/09\/AlphaOmega-e1602613368367.png\" alt=\"el Cid Campeador\" width=\"25\" height=\"26\" title=\"\"><\/p>\n<div id=\"ez-toc-container\" class=\"ez-toc-v2_0_83 counter-hierarchy ez-toc-counter ez-toc-grey ez-toc-container-direction\">\n<div class=\"ez-toc-title-container\">\n<p class=\"ez-toc-title\" style=\"cursor:inherit\">Contenido<\/p>\n<span class=\"ez-toc-title-toggle\"><a href=\"#\" class=\"ez-toc-pull-right ez-toc-btn ez-toc-btn-xs ez-toc-btn-default ez-toc-toggle\" aria-label=\"Alternar tabla de contenidos\"><span class=\"ez-toc-js-icon-con\"><span class=\"\"><span class=\"eztoc-hide\" style=\"display:none;\">Palanca<\/span><span class=\"ez-toc-icon-toggle-span\"><svg style=\"fill: #999;color:#999\" xmlns=\"http:\/\/www.w3.org\/2000\/svg\" class=\"list-377408\" width=\"20px\" height=\"20px\" viewbox=\"0 0 24 24\" fill=\"none\"><path d=\"M6 6H4v2h2V6zm14 0H8v2h12V6zM4 11h2v2H4v-2zm16 0H8v2h12v-2zM4 16h2v2H4v-2zm16 0H8v2h12v-2z\" fill=\"currentColor\"><\/path><\/svg><svg style=\"fill: #999;color:#999\" class=\"arrow-unsorted-368013\" xmlns=\"http:\/\/www.w3.org\/2000\/svg\" width=\"10px\" height=\"10px\" viewbox=\"0 0 24 24\" version=\"1.2\" baseprofile=\"tiny\"><path d=\"M18.2 9.3l-6.2-6.3-6.2 6.3c-.2.2-.3.4-.3.7s.1.5.3.7c.2.2.4.3.7.3h11c.3 0 .5-.1.7-.3.2-.2.3-.5.3-.7s-.1-.5-.3-.7zM5.8 14.7l6.2 6.3 6.2-6.3c.2-.2.3-.5.3-.7s-.1-.5-.3-.7c-.2-.2-.4-.3-.7-.3h-11c-.3 0-.5.1-.7.3-.2.2-.3.5-.3.7s.1.5.3.7z\"\/><\/svg><\/span><\/span><\/span><\/a><\/span><\/div>\n<nav><ul class='ez-toc-list ez-toc-list-level-1' ><li class='ez-toc-page-1 ez-toc-heading-level-2'><a class=\"ez-toc-link ez-toc-heading-1\" href=\"https:\/\/mythslegendes.com\/es\/mitologia-iberica\/el-cid-campeador\/#Le-Cid-Campeador\" >Le Cid Campeador<\/a><\/li><\/ul><\/nav><\/div>\n<h2><span class=\"ez-toc-section\" id=\"Le-Cid-Campeador\"><\/span>los<em> Cid Campeador<\/em><span class=\"ez-toc-section-end\"><\/span><\/h2>\n\n<p>Hecho famoso en Francia en 1637 por Pierre Corneille, en <a href=\"https:\/\/mythslegendes.com\/es\/mitologia-iberica\/\">Espa\u00f1a<\/a> Durante mucho tiempo ha sido un h\u00e9roe nacional a pesar de la moral cuestionable. Sigamos sus aventuras y veremos c\u00f3mo se convirti\u00f3 en una de las figuras m\u00e1s populares de este pa\u00eds...<\/p>\n\n<p>El h\u00e9roe naci\u00f3 en el pueblo de Vivar, cerca de Burgos, hacia 1043, en una familia de la baja nobleza de los castellanos. Siguiendo a su padre, Rodrigo (Rodrigue en franc\u00e9s) se involucra en el campo de batalla, tanto contra los rivales cristianos de su rey como contra sus enemigos musulmanes, el <em>&quot;Reyes de taifa&quot;<\/em>.<\/p>\n\n<p>Convertido en rey de Castilla, Sancho II ofrece el puesto de jefe de los ej\u00e9rcitos a su amigo, cuyas haza\u00f1as armament\u00edsticas ya son legendarias. Una \u00fanica pelea contra Mart\u00edn Garc\u00e9s, campe\u00f3n del Rey de Navarra Sanche IV, le vali\u00f3 su primer apodo: <em>Campeador <\/em>(Lat\u00edn <em>doctor campi<\/em> : maestro de armas o maestro del campo de batalla). Pero nuestro guerrero tiene otros talentos: sabe leer y escribir, pero tambi\u00e9n habla \u00e1rabe, el idioma de los invasores.<\/p>\n\n<p>La marea cambia con la muerte de Sancho, asesinado frente a Zamora (Castilla y Le\u00f3n) en 1072, ciertamente por orden de su hermano Alfonso.<\/p>\n\n<p>Convertido a su vez en rey de Castilla con el nombre de Alfonso VI, \u00e9ste no es ingrato con Rodrigo y le da la mano de uno de sus familiares, <em>Jimena<\/em> (<em>Quimene <\/em>en franc\u00e9s). Pero no pas\u00f3 mucho tiempo antes de que se sintiera ofendido por su ambici\u00f3n, su brutalidad y su falta de escr\u00fapulos.<\/p>\n\n<p>Obligado al exilio en 1081, Rodrigo ofreci\u00f3 sus servicios a los reyes musulmanes y cristianos que luchaban por la pen\u00ednsula durante este per\u00edodo convulso.<\/p>\n\n<p>Primero entr\u00f3 al servicio del rey musulm\u00e1n de Zaragoza, quien le permiti\u00f3 quedarse con todos los territorios que pudo conquistar. Luego empu\u00f1a la espada por toda la parte oriental de la pen\u00ednsula, dando lugar a esta reputaci\u00f3n de invencibilidad que lo seguir\u00e1 hasta despu\u00e9s de su muerte. Se convierte para siempre en el <em>Cid<\/em>, <em>&quot; el se\u00f1or &quot;<\/em> (del \u00e1rabe <em>al-sayyid<\/em> D\u00f3nde <em>Sidi<\/em>).<\/p>\n\n<p>Los eventos se suceden. En 1087, se apoder\u00f3 de Valence y se convirti\u00f3 en su <em>&quot;Protector&quot;<\/em>, ignorando las pretensiones del Rey de Castilla y del Conde de Barcelona. Pero en 1092, la ciudad fue conquistada por los almor\u00e1vides, formidables guerreros de Marruecos. Su victoria es de corta duraci\u00f3n.<\/p>\n\n<p>Rodrigo impone una nueva sede a la ciudad y la toma dos a\u00f1os despu\u00e9s. Entonces tuvo todas las cartas en la mano para constituir un reino poderoso, pero muri\u00f3 a los cincuenta, el 10 de enero de 1099, despu\u00e9s de ver desaparecer a su \u00fanico hijo. El reino de Valencia tendr\u00e1 que esperar hasta el siglo XIII para ver la luz del d\u00eda.<\/p>\n\t\t\t\t\t\t\t\t<\/div>\n\t\t\t\t<\/div>\n\t\t\t\t\t<\/div>\n\t\t<\/div>\n\t\t\t\t\t<\/div>\n\t\t<\/section>\n\t\t\t\t<\/div>","protected":false},"excerpt":{"rendered":"<p>Wiki Mitolog\u00eda Ib\u00e9rica Puede que el nombre de Rodrigo D\u00edaz de Vivar no signifique nada para ti. Este espa\u00f1ol s\u00ed que es\u2026 <\/p>","protected":false},"author":1,"featured_media":0,"parent":2187,"menu_order":0,"comment_status":"closed","ping_status":"closed","template":"","meta":{"footnotes":""},"class_list":["post-2323","page","type-page","status-publish","hentry"],"amp_enabled":true,"_links":{"self":[{"href":"https:\/\/mythslegendes.com\/es\/wp-json\/wp\/v2\/pages\/2323","targetHints":{"allow":["GET"]}}],"collection":[{"href":"https:\/\/mythslegendes.com\/es\/wp-json\/wp\/v2\/pages"}],"about":[{"href":"https:\/\/mythslegendes.com\/es\/wp-json\/wp\/v2\/types\/page"}],"author":[{"embeddable":true,"href":"https:\/\/mythslegendes.com\/es\/wp-json\/wp\/v2\/users\/1"}],"replies":[{"embeddable":true,"href":"https:\/\/mythslegendes.com\/es\/wp-json\/wp\/v2\/comments?post=2323"}],"version-history":[{"count":1,"href":"https:\/\/mythslegendes.com\/es\/wp-json\/wp\/v2\/pages\/2323\/revisions"}],"predecessor-version":[{"id":24773,"href":"https:\/\/mythslegendes.com\/es\/wp-json\/wp\/v2\/pages\/2323\/revisions\/24773"}],"up":[{"embeddable":true,"href":"https:\/\/mythslegendes.com\/es\/wp-json\/wp\/v2\/pages\/2187"}],"wp:attachment":[{"href":"https:\/\/mythslegendes.com\/es\/wp-json\/wp\/v2\/media?parent=2323"}],"curies":[{"name":"wp","href":"https:\/\/api.w.org\/{rel}","templated":true}]}}