{"id":2326,"date":"2020-07-10T17:11:33","date_gmt":"2020-07-10T16:11:33","guid":{"rendered":"https:\/\/mythslegendes.com\/?page_id=2326"},"modified":"2022-12-03T22:07:08","modified_gmt":"2022-12-03T22:07:08","slug":"don-juan","status":"publish","type":"page","link":"https:\/\/mythslegendes.com\/es\/mitologia-iberica\/don-juan\/","title":{"rendered":"Don Juan"},"content":{"rendered":"<div data-elementor-type=\"wp-page\" data-elementor-id=\"2326\" class=\"elementor elementor-2326\">\n\t\t\t\t\t\t<section class=\"elementor-section elementor-top-section elementor-element elementor-element-0890910 elementor-section-boxed elementor-section-height-default elementor-section-height-default\" data-id=\"0890910\" data-element_type=\"section\" data-e-type=\"section\">\n\t\t\t\t\t\t<div class=\"elementor-container elementor-column-gap-default\">\n\t\t\t\t\t<div class=\"elementor-column elementor-col-50 elementor-top-column elementor-element elementor-element-798380d\" data-id=\"798380d\" data-element_type=\"column\" data-e-type=\"column\">\n\t\t\t<div class=\"elementor-widget-wrap elementor-element-populated\">\n\t\t\t\t\t\t<div class=\"elementor-element elementor-element-0929dce elementor-align-justify elementor-widget elementor-widget-button\" data-id=\"0929dce\" data-element_type=\"widget\" data-e-type=\"widget\" data-widget_type=\"button.default\">\n\t\t\t\t<div class=\"elementor-widget-container\">\n\t\t\t\t\t\t\t\t\t<div class=\"elementor-button-wrapper\">\n\t\t\t\t\t<a class=\"elementor-button elementor-button-link elementor-size-sm\" href=\"https:\/\/mythslegendes.com\/es\/mitologia-iberica\/\">\n\t\t\t\t\t\t<span class=\"elementor-button-content-wrapper\">\n\t\t\t\t\t\t\t\t\t<span class=\"elementor-button-text\">Mitolog\u00eda ib\u00e9rica<\/span>\n\t\t\t\t\t<\/span>\n\t\t\t\t\t<\/a>\n\t\t\t\t<\/div>\n\t\t\t\t\t\t\t\t<\/div>\n\t\t\t\t<\/div>\n\t\t\t\t\t<\/div>\n\t\t<\/div>\n\t\t\t\t<div class=\"elementor-column elementor-col-50 elementor-top-column elementor-element elementor-element-08cd70e\" data-id=\"08cd70e\" data-element_type=\"column\" data-e-type=\"column\">\n\t\t\t<div class=\"elementor-widget-wrap elementor-element-populated\">\n\t\t\t\t\t\t<div class=\"elementor-element elementor-element-f91f860 elementor-align-justify elementor-widget elementor-widget-button\" data-id=\"f91f860\" data-element_type=\"widget\" data-e-type=\"widget\" data-widget_type=\"button.default\">\n\t\t\t\t<div class=\"elementor-widget-container\">\n\t\t\t\t\t\t\t\t\t<div class=\"elementor-button-wrapper\">\n\t\t\t\t\t<a class=\"elementor-button elementor-button-link elementor-size-sm\" href=\"https:\/\/en.wikipedia.org\/wiki\/Spanish_mythology\" target=\"_blank\" rel=\"noopener\">\n\t\t\t\t\t\t<span class=\"elementor-button-content-wrapper\">\n\t\t\t\t\t\t\t\t\t<span class=\"elementor-button-text\">Wiki<\/span>\n\t\t\t\t\t<\/span>\n\t\t\t\t\t<\/a>\n\t\t\t\t<\/div>\n\t\t\t\t\t\t\t\t<\/div>\n\t\t\t\t<\/div>\n\t\t\t\t\t<\/div>\n\t\t<\/div>\n\t\t\t\t\t<\/div>\n\t\t<\/section>\n\t\t\t\t<section class=\"elementor-section elementor-top-section elementor-element elementor-element-1b002995 elementor-section-boxed elementor-section-height-default elementor-section-height-default\" data-id=\"1b002995\" data-element_type=\"section\" data-e-type=\"section\">\n\t\t\t\t\t\t<div class=\"elementor-container elementor-column-gap-default\">\n\t\t\t\t\t<div class=\"elementor-column elementor-col-100 elementor-top-column elementor-element elementor-element-2e41fe5f\" data-id=\"2e41fe5f\" data-element_type=\"column\" data-e-type=\"column\">\n\t\t\t<div class=\"elementor-widget-wrap elementor-element-populated\">\n\t\t\t\t\t\t<div class=\"elementor-element elementor-element-510e0f8d elementor-widget elementor-widget-text-editor\" data-id=\"510e0f8d\" data-element_type=\"widget\" data-e-type=\"widget\" data-widget_type=\"text-editor.default\">\n\t\t\t\t<div class=\"elementor-widget-container\">\n\t\t\t\t\t\t\t\t\t<p><\/p>\n<p>El m\u00edtico seductor Don Juan apareci\u00f3 en 1630 bajo la pluma de Tirso de Molina. Ser\u00e1 retomado y recreado por muchos escritores, incluidos Moli\u00e8re, Lorenzo Da Ponte (autor del libreto <em>Don Juan<\/em> para Mozart), Byron, Hoffmann, Musset, M\u00e9rim\u00e9e y Dumas.<\/p>\n<p><img decoding=\"async\" class=\"alignnone wp-image-5284 size-full\" src=\"https:\/\/mythslegendes.com\/wp-content\/uploads\/2020\/09\/AlphaOmega-e1602613368367.png\" alt=\"Don Juan\" width=\"25\" height=\"26\" title=\"\"><\/p>\n<div id=\"ez-toc-container\" class=\"ez-toc-v2_0_82_2 counter-hierarchy ez-toc-counter ez-toc-grey ez-toc-container-direction\">\n<div class=\"ez-toc-title-container\">\n<p class=\"ez-toc-title\" style=\"cursor:inherit\">Contenido<\/p>\n<span class=\"ez-toc-title-toggle\"><a href=\"#\" class=\"ez-toc-pull-right ez-toc-btn ez-toc-btn-xs ez-toc-btn-default ez-toc-toggle\" aria-label=\"Alternar tabla de contenidos\"><span class=\"ez-toc-js-icon-con\"><span class=\"\"><span class=\"eztoc-hide\" style=\"display:none;\">Palanca<\/span><span class=\"ez-toc-icon-toggle-span\"><svg style=\"fill: #999;color:#999\" xmlns=\"http:\/\/www.w3.org\/2000\/svg\" class=\"list-377408\" width=\"20px\" height=\"20px\" viewbox=\"0 0 24 24\" fill=\"none\"><path d=\"M6 6H4v2h2V6zm14 0H8v2h12V6zM4 11h2v2H4v-2zm16 0H8v2h12v-2zM4 16h2v2H4v-2zm16 0H8v2h12v-2z\" fill=\"currentColor\"><\/path><\/svg><svg style=\"fill: #999;color:#999\" class=\"arrow-unsorted-368013\" xmlns=\"http:\/\/www.w3.org\/2000\/svg\" width=\"10px\" height=\"10px\" viewbox=\"0 0 24 24\" version=\"1.2\" baseprofile=\"tiny\"><path d=\"M18.2 9.3l-6.2-6.3-6.2 6.3c-.2.2-.3.4-.3.7s.1.5.3.7c.2.2.4.3.7.3h11c.3 0 .5-.1.7-.3.2-.2.3-.5.3-.7s-.1-.5-.3-.7zM5.8 14.7l6.2 6.3 6.2-6.3c.2-.2.3-.5.3-.7s-.1-.5-.3-.7c-.2-.2-.4-.3-.7-.3h-11c-.3 0-.5.1-.7.3-.2.2-.3.5-.3.7s.1.5.3.7z\"\/><\/svg><\/span><\/span><\/span><\/a><\/span><\/div>\n<nav><ul class='ez-toc-list ez-toc-list-level-1' ><li class='ez-toc-page-1 ez-toc-heading-level-2'><a class=\"ez-toc-link ez-toc-heading-1\" href=\"https:\/\/mythslegendes.com\/es\/mitologia-iberica\/don-juan\/#Don-Juan\" >Don Juan<\/a><\/li><\/ul><\/nav><\/div>\n<h2><span class=\"ez-toc-section\" id=\"Don-Juan\"><\/span>Don Juan<span class=\"ez-toc-section-end\"><\/span><\/h2>\n<p>\u201cDon Juan vive en el goce del momento presente y se impone como el individuo frente al Dios que lo cre\u00f3. Encarna el poder del deseo er\u00f3tico al oponerse a la moralidad cristiana que exige que el matrimonio preceda y enmarque la satisfacci\u00f3n de este deseo. Don Juan representa la omnipotencia del individuo frente no s\u00f3lo a cualquier opresi\u00f3n sino m\u00e1s a\u00fan frente a cualquier forma de autoridad, ya sea divina o social.<\/p>\n<p><\/p>\n<p><strong>La primera versi\u00f3n de <a href=\"https:\/\/mythslegendes.com\/es\/\">mito<\/a>: \u201cun personaje lleno de soberana sensualidad\u201d<\/strong><\/p>\n<p>La primera versi\u00f3n del mito que desarrolla plenamente las caracter\u00edsticas del personaje es obra de Tirso de Molina, <em>El burlador de Sevilla y Convidado de Piedra<\/em>, publicado en 1630. Don Juan es definido por esta obra como un personaje que desaf\u00eda a las autoridades ya la sociedad de su tiempo al negarse a someterse a los c\u00f3digos morales que imperaban entonces y al postergar su arrepentimiento.<\/p>\n<p>Car\u00e1cter lleno de una sensualidad soberana, no ateo pero poco interesado en la religi\u00f3n cat\u00f3lica, persigue y enga\u00f1a a muchas mujeres antes de arrepentirse frente a las llamas del infierno. Simboliza un estallido er\u00f3tico que se opone al discurso galante del amante helado.<\/p>\n<p><\/p>\n<p>Vive en el goce del momento presente y se impone como individuo frente al Dios que lo cre\u00f3. Encarna el poder del deseo er\u00f3tico al oponerse a la moralidad cristiana que exige que el matrimonio preceda y enmarque la satisfacci\u00f3n de este deseo. Don Juan representa la omnipotencia del individuo frente no s\u00f3lo a cualquier opresi\u00f3n sino m\u00e1s a\u00fan frente a cualquier forma de autoridad, ya sea divina o social.<\/p>\n<p><\/p>\n<p>Se opone fundamentalmente a la caridad preconizada por la Iglesia cat\u00f3lica ya los deberes que impone la vida social. Sit\u00faa al individuo por encima de lo general, por encima de la sociedad. Elimin\u00f3 de su vida los deberes hacia sus semejantes, creyendo que el \u00fanico deber del hombre es asegurar a su ego un florecimiento sin l\u00edmites.<\/p>\n<p><\/p>\n<p><strong>&quot;Don Juan se convierte, a trav\u00e9s de la obra de Moli\u00e8re, en un libertino ateo, un gran se\u00f1or hip\u00f3crita&quot;.<\/strong><\/p>\n<p>A esta primera versi\u00f3n de Don Juan <a href=\"https:\/\/mythslegendes.com\/es\/mitologia-iberica\/\">espa\u00f1ol<\/a> Sigue variantes italianas que no aportan cambios importantes respecto a la figura de Don Juan. Las obras francesas del siglo XVII de Villiers y Dorimon preparan la versi\u00f3n m\u00e1s importante del mito de Don Juan desde su creaci\u00f3n, la de Moli\u00e8re, aparecida en 1665.<\/p>\n<p>Se convierte, a trav\u00e9s de la obra de Moli\u00e8re, en un libertino ateo, un gran se\u00f1or hip\u00f3crita. Es un personaje c\u00ednico y fr\u00edo que ya no busca el simple disfrute de la vida sino que desea manipular a los hombres que le rodean, deshonrar a las mujeres que pasan a su alcance y afirmar su superioridad. Su orgullo se basa en su alta cuna. M\u00e1s que su naturaleza intr\u00ednsecamente sensual que, en el Don Juan de Tirso, era inmediatamente seductora, el Don Juan de Moli\u00e8re implementa una ret\u00f3rica de la seducci\u00f3n para atraer a la mujer que desea. Tambi\u00e9n utiliza la promesa de matrimonio.<\/p>\n<p>As\u00ed vemos que el mito sufre una gran transformaci\u00f3n porque el personaje de Don Juan ya no ejerce una seducci\u00f3n inmediata sino que debe utilizar medios que no son de su propia naturaleza.<\/p>\n<p>Los Don Juanes ingleses de los siglos XVII y XVIII se caracterizan por su violencia. Asistimos a la explosi\u00f3n de los instintos. Ya no se trata s\u00f3lo de los instintos er\u00f3ticos y sensuales, sino de todas las formas de instintos. Esta explosi\u00f3n se constituye en ley,<\/p>\n<p>En 1787 aparece el libreto de Lorenzo Da Ponte, protagonizado por un Don Juan con un feroz apetito de vida, que re\u00fane las caracter\u00edsticas de los arist\u00f3cratas libertinos del siglo XVIII. Se sit\u00faa en la inmanencia temporal, viviendo el momento y rechazando toda moral o religi\u00f3n. Mozart crea su \u00f3pera <em>Don Juan<\/em> del libreto de Da Ponte y la interpret\u00f3 por primera vez en Viena en 1788.<\/p>\n<p>El Don Juan musical coincide plenamente con un Don Juan epic\u00fareo que disfruta de cada momento vivido. La m\u00fasica transmite una sensualidad soberana y seductora a trav\u00e9s de su fuerza intr\u00ednseca. Se conserva la apariencia del comendador al final de la \u00f3pera.<\/p>\n<p><strong>El Don Juan del siglo XIX: &quot;Un h\u00e9roe rom\u00e1ntico que seduce tanto como es seducido&quot;<\/strong><\/p>\n<p>El Don Juan del siglo XIX es el heredero del Don Giovanni de Mozart. La m\u00fasica parece haberle hecho perder el cinismo y la perversi\u00f3n del h\u00e9roe moli\u00e9resco. El Don Juan se presenta as\u00ed como un h\u00e9roe rom\u00e1ntico seductor tanto como seducido. Es rom\u00e1ntico porque atrae el amor sin poner en pr\u00e1ctica los recursos de una seducci\u00f3n calculada. Tambi\u00e9n lleva en s\u00ed la imagen de un absoluto femenino cuya b\u00fasqueda se convierte en una b\u00fasqueda desmesurada y melanc\u00f3lica.<\/p>\n<p>Si abandona a las mujeres que encuentra y ama, no es, pues, por la satisfacci\u00f3n de deseos puramente sensuales, sino por el destino, o porque el ideal de la mujer que ama, a la que imagina como \u00fanica, no puede corresponder jam\u00e1s. la realidad. Como comenta Gendarme de B\u00e9votte, Hoffmann parece ofrecer la primera figura de un Don Juan rom\u00e1ntico en su <em>Fantasiesst\u00fccke en el mango de Callot <\/em>publicado en 1814.<\/p>\n<p>El t\u00edtulo se convirti\u00f3 en &quot;<em>Don Juan<\/em>, eine fabelhafte Begebenheit, die sich mit einem reisenden Enthusiasten zugetragen\u2019 (<em>Don Juan<\/em>, fabulosa aventura lleg\u00f3 a un Entusiasta). Este Don Juan restablece el v\u00ednculo con lo absoluto y la belleza, se convierte en \u201cel s\u00edmbolo de la aspiraci\u00f3n del hombre hacia la suprema belleza. \u00bb<\/p>\n<p>Don Juan reemplaza el absoluto divino por el absoluto femenino y se opone con todas sus fuerzas al amor prosaico y relativista impuesto por la sociedad burguesa. Don Juan es ahora la encarnaci\u00f3n de la rebeli\u00f3n del individuo solitario frente a cualquier fuerza coercitiva, ya sea social o religiosa. Asume las aspiraciones rom\u00e1nticas que agitan el siglo y pierde en parte su capacidad de disfrutar realmente de sus conquistas.<\/p>\n<p>Las versiones de este Don Juan rom\u00e1ntico se multiplicaron en la Europa del siglo XIX. la <em>Don Juan<\/em> de Byron es un ejemplo particular al que volveremos. Pushkin escribe <em>el invitado de piedra<\/em> en 1830 en el que Don Juan alcanza una grandeza sobrehumana y casi divina. Musset ofrecido en 1832, en <em>Namuna<\/em>, una concepci\u00f3n de un Don Juan sediento de una belleza que s\u00f3lo la mujer puede ofrecerle.<\/p>\n<p>Es un Don Juan po\u00e9tico, alejado de todo cinismo s\u00f3rdido, que absolutiza el amor y le dedica su existencia. La redenci\u00f3n vuelve a ser posible, como muestran las obras de M\u00e9rim\u00e9e y Dumas, <em>las almas del purgatorio<\/em>, en 1834, y <em>Don Juan de Mara\u00f1a o la ca\u00edda de un \u00e1ngel<\/em>, en 1836. Estas dos obras concilian dos <a href=\"https:\/\/mythslegendes.com\/es\/\">leyendas<\/a>, la de Don Juan y la de Don Miguel Ma\u00f1ara, que vivi\u00f3 en Sevilla en el siglo XVII, tuvo una juventud desenfrenada pero luego fue de gran piedad.<\/p>\n<p>El Don Juan esbozado en el siglo XIX es, pues, un h\u00e9roe absolutamente rom\u00e1ntico. Los autores que se ocupan de este tema deciden resaltar tal o cual aspecto particular del mito, creando as\u00ed un personaje con muchas facetas pero que, sin embargo, sigue siendo Don Juan\u201d.<\/p>\n<p><\/p>\t\t\t\t\t\t\t\t<\/div>\n\t\t\t\t<\/div>\n\t\t\t\t\t<\/div>\n\t\t<\/div>\n\t\t\t\t\t<\/div>\n\t\t<\/section>\n\t\t\t\t<\/div>","protected":false},"excerpt":{"rendered":"<p>Wiki Mitolog\u00eda Ib\u00e9rica El m\u00edtico seductor Don Juan aparece en 1630 bajo la pluma de Tirso de Molina. El sera \u2026 <\/p>","protected":false},"author":1,"featured_media":0,"parent":2187,"menu_order":0,"comment_status":"closed","ping_status":"closed","template":"","meta":{"footnotes":""},"class_list":["post-2326","page","type-page","status-publish","hentry"],"amp_enabled":true,"_links":{"self":[{"href":"https:\/\/mythslegendes.com\/es\/wp-json\/wp\/v2\/pages\/2326","targetHints":{"allow":["GET"]}}],"collection":[{"href":"https:\/\/mythslegendes.com\/es\/wp-json\/wp\/v2\/pages"}],"about":[{"href":"https:\/\/mythslegendes.com\/es\/wp-json\/wp\/v2\/types\/page"}],"author":[{"embeddable":true,"href":"https:\/\/mythslegendes.com\/es\/wp-json\/wp\/v2\/users\/1"}],"replies":[{"embeddable":true,"href":"https:\/\/mythslegendes.com\/es\/wp-json\/wp\/v2\/comments?post=2326"}],"version-history":[{"count":1,"href":"https:\/\/mythslegendes.com\/es\/wp-json\/wp\/v2\/pages\/2326\/revisions"}],"predecessor-version":[{"id":24774,"href":"https:\/\/mythslegendes.com\/es\/wp-json\/wp\/v2\/pages\/2326\/revisions\/24774"}],"up":[{"embeddable":true,"href":"https:\/\/mythslegendes.com\/es\/wp-json\/wp\/v2\/pages\/2187"}],"wp:attachment":[{"href":"https:\/\/mythslegendes.com\/es\/wp-json\/wp\/v2\/media?parent=2326"}],"curies":[{"name":"wp","href":"https:\/\/api.w.org\/{rel}","templated":true}]}}