{"id":2333,"date":"2020-07-10T20:29:31","date_gmt":"2020-07-10T19:29:31","guid":{"rendered":"https:\/\/mythslegendes.com\/?page_id=2333"},"modified":"2022-12-03T22:07:08","modified_gmt":"2022-12-03T22:07:08","slug":"le-babau","status":"publish","type":"page","link":"https:\/\/mythslegendes.com\/es\/mitologia-iberica\/le-babau\/","title":{"rendered":"El Babau"},"content":{"rendered":"<div data-elementor-type=\"wp-page\" data-elementor-id=\"2333\" class=\"elementor elementor-2333\">\n\t\t\t\t\t\t<section class=\"elementor-section elementor-top-section elementor-element elementor-element-29a1276 elementor-section-boxed elementor-section-height-default elementor-section-height-default\" data-id=\"29a1276\" data-element_type=\"section\" data-e-type=\"section\">\n\t\t\t\t\t\t<div class=\"elementor-container elementor-column-gap-default\">\n\t\t\t\t\t<div class=\"elementor-column elementor-col-50 elementor-top-column elementor-element elementor-element-2fde47f\" data-id=\"2fde47f\" data-element_type=\"column\" data-e-type=\"column\">\n\t\t\t<div class=\"elementor-widget-wrap elementor-element-populated\">\n\t\t\t\t\t\t<div class=\"elementor-element elementor-element-408391d elementor-align-justify elementor-widget elementor-widget-button\" data-id=\"408391d\" data-element_type=\"widget\" data-e-type=\"widget\" data-widget_type=\"button.default\">\n\t\t\t\t<div class=\"elementor-widget-container\">\n\t\t\t\t\t\t\t\t\t<div class=\"elementor-button-wrapper\">\n\t\t\t\t\t<a class=\"elementor-button elementor-button-link elementor-size-sm\" href=\"https:\/\/mythslegendes.com\/es\/mitologia-iberica\/\">\n\t\t\t\t\t\t<span class=\"elementor-button-content-wrapper\">\n\t\t\t\t\t\t\t\t\t<span class=\"elementor-button-text\">Mitolog\u00eda ib\u00e9rica<\/span>\n\t\t\t\t\t<\/span>\n\t\t\t\t\t<\/a>\n\t\t\t\t<\/div>\n\t\t\t\t\t\t\t\t<\/div>\n\t\t\t\t<\/div>\n\t\t\t\t\t<\/div>\n\t\t<\/div>\n\t\t\t\t<div class=\"elementor-column elementor-col-50 elementor-top-column elementor-element elementor-element-a2f4cd9\" data-id=\"a2f4cd9\" data-element_type=\"column\" data-e-type=\"column\">\n\t\t\t<div class=\"elementor-widget-wrap elementor-element-populated\">\n\t\t\t\t\t\t<div class=\"elementor-element elementor-element-1207eab elementor-align-justify elementor-widget elementor-widget-button\" data-id=\"1207eab\" data-element_type=\"widget\" data-e-type=\"widget\" data-widget_type=\"button.default\">\n\t\t\t\t<div class=\"elementor-widget-container\">\n\t\t\t\t\t\t\t\t\t<div class=\"elementor-button-wrapper\">\n\t\t\t\t\t<a class=\"elementor-button elementor-button-link elementor-size-sm\" href=\"https:\/\/en.wikipedia.org\/wiki\/Spanish_mythology\" target=\"_blank\" rel=\"noopener\">\n\t\t\t\t\t\t<span class=\"elementor-button-content-wrapper\">\n\t\t\t\t\t\t\t\t\t<span class=\"elementor-button-text\">Wiki<\/span>\n\t\t\t\t\t<\/span>\n\t\t\t\t\t<\/a>\n\t\t\t\t<\/div>\n\t\t\t\t\t\t\t\t<\/div>\n\t\t\t\t<\/div>\n\t\t\t\t\t<\/div>\n\t\t<\/div>\n\t\t\t\t\t<\/div>\n\t\t<\/section>\n\t\t\t\t<section class=\"elementor-section elementor-top-section elementor-element elementor-element-93d1c43 elementor-section-boxed elementor-section-height-default elementor-section-height-default\" data-id=\"93d1c43\" data-element_type=\"section\" data-e-type=\"section\">\n\t\t\t\t\t\t<div class=\"elementor-container elementor-column-gap-default\">\n\t\t\t\t\t<div class=\"elementor-column elementor-col-100 elementor-top-column elementor-element elementor-element-4bda01cf\" data-id=\"4bda01cf\" data-element_type=\"column\" data-e-type=\"column\">\n\t\t\t<div class=\"elementor-widget-wrap elementor-element-populated\">\n\t\t\t\t\t\t<div class=\"elementor-element elementor-element-6cb811ac elementor-widget elementor-widget-text-editor\" data-id=\"6cb811ac\" data-element_type=\"widget\" data-e-type=\"widget\" data-widget_type=\"text-editor.default\">\n\t\t\t\t<div class=\"elementor-widget-container\">\n\t\t\t\t\t\t\t\t\t\n<p>La historia de Babau (pronunciado &quot;Babaou&quot;) es una historia bastante asombrosa. Su escenario es el Salanque y m\u00e1s concretamente los pueblos de Rivesaltes, Pia y Ortolanes (hoy solo queda la antigua ermita Notre Dame de la Salut).<\/p>\n<p><img decoding=\"async\" class=\"alignnone wp-image-5284 size-full\" src=\"https:\/\/mythslegendes.com\/wp-content\/uploads\/2020\/09\/AlphaOmega-e1602613368367.png\" alt=\"bab\u00fa\" width=\"25\" height=\"26\" title=\"\"><\/p>\n<div id=\"ez-toc-container\" class=\"ez-toc-v2_0_82_2 counter-hierarchy ez-toc-counter ez-toc-grey ez-toc-container-direction\">\n<div class=\"ez-toc-title-container\">\n<p class=\"ez-toc-title\" style=\"cursor:inherit\">Contenido<\/p>\n<span class=\"ez-toc-title-toggle\"><a href=\"#\" class=\"ez-toc-pull-right ez-toc-btn ez-toc-btn-xs ez-toc-btn-default ez-toc-toggle\" aria-label=\"Alternar tabla de contenidos\"><span class=\"ez-toc-js-icon-con\"><span class=\"\"><span class=\"eztoc-hide\" style=\"display:none;\">Palanca<\/span><span class=\"ez-toc-icon-toggle-span\"><svg style=\"fill: #999;color:#999\" xmlns=\"http:\/\/www.w3.org\/2000\/svg\" class=\"list-377408\" width=\"20px\" height=\"20px\" viewbox=\"0 0 24 24\" fill=\"none\"><path d=\"M6 6H4v2h2V6zm14 0H8v2h12V6zM4 11h2v2H4v-2zm16 0H8v2h12v-2zM4 16h2v2H4v-2zm16 0H8v2h12v-2z\" fill=\"currentColor\"><\/path><\/svg><svg style=\"fill: #999;color:#999\" class=\"arrow-unsorted-368013\" xmlns=\"http:\/\/www.w3.org\/2000\/svg\" width=\"10px\" height=\"10px\" viewbox=\"0 0 24 24\" version=\"1.2\" baseprofile=\"tiny\"><path d=\"M18.2 9.3l-6.2-6.3-6.2 6.3c-.2.2-.3.4-.3.7s.1.5.3.7c.2.2.4.3.7.3h11c.3 0 .5-.1.7-.3.2-.2.3-.5.3-.7s-.1-.5-.3-.7zM5.8 14.7l6.2 6.3 6.2-6.3c.2-.2.3-.5.3-.7s-.1-.5-.3-.7c-.2-.2-.4-.3-.7-.3h-11c-.3 0-.5.1-.7.3-.2.2-.3.5-.3.7s.1.5.3.7z\"\/><\/svg><\/span><\/span><\/span><\/a><\/span><\/div>\n<nav><ul class='ez-toc-list ez-toc-list-level-1' ><li class='ez-toc-page-1 ez-toc-heading-level-2'><a class=\"ez-toc-link ez-toc-heading-1\" href=\"https:\/\/mythslegendes.com\/es\/mitologia-iberica\/le-babau\/#Le-Babau\" >El Babau\u00a0<\/a><\/li><\/ul><\/nav><\/div>\n<h2><span class=\"ez-toc-section\" id=\"Le-Babau\"><\/span>El Babau\u00a0<span class=\"ez-toc-section-end\"><\/span><\/h2>\n\n<p>Seg\u00fan la <a href=\"https:\/\/mythslegendes.com\/es\/\">leyenda<\/a>, en la noche del 2 de febrero de 1290, un monstruo sediento de sangre emergi\u00f3 de las orillas del Agly. \u00bfDe donde vino el? Quien era \u00e9l ? Nadie sabe. A\u00fan as\u00ed, \u00e9l est\u00e1 all\u00ed, y all\u00ed. El monstruo se acerc\u00f3 a las murallas de Rivesaltes, pero en esta noche tranquila todo estaba cerrado. Al acercarse a la gran muralla, ve una brecha y se desliza a trav\u00e9s de ella. \u00c9l est\u00e1 entonces cerca del horno banal dentro de la ciudad. Cuenta la historia que ocurri\u00f3 una verdadera carnicer\u00eda: 6 ni\u00f1os fueron devorados, el mayor de los cuales ten\u00eda solo 7 a\u00f1os. A partir de ese d\u00eda, el &quot;forat d&#039;al fourn&quot; (hoyo del horno) entr\u00f3 en la leyenda al mismo tiempo que el Babau.<\/p>\n\n<p>Al d\u00eda siguiente se cancel\u00f3 la procesi\u00f3n de San Blas y se tap\u00f3 el hueco con urgencia. Pero durante la noche la pared fue perforada nuevamente y las huellas del monstruo aparecieron en la arena del banco. Los vigilantes juraron que hab\u00edan o\u00eddo silbidos en la noche y visto los ojos de la bestia. \u00a1Seg\u00fan sus descripciones, la bestia ten\u00eda ojos que lanzaban llamas rojas!<\/p>\n\n<p>A la noche siguiente, el se\u00f1or de Fraisse, presente en la ciudad de Rivesaltes, permaneci\u00f3 despierto. Cuando Babau volvi\u00f3 a engullir la ciudad, pudo herirlo de muerte. El animal se dio a la fuga y encall\u00f3 cerca de Ortolanes, donde muri\u00f3. Los habitantes de Rivesaltes, aliviados, se llevaron al d\u00eda siguiente una costilla de la siniestra bestia como reliquia. Lo m\u00e1s fant\u00e1stico es que esta costa a\u00fan se puede ver en Rivesaltes, \u00a1en la oficina de turismo!<\/p>\n\n<p>De hecho, y para mal de la leyenda, se trata de una costilla de ballena, la misma que encall\u00f3 en St Cyprien el 27 de noviembre de 1828 y a la que le faltaban algunas costillas cuando llegaron los especialistas. \u00a1As\u00ed es como tambi\u00e9n se pueden encontrar costillas de monstruos sedientos de sangre en Arles sur Tech!<\/p>\n\n<p>Sobre un edificio del centro de la ciudad de Rivesaltes se dibuja un trampantojo. Vemos a la izquierda al se\u00f1or de Fraisse, ballesta en mano, mientras el monstruo se acerca a la ciudad por la derecha. En la parte superior, a la derecha, podemos ver la ciudadela de Salveterra, el castillo de Opoul. El dibujo sobre la s\u00e1bana roja tendida en el balc\u00f3n es el escudo de armas de Rivesaltes, un San Andr\u00e9s de tez y la cruz en saltire, llamado &quot;de San Andr\u00e9&quot;.<\/p>\n\n<p>Debes saber que recientemente se cre\u00f3 una hermandad de Babau, en 1996. Hered\u00f3 una comandancia m\u00e1s antigua, conocida en la Edad Media hacia finales del siglo XIII. Como tal, es la guardiana de la tradici\u00f3n Babau en Rivesaltes.<\/p>\n\t\t\t\t\t\t\t\t<\/div>\n\t\t\t\t<\/div>\n\t\t\t\t\t<\/div>\n\t\t<\/div>\n\t\t\t\t\t<\/div>\n\t\t<\/section>\n\t\t\t\t<\/div>","protected":false},"excerpt":{"rendered":"<p>Wiki Mitolog\u00eda Ib\u00e9rica La historia del Babau (pronunciado \u201cBabaou\u201d) es bastante sorprendente. Su escenario es el Salanque\u2026 <\/p>","protected":false},"author":1,"featured_media":0,"parent":2187,"menu_order":0,"comment_status":"closed","ping_status":"closed","template":"","meta":{"footnotes":""},"class_list":["post-2333","page","type-page","status-publish","hentry"],"amp_enabled":true,"_links":{"self":[{"href":"https:\/\/mythslegendes.com\/es\/wp-json\/wp\/v2\/pages\/2333","targetHints":{"allow":["GET"]}}],"collection":[{"href":"https:\/\/mythslegendes.com\/es\/wp-json\/wp\/v2\/pages"}],"about":[{"href":"https:\/\/mythslegendes.com\/es\/wp-json\/wp\/v2\/types\/page"}],"author":[{"embeddable":true,"href":"https:\/\/mythslegendes.com\/es\/wp-json\/wp\/v2\/users\/1"}],"replies":[{"embeddable":true,"href":"https:\/\/mythslegendes.com\/es\/wp-json\/wp\/v2\/comments?post=2333"}],"version-history":[{"count":1,"href":"https:\/\/mythslegendes.com\/es\/wp-json\/wp\/v2\/pages\/2333\/revisions"}],"predecessor-version":[{"id":24776,"href":"https:\/\/mythslegendes.com\/es\/wp-json\/wp\/v2\/pages\/2333\/revisions\/24776"}],"up":[{"embeddable":true,"href":"https:\/\/mythslegendes.com\/es\/wp-json\/wp\/v2\/pages\/2187"}],"wp:attachment":[{"href":"https:\/\/mythslegendes.com\/es\/wp-json\/wp\/v2\/media?parent=2333"}],"curies":[{"name":"wp","href":"https:\/\/api.w.org\/{rel}","templated":true}]}}