{"id":23815,"date":"2022-10-15T08:05:35","date_gmt":"2022-10-15T08:05:35","guid":{"rendered":"https:\/\/mythslegendes.com\/?page_id=23815"},"modified":"2022-10-15T08:17:21","modified_gmt":"2022-10-15T08:17:21","slug":"hina-et-le-cocotier","status":"publish","type":"page","link":"https:\/\/mythslegendes.com\/es\/mitologia-tahitiana-del-viento\/hina-y-el-coco\/","title":{"rendered":"Hina y el cocotero"},"content":{"rendered":"<div data-elementor-type=\"wp-page\" data-elementor-id=\"23815\" class=\"elementor elementor-23815\">\n\t\t\t\t\t\t<section class=\"elementor-section elementor-top-section elementor-element elementor-element-61db5de elementor-section-boxed elementor-section-height-default elementor-section-height-default\" data-id=\"61db5de\" data-element_type=\"section\" data-e-type=\"section\">\n\t\t\t\t\t\t<div class=\"elementor-container elementor-column-gap-default\">\n\t\t\t\t\t<div class=\"elementor-column elementor-col-50 elementor-top-column elementor-element elementor-element-3e833a2\" data-id=\"3e833a2\" data-element_type=\"column\" data-e-type=\"column\">\n\t\t\t<div class=\"elementor-widget-wrap elementor-element-populated\">\n\t\t\t\t\t\t<div class=\"elementor-element elementor-element-52f13ae elementor-align-justify elementor-widget elementor-widget-button\" data-id=\"52f13ae\" data-element_type=\"widget\" data-e-type=\"widget\" data-widget_type=\"button.default\">\n\t\t\t\t<div class=\"elementor-widget-container\">\n\t\t\t\t\t\t\t\t\t<div class=\"elementor-button-wrapper\">\n\t\t\t\t\t<a class=\"elementor-button elementor-button-link elementor-size-sm\" href=\"https:\/\/mythslegendes.com\/es\/mitologia-tahitiana-del-viento\/\">\n\t\t\t\t\t\t<span class=\"elementor-button-content-wrapper\">\n\t\t\t\t\t\t\t\t\t<span class=\"elementor-button-text\">Mitolog\u00eda del viento tahitiano<\/span>\n\t\t\t\t\t<\/span>\n\t\t\t\t\t<\/a>\n\t\t\t\t<\/div>\n\t\t\t\t\t\t\t\t<\/div>\n\t\t\t\t<\/div>\n\t\t\t\t\t<\/div>\n\t\t<\/div>\n\t\t\t\t<div class=\"elementor-column elementor-col-50 elementor-top-column elementor-element elementor-element-0ac946b\" data-id=\"0ac946b\" data-element_type=\"column\" data-e-type=\"column\">\n\t\t\t<div class=\"elementor-widget-wrap elementor-element-populated\">\n\t\t\t\t\t\t<div class=\"elementor-element elementor-element-c5b8412 elementor-align-justify elementor-widget elementor-widget-button\" data-id=\"c5b8412\" data-element_type=\"widget\" data-e-type=\"widget\" data-widget_type=\"button.default\">\n\t\t\t\t<div class=\"elementor-widget-container\">\n\t\t\t\t\t\t\t\t\t<div class=\"elementor-button-wrapper\">\n\t\t\t\t\t<a class=\"elementor-button elementor-button-link elementor-size-sm\" href=\"https:\/\/www.tahitiheritage.pf\/hina-legende-cocotier\/\" target=\"_blank\" rel=\"noopener\">\n\t\t\t\t\t\t<span class=\"elementor-button-content-wrapper\">\n\t\t\t\t\t\t\t\t\t<span class=\"elementor-button-text\">Wiki<\/span>\n\t\t\t\t\t<\/span>\n\t\t\t\t\t<\/a>\n\t\t\t\t<\/div>\n\t\t\t\t\t\t\t\t<\/div>\n\t\t\t\t<\/div>\n\t\t\t\t\t<\/div>\n\t\t<\/div>\n\t\t\t\t\t<\/div>\n\t\t<\/section>\n\t\t\t\t<section class=\"elementor-section elementor-top-section elementor-element elementor-element-3e0436a elementor-section-boxed elementor-section-height-default elementor-section-height-default\" data-id=\"3e0436a\" data-element_type=\"section\" data-e-type=\"section\">\n\t\t\t\t\t\t<div class=\"elementor-container elementor-column-gap-default\">\n\t\t\t\t\t<div class=\"elementor-column elementor-col-100 elementor-top-column elementor-element elementor-element-ceed88d\" data-id=\"ceed88d\" data-element_type=\"column\" data-e-type=\"column\">\n\t\t\t<div class=\"elementor-widget-wrap elementor-element-populated\">\n\t\t\t\t\t\t<div class=\"elementor-element elementor-element-67dc367 elementor-widget elementor-widget-text-editor\" data-id=\"67dc367\" data-element_type=\"widget\" data-e-type=\"widget\" data-widget_type=\"text-editor.default\">\n\t\t\t\t<div class=\"elementor-widget-container\">\n\t\t\t\t\t\t\t\t\t<p>\u00bfSabes que cuando bebes agua de coco est\u00e1s besando a una anguila? l\u00e9elo <a href=\"https:\/\/mythslegendes.com\/es\/\">leyenda<\/a> de Hina y el cocotero, cuya mano hab\u00eda sido prometida a una anguila.<\/p><p><img decoding=\"async\" class=\"alignnone wp-image-9347 size-full\" src=\"https:\/\/mythslegendes.com\/wp-content\/uploads\/2020\/09\/cropped-AlphaOmega-e1602613368367.png\" alt=\"Hina y el cocotero\" width=\"25\" height=\"25\" title=\"\"><\/p>\t\t\t\t\t\t\t\t<\/div>\n\t\t\t\t<\/div>\n\t\t\t\t\t<\/div>\n\t\t<\/div>\n\t\t\t\t\t<\/div>\n\t\t<\/section>\n\t\t\t\t<section class=\"elementor-section elementor-top-section elementor-element elementor-element-6e81ea4 elementor-section-boxed elementor-section-height-default elementor-section-height-default\" data-id=\"6e81ea4\" data-element_type=\"section\" data-e-type=\"section\">\n\t\t\t\t\t\t<div class=\"elementor-container elementor-column-gap-default\">\n\t\t\t\t\t<div class=\"elementor-column elementor-col-100 elementor-top-column elementor-element elementor-element-4ecb253\" data-id=\"4ecb253\" data-element_type=\"column\" data-e-type=\"column\">\n\t\t\t<div class=\"elementor-widget-wrap elementor-element-populated\">\n\t\t\t\t\t\t<div class=\"elementor-element elementor-element-e7fe324 elementor-widget elementor-widget-heading\" data-id=\"e7fe324\" data-element_type=\"widget\" data-e-type=\"widget\" data-widget_type=\"heading.default\">\n\t\t\t\t<div class=\"elementor-widget-container\">\n\t\t\t\t\t<div id=\"ez-toc-container\" class=\"ez-toc-v2_0_82_2 counter-hierarchy ez-toc-counter ez-toc-grey ez-toc-container-direction\">\n<div class=\"ez-toc-title-container\">\n<p class=\"ez-toc-title\" style=\"cursor:inherit\">Contenido<\/p>\n<span class=\"ez-toc-title-toggle\"><a href=\"#\" class=\"ez-toc-pull-right ez-toc-btn ez-toc-btn-xs ez-toc-btn-default ez-toc-toggle\" aria-label=\"Alternar tabla de contenidos\"><span class=\"ez-toc-js-icon-con\"><span class=\"\"><span class=\"eztoc-hide\" style=\"display:none;\">Palanca<\/span><span class=\"ez-toc-icon-toggle-span\"><svg style=\"fill: #999;color:#999\" xmlns=\"http:\/\/www.w3.org\/2000\/svg\" class=\"list-377408\" width=\"20px\" height=\"20px\" viewbox=\"0 0 24 24\" fill=\"none\"><path d=\"M6 6H4v2h2V6zm14 0H8v2h12V6zM4 11h2v2H4v-2zm16 0H8v2h12v-2zM4 16h2v2H4v-2zm16 0H8v2h12v-2z\" fill=\"currentColor\"><\/path><\/svg><svg style=\"fill: #999;color:#999\" class=\"arrow-unsorted-368013\" xmlns=\"http:\/\/www.w3.org\/2000\/svg\" width=\"10px\" height=\"10px\" viewbox=\"0 0 24 24\" version=\"1.2\" baseprofile=\"tiny\"><path d=\"M18.2 9.3l-6.2-6.3-6.2 6.3c-.2.2-.3.4-.3.7s.1.5.3.7c.2.2.4.3.7.3h11c.3 0 .5-.1.7-.3.2-.2.3-.5.3-.7s-.1-.5-.3-.7zM5.8 14.7l6.2 6.3 6.2-6.3c.2-.2.3-.5.3-.7s-.1-.5-.3-.7c-.2-.2-.4-.3-.7-.3h-11c-.3 0-.5.1-.7.3-.2.2-.3.5-.3.7s.1.5.3.7z\"\/><\/svg><\/span><\/span><\/span><\/a><\/span><\/div>\n<nav><ul class='ez-toc-list ez-toc-list-level-1' ><li class='ez-toc-page-1 ez-toc-heading-level-2'><a class=\"ez-toc-link ez-toc-heading-1\" href=\"https:\/\/mythslegendes.com\/es\/mitologia-tahitiana-del-viento\/hina-y-el-coco\/#Hina-et-le-cocotier-le-prince-est-une-anguille\" >Hina y el cocotero, el principe es una anguila<\/a><\/li><\/ul><\/nav><\/div>\n<h2 class=\"elementor-heading-title elementor-size-default\"><span class=\"ez-toc-section\" id=\"Hina-et-le-cocotier-le-prince-est-une-anguille\"><\/span>Hina y el cocotero, el principe es una anguila<span class=\"ez-toc-section-end\"><\/span><\/h2>\t\t\t\t<\/div>\n\t\t\t\t<\/div>\n\t\t\t\t\t<\/div>\n\t\t<\/div>\n\t\t\t\t\t<\/div>\n\t\t<\/section>\n\t\t\t\t<section class=\"elementor-section elementor-top-section elementor-element elementor-element-ef354ae elementor-section-boxed elementor-section-height-default elementor-section-height-default\" data-id=\"ef354ae\" data-element_type=\"section\" data-e-type=\"section\">\n\t\t\t\t\t\t<div class=\"elementor-container elementor-column-gap-default\">\n\t\t\t\t\t<div class=\"elementor-column elementor-col-100 elementor-top-column elementor-element elementor-element-b4dd8b4\" data-id=\"b4dd8b4\" data-element_type=\"column\" data-e-type=\"column\">\n\t\t\t<div class=\"elementor-widget-wrap elementor-element-populated\">\n\t\t\t\t\t\t<div class=\"elementor-element elementor-element-e5c49f9 elementor-widget elementor-widget-text-editor\" data-id=\"e5c49f9\" data-element_type=\"widget\" data-e-type=\"widget\" data-widget_type=\"text-editor.default\">\n\t\t\t\t<div class=\"elementor-widget-container\">\n\t\t\t\t\t\t\t\t\t<p>A la edad de diecis\u00e9is a\u00f1os, la bella princesa de Pape&#039;uriri, Hina, es prometida por sus padres al pr\u00edncipe del lago Vaihiria, Faaravaianuu. Cuando le presentan a su esposo, ella se sorprende: el rey del lago es una anguila monstruosa. Aterrorizada, Hina huy\u00f3 a Vaira&#039;o, en la pen\u00ednsula de Tai&#039;arapu, al dios Maui.<\/p><p>La anguila, es decir, el pr\u00edncipe Faaravaianuu, sale del lago y se dirige al valle de Vaihiria. Ella termina encontrando a Hina.<\/p><p>Maui, horrorizado, coloc\u00f3 sus dos tiki de piedra en el acantilado. Gracias a esta protecci\u00f3n, logr\u00f3 atrapar a la monstruosa bestia. Lo corta en tres pedazos y, habiendo envuelto la cabeza en un trozo de tapa (tejido vegetal), se lo presenta a Hina:<\/p><p>\u201cSobre todo, no pongas este bulto en el suelo antes de llegar a casa y pl\u00e1ntalo en el centro del recinto de tu marae. Esta cabeza de anguila contiene grandes tesoros. De \u00e9l obtendr\u00e1s qu\u00e9 construir tu casa, qu\u00e9 beber y qu\u00e9 comer. \u00bb<\/p><p>Hina se va. Momentos despu\u00e9s, desea ba\u00f1arse con sus sirvientes y deposita su paquete sobre la hierba, olvidando as\u00ed el consejo del dios Maui. La tierra se abre y se traga la cabeza de la anguila. Entonces aparece una planta y comienza a crecer. Se convierte en un extra\u00f1o \u00e1rbol, semejante a una inmensa anguila erguida, con la cabeza hacia el sol: acaba de nacer el primer cocotero (tumu ha&#039;ari).<\/p><p>Hina comprende que ya no puede volver a casa. Ella debe monitorear el crecimiento de esta nueva riqueza. Los d\u00edas pasan. Se produce una gran sequ\u00eda y s\u00f3lo resiste el cocotero. Luego, los hombres prueban los frutos que contienen agua azucarada y en los que aparecieron tres manchas oscuras, dibujando los ojos y la boca de la anguila.<\/p><p>As\u00ed, beber un coco a la manera de Hina es saborear un beso real una vez rechazado. Hoy, cuando volamos sobre el valle de Vaihiria, el curso de agua del r\u00edo nos recuerda el camino de una anguila, y as\u00ed nos recuerda el curso de Faaravaianuu para encontrar a Hina.<\/p>\t\t\t\t\t\t\t\t<\/div>\n\t\t\t\t<\/div>\n\t\t\t\t\t<\/div>\n\t\t<\/div>\n\t\t\t\t\t<\/div>\n\t\t<\/section>\n\t\t\t\t<\/div>","protected":false},"excerpt":{"rendered":"<p>Tahitian Mythology of the Wind Wiki \u00bfSab\u00edas que cuando bebes agua de un coco le est\u00e1s dando un beso a\u2026 <\/p>","protected":false},"author":1,"featured_media":0,"parent":9989,"menu_order":0,"comment_status":"closed","ping_status":"closed","template":"","meta":{"footnotes":""},"class_list":["post-23815","page","type-page","status-publish","hentry"],"amp_enabled":true,"_links":{"self":[{"href":"https:\/\/mythslegendes.com\/es\/wp-json\/wp\/v2\/pages\/23815","targetHints":{"allow":["GET"]}}],"collection":[{"href":"https:\/\/mythslegendes.com\/es\/wp-json\/wp\/v2\/pages"}],"about":[{"href":"https:\/\/mythslegendes.com\/es\/wp-json\/wp\/v2\/types\/page"}],"author":[{"embeddable":true,"href":"https:\/\/mythslegendes.com\/es\/wp-json\/wp\/v2\/users\/1"}],"replies":[{"embeddable":true,"href":"https:\/\/mythslegendes.com\/es\/wp-json\/wp\/v2\/comments?post=23815"}],"version-history":[{"count":3,"href":"https:\/\/mythslegendes.com\/es\/wp-json\/wp\/v2\/pages\/23815\/revisions"}],"predecessor-version":[{"id":23820,"href":"https:\/\/mythslegendes.com\/es\/wp-json\/wp\/v2\/pages\/23815\/revisions\/23820"}],"up":[{"embeddable":true,"href":"https:\/\/mythslegendes.com\/es\/wp-json\/wp\/v2\/pages\/9989"}],"wp:attachment":[{"href":"https:\/\/mythslegendes.com\/es\/wp-json\/wp\/v2\/media?parent=23815"}],"curies":[{"name":"wp","href":"https:\/\/api.w.org\/{rel}","templated":true}]}}