{"id":23821,"date":"2022-10-15T08:18:59","date_gmt":"2022-10-15T08:18:59","guid":{"rendered":"https:\/\/mythslegendes.com\/?page_id=23821"},"modified":"2022-10-15T08:23:16","modified_gmt":"2022-10-15T08:23:16","slug":"le-premier-maiore","status":"publish","type":"page","link":"https:\/\/mythslegendes.com\/es\/mitologia-tahitiana-del-viento\/el-primer-alcalde\/","title":{"rendered":"El primer Maiore"},"content":{"rendered":"<div data-elementor-type=\"wp-page\" data-elementor-id=\"23821\" class=\"elementor elementor-23821\">\n\t\t\t\t\t\t<section class=\"elementor-section elementor-top-section elementor-element elementor-element-e5eccf7 elementor-section-boxed elementor-section-height-default elementor-section-height-default\" data-id=\"e5eccf7\" data-element_type=\"section\" data-e-type=\"section\">\n\t\t\t\t\t\t<div class=\"elementor-container elementor-column-gap-default\">\n\t\t\t\t\t<div class=\"elementor-column elementor-col-50 elementor-top-column elementor-element elementor-element-acd0f2c\" data-id=\"acd0f2c\" data-element_type=\"column\" data-e-type=\"column\">\n\t\t\t<div class=\"elementor-widget-wrap elementor-element-populated\">\n\t\t\t\t\t\t<div class=\"elementor-element elementor-element-94f15b1 elementor-align-justify elementor-widget elementor-widget-button\" data-id=\"94f15b1\" data-element_type=\"widget\" data-e-type=\"widget\" data-widget_type=\"button.default\">\n\t\t\t\t<div class=\"elementor-widget-container\">\n\t\t\t\t\t\t\t\t\t<div class=\"elementor-button-wrapper\">\n\t\t\t\t\t<a class=\"elementor-button elementor-button-link elementor-size-sm\" href=\"https:\/\/mythslegendes.com\/es\/mitologia-tahitiana-del-viento\/\">\n\t\t\t\t\t\t<span class=\"elementor-button-content-wrapper\">\n\t\t\t\t\t\t\t\t\t<span class=\"elementor-button-text\">Mitolog\u00eda del viento tahitiano<\/span>\n\t\t\t\t\t<\/span>\n\t\t\t\t\t<\/a>\n\t\t\t\t<\/div>\n\t\t\t\t\t\t\t\t<\/div>\n\t\t\t\t<\/div>\n\t\t\t\t\t<\/div>\n\t\t<\/div>\n\t\t\t\t<div class=\"elementor-column elementor-col-50 elementor-top-column elementor-element elementor-element-d241063\" data-id=\"d241063\" data-element_type=\"column\" data-e-type=\"column\">\n\t\t\t<div class=\"elementor-widget-wrap elementor-element-populated\">\n\t\t\t\t\t\t<div class=\"elementor-element elementor-element-3b74af4 elementor-align-justify elementor-widget elementor-widget-button\" data-id=\"3b74af4\" data-element_type=\"widget\" data-e-type=\"widget\" data-widget_type=\"button.default\">\n\t\t\t\t<div class=\"elementor-widget-container\">\n\t\t\t\t\t\t\t\t\t<div class=\"elementor-button-wrapper\">\n\t\t\t\t\t<a class=\"elementor-button elementor-button-link elementor-size-sm\" href=\"https:\/\/www.tahitiheritage.pf\/legende-moe-maiore\/\" target=\"_blank\" rel=\"noopener\">\n\t\t\t\t\t\t<span class=\"elementor-button-content-wrapper\">\n\t\t\t\t\t\t\t\t\t<span class=\"elementor-button-text\">Wiki<\/span>\n\t\t\t\t\t<\/span>\n\t\t\t\t\t<\/a>\n\t\t\t\t<\/div>\n\t\t\t\t\t\t\t\t<\/div>\n\t\t\t\t<\/div>\n\t\t\t\t\t<\/div>\n\t\t<\/div>\n\t\t\t\t\t<\/div>\n\t\t<\/section>\n\t\t\t\t<section class=\"elementor-section elementor-top-section elementor-element elementor-element-172db34 elementor-section-boxed elementor-section-height-default elementor-section-height-default\" data-id=\"172db34\" data-element_type=\"section\" data-e-type=\"section\">\n\t\t\t\t\t\t<div class=\"elementor-container elementor-column-gap-default\">\n\t\t\t\t\t<div class=\"elementor-column elementor-col-100 elementor-top-column elementor-element elementor-element-ecb772e\" data-id=\"ecb772e\" data-element_type=\"column\" data-e-type=\"column\">\n\t\t\t<div class=\"elementor-widget-wrap elementor-element-populated\">\n\t\t\t\t\t\t<div class=\"elementor-element elementor-element-a0c172b elementor-widget elementor-widget-text-editor\" data-id=\"a0c172b\" data-element_type=\"widget\" data-e-type=\"widget\" data-widget_type=\"text-editor.default\">\n\t\t\t\t<div class=\"elementor-widget-container\">\n\t\t\t\t\t\t\t\t\t<p>Esta es la historia del primer Maiore. Sus brazos extendidos, se convirtieron en ramas y ramitas, que se cubrieron de hojas y frutos; sus piernas se incrustaron en la tierra y se convirtieron en ra\u00edces; todo su cuerpo se volvi\u00f3 nudoso como los troncos de \u00e1rboles viejos. El anciano sabio se transform\u00f3 en un maiore (\u00e1rbol del pan) para permitir que Moe y su esposo sobrevivieran a la sequ\u00eda.<\/p><p><img decoding=\"async\" class=\"alignnone wp-image-9347 size-full\" src=\"https:\/\/mythslegendes.com\/wp-content\/uploads\/2020\/09\/cropped-AlphaOmega-e1602613368367.png\" alt=\"primer alcalde\" width=\"25\" height=\"25\" title=\"\"><\/p>\t\t\t\t\t\t\t\t<\/div>\n\t\t\t\t<\/div>\n\t\t\t\t\t<\/div>\n\t\t<\/div>\n\t\t\t\t\t<\/div>\n\t\t<\/section>\n\t\t\t\t<section class=\"elementor-section elementor-top-section elementor-element elementor-element-ead06fa elementor-section-boxed elementor-section-height-default elementor-section-height-default\" data-id=\"ead06fa\" data-element_type=\"section\" data-e-type=\"section\">\n\t\t\t\t\t\t<div class=\"elementor-container elementor-column-gap-default\">\n\t\t\t\t\t<div class=\"elementor-column elementor-col-100 elementor-top-column elementor-element elementor-element-df9d8f5\" data-id=\"df9d8f5\" data-element_type=\"column\" data-e-type=\"column\">\n\t\t\t<div class=\"elementor-widget-wrap elementor-element-populated\">\n\t\t\t\t\t\t<div class=\"elementor-element elementor-element-48687bd elementor-widget elementor-widget-heading\" data-id=\"48687bd\" data-element_type=\"widget\" data-e-type=\"widget\" data-widget_type=\"heading.default\">\n\t\t\t\t<div class=\"elementor-widget-container\">\n\t\t\t\t\t<div id=\"ez-toc-container\" class=\"ez-toc-v2_0_82_2 counter-hierarchy ez-toc-counter ez-toc-grey ez-toc-container-direction\">\n<div class=\"ez-toc-title-container\">\n<p class=\"ez-toc-title\" style=\"cursor:inherit\">Contenido<\/p>\n<span class=\"ez-toc-title-toggle\"><a href=\"#\" class=\"ez-toc-pull-right ez-toc-btn ez-toc-btn-xs ez-toc-btn-default ez-toc-toggle\" aria-label=\"Alternar tabla de contenidos\"><span class=\"ez-toc-js-icon-con\"><span class=\"\"><span class=\"eztoc-hide\" style=\"display:none;\">Palanca<\/span><span class=\"ez-toc-icon-toggle-span\"><svg style=\"fill: #999;color:#999\" xmlns=\"http:\/\/www.w3.org\/2000\/svg\" class=\"list-377408\" width=\"20px\" height=\"20px\" viewbox=\"0 0 24 24\" fill=\"none\"><path d=\"M6 6H4v2h2V6zm14 0H8v2h12V6zM4 11h2v2H4v-2zm16 0H8v2h12v-2zM4 16h2v2H4v-2zm16 0H8v2h12v-2z\" fill=\"currentColor\"><\/path><\/svg><svg style=\"fill: #999;color:#999\" class=\"arrow-unsorted-368013\" xmlns=\"http:\/\/www.w3.org\/2000\/svg\" width=\"10px\" height=\"10px\" viewbox=\"0 0 24 24\" version=\"1.2\" baseprofile=\"tiny\"><path d=\"M18.2 9.3l-6.2-6.3-6.2 6.3c-.2.2-.3.4-.3.7s.1.5.3.7c.2.2.4.3.7.3h11c.3 0 .5-.1.7-.3.2-.2.3-.5.3-.7s-.1-.5-.3-.7zM5.8 14.7l6.2 6.3 6.2-6.3c.2-.2.3-.5.3-.7s-.1-.5-.3-.7c-.2-.2-.4-.3-.7-.3h-11c-.3 0-.5.1-.7.3-.2.2-.3.5-.3.7s.1.5.3.7z\"\/><\/svg><\/span><\/span><\/span><\/a><\/span><\/div>\n<nav><ul class='ez-toc-list ez-toc-list-level-1' ><li class='ez-toc-page-1 ez-toc-heading-level-2'><a class=\"ez-toc-link ez-toc-heading-1\" href=\"https:\/\/mythslegendes.com\/es\/mitologia-tahitiana-del-viento\/el-primer-alcalde\/#Le-vieux-sage-devenu-premier-Maiore\" >El anciano sabio que se convirti\u00f3 en el primer Maiore<\/a><\/li><\/ul><\/nav><\/div>\n<h2 class=\"elementor-heading-title elementor-size-default\"><span class=\"ez-toc-section\" id=\"Le-vieux-sage-devenu-premier-Maiore\"><\/span>El anciano sabio que se convirti\u00f3 en el primer Maiore<span class=\"ez-toc-section-end\"><\/span><\/h2>\t\t\t\t<\/div>\n\t\t\t\t<\/div>\n\t\t\t\t\t<\/div>\n\t\t<\/div>\n\t\t\t\t\t<\/div>\n\t\t<\/section>\n\t\t\t\t<section class=\"elementor-section elementor-top-section elementor-element elementor-element-5ea7527 elementor-section-boxed elementor-section-height-default elementor-section-height-default\" data-id=\"5ea7527\" data-element_type=\"section\" data-e-type=\"section\">\n\t\t\t\t\t\t<div class=\"elementor-container elementor-column-gap-default\">\n\t\t\t\t\t<div class=\"elementor-column elementor-col-100 elementor-top-column elementor-element elementor-element-7b61981\" data-id=\"7b61981\" data-element_type=\"column\" data-e-type=\"column\">\n\t\t\t<div class=\"elementor-widget-wrap elementor-element-populated\">\n\t\t\t\t\t\t<div class=\"elementor-element elementor-element-373d451 elementor-widget elementor-widget-text-editor\" data-id=\"373d451\" data-element_type=\"widget\" data-e-type=\"widget\" data-widget_type=\"text-editor.default\">\n\t\t\t\t<div class=\"elementor-widget-container\">\n\t\t\t\t\t\t\t\t\t<p>Hace mucho tiempo, mucho antes de la llegada de los hombres blancos, una sequ\u00eda despiadada cay\u00f3 sobre nuestras islas. Los \u00e1rboles y los hombres mor\u00edan abrasados por el sol. Los mismos cocoteros altos dejan colgar sus grandes palmas chamuscadas, demacradas y abatidas como grandes p\u00e1jaros muertos. Las tribus, diezmadas, agonizaban, alzando los ojos a un cielo que parec\u00eda abocado a un verano eterno.<\/p><p>Acurrucada bajo el gran purau (hibiscus talacius) en la playa, la peque\u00f1a tarifa hab\u00eda logrado conservar un poco de su frescura, en medio del fuego de la tierra y el cielo.<\/p><p>Acostada en una estera de pandano trenzado, Moe so\u00f1\u00f3, sus grandes ojos negros perdidos en una tierra verde lejana. Vi\u00e9ndola tan hermosa, Aratua, su prometido, se puso a cantarle, para arrullar su sue\u00f1o y su melancol\u00eda:<\/p><p>\u2013 \u201cMoe, Moe, eres hermosa como la flor de la tiare de Tahit\u00ed, hermosa como una cascada bajo un cielo estrellado. Tu sonrisa me es m\u00e1s necesaria que la fruta fresca en la garganta del viajero. Tu cabello es m\u00e1s negro que la m\u00e1s negra de las noches, y ninguna flor tiene su fragancia. Tus labios son una flor roja en tu rostro y tu garganta late suavemente como un p\u00e1jaro moribundo.<\/p><p>Oh Moe, Moe, mi brazo ha aprendido a manejar el arp\u00f3n en el agua blanca de los arrecifes, y mi canoa es la m\u00e1s r\u00e1pida y la m\u00e1s ligera.<br \/>Mi hombro puede llevar los racimos de frutas m\u00e1s pesados para ofrec\u00e9roslos, y mi red puede atrapar los peces m\u00e1s grandes y m\u00e1s finos para ofrec\u00e9roslos.<\/p><p>Pero qu\u00e9 importa, oh Moe, si vamos a morir. Ni tu hermosura, ni mi brazo, ni mi canoa, ni mi red, nada pueden contra el sol\u2026\u201d<\/p><p>Moe hab\u00eda escuchado cantar a su prometido. Y Moe ya no quer\u00eda morir. Quer\u00eda vivir, vivir con Aratua. Luego, arrojando su largo cabello sobre sus hombros casta\u00f1os, se volvi\u00f3 hacia \u00e9l:<\/p><p>\u201cConozco a un anciano sabio en las monta\u00f1as, Taaroa. El d\u00eda que nac\u00ed, le dijo a mi madre que ser\u00eda hermosa como la estrella de la ma\u00f1ana y que por m\u00ed dar\u00eda su vida. Vamos a buscarlo. Y fueron a la monta\u00f1a donde viv\u00eda Taaroa.<\/p><p>La noticia de la promesa hecha a Moe el d\u00eda de su nacimiento se hab\u00eda extendido entre las tribus, como el toque de un tambor en el fondo de los valles, y la peque\u00f1a tarifa bajo el purau se hab\u00eda convertido en un lugar de peregrinaci\u00f3n, donde todos acud\u00edan. buscando esperanza.<\/p><p>Los dos j\u00f3venes subieron la monta\u00f1a seguidos de una larga serpiente humana de hombres y mujeres, cuyo lamento se elevaba en el aire recalentado como una oraci\u00f3n:<\/p><p>\u2013 Oh Moe, Moe\u2026<\/p><p>Larga forma blanca en su t\u00fanica tapa (prenda), su gran barba lo cubr\u00eda de pies a cabeza. Apoyado en una rama de un limonero silvestre despojado de sus espinas, exudaba una fuerza tan tranquila que al verlo todas las tribus entendieron que su salvaci\u00f3n vendr\u00eda de \u00e9l.<\/p><p>Moe continu\u00f3 su ascenso hacia \u00e9l solo y se detuvo en una roca alta, recortada contra el sol poniente.<\/p><p>\u2013 \u201cViejo sabio y venerado, me prometiste en mi nacimiento que ser\u00eda tan hermoso como la estrella de la ma\u00f1ana y que dar\u00edas tu vida por m\u00ed. Hoy quiero vivir con la persona que amo. Hoy queremos vivir. \u00bb<\/p><p>\u201cOh Moe, mantendr\u00e9 mi promesa. Eres hermosa como la estrella de la ma\u00f1ana, fresca como una flor de tiar\u00e9 de Tahit\u00ed y para ti har\u00e9 la belleza eterna. Amas a este chico que te sigue, y su coraz\u00f3n se eleva de amor cuando te mira. Por ti har\u00e9 el amor eterno. Quieres vivir y por ti har\u00e9 la vida eterna. \u00bb<\/p><p>El cuerpo de Sage Taaroa pareci\u00f3 derretirse en el aire de la tarde que se elevaba desde los valles. Sus brazos extendidos, se convirtieron en ramas y ramitas, que se cubrieron de hojas y frutos; sus piernas se incrustaron en la tierra y se convirtieron en ra\u00edces; todo su cuerpo se volvi\u00f3 nudoso como los troncos de \u00e1rboles viejos.<\/p><p>El prodigio fue completo: el agua empez\u00f3 a fluir de nuevo en los r\u00edos y la hierba, y las flores, y los \u00e1rboles reverdecieron visiblemente. Fue mientras cantaban de alegr\u00eda que las tribus regresaron hacia el mar, agach\u00e1ndose para pasar bajo las ramas del \u00e1rbol, que se doblaba bajo los frutos.<\/p>\t\t\t\t\t\t\t\t<\/div>\n\t\t\t\t<\/div>\n\t\t\t\t\t<\/div>\n\t\t<\/div>\n\t\t\t\t\t<\/div>\n\t\t<\/section>\n\t\t\t\t<\/div>","protected":false},"excerpt":{"rendered":"","protected":false},"author":1,"featured_media":0,"parent":9989,"menu_order":0,"comment_status":"closed","ping_status":"closed","template":"","meta":{"footnotes":""},"class_list":["post-23821","page","type-page","status-publish","hentry"],"amp_enabled":true,"_links":{"self":[{"href":"https:\/\/mythslegendes.com\/es\/wp-json\/wp\/v2\/pages\/23821","targetHints":{"allow":["GET"]}}],"collection":[{"href":"https:\/\/mythslegendes.com\/es\/wp-json\/wp\/v2\/pages"}],"about":[{"href":"https:\/\/mythslegendes.com\/es\/wp-json\/wp\/v2\/types\/page"}],"author":[{"embeddable":true,"href":"https:\/\/mythslegendes.com\/es\/wp-json\/wp\/v2\/users\/1"}],"replies":[{"embeddable":true,"href":"https:\/\/mythslegendes.com\/es\/wp-json\/wp\/v2\/comments?post=23821"}],"version-history":[{"count":3,"href":"https:\/\/mythslegendes.com\/es\/wp-json\/wp\/v2\/pages\/23821\/revisions"}],"predecessor-version":[{"id":23827,"href":"https:\/\/mythslegendes.com\/es\/wp-json\/wp\/v2\/pages\/23821\/revisions\/23827"}],"up":[{"embeddable":true,"href":"https:\/\/mythslegendes.com\/es\/wp-json\/wp\/v2\/pages\/9989"}],"wp:attachment":[{"href":"https:\/\/mythslegendes.com\/es\/wp-json\/wp\/v2\/media?parent=23821"}],"curies":[{"name":"wp","href":"https:\/\/api.w.org\/{rel}","templated":true}]}}