{"id":23828,"date":"2022-10-15T08:24:06","date_gmt":"2022-10-15T08:24:06","guid":{"rendered":"https:\/\/mythslegendes.com\/?page_id=23828"},"modified":"2022-10-15T08:32:07","modified_gmt":"2022-10-15T08:32:07","slug":"lespadon-auroa","status":"publish","type":"page","link":"https:\/\/mythslegendes.com\/es\/mitologia-tahitiana-del-viento\/pez-espada-auroa\/","title":{"rendered":"pez espada auroa"},"content":{"rendered":"<div data-elementor-type=\"wp-page\" data-elementor-id=\"23828\" class=\"elementor elementor-23828\">\n\t\t\t\t\t\t<section class=\"elementor-section elementor-top-section elementor-element elementor-element-a93eb0a elementor-section-boxed elementor-section-height-default elementor-section-height-default\" data-id=\"a93eb0a\" data-element_type=\"section\" data-e-type=\"section\">\n\t\t\t\t\t\t<div class=\"elementor-container elementor-column-gap-default\">\n\t\t\t\t\t<div class=\"elementor-column elementor-col-50 elementor-top-column elementor-element elementor-element-57887de\" data-id=\"57887de\" data-element_type=\"column\" data-e-type=\"column\">\n\t\t\t<div class=\"elementor-widget-wrap elementor-element-populated\">\n\t\t\t\t\t\t<div class=\"elementor-element elementor-element-755872c elementor-align-justify elementor-widget elementor-widget-button\" data-id=\"755872c\" data-element_type=\"widget\" data-e-type=\"widget\" data-widget_type=\"button.default\">\n\t\t\t\t<div class=\"elementor-widget-container\">\n\t\t\t\t\t\t\t\t\t<div class=\"elementor-button-wrapper\">\n\t\t\t\t\t<a class=\"elementor-button elementor-button-link elementor-size-sm\" href=\"https:\/\/mythslegendes.com\/es\/mitologia-tahitiana-del-viento\/\">\n\t\t\t\t\t\t<span class=\"elementor-button-content-wrapper\">\n\t\t\t\t\t\t\t\t\t<span class=\"elementor-button-text\">Mitolog\u00eda del viento tahitiano<\/span>\n\t\t\t\t\t<\/span>\n\t\t\t\t\t<\/a>\n\t\t\t\t<\/div>\n\t\t\t\t\t\t\t\t<\/div>\n\t\t\t\t<\/div>\n\t\t\t\t\t<\/div>\n\t\t<\/div>\n\t\t\t\t<div class=\"elementor-column elementor-col-50 elementor-top-column elementor-element elementor-element-5f5be9f\" data-id=\"5f5be9f\" data-element_type=\"column\" data-e-type=\"column\">\n\t\t\t<div class=\"elementor-widget-wrap elementor-element-populated\">\n\t\t\t\t\t\t<div class=\"elementor-element elementor-element-38b32ec elementor-align-justify elementor-widget elementor-widget-button\" data-id=\"38b32ec\" data-element_type=\"widget\" data-e-type=\"widget\" data-widget_type=\"button.default\">\n\t\t\t\t<div class=\"elementor-widget-container\">\n\t\t\t\t\t\t\t\t\t<div class=\"elementor-button-wrapper\">\n\t\t\t\t\t<a class=\"elementor-button elementor-button-link elementor-size-sm\" href=\"https:\/\/www.tahitiheritage.pf\/honoura-auroa-papara\/\" target=\"_blank\" rel=\"noopener\">\n\t\t\t\t\t\t<span class=\"elementor-button-content-wrapper\">\n\t\t\t\t\t\t\t\t\t<span class=\"elementor-button-text\">Wiki<\/span>\n\t\t\t\t\t<\/span>\n\t\t\t\t\t<\/a>\n\t\t\t\t<\/div>\n\t\t\t\t\t\t\t\t<\/div>\n\t\t\t\t<\/div>\n\t\t\t\t\t<\/div>\n\t\t<\/div>\n\t\t\t\t\t<\/div>\n\t\t<\/section>\n\t\t\t\t<section class=\"elementor-section elementor-top-section elementor-element elementor-element-47d8985 elementor-section-boxed elementor-section-height-default elementor-section-height-default\" data-id=\"47d8985\" data-element_type=\"section\" data-e-type=\"section\">\n\t\t\t\t\t\t<div class=\"elementor-container elementor-column-gap-default\">\n\t\t\t\t\t<div class=\"elementor-column elementor-col-100 elementor-top-column elementor-element elementor-element-0a4ba03\" data-id=\"0a4ba03\" data-element_type=\"column\" data-e-type=\"column\">\n\t\t\t<div class=\"elementor-widget-wrap elementor-element-populated\">\n\t\t\t\t\t\t<div class=\"elementor-element elementor-element-ce277b4 elementor-widget elementor-widget-text-editor\" data-id=\"ce277b4\" data-element_type=\"widget\" data-e-type=\"widget\" data-widget_type=\"text-editor.default\">\n\t\t\t\t<div class=\"elementor-widget-container\">\n\t\t\t\t\t\t\t\t\t<p>El h\u00e9roe legendario Honora luch\u00f3 contra el pez espada Auroa. Honora es una gigante con una gran fuerza que pod\u00eda expandirse y encogerse a voluntad. Antes de ir a <a href=\"https:\/\/mythslegendes.com\/es\/mitologia-tahitiana-tuamotu\/\">Tuamotu<\/a> para vengar la muerte del rey de Tautira, quiso probar su fuerza luchando con el pez espada gigante en la bah\u00eda de Popoti en Papara.<\/p><p><img decoding=\"async\" class=\"alignnone wp-image-9347 size-full\" src=\"https:\/\/mythslegendes.com\/wp-content\/uploads\/2020\/09\/cropped-AlphaOmega-e1602613368367.png\" alt=\"pez espada gigante auroa\" width=\"25\" height=\"25\" title=\"\"><\/p>\t\t\t\t\t\t\t\t<\/div>\n\t\t\t\t<\/div>\n\t\t\t\t\t<\/div>\n\t\t<\/div>\n\t\t\t\t\t<\/div>\n\t\t<\/section>\n\t\t\t\t<section class=\"elementor-section elementor-top-section elementor-element elementor-element-8e4fa16 elementor-section-boxed elementor-section-height-default elementor-section-height-default\" data-id=\"8e4fa16\" data-element_type=\"section\" data-e-type=\"section\">\n\t\t\t\t\t\t<div class=\"elementor-container elementor-column-gap-default\">\n\t\t\t\t\t<div class=\"elementor-column elementor-col-100 elementor-top-column elementor-element elementor-element-bda5ff8\" data-id=\"bda5ff8\" data-element_type=\"column\" data-e-type=\"column\">\n\t\t\t<div class=\"elementor-widget-wrap elementor-element-populated\">\n\t\t\t\t\t\t<div class=\"elementor-element elementor-element-0d53d67 elementor-widget elementor-widget-heading\" data-id=\"0d53d67\" data-element_type=\"widget\" data-e-type=\"widget\" data-widget_type=\"heading.default\">\n\t\t\t\t<div class=\"elementor-widget-container\">\n\t\t\t\t\t<div id=\"ez-toc-container\" class=\"ez-toc-v2_0_82_2 counter-hierarchy ez-toc-counter ez-toc-grey ez-toc-container-direction\">\n<div class=\"ez-toc-title-container\">\n<p class=\"ez-toc-title\" style=\"cursor:inherit\">Contenido<\/p>\n<span class=\"ez-toc-title-toggle\"><a href=\"#\" class=\"ez-toc-pull-right ez-toc-btn ez-toc-btn-xs ez-toc-btn-default ez-toc-toggle\" aria-label=\"Alternar tabla de contenidos\"><span class=\"ez-toc-js-icon-con\"><span class=\"\"><span class=\"eztoc-hide\" style=\"display:none;\">Palanca<\/span><span class=\"ez-toc-icon-toggle-span\"><svg style=\"fill: #999;color:#999\" xmlns=\"http:\/\/www.w3.org\/2000\/svg\" class=\"list-377408\" width=\"20px\" height=\"20px\" viewbox=\"0 0 24 24\" fill=\"none\"><path d=\"M6 6H4v2h2V6zm14 0H8v2h12V6zM4 11h2v2H4v-2zm16 0H8v2h12v-2zM4 16h2v2H4v-2zm16 0H8v2h12v-2z\" fill=\"currentColor\"><\/path><\/svg><svg style=\"fill: #999;color:#999\" class=\"arrow-unsorted-368013\" xmlns=\"http:\/\/www.w3.org\/2000\/svg\" width=\"10px\" height=\"10px\" viewbox=\"0 0 24 24\" version=\"1.2\" baseprofile=\"tiny\"><path d=\"M18.2 9.3l-6.2-6.3-6.2 6.3c-.2.2-.3.4-.3.7s.1.5.3.7c.2.2.4.3.7.3h11c.3 0 .5-.1.7-.3.2-.2.3-.5.3-.7s-.1-.5-.3-.7zM5.8 14.7l6.2 6.3 6.2-6.3c.2-.2.3-.5.3-.7s-.1-.5-.3-.7c-.2-.2-.4-.3-.7-.3h-11c-.3 0-.5.1-.7.3-.2.2-.3.5-.3.7s.1.5.3.7z\"\/><\/svg><\/span><\/span><\/span><\/a><\/span><\/div>\n<nav><ul class='ez-toc-list ez-toc-list-level-1' ><li class='ez-toc-page-1 ez-toc-heading-level-2'><a class=\"ez-toc-link ez-toc-heading-1\" href=\"https:\/\/mythslegendes.com\/es\/mitologia-tahitiana-del-viento\/pez-espada-auroa\/#Honoura-contre-lespadon-geant-Auroa\" >Honora vs pez espada gigante Auroa<\/a><\/li><\/ul><\/nav><\/div>\n<h2 class=\"elementor-heading-title elementor-size-default\"><span class=\"ez-toc-section\" id=\"Honoura-contre-lespadon-geant-Auroa\"><\/span>Honora vs pez espada gigante Auroa<span class=\"ez-toc-section-end\"><\/span><\/h2>\t\t\t\t<\/div>\n\t\t\t\t<\/div>\n\t\t\t\t\t<\/div>\n\t\t<\/div>\n\t\t\t\t\t<\/div>\n\t\t<\/section>\n\t\t\t\t<section class=\"elementor-section elementor-top-section elementor-element elementor-element-ddc099d elementor-section-boxed elementor-section-height-default elementor-section-height-default\" data-id=\"ddc099d\" data-element_type=\"section\" data-e-type=\"section\">\n\t\t\t\t\t\t<div class=\"elementor-container elementor-column-gap-default\">\n\t\t\t\t\t<div class=\"elementor-column elementor-col-100 elementor-top-column elementor-element elementor-element-6fc6b51\" data-id=\"6fc6b51\" data-element_type=\"column\" data-e-type=\"column\">\n\t\t\t<div class=\"elementor-widget-wrap elementor-element-populated\">\n\t\t\t\t\t\t<div class=\"elementor-element elementor-element-93c83d8 elementor-widget elementor-widget-text-editor\" data-id=\"93c83d8\" data-element_type=\"widget\" data-e-type=\"widget\" data-widget_type=\"text-editor.default\">\n\t\t\t\t<div class=\"elementor-widget-container\">\n\t\t\t\t\t\t\t\t\t<p>Un d\u00eda Honora parti\u00f3 con sus guerreros. Su tropa parti\u00f3 primero en su canoa y Honora se les uni\u00f3 con la suya, que se llamaba Aratai Havini. Pero el viento amain\u00f3 y la canoa de los guerreros se desliz\u00f3 mientras la de Honorura permanec\u00eda sola en mar abierto para encontrarse con el pez espada gigante.<\/p><p>Para distinguir la aproximaci\u00f3n del pez espada Auroa, fue necesario identificar los tres tipos de olas que se suced\u00edan y que lo anunciaban: las olas furiosas, las olas corriendo y las olas lentas creadas por la estela de su morro.<\/p><p>No tardaron en aparecer y los dos adversarios comenzaron a retarse como siempre se ha hecho antes de llegar a las manos. Auroa fue la primera en hablar con Honora y le dijo: \u201cTe pinchar\u00e9 con mi tribuna\u201d<\/p><p>Honora respondi\u00f3: \u201cFaahipahipa io Toa. \u00a1Te aplastar\u00e9 el est\u00f3mago con mi lanza! \u00bb<\/p><p>Con estas palabras, el pez furioso, con un movimiento brusco de la cola, sali\u00f3 del agua y se abalanz\u00f3 sobre Honorura, que par\u00f3 el golpe con su lanza. Por dos veces intent\u00f3 Auroa traspasar a Honora, pero esta \u00faltima, muy tranquila, detuvo el golpe.<\/p><p>Auroa estaba tan aterrorizado por la maestr\u00eda y la habilidad de Hono&#039;ura que, saliendo del agua por tercera vez, parti\u00f3 en direcci\u00f3n a Mou&#039;a Tamaiti (Monta\u00f1a de Papara) para buscar ayuda de las dos brujas, la ruahine Tauauri. y Tauatea, que habitaba en el fondo del valle de Taharu&#039;u.<\/p><p>Auroa vol\u00f3 tan r\u00e1pido que lleg\u00f3 al fondo del valle, llevado por su \u00edmpetu, no pudo detenerse y hundi\u00f3 su tribuna en la monta\u00f1a. A pesar de sus desesperados esfuerzos por liberarse, no lo logr\u00f3 y muri\u00f3 all\u00ed.<\/p><p>Despu\u00e9s de la partida de Auroa, Honora primero busc\u00f3 a sus guerreros. Los encontr\u00f3 en una tierra desconocida a la que puso su nombre &quot;Hono&quot; y el del viento que ablanda &quot;Ruru&quot; (lulu): Honolulu.<\/p><p>Luego fue en busca de Auroa. Llegado al pie de la monta\u00f1a Moua Tamaiti, frente al cad\u00e1ver de Auroa exclam\u00f3 con aire de desprecio:<\/p><p>\u201cTe pohe a te maa e. Eso es mucha comida desperdiciada&quot;<\/p>\t\t\t\t\t\t\t\t<\/div>\n\t\t\t\t<\/div>\n\t\t\t\t\t<\/div>\n\t\t<\/div>\n\t\t\t\t\t<\/div>\n\t\t<\/section>\n\t\t\t\t<\/div>","protected":false},"excerpt":{"rendered":"<p>Wiki Mitolog\u00eda del viento de Tahit\u00ed El h\u00e9roe legendario Honora luch\u00f3 contra el pez espada Auroa. Honora es un gigante con una gran fuerza... <\/p>","protected":false},"author":1,"featured_media":0,"parent":9989,"menu_order":0,"comment_status":"closed","ping_status":"closed","template":"","meta":{"footnotes":""},"class_list":["post-23828","page","type-page","status-publish","hentry"],"amp_enabled":true,"_links":{"self":[{"href":"https:\/\/mythslegendes.com\/es\/wp-json\/wp\/v2\/pages\/23828","targetHints":{"allow":["GET"]}}],"collection":[{"href":"https:\/\/mythslegendes.com\/es\/wp-json\/wp\/v2\/pages"}],"about":[{"href":"https:\/\/mythslegendes.com\/es\/wp-json\/wp\/v2\/types\/page"}],"author":[{"embeddable":true,"href":"https:\/\/mythslegendes.com\/es\/wp-json\/wp\/v2\/users\/1"}],"replies":[{"embeddable":true,"href":"https:\/\/mythslegendes.com\/es\/wp-json\/wp\/v2\/comments?post=23828"}],"version-history":[{"count":3,"href":"https:\/\/mythslegendes.com\/es\/wp-json\/wp\/v2\/pages\/23828\/revisions"}],"predecessor-version":[{"id":23835,"href":"https:\/\/mythslegendes.com\/es\/wp-json\/wp\/v2\/pages\/23828\/revisions\/23835"}],"up":[{"embeddable":true,"href":"https:\/\/mythslegendes.com\/es\/wp-json\/wp\/v2\/pages\/9989"}],"wp:attachment":[{"href":"https:\/\/mythslegendes.com\/es\/wp-json\/wp\/v2\/media?parent=23828"}],"curies":[{"name":"wp","href":"https:\/\/api.w.org\/{rel}","templated":true}]}}