{"id":23836,"date":"2022-10-15T08:32:57","date_gmt":"2022-10-15T08:32:57","guid":{"rendered":"https:\/\/mythslegendes.com\/?page_id=23836"},"modified":"2022-10-15T08:36:11","modified_gmt":"2022-10-15T08:36:11","slug":"le-premier-cocotier","status":"publish","type":"page","link":"https:\/\/mythslegendes.com\/es\/mitologia-tahitiana-del-viento\/el-primer-coco\/","title":{"rendered":"El primer cocotero"},"content":{"rendered":"<div data-elementor-type=\"wp-page\" data-elementor-id=\"23836\" class=\"elementor elementor-23836\">\n\t\t\t\t\t\t<section class=\"elementor-section elementor-top-section elementor-element elementor-element-2c45de7 elementor-section-boxed elementor-section-height-default elementor-section-height-default\" data-id=\"2c45de7\" data-element_type=\"section\" data-e-type=\"section\">\n\t\t\t\t\t\t<div class=\"elementor-container elementor-column-gap-default\">\n\t\t\t\t\t<div class=\"elementor-column elementor-col-50 elementor-top-column elementor-element elementor-element-ba875e3\" data-id=\"ba875e3\" data-element_type=\"column\" data-e-type=\"column\">\n\t\t\t<div class=\"elementor-widget-wrap elementor-element-populated\">\n\t\t\t\t\t\t<div class=\"elementor-element elementor-element-ba99fa1 elementor-align-justify elementor-widget elementor-widget-button\" data-id=\"ba99fa1\" data-element_type=\"widget\" data-e-type=\"widget\" data-widget_type=\"button.default\">\n\t\t\t\t<div class=\"elementor-widget-container\">\n\t\t\t\t\t\t\t\t\t<div class=\"elementor-button-wrapper\">\n\t\t\t\t\t<a class=\"elementor-button elementor-button-link elementor-size-sm\" href=\"https:\/\/mythslegendes.com\/es\/mitologia-tahitiana-del-viento\/\">\n\t\t\t\t\t\t<span class=\"elementor-button-content-wrapper\">\n\t\t\t\t\t\t\t\t\t<span class=\"elementor-button-text\">Mitolog\u00eda del viento tahitiano<\/span>\n\t\t\t\t\t<\/span>\n\t\t\t\t\t<\/a>\n\t\t\t\t<\/div>\n\t\t\t\t\t\t\t\t<\/div>\n\t\t\t\t<\/div>\n\t\t\t\t\t<\/div>\n\t\t<\/div>\n\t\t\t\t<div class=\"elementor-column elementor-col-50 elementor-top-column elementor-element elementor-element-5f6f573\" data-id=\"5f6f573\" data-element_type=\"column\" data-e-type=\"column\">\n\t\t\t<div class=\"elementor-widget-wrap elementor-element-populated\">\n\t\t\t\t\t\t<div class=\"elementor-element elementor-element-82d4773 elementor-align-justify elementor-widget elementor-widget-button\" data-id=\"82d4773\" data-element_type=\"widget\" data-e-type=\"widget\" data-widget_type=\"button.default\">\n\t\t\t\t<div class=\"elementor-widget-container\">\n\t\t\t\t\t\t\t\t\t<div class=\"elementor-button-wrapper\">\n\t\t\t\t\t<a class=\"elementor-button elementor-button-link elementor-size-sm\" href=\"https:\/\/www.tahitiheritage.pf\/origine-cocotier-tuamotu\/\" target=\"_blank\" rel=\"noopener\">\n\t\t\t\t\t\t<span class=\"elementor-button-content-wrapper\">\n\t\t\t\t\t\t\t\t\t<span class=\"elementor-button-text\">Wiki<\/span>\n\t\t\t\t\t<\/span>\n\t\t\t\t\t<\/a>\n\t\t\t\t<\/div>\n\t\t\t\t\t\t\t\t<\/div>\n\t\t\t\t<\/div>\n\t\t\t\t\t<\/div>\n\t\t<\/div>\n\t\t\t\t\t<\/div>\n\t\t<\/section>\n\t\t\t\t<section class=\"elementor-section elementor-top-section elementor-element elementor-element-90d3a73 elementor-section-boxed elementor-section-height-default elementor-section-height-default\" data-id=\"90d3a73\" data-element_type=\"section\" data-e-type=\"section\">\n\t\t\t\t\t\t<div class=\"elementor-container elementor-column-gap-default\">\n\t\t\t\t\t<div class=\"elementor-column elementor-col-100 elementor-top-column elementor-element elementor-element-6b4b0ee\" data-id=\"6b4b0ee\" data-element_type=\"column\" data-e-type=\"column\">\n\t\t\t<div class=\"elementor-widget-wrap elementor-element-populated\">\n\t\t\t\t\t\t<div class=\"elementor-element elementor-element-facf9eb elementor-widget elementor-widget-text-editor\" data-id=\"facf9eb\" data-element_type=\"widget\" data-e-type=\"widget\" data-widget_type=\"text-editor.default\">\n\t\t\t\t<div class=\"elementor-widget-container\">\n\t\t\t\t\t\t\t\t\t<p>La gente de Anaa afirma que el primer cocotero se origin\u00f3 en su isla. Pretenden no saber que el primer cocotero viene de Papeari en <a href=\"https:\/\/mythslegendes.com\/es\/mitologia-tahitiana-del-viento\/\">Tahit\u00ed<\/a> y que sali\u00f3 de la cabeza de una anguila.<\/p><p><img decoding=\"async\" class=\"alignnone wp-image-9347 size-full\" src=\"https:\/\/mythslegendes.com\/wp-content\/uploads\/2020\/09\/cropped-AlphaOmega-e1602613368367.png\" alt=\"primer cocotero\" width=\"25\" height=\"25\" title=\"\"><\/p>\t\t\t\t\t\t\t\t<\/div>\n\t\t\t\t<\/div>\n\t\t\t\t\t<\/div>\n\t\t<\/div>\n\t\t\t\t\t<\/div>\n\t\t<\/section>\n\t\t\t\t<section class=\"elementor-section elementor-top-section elementor-element elementor-element-34bdd53 elementor-section-boxed elementor-section-height-default elementor-section-height-default\" data-id=\"34bdd53\" data-element_type=\"section\" data-e-type=\"section\">\n\t\t\t\t\t\t<div class=\"elementor-container elementor-column-gap-default\">\n\t\t\t\t\t<div class=\"elementor-column elementor-col-100 elementor-top-column elementor-element elementor-element-45f19c4\" data-id=\"45f19c4\" data-element_type=\"column\" data-e-type=\"column\">\n\t\t\t<div class=\"elementor-widget-wrap elementor-element-populated\">\n\t\t\t\t\t\t<div class=\"elementor-element elementor-element-3b70a5c elementor-widget elementor-widget-heading\" data-id=\"3b70a5c\" data-element_type=\"widget\" data-e-type=\"widget\" data-widget_type=\"heading.default\">\n\t\t\t\t<div class=\"elementor-widget-container\">\n\t\t\t\t\t<div id=\"ez-toc-container\" class=\"ez-toc-v2_0_82_2 counter-hierarchy ez-toc-counter ez-toc-grey ez-toc-container-direction\">\n<div class=\"ez-toc-title-container\">\n<p class=\"ez-toc-title\" style=\"cursor:inherit\">Contenido<\/p>\n<span class=\"ez-toc-title-toggle\"><a href=\"#\" class=\"ez-toc-pull-right ez-toc-btn ez-toc-btn-xs ez-toc-btn-default ez-toc-toggle\" aria-label=\"Alternar tabla de contenidos\"><span class=\"ez-toc-js-icon-con\"><span class=\"\"><span class=\"eztoc-hide\" style=\"display:none;\">Palanca<\/span><span class=\"ez-toc-icon-toggle-span\"><svg style=\"fill: #999;color:#999\" xmlns=\"http:\/\/www.w3.org\/2000\/svg\" class=\"list-377408\" width=\"20px\" height=\"20px\" viewbox=\"0 0 24 24\" fill=\"none\"><path d=\"M6 6H4v2h2V6zm14 0H8v2h12V6zM4 11h2v2H4v-2zm16 0H8v2h12v-2zM4 16h2v2H4v-2zm16 0H8v2h12v-2z\" fill=\"currentColor\"><\/path><\/svg><svg style=\"fill: #999;color:#999\" class=\"arrow-unsorted-368013\" xmlns=\"http:\/\/www.w3.org\/2000\/svg\" width=\"10px\" height=\"10px\" viewbox=\"0 0 24 24\" version=\"1.2\" baseprofile=\"tiny\"><path d=\"M18.2 9.3l-6.2-6.3-6.2 6.3c-.2.2-.3.4-.3.7s.1.5.3.7c.2.2.4.3.7.3h11c.3 0 .5-.1.7-.3.2-.2.3-.5.3-.7s-.1-.5-.3-.7zM5.8 14.7l6.2 6.3 6.2-6.3c.2-.2.3-.5.3-.7s-.1-.5-.3-.7c-.2-.2-.4-.3-.7-.3h-11c-.3 0-.5.1-.7.3-.2.2-.3.5-.3.7s.1.5.3.7z\"\/><\/svg><\/span><\/span><\/span><\/a><\/span><\/div>\n<nav><ul class='ez-toc-list ez-toc-list-level-1' ><li class='ez-toc-page-1 ez-toc-heading-level-2'><a class=\"ez-toc-link ez-toc-heading-1\" href=\"https:\/\/mythslegendes.com\/es\/mitologia-tahitiana-del-viento\/el-primer-coco\/#Legende-du-premier-cocotier-des-Tuamotu\" >Leyenda de la primera palma de coco en el Tuamotu<\/a><\/li><\/ul><\/nav><\/div>\n<h2 class=\"elementor-heading-title elementor-size-default\"><span class=\"ez-toc-section\" id=\"Legende-du-premier-cocotier-des-Tuamotu\"><\/span>Leyenda de la primera palma de coco en el Tuamotu<span class=\"ez-toc-section-end\"><\/span><\/h2>\t\t\t\t<\/div>\n\t\t\t\t<\/div>\n\t\t\t\t\t<\/div>\n\t\t<\/div>\n\t\t\t\t\t<\/div>\n\t\t<\/section>\n\t\t\t\t<section class=\"elementor-section elementor-top-section elementor-element elementor-element-bfdc638 elementor-section-boxed elementor-section-height-default elementor-section-height-default\" data-id=\"bfdc638\" data-element_type=\"section\" data-e-type=\"section\">\n\t\t\t\t\t\t<div class=\"elementor-container elementor-column-gap-default\">\n\t\t\t\t\t<div class=\"elementor-column elementor-col-100 elementor-top-column elementor-element elementor-element-2a0815a\" data-id=\"2a0815a\" data-element_type=\"column\" data-e-type=\"column\">\n\t\t\t<div class=\"elementor-widget-wrap elementor-element-populated\">\n\t\t\t\t\t\t<div class=\"elementor-element elementor-element-17d629b elementor-widget elementor-widget-text-editor\" data-id=\"17d629b\" data-element_type=\"widget\" data-e-type=\"widget\" data-widget_type=\"text-editor.default\">\n\t\t\t\t<div class=\"elementor-widget-container\">\n\t\t\t\t\t\t\t\t\t<p>Se dice que una anguila gigante llamada Faaruaianuu habita con su esposa Teipotutemarama en el valle de Vaihiria en Mataiea. Por miedo y disgusto de su marido la anguila, esta mujer decidi\u00f3 dejarlo e ir a buscar protecci\u00f3n del h\u00e9roe Maui que habitaba en la cueva de Faana en el distrito de Vairao.<\/p><p>Maui lo recibi\u00f3 diciendo: Haere mai, e tere to oe (Ven, \u00bfcu\u00e1l es el prop\u00f3sito de tu viaje?)<br \/>\u201cAroha mai oe ia&#039;u (ten piedad de m\u00ed)\u201d, respondi\u00f3 ella.<br \/>- \u00bfQu\u00e9 quieres de m\u00ed?<br \/>\u2013 Me gustar\u00eda que mataras a mi marido la anguila. \u00bb<br \/>\u201cEstoy de acuerdo\u201d, dijo Maui, \u201cpero hasta ahora ning\u00fan guerrero ha podido matar a Faaruaianuu. Tengo que encontrar una manera.<\/p><p>Despu\u00e9s de pensar, Maui le dijo a la mujer: \u201cEsto es lo que har\u00e9, cortar\u00e9 los troncos de los cocoteros para hacer un camino que permita que la anguila llegue a tierra. Mientras hablaba, la anguila apareci\u00f3 mar adentro, dirigi\u00e9ndose a tierra, seguida de enjambres de aves marinas. Maui tom\u00f3 su omore (garrote) y se fue a la playa a esperar la llegada de la anguila. .<\/p><p>\u2013 Faaruaianuu, le grit\u00f3, haere mai. \u00bb<br \/>La anguila respondi\u00f3: \u2013 \u00bfNo vino a verte mi mujer Teipotutemarama?<br \/>- S\u00ed, ella est\u00e1 aqu\u00ed.<br \/>- \u00a1Devu\u00e9lvemelo!<br \/>&quot;No te lo devolver\u00e9. Nuestras respectivas fuerzas decidir\u00e1n su destino. Ve a buscarla, est\u00e1 en mi cueva.<\/p><p>Por lo tanto, la anguila se dirigi\u00f3 hacia la cueva usando los troncos de los cocoteros colocados a trav\u00e9s de Maui como un camino. Luego golpe\u00f3 la cabeza de la anguila varias veces con su garrote. Pero imposible de superar, a\u00fan estaba llena de vida y sigui\u00f3 su camino diciendo: \u201cCu\u00eddate Maui, trata de tener \u00e9xito. \u00bb<\/p><p>Su cabeza ya estaba en la entrada de la cueva, mientras que la punta de su cola apenas sal\u00eda de la playa. Fue entonces cuando Maui record\u00f3 que en las anguilas el punto vulnerable es la cola. Luego asest\u00f3 un golpe tan tremendo en el hiu (cola de un pez) que la cola se separ\u00f3 y rebot\u00f3.<\/p><p>\u201cGanaste, Maui\u201d, grit\u00f3 la anguila, \u201cme mataste.<\/p><p>Maui luego separ\u00f3 la cabeza de la anguila del resto del cuerpo, luego hizo una canasta en la que la coloc\u00f3 y le dio el paquete a Teipotutemarama: &quot;Toma, le dijo, toma esto (taua), ll\u00e9vatelo y no lo hagas&quot;. d\u00e9jalo solo cuando llegues al lugar de donde viniste. \u00bb<\/p><p>Esta mujer, por lo tanto, sali\u00f3 cargando la cabeza de su marido, la anguila. Pero cuando lleg\u00f3 a Pani en el distrito de Vaiari (Papeari), sinti\u00e9ndose cansada, se detuvo y puso su canasta en el suelo y se ba\u00f1\u00f3 en el r\u00edo que corre all\u00ed. Pero no importaba lo fuerte que se frotara, no pod\u00eda limpiarse. Sali\u00f3 del agua y, sin pensar en su paquete, reanud\u00f3 su viaje hacia su lugar de nacimiento.<\/p><p>Al llegar a la desembocadura de un nuevo r\u00edo, se volvi\u00f3 a ba\u00f1ar y se sinti\u00f3 purificada. Es por esto que desde entonces, a este r\u00edo se le llama \u201cVaima\u201d (agua pura). Pronto lleg\u00f3 a la desembocadura de otro r\u00edo y solo all\u00ed se dio cuenta de que hab\u00eda olvidado la canasta que conten\u00eda la cabeza de su esposo. Tambi\u00e9n este r\u00edo tom\u00f3 el nombre de \u201cVaiite\u201d (el agua donde se recuerda).<\/p><p>Teipotutemarama luego volvi\u00f3 sobre sus pasos a Pani para recoger su mochila. Pero la cabeza de la anguila ya no estaba, y en su lugar solo hab\u00eda un cocotero joven. Entonces empez\u00f3 a arrepentirse de no haber seguido al pie de la letra las \u00f3rdenes de Maui, porque, dec\u00eda, si la hubiera obedecido. hoy ser\u00eda due\u00f1o de todos los cocoteros. Parti\u00f3 pero, al llegar a Mataiea, su pa\u00eds de origen, muri\u00f3 por haber quebrantado las \u00f3rdenes de Maui.<\/p><p>Sin embargo, el joven cocotero habiendo crecido, produjo dos frutos que cayeron al mar, uno era macho y el otro hembra, pero ambos eran efectivamente &quot;opaa&quot; Llevados por las olas, derivaron y as\u00ed llegaron a la Isla Anaa, en el <a href=\"https:\/\/mythslegendes.com\/es\/mitologia-tahitiana-tuamotu\/\">Tuamotu<\/a>. El macho muri\u00f3 y solo la hembra aterriz\u00f3 en la playa.<\/p><p>\u201c\u00bfQu\u00e9 es esta extra\u00f1a fruta? dijeron los habitantes de Anaa, tratemos de sembrarla; vamos a ver qu\u00e9 sale de eso. \u00bb<\/p><p>El coco germin\u00f3, dio tallo, luego hojas: creci\u00f3 y dio fruto. La gente de Anaa tom\u00f3 estos frutos y los sembr\u00f3 hasta que la isla qued\u00f3 completamente cubierta de cocoteros. Entonces tuvieron la idea de comer estos cocos y les parecieron deliciosos.<\/p><p>El cocotero se extendi\u00f3 luego a todas las islas Tuamotu y los habitantes de Anaa afirmaron que este \u00e1rbol era originario de su isla, porque no pod\u00edan saber que ven\u00eda de Vaiari y que hab\u00eda salido de la cabeza de una anguila.<\/p>\t\t\t\t\t\t\t\t<\/div>\n\t\t\t\t<\/div>\n\t\t\t\t\t<\/div>\n\t\t<\/div>\n\t\t\t\t\t<\/div>\n\t\t<\/section>\n\t\t\t\t<\/div>","protected":false},"excerpt":{"rendered":"<p>Wiki Mitolog\u00eda del viento de Tahit\u00ed Los habitantes de Anaa afirman que el primer cocotero provino de su isla. Ellos pretenden... <\/p>","protected":false},"author":1,"featured_media":0,"parent":9989,"menu_order":0,"comment_status":"closed","ping_status":"closed","template":"","meta":{"footnotes":""},"class_list":["post-23836","page","type-page","status-publish","hentry"],"amp_enabled":true,"_links":{"self":[{"href":"https:\/\/mythslegendes.com\/es\/wp-json\/wp\/v2\/pages\/23836","targetHints":{"allow":["GET"]}}],"collection":[{"href":"https:\/\/mythslegendes.com\/es\/wp-json\/wp\/v2\/pages"}],"about":[{"href":"https:\/\/mythslegendes.com\/es\/wp-json\/wp\/v2\/types\/page"}],"author":[{"embeddable":true,"href":"https:\/\/mythslegendes.com\/es\/wp-json\/wp\/v2\/users\/1"}],"replies":[{"embeddable":true,"href":"https:\/\/mythslegendes.com\/es\/wp-json\/wp\/v2\/comments?post=23836"}],"version-history":[{"count":3,"href":"https:\/\/mythslegendes.com\/es\/wp-json\/wp\/v2\/pages\/23836\/revisions"}],"predecessor-version":[{"id":23840,"href":"https:\/\/mythslegendes.com\/es\/wp-json\/wp\/v2\/pages\/23836\/revisions\/23840"}],"up":[{"embeddable":true,"href":"https:\/\/mythslegendes.com\/es\/wp-json\/wp\/v2\/pages\/9989"}],"wp:attachment":[{"href":"https:\/\/mythslegendes.com\/es\/wp-json\/wp\/v2\/media?parent=23836"}],"curies":[{"name":"wp","href":"https:\/\/api.w.org\/{rel}","templated":true}]}}