{"id":23841,"date":"2022-10-15T08:37:18","date_gmt":"2022-10-15T08:37:18","guid":{"rendered":"https:\/\/mythslegendes.com\/?page_id=23841"},"modified":"2022-10-15T08:40:29","modified_gmt":"2022-10-15T08:40:29","slug":"tatouage-et-sacrifice-humain","status":"publish","type":"page","link":"https:\/\/mythslegendes.com\/es\/mitologia-tahitiana-del-viento\/tatuaje-y-sacrificio-humano\/","title":{"rendered":"Tatuaje y sacrificio humano"},"content":{"rendered":"<div data-elementor-type=\"wp-page\" data-elementor-id=\"23841\" class=\"elementor elementor-23841\">\n\t\t\t\t\t\t<section class=\"elementor-section elementor-top-section elementor-element elementor-element-9648bb7 elementor-section-boxed elementor-section-height-default elementor-section-height-default\" data-id=\"9648bb7\" data-element_type=\"section\" data-e-type=\"section\">\n\t\t\t\t\t\t<div class=\"elementor-container elementor-column-gap-default\">\n\t\t\t\t\t<div class=\"elementor-column elementor-col-50 elementor-top-column elementor-element elementor-element-1dffd97\" data-id=\"1dffd97\" data-element_type=\"column\" data-e-type=\"column\">\n\t\t\t<div class=\"elementor-widget-wrap elementor-element-populated\">\n\t\t\t\t\t\t<div class=\"elementor-element elementor-element-00e2d28 elementor-align-justify elementor-widget elementor-widget-button\" data-id=\"00e2d28\" data-element_type=\"widget\" data-e-type=\"widget\" data-widget_type=\"button.default\">\n\t\t\t\t<div class=\"elementor-widget-container\">\n\t\t\t\t\t\t\t\t\t<div class=\"elementor-button-wrapper\">\n\t\t\t\t\t<a class=\"elementor-button elementor-button-link elementor-size-sm\" href=\"https:\/\/mythslegendes.com\/es\/mitologia-tahitiana-del-viento\/\">\n\t\t\t\t\t\t<span class=\"elementor-button-content-wrapper\">\n\t\t\t\t\t\t\t\t\t<span class=\"elementor-button-text\">Mitolog\u00eda del viento tahitiano<\/span>\n\t\t\t\t\t<\/span>\n\t\t\t\t\t<\/a>\n\t\t\t\t<\/div>\n\t\t\t\t\t\t\t\t<\/div>\n\t\t\t\t<\/div>\n\t\t\t\t\t<\/div>\n\t\t<\/div>\n\t\t\t\t<div class=\"elementor-column elementor-col-50 elementor-top-column elementor-element elementor-element-fb541fd\" data-id=\"fb541fd\" data-element_type=\"column\" data-e-type=\"column\">\n\t\t\t<div class=\"elementor-widget-wrap elementor-element-populated\">\n\t\t\t\t\t\t<div class=\"elementor-element elementor-element-d268c6b elementor-align-justify elementor-widget elementor-widget-button\" data-id=\"d268c6b\" data-element_type=\"widget\" data-e-type=\"widget\" data-widget_type=\"button.default\">\n\t\t\t\t<div class=\"elementor-widget-container\">\n\t\t\t\t\t\t\t\t\t<div class=\"elementor-button-wrapper\">\n\t\t\t\t\t<a class=\"elementor-button elementor-button-link elementor-size-sm\" href=\"https:\/\/www.tahitiheritage.pf\/legende-tatouage-sacrifices-humains\/\" target=\"_blank\" rel=\"noopener\">\n\t\t\t\t\t\t<span class=\"elementor-button-content-wrapper\">\n\t\t\t\t\t\t\t\t\t<span class=\"elementor-button-text\">Wiki<\/span>\n\t\t\t\t\t<\/span>\n\t\t\t\t\t<\/a>\n\t\t\t\t<\/div>\n\t\t\t\t\t\t\t\t<\/div>\n\t\t\t\t<\/div>\n\t\t\t\t\t<\/div>\n\t\t<\/div>\n\t\t\t\t\t<\/div>\n\t\t<\/section>\n\t\t\t\t<section class=\"elementor-section elementor-top-section elementor-element elementor-element-c7b0e2b elementor-section-boxed elementor-section-height-default elementor-section-height-default\" data-id=\"c7b0e2b\" data-element_type=\"section\" data-e-type=\"section\">\n\t\t\t\t\t\t<div class=\"elementor-container elementor-column-gap-default\">\n\t\t\t\t\t<div class=\"elementor-column elementor-col-100 elementor-top-column elementor-element elementor-element-b851566\" data-id=\"b851566\" data-element_type=\"column\" data-e-type=\"column\">\n\t\t\t<div class=\"elementor-widget-wrap elementor-element-populated\">\n\t\t\t\t\t\t<div class=\"elementor-element elementor-element-32c57e9 elementor-widget elementor-widget-text-editor\" data-id=\"32c57e9\" data-element_type=\"widget\" data-e-type=\"widget\" data-widget_type=\"text-editor.default\">\n\t\t\t\t<div class=\"elementor-widget-container\">\n\t\t\t\t\t\t\t\t\t<p>Este viejo <a href=\"https:\/\/mythslegendes.com\/es\/\">leyenda<\/a> se cantaba durante las ceremonias de tatuaje, al ritmo del mazo cayendo sobre el peine del tatuaje. Ella cuenta c\u00f3mo los dioses pusieron un tab\u00fa (prohibido) a los sacrificios humanos reemplaz\u00e1ndolos con tatuajes.<\/p><p><img decoding=\"async\" class=\"alignnone wp-image-9347 size-full\" src=\"https:\/\/mythslegendes.com\/wp-content\/uploads\/2020\/09\/cropped-AlphaOmega-e1602613368367.png\" alt=\"tatuaje y sacrificio humano\" width=\"25\" height=\"25\" title=\"\"><\/p>\t\t\t\t\t\t\t\t<\/div>\n\t\t\t\t<\/div>\n\t\t\t\t\t<\/div>\n\t\t<\/div>\n\t\t\t\t\t<\/div>\n\t\t<\/section>\n\t\t\t\t<section class=\"elementor-section elementor-top-section elementor-element elementor-element-a1ab38d elementor-section-boxed elementor-section-height-default elementor-section-height-default\" data-id=\"a1ab38d\" data-element_type=\"section\" data-e-type=\"section\">\n\t\t\t\t\t\t<div class=\"elementor-container elementor-column-gap-default\">\n\t\t\t\t\t<div class=\"elementor-column elementor-col-100 elementor-top-column elementor-element elementor-element-6ea0786\" data-id=\"6ea0786\" data-element_type=\"column\" data-e-type=\"column\">\n\t\t\t<div class=\"elementor-widget-wrap elementor-element-populated\">\n\t\t\t\t\t\t<div class=\"elementor-element elementor-element-bb19c4f elementor-widget elementor-widget-heading\" data-id=\"bb19c4f\" data-element_type=\"widget\" data-e-type=\"widget\" data-widget_type=\"heading.default\">\n\t\t\t\t<div class=\"elementor-widget-container\">\n\t\t\t\t\t<div id=\"ez-toc-container\" class=\"ez-toc-v2_0_82_2 counter-hierarchy ez-toc-counter ez-toc-grey ez-toc-container-direction\">\n<div class=\"ez-toc-title-container\">\n<p class=\"ez-toc-title\" style=\"cursor:inherit\">Contenido<\/p>\n<span class=\"ez-toc-title-toggle\"><a href=\"#\" class=\"ez-toc-pull-right ez-toc-btn ez-toc-btn-xs ez-toc-btn-default ez-toc-toggle\" aria-label=\"Alternar tabla de contenidos\"><span class=\"ez-toc-js-icon-con\"><span class=\"\"><span class=\"eztoc-hide\" style=\"display:none;\">Palanca<\/span><span class=\"ez-toc-icon-toggle-span\"><svg style=\"fill: #999;color:#999\" xmlns=\"http:\/\/www.w3.org\/2000\/svg\" class=\"list-377408\" width=\"20px\" height=\"20px\" viewbox=\"0 0 24 24\" fill=\"none\"><path d=\"M6 6H4v2h2V6zm14 0H8v2h12V6zM4 11h2v2H4v-2zm16 0H8v2h12v-2zM4 16h2v2H4v-2zm16 0H8v2h12v-2z\" fill=\"currentColor\"><\/path><\/svg><svg style=\"fill: #999;color:#999\" class=\"arrow-unsorted-368013\" xmlns=\"http:\/\/www.w3.org\/2000\/svg\" width=\"10px\" height=\"10px\" viewbox=\"0 0 24 24\" version=\"1.2\" baseprofile=\"tiny\"><path d=\"M18.2 9.3l-6.2-6.3-6.2 6.3c-.2.2-.3.4-.3.7s.1.5.3.7c.2.2.4.3.7.3h11c.3 0 .5-.1.7-.3.2-.2.3-.5.3-.7s-.1-.5-.3-.7zM5.8 14.7l6.2 6.3 6.2-6.3c.2-.2.3-.5.3-.7s-.1-.5-.3-.7c-.2-.2-.4-.3-.7-.3h-11c-.3 0-.5.1-.7.3-.2.2-.3.5-.3.7s.1.5.3.7z\"\/><\/svg><\/span><\/span><\/span><\/a><\/span><\/div>\n<nav><ul class='ez-toc-list ez-toc-list-level-1' ><li class='ez-toc-page-1 ez-toc-heading-level-2'><a class=\"ez-toc-link ez-toc-heading-1\" href=\"https:\/\/mythslegendes.com\/es\/mitologia-tahitiana-del-viento\/tatuaje-y-sacrificio-humano\/#Lhistoire-du-tatouage-et-du-sacrifice-humain\" >La historia del tatuaje y el sacrificio humano.<\/a><\/li><\/ul><\/nav><\/div>\n<h2 class=\"elementor-heading-title elementor-size-default\"><span class=\"ez-toc-section\" id=\"Lhistoire-du-tatouage-et-du-sacrifice-humain\"><\/span>La historia del tatuaje y el sacrificio humano.<span class=\"ez-toc-section-end\"><\/span><\/h2>\t\t\t\t<\/div>\n\t\t\t\t<\/div>\n\t\t\t\t\t<\/div>\n\t\t<\/div>\n\t\t\t\t\t<\/div>\n\t\t<\/section>\n\t\t\t\t<section class=\"elementor-section elementor-top-section elementor-element elementor-element-50e4f22 elementor-section-boxed elementor-section-height-default elementor-section-height-default\" data-id=\"50e4f22\" data-element_type=\"section\" data-e-type=\"section\">\n\t\t\t\t\t\t<div class=\"elementor-container elementor-column-gap-default\">\n\t\t\t\t\t<div class=\"elementor-column elementor-col-100 elementor-top-column elementor-element elementor-element-fd8f60a\" data-id=\"fd8f60a\" data-element_type=\"column\" data-e-type=\"column\">\n\t\t\t<div class=\"elementor-widget-wrap elementor-element-populated\">\n\t\t\t\t\t\t<div class=\"elementor-element elementor-element-e7af231 elementor-widget elementor-widget-text-editor\" data-id=\"e7af231\" data-element_type=\"widget\" data-e-type=\"widget\" data-widget_type=\"text-editor.default\">\n\t\t\t\t<div class=\"elementor-widget-container\">\n\t\t\t\t\t\t\t\t\t<p>En los tiempos m\u00e1s remotos los dioses viv\u00edan en la tierra en medio de los humanos. Un d\u00eda, decidieron irse a vivir al cielo. Los hombres se agitaron, gritaron, aullaron, lloraron y finalmente dijeron a los dioses:<\/p><p>\u2013 No nos dejes, \u00bfc\u00f3mo podr\u00edamos vivir sin ti?<br \/>- Miedo a nada ! respondieron Cuando quieras llamarnos, que hable tu sangre. \u00a1Bastar\u00e1n unas pocas gotas a la hora de pronunciar nuestros nombres!<\/p><p>Con esta promesa, los Dioses se fueron a los cielos, dejando a los humanos vivir sus vidas en la Tierra, \u00a1que es tan hermosa!<\/p><p>Por desgracia, muy pronto los hombres se enfrentaron a demasiados problemas que no pod\u00edan resolver y empezaron a discutir. Era como si ya no hablaran el mismo idioma. Se hab\u00edan convertido en extra\u00f1os el uno para el otro y eso amplific\u00f3 su ira.<\/p><p>Mucho tiempo despu\u00e9s, mientras los conflictos entre ellos crec\u00edan y se multiplicaban, estos hombres que buscaban respuestas a sus interrogantes recordaron el pacto hecho con los Dioses. Para recordarles, en toda la Tierra se hac\u00edan sacrificios humanos, implorando a los Dioses que les dieran m\u00e1s vida, m\u00e1s fuerza, m\u00e1s poderes.<\/p><p>R\u00edos de sangre flu\u00edan sobre las piedras de sacrificio del marae, enrojeciendo la tierra. Al mismo tiempo, los nombres de cada uno de los Dioses resonaban en estas s\u00faplicas que sub\u00edan al cielo.<\/p><p>Ante tanta violencia y exceso, este \u00faltimo descendi\u00f3 r\u00e1pidamente a la Tierra para tranquilizar a los humanos.<\/p><p>De vuelta entre los hombres, sus voces atronaron como ning\u00fan sonido lo hab\u00eda hecho en el pasado: \u00a1Basta de estas masacres! \u00a1Tus s\u00faplicas y unas gotas de sangre son suficientes para hacerte o\u00edr!<\/p><p>Sus palabras resonaron por mucho tiempo en la Tierra y se decret\u00f3 un poderoso tapu (prohibici\u00f3n) sobre los sacrificios humanos.<\/p><p>Habiendo instituido esta prohibici\u00f3n inviolable, los Dioses concedieron a los hombres su perd\u00f3n y respondieron a sus oraciones. Luego volvieron, acompa\u00f1ados de alabanzas y ofrendas, en el firmamento.<\/p><p>Fue en ese momento que una larga y ahogada queja comenz\u00f3 a elevarse hacia los dioses: los animales exig\u00edan justicia a sus dioses tutelares. As\u00ed que regresaron a la Tierra.<\/p><p>Cuando vieron la carnicer\u00eda, su ira fue aterradora: los hombres hab\u00edan masacrado a casi todo el mundo animal. El cielo, las aguas de los mares y la superficie de la Tierra parec\u00edan un desierto. Reunieron a todos los humanos de todas las islas y renovaron la alianza, el pacto de sangre:<\/p><p>Cualquier hombre que derrame unas gotas de su sangre implor\u00e1ndonos, ese ser\u00e1 escuchado.<\/p><p>Desde entonces, cada vez que un humano se tat\u00faa, le gotea sangre en la piel, los Dioses se le acercan para escuchar su oraci\u00f3n.<\/p>\t\t\t\t\t\t\t\t<\/div>\n\t\t\t\t<\/div>\n\t\t\t\t\t<\/div>\n\t\t<\/div>\n\t\t\t\t\t<\/div>\n\t\t<\/section>\n\t\t\t\t<\/div>","protected":false},"excerpt":{"rendered":"<p>Wiki Mitolog\u00eda del Viento de Tahit\u00ed Esta antigua leyenda se cantaba durante las ceremonias de tatuajes, al ritmo de la ca\u00edda del mazo\u2026 <\/p>","protected":false},"author":1,"featured_media":0,"parent":9989,"menu_order":0,"comment_status":"closed","ping_status":"closed","template":"","meta":{"footnotes":""},"class_list":["post-23841","page","type-page","status-publish","hentry"],"amp_enabled":true,"_links":{"self":[{"href":"https:\/\/mythslegendes.com\/es\/wp-json\/wp\/v2\/pages\/23841","targetHints":{"allow":["GET"]}}],"collection":[{"href":"https:\/\/mythslegendes.com\/es\/wp-json\/wp\/v2\/pages"}],"about":[{"href":"https:\/\/mythslegendes.com\/es\/wp-json\/wp\/v2\/types\/page"}],"author":[{"embeddable":true,"href":"https:\/\/mythslegendes.com\/es\/wp-json\/wp\/v2\/users\/1"}],"replies":[{"embeddable":true,"href":"https:\/\/mythslegendes.com\/es\/wp-json\/wp\/v2\/comments?post=23841"}],"version-history":[{"count":3,"href":"https:\/\/mythslegendes.com\/es\/wp-json\/wp\/v2\/pages\/23841\/revisions"}],"predecessor-version":[{"id":23845,"href":"https:\/\/mythslegendes.com\/es\/wp-json\/wp\/v2\/pages\/23841\/revisions\/23845"}],"up":[{"embeddable":true,"href":"https:\/\/mythslegendes.com\/es\/wp-json\/wp\/v2\/pages\/9989"}],"wp:attachment":[{"href":"https:\/\/mythslegendes.com\/es\/wp-json\/wp\/v2\/media?parent=23841"}],"curies":[{"name":"wp","href":"https:\/\/api.w.org\/{rel}","templated":true}]}}