{"id":23854,"date":"2022-10-15T08:45:47","date_gmt":"2022-10-15T08:45:47","guid":{"rendered":"https:\/\/mythslegendes.com\/?page_id=23854"},"modified":"2022-10-15T08:49:09","modified_gmt":"2022-10-15T08:49:09","slug":"tu-et-ata","status":"publish","type":"page","link":"https:\/\/mythslegendes.com\/es\/mitologia-tahitiana-del-viento\/tu-et-ata\/","title":{"rendered":"tu y ata"},"content":{"rendered":"<div data-elementor-type=\"wp-page\" data-elementor-id=\"23854\" class=\"elementor elementor-23854\">\n\t\t\t\t\t\t<section class=\"elementor-section elementor-top-section elementor-element elementor-element-b39197b elementor-section-boxed elementor-section-height-default elementor-section-height-default\" data-id=\"b39197b\" data-element_type=\"section\" data-e-type=\"section\">\n\t\t\t\t\t\t<div class=\"elementor-container elementor-column-gap-default\">\n\t\t\t\t\t<div class=\"elementor-column elementor-col-50 elementor-top-column elementor-element elementor-element-4970c1e\" data-id=\"4970c1e\" data-element_type=\"column\" data-e-type=\"column\">\n\t\t\t<div class=\"elementor-widget-wrap elementor-element-populated\">\n\t\t\t\t\t\t<div class=\"elementor-element elementor-element-eeb31b1 elementor-align-justify elementor-widget elementor-widget-button\" data-id=\"eeb31b1\" data-element_type=\"widget\" data-e-type=\"widget\" data-widget_type=\"button.default\">\n\t\t\t\t<div class=\"elementor-widget-container\">\n\t\t\t\t\t\t\t\t\t<div class=\"elementor-button-wrapper\">\n\t\t\t\t\t<a class=\"elementor-button elementor-button-link elementor-size-sm\" href=\"https:\/\/mythslegendes.com\/es\/mitologia-tahitiana-del-viento\/\">\n\t\t\t\t\t\t<span class=\"elementor-button-content-wrapper\">\n\t\t\t\t\t\t\t\t\t<span class=\"elementor-button-text\">Mitolog\u00eda del viento tahitiano<\/span>\n\t\t\t\t\t<\/span>\n\t\t\t\t\t<\/a>\n\t\t\t\t<\/div>\n\t\t\t\t\t\t\t\t<\/div>\n\t\t\t\t<\/div>\n\t\t\t\t\t<\/div>\n\t\t<\/div>\n\t\t\t\t<div class=\"elementor-column elementor-col-50 elementor-top-column elementor-element elementor-element-e0707bc\" data-id=\"e0707bc\" data-element_type=\"column\" data-e-type=\"column\">\n\t\t\t<div class=\"elementor-widget-wrap elementor-element-populated\">\n\t\t\t\t\t\t<div class=\"elementor-element elementor-element-e32c12d elementor-align-justify elementor-widget elementor-widget-button\" data-id=\"e32c12d\" data-element_type=\"widget\" data-e-type=\"widget\" data-widget_type=\"button.default\">\n\t\t\t\t<div class=\"elementor-widget-container\">\n\t\t\t\t\t\t\t\t\t<div class=\"elementor-button-wrapper\">\n\t\t\t\t\t<a class=\"elementor-button elementor-button-link elementor-size-sm\" href=\"https:\/\/www.tahitiheritage.pf\/legende-jumeaux-rosee-faaa\/\" target=\"_blank\" rel=\"noopener\">\n\t\t\t\t\t\t<span class=\"elementor-button-content-wrapper\">\n\t\t\t\t\t\t\t\t\t<span class=\"elementor-button-text\">Wiki<\/span>\n\t\t\t\t\t<\/span>\n\t\t\t\t\t<\/a>\n\t\t\t\t<\/div>\n\t\t\t\t\t\t\t\t<\/div>\n\t\t\t\t<\/div>\n\t\t\t\t\t<\/div>\n\t\t<\/div>\n\t\t\t\t\t<\/div>\n\t\t<\/section>\n\t\t\t\t<section class=\"elementor-section elementor-top-section elementor-element elementor-element-1aa41e7 elementor-section-boxed elementor-section-height-default elementor-section-height-default\" data-id=\"1aa41e7\" data-element_type=\"section\" data-e-type=\"section\">\n\t\t\t\t\t\t<div class=\"elementor-container elementor-column-gap-default\">\n\t\t\t\t\t<div class=\"elementor-column elementor-col-100 elementor-top-column elementor-element elementor-element-96ad1c9\" data-id=\"96ad1c9\" data-element_type=\"column\" data-e-type=\"column\">\n\t\t\t<div class=\"elementor-widget-wrap elementor-element-populated\">\n\t\t\t\t\t\t<div class=\"elementor-element elementor-element-4e6cebc elementor-widget elementor-widget-text-editor\" data-id=\"4e6cebc\" data-element_type=\"widget\" data-e-type=\"widget\" data-widget_type=\"text-editor.default\">\n\t\t\t\t<div class=\"elementor-widget-container\">\n\t\t\t\t\t\t\t\t\t<p>los <a href=\"https:\/\/mythslegendes.com\/es\/\">leyenda<\/a> <a href=\"https:\/\/mythslegendes.com\/es\/mitologia-tahitiana-del-viento\/\">tahitiano<\/a> des jumeaux raconte l\u2019histoire de deux fr\u00e8res Tu et Ata, originaires des Iles sous le vent, qui se sont rendus \u00e0 Faa\u2019a pour v\u00e9rifier si la ros\u00e9e de <a href=\"https:\/\/mythslegendes.com\/es\/mitologia-tahitiana-del-viento\/\">Tahit\u00ed<\/a> \u00e9tait vraiment glaciale, comme on le racontait.<\/p><p><img decoding=\"async\" class=\"alignnone wp-image-9347 size-full\" src=\"https:\/\/mythslegendes.com\/wp-content\/uploads\/2020\/09\/cropped-AlphaOmega-e1602613368367.png\" alt=\"tu y ata\" width=\"25\" height=\"25\" title=\"\"><\/p>\t\t\t\t\t\t\t\t<\/div>\n\t\t\t\t<\/div>\n\t\t\t\t\t<\/div>\n\t\t<\/div>\n\t\t\t\t\t<\/div>\n\t\t<\/section>\n\t\t\t\t<section class=\"elementor-section elementor-top-section elementor-element elementor-element-06e09a4 elementor-section-boxed elementor-section-height-default elementor-section-height-default\" data-id=\"06e09a4\" data-element_type=\"section\" data-e-type=\"section\">\n\t\t\t\t\t\t<div class=\"elementor-container elementor-column-gap-default\">\n\t\t\t\t\t<div class=\"elementor-column elementor-col-100 elementor-top-column elementor-element elementor-element-9792bdf\" data-id=\"9792bdf\" data-element_type=\"column\" data-e-type=\"column\">\n\t\t\t<div class=\"elementor-widget-wrap elementor-element-populated\">\n\t\t\t\t\t\t<div class=\"elementor-element elementor-element-cd79e0a elementor-widget elementor-widget-heading\" data-id=\"cd79e0a\" data-element_type=\"widget\" data-e-type=\"widget\" data-widget_type=\"heading.default\">\n\t\t\t\t<div class=\"elementor-widget-container\">\n\t\t\t\t\t<div id=\"ez-toc-container\" class=\"ez-toc-v2_0_82_2 counter-hierarchy ez-toc-counter ez-toc-grey ez-toc-container-direction\">\n<div class=\"ez-toc-title-container\">\n<p class=\"ez-toc-title\" style=\"cursor:inherit\">Contenido<\/p>\n<span class=\"ez-toc-title-toggle\"><a href=\"#\" class=\"ez-toc-pull-right ez-toc-btn ez-toc-btn-xs ez-toc-btn-default ez-toc-toggle\" aria-label=\"Alternar tabla de contenidos\"><span class=\"ez-toc-js-icon-con\"><span class=\"\"><span class=\"eztoc-hide\" style=\"display:none;\">Palanca<\/span><span class=\"ez-toc-icon-toggle-span\"><svg style=\"fill: #999;color:#999\" xmlns=\"http:\/\/www.w3.org\/2000\/svg\" class=\"list-377408\" width=\"20px\" height=\"20px\" viewbox=\"0 0 24 24\" fill=\"none\"><path d=\"M6 6H4v2h2V6zm14 0H8v2h12V6zM4 11h2v2H4v-2zm16 0H8v2h12v-2zM4 16h2v2H4v-2zm16 0H8v2h12v-2z\" fill=\"currentColor\"><\/path><\/svg><svg style=\"fill: #999;color:#999\" class=\"arrow-unsorted-368013\" xmlns=\"http:\/\/www.w3.org\/2000\/svg\" width=\"10px\" height=\"10px\" viewbox=\"0 0 24 24\" version=\"1.2\" baseprofile=\"tiny\"><path d=\"M18.2 9.3l-6.2-6.3-6.2 6.3c-.2.2-.3.4-.3.7s.1.5.3.7c.2.2.4.3.7.3h11c.3 0 .5-.1.7-.3.2-.2.3-.5.3-.7s-.1-.5-.3-.7zM5.8 14.7l6.2 6.3 6.2-6.3c.2-.2.3-.5.3-.7s-.1-.5-.3-.7c-.2-.2-.4-.3-.7-.3h-11c-.3 0-.5.1-.7.3-.2.2-.3.5-.3.7s.1.5.3.7z\"\/><\/svg><\/span><\/span><\/span><\/a><\/span><\/div>\n<nav><ul class='ez-toc-list ez-toc-list-level-1' ><li class='ez-toc-page-1 ez-toc-heading-level-2'><a class=\"ez-toc-link ez-toc-heading-1\" href=\"https:\/\/mythslegendes.com\/es\/mitologia-tahitiana-del-viento\/tu-et-ata\/#Tu-et-Ata-la-legende-de-la-rosee\" >Tu et Ata, la l\u00e9gende de la ros\u00e9e<\/a><\/li><\/ul><\/nav><\/div>\n<h2 class=\"elementor-heading-title elementor-size-default\"><span class=\"ez-toc-section\" id=\"Tu-et-Ata-la-legende-de-la-rosee\"><\/span>Tu et Ata, la l\u00e9gende de la ros\u00e9e<span class=\"ez-toc-section-end\"><\/span><\/h2>\t\t\t\t<\/div>\n\t\t\t\t<\/div>\n\t\t\t\t\t<\/div>\n\t\t<\/div>\n\t\t\t\t\t<\/div>\n\t\t<\/section>\n\t\t\t\t<section class=\"elementor-section elementor-top-section elementor-element elementor-element-5540dff elementor-section-boxed elementor-section-height-default elementor-section-height-default\" data-id=\"5540dff\" data-element_type=\"section\" data-e-type=\"section\">\n\t\t\t\t\t\t<div class=\"elementor-container elementor-column-gap-default\">\n\t\t\t\t\t<div class=\"elementor-column elementor-col-100 elementor-top-column elementor-element elementor-element-d25f73c\" data-id=\"d25f73c\" data-element_type=\"column\" data-e-type=\"column\">\n\t\t\t<div class=\"elementor-widget-wrap elementor-element-populated\">\n\t\t\t\t\t\t<div class=\"elementor-element elementor-element-50ca2fc elementor-widget elementor-widget-text-editor\" data-id=\"50ca2fc\" data-element_type=\"widget\" data-e-type=\"widget\" data-widget_type=\"text-editor.default\">\n\t\t\t\t<div class=\"elementor-widget-container\">\n\t\t\t\t\t\t\t\t\t<p>Jadis, la renomm\u00e9e de Tahiti Nui Marearea s\u2019\u00e9tait r\u00e9pandue jusqu\u2019aux \u00eeles sous-le-vent, tout sp\u00e9cialement \u00e0 Havai ancien nom de <a href=\"https:\/\/mythslegendes.com\/es\/mitologia-tahitiana-sotavento\/\">Raiatea<\/a>. Selon les dires, la ros\u00e9e de Tahiti \u00e9tait v\u00e9ritablement glaciale, chose qui est parvenue jusqu\u2019aux oreilles des jumeaux Ata et Tu. Or, face au scepticisme des gens, ils d\u00e9cid\u00e8rent de faire la travers\u00e9e pour se rendre compte personnellement de la v\u00e9racit\u00e9 des faits !<\/p><p>Lorsqu\u2019ils furent pr\u00eats et leur plan bien \u00e9tabli, ils embarqu\u00e8rent sur leur pirogue et vogu\u00e8rent sur l\u2019oc\u00e9an Te Moana uriuri, te moana o <a href=\"https:\/\/mythslegendes.com\/es\/mitologia-tahitiana-marquesas\/\">Hiva<\/a>.<\/p><p>Lorsqu\u2019ils accost\u00e8rent \u00e0 Tahiti, ils projet\u00e8rent de faire le tour de Tahiti avant d\u2019arriver \u00e0 Tetaha, l\u2019ancien nom de Faa\u2019a. Sur leur chemin, ils ont parcouru Te Oropa\u2019a, Teva i Uta, Teva i Tai, Teaharoa, Haururu, Mahina, Te pori\u00f4 Nuu jusqu\u2019\u00e0 Tefana i ahurai. Ils sont entr\u00e9s par la passe Veo, et ont accost\u00e9 \u00e0 Fanatea \u00e0 la pointe de Tata\u2019a lieu d\u2019envol des \u00e2mes des d\u00e9funts.<\/p><p>Ils amarr\u00e8rent leur pirogue sur la plage de sable, puis grimp\u00e8rent la colline et se rendirent au fin fond de la vall\u00e9e de Piafau, ils parvinrent enfin \u00e0 Teroma, de l\u2019autre c\u00f4t\u00e9 de la rivi\u00e8re se trouve un marae dont le nom est Teapata, la terre sur laquelle est \u00e9rig\u00e9e ce marae qui porte le m\u00eame nom, adjacente \u00e0 celle-\u00e7i se trouve la terre Te Momea.<\/p><p>Le marae est situ\u00e9 du c\u00f4t\u00e9 couchant par rapport \u00e0 la cr\u00eate. Selon les anc\u00eatres ce sont les jumeaux qui ont \u00e9rig\u00e9 ce marae, dont l\u2019apparence est semblable \u00e0 celle d\u2019une pirogue double.<\/p><p>Ils y s\u00e9journ\u00e8rent pendant longtemps et donn\u00e8rent au sommet de cette montagne le nom de Tapioi, sans doute en souvenir du lieu d\u2019o\u00f9 ils proviennent.<\/p><p>Beaucoup de temps pass\u00e8rent, ils continu\u00e8rent leur chemin \u00e0 la recherche de la ros\u00e9e glaciale, ils se confin\u00e8rent \u00e0 marcher sur les cr\u00eates jusqu\u2019\u00e0 Hauiti. La tomb\u00e9e de la nuit approchant, et le soleil d\u00e9clinant, ils mont\u00e8rent un abri pour se reposer.<\/p><p>Le soir la ros\u00e9e s\u2019est d\u00e9pos\u00e9e, la ros\u00e9e glaciale de Oromatai, leur sommeil fut perturb\u00e9, ils se mirent \u00e0 se retourner sur eux-m\u00eames, ils se serr\u00e8rent c\u00f4te \u00e0 c\u00f4te pour se r\u00e9chauffer, mais en vain car le froid devenait de plus en plus insupportable.<\/p><p>L\u2019un deux eut l\u2019id\u00e9e d\u2019organiser un jeu de lutte entre eux afin qu\u2019ils se r\u00e9chauffent tout en simulant. Tout au d\u00e9but, tous se passa bien, cependant au fur et \u00e0 mesure que les coups devenaient de plus en plus forts, le jeu se changea en vrai combat. Les moments de r\u00e9pit \u00e9taient rares apr\u00e8s quoi ils reprenaient de plus belle.<\/p><p>Cet endroit fut appel\u00e9 Hauiti (peu de r\u00e9pits), ils roul\u00e8rent sur les gravillons, ce lieu re\u00e7u le nom de Tuairiiri, ils descendirent plus bas tout en courant, le lieu re\u00e7u le nom de Tehorohoro. Ils s\u2019\u00e9chang\u00e8rent des coups, l\u2019un eu un \u0153il au beurre noir, le fut appel\u00e9 Mataereere, jusqu\u2019\u00e0 nos jours.<\/p><p>Ils succomb\u00e8rent finalement aux fins fonds de la vall\u00e9e surnomm\u00e9e jadis la vall\u00e9e de Ataaroa, c\u2019est l\u2019odeur naus\u00e9abonde de leurs cadavres qui s\u2019\u00e9taient mis \u00e0 se d\u00e9composer et \u00e0 s\u2019\u00e9couler dans la rivi\u00e8re qui indiqua aux habitants de Tefana que les deux h\u00e9ros venus de Raromatai avaient perdu la vie. La rivi\u00e8re fut surnomm\u00e9e Vaihaua (eau qui sent) devenue Papehaua de nos jours, et Hauiti est devenu depuis le symbole du deuil, la montagne du deuil, un signe \u00e9ternel pour tous les habitants originaires de Tefana.<\/p><p>Quant aux \u00e2mes des jumeaux, elles se sont envol\u00e9es vers la pointe de Tataa et de l\u00e0 sont retourn\u00e9es dans les t\u00e9n\u00e8bres de Havai \u00e0 Rohotu Noanoa, leur lieu de d\u00e9part.<\/p>\t\t\t\t\t\t\t\t<\/div>\n\t\t\t\t<\/div>\n\t\t\t\t\t<\/div>\n\t\t<\/div>\n\t\t\t\t\t<\/div>\n\t\t<\/section>\n\t\t\t\t<\/div>","protected":false},"excerpt":{"rendered":"<p>Mitolog\u00eda tahitiana del viento Wiki La leyenda tahitiana de los gemelos cuenta la historia de dos hermanos Tu y Ata, originarios de\u2026 <\/p>","protected":false},"author":1,"featured_media":0,"parent":9989,"menu_order":0,"comment_status":"closed","ping_status":"closed","template":"","meta":{"footnotes":""},"class_list":["post-23854","page","type-page","status-publish","hentry"],"amp_enabled":true,"_links":{"self":[{"href":"https:\/\/mythslegendes.com\/es\/wp-json\/wp\/v2\/pages\/23854","targetHints":{"allow":["GET"]}}],"collection":[{"href":"https:\/\/mythslegendes.com\/es\/wp-json\/wp\/v2\/pages"}],"about":[{"href":"https:\/\/mythslegendes.com\/es\/wp-json\/wp\/v2\/types\/page"}],"author":[{"embeddable":true,"href":"https:\/\/mythslegendes.com\/es\/wp-json\/wp\/v2\/users\/1"}],"replies":[{"embeddable":true,"href":"https:\/\/mythslegendes.com\/es\/wp-json\/wp\/v2\/comments?post=23854"}],"version-history":[{"count":3,"href":"https:\/\/mythslegendes.com\/es\/wp-json\/wp\/v2\/pages\/23854\/revisions"}],"predecessor-version":[{"id":23858,"href":"https:\/\/mythslegendes.com\/es\/wp-json\/wp\/v2\/pages\/23854\/revisions\/23858"}],"up":[{"embeddable":true,"href":"https:\/\/mythslegendes.com\/es\/wp-json\/wp\/v2\/pages\/9989"}],"wp:attachment":[{"href":"https:\/\/mythslegendes.com\/es\/wp-json\/wp\/v2\/media?parent=23854"}],"curies":[{"name":"wp","href":"https:\/\/api.w.org\/{rel}","templated":true}]}}