{"id":23859,"date":"2022-10-15T08:49:53","date_gmt":"2022-10-15T08:49:53","guid":{"rendered":"https:\/\/mythslegendes.com\/?page_id=23859"},"modified":"2022-10-15T08:53:21","modified_gmt":"2022-10-15T08:53:21","slug":"naissance-de-honoura","status":"publish","type":"page","link":"https:\/\/mythslegendes.com\/es\/mitologia-tahitiana-del-viento\/nacimiento-de-honoura\/","title":{"rendered":"Nacimiento de Honora"},"content":{"rendered":"<div data-elementor-type=\"wp-page\" data-elementor-id=\"23859\" class=\"elementor elementor-23859\">\n\t\t\t\t\t\t<section class=\"elementor-section elementor-top-section elementor-element elementor-element-bad1271 elementor-section-boxed elementor-section-height-default elementor-section-height-default\" data-id=\"bad1271\" data-element_type=\"section\" data-e-type=\"section\">\n\t\t\t\t\t\t<div class=\"elementor-container elementor-column-gap-default\">\n\t\t\t\t\t<div class=\"elementor-column elementor-col-50 elementor-top-column elementor-element elementor-element-71af2d3\" data-id=\"71af2d3\" data-element_type=\"column\" data-e-type=\"column\">\n\t\t\t<div class=\"elementor-widget-wrap elementor-element-populated\">\n\t\t\t\t\t\t<div class=\"elementor-element elementor-element-9014de3 elementor-align-justify elementor-widget elementor-widget-button\" data-id=\"9014de3\" data-element_type=\"widget\" data-e-type=\"widget\" data-widget_type=\"button.default\">\n\t\t\t\t<div class=\"elementor-widget-container\">\n\t\t\t\t\t\t\t\t\t<div class=\"elementor-button-wrapper\">\n\t\t\t\t\t<a class=\"elementor-button elementor-button-link elementor-size-sm\" href=\"https:\/\/mythslegendes.com\/es\/mitologia-tahitiana-del-viento\/\">\n\t\t\t\t\t\t<span class=\"elementor-button-content-wrapper\">\n\t\t\t\t\t\t\t\t\t<span class=\"elementor-button-text\">Mitolog\u00eda del viento tahitiano<\/span>\n\t\t\t\t\t<\/span>\n\t\t\t\t\t<\/a>\n\t\t\t\t<\/div>\n\t\t\t\t\t\t\t\t<\/div>\n\t\t\t\t<\/div>\n\t\t\t\t\t<\/div>\n\t\t<\/div>\n\t\t\t\t<div class=\"elementor-column elementor-col-50 elementor-top-column elementor-element elementor-element-5dbec59\" data-id=\"5dbec59\" data-element_type=\"column\" data-e-type=\"column\">\n\t\t\t<div class=\"elementor-widget-wrap elementor-element-populated\">\n\t\t\t\t\t\t<div class=\"elementor-element elementor-element-fea82b1 elementor-align-justify elementor-widget elementor-widget-button\" data-id=\"fea82b1\" data-element_type=\"widget\" data-e-type=\"widget\" data-widget_type=\"button.default\">\n\t\t\t\t<div class=\"elementor-widget-container\">\n\t\t\t\t\t\t\t\t\t<div class=\"elementor-button-wrapper\">\n\t\t\t\t\t<a class=\"elementor-button elementor-button-link elementor-size-sm\" href=\"https:\/\/www.tahitiheritage.pf\/naissance-de-honoura-tautira\/\" target=\"_blank\" rel=\"noopener\">\n\t\t\t\t\t\t<span class=\"elementor-button-content-wrapper\">\n\t\t\t\t\t\t\t\t\t<span class=\"elementor-button-text\">Wiki<\/span>\n\t\t\t\t\t<\/span>\n\t\t\t\t\t<\/a>\n\t\t\t\t<\/div>\n\t\t\t\t\t\t\t\t<\/div>\n\t\t\t\t<\/div>\n\t\t\t\t\t<\/div>\n\t\t<\/div>\n\t\t\t\t\t<\/div>\n\t\t<\/section>\n\t\t\t\t<section class=\"elementor-section elementor-top-section elementor-element elementor-element-e0bd586 elementor-section-boxed elementor-section-height-default elementor-section-height-default\" data-id=\"e0bd586\" data-element_type=\"section\" data-e-type=\"section\">\n\t\t\t\t\t\t<div class=\"elementor-container elementor-column-gap-default\">\n\t\t\t\t\t<div class=\"elementor-column elementor-col-100 elementor-top-column elementor-element elementor-element-f706e07\" data-id=\"f706e07\" data-element_type=\"column\" data-e-type=\"column\">\n\t\t\t<div class=\"elementor-widget-wrap elementor-element-populated\">\n\t\t\t\t\t\t<div class=\"elementor-element elementor-element-bfb669c elementor-widget elementor-widget-text-editor\" data-id=\"bfb669c\" data-element_type=\"widget\" data-e-type=\"widget\" data-widget_type=\"text-editor.default\">\n\t\t\t\t<div class=\"elementor-widget-container\">\n\t\t\t\t\t\t\t\t\t<p>Honora, o Honokura, es una hero\u00edna legendaria de <a href=\"https:\/\/mythslegendes.com\/es\/mitologia-tahitiana-del-viento\/\">Tahit\u00ed<\/a>, desde <a href=\"https:\/\/mythslegendes.com\/es\/mitologia-tahitiana-tuamotu\/\">Tuamotu<\/a> y <a href=\"https:\/\/mythslegendes.com\/es\/cocinera-mitologia\/\">Rarotonga<\/a>. Era un gigante de gran fuerza que pod\u00eda alargarse y encogerse a voluntad y que viv\u00eda en una cueva en Tautira antes de vagar por los Tuamotus.<\/p><p><img decoding=\"async\" class=\"alignnone wp-image-9347 size-full\" src=\"https:\/\/mythslegendes.com\/wp-content\/uploads\/2020\/09\/cropped-AlphaOmega-e1602613368367.png\" alt=\"honora\" width=\"25\" height=\"25\" title=\"\"><\/p>\t\t\t\t\t\t\t\t<\/div>\n\t\t\t\t<\/div>\n\t\t\t\t\t<\/div>\n\t\t<\/div>\n\t\t\t\t\t<\/div>\n\t\t<\/section>\n\t\t\t\t<section class=\"elementor-section elementor-top-section elementor-element elementor-element-2d5834e elementor-section-boxed elementor-section-height-default elementor-section-height-default\" data-id=\"2d5834e\" data-element_type=\"section\" data-e-type=\"section\">\n\t\t\t\t\t\t<div class=\"elementor-container elementor-column-gap-default\">\n\t\t\t\t\t<div class=\"elementor-column elementor-col-100 elementor-top-column elementor-element elementor-element-3f6cc9e\" data-id=\"3f6cc9e\" data-element_type=\"column\" data-e-type=\"column\">\n\t\t\t<div class=\"elementor-widget-wrap elementor-element-populated\">\n\t\t\t\t\t\t<div class=\"elementor-element elementor-element-64d13fd elementor-widget elementor-widget-heading\" data-id=\"64d13fd\" data-element_type=\"widget\" data-e-type=\"widget\" data-widget_type=\"heading.default\">\n\t\t\t\t<div class=\"elementor-widget-container\">\n\t\t\t\t\t<div id=\"ez-toc-container\" class=\"ez-toc-v2_0_82_2 counter-hierarchy ez-toc-counter ez-toc-grey ez-toc-container-direction\">\n<div class=\"ez-toc-title-container\">\n<p class=\"ez-toc-title\" style=\"cursor:inherit\">Contenido<\/p>\n<span class=\"ez-toc-title-toggle\"><a href=\"#\" class=\"ez-toc-pull-right ez-toc-btn ez-toc-btn-xs ez-toc-btn-default ez-toc-toggle\" aria-label=\"Alternar tabla de contenidos\"><span class=\"ez-toc-js-icon-con\"><span class=\"\"><span class=\"eztoc-hide\" style=\"display:none;\">Palanca<\/span><span class=\"ez-toc-icon-toggle-span\"><svg style=\"fill: #999;color:#999\" xmlns=\"http:\/\/www.w3.org\/2000\/svg\" class=\"list-377408\" width=\"20px\" height=\"20px\" viewbox=\"0 0 24 24\" fill=\"none\"><path d=\"M6 6H4v2h2V6zm14 0H8v2h12V6zM4 11h2v2H4v-2zm16 0H8v2h12v-2zM4 16h2v2H4v-2zm16 0H8v2h12v-2z\" fill=\"currentColor\"><\/path><\/svg><svg style=\"fill: #999;color:#999\" class=\"arrow-unsorted-368013\" xmlns=\"http:\/\/www.w3.org\/2000\/svg\" width=\"10px\" height=\"10px\" viewbox=\"0 0 24 24\" version=\"1.2\" baseprofile=\"tiny\"><path d=\"M18.2 9.3l-6.2-6.3-6.2 6.3c-.2.2-.3.4-.3.7s.1.5.3.7c.2.2.4.3.7.3h11c.3 0 .5-.1.7-.3.2-.2.3-.5.3-.7s-.1-.5-.3-.7zM5.8 14.7l6.2 6.3 6.2-6.3c.2-.2.3-.5.3-.7s-.1-.5-.3-.7c-.2-.2-.4-.3-.7-.3h-11c-.3 0-.5.1-.7.3-.2.2-.3.5-.3.7s.1.5.3.7z\"\/><\/svg><\/span><\/span><\/span><\/a><\/span><\/div>\n<nav><ul class='ez-toc-list ez-toc-list-level-1' ><li class='ez-toc-page-1 ez-toc-heading-level-2'><a class=\"ez-toc-link ez-toc-heading-1\" href=\"https:\/\/mythslegendes.com\/es\/mitologia-tahitiana-del-viento\/nacimiento-de-honoura\/#La-naissance-de-Honoura-Honokura\" >El nacimiento de Honorura (Honokura)<\/a><\/li><\/ul><\/nav><\/div>\n<h2 class=\"elementor-heading-title elementor-size-default\"><span class=\"ez-toc-section\" id=\"La-naissance-de-Honoura-Honokura\"><\/span>El nacimiento de Honorura (Honokura)<span class=\"ez-toc-section-end\"><\/span><\/h2>\t\t\t\t<\/div>\n\t\t\t\t<\/div>\n\t\t\t\t\t<\/div>\n\t\t<\/div>\n\t\t\t\t\t<\/div>\n\t\t<\/section>\n\t\t\t\t<section class=\"elementor-section elementor-top-section elementor-element elementor-element-744b688 elementor-section-boxed elementor-section-height-default elementor-section-height-default\" data-id=\"744b688\" data-element_type=\"section\" data-e-type=\"section\">\n\t\t\t\t\t\t<div class=\"elementor-container elementor-column-gap-default\">\n\t\t\t\t\t<div class=\"elementor-column elementor-col-100 elementor-top-column elementor-element elementor-element-ffee3bb\" data-id=\"ffee3bb\" data-element_type=\"column\" data-e-type=\"column\">\n\t\t\t<div class=\"elementor-widget-wrap elementor-element-populated\">\n\t\t\t\t\t\t<div class=\"elementor-element elementor-element-ac816ef elementor-widget elementor-widget-text-editor\" data-id=\"ac816ef\" data-element_type=\"widget\" data-e-type=\"widget\" data-widget_type=\"text-editor.default\">\n\t\t\t\t<div class=\"elementor-widget-container\">\n\t\t\t\t\t\t\t\t\t<p>En la antig\u00fcedad, el rey Teena y su esposa Rumareibau viv\u00edan en la pen\u00ednsula de Tahit\u00ed. Tuvieron un \u00fanico hijo llamado Auatoa. Creci\u00f3 sin haber ido m\u00e1s all\u00e1 de Tautira, la gran ciudad del norte de Tahit\u00ed y s\u00f3lo hab\u00eda viajado dentro del reino.<\/p><p>Cuando lleg\u00f3 a la edad adulta, fue a preguntar a sus padres: \u2013 \u00bfEstos son todos?<\/p><p>Y su padre respondi\u00f3: - No hijo m\u00edo, nuestra fenua es muy vasta, est\u00e1 rodeada por el oc\u00e9ano inmenso y m\u00e1s all\u00e1 hay multitud de otras naciones.<\/p><p>Auatoa con los ojos brillantes, sonri\u00f3 a sus padres y les dijo con voz vibrante: \u2013 \u00a1Quisiera explorar mi isla, d\u00e9jenme explorarla!<br \/>Al ver su determinaci\u00f3n, los padres supieron que hab\u00eda llegado el momento tan esperado, \u00a1su hijo se estaba abriendo al mundo!<\/p><p>Se dieron grandes ceremonias, Auatoa fue tatuado por los Arioi quienes lo iniciaron en oraciones y genealog\u00edas, y los maestros de la guerra le ense\u00f1aron el arte del combate. Se reuni\u00f3 un gran cuerpo de fieles sirvientes, valientes guerreros y sacerdotes y comenz\u00f3 el viaje de exploraci\u00f3n.<\/p><p>Se dirigieron hacia el este y los vertiginosos acantilados de Le Pari les impidieron seguir adelante. Para rendir homenaje a los dioses que custodiaban este fin del mundo, hicieron sonar el gran tambor de piedra frente al paso durante toda una noche.<\/p><p>Luego siguieron la ruta del sur, atravesando los inmensos bosques de mape y haciendo ofrendas al dios Oro en el marae de Teahupoo cuyas paredes estaban cubiertas de calaveras blanqueadas por el sol. En todas partes el oc\u00e9ano estaba al final de su camino. Auatoa finalmente condujo su tropa hacia el Oeste siguiendo el curso del sol.<\/p><p>En todas partes la tierra era f\u00e9rtil y la gente acogedora.<\/p><p>El viaje continu\u00f3 y la expedici\u00f3n lleg\u00f3 a la vista de la ciudad de Punaauia. La familia real, advertida durante mucho tiempo de su pr\u00f3xima llegada, lo recibi\u00f3 con alegr\u00eda. Ocup\u00f3 su lugar entre sus anfitriones que hab\u00edan dispuesto los grandes cuencos de umete para la ceremonia de bienvenida durante la cual todos los hombres iban a beber la kava.<\/p><p>Auatoa qued\u00f3 muy conmovido por la solemnidad del recibimiento, cuando se le acerc\u00f3 la muchacha m\u00e1s hermosa que hab\u00eda conocido. Era la joven princesa Temoreari&#039;i vahine. Se acerc\u00f3 a \u00e9l y lo salud\u00f3, frotando su nariz contra la de \u00e9l y entreg\u00e1ndole un cuenco lleno de kava, la bebida de los dioses. Este raro honor y la gracia de la princesa conmovieron su coraz\u00f3n.<\/p><p>La pasi\u00f3n era mutua y al poco tiempo decidieron casarse. La joven pareja volvi\u00f3 a vivir en la pen\u00ednsula. R\u00e1pidamente, la princesa vio crecer su barriga y la alegr\u00eda fue grande para toda la tribu al saber que el pr\u00edncipe iba a ser padre. Adivinos, astr\u00f3logos y sacerdotes eligieron un nombre para el heredero, se llamar\u00eda &quot;Honoura&quot;.<\/p><p>Por desgracia, el beb\u00e9 que naci\u00f3 estaba encerrado en su placenta y no se movi\u00f3. Su padre exclam\u00f3: - \u00a1Eso no es humano! \u00a1Debe ser enterrado!<\/p><p>Pero un esp\u00edritu invisible enviado por los dioses gru\u00f1\u00f3 solemnemente: - \u00a1Oh mortal, no entierres este sobre, depos\u00edtalo en la cueva del monte Tahuareva!<\/p><p>As\u00ed la placenta era depositada por los sacerdotes donde los dioses lo hab\u00edan ordenado.<\/p><p>Nadie supo lo que pas\u00f3 dentro de la cueva. Del sobre surgi\u00f3 un gigante de gran fuerza que pod\u00eda alargarse y encogerse a voluntad. Se alimentaba de las piedras que cubr\u00edan el suelo de su guarida y no ten\u00eda m\u00e1s compa\u00f1\u00eda que el esp\u00edritu tutelar que lo hab\u00eda salvado al nacer. Como no ten\u00eda ropa, siempre se quedaba en la cueva.<\/p><p>Durante este tiempo, sus padres tuvieron tres hermosos ni\u00f1os llamados Tai-ea, Tai-ranu y Tuma.<\/p><p>Un d\u00eda, cuando Hono&#039;ura ya era adulto, Tautu, un amigo del rey Ta&#039;ihia, fue a la cueva a rezarle al dios Ra&#039;a para que santificara una ceremonia religiosa. Descubri\u00f3 a Hono&#039;ura que no se atrev\u00eda a moverse, avergonzado de su desnudez. Tautu volvi\u00f3 para informar al rey Ta&#039;ihia. La familia qued\u00f3 asombrada. La madre de Honor&#039;ura bati\u00f3 apresuradamente un gran taparrabos. Sin atreverse a ir ellos mismos, los padres enviaron a sus tres hijos acompa\u00f1ados por gu\u00edas del rey Ta&#039;ihia para traer el taparrabos e invitar a Hono&#039;ura a ir a su casa.<\/p><p>Los visitantes saludaron a Hono&#039;ura y le ofrecieron el taparrabos y la comida. Acept\u00f3 la comida nueva para \u00e9l, pero se neg\u00f3 a unirse a ellos. Aconsejado por el esp\u00edritu, les dijo que saldr\u00eda al d\u00eda siguiente al amanecer. Los visitantes se fueron de Honorura y difundieron la noticia por todas partes.<\/p><p>Al d\u00eda siguiente se reuni\u00f3 una multitud en la llanura frente al monte Tahu&#039;a-reva. Honoro&#039;ura sali\u00f3 vestido con su taparrabos y comenz\u00f3 a crecer, crecer hasta que su cabeza estuvo por encima de las nubes que cubr\u00edan la monta\u00f1a. La gente estaba asombrada y los mensajeros de Ta&#039;ihia lo invitaron a venir al rey. Honoro&#039;ura no respondi\u00f3 y cant\u00f3 hasta el anochecer. En ese momento, redujo su tama\u00f1o y desapareci\u00f3.<\/p>\t\t\t\t\t\t\t\t<\/div>\n\t\t\t\t<\/div>\n\t\t\t\t\t<\/div>\n\t\t<\/div>\n\t\t\t\t\t<\/div>\n\t\t<\/section>\n\t\t\t\t<\/div>","protected":false},"excerpt":{"rendered":"<p>Honora, o Honokura, es un h\u00e9roe legendario de Tahit\u00ed, los Tuamotu y Rarotonga. Era \u2026 <\/p>","protected":false},"author":1,"featured_media":0,"parent":9989,"menu_order":0,"comment_status":"closed","ping_status":"closed","template":"","meta":{"footnotes":""},"class_list":["post-23859","page","type-page","status-publish","hentry"],"amp_enabled":true,"_links":{"self":[{"href":"https:\/\/mythslegendes.com\/es\/wp-json\/wp\/v2\/pages\/23859","targetHints":{"allow":["GET"]}}],"collection":[{"href":"https:\/\/mythslegendes.com\/es\/wp-json\/wp\/v2\/pages"}],"about":[{"href":"https:\/\/mythslegendes.com\/es\/wp-json\/wp\/v2\/types\/page"}],"author":[{"embeddable":true,"href":"https:\/\/mythslegendes.com\/es\/wp-json\/wp\/v2\/users\/1"}],"replies":[{"embeddable":true,"href":"https:\/\/mythslegendes.com\/es\/wp-json\/wp\/v2\/comments?post=23859"}],"version-history":[{"count":3,"href":"https:\/\/mythslegendes.com\/es\/wp-json\/wp\/v2\/pages\/23859\/revisions"}],"predecessor-version":[{"id":23866,"href":"https:\/\/mythslegendes.com\/es\/wp-json\/wp\/v2\/pages\/23859\/revisions\/23866"}],"up":[{"embeddable":true,"href":"https:\/\/mythslegendes.com\/es\/wp-json\/wp\/v2\/pages\/9989"}],"wp:attachment":[{"href":"https:\/\/mythslegendes.com\/es\/wp-json\/wp\/v2\/media?parent=23859"}],"curies":[{"name":"wp","href":"https:\/\/api.w.org\/{rel}","templated":true}]}}