{"id":23882,"date":"2022-10-15T09:08:35","date_gmt":"2022-10-15T09:08:35","guid":{"rendered":"https:\/\/mythslegendes.com\/?page_id=23882"},"modified":"2022-10-15T09:11:51","modified_gmt":"2022-10-15T09:11:51","slug":"taaroa","status":"publish","type":"page","link":"https:\/\/mythslegendes.com\/es\/mitologia-tahitiana-del-viento\/taaroa\/","title":{"rendered":"Ta&#039;aroa"},"content":{"rendered":"<div data-elementor-type=\"wp-page\" data-elementor-id=\"23882\" class=\"elementor elementor-23882\">\n\t\t\t\t\t\t<section class=\"elementor-section elementor-top-section elementor-element elementor-element-0a3b5a5 elementor-section-boxed elementor-section-height-default elementor-section-height-default\" data-id=\"0a3b5a5\" data-element_type=\"section\" data-e-type=\"section\">\n\t\t\t\t\t\t<div class=\"elementor-container elementor-column-gap-default\">\n\t\t\t\t\t<div class=\"elementor-column elementor-col-50 elementor-top-column elementor-element elementor-element-9fb8d53\" data-id=\"9fb8d53\" data-element_type=\"column\" data-e-type=\"column\">\n\t\t\t<div class=\"elementor-widget-wrap elementor-element-populated\">\n\t\t\t\t\t\t<div class=\"elementor-element elementor-element-ee0fa3b elementor-align-justify elementor-widget elementor-widget-button\" data-id=\"ee0fa3b\" data-element_type=\"widget\" data-e-type=\"widget\" data-widget_type=\"button.default\">\n\t\t\t\t<div class=\"elementor-widget-container\">\n\t\t\t\t\t\t\t\t\t<div class=\"elementor-button-wrapper\">\n\t\t\t\t\t<a class=\"elementor-button elementor-button-link elementor-size-sm\" href=\"https:\/\/mythslegendes.com\/es\/mitologia-tahitiana-del-viento\/\">\n\t\t\t\t\t\t<span class=\"elementor-button-content-wrapper\">\n\t\t\t\t\t\t\t\t\t<span class=\"elementor-button-text\">Mitolog\u00eda del viento tahitiano<\/span>\n\t\t\t\t\t<\/span>\n\t\t\t\t\t<\/a>\n\t\t\t\t<\/div>\n\t\t\t\t\t\t\t\t<\/div>\n\t\t\t\t<\/div>\n\t\t\t\t\t<\/div>\n\t\t<\/div>\n\t\t\t\t<div class=\"elementor-column elementor-col-50 elementor-top-column elementor-element elementor-element-11b9d3e\" data-id=\"11b9d3e\" data-element_type=\"column\" data-e-type=\"column\">\n\t\t\t<div class=\"elementor-widget-wrap elementor-element-populated\">\n\t\t\t\t\t\t<div class=\"elementor-element elementor-element-3019e9b elementor-align-justify elementor-widget elementor-widget-button\" data-id=\"3019e9b\" data-element_type=\"widget\" data-e-type=\"widget\" data-widget_type=\"button.default\">\n\t\t\t\t<div class=\"elementor-widget-container\">\n\t\t\t\t\t\t\t\t\t<div class=\"elementor-button-wrapper\">\n\t\t\t\t\t<a class=\"elementor-button elementor-button-link elementor-size-sm\" href=\"https:\/\/www.tahitiheritage.pf\/legende-taaroa-creation-monde\/\" target=\"_blank\" rel=\"noopener\">\n\t\t\t\t\t\t<span class=\"elementor-button-content-wrapper\">\n\t\t\t\t\t\t\t\t\t<span class=\"elementor-button-text\">Wiki<\/span>\n\t\t\t\t\t<\/span>\n\t\t\t\t\t<\/a>\n\t\t\t\t<\/div>\n\t\t\t\t\t\t\t\t<\/div>\n\t\t\t\t<\/div>\n\t\t\t\t\t<\/div>\n\t\t<\/div>\n\t\t\t\t\t<\/div>\n\t\t<\/section>\n\t\t\t\t<section class=\"elementor-section elementor-top-section elementor-element elementor-element-85fa7a1 elementor-section-boxed elementor-section-height-default elementor-section-height-default\" data-id=\"85fa7a1\" data-element_type=\"section\" data-e-type=\"section\">\n\t\t\t\t\t\t<div class=\"elementor-container elementor-column-gap-default\">\n\t\t\t\t\t<div class=\"elementor-column elementor-col-100 elementor-top-column elementor-element elementor-element-9a61374\" data-id=\"9a61374\" data-element_type=\"column\" data-e-type=\"column\">\n\t\t\t<div class=\"elementor-widget-wrap elementor-element-populated\">\n\t\t\t\t\t\t<div class=\"elementor-element elementor-element-f5b10f4 elementor-widget elementor-widget-text-editor\" data-id=\"f5b10f4\" data-element_type=\"widget\" data-e-type=\"widget\" data-widget_type=\"text-editor.default\">\n\t\t\t\t<div class=\"elementor-widget-container\">\n\t\t\t\t\t\t\t\t\t<p>Ta&#039;aroa fue el antepasado de todos los dioses polinesios. \u00c9l cre\u00f3 todo. Ta&#039;aroa permaneci\u00f3 en su caparaz\u00f3n y en la oscuridad durante milenios. La c\u00e1scara era como un huevo girando en el espacio infinito, sin cielo, sin tierra, sin mar, sin luna, sin sol, sin estrellas.<\/p><p><img decoding=\"async\" class=\"alignnone wp-image-9347 size-full\" src=\"https:\/\/mythslegendes.com\/wp-content\/uploads\/2020\/09\/cropped-AlphaOmega-e1602613368367.png\" alt=\"Ta&#039;aroa\" width=\"25\" height=\"25\" title=\"\"><\/p>\t\t\t\t\t\t\t\t<\/div>\n\t\t\t\t<\/div>\n\t\t\t\t\t<\/div>\n\t\t<\/div>\n\t\t\t\t\t<\/div>\n\t\t<\/section>\n\t\t\t\t<section class=\"elementor-section elementor-top-section elementor-element elementor-element-e3af0ba elementor-section-boxed elementor-section-height-default elementor-section-height-default\" data-id=\"e3af0ba\" data-element_type=\"section\" data-e-type=\"section\">\n\t\t\t\t\t\t<div class=\"elementor-container elementor-column-gap-default\">\n\t\t\t\t\t<div class=\"elementor-column elementor-col-100 elementor-top-column elementor-element elementor-element-1edd927\" data-id=\"1edd927\" data-element_type=\"column\" data-e-type=\"column\">\n\t\t\t<div class=\"elementor-widget-wrap elementor-element-populated\">\n\t\t\t\t\t\t<div class=\"elementor-element elementor-element-d95df96 elementor-widget elementor-widget-heading\" data-id=\"d95df96\" data-element_type=\"widget\" data-e-type=\"widget\" data-widget_type=\"heading.default\">\n\t\t\t\t<div class=\"elementor-widget-container\">\n\t\t\t\t\t<div id=\"ez-toc-container\" class=\"ez-toc-v2_0_82_2 counter-hierarchy ez-toc-counter ez-toc-grey ez-toc-container-direction\">\n<div class=\"ez-toc-title-container\">\n<p class=\"ez-toc-title\" style=\"cursor:inherit\">Contenido<\/p>\n<span class=\"ez-toc-title-toggle\"><a href=\"#\" class=\"ez-toc-pull-right ez-toc-btn ez-toc-btn-xs ez-toc-btn-default ez-toc-toggle\" aria-label=\"Alternar tabla de contenidos\"><span class=\"ez-toc-js-icon-con\"><span class=\"\"><span class=\"eztoc-hide\" style=\"display:none;\">Palanca<\/span><span class=\"ez-toc-icon-toggle-span\"><svg style=\"fill: #999;color:#999\" xmlns=\"http:\/\/www.w3.org\/2000\/svg\" class=\"list-377408\" width=\"20px\" height=\"20px\" viewbox=\"0 0 24 24\" fill=\"none\"><path d=\"M6 6H4v2h2V6zm14 0H8v2h12V6zM4 11h2v2H4v-2zm16 0H8v2h12v-2zM4 16h2v2H4v-2zm16 0H8v2h12v-2z\" fill=\"currentColor\"><\/path><\/svg><svg style=\"fill: #999;color:#999\" class=\"arrow-unsorted-368013\" xmlns=\"http:\/\/www.w3.org\/2000\/svg\" width=\"10px\" height=\"10px\" viewbox=\"0 0 24 24\" version=\"1.2\" baseprofile=\"tiny\"><path d=\"M18.2 9.3l-6.2-6.3-6.2 6.3c-.2.2-.3.4-.3.7s.1.5.3.7c.2.2.4.3.7.3h11c.3 0 .5-.1.7-.3.2-.2.3-.5.3-.7s-.1-.5-.3-.7zM5.8 14.7l6.2 6.3 6.2-6.3c.2-.2.3-.5.3-.7s-.1-.5-.3-.7c-.2-.2-.4-.3-.7-.3h-11c-.3 0-.5.1-.7.3-.2.2-.3.5-.3.7s.1.5.3.7z\"\/><\/svg><\/span><\/span><\/span><\/a><\/span><\/div>\n<nav><ul class='ez-toc-list ez-toc-list-level-1' ><li class='ez-toc-page-1 ez-toc-heading-level-2'><a class=\"ez-toc-link ez-toc-heading-1\" href=\"https:\/\/mythslegendes.com\/es\/mitologia-tahitiana-del-viento\/taaroa\/#La-Creation-du-Monde-par-Taaroa\" >La creaci\u00f3n del mundo por Ta&#039;aroa<\/a><\/li><\/ul><\/nav><\/div>\n<h2 class=\"elementor-heading-title elementor-size-default\"><span class=\"ez-toc-section\" id=\"La-Creation-du-Monde-par-Taaroa\"><\/span>La creaci\u00f3n del mundo por Ta&#039;aroa<span class=\"ez-toc-section-end\"><\/span><\/h2>\t\t\t\t<\/div>\n\t\t\t\t<\/div>\n\t\t\t\t\t<\/div>\n\t\t<\/div>\n\t\t\t\t\t<\/div>\n\t\t<\/section>\n\t\t\t\t<section class=\"elementor-section elementor-top-section elementor-element elementor-element-01b77c1 elementor-section-boxed elementor-section-height-default elementor-section-height-default\" data-id=\"01b77c1\" data-element_type=\"section\" data-e-type=\"section\">\n\t\t\t\t\t\t<div class=\"elementor-container elementor-column-gap-default\">\n\t\t\t\t\t<div class=\"elementor-column elementor-col-100 elementor-top-column elementor-element elementor-element-27192be\" data-id=\"27192be\" data-element_type=\"column\" data-e-type=\"column\">\n\t\t\t<div class=\"elementor-widget-wrap elementor-element-populated\">\n\t\t\t\t\t\t<div class=\"elementor-element elementor-element-b40a16e elementor-widget elementor-widget-text-editor\" data-id=\"b40a16e\" data-element_type=\"widget\" data-e-type=\"widget\" data-widget_type=\"text-editor.default\">\n\t\t\t\t<div class=\"elementor-widget-container\">\n\t\t\t\t\t\t\t\t\t<p>Desde tiempos inmemoriales existi\u00f3 el gran Ta&#039;aroa, Tahi-tumu (El Origen).<\/p><p>El propio Ta&#039;aroa se desarroll\u00f3 en soledad; \u00e9l era su propio padre, no teniendo padre ni madre.<\/p><p>Las formas de Ta&#039;aroa eran innumerables, \u00e9l era Ta&#039;aroa arriba, Ta&#039;aroa abajo, Ta&#039;aroa en piedra. Su casa era una de Dios, su columna vertebral era su poste central, sus costillas eran sus vigas de soporte. Estos eran los atributos de Ta&#039;aroa: Gran Ta&#039;aroa, La Verdad, Aquel que transforma la Tierra, el gran Ta&#039;aroa que puso fin a los pecados y a las fuerzas del mal. El gran fundamento Ta&#039;aroa, el gran Ta&#039;aroa de gloria ilimitada, Ta&#039;aroa de mando seguro. Ta&#039;aroa con cielo despejado.<\/p><p>Ta&#039;aroa que se propag\u00f3, Ta&#039;aroa que estuvo sobre el paso del arrecife, Ta&#039;aroa que extirp\u00f3, el gran Ta&#039;aroa&#039; cuya maldici\u00f3n signific\u00f3 muerte. Cuando maldijo la tierra fue muerte. Cuando volte\u00f3 la tierra fue la enfermedad. Cuando maldijo el mar, \u00e9ste se sec\u00f3. Cuando maldijo a los \u00e1rboles, estos se marchitaron. Innumerables eran las formas de Ta&#039;aroa, pero s\u00f3lo hab\u00eda un Ta&#039;aroa arriba, abajo y en la Oscuridad. Ta&#039;aroa permaneci\u00f3 en su caparaz\u00f3n y en la oscuridad durante millones de a\u00f1os.<\/p><p>La c\u00e1scara era como un huevo girando en el espacio infinito, sin cielo, sin tierra, sin mar, sin luna, sin sol, sin estrellas. Todo estaba en Oscuridad, era una oscuridad espesa y permanente. Rumia (Molesto) era el nombre de este caparaz\u00f3n Ta&#039;aroa.<\/p><p>Ta&#039;aroa estaba completamente solo en su caparaz\u00f3n. No ten\u00eda padre, madre, hermano o hermana mayor. No hab\u00eda personas, ni animales, ni p\u00e1jaros, ni perros, pero estaban Ta&#039;aroa y \u00e9l solos. All\u00ed estaba el espacio del cielo. Estaba el espacio de la tierra, estaba el espacio del oc\u00e9ano, estaba el espacio del agua dulce.<\/p><p>Pero al final Ta&#039;aroa le dio un golpe a su caparaz\u00f3n que provoc\u00f3 una grieta similar a una abertura para las hormigas. Luego sali\u00f3 y se par\u00f3 sobre su caparaz\u00f3n, mir\u00f3 su caparaz\u00f3n y descubri\u00f3 que estaba solo. No se o\u00eda ning\u00fan sonido, afuera la oscuridad era total.<\/p><p>Y grit\u00f3: &quot;\u00bfQui\u00e9n est\u00e1 ah\u00ed arriba, oh?&quot; &quot; Sin respuesta. &quot;\u00bfQui\u00e9n est\u00e1 ah\u00ed abajo?&quot; &quot;. Sin respuesta. \u201c\u00bfQui\u00e9n est\u00e1 delante, oh?\u201d &quot;. Sin respuesta. &quot;\u00bfQui\u00e9n est\u00e1 ah\u00ed atr\u00e1s?&quot; &quot;. Sin respuesta. Se escuch\u00f3 el eco de su propia voz y eso fue todo.<\/p><p>Y Ta&#039;aroa grit\u00f3 \u201c\u00a1Oh! espacio para dos, \u00a1Oh! espacio para multitudes. Oh ! espacio para la tierra que se extiende mucho arriba y abajo\u201d. Luego nad\u00f3 hacia un espacio sin tierra. Nad\u00f3 muy arriba y muy abajo, luego regres\u00f3 a Tumu-iti (Peque\u00f1a fundaci\u00f3n) a Fa&#039;aiti (Peque\u00f1o valle) dentro de su caparaz\u00f3n y permaneci\u00f3 all\u00ed bastante confinado y en la espesa oscuridad.<\/p><p>Al final, Ta&#039;aroa se cans\u00f3 de este caparaz\u00f3n y, saliendo de uno nuevo, se par\u00f3 en el viejo caparaz\u00f3n de Rumia. Y tom\u00f3 su nueva coraza para el gran fundamento del mundo, para la roca estratificada y para la tierra del mundo. Y el caparaz\u00f3n, Rumia, que abri\u00f3 primero, se convirti\u00f3 en su hogar, la c\u00fapula del cielo de los Dioses, que era un cielo confinado que luego encerraba al mundo en formaci\u00f3n.<\/p><p>Entonces Ta&#039;aroa permaneci\u00f3 en el cielo confinado en total oscuridad e ignor\u00f3 la luz externa y as\u00ed se convirti\u00f3 en un hombre joven. Pero aqu\u00ed est\u00e1n los nombres de los personajes que fueron en s\u00ed mismos memoria, pensamiento, mirada fija y observaci\u00f3n, estos personajes conocieron la Tierra. \u00bfQui\u00e9n le dio su nombre a este ni\u00f1o, Ta&#039;aroa? Se llam\u00f3 a s\u00ed mismo Ta&#039;aroa.<\/p><p>Creci\u00f3 y madur\u00f3, pero \u00a1qu\u00e9 grande era Ta&#039;aroa! \u00bfQu\u00e9 clase de dioses eran todos los dem\u00e1s? Eran s\u00f3lo dioses menores y tributarios.<\/p><p>Todas las cosas existieron a trav\u00e9s de Ta&#039;aroa. La tormenta, la lluvia, el mar estaban en la palma de su mano.<\/p><p>Ta&#039;aroa hizo el gran fundamento de la tierra para que \u00e9l fuera el esposo y la roca estratificada para que \u00e9l fuera la esposa. Haruru-ru-papa (Roca Resonante) era el nombre de esta fundaci\u00f3n y \u00e9l trajo su esp\u00edritu, que era la esencia de s\u00ed mismo, a ella y la llam\u00f3 Ta&#039;aroa-nui-Tumu-tahi (Gran Fundaci\u00f3n). Ta&#039;aroa proclam\u00f3 rey a Tumu-nui (Gran Fundaci\u00f3n), pero Tumu-iti lo proclam\u00f3 rey sin reino.<\/p><p>Et Ta&#039;aroa dit \u00ab Oh Tumu-nui rampe ici, comme un mari, pour \u00e9pouser cette femme Papa-raharaha \u00bb (Roc stratifi\u00e9) Tumu-nui r\u00e9pondit d&#039;une voix perceptible \u00ab Je ne ramperai pas l\u00e0, je suis la fondation pour el mundo &quot;.<\/p><p>Entonces Ta&#039;aroa dijo: &quot;Oye, Papa-raharaha se arrastra hasta aqu\u00ed para casarse con este marido, Tumu-nui&quot;. Esta roca ten\u00eda una voz real cuando respondi\u00f3: &quot;No me arrastrar\u00e9 hasta all\u00ed&quot;. Yo soy la roca estratificada de la tierra\u201d. Ninguno se movi\u00f3.<\/p><p>Ta&#039;aroa permaneci\u00f3 durante siglos dentro del cielo confinado Rumia, cre\u00f3 a los Dioses, y los Dioses le nacieron en la oscuridad. Por esta raz\u00f3n el cielo fue llamado el cielo de los Dioses.<\/p><p>Cuando Ta&#039;aroa permaneci\u00f3 dentro y gir\u00f3 su rostro para invocar a la Oscuridad, fue para crear a los Dioses.<\/p><p>Fue mucho m\u00e1s tarde cuando se cre\u00f3 el hombre. Estabas con Ta&#039;aroa cuando cre\u00f3 al hombre.<\/p><p>Cuando Ta&#039;aroa sacudi\u00f3 sus plumas, se convirtieron en \u00e1rboles, racimos de pl\u00e1tanos y verdor en la tierra.<\/p><p>Cuando la tierra se hizo tierra y se hizo firme, el gran pulpo, Tumu-ra&#039;i-fenua (Fundamento del cielo terrenal) se aferraba a ella; un tent\u00e1culo estaba en el Norte, otro en el Sur, otro en el Este, otro en el Oeste. Sostuvieron el cielo contra la tierra.<\/p><p>Todo pertenec\u00eda a Ta&#039;aroa.<\/p>\t\t\t\t\t\t\t\t<\/div>\n\t\t\t\t<\/div>\n\t\t\t\t\t<\/div>\n\t\t<\/div>\n\t\t\t\t\t<\/div>\n\t\t<\/section>\n\t\t\t\t<\/div>","protected":false},"excerpt":{"rendered":"<p>Wiki Mitolog\u00eda del viento tahitiano Ta&#039;aroa fue el antepasado de todos los dioses polinesios. \u00c9l cre\u00f3 todo. Ta&#039;aroa se par\u00f3 en... <\/p>","protected":false},"author":1,"featured_media":0,"parent":9989,"menu_order":0,"comment_status":"closed","ping_status":"closed","template":"","meta":{"footnotes":""},"class_list":["post-23882","page","type-page","status-publish","hentry"],"amp_enabled":true,"_links":{"self":[{"href":"https:\/\/mythslegendes.com\/es\/wp-json\/wp\/v2\/pages\/23882","targetHints":{"allow":["GET"]}}],"collection":[{"href":"https:\/\/mythslegendes.com\/es\/wp-json\/wp\/v2\/pages"}],"about":[{"href":"https:\/\/mythslegendes.com\/es\/wp-json\/wp\/v2\/types\/page"}],"author":[{"embeddable":true,"href":"https:\/\/mythslegendes.com\/es\/wp-json\/wp\/v2\/users\/1"}],"replies":[{"embeddable":true,"href":"https:\/\/mythslegendes.com\/es\/wp-json\/wp\/v2\/comments?post=23882"}],"version-history":[{"count":3,"href":"https:\/\/mythslegendes.com\/es\/wp-json\/wp\/v2\/pages\/23882\/revisions"}],"predecessor-version":[{"id":23887,"href":"https:\/\/mythslegendes.com\/es\/wp-json\/wp\/v2\/pages\/23882\/revisions\/23887"}],"up":[{"embeddable":true,"href":"https:\/\/mythslegendes.com\/es\/wp-json\/wp\/v2\/pages\/9989"}],"wp:attachment":[{"href":"https:\/\/mythslegendes.com\/es\/wp-json\/wp\/v2\/media?parent=23882"}],"curies":[{"name":"wp","href":"https:\/\/api.w.org\/{rel}","templated":true}]}}